{"id":18377,"date":"2024-03-01T16:59:35","date_gmt":"2024-03-01T15:59:35","guid":{"rendered":"https:\/\/u15jnbdpoq.preview.infomaniak.website\/produit\/kulinarische-basis-gemuesebruehe-900-gr\/"},"modified":"2026-04-29T02:10:48","modified_gmt":"2026-04-29T00:10:48","slug":"kulinarische-basis-gemuesebruehe-900-gr","status":"publish","type":"product","link":"https:\/\/www.csj-emballages.com\/de\/produit\/kulinarische-basis-gemuesebruehe-900-gr\/","title":{"rendered":"Kulinarische Basis Gem\u00fcsebr\u00fche 900 gr"},"content":{"rendered":"<h2>Gem\u00fcsebr\u00fche<\/h2>\n<hr>\n<h3>Beschreibung unserer Gem\u00fcsebr\u00fche 900 gr  <!--more--><\/h3>\n<p class=\"\" data-start=\"226\" data-end=\"564\">Hier ist ein Must-have f\u00fcr Profi- und Haushaltsk\u00fcchen: die <strong>kulinarische Basis Gem\u00fcsebr\u00fche<\/strong> im <strong>900-Gramm-Format<\/strong>. Diese konzentrierte pflanzliche <strong>Basis<\/strong> wurde entwickelt, um den Anspr\u00fcchen von K\u00fcchenchefs und -liebhabern gerecht zu werden. Sie ist ideal, um Ihren Gerichten im Handumdrehen Geschmack zu verleihen, ohne Kompromisse bei der Qualit\u00e4t einzugehen. Sie ist praktisch und schmackhaft und erm\u00f6glicht die schnelle Zubereitung einer ausgewogenen <strong>Br\u00fche<\/strong>, die reich an nat\u00fcrlichen Aromen sorgf\u00e4ltig ausgew\u00e4hlter Gem\u00fcsesorten ist. Ob f\u00fcr eine Suppe, eine Sauce, ein Risotto oder um den Geschmack Ihrer Dampfgarer zu verst\u00e4rken, diese <strong>Br\u00fche<\/strong> ist eine zuverl\u00e4ssige und effiziente L\u00f6sung, um in der K\u00fcche Zeit zu sparen und gleichzeitig ein professionelles Ergebnis zu erzielen.   <\/p>\n<p class=\"\" data-start=\"944\" data-end=\"1302\">Seine past\u00f6se Textur erleichtert die Dosierung: Sie m\u00fcssen nur eine kleine Menge in hei\u00dfem Wasser aufl\u00f6sen, um eine wohlriechende <strong>Br\u00fche<\/strong> zu erhalten. Dank seiner langen Haltbarkeit und der gro\u00dfz\u00fcgigen Verpackung von <strong>900 g<\/strong> eignet sich dieses Produkt perfekt f\u00fcr Restaurants, Cateringunternehmen, \u00f6ffentliche Einrichtungen oder auch Privatpersonen, die gerne in gro\u00dfen Mengen kochen. <\/p>\n<p class=\"\" data-start=\"1304\" data-end=\"1475\">Er besteht aus hochwertigen Zutaten ohne k\u00fcnstliche Geschmacksverst\u00e4rker, respektiert den nat\u00fcrlichen Geschmack und bietet Ihnen gleichzeitig eine stabile und beherrschbare kulinarische Grundlage.<\/p>\n<p><!--more--><\/p>\n<div class=\"flex flex-grow flex-col max-w-full\">\n<div class=\"min-h-[20px] text-message flex flex-col items-start whitespace-pre-wrap break-words [.text-message+&amp;]:mt-5 juice:w-full juice:items-end overflow-x-auto gap-2\" dir=\"auto\" data-message-author-role=\"assistant\" data-message-id=\"579bfb50-fb6c-479d-a152-27ab4b509f37\">\n<div class=\"flex w-full flex-col gap-1 juice:empty:hidden juice:first:pt-[3px]\">\n<div class=\"markdown prose w-full break-words dark:prose-invert light\">\n<div class=\"flex-1 overflow-hidden\">\n<div class=\"react-scroll-to-bottom--css-ygaxm-79elbk h-full\">\n<div class=\"react-scroll-to-bottom--css-ygaxm-1n7m0yu\">\n<div class=\"flex flex-col text-sm md:pb-9\">\n<div class=\"w-full text-token-text-primary\" dir=\"auto\" data-testid=\"conversation-turn-3\" data-scroll-anchor=\"true\">\n<div class=\"py-2 juice:py-[18px] px-3 text-base md:px-4 m-auto md:px-5 lg:px-1 xl:px-5\">\n<div class=\"mx-auto flex flex-1 gap-3 text-base juice:gap-4 juice:md:gap-5 juice:lg:gap-6 md:max-w-3xl lg:max-w-[40rem] xl:max-w-[48rem]\">\n<div class=\"group\/conversation-turn relative flex w-full min-w-0 flex-col agent-turn\">\n<div class=\"flex-col gap-1 md:gap-3\">\n<div class=\"flex flex-grow flex-col max-w-full\">\n<div class=\"min-h-[20px] text-message flex flex-col items-start whitespace-pre-wrap break-words [.text-message+&amp;]:mt-5 juice:w-full juice:items-end overflow-x-auto gap-2\" dir=\"auto\" data-message-author-role=\"assistant\" data-message-id=\"2fe0f070-0589-4d8f-991f-f185baabe147\">\n<div class=\"flex w-full flex-col gap-1 juice:empty:hidden juice:first:pt-[3px]\">\n<div class=\"markdown prose w-full break-words dark:prose-invert light\">\n<h4>Seine Vorteile :<\/h4>\n<ul>\n<li>Nat\u00fcrliche Gem\u00fcsearomen, ohne unn\u00f6tige Zusatzstoffe.<\/li>\n<li><strong>Praktisch<\/strong>: einfach zu dosieren und zu verd\u00fcnnen.<\/li>\n<li>Spart Zeit in der K\u00fcche, ohne den Geschmack zu beeintr\u00e4chtigen.<\/li>\n<li>Konstante und professionelle Qualit\u00e4t.<\/li>\n<li>Diese Basis f\u00fcr Gem\u00fcsebr\u00fche ist leicht zu dosieren und aufzubewahren.<\/li>\n<li>Ideal f\u00fcr So\u00dfen, Suppen, Koch- oder Schmorgerichte.<\/li>\n<\/ul>\n<\/div>\n<div class=\"markdown prose w-full break-words dark:prose-invert light\">\n<p>&nbsp;<\/p>\n<\/div>\n<\/div>\n<\/div>\n<\/div>\n<\/div>\n<\/div>\n<\/div>\n<\/div>\n<\/div>\n<\/div>\n<\/div>\n<\/div>\n<\/div>\n<\/div>\n<\/div>\n<\/div>\n<\/div>\n<p><!--more--><\/p>\n<p><strong>Dosierung<\/strong>: 30 g pro Liter Wasser<\/p>\n<p>&nbsp;<\/p>\n<p><!--more--><\/p>\n<p><span style=\"color: #e3ab00; font-weight: bold;\">Zusammensetzung<\/span>: Glukosesirup, Salz, Geschmacksverst\u00e4rker E-621 (24%), getrocknetes Gem\u00fcse (10%) (Zwiebeln, Tomaten, Lauch, Knoblauch), modifizierte St\u00e4rke (<span style=\"font-size: 16px;\">Mais), Aroma, Gew\u00fcrze, Hefeextrakt, Stabilisator E-415. Enth\u00e4lt keine Allergene als Zutaten<\/span><\/p>\n<p>&nbsp;<\/p>\n<p><!--more--><\/p>\n<p><span style=\"color: #1882ed; font-weight: bold;\">Besch\u00e4ftigung<\/span>:<\/p>\n<ol>\n<li>Verd\u00fcnnen Sie die angegebene Menge in kaltem Wasser.<\/li>\n<li>Mit dem Schneebesen verr\u00fchren, bis alles gleichm\u00e4\u00dfig verteilt ist<\/li>\n<li>5 Minuten lang aufkochen, bis es sich vollst\u00e4ndig aufgel\u00f6st hat<\/li>\n<li>Vom Herd nehmen und nach Bedarf verwenden.<\/li>\n<\/ol>\n<p>&nbsp;<\/p>\n<p><!--more--><\/p>\n<div class=\"flex flex-grow flex-col max-w-full\">\n<div class=\"min-h-[20px] text-message flex flex-col items-start whitespace-pre-wrap break-words [.text-message+&amp;]:mt-5 juice:w-full juice:items-end overflow-x-auto gap-2\" dir=\"auto\" data-message-author-role=\"assistant\" data-message-id=\"579bfb50-fb6c-479d-a152-27ab4b509f37\">\n<div class=\"flex w-full flex-col gap-1 juice:empty:hidden juice:first:pt-[3px]\">\n<div class=\"markdown prose w-full break-words dark:prose-invert light\">\n<div class=\"flex-1 overflow-hidden\">\n<div class=\"react-scroll-to-bottom--css-ygaxm-79elbk h-full\">\n<div class=\"react-scroll-to-bottom--css-ygaxm-1n7m0yu\">\n<div class=\"flex flex-col text-sm md:pb-9\">\n<div class=\"w-full text-token-text-primary\" dir=\"auto\" data-testid=\"conversation-turn-3\" data-scroll-anchor=\"true\">\n<div class=\"py-2 juice:py-[18px] px-3 text-base md:px-4 m-auto md:px-5 lg:px-1 xl:px-5\">\n<div class=\"mx-auto flex flex-1 gap-3 text-base juice:gap-4 juice:md:gap-5 juice:lg:gap-6 md:max-w-3xl lg:max-w-[40rem] xl:max-w-[48rem]\">\n<div class=\"group\/conversation-turn relative flex w-full min-w-0 flex-col agent-turn\">\n<div class=\"flex-col gap-1 md:gap-3\">\n<div class=\"flex flex-grow flex-col max-w-full\">\n<div class=\"min-h-[20px] text-message flex flex-col items-start whitespace-pre-wrap break-words [.text-message+&amp;]:mt-5 juice:w-full juice:items-end overflow-x-auto gap-2\" dir=\"auto\" data-message-author-role=\"assistant\" data-message-id=\"2fe0f070-0589-4d8f-991f-f185baabe147\">\n<div class=\"flex w-full flex-col gap-1 juice:empty:hidden juice:first:pt-[3px]\">\n<div class=\"markdown prose w-full break-words dark:prose-invert light\">\n<h4>Weitere Informationen :<\/h4>\n<ul>\n<li><strong>Verpackung<\/strong>: Eimer mit 800 g<\/li>\n<li><strong>Art<\/strong>: Kulinarische Grundlage Gem\u00fcsebr\u00fche<\/li>\n<\/ul>\n<\/div>\n<\/div>\n<\/div>\n<\/div>\n<\/div>\n<\/div>\n<\/div>\n<\/div>\n<\/div>\n<\/div>\n<\/div>\n<\/div>\n<\/div>\n<p>&nbsp;<\/p>\n<\/div>\n<\/div>\n<\/div>\n<\/div>\n<p><!--more--><\/p>\n<p>Entdecken Sie hier unsere Basis f\u00fcr Gefl\u00fcgelbr\u00fche : <span style=\"color: #d12727;\"><a style=\"color: #d12727;\" href=\"https:\/\/www.csj-emballages.com\/es\/produit\/base-culinaria-caldo-de-pollo-900-gr\/\">10565<\/a><\/span><\/p>\n<p>&nbsp;<\/p>\n<p><!--more--><\/p>\n<p><a href=\"https:\/\/www.csj-emballages.com\/de\/categorie-produit\/lebensmittel\/kulinarische-grundlagen-fonds\/\">Sehen Sie sich den Rest unseres Sortiments an kulinarischen Grundlagen \/ Fonds an<\/a><\/p>\n","protected":false},"excerpt":{"rendered":"<p>Gem\u00fcsebr\u00fche Beschreibung unserer Gem\u00fcsebr\u00fche 900 gr<\/p>\n","protected":false},"featured_media":231089,"template":"","meta":{"_acf_changed":false},"product_brand":[],"product_cat":[1144,1864],"product_tag":[],"class_list":{"0":"post-18377","1":"product","2":"type-product","3":"status-publish","4":"has-post-thumbnail","6":"product_cat-lebensmittel","7":"product_cat-kulinarische-grundlagen-fonds","9":"first","10":"instock","11":"taxable","12":"shipping-taxable","13":"purchasable","14":"product-type-simple"},"acf":[],"yoast_head":"<!-- This site is optimized with the Yoast SEO Premium plugin v26.6 (Yoast SEO v26.6) - https:\/\/yoast.com\/wordpress\/plugins\/seo\/ -->\n<title>Gem\u00fcsebr\u00fche Basis 900 gr<\/title>\n<meta name=\"description\" content=\"Gem\u00fcsebr\u00fche-Paste 900 g: Eine schmackhafte und praktische kulinarische Grundlage, ideal f\u00fcr Gastronomen und Alltagsk\u00f6che.\" \/>\n<meta name=\"robots\" content=\"index, follow, max-snippet:-1, max-image-preview:large, max-video-preview:-1\" \/>\n<link rel=\"canonical\" href=\"https:\/\/www.csj-emballages.com\/de\/produit\/kulinarische-basis-gemuesebruehe-900-gr\/\" \/>\n<meta property=\"og:locale\" content=\"de_DE\" \/>\n<meta property=\"og:type\" content=\"article\" \/>\n<meta property=\"og:title\" content=\"Kulinarische Basis Gem\u00fcsebr\u00fche 900 gr\" \/>\n<meta property=\"og:description\" content=\"Gem\u00fcsebr\u00fche-Paste 900 g: Eine schmackhafte und praktische kulinarische Grundlage, ideal f\u00fcr Gastronomen und Alltagsk\u00f6che.\" \/>\n<meta property=\"og:url\" content=\"https:\/\/www.csj-emballages.com\/de\/produit\/kulinarische-basis-gemuesebruehe-900-gr\/\" \/>\n<meta property=\"og:site_name\" content=\"CSJ Emballages\" \/>\n<meta property=\"article:publisher\" content=\"https:\/\/www.facebook.com\/csjemballages\" \/>\n<meta property=\"article:modified_time\" content=\"2026-04-29T00:10:48+00:00\" \/>\n<meta property=\"og:image\" content=\"https:\/\/www.csj-emballages.com\/wp-content\/uploads\/2024\/03\/Base-bouillon-de-legumes.webp\" \/>\n\t<meta property=\"og:image:width\" content=\"800\" \/>\n\t<meta property=\"og:image:height\" content=\"800\" \/>\n\t<meta property=\"og:image:type\" content=\"image\/webp\" \/>\n<meta name=\"twitter:card\" content=\"summary_large_image\" \/>\n<meta name=\"twitter:label1\" content=\"Gesch\u00e4tzte Lesezeit\" \/>\n\t<meta name=\"twitter:data1\" content=\"2 Minuten\" \/>\n<script type=\"application\/ld+json\" class=\"yoast-schema-graph\">{\"@context\":\"https:\/\/schema.org\",\"@graph\":[{\"@type\":\"WebPage\",\"@id\":\"https:\/\/www.csj-emballages.com\/de\/produit\/kulinarische-basis-gemuesebruehe-900-gr\/\",\"url\":\"https:\/\/www.csj-emballages.com\/de\/produit\/kulinarische-basis-gemuesebruehe-900-gr\/\",\"name\":\"Gem\u00fcsebr\u00fche Basis 900 gr\",\"isPartOf\":{\"@id\":\"https:\/\/www.csj-emballages.com\/de\/#website\"},\"primaryImageOfPage\":{\"@id\":\"https:\/\/www.csj-emballages.com\/de\/produit\/kulinarische-basis-gemuesebruehe-900-gr\/#primaryimage\"},\"image\":{\"@id\":\"https:\/\/www.csj-emballages.com\/de\/produit\/kulinarische-basis-gemuesebruehe-900-gr\/#primaryimage\"},\"thumbnailUrl\":\"https:\/\/www.csj-emballages.com\/wp-content\/uploads\/2024\/03\/Base-bouillon-de-legumes.webp\",\"datePublished\":\"2024-03-01T15:59:35+00:00\",\"dateModified\":\"2026-04-29T00:10:48+00:00\",\"description\":\"Gem\u00fcsebr\u00fche-Paste 900 g: Eine schmackhafte und praktische kulinarische Grundlage, ideal f\u00fcr Gastronomen und Alltagsk\u00f6che.\",\"breadcrumb\":{\"@id\":\"https:\/\/www.csj-emballages.com\/de\/produit\/kulinarische-basis-gemuesebruehe-900-gr\/#breadcrumb\"},\"inLanguage\":\"de\",\"potentialAction\":[{\"@type\":\"ReadAction\",\"target\":[\"https:\/\/www.csj-emballages.com\/de\/produit\/kulinarische-basis-gemuesebruehe-900-gr\/\"]}]},{\"@type\":\"ImageObject\",\"inLanguage\":\"de\",\"@id\":\"https:\/\/www.csj-emballages.com\/de\/produit\/kulinarische-basis-gemuesebruehe-900-gr\/#primaryimage\",\"url\":\"https:\/\/www.csj-emballages.com\/wp-content\/uploads\/2024\/03\/Base-bouillon-de-legumes.webp\",\"contentUrl\":\"https:\/\/www.csj-emballages.com\/wp-content\/uploads\/2024\/03\/Base-bouillon-de-legumes.webp\",\"width\":800,\"height\":800,\"caption\":\"bouillon de l\u00e9gumes\"},{\"@type\":\"BreadcrumbList\",\"@id\":\"https:\/\/www.csj-emballages.com\/de\/produit\/kulinarische-basis-gemuesebruehe-900-gr\/#breadcrumb\",\"itemListElement\":[{\"@type\":\"ListItem\",\"position\":1,\"name\":\"Accueil\",\"item\":\"https:\/\/www.csj-emballages.com\/de\/universum-lebensmittelverpackungen\/\"},{\"@type\":\"ListItem\",\"position\":2,\"name\":\"Shop\",\"item\":\"https:\/\/www.csj-emballages.com\/shop\/\"},{\"@type\":\"ListItem\",\"position\":3,\"name\":\"Kulinarische Basis Gem\u00fcsebr\u00fche 900 gr\"}]},{\"@type\":\"WebSite\",\"@id\":\"https:\/\/www.csj-emballages.com\/de\/#website\",\"url\":\"https:\/\/www.csj-emballages.com\/de\/\",\"name\":\"CSJ Emballages\",\"description\":\"\",\"publisher\":{\"@id\":\"https:\/\/www.csj-emballages.com\/de\/#organization\"},\"potentialAction\":[{\"@type\":\"SearchAction\",\"target\":{\"@type\":\"EntryPoint\",\"urlTemplate\":\"https:\/\/www.csj-emballages.com\/de\/?s={search_term_string}\"},\"query-input\":{\"@type\":\"PropertyValueSpecification\",\"valueRequired\":true,\"valueName\":\"search_term_string\"}}],\"inLanguage\":\"de\"},{\"@type\":\"Organization\",\"@id\":\"https:\/\/www.csj-emballages.com\/de\/#Organization\/\",\"name\":\"CSJ Emballages\",\"url\":\"https:\/\/www.csj-emballages.com\/de\/\",\"logo\":{\"@type\":\"ImageObject\",\"inLanguage\":\"de\",\"@id\":\"https:\/\/www.csj-emballages.com\/de\/#\/schema\/logo\/image\/\",\"url\":\"https:\/\/www.csj-emballages.com\/wp-content\/uploads\/2023\/10\/logo_csj.webp\",\"contentUrl\":\"https:\/\/www.csj-emballages.com\/wp-content\/uploads\/2023\/10\/logo_csj.webp\",\"width\":250,\"height\":95,\"caption\":\"CSJ Emballages\"},\"image\":{\"@id\":\"https:\/\/www.csj-emballages.com\/de\/#\/schema\/logo\/image\/\"},\"sameAs\":[\"https:\/\/www.facebook.com\/csjemballages\"],\"address\":{\"@type\":\"PostalAddress\",\"streetAddress\":\"ZI La Lechere\",\"addressLocality\":\"Patornay\",\"postalCode\":\"39130\",\"addressCountry\":\"FR\"},\"contactPoint\":[{\"@type\":\"ContactPoint\",\"contactType\":\"Service client\",\"telephone\":\"0384254272\",\"email\":\"contact@csj-emballages.com\"}]}]}<\/script>\n<!-- \/ Yoast SEO Premium plugin. -->","yoast_head_json":{"title":"Gem\u00fcsebr\u00fche Basis 900 gr","description":"Gem\u00fcsebr\u00fche-Paste 900 g: Eine schmackhafte und praktische kulinarische Grundlage, ideal f\u00fcr Gastronomen und Alltagsk\u00f6che.","robots":{"index":"index","follow":"follow","max-snippet":"max-snippet:-1","max-image-preview":"max-image-preview:large","max-video-preview":"max-video-preview:-1"},"canonical":"https:\/\/www.csj-emballages.com\/de\/produit\/kulinarische-basis-gemuesebruehe-900-gr\/","og_locale":"de_DE","og_type":"article","og_title":"Kulinarische Basis Gem\u00fcsebr\u00fche 900 gr","og_description":"Gem\u00fcsebr\u00fche-Paste 900 g: Eine schmackhafte und praktische kulinarische Grundlage, ideal f\u00fcr Gastronomen und Alltagsk\u00f6che.","og_url":"https:\/\/www.csj-emballages.com\/de\/produit\/kulinarische-basis-gemuesebruehe-900-gr\/","og_site_name":"CSJ Emballages","article_publisher":"https:\/\/www.facebook.com\/csjemballages","article_modified_time":"2026-04-29T00:10:48+00:00","og_image":[{"width":800,"height":800,"url":"https:\/\/www.csj-emballages.com\/wp-content\/uploads\/2024\/03\/Base-bouillon-de-legumes.webp","type":"image\/webp"}],"twitter_card":"summary_large_image","twitter_misc":{"Gesch\u00e4tzte Lesezeit":"2 Minuten"},"schema":{"@context":"https:\/\/schema.org","@graph":[{"@type":"WebPage","@id":"https:\/\/www.csj-emballages.com\/de\/produit\/kulinarische-basis-gemuesebruehe-900-gr\/","url":"https:\/\/www.csj-emballages.com\/de\/produit\/kulinarische-basis-gemuesebruehe-900-gr\/","name":"Gem\u00fcsebr\u00fche Basis 900 gr","isPartOf":{"@id":"https:\/\/www.csj-emballages.com\/de\/#website"},"primaryImageOfPage":{"@id":"https:\/\/www.csj-emballages.com\/de\/produit\/kulinarische-basis-gemuesebruehe-900-gr\/#primaryimage"},"image":{"@id":"https:\/\/www.csj-emballages.com\/de\/produit\/kulinarische-basis-gemuesebruehe-900-gr\/#primaryimage"},"thumbnailUrl":"https:\/\/www.csj-emballages.com\/wp-content\/uploads\/2024\/03\/Base-bouillon-de-legumes.webp","datePublished":"2024-03-01T15:59:35+00:00","dateModified":"2026-04-29T00:10:48+00:00","description":"Gem\u00fcsebr\u00fche-Paste 900 g: Eine schmackhafte und praktische kulinarische Grundlage, ideal f\u00fcr Gastronomen und Alltagsk\u00f6che.","breadcrumb":{"@id":"https:\/\/www.csj-emballages.com\/de\/produit\/kulinarische-basis-gemuesebruehe-900-gr\/#breadcrumb"},"inLanguage":"de","potentialAction":[{"@type":"ReadAction","target":["https:\/\/www.csj-emballages.com\/de\/produit\/kulinarische-basis-gemuesebruehe-900-gr\/"]}]},{"@type":"ImageObject","inLanguage":"de","@id":"https:\/\/www.csj-emballages.com\/de\/produit\/kulinarische-basis-gemuesebruehe-900-gr\/#primaryimage","url":"https:\/\/www.csj-emballages.com\/wp-content\/uploads\/2024\/03\/Base-bouillon-de-legumes.webp","contentUrl":"https:\/\/www.csj-emballages.com\/wp-content\/uploads\/2024\/03\/Base-bouillon-de-legumes.webp","width":800,"height":800,"caption":"bouillon de l\u00e9gumes"},{"@type":"BreadcrumbList","@id":"https:\/\/www.csj-emballages.com\/de\/produit\/kulinarische-basis-gemuesebruehe-900-gr\/#breadcrumb","itemListElement":[{"@type":"ListItem","position":1,"name":"Accueil","item":"https:\/\/www.csj-emballages.com\/de\/universum-lebensmittelverpackungen\/"},{"@type":"ListItem","position":2,"name":"Shop","item":"https:\/\/www.csj-emballages.com\/shop\/"},{"@type":"ListItem","position":3,"name":"Kulinarische Basis Gem\u00fcsebr\u00fche 900 gr"}]},{"@type":"WebSite","@id":"https:\/\/www.csj-emballages.com\/de\/#website","url":"https:\/\/www.csj-emballages.com\/de\/","name":"CSJ Emballages","description":"","publisher":{"@id":"https:\/\/www.csj-emballages.com\/de\/#organization"},"potentialAction":[{"@type":"SearchAction","target":{"@type":"EntryPoint","urlTemplate":"https:\/\/www.csj-emballages.com\/de\/?s={search_term_string}"},"query-input":{"@type":"PropertyValueSpecification","valueRequired":true,"valueName":"search_term_string"}}],"inLanguage":"de"},{"@type":"Organization","@id":"https:\/\/www.csj-emballages.com\/de\/#Organization\/","name":"CSJ Emballages","url":"https:\/\/www.csj-emballages.com\/de\/","logo":{"@type":"ImageObject","inLanguage":"de","@id":"https:\/\/www.csj-emballages.com\/de\/#\/schema\/logo\/image\/","url":"https:\/\/www.csj-emballages.com\/wp-content\/uploads\/2023\/10\/logo_csj.webp","contentUrl":"https:\/\/www.csj-emballages.com\/wp-content\/uploads\/2023\/10\/logo_csj.webp","width":250,"height":95,"caption":"CSJ Emballages"},"image":{"@id":"https:\/\/www.csj-emballages.com\/de\/#\/schema\/logo\/image\/"},"sameAs":["https:\/\/www.facebook.com\/csjemballages"],"address":{"@type":"PostalAddress","streetAddress":"ZI La Lechere","addressLocality":"Patornay","postalCode":"39130","addressCountry":"FR"},"contactPoint":[{"@type":"ContactPoint","contactType":"Service client","telephone":"0384254272","email":"contact@csj-emballages.com"}]}]}},"df_price":8.26,"df_sale_price":"","df_regular_price":8.26,"df_image_link":"https:\/\/www.csj-emballages.com\/wp-content\/uploads\/2024\/03\/Base-bouillon-de-legumes-300x300.webp","tiered_pricing_type":"fixed","tiered_pricing_fixed_rules":[],"tiered_pricing_percentage_rules":[],"tiered_pricing_minimum":1,"tiered_pricing_roles_data":[],"_links":{"self":[{"href":"https:\/\/www.csj-emballages.com\/de\/wp-json\/wp\/v2\/product\/18377","targetHints":{"allow":["GET"]}}],"collection":[{"href":"https:\/\/www.csj-emballages.com\/de\/wp-json\/wp\/v2\/product"}],"about":[{"href":"https:\/\/www.csj-emballages.com\/de\/wp-json\/wp\/v2\/types\/product"}],"wp:featuredmedia":[{"embeddable":true,"href":"https:\/\/www.csj-emballages.com\/de\/wp-json\/wp\/v2\/media\/231089"}],"wp:attachment":[{"href":"https:\/\/www.csj-emballages.com\/de\/wp-json\/wp\/v2\/media?parent=18377"}],"wp:term":[{"taxonomy":"product_brand","embeddable":true,"href":"https:\/\/www.csj-emballages.com\/de\/wp-json\/wp\/v2\/product_brand?post=18377"},{"taxonomy":"product_cat","embeddable":true,"href":"https:\/\/www.csj-emballages.com\/de\/wp-json\/wp\/v2\/product_cat?post=18377"},{"taxonomy":"product_tag","embeddable":true,"href":"https:\/\/www.csj-emballages.com\/de\/wp-json\/wp\/v2\/product_tag?post=18377"}],"curies":[{"name":"wp","href":"https:\/\/api.w.org\/{rel}","templated":true}]}}