{"id":18360,"date":"2024-03-01T16:59:35","date_gmt":"2024-03-01T15:59:35","guid":{"rendered":"https:\/\/u15jnbdpoq.preview.infomaniak.website\/produit\/gewuerze-knoblauchkochwurst-2-kg\/"},"modified":"2026-05-13T02:10:42","modified_gmt":"2026-05-13T00:10:42","slug":"gewuerze-knoblauchkochwurst-2-kg","status":"publish","type":"product","link":"https:\/\/www.csj-emballages.com\/de\/produit\/gewuerze-knoblauchkochwurst-2-kg\/","title":{"rendered":"Gew\u00fcrze Knoblauchkochwurst 2 kg"},"content":{"rendered":"<h2>Gew\u00fcrz gekochte Wurst mit Knoblauch<\/h2>\n<hr>\n<h3>Beschreibung unseres Gew\u00fcrzes Kochwurst mit Knoblauch in 2kg<\/h3>\n<p><!--more--><\/p>\n<p class=\"\" data-start=\"296\" data-end=\"543\">Diese <strong>Gew\u00fcrzmischung<\/strong> wurde speziell f\u00fcr Metzger, Fleischer und Caterer entwickelt, um eine <strong data-start=\"456\" data-end=\"495\">traditionelle Knoblauchbr\u00fchwurst mit<\/strong> authentischem Geschmack und perfekter Ausgewogenheit herzustellen. Dank dieses Mixes ist die Mischung gebrauchsfertig und sorgt f\u00fcr Regelm\u00e4\u00dfigkeit und Konstanz bei Ihrer Herstellung, sei es in einer professionellen Werkstatt oder in einer handwerklichen Produktion. <\/p>\n<p class=\"\" data-start=\"885\" data-end=\"1185\">Die Verwendung ist ganz einfach: Sie m\u00fcssen nur die richtige Menge an<strong>Gew\u00fcrzen<\/strong> in Ihre Fleischmischung einr\u00fchren, bevor sie geschoben und gekocht wird. Denn diese Mischung ist so konzipiert, dass sie <strong data-start=\"1068\" data-end=\"1149\">einen klaren, leicht knoblauchartigen Geschmack<\/strong> garantiert, <strong data-start=\"1068\" data-end=\"1149\">der typisch f\u00fcr nach alter Art gegarte Wurstwaren<\/strong> ist und einen langen Abgang hat. <\/p>\n<p class=\"\" data-start=\"1187\" data-end=\"1401\">Das <strong>2-kg-Format<\/strong> ist perfekt f\u00fcr gro\u00dfe Produktionen geeignet und bietet ein hervorragendes Preis-Leistungs-Verh\u00e4ltnis. Ebenso beh\u00e4lt es, luftdicht verpackt, alle seine aromatischen Eigenschaften bis zur Verwendung. <\/p>\n<p data-start=\"1187\" data-end=\"1401\">\n<p data-start=\"1214\" data-end=\"1420\"><!--more--><\/p>\n<p><span style=\"font-weight: bold;\">Dosierung:<\/span> 45 g pro kg Fleischpaste<\/p>\n<p>&nbsp;<\/p>\n<p><!--more--><\/p>\n<div style=\"box-sizing: inherit; font-family: Roboto, sans-serif;\">\n<p><span style=\"color: #c79600; font-weight: bold;\">Zusammensetzung:<\/span> Zucker (Laktose, Dextrose) \/ Knoblauch \/ Salz \/ Milchprotein \/ Phosphate E-451(4%) (P2O5) \/ Gew\u00fcrze \/ Natrium Erythorbat E-316 (1.1%) \/ Cochenille E-120 (0.05%)<\/p>\n<\/div>\n<p>&nbsp;<\/p>\n<p><!--more--><\/p>\n<div style=\"box-sizing: inherit; font-family: Roboto, sans-serif;\">\n<h4>Ihre Vorteile :<\/h4>\n<ul>\n<li>Gebrauchsfertige Mischung f\u00fcr in Knoblauch gekochte Wurst.<\/li>\n<li>Authentischer und traditioneller Geschmack.<\/li>\n<li>Ideal f\u00fcr professionelle Wurstwarenhersteller.<\/li>\n<li>Format von 2 kg.<\/li>\n<\/ul>\n<p>&nbsp;<\/p>\n<\/div>\n<p><!--more--><\/p>\n<div style=\"box-sizing: inherit; font-family: Roboto, sans-serif;\">\n<h4>Weitere Informationen :<\/h4>\n<ul>\n<li><strong>Verpackung<\/strong>: Packung mit 2kg<\/li>\n<li><strong>Typ<\/strong>: Gekochte Wurst mit Knoblauch<\/li>\n<\/ul>\n<p>&nbsp;<\/p>\n<\/div>\n<p><!--more--><\/p>\n<p>Hier finden Sie unsere Andouillette-Gew\u00fcrze : <span style=\"color: #d12727;\"><a style=\"color: #d12727;\" href=\"https:\/\/www.csj-emballages.com\/es\/produit\/andouillette-especias-1-kg\/\">10435<\/a><\/span><\/p>\n<div style=\"box-sizing: inherit; font-family: Roboto, sans-serif;\">\n<p>&nbsp;<\/p>\n<\/div>\n<p><!--more--><\/p>\n<div style=\"box-sizing: inherit; font-family: Roboto, sans-serif;\">\n<p><a href=\"https:\/\/www.csj-emballages.com\/de\/categorie-produit\/lebensmittel\/gewurze\/zusammengesetzte-gewurze\/charcutries-de\/\">Sehen Sie sich den Rest unseres Sortiments an Wurstgew\u00fcrzen an<\/a><\/p>\n<\/div>\n","protected":false},"excerpt":{"rendered":"<p>Gew\u00fcrz gekochte Wurst mit Knoblauch Beschreibung unseres Gew\u00fcrzes Kochwurst mit Knoblauch in 2kg<\/p>\n","protected":false},"featured_media":231317,"template":"","meta":{"_acf_changed":false},"product_brand":[],"product_cat":[1144,1441,1779,1781],"product_tag":[],"class_list":{"0":"post-18360","1":"product","2":"type-product","3":"status-publish","4":"has-post-thumbnail","6":"product_cat-lebensmittel","7":"product_cat-gewurze","8":"product_cat-zusammengesetzte-gewurze","9":"product_cat-charcutries-de","11":"first","12":"instock","13":"taxable","14":"shipping-taxable","15":"purchasable","16":"product-type-simple"},"acf":[],"yoast_head":"<!-- This site is optimized with the Yoast SEO Premium plugin v26.6 (Yoast SEO v26.6) - https:\/\/yoast.com\/wordpress\/plugins\/seo\/ -->\n<title>Gew\u00fcrz Gekochte Wurst mit Knoblauch in 2kg<\/title>\n<meta name=\"description\" content=\"Gew\u00fcrzmischung f\u00fcr Kochwurst mit Knoblauch - Beutel 2 kg. Traditionelles Rezept, gleichm\u00e4\u00dfiger Geschmack und gebrauchsfertig f\u00fcr Handwerker und Profis.\" \/>\n<meta name=\"robots\" content=\"index, follow, max-snippet:-1, max-image-preview:large, max-video-preview:-1\" \/>\n<link rel=\"canonical\" href=\"https:\/\/www.csj-emballages.com\/de\/produit\/gewuerze-knoblauchkochwurst-2-kg\/\" \/>\n<meta property=\"og:locale\" content=\"de_DE\" \/>\n<meta property=\"og:type\" content=\"article\" \/>\n<meta property=\"og:title\" content=\"Gew\u00fcrze Knoblauchkochwurst 2 kg\" \/>\n<meta property=\"og:description\" content=\"Gew\u00fcrzmischung f\u00fcr Kochwurst mit Knoblauch - Beutel 2 kg. Traditionelles Rezept, gleichm\u00e4\u00dfiger Geschmack und gebrauchsfertig f\u00fcr Handwerker und Profis.\" \/>\n<meta property=\"og:url\" content=\"https:\/\/www.csj-emballages.com\/de\/produit\/gewuerze-knoblauchkochwurst-2-kg\/\" \/>\n<meta property=\"og:site_name\" content=\"CSJ Emballages\" \/>\n<meta property=\"article:publisher\" content=\"https:\/\/www.facebook.com\/csjemballages\" \/>\n<meta property=\"article:modified_time\" content=\"2026-05-13T00:10:42+00:00\" \/>\n<meta property=\"og:image\" content=\"https:\/\/www.csj-emballages.com\/wp-content\/uploads\/2024\/03\/Epice-saucisson-cuit-a-lail.webp\" \/>\n\t<meta property=\"og:image:width\" content=\"800\" \/>\n\t<meta property=\"og:image:height\" content=\"800\" \/>\n\t<meta property=\"og:image:type\" content=\"image\/webp\" \/>\n<meta name=\"twitter:card\" content=\"summary_large_image\" \/>\n<meta name=\"twitter:label1\" content=\"Gesch\u00e4tzte Lesezeit\" \/>\n\t<meta name=\"twitter:data1\" content=\"1\u00a0Minute\" \/>\n<script type=\"application\/ld+json\" class=\"yoast-schema-graph\">{\"@context\":\"https:\/\/schema.org\",\"@graph\":[{\"@type\":\"WebPage\",\"@id\":\"https:\/\/www.csj-emballages.com\/de\/produit\/gewuerze-knoblauchkochwurst-2-kg\/\",\"url\":\"https:\/\/www.csj-emballages.com\/de\/produit\/gewuerze-knoblauchkochwurst-2-kg\/\",\"name\":\"Gew\u00fcrz Gekochte Wurst mit Knoblauch in 2kg\",\"isPartOf\":{\"@id\":\"https:\/\/www.csj-emballages.com\/de\/#website\"},\"primaryImageOfPage\":{\"@id\":\"https:\/\/www.csj-emballages.com\/de\/produit\/gewuerze-knoblauchkochwurst-2-kg\/#primaryimage\"},\"image\":{\"@id\":\"https:\/\/www.csj-emballages.com\/de\/produit\/gewuerze-knoblauchkochwurst-2-kg\/#primaryimage\"},\"thumbnailUrl\":\"https:\/\/www.csj-emballages.com\/wp-content\/uploads\/2024\/03\/Epice-saucisson-cuit-a-lail.webp\",\"datePublished\":\"2024-03-01T15:59:35+00:00\",\"dateModified\":\"2026-05-13T00:10:42+00:00\",\"description\":\"Gew\u00fcrzmischung f\u00fcr Kochwurst mit Knoblauch - Beutel 2 kg. Traditionelles Rezept, gleichm\u00e4\u00dfiger Geschmack und gebrauchsfertig f\u00fcr Handwerker und Profis.\",\"breadcrumb\":{\"@id\":\"https:\/\/www.csj-emballages.com\/de\/produit\/gewuerze-knoblauchkochwurst-2-kg\/#breadcrumb\"},\"inLanguage\":\"de\",\"potentialAction\":[{\"@type\":\"ReadAction\",\"target\":[\"https:\/\/www.csj-emballages.com\/de\/produit\/gewuerze-knoblauchkochwurst-2-kg\/\"]}]},{\"@type\":\"ImageObject\",\"inLanguage\":\"de\",\"@id\":\"https:\/\/www.csj-emballages.com\/de\/produit\/gewuerze-knoblauchkochwurst-2-kg\/#primaryimage\",\"url\":\"https:\/\/www.csj-emballages.com\/wp-content\/uploads\/2024\/03\/Epice-saucisson-cuit-a-lail.webp\",\"contentUrl\":\"https:\/\/www.csj-emballages.com\/wp-content\/uploads\/2024\/03\/Epice-saucisson-cuit-a-lail.webp\",\"width\":800,\"height\":800,\"caption\":\"\u00c9pices saucisson cuit \u00e0 l'ail\"},{\"@type\":\"BreadcrumbList\",\"@id\":\"https:\/\/www.csj-emballages.com\/de\/produit\/gewuerze-knoblauchkochwurst-2-kg\/#breadcrumb\",\"itemListElement\":[{\"@type\":\"ListItem\",\"position\":1,\"name\":\"Accueil\",\"item\":\"https:\/\/www.csj-emballages.com\/de\/universum-lebensmittelverpackungen\/\"},{\"@type\":\"ListItem\",\"position\":2,\"name\":\"Shop\",\"item\":\"https:\/\/www.csj-emballages.com\/shop\/\"},{\"@type\":\"ListItem\",\"position\":3,\"name\":\"Gew\u00fcrze Knoblauchkochwurst 2 kg\"}]},{\"@type\":\"WebSite\",\"@id\":\"https:\/\/www.csj-emballages.com\/de\/#website\",\"url\":\"https:\/\/www.csj-emballages.com\/de\/\",\"name\":\"CSJ Emballages\",\"description\":\"\",\"publisher\":{\"@id\":\"https:\/\/www.csj-emballages.com\/de\/#organization\"},\"potentialAction\":[{\"@type\":\"SearchAction\",\"target\":{\"@type\":\"EntryPoint\",\"urlTemplate\":\"https:\/\/www.csj-emballages.com\/de\/?s={search_term_string}\"},\"query-input\":{\"@type\":\"PropertyValueSpecification\",\"valueRequired\":true,\"valueName\":\"search_term_string\"}}],\"inLanguage\":\"de\"},{\"@type\":\"Organization\",\"@id\":\"https:\/\/www.csj-emballages.com\/de\/#Organization\/\",\"name\":\"CSJ Emballages\",\"url\":\"https:\/\/www.csj-emballages.com\/de\/\",\"logo\":{\"@type\":\"ImageObject\",\"inLanguage\":\"de\",\"@id\":\"https:\/\/www.csj-emballages.com\/de\/#\/schema\/logo\/image\/\",\"url\":\"https:\/\/www.csj-emballages.com\/wp-content\/uploads\/2023\/10\/logo_csj.webp\",\"contentUrl\":\"https:\/\/www.csj-emballages.com\/wp-content\/uploads\/2023\/10\/logo_csj.webp\",\"width\":250,\"height\":95,\"caption\":\"CSJ Emballages\"},\"image\":{\"@id\":\"https:\/\/www.csj-emballages.com\/de\/#\/schema\/logo\/image\/\"},\"sameAs\":[\"https:\/\/www.facebook.com\/csjemballages\"],\"address\":{\"@type\":\"PostalAddress\",\"streetAddress\":\"ZI La Lechere\",\"addressLocality\":\"Patornay\",\"postalCode\":\"39130\",\"addressCountry\":\"FR\"},\"contactPoint\":[{\"@type\":\"ContactPoint\",\"contactType\":\"Service client\",\"telephone\":\"0384254272\",\"email\":\"contact@csj-emballages.com\"}]}]}<\/script>\n<!-- \/ Yoast SEO Premium plugin. -->","yoast_head_json":{"title":"Gew\u00fcrz Gekochte Wurst mit Knoblauch in 2kg","description":"Gew\u00fcrzmischung f\u00fcr Kochwurst mit Knoblauch - Beutel 2 kg. Traditionelles Rezept, gleichm\u00e4\u00dfiger Geschmack und gebrauchsfertig f\u00fcr Handwerker und Profis.","robots":{"index":"index","follow":"follow","max-snippet":"max-snippet:-1","max-image-preview":"max-image-preview:large","max-video-preview":"max-video-preview:-1"},"canonical":"https:\/\/www.csj-emballages.com\/de\/produit\/gewuerze-knoblauchkochwurst-2-kg\/","og_locale":"de_DE","og_type":"article","og_title":"Gew\u00fcrze Knoblauchkochwurst 2 kg","og_description":"Gew\u00fcrzmischung f\u00fcr Kochwurst mit Knoblauch - Beutel 2 kg. Traditionelles Rezept, gleichm\u00e4\u00dfiger Geschmack und gebrauchsfertig f\u00fcr Handwerker und Profis.","og_url":"https:\/\/www.csj-emballages.com\/de\/produit\/gewuerze-knoblauchkochwurst-2-kg\/","og_site_name":"CSJ Emballages","article_publisher":"https:\/\/www.facebook.com\/csjemballages","article_modified_time":"2026-05-13T00:10:42+00:00","og_image":[{"width":800,"height":800,"url":"https:\/\/www.csj-emballages.com\/wp-content\/uploads\/2024\/03\/Epice-saucisson-cuit-a-lail.webp","type":"image\/webp"}],"twitter_card":"summary_large_image","twitter_misc":{"Gesch\u00e4tzte Lesezeit":"1\u00a0Minute"},"schema":{"@context":"https:\/\/schema.org","@graph":[{"@type":"WebPage","@id":"https:\/\/www.csj-emballages.com\/de\/produit\/gewuerze-knoblauchkochwurst-2-kg\/","url":"https:\/\/www.csj-emballages.com\/de\/produit\/gewuerze-knoblauchkochwurst-2-kg\/","name":"Gew\u00fcrz Gekochte Wurst mit Knoblauch in 2kg","isPartOf":{"@id":"https:\/\/www.csj-emballages.com\/de\/#website"},"primaryImageOfPage":{"@id":"https:\/\/www.csj-emballages.com\/de\/produit\/gewuerze-knoblauchkochwurst-2-kg\/#primaryimage"},"image":{"@id":"https:\/\/www.csj-emballages.com\/de\/produit\/gewuerze-knoblauchkochwurst-2-kg\/#primaryimage"},"thumbnailUrl":"https:\/\/www.csj-emballages.com\/wp-content\/uploads\/2024\/03\/Epice-saucisson-cuit-a-lail.webp","datePublished":"2024-03-01T15:59:35+00:00","dateModified":"2026-05-13T00:10:42+00:00","description":"Gew\u00fcrzmischung f\u00fcr Kochwurst mit Knoblauch - Beutel 2 kg. Traditionelles Rezept, gleichm\u00e4\u00dfiger Geschmack und gebrauchsfertig f\u00fcr Handwerker und Profis.","breadcrumb":{"@id":"https:\/\/www.csj-emballages.com\/de\/produit\/gewuerze-knoblauchkochwurst-2-kg\/#breadcrumb"},"inLanguage":"de","potentialAction":[{"@type":"ReadAction","target":["https:\/\/www.csj-emballages.com\/de\/produit\/gewuerze-knoblauchkochwurst-2-kg\/"]}]},{"@type":"ImageObject","inLanguage":"de","@id":"https:\/\/www.csj-emballages.com\/de\/produit\/gewuerze-knoblauchkochwurst-2-kg\/#primaryimage","url":"https:\/\/www.csj-emballages.com\/wp-content\/uploads\/2024\/03\/Epice-saucisson-cuit-a-lail.webp","contentUrl":"https:\/\/www.csj-emballages.com\/wp-content\/uploads\/2024\/03\/Epice-saucisson-cuit-a-lail.webp","width":800,"height":800,"caption":"\u00c9pices saucisson cuit \u00e0 l'ail"},{"@type":"BreadcrumbList","@id":"https:\/\/www.csj-emballages.com\/de\/produit\/gewuerze-knoblauchkochwurst-2-kg\/#breadcrumb","itemListElement":[{"@type":"ListItem","position":1,"name":"Accueil","item":"https:\/\/www.csj-emballages.com\/de\/universum-lebensmittelverpackungen\/"},{"@type":"ListItem","position":2,"name":"Shop","item":"https:\/\/www.csj-emballages.com\/shop\/"},{"@type":"ListItem","position":3,"name":"Gew\u00fcrze Knoblauchkochwurst 2 kg"}]},{"@type":"WebSite","@id":"https:\/\/www.csj-emballages.com\/de\/#website","url":"https:\/\/www.csj-emballages.com\/de\/","name":"CSJ Emballages","description":"","publisher":{"@id":"https:\/\/www.csj-emballages.com\/de\/#organization"},"potentialAction":[{"@type":"SearchAction","target":{"@type":"EntryPoint","urlTemplate":"https:\/\/www.csj-emballages.com\/de\/?s={search_term_string}"},"query-input":{"@type":"PropertyValueSpecification","valueRequired":true,"valueName":"search_term_string"}}],"inLanguage":"de"},{"@type":"Organization","@id":"https:\/\/www.csj-emballages.com\/de\/#Organization\/","name":"CSJ Emballages","url":"https:\/\/www.csj-emballages.com\/de\/","logo":{"@type":"ImageObject","inLanguage":"de","@id":"https:\/\/www.csj-emballages.com\/de\/#\/schema\/logo\/image\/","url":"https:\/\/www.csj-emballages.com\/wp-content\/uploads\/2023\/10\/logo_csj.webp","contentUrl":"https:\/\/www.csj-emballages.com\/wp-content\/uploads\/2023\/10\/logo_csj.webp","width":250,"height":95,"caption":"CSJ Emballages"},"image":{"@id":"https:\/\/www.csj-emballages.com\/de\/#\/schema\/logo\/image\/"},"sameAs":["https:\/\/www.facebook.com\/csjemballages"],"address":{"@type":"PostalAddress","streetAddress":"ZI La Lechere","addressLocality":"Patornay","postalCode":"39130","addressCountry":"FR"},"contactPoint":[{"@type":"ContactPoint","contactType":"Service client","telephone":"0384254272","email":"contact@csj-emballages.com"}]}]}},"df_price":19.19,"df_sale_price":"","df_regular_price":19.19,"df_image_link":"https:\/\/www.csj-emballages.com\/wp-content\/uploads\/2024\/03\/Epice-saucisson-cuit-a-lail-300x300.webp","tiered_pricing_type":"fixed","tiered_pricing_fixed_rules":[],"tiered_pricing_percentage_rules":[],"tiered_pricing_minimum":1,"tiered_pricing_roles_data":[],"_links":{"self":[{"href":"https:\/\/www.csj-emballages.com\/de\/wp-json\/wp\/v2\/product\/18360","targetHints":{"allow":["GET"]}}],"collection":[{"href":"https:\/\/www.csj-emballages.com\/de\/wp-json\/wp\/v2\/product"}],"about":[{"href":"https:\/\/www.csj-emballages.com\/de\/wp-json\/wp\/v2\/types\/product"}],"wp:featuredmedia":[{"embeddable":true,"href":"https:\/\/www.csj-emballages.com\/de\/wp-json\/wp\/v2\/media\/231317"}],"wp:attachment":[{"href":"https:\/\/www.csj-emballages.com\/de\/wp-json\/wp\/v2\/media?parent=18360"}],"wp:term":[{"taxonomy":"product_brand","embeddable":true,"href":"https:\/\/www.csj-emballages.com\/de\/wp-json\/wp\/v2\/product_brand?post=18360"},{"taxonomy":"product_cat","embeddable":true,"href":"https:\/\/www.csj-emballages.com\/de\/wp-json\/wp\/v2\/product_cat?post=18360"},{"taxonomy":"product_tag","embeddable":true,"href":"https:\/\/www.csj-emballages.com\/de\/wp-json\/wp\/v2\/product_tag?post=18360"}],"curies":[{"name":"wp","href":"https:\/\/api.w.org\/{rel}","templated":true}]}}