{"id":18358,"date":"2024-03-01T16:59:37","date_gmt":"2024-03-01T15:59:37","guid":{"rendered":"https:\/\/u15jnbdpoq.preview.infomaniak.website\/produit\/gewuerze-wurst-strassburg-2-kg\/"},"modified":"2026-04-29T02:10:46","modified_gmt":"2026-04-29T00:10:46","slug":"gewuerze-wurst-strassburg-2-kg","status":"publish","type":"product","link":"https:\/\/www.csj-emballages.com\/de\/produit\/gewuerze-wurst-strassburg-2-kg\/","title":{"rendered":"Gew\u00fcrze Wurst Stra\u00dfburg in 1kg"},"content":{"rendered":"<h2 class=\"p1\">Gew\u00fcrze wurst strasbourg<\/h2>\n<hr>\n<h3>Beschreibung von unserem Gew\u00fcrz Wurst Strasbourg in 1kg<\/h3>\n<p><!--more--><\/p>\n<p class=\"\" data-start=\"246\" data-end=\"536\">Diese <strong>Gew\u00fcrzmischung Wurst Stra\u00dfburg<\/strong> wurde speziell entwickelt, um den Anforderungen von handwerklichen Metzgern, Feinkosth\u00e4ndlern und Fachleuten der Lebensmittelverarbeitung gerecht zu werden. Im g\u00fcnstigen<strong> 1-kg-Format<\/strong> erm\u00f6glicht sie Ihnen, in gro\u00dfen Mengen zu produzieren und dabei eine konstante und kontrollierte Qualit\u00e4t zu bewahren. Das von der <strong>els\u00e4ssischen<\/strong> Tradition inspirierte Rezept kombiniert milde und aromatische <strong>Gew\u00fcrze<\/strong>, um das Fleisch zu verfeinern, ohne es zu \u00fcberdecken. Das Ergebnis ist ein typischer Geschmack, der zugleich zart und w\u00e4rmend ist und f\u00fcr echte <strong>Stra\u00dfburger W\u00fcrste<\/strong> charakteristisch ist.   <\/p>\n<p class=\"\" data-start=\"880\" data-end=\"1173\">Diese Mischung ist einfach in der Anwendung: Sie wird beim Zerkleinern oder Kneten direkt in Ihren Fleischteig eingearbeitet. Egal, ob Sie in einer handwerklichen Metzgerei oder in einer professionellen K\u00fcche arbeiten, dieses Produkt garantiert Ihnen bei jeder Herstellung eine perfekte Reproduzierbarkeit. <\/p>\n<p class=\"\" data-start=\"1175\" data-end=\"1379\">In <strong>1-kg-Eimern<\/strong> verpackt, eignet es sich sowohl f\u00fcr kleine als auch f\u00fcr gro\u00dfe Produktionen. Sie k\u00f6nnen es auch verwenden, um Ihre Wurstrezepte zu \u00fcberarbeiten und ihnen eine traditionelle Note zu verleihen. <\/p>\n<p data-start=\"1175\" data-end=\"1379\">\n<p data-start=\"1249\" data-end=\"1546\"><!--more--><\/p>\n<p data-start=\"1249\" data-end=\"1546\"><span style=\"font-weight: bold\">Dosierung:<\/span> 35 g pro kg Fleischpaste. Zwischen 8 und 12 gr Nitritp\u00f6kelsalz hinzuf\u00fcgen. <\/p>\n<p data-start=\"1249\" data-end=\"1546\">\n<p><!--more--><\/p>\n<div style=\"font-family: Roboto, sans-serif\">\n<p><span style=\"color: #c79600;font-weight: bold\">Zusammensetzung: <\/span>Zucker (Laktose, Dextrose), Milch- und Sojaproteine, Gew\u00fcrze, Stabilisatoren (E-450, E-452), Aroma (enth\u00e4lt Senf), Antioxidationsmittel (E-316), Raucharoma, Farbstoff (E-120).<\/p>\n<p>&nbsp;<\/p>\n<\/div>\n<p>&nbsp;<\/p>\n<p><!--more--><\/p>\n<div style=\"font-family: Roboto, sans-serif\">\n<h4>Ihre Vorteile :<\/h4>\n<ul>\n<li><strong>Gebrauchsfertige Mischung<\/strong>: professionelle Dosierung.<\/li>\n<li>Geschmack getreu den traditionellen Stra\u00dfburger W\u00fcrstchen.<\/li>\n<li><strong>Sparsam<\/strong>: 1-kg-Eimer f\u00fcr l\u00e4ngeren Gebrauch.<\/li>\n<li>Einfach zu verwenden und zu dosieren.<\/li>\n<\/ul>\n<p>&nbsp;<\/p>\n<\/div>\n<p><!--more--><\/p>\n<div style=\"font-family: Roboto, sans-serif\">\n<h4>Weitere Informationen :<\/h4>\n<ul>\n<li><strong>Verpackung<\/strong>: 1kg Eimer<\/li>\n<li><strong>Typ<\/strong>: Stra\u00dfburger Wurst<\/li>\n<\/ul>\n<p>&nbsp;<\/p>\n<\/div>\n<p><!--more--><\/p>\n<h4>Hier finden Sie alle unsere Wurstgew\u00fcrze :<\/h4>\n<ul>\n<li><span style=\"color: #d12727\"><a style=\"color: #d12727\" href=\"https:\/\/www.csj-emballages.com\/de\/produit\/gewuerze-wurst-fleisch-mit-kraeutern-5-kg\/\">Gew\u00fcrze Wurst Fleisch Fleisch mit Kr\u00e4utern<\/a><\/span><\/li>\n<li><span style=\"color: #d12727\"><a style=\"color: #d12727\" href=\"https:\/\/www.csj-emballages.com\/de\/produit\/gewuerze-frische-landwurst-glutenfrei-5-kg\/\">Gew\u00fcrze Landwurst (glutenfrei)<\/a><\/span><\/li>\n<li><span style=\"color: #d12727\"><a style=\"color: #d12727\" href=\"https:\/\/www.csj-emballages.com\/de\/produit\/gewuerze-frische-wurst-glutenfrei-laktosefrei-5-kg\/\">Gew\u00fcrze Wurst glutenfrei \/ laktosefrei<\/a><\/span><\/li>\n<li><span style=\"color: #d12727\"><a style=\"color: #d12727\" href=\"https:\/\/www.csj-emballages.com\/de\/produit\/gewuerze-wurst-piment-despelette-2-kg\/\">Gew\u00fcrze Wurst Piment d&#8217;Espelette<\/a><\/span><\/li>\n<li><span style=\"color: #d12727\"><a style=\"color: #d12727\" href=\"https:\/\/www.csj-emballages.com\/de\/produit\/gewuerze-wurst-mit-blau-5-kg\/\">Gew\u00fcrze Wurst mit Blauschimmelk\u00e4se<\/a><\/span><\/li>\n<\/ul>\n<div style=\"font-family: Roboto, sans-serif\">\n<p>&nbsp;<\/p>\n<\/div>\n<p><!--more--><\/p>\n<div style=\"font-family: Roboto, sans-serif\">\n<p><a href=\"https:\/\/www.csj-emballages.com\/de\/categorie-produit\/lebensmittel\/gewurze\/zusammengesetzte-gewurze\/merguez-wurstchen-chorizos\/\">Sehen Sie sich den Rest unseres Sortiments an Gew\u00fcrzen f\u00fcr W\u00fcrstchen \/ Merguez \/ Chorizos an<\/a><\/p>\n<\/div>\n","protected":false},"excerpt":{"rendered":"<p>Gew\u00fcrze wurst strasbourg Beschreibung von unserem Gew\u00fcrz Wurst Strasbourg in 1kg<\/p>\n","protected":false},"featured_media":231464,"template":"","meta":{"_acf_changed":false},"product_brand":[],"product_cat":[1144,1441,1779,1853],"product_tag":[],"class_list":{"0":"post-18358","1":"product","2":"type-product","3":"status-publish","4":"has-post-thumbnail","6":"product_cat-lebensmittel","7":"product_cat-gewurze","8":"product_cat-zusammengesetzte-gewurze","9":"product_cat-merguez-wurstchen-chorizos","11":"first","12":"instock","13":"taxable","14":"shipping-taxable","15":"purchasable","16":"product-type-simple"},"acf":[],"yoast_head":"<!-- This site is optimized with the Yoast SEO Premium plugin v26.6 (Yoast SEO v26.6) - https:\/\/yoast.com\/wordpress\/plugins\/seo\/ -->\n<title>Gew\u00fcrze Stra\u00dfburger Wurst in 1kg<\/title>\n<meta name=\"description\" content=\"Gew\u00fcrzmischung f\u00fcr Stra\u00dfburger W\u00fcrstchen im 1-kg-Beutel. Ideal f\u00fcr Metzger, Feinkosth\u00e4ndler, Profis. Traditioneller Geschmack, perfekte Dosierung, einfach zu verwenden.\" \/>\n<meta name=\"robots\" content=\"index, follow, max-snippet:-1, max-image-preview:large, max-video-preview:-1\" \/>\n<link rel=\"canonical\" href=\"https:\/\/www.csj-emballages.com\/de\/produit\/gewuerze-wurst-strassburg-2-kg\/\" \/>\n<meta property=\"og:locale\" content=\"de_DE\" \/>\n<meta property=\"og:type\" content=\"article\" \/>\n<meta property=\"og:title\" content=\"Gew\u00fcrze Wurst Stra\u00dfburg in 1kg\" \/>\n<meta property=\"og:description\" content=\"Gew\u00fcrzmischung f\u00fcr Stra\u00dfburger W\u00fcrstchen im 1-kg-Beutel. Ideal f\u00fcr Metzger, Feinkosth\u00e4ndler, Profis. Traditioneller Geschmack, perfekte Dosierung, einfach zu verwenden.\" \/>\n<meta property=\"og:url\" content=\"https:\/\/www.csj-emballages.com\/de\/produit\/gewuerze-wurst-strassburg-2-kg\/\" \/>\n<meta property=\"og:site_name\" content=\"CSJ Emballages\" \/>\n<meta property=\"article:publisher\" content=\"https:\/\/www.facebook.com\/csjemballages\" \/>\n<meta property=\"article:modified_time\" content=\"2026-04-29T00:10:46+00:00\" \/>\n<meta property=\"og:image\" content=\"https:\/\/www.csj-emballages.com\/wp-content\/uploads\/2024\/03\/Epices-saucisse-strasbourg.webp\" \/>\n\t<meta property=\"og:image:width\" content=\"800\" \/>\n\t<meta property=\"og:image:height\" content=\"800\" \/>\n\t<meta property=\"og:image:type\" content=\"image\/webp\" \/>\n<meta name=\"twitter:card\" content=\"summary_large_image\" \/>\n<meta name=\"twitter:label1\" content=\"Gesch\u00e4tzte Lesezeit\" \/>\n\t<meta name=\"twitter:data1\" content=\"2 Minuten\" \/>\n<script type=\"application\/ld+json\" class=\"yoast-schema-graph\">{\"@context\":\"https:\/\/schema.org\",\"@graph\":[{\"@type\":\"WebPage\",\"@id\":\"https:\/\/www.csj-emballages.com\/de\/produit\/gewuerze-wurst-strassburg-2-kg\/\",\"url\":\"https:\/\/www.csj-emballages.com\/de\/produit\/gewuerze-wurst-strassburg-2-kg\/\",\"name\":\"Gew\u00fcrze Stra\u00dfburger Wurst in 1kg\",\"isPartOf\":{\"@id\":\"https:\/\/www.csj-emballages.com\/de\/#website\"},\"primaryImageOfPage\":{\"@id\":\"https:\/\/www.csj-emballages.com\/de\/produit\/gewuerze-wurst-strassburg-2-kg\/#primaryimage\"},\"image\":{\"@id\":\"https:\/\/www.csj-emballages.com\/de\/produit\/gewuerze-wurst-strassburg-2-kg\/#primaryimage\"},\"thumbnailUrl\":\"https:\/\/www.csj-emballages.com\/wp-content\/uploads\/2024\/03\/Epices-saucisse-strasbourg.webp\",\"datePublished\":\"2024-03-01T15:59:37+00:00\",\"dateModified\":\"2026-04-29T00:10:46+00:00\",\"description\":\"Gew\u00fcrzmischung f\u00fcr Stra\u00dfburger W\u00fcrstchen im 1-kg-Beutel. Ideal f\u00fcr Metzger, Feinkosth\u00e4ndler, Profis. Traditioneller Geschmack, perfekte Dosierung, einfach zu verwenden.\",\"breadcrumb\":{\"@id\":\"https:\/\/www.csj-emballages.com\/de\/produit\/gewuerze-wurst-strassburg-2-kg\/#breadcrumb\"},\"inLanguage\":\"de\",\"potentialAction\":[{\"@type\":\"ReadAction\",\"target\":[\"https:\/\/www.csj-emballages.com\/de\/produit\/gewuerze-wurst-strassburg-2-kg\/\"]}]},{\"@type\":\"ImageObject\",\"inLanguage\":\"de\",\"@id\":\"https:\/\/www.csj-emballages.com\/de\/produit\/gewuerze-wurst-strassburg-2-kg\/#primaryimage\",\"url\":\"https:\/\/www.csj-emballages.com\/wp-content\/uploads\/2024\/03\/Epices-saucisse-strasbourg.webp\",\"contentUrl\":\"https:\/\/www.csj-emballages.com\/wp-content\/uploads\/2024\/03\/Epices-saucisse-strasbourg.webp\",\"width\":800,\"height\":800,\"caption\":\"\u00e9pices saucisse Strasbourg\"},{\"@type\":\"BreadcrumbList\",\"@id\":\"https:\/\/www.csj-emballages.com\/de\/produit\/gewuerze-wurst-strassburg-2-kg\/#breadcrumb\",\"itemListElement\":[{\"@type\":\"ListItem\",\"position\":1,\"name\":\"Accueil\",\"item\":\"https:\/\/www.csj-emballages.com\/de\/universum-lebensmittelverpackungen\/\"},{\"@type\":\"ListItem\",\"position\":2,\"name\":\"Shop\",\"item\":\"https:\/\/www.csj-emballages.com\/shop\/\"},{\"@type\":\"ListItem\",\"position\":3,\"name\":\"Gew\u00fcrze Wurst Stra\u00dfburg in 1kg\"}]},{\"@type\":\"WebSite\",\"@id\":\"https:\/\/www.csj-emballages.com\/de\/#website\",\"url\":\"https:\/\/www.csj-emballages.com\/de\/\",\"name\":\"CSJ Emballages\",\"description\":\"\",\"publisher\":{\"@id\":\"https:\/\/www.csj-emballages.com\/de\/#organization\"},\"potentialAction\":[{\"@type\":\"SearchAction\",\"target\":{\"@type\":\"EntryPoint\",\"urlTemplate\":\"https:\/\/www.csj-emballages.com\/de\/?s={search_term_string}\"},\"query-input\":{\"@type\":\"PropertyValueSpecification\",\"valueRequired\":true,\"valueName\":\"search_term_string\"}}],\"inLanguage\":\"de\"},{\"@type\":\"Organization\",\"@id\":\"https:\/\/www.csj-emballages.com\/de\/#Organization\/\",\"name\":\"CSJ Emballages\",\"url\":\"https:\/\/www.csj-emballages.com\/de\/\",\"logo\":{\"@type\":\"ImageObject\",\"inLanguage\":\"de\",\"@id\":\"https:\/\/www.csj-emballages.com\/de\/#\/schema\/logo\/image\/\",\"url\":\"https:\/\/www.csj-emballages.com\/wp-content\/uploads\/2023\/10\/logo_csj.webp\",\"contentUrl\":\"https:\/\/www.csj-emballages.com\/wp-content\/uploads\/2023\/10\/logo_csj.webp\",\"width\":250,\"height\":95,\"caption\":\"CSJ Emballages\"},\"image\":{\"@id\":\"https:\/\/www.csj-emballages.com\/de\/#\/schema\/logo\/image\/\"},\"sameAs\":[\"https:\/\/www.facebook.com\/csjemballages\"],\"address\":{\"@type\":\"PostalAddress\",\"streetAddress\":\"ZI La Lechere\",\"addressLocality\":\"Patornay\",\"postalCode\":\"39130\",\"addressCountry\":\"FR\"},\"contactPoint\":[{\"@type\":\"ContactPoint\",\"contactType\":\"Service client\",\"telephone\":\"0384254272\",\"email\":\"contact@csj-emballages.com\"}]}]}<\/script>\n<!-- \/ Yoast SEO Premium plugin. -->","yoast_head_json":{"title":"Gew\u00fcrze Stra\u00dfburger Wurst in 1kg","description":"Gew\u00fcrzmischung f\u00fcr Stra\u00dfburger W\u00fcrstchen im 1-kg-Beutel. Ideal f\u00fcr Metzger, Feinkosth\u00e4ndler, Profis. Traditioneller Geschmack, perfekte Dosierung, einfach zu verwenden.","robots":{"index":"index","follow":"follow","max-snippet":"max-snippet:-1","max-image-preview":"max-image-preview:large","max-video-preview":"max-video-preview:-1"},"canonical":"https:\/\/www.csj-emballages.com\/de\/produit\/gewuerze-wurst-strassburg-2-kg\/","og_locale":"de_DE","og_type":"article","og_title":"Gew\u00fcrze Wurst Stra\u00dfburg in 1kg","og_description":"Gew\u00fcrzmischung f\u00fcr Stra\u00dfburger W\u00fcrstchen im 1-kg-Beutel. Ideal f\u00fcr Metzger, Feinkosth\u00e4ndler, Profis. Traditioneller Geschmack, perfekte Dosierung, einfach zu verwenden.","og_url":"https:\/\/www.csj-emballages.com\/de\/produit\/gewuerze-wurst-strassburg-2-kg\/","og_site_name":"CSJ Emballages","article_publisher":"https:\/\/www.facebook.com\/csjemballages","article_modified_time":"2026-04-29T00:10:46+00:00","og_image":[{"width":800,"height":800,"url":"https:\/\/www.csj-emballages.com\/wp-content\/uploads\/2024\/03\/Epices-saucisse-strasbourg.webp","type":"image\/webp"}],"twitter_card":"summary_large_image","twitter_misc":{"Gesch\u00e4tzte Lesezeit":"2 Minuten"},"schema":{"@context":"https:\/\/schema.org","@graph":[{"@type":"WebPage","@id":"https:\/\/www.csj-emballages.com\/de\/produit\/gewuerze-wurst-strassburg-2-kg\/","url":"https:\/\/www.csj-emballages.com\/de\/produit\/gewuerze-wurst-strassburg-2-kg\/","name":"Gew\u00fcrze Stra\u00dfburger Wurst in 1kg","isPartOf":{"@id":"https:\/\/www.csj-emballages.com\/de\/#website"},"primaryImageOfPage":{"@id":"https:\/\/www.csj-emballages.com\/de\/produit\/gewuerze-wurst-strassburg-2-kg\/#primaryimage"},"image":{"@id":"https:\/\/www.csj-emballages.com\/de\/produit\/gewuerze-wurst-strassburg-2-kg\/#primaryimage"},"thumbnailUrl":"https:\/\/www.csj-emballages.com\/wp-content\/uploads\/2024\/03\/Epices-saucisse-strasbourg.webp","datePublished":"2024-03-01T15:59:37+00:00","dateModified":"2026-04-29T00:10:46+00:00","description":"Gew\u00fcrzmischung f\u00fcr Stra\u00dfburger W\u00fcrstchen im 1-kg-Beutel. Ideal f\u00fcr Metzger, Feinkosth\u00e4ndler, Profis. Traditioneller Geschmack, perfekte Dosierung, einfach zu verwenden.","breadcrumb":{"@id":"https:\/\/www.csj-emballages.com\/de\/produit\/gewuerze-wurst-strassburg-2-kg\/#breadcrumb"},"inLanguage":"de","potentialAction":[{"@type":"ReadAction","target":["https:\/\/www.csj-emballages.com\/de\/produit\/gewuerze-wurst-strassburg-2-kg\/"]}]},{"@type":"ImageObject","inLanguage":"de","@id":"https:\/\/www.csj-emballages.com\/de\/produit\/gewuerze-wurst-strassburg-2-kg\/#primaryimage","url":"https:\/\/www.csj-emballages.com\/wp-content\/uploads\/2024\/03\/Epices-saucisse-strasbourg.webp","contentUrl":"https:\/\/www.csj-emballages.com\/wp-content\/uploads\/2024\/03\/Epices-saucisse-strasbourg.webp","width":800,"height":800,"caption":"\u00e9pices saucisse Strasbourg"},{"@type":"BreadcrumbList","@id":"https:\/\/www.csj-emballages.com\/de\/produit\/gewuerze-wurst-strassburg-2-kg\/#breadcrumb","itemListElement":[{"@type":"ListItem","position":1,"name":"Accueil","item":"https:\/\/www.csj-emballages.com\/de\/universum-lebensmittelverpackungen\/"},{"@type":"ListItem","position":2,"name":"Shop","item":"https:\/\/www.csj-emballages.com\/shop\/"},{"@type":"ListItem","position":3,"name":"Gew\u00fcrze Wurst Stra\u00dfburg in 1kg"}]},{"@type":"WebSite","@id":"https:\/\/www.csj-emballages.com\/de\/#website","url":"https:\/\/www.csj-emballages.com\/de\/","name":"CSJ Emballages","description":"","publisher":{"@id":"https:\/\/www.csj-emballages.com\/de\/#organization"},"potentialAction":[{"@type":"SearchAction","target":{"@type":"EntryPoint","urlTemplate":"https:\/\/www.csj-emballages.com\/de\/?s={search_term_string}"},"query-input":{"@type":"PropertyValueSpecification","valueRequired":true,"valueName":"search_term_string"}}],"inLanguage":"de"},{"@type":"Organization","@id":"https:\/\/www.csj-emballages.com\/de\/#Organization\/","name":"CSJ Emballages","url":"https:\/\/www.csj-emballages.com\/de\/","logo":{"@type":"ImageObject","inLanguage":"de","@id":"https:\/\/www.csj-emballages.com\/de\/#\/schema\/logo\/image\/","url":"https:\/\/www.csj-emballages.com\/wp-content\/uploads\/2023\/10\/logo_csj.webp","contentUrl":"https:\/\/www.csj-emballages.com\/wp-content\/uploads\/2023\/10\/logo_csj.webp","width":250,"height":95,"caption":"CSJ Emballages"},"image":{"@id":"https:\/\/www.csj-emballages.com\/de\/#\/schema\/logo\/image\/"},"sameAs":["https:\/\/www.facebook.com\/csjemballages"],"address":{"@type":"PostalAddress","streetAddress":"ZI La Lechere","addressLocality":"Patornay","postalCode":"39130","addressCountry":"FR"},"contactPoint":[{"@type":"ContactPoint","contactType":"Service client","telephone":"0384254272","email":"contact@csj-emballages.com"}]}]}},"df_price":17.26,"df_sale_price":"","df_regular_price":17.26,"df_image_link":"https:\/\/www.csj-emballages.com\/wp-content\/uploads\/2024\/03\/Epices-saucisse-strasbourg-300x300.webp","tiered_pricing_type":"fixed","tiered_pricing_fixed_rules":[],"tiered_pricing_percentage_rules":[],"tiered_pricing_minimum":1,"tiered_pricing_roles_data":[],"_links":{"self":[{"href":"https:\/\/www.csj-emballages.com\/de\/wp-json\/wp\/v2\/product\/18358","targetHints":{"allow":["GET"]}}],"collection":[{"href":"https:\/\/www.csj-emballages.com\/de\/wp-json\/wp\/v2\/product"}],"about":[{"href":"https:\/\/www.csj-emballages.com\/de\/wp-json\/wp\/v2\/types\/product"}],"wp:featuredmedia":[{"embeddable":true,"href":"https:\/\/www.csj-emballages.com\/de\/wp-json\/wp\/v2\/media\/231464"}],"wp:attachment":[{"href":"https:\/\/www.csj-emballages.com\/de\/wp-json\/wp\/v2\/media?parent=18358"}],"wp:term":[{"taxonomy":"product_brand","embeddable":true,"href":"https:\/\/www.csj-emballages.com\/de\/wp-json\/wp\/v2\/product_brand?post=18358"},{"taxonomy":"product_cat","embeddable":true,"href":"https:\/\/www.csj-emballages.com\/de\/wp-json\/wp\/v2\/product_cat?post=18358"},{"taxonomy":"product_tag","embeddable":true,"href":"https:\/\/www.csj-emballages.com\/de\/wp-json\/wp\/v2\/product_tag?post=18358"}],"curies":[{"name":"wp","href":"https:\/\/api.w.org\/{rel}","templated":true}]}}