{"id":18335,"date":"2024-03-01T16:59:39","date_gmt":"2024-03-01T15:59:39","guid":{"rendered":"https:\/\/u15jnbdpoq.preview.infomaniak.website\/produit\/gewuerze-frische-wurst-glutenfrei-laktosefrei-5-kg\/"},"modified":"2026-04-29T02:10:45","modified_gmt":"2026-04-29T00:10:45","slug":"gewuerze-frische-wurst-glutenfrei-laktosefrei-5-kg","status":"publish","type":"product","link":"https:\/\/www.csj-emballages.com\/de\/produit\/gewuerze-frische-wurst-glutenfrei-laktosefrei-5-kg\/","title":{"rendered":"Wurstgew\u00fcrz glutenfrei \/ laktosefrei frisch in 5 kg"},"content":{"rendered":"<h2 class=\"p1\">Wurstgew\u00fcrz glutenfrei \/ laktosefrei<\/h2>\n<hr>\n<h3>Beschreibung unseres frischen Wurstgew\u00fcrzes glutenfrei \/ laktosefrei<span class=\"Apple-converted-space\"> <\/span>in 5 kg<\/h3>\n<p><!--more--><\/p>\n<p data-start=\"307\" data-end=\"657\">Ob Sie nun Metzger, Feinkostmetzger oder einfach nur leidenschaftlich gerne hausgemachte <strong>W\u00fcrste<\/strong> herstellen: Diese <strong>Gew\u00fcrzmischung<\/strong> f\u00fcr <strong>gluten-\/laktosefreie frische Wurst im 5kg-Gebinde<\/strong> wurde speziell f\u00fcr Sie entwickelt. Sofort einsatzbereit, wurde sie sorgf\u00e4ltig formuliert, um Ihren <strong>frischen W\u00fcrsten<\/strong> den letzten Schliff zu geben und dabei moderne Anforderungen zu erf\u00fcllen: <strong data-start=\"599\" data-end=\"628\">glutenfrei, laktosefrei<\/strong> und ohne Kompromisse beim Geschmack. <\/p>\n<p data-start=\"659\" data-end=\"997\">In diesem <strong>5 kg<\/strong> <strong>Eimer<\/strong> finden Sie eine <strong data-start=\"699\" data-end=\"732\">ausgewogene und kr\u00e4ftige Mischung<\/strong>, die klassische Aromen der traditionellen Wurstherstellung mit einem Hauch Authentizit\u00e4t verbindet. Die Dosierung ist einfach, konstant und gew\u00e4hrleistet Ihnen eine regelm\u00e4\u00dfige Produktion mit einer sch\u00f6nen nat\u00fcrlichen Farbe, einem ausgepr\u00e4gten Geschmack und einer angenehmen Textur im Mund. <\/p>\n<p data-start=\"999\" data-end=\"1254\">Diese Mischung eignet sich sowohl f\u00fcr klassische Rezepte als auch f\u00fcr originellere Kreationen. Ihr gro\u00dfz\u00fcgiges Format ist ideal f\u00fcr Serienproduktionen oder Event-Vorbereitungen. Sie ist perfekt l\u00f6slich im Fleisch und hinterl\u00e4sst keine R\u00fcckst\u00e4nde.  <\/p>\n<p data-start=\"1256\" data-end=\"1418\">Eine Zeitersparnis, erh\u00f6hte Lebensmittelsicherheit und vor allem ein echter Genuss f\u00fcr Ihre Kunden, auch f\u00fcr die empfindlichsten gegen\u00fcber <strong>Allergenen<\/strong>!<\/p>\n<p data-start=\"1249\" data-end=\"1546\"><!--more--><\/p>\n<p data-start=\"1249\" data-end=\"1546\"><span style=\"font-weight: bold;\">Dosierung:<\/span> 33 g pro kg Fleischmasse<\/p>\n<p><!--more--><\/p>\n<div style=\"font-family: Roboto, sans-serif;\">\n<p><span style=\"color: #c79600; font-weight: bold;\">Zusammensetzung:<\/span> Salz \/ Zucker (Glukosesirup, Dextrose, Saccharose) \/ Natriumacetat E-262 (8,45% als Milchs\u00e4ure ausgedr\u00fcckt) \/ Gew\u00fcrze \/ Zitronens\u00e4ure E-330 (6%) \/ Aroma \/ Natriumascorbat<\/p>\n<\/div>\n<p>&nbsp;<\/p>\n<p><!--more--><\/p>\n<p><strong><span style=\"color: #ff0000;\">Mindesthaltbarkeitsdatum (MHD) 04\/2025 \u00fcberschritten<\/span><\/strong><\/p>\n<p>&nbsp;<\/p>\n<p><!--more--><\/p>\n<div style=\"font-family: Roboto, sans-serif;\">\n<h4>Ihre Vorteile :<\/h4>\n<ul>\n<li><strong>Glutenfrei, laktosefrei<\/strong>: ideal f\u00fcr Kunden mit speziellen Ern\u00e4hrungsbed\u00fcrfnissen.<\/li>\n<li><strong>Gebrauchsfertig<\/strong>: Zeitersparnis im Alltag.<\/li>\n<li><strong>Ausgewogene Aromen<\/strong>: garantierter authentischer Geschmack.<\/li>\n<li>Einfach zu verwenden und zu dosieren.<\/li>\n<li><strong>Wirtschaftliches Format<\/strong>: 5 kg Eimer f\u00fcr intensive Produktion.<\/li>\n<\/ul>\n<p>&nbsp;<\/p>\n<\/div>\n<p><!--more--><\/p>\n<div style=\"font-family: Roboto, sans-serif;\">\n<h4>Weitere Informationen :<\/h4>\n<ul>\n<li><strong>Verpackung<\/strong>: 5kg Eimer<\/li>\n<li><strong>Typ<\/strong>: Wurst glutenfrei \/ laktosefrei frisch<\/li>\n<\/ul>\n<p>&nbsp;<\/p>\n<\/div>\n<p><!--more--><\/p>\n<h4>Hier finden Sie alle unsere Wurstgew\u00fcrze:<\/h4>\n<ul>\n<li><span style=\"color: #d12727;\"><a style=\"color: #d12727;\" href=\"https:\/\/www.csj-emballages.com\/es\/produit\/carne-de-salchicha-con-especias-y-hierbas-5-kg\/\">Wurstgew\u00fcrz mit Kr\u00e4utern<\/a><\/span><\/li>\n<li><span style=\"color: #d12727;\"><a style=\"color: #d12727;\" href=\"https:\/\/www.csj-emballages.com\/produit\/epices-saucisse-fraiche-campagnarde-sans-gluten-5-kg\/\">Wurstgew\u00fcrz &#8222;Campagnarde&#8220; (glutenfrei)<\/a><\/span><\/li>\n<li><span style=\"color: #d12727;\"><a style=\"color: #d12727;\" href=\"https:\/\/www.csj-emballages.com\/es\/produit\/guindilla-de-espelette-especias-para-salchichas-2-kg\/\">Wurstgew\u00fcrz Piment d&#8217;Espelette<\/a><\/span><\/li>\n<li><span style=\"color: #d12727;\"><a style=\"color: #d12727;\" href=\"https:\/\/www.csj-emballages.com\/produit\/epices-saucisse-francfort-2-kg\/\">Wurstgew\u00fcrz &#8222;Strasbourg&#8220;<\/a><\/span><\/li>\n<li><span style=\"color: #d12727;\"><a style=\"color: #d12727;\" href=\"https:\/\/www.csj-emballages.com\/es\/produit\/salchicha-azul-especias-5-kg\/\">Wurstgew\u00fcrz mit Blauschimmelk\u00e4se<\/a><\/span><\/li>\n<\/ul>\n<div style=\"font-family: Roboto, sans-serif;\">\n<p>&nbsp;<\/p>\n<\/div>\n<p><!--more--><\/p>\n<div style=\"font-family: Roboto, sans-serif;\">\n<p><a href=\"https:\/\/www.csj-emballages.com\/de\/categorie-produit\/lebensmittel\/gewurze\/zusammengesetzte-gewurze\/merguez-wurstchen-chorizos\/\">Sehen Sie sich den Rest unseres Sortiments an Wurst- \/ Merguez- \/ Chorizo-Gew\u00fcrzen an<\/a><\/p>\n<\/div>\n","protected":false},"excerpt":{"rendered":"<p>Wurstgew\u00fcrz glutenfrei \/ laktosefrei Beschreibung unseres frischen Wurstgew\u00fcrzes glutenfrei \/ laktosefrei in 5 kg<\/p>\n","protected":false},"featured_media":231441,"template":"","meta":{"_acf_changed":false},"product_brand":[],"product_cat":[1137,10243,1144,1441,1779,1853],"product_tag":[],"class_list":{"0":"post-18335","1":"product","2":"type-product","3":"status-publish","4":"has-post-thumbnail","6":"product_cat-lebensmittelverpackungen","7":"product_cat-anti-verschwendung","8":"product_cat-lebensmittel","9":"product_cat-gewurze","10":"product_cat-zusammengesetzte-gewurze","11":"product_cat-merguez-wurstchen-chorizos","13":"first","14":"instock","15":"sale","16":"taxable","17":"shipping-taxable","18":"purchasable","19":"product-type-simple"},"acf":[],"yoast_head":"<!-- This site is optimized with the Yoast SEO Premium plugin v26.6 (Yoast SEO v26.6) - https:\/\/yoast.com\/wordpress\/plugins\/seo\/ -->\n<title>Wurstgew\u00fcrz glutenfrei \/ laktosefrei frisch in 5 kg<\/title>\n<meta name=\"description\" content=\"Wurstgew\u00fcrz glutenfrei \/ laktosefrei frisch \u2013 5 kg Eimer Gebrauchsfertige Mischung mit authentischem Geschmack, ideal f\u00fcr Profis und Wurstliebhaber.\" \/>\n<meta name=\"robots\" content=\"index, follow, max-snippet:-1, max-image-preview:large, max-video-preview:-1\" \/>\n<link rel=\"canonical\" href=\"https:\/\/www.csj-emballages.com\/de\/produit\/gewuerze-frische-wurst-glutenfrei-laktosefrei-5-kg\/\" \/>\n<meta property=\"og:locale\" content=\"de_DE\" \/>\n<meta property=\"og:type\" content=\"article\" \/>\n<meta property=\"og:title\" content=\"Wurstgew\u00fcrz glutenfrei \/ laktosefrei frisch in 5 kg\" \/>\n<meta property=\"og:description\" content=\"Wurstgew\u00fcrz glutenfrei \/ laktosefrei frisch \u2013 5 kg Eimer Gebrauchsfertige Mischung mit authentischem Geschmack, ideal f\u00fcr Profis und Wurstliebhaber.\" \/>\n<meta property=\"og:url\" content=\"https:\/\/www.csj-emballages.com\/de\/produit\/gewuerze-frische-wurst-glutenfrei-laktosefrei-5-kg\/\" \/>\n<meta property=\"og:site_name\" content=\"CSJ Emballages\" \/>\n<meta property=\"article:publisher\" content=\"https:\/\/www.facebook.com\/csjemballages\" \/>\n<meta property=\"article:modified_time\" content=\"2026-04-29T00:10:45+00:00\" \/>\n<meta property=\"og:image\" content=\"https:\/\/www.csj-emballages.com\/wp-content\/uploads\/2024\/03\/Epices-saucisse-sans-gluten-sans-lactose.webp\" \/>\n\t<meta property=\"og:image:width\" content=\"800\" \/>\n\t<meta property=\"og:image:height\" content=\"800\" \/>\n\t<meta property=\"og:image:type\" content=\"image\/webp\" \/>\n<meta name=\"twitter:card\" content=\"summary_large_image\" \/>\n<meta name=\"twitter:label1\" content=\"Gesch\u00e4tzte Lesezeit\" \/>\n\t<meta name=\"twitter:data1\" content=\"2 Minuten\" \/>\n<script type=\"application\/ld+json\" class=\"yoast-schema-graph\">{\"@context\":\"https:\/\/schema.org\",\"@graph\":[{\"@type\":\"WebPage\",\"@id\":\"https:\/\/www.csj-emballages.com\/de\/produit\/gewuerze-frische-wurst-glutenfrei-laktosefrei-5-kg\/\",\"url\":\"https:\/\/www.csj-emballages.com\/de\/produit\/gewuerze-frische-wurst-glutenfrei-laktosefrei-5-kg\/\",\"name\":\"Wurstgew\u00fcrz glutenfrei \/ laktosefrei frisch in 5 kg\",\"isPartOf\":{\"@id\":\"https:\/\/www.csj-emballages.com\/de\/#website\"},\"primaryImageOfPage\":{\"@id\":\"https:\/\/www.csj-emballages.com\/de\/produit\/gewuerze-frische-wurst-glutenfrei-laktosefrei-5-kg\/#primaryimage\"},\"image\":{\"@id\":\"https:\/\/www.csj-emballages.com\/de\/produit\/gewuerze-frische-wurst-glutenfrei-laktosefrei-5-kg\/#primaryimage\"},\"thumbnailUrl\":\"https:\/\/www.csj-emballages.com\/wp-content\/uploads\/2024\/03\/Epices-saucisse-sans-gluten-sans-lactose.webp\",\"datePublished\":\"2024-03-01T15:59:39+00:00\",\"dateModified\":\"2026-04-29T00:10:45+00:00\",\"description\":\"Wurstgew\u00fcrz glutenfrei \/ laktosefrei frisch \u2013 5 kg Eimer Gebrauchsfertige Mischung mit authentischem Geschmack, ideal f\u00fcr Profis und Wurstliebhaber.\",\"breadcrumb\":{\"@id\":\"https:\/\/www.csj-emballages.com\/de\/produit\/gewuerze-frische-wurst-glutenfrei-laktosefrei-5-kg\/#breadcrumb\"},\"inLanguage\":\"de\",\"potentialAction\":[{\"@type\":\"ReadAction\",\"target\":[\"https:\/\/www.csj-emballages.com\/de\/produit\/gewuerze-frische-wurst-glutenfrei-laktosefrei-5-kg\/\"]}]},{\"@type\":\"ImageObject\",\"inLanguage\":\"de\",\"@id\":\"https:\/\/www.csj-emballages.com\/de\/produit\/gewuerze-frische-wurst-glutenfrei-laktosefrei-5-kg\/#primaryimage\",\"url\":\"https:\/\/www.csj-emballages.com\/wp-content\/uploads\/2024\/03\/Epices-saucisse-sans-gluten-sans-lactose.webp\",\"contentUrl\":\"https:\/\/www.csj-emballages.com\/wp-content\/uploads\/2024\/03\/Epices-saucisse-sans-gluten-sans-lactose.webp\",\"width\":800,\"height\":800,\"caption\":\"\u00c9pices saucisse sans gluten \/ sans lactose\u00a0\"},{\"@type\":\"BreadcrumbList\",\"@id\":\"https:\/\/www.csj-emballages.com\/de\/produit\/gewuerze-frische-wurst-glutenfrei-laktosefrei-5-kg\/#breadcrumb\",\"itemListElement\":[{\"@type\":\"ListItem\",\"position\":1,\"name\":\"Accueil\",\"item\":\"https:\/\/www.csj-emballages.com\/de\/universum-lebensmittelverpackungen\/\"},{\"@type\":\"ListItem\",\"position\":2,\"name\":\"Shop\",\"item\":\"https:\/\/www.csj-emballages.com\/shop\/\"},{\"@type\":\"ListItem\",\"position\":3,\"name\":\"Wurstgew\u00fcrz glutenfrei \/ laktosefrei frisch in 5 kg\"}]},{\"@type\":\"WebSite\",\"@id\":\"https:\/\/www.csj-emballages.com\/de\/#website\",\"url\":\"https:\/\/www.csj-emballages.com\/de\/\",\"name\":\"CSJ Emballages\",\"description\":\"\",\"publisher\":{\"@id\":\"https:\/\/www.csj-emballages.com\/de\/#organization\"},\"potentialAction\":[{\"@type\":\"SearchAction\",\"target\":{\"@type\":\"EntryPoint\",\"urlTemplate\":\"https:\/\/www.csj-emballages.com\/de\/?s={search_term_string}\"},\"query-input\":{\"@type\":\"PropertyValueSpecification\",\"valueRequired\":true,\"valueName\":\"search_term_string\"}}],\"inLanguage\":\"de\"},{\"@type\":\"Organization\",\"@id\":\"https:\/\/www.csj-emballages.com\/de\/#Organization\/\",\"name\":\"CSJ Emballages\",\"url\":\"https:\/\/www.csj-emballages.com\/de\/\",\"logo\":{\"@type\":\"ImageObject\",\"inLanguage\":\"de\",\"@id\":\"https:\/\/www.csj-emballages.com\/de\/#\/schema\/logo\/image\/\",\"url\":\"https:\/\/www.csj-emballages.com\/wp-content\/uploads\/2023\/10\/logo_csj.webp\",\"contentUrl\":\"https:\/\/www.csj-emballages.com\/wp-content\/uploads\/2023\/10\/logo_csj.webp\",\"width\":250,\"height\":95,\"caption\":\"CSJ Emballages\"},\"image\":{\"@id\":\"https:\/\/www.csj-emballages.com\/de\/#\/schema\/logo\/image\/\"},\"sameAs\":[\"https:\/\/www.facebook.com\/csjemballages\"],\"address\":{\"@type\":\"PostalAddress\",\"streetAddress\":\"ZI La Lechere\",\"addressLocality\":\"Patornay\",\"postalCode\":\"39130\",\"addressCountry\":\"FR\"},\"contactPoint\":[{\"@type\":\"ContactPoint\",\"contactType\":\"Service client\",\"telephone\":\"0384254272\",\"email\":\"contact@csj-emballages.com\"}]}]}<\/script>\n<!-- \/ Yoast SEO Premium plugin. -->","yoast_head_json":{"title":"Wurstgew\u00fcrz glutenfrei \/ laktosefrei frisch in 5 kg","description":"Wurstgew\u00fcrz glutenfrei \/ laktosefrei frisch \u2013 5 kg Eimer Gebrauchsfertige Mischung mit authentischem Geschmack, ideal f\u00fcr Profis und Wurstliebhaber.","robots":{"index":"index","follow":"follow","max-snippet":"max-snippet:-1","max-image-preview":"max-image-preview:large","max-video-preview":"max-video-preview:-1"},"canonical":"https:\/\/www.csj-emballages.com\/de\/produit\/gewuerze-frische-wurst-glutenfrei-laktosefrei-5-kg\/","og_locale":"de_DE","og_type":"article","og_title":"Wurstgew\u00fcrz glutenfrei \/ laktosefrei frisch in 5 kg","og_description":"Wurstgew\u00fcrz glutenfrei \/ laktosefrei frisch \u2013 5 kg Eimer Gebrauchsfertige Mischung mit authentischem Geschmack, ideal f\u00fcr Profis und Wurstliebhaber.","og_url":"https:\/\/www.csj-emballages.com\/de\/produit\/gewuerze-frische-wurst-glutenfrei-laktosefrei-5-kg\/","og_site_name":"CSJ Emballages","article_publisher":"https:\/\/www.facebook.com\/csjemballages","article_modified_time":"2026-04-29T00:10:45+00:00","og_image":[{"width":800,"height":800,"url":"https:\/\/www.csj-emballages.com\/wp-content\/uploads\/2024\/03\/Epices-saucisse-sans-gluten-sans-lactose.webp","type":"image\/webp"}],"twitter_card":"summary_large_image","twitter_misc":{"Gesch\u00e4tzte Lesezeit":"2 Minuten"},"schema":{"@context":"https:\/\/schema.org","@graph":[{"@type":"WebPage","@id":"https:\/\/www.csj-emballages.com\/de\/produit\/gewuerze-frische-wurst-glutenfrei-laktosefrei-5-kg\/","url":"https:\/\/www.csj-emballages.com\/de\/produit\/gewuerze-frische-wurst-glutenfrei-laktosefrei-5-kg\/","name":"Wurstgew\u00fcrz glutenfrei \/ laktosefrei frisch in 5 kg","isPartOf":{"@id":"https:\/\/www.csj-emballages.com\/de\/#website"},"primaryImageOfPage":{"@id":"https:\/\/www.csj-emballages.com\/de\/produit\/gewuerze-frische-wurst-glutenfrei-laktosefrei-5-kg\/#primaryimage"},"image":{"@id":"https:\/\/www.csj-emballages.com\/de\/produit\/gewuerze-frische-wurst-glutenfrei-laktosefrei-5-kg\/#primaryimage"},"thumbnailUrl":"https:\/\/www.csj-emballages.com\/wp-content\/uploads\/2024\/03\/Epices-saucisse-sans-gluten-sans-lactose.webp","datePublished":"2024-03-01T15:59:39+00:00","dateModified":"2026-04-29T00:10:45+00:00","description":"Wurstgew\u00fcrz glutenfrei \/ laktosefrei frisch \u2013 5 kg Eimer Gebrauchsfertige Mischung mit authentischem Geschmack, ideal f\u00fcr Profis und Wurstliebhaber.","breadcrumb":{"@id":"https:\/\/www.csj-emballages.com\/de\/produit\/gewuerze-frische-wurst-glutenfrei-laktosefrei-5-kg\/#breadcrumb"},"inLanguage":"de","potentialAction":[{"@type":"ReadAction","target":["https:\/\/www.csj-emballages.com\/de\/produit\/gewuerze-frische-wurst-glutenfrei-laktosefrei-5-kg\/"]}]},{"@type":"ImageObject","inLanguage":"de","@id":"https:\/\/www.csj-emballages.com\/de\/produit\/gewuerze-frische-wurst-glutenfrei-laktosefrei-5-kg\/#primaryimage","url":"https:\/\/www.csj-emballages.com\/wp-content\/uploads\/2024\/03\/Epices-saucisse-sans-gluten-sans-lactose.webp","contentUrl":"https:\/\/www.csj-emballages.com\/wp-content\/uploads\/2024\/03\/Epices-saucisse-sans-gluten-sans-lactose.webp","width":800,"height":800,"caption":"\u00c9pices saucisse sans gluten \/ sans lactose\u00a0"},{"@type":"BreadcrumbList","@id":"https:\/\/www.csj-emballages.com\/de\/produit\/gewuerze-frische-wurst-glutenfrei-laktosefrei-5-kg\/#breadcrumb","itemListElement":[{"@type":"ListItem","position":1,"name":"Accueil","item":"https:\/\/www.csj-emballages.com\/de\/universum-lebensmittelverpackungen\/"},{"@type":"ListItem","position":2,"name":"Shop","item":"https:\/\/www.csj-emballages.com\/shop\/"},{"@type":"ListItem","position":3,"name":"Wurstgew\u00fcrz glutenfrei \/ laktosefrei frisch in 5 kg"}]},{"@type":"WebSite","@id":"https:\/\/www.csj-emballages.com\/de\/#website","url":"https:\/\/www.csj-emballages.com\/de\/","name":"CSJ Emballages","description":"","publisher":{"@id":"https:\/\/www.csj-emballages.com\/de\/#organization"},"potentialAction":[{"@type":"SearchAction","target":{"@type":"EntryPoint","urlTemplate":"https:\/\/www.csj-emballages.com\/de\/?s={search_term_string}"},"query-input":{"@type":"PropertyValueSpecification","valueRequired":true,"valueName":"search_term_string"}}],"inLanguage":"de"},{"@type":"Organization","@id":"https:\/\/www.csj-emballages.com\/de\/#Organization\/","name":"CSJ Emballages","url":"https:\/\/www.csj-emballages.com\/de\/","logo":{"@type":"ImageObject","inLanguage":"de","@id":"https:\/\/www.csj-emballages.com\/de\/#\/schema\/logo\/image\/","url":"https:\/\/www.csj-emballages.com\/wp-content\/uploads\/2023\/10\/logo_csj.webp","contentUrl":"https:\/\/www.csj-emballages.com\/wp-content\/uploads\/2023\/10\/logo_csj.webp","width":250,"height":95,"caption":"CSJ Emballages"},"image":{"@id":"https:\/\/www.csj-emballages.com\/de\/#\/schema\/logo\/image\/"},"sameAs":["https:\/\/www.facebook.com\/csjemballages"],"address":{"@type":"PostalAddress","streetAddress":"ZI La Lechere","addressLocality":"Patornay","postalCode":"39130","addressCountry":"FR"},"contactPoint":[{"@type":"ContactPoint","contactType":"Service client","telephone":"0384254272","email":"contact@csj-emballages.com"}]}]}},"df_price":26.43,"df_sale_price":26.43,"df_regular_price":37.76,"df_image_link":"https:\/\/www.csj-emballages.com\/wp-content\/uploads\/2024\/03\/Epices-saucisse-sans-gluten-sans-lactose-300x300.webp","tiered_pricing_type":"fixed","tiered_pricing_fixed_rules":[],"tiered_pricing_percentage_rules":[],"tiered_pricing_minimum":1,"tiered_pricing_roles_data":[],"_links":{"self":[{"href":"https:\/\/www.csj-emballages.com\/de\/wp-json\/wp\/v2\/product\/18335","targetHints":{"allow":["GET"]}}],"collection":[{"href":"https:\/\/www.csj-emballages.com\/de\/wp-json\/wp\/v2\/product"}],"about":[{"href":"https:\/\/www.csj-emballages.com\/de\/wp-json\/wp\/v2\/types\/product"}],"wp:featuredmedia":[{"embeddable":true,"href":"https:\/\/www.csj-emballages.com\/de\/wp-json\/wp\/v2\/media\/231441"}],"wp:attachment":[{"href":"https:\/\/www.csj-emballages.com\/de\/wp-json\/wp\/v2\/media?parent=18335"}],"wp:term":[{"taxonomy":"product_brand","embeddable":true,"href":"https:\/\/www.csj-emballages.com\/de\/wp-json\/wp\/v2\/product_brand?post=18335"},{"taxonomy":"product_cat","embeddable":true,"href":"https:\/\/www.csj-emballages.com\/de\/wp-json\/wp\/v2\/product_cat?post=18335"},{"taxonomy":"product_tag","embeddable":true,"href":"https:\/\/www.csj-emballages.com\/de\/wp-json\/wp\/v2\/product_tag?post=18335"}],"curies":[{"name":"wp","href":"https:\/\/api.w.org\/{rel}","templated":true}]}}