{"id":18331,"date":"2024-03-01T16:59:38","date_gmt":"2024-03-01T15:59:38","guid":{"rendered":"https:\/\/u15jnbdpoq.preview.infomaniak.website\/produit\/gewuerze-merguez-flamboyante-8-kg\/"},"modified":"2026-04-01T02:10:37","modified_gmt":"2026-04-01T00:10:37","slug":"gewuerze-merguez-flamboyante-8-kg","status":"publish","type":"product","link":"https:\/\/www.csj-emballages.com\/de\/produit\/gewuerze-merguez-flamboyante-8-kg\/","title":{"rendered":"Gew\u00fcrze Merguez flamboyante in 8kg"},"content":{"rendered":"<h2>Gew\u00fcrze Merguez flamboyante<\/h2>\n<hr>\n<h3>Beschreibung von unserem Gew\u00fcrz Merguez flamboyante in 8kg<\/h3>\n<p><!--more--><\/p>\n<p class=\"\" data-start=\"316\" data-end=\"559\">Metzgereifachleute, Restaurantbesitzer oder Liebhaber authentischer Grillgerichte: Diese <strong>flammende Merguez-Gew\u00fcrzmischung<\/strong> ist Ihr bester Verb\u00fcndeter f\u00fcr hausgemachte <strong>Merguez<\/strong>, die sowohl durch ihren Geschmack als auch durch ihre <strong>Farbe<\/strong> beeindrucken! Denn diese <strong>Gew\u00fcrzmischung<\/strong> wurde sorgf\u00e4ltig zusammengestellt, um die Tradition zu wahren und gleichzeitig eine einzigartige Note zu verleihen.<\/p>\n<p class=\"\" data-start=\"866\" data-end=\"1255\">Die f\u00fcr eine intensive Nutzung konzipierte Verpackung im <strong data-start=\"926\" data-end=\"942\">8-kg-Eimer<\/strong> ist ideal f\u00fcr Profis oder f\u00fcr die handwerkliche Produktion in gro\u00dfen Mengen. Ebenso vermischt sich das <strong>Pulver<\/strong> perfekt mit Ihrem Fleisch und sorgt f\u00fcr eine gleichm\u00e4\u00dfige Verbreitung der Aromen. Das Ergebnis: eine schmackhafte, gut ger\u00f6tete <strong>Merguez<\/strong>, die beim Braten kein Wasser abgibt und den Gaumen schon beim ersten Bissen verf\u00fchrt.  <\/p>\n<p class=\"\" data-start=\"1257\" data-end=\"1435\">Au\u00dferdem eignet sich diese Mischung f\u00fcr verschiedene Fleischsorten und kann in ausgefallenere Rezepte wie w\u00fcrzige Fleischb\u00e4llchen integriert werden.<\/p>\n<p class=\"\" data-start=\"1437\" data-end=\"1535\">Alles in allem ist es ein zuverl\u00e4ssiges, gleichm\u00e4\u00dfiges und schmackhaftes Produkt f\u00fcr Merguez, die den sch\u00f6nsten Sommergrills w\u00fcrdig sind.<\/p>\n<p data-start=\"1249\" data-end=\"1546\"><!--more--><\/p>\n<p data-start=\"1249\" data-end=\"1546\"><span style=\"font-weight: bold\">Dosierung:<\/span> 75 g pro kg Fleischpaste<\/p>\n<p><!--more--><\/p>\n<div style=\"font-family: Roboto, sans-serif\">\n<p><span style=\"color: #c79600;font-weight: bold\">Zusammensetzung: <\/span>Salz \/ Gew\u00fcrze und Kr\u00e4uter \/ Glukosesirup \/ Dextrose \/ R\u00fcbenpulver E-162 \/ nat\u00fcrliche Aromen \/ Sonnenblumen\u00f6l \/ Natriumacetat E-262 (2.5%) \/ Ascorbins\u00e4ure E-300 (0.83%).<\/p>\n<\/div>\n<p>&nbsp;<\/p>\n<p><!--more--><\/p>\n<div style=\"font-family: Roboto, sans-serif\">\n<h4>Ihre Vorteile :<\/h4>\n<ul>\n<li>Ausgewogene Mischung mit kr\u00e4ftigem Geschmack.<\/li>\n<li>Nat\u00fcrliche Flamingofarbe.<\/li>\n<li>Dank seiner 8-kg-Verpackung ist es ideal f\u00fcr den professionellen Einsatz.<\/li>\n<li>Perfekt f\u00fcr Metzger, Feinkosth\u00e4ndler und Gastronomen.<\/li>\n<li>Mit mehreren Fleischsorten kompatibel.<\/li>\n<\/ul>\n<p>&nbsp;<\/p>\n<\/div>\n<p><!--more--><\/p>\n<div style=\"font-family: Roboto, sans-serif\">\n<h4>Weitere Informationen :<\/h4>\n<ul>\n<li><strong>Verpackung<\/strong>: 8kg Eimer<\/li>\n<li><strong>Typ<\/strong>: Merguez flamboyante<\/li>\n<\/ul>\n<p>&nbsp;<\/p>\n<\/div>\n<p><!--more--><\/p>\n<p>Finden Sie hier unsere Merguez-Vollw\u00fcrzgew\u00fcrze : <span style=\"color: #d12727\"><a style=\"color: #d12727\" href=\"https:\/\/www.csj-emballages.com\/es\/produit\/especias-halal-merguez-18-kg\/\">10485<\/a><\/span><\/p>\n<div style=\"font-family: Roboto, sans-serif\">\n<p>&nbsp;<\/p>\n<\/div>\n<p><!--more--><\/p>\n<div style=\"font-family: Roboto, sans-serif\">\n<p><a href=\"https:\/\/www.csj-emballages.com\/de\/categorie-produit\/lebensmittel\/gewurze\/zusammengesetzte-gewurze\/merguez-wurstchen-chorizos\/\">Sehen Sie sich den Rest unseres Sortiments an Gew\u00fcrzen f\u00fcr W\u00fcrstchen \/ Merguez \/ Chorizos an<\/a><\/p>\n<\/div>\n","protected":false},"excerpt":{"rendered":"<p>Gew\u00fcrze Merguez flamboyante Beschreibung von unserem Gew\u00fcrz Merguez flamboyante in 8kg<\/p>\n","protected":false},"featured_media":231393,"template":"","meta":{"_acf_changed":false},"product_brand":[],"product_cat":[1144,1441,1779,1853],"product_tag":[],"class_list":{"0":"post-18331","1":"product","2":"type-product","3":"status-publish","4":"has-post-thumbnail","6":"product_cat-lebensmittel","7":"product_cat-gewurze","8":"product_cat-zusammengesetzte-gewurze","9":"product_cat-merguez-wurstchen-chorizos","11":"first","12":"instock","13":"taxable","14":"shipping-taxable","15":"purchasable","16":"product-type-simple"},"acf":[],"yoast_head":"<!-- This site is optimized with the Yoast SEO Premium plugin v26.6 (Yoast SEO v26.6) - https:\/\/yoast.com\/wordpress\/plugins\/seo\/ -->\n<title>Gew\u00fcrze Merguez Flamboyante in 8kg<\/title>\n<meta name=\"description\" content=\"Gew\u00fcrzmischung Merguez flamboyante 8 kg: authentischer Geschmack, intensive Farbe, ideal f\u00fcr Profis in der Metzgerei und im Gastgewerbe.\" \/>\n<meta name=\"robots\" content=\"index, follow, max-snippet:-1, max-image-preview:large, max-video-preview:-1\" \/>\n<link rel=\"canonical\" href=\"https:\/\/www.csj-emballages.com\/de\/produit\/gewuerze-merguez-flamboyante-8-kg\/\" \/>\n<meta property=\"og:locale\" content=\"de_DE\" \/>\n<meta property=\"og:type\" content=\"article\" \/>\n<meta property=\"og:title\" content=\"Gew\u00fcrze Merguez flamboyante in 8kg\" \/>\n<meta property=\"og:description\" content=\"Gew\u00fcrzmischung Merguez flamboyante 8 kg: authentischer Geschmack, intensive Farbe, ideal f\u00fcr Profis in der Metzgerei und im Gastgewerbe.\" \/>\n<meta property=\"og:url\" content=\"https:\/\/www.csj-emballages.com\/de\/produit\/gewuerze-merguez-flamboyante-8-kg\/\" \/>\n<meta property=\"og:site_name\" content=\"CSJ Emballages\" \/>\n<meta property=\"article:publisher\" content=\"https:\/\/www.facebook.com\/csjemballages\" \/>\n<meta property=\"article:modified_time\" content=\"2026-04-01T00:10:37+00:00\" \/>\n<meta property=\"og:image\" content=\"https:\/\/www.csj-emballages.com\/wp-content\/uploads\/2024\/03\/Merguez-flamnboyante-1.webp\" \/>\n\t<meta property=\"og:image:width\" content=\"800\" \/>\n\t<meta property=\"og:image:height\" content=\"800\" \/>\n\t<meta property=\"og:image:type\" content=\"image\/webp\" \/>\n<meta name=\"twitter:card\" content=\"summary_large_image\" \/>\n<meta name=\"twitter:label1\" content=\"Gesch\u00e4tzte Lesezeit\" \/>\n\t<meta name=\"twitter:data1\" content=\"1\u00a0Minute\" \/>\n<script type=\"application\/ld+json\" class=\"yoast-schema-graph\">{\"@context\":\"https:\/\/schema.org\",\"@graph\":[{\"@type\":\"WebPage\",\"@id\":\"https:\/\/www.csj-emballages.com\/de\/produit\/gewuerze-merguez-flamboyante-8-kg\/\",\"url\":\"https:\/\/www.csj-emballages.com\/de\/produit\/gewuerze-merguez-flamboyante-8-kg\/\",\"name\":\"Gew\u00fcrze Merguez Flamboyante in 8kg\",\"isPartOf\":{\"@id\":\"https:\/\/www.csj-emballages.com\/de\/#website\"},\"primaryImageOfPage\":{\"@id\":\"https:\/\/www.csj-emballages.com\/de\/produit\/gewuerze-merguez-flamboyante-8-kg\/#primaryimage\"},\"image\":{\"@id\":\"https:\/\/www.csj-emballages.com\/de\/produit\/gewuerze-merguez-flamboyante-8-kg\/#primaryimage\"},\"thumbnailUrl\":\"https:\/\/www.csj-emballages.com\/wp-content\/uploads\/2024\/03\/Merguez-flamnboyante-1.webp\",\"datePublished\":\"2024-03-01T15:59:38+00:00\",\"dateModified\":\"2026-04-01T00:10:37+00:00\",\"description\":\"Gew\u00fcrzmischung Merguez flamboyante 8 kg: authentischer Geschmack, intensive Farbe, ideal f\u00fcr Profis in der Metzgerei und im Gastgewerbe.\",\"breadcrumb\":{\"@id\":\"https:\/\/www.csj-emballages.com\/de\/produit\/gewuerze-merguez-flamboyante-8-kg\/#breadcrumb\"},\"inLanguage\":\"de\",\"potentialAction\":[{\"@type\":\"ReadAction\",\"target\":[\"https:\/\/www.csj-emballages.com\/de\/produit\/gewuerze-merguez-flamboyante-8-kg\/\"]}]},{\"@type\":\"ImageObject\",\"inLanguage\":\"de\",\"@id\":\"https:\/\/www.csj-emballages.com\/de\/produit\/gewuerze-merguez-flamboyante-8-kg\/#primaryimage\",\"url\":\"https:\/\/www.csj-emballages.com\/wp-content\/uploads\/2024\/03\/Merguez-flamnboyante-1.webp\",\"contentUrl\":\"https:\/\/www.csj-emballages.com\/wp-content\/uploads\/2024\/03\/Merguez-flamnboyante-1.webp\",\"width\":800,\"height\":800,\"caption\":\"\u00c9pices merguez flamboyante\"},{\"@type\":\"BreadcrumbList\",\"@id\":\"https:\/\/www.csj-emballages.com\/de\/produit\/gewuerze-merguez-flamboyante-8-kg\/#breadcrumb\",\"itemListElement\":[{\"@type\":\"ListItem\",\"position\":1,\"name\":\"Accueil\",\"item\":\"https:\/\/www.csj-emballages.com\/de\/universum-lebensmittelverpackungen\/\"},{\"@type\":\"ListItem\",\"position\":2,\"name\":\"Shop\",\"item\":\"https:\/\/www.csj-emballages.com\/shop\/\"},{\"@type\":\"ListItem\",\"position\":3,\"name\":\"Gew\u00fcrze Merguez flamboyante in 8kg\"}]},{\"@type\":\"WebSite\",\"@id\":\"https:\/\/www.csj-emballages.com\/de\/#website\",\"url\":\"https:\/\/www.csj-emballages.com\/de\/\",\"name\":\"CSJ Emballages\",\"description\":\"\",\"publisher\":{\"@id\":\"https:\/\/www.csj-emballages.com\/de\/#organization\"},\"potentialAction\":[{\"@type\":\"SearchAction\",\"target\":{\"@type\":\"EntryPoint\",\"urlTemplate\":\"https:\/\/www.csj-emballages.com\/de\/?s={search_term_string}\"},\"query-input\":{\"@type\":\"PropertyValueSpecification\",\"valueRequired\":true,\"valueName\":\"search_term_string\"}}],\"inLanguage\":\"de\"},{\"@type\":\"Organization\",\"@id\":\"https:\/\/www.csj-emballages.com\/de\/#Organization\/\",\"name\":\"CSJ Emballages\",\"url\":\"https:\/\/www.csj-emballages.com\/de\/\",\"logo\":{\"@type\":\"ImageObject\",\"inLanguage\":\"de\",\"@id\":\"https:\/\/www.csj-emballages.com\/de\/#\/schema\/logo\/image\/\",\"url\":\"https:\/\/www.csj-emballages.com\/wp-content\/uploads\/2023\/10\/logo_csj.webp\",\"contentUrl\":\"https:\/\/www.csj-emballages.com\/wp-content\/uploads\/2023\/10\/logo_csj.webp\",\"width\":250,\"height\":95,\"caption\":\"CSJ Emballages\"},\"image\":{\"@id\":\"https:\/\/www.csj-emballages.com\/de\/#\/schema\/logo\/image\/\"},\"sameAs\":[\"https:\/\/www.facebook.com\/csjemballages\"],\"address\":{\"@type\":\"PostalAddress\",\"streetAddress\":\"ZI La Lechere\",\"addressLocality\":\"Patornay\",\"postalCode\":\"39130\",\"addressCountry\":\"FR\"},\"contactPoint\":[{\"@type\":\"ContactPoint\",\"contactType\":\"Service client\",\"telephone\":\"0384254272\",\"email\":\"contact@csj-emballages.com\"}]}]}<\/script>\n<!-- \/ Yoast SEO Premium plugin. -->","yoast_head_json":{"title":"Gew\u00fcrze Merguez Flamboyante in 8kg","description":"Gew\u00fcrzmischung Merguez flamboyante 8 kg: authentischer Geschmack, intensive Farbe, ideal f\u00fcr Profis in der Metzgerei und im Gastgewerbe.","robots":{"index":"index","follow":"follow","max-snippet":"max-snippet:-1","max-image-preview":"max-image-preview:large","max-video-preview":"max-video-preview:-1"},"canonical":"https:\/\/www.csj-emballages.com\/de\/produit\/gewuerze-merguez-flamboyante-8-kg\/","og_locale":"de_DE","og_type":"article","og_title":"Gew\u00fcrze Merguez flamboyante in 8kg","og_description":"Gew\u00fcrzmischung Merguez flamboyante 8 kg: authentischer Geschmack, intensive Farbe, ideal f\u00fcr Profis in der Metzgerei und im Gastgewerbe.","og_url":"https:\/\/www.csj-emballages.com\/de\/produit\/gewuerze-merguez-flamboyante-8-kg\/","og_site_name":"CSJ Emballages","article_publisher":"https:\/\/www.facebook.com\/csjemballages","article_modified_time":"2026-04-01T00:10:37+00:00","og_image":[{"width":800,"height":800,"url":"https:\/\/www.csj-emballages.com\/wp-content\/uploads\/2024\/03\/Merguez-flamnboyante-1.webp","type":"image\/webp"}],"twitter_card":"summary_large_image","twitter_misc":{"Gesch\u00e4tzte Lesezeit":"1\u00a0Minute"},"schema":{"@context":"https:\/\/schema.org","@graph":[{"@type":"WebPage","@id":"https:\/\/www.csj-emballages.com\/de\/produit\/gewuerze-merguez-flamboyante-8-kg\/","url":"https:\/\/www.csj-emballages.com\/de\/produit\/gewuerze-merguez-flamboyante-8-kg\/","name":"Gew\u00fcrze Merguez Flamboyante in 8kg","isPartOf":{"@id":"https:\/\/www.csj-emballages.com\/de\/#website"},"primaryImageOfPage":{"@id":"https:\/\/www.csj-emballages.com\/de\/produit\/gewuerze-merguez-flamboyante-8-kg\/#primaryimage"},"image":{"@id":"https:\/\/www.csj-emballages.com\/de\/produit\/gewuerze-merguez-flamboyante-8-kg\/#primaryimage"},"thumbnailUrl":"https:\/\/www.csj-emballages.com\/wp-content\/uploads\/2024\/03\/Merguez-flamnboyante-1.webp","datePublished":"2024-03-01T15:59:38+00:00","dateModified":"2026-04-01T00:10:37+00:00","description":"Gew\u00fcrzmischung Merguez flamboyante 8 kg: authentischer Geschmack, intensive Farbe, ideal f\u00fcr Profis in der Metzgerei und im Gastgewerbe.","breadcrumb":{"@id":"https:\/\/www.csj-emballages.com\/de\/produit\/gewuerze-merguez-flamboyante-8-kg\/#breadcrumb"},"inLanguage":"de","potentialAction":[{"@type":"ReadAction","target":["https:\/\/www.csj-emballages.com\/de\/produit\/gewuerze-merguez-flamboyante-8-kg\/"]}]},{"@type":"ImageObject","inLanguage":"de","@id":"https:\/\/www.csj-emballages.com\/de\/produit\/gewuerze-merguez-flamboyante-8-kg\/#primaryimage","url":"https:\/\/www.csj-emballages.com\/wp-content\/uploads\/2024\/03\/Merguez-flamnboyante-1.webp","contentUrl":"https:\/\/www.csj-emballages.com\/wp-content\/uploads\/2024\/03\/Merguez-flamnboyante-1.webp","width":800,"height":800,"caption":"\u00c9pices merguez flamboyante"},{"@type":"BreadcrumbList","@id":"https:\/\/www.csj-emballages.com\/de\/produit\/gewuerze-merguez-flamboyante-8-kg\/#breadcrumb","itemListElement":[{"@type":"ListItem","position":1,"name":"Accueil","item":"https:\/\/www.csj-emballages.com\/de\/universum-lebensmittelverpackungen\/"},{"@type":"ListItem","position":2,"name":"Shop","item":"https:\/\/www.csj-emballages.com\/shop\/"},{"@type":"ListItem","position":3,"name":"Gew\u00fcrze Merguez flamboyante in 8kg"}]},{"@type":"WebSite","@id":"https:\/\/www.csj-emballages.com\/de\/#website","url":"https:\/\/www.csj-emballages.com\/de\/","name":"CSJ Emballages","description":"","publisher":{"@id":"https:\/\/www.csj-emballages.com\/de\/#organization"},"potentialAction":[{"@type":"SearchAction","target":{"@type":"EntryPoint","urlTemplate":"https:\/\/www.csj-emballages.com\/de\/?s={search_term_string}"},"query-input":{"@type":"PropertyValueSpecification","valueRequired":true,"valueName":"search_term_string"}}],"inLanguage":"de"},{"@type":"Organization","@id":"https:\/\/www.csj-emballages.com\/de\/#Organization\/","name":"CSJ Emballages","url":"https:\/\/www.csj-emballages.com\/de\/","logo":{"@type":"ImageObject","inLanguage":"de","@id":"https:\/\/www.csj-emballages.com\/de\/#\/schema\/logo\/image\/","url":"https:\/\/www.csj-emballages.com\/wp-content\/uploads\/2023\/10\/logo_csj.webp","contentUrl":"https:\/\/www.csj-emballages.com\/wp-content\/uploads\/2023\/10\/logo_csj.webp","width":250,"height":95,"caption":"CSJ Emballages"},"image":{"@id":"https:\/\/www.csj-emballages.com\/de\/#\/schema\/logo\/image\/"},"sameAs":["https:\/\/www.facebook.com\/csjemballages"],"address":{"@type":"PostalAddress","streetAddress":"ZI La Lechere","addressLocality":"Patornay","postalCode":"39130","addressCountry":"FR"},"contactPoint":[{"@type":"ContactPoint","contactType":"Service client","telephone":"0384254272","email":"contact@csj-emballages.com"}]}]}},"df_price":59.95,"df_sale_price":"","df_regular_price":59.95,"df_image_link":"https:\/\/www.csj-emballages.com\/wp-content\/uploads\/2024\/03\/Merguez-flamnboyante-1-300x300.webp","tiered_pricing_type":"fixed","tiered_pricing_fixed_rules":[],"tiered_pricing_percentage_rules":[],"tiered_pricing_minimum":1,"tiered_pricing_roles_data":[],"_links":{"self":[{"href":"https:\/\/www.csj-emballages.com\/de\/wp-json\/wp\/v2\/product\/18331","targetHints":{"allow":["GET"]}}],"collection":[{"href":"https:\/\/www.csj-emballages.com\/de\/wp-json\/wp\/v2\/product"}],"about":[{"href":"https:\/\/www.csj-emballages.com\/de\/wp-json\/wp\/v2\/types\/product"}],"wp:featuredmedia":[{"embeddable":true,"href":"https:\/\/www.csj-emballages.com\/de\/wp-json\/wp\/v2\/media\/231393"}],"wp:attachment":[{"href":"https:\/\/www.csj-emballages.com\/de\/wp-json\/wp\/v2\/media?parent=18331"}],"wp:term":[{"taxonomy":"product_brand","embeddable":true,"href":"https:\/\/www.csj-emballages.com\/de\/wp-json\/wp\/v2\/product_brand?post=18331"},{"taxonomy":"product_cat","embeddable":true,"href":"https:\/\/www.csj-emballages.com\/de\/wp-json\/wp\/v2\/product_cat?post=18331"},{"taxonomy":"product_tag","embeddable":true,"href":"https:\/\/www.csj-emballages.com\/de\/wp-json\/wp\/v2\/product_tag?post=18331"}],"curies":[{"name":"wp","href":"https:\/\/api.w.org\/{rel}","templated":true}]}}