{"id":18327,"date":"2024-03-01T16:59:39","date_gmt":"2024-03-01T15:59:39","guid":{"rendered":"https:\/\/u15jnbdpoq.preview.infomaniak.website\/produit\/gewuerze-wurst-fleisch-mit-kraeutern-5-kg\/"},"modified":"2026-04-22T02:10:18","modified_gmt":"2026-04-22T00:10:18","slug":"gewuerze-wurst-fleisch-mit-kraeutern-5-kg","status":"publish","type":"product","link":"https:\/\/www.csj-emballages.com\/de\/produit\/gewuerze-wurst-fleisch-mit-kraeutern-5-kg\/","title":{"rendered":"Gew\u00fcrze Fleischwurst mit Kr\u00e4utern in 5kg"},"content":{"rendered":"<h2>Gew\u00fcrze Wurst Fleisch Fleisch mit Kr\u00e4utern<\/h2>\n<hr>\n<h3>Beschreibung von unserem Gew\u00fcrz Wurst Fleisch mit Kr\u00e4utern in 5kg<\/h3>\n<p><!--more--><\/p>\n<p class=\"\" data-start=\"317\" data-end=\"681\">Verleihen Sie Ihren hausgemachten Zubereitungen mit unserer <strong>Gew\u00fcrzmischung<\/strong>, die speziell f\u00fcr <strong>Kr\u00e4uterbratw\u00fcrste<\/strong> entwickelt wurde, einen besonderen Charakter. Diese <strong>Mischung<\/strong> wurde f\u00fcr professionelle Metzger, Feinkosth\u00e4ndler, aber auch f\u00fcr Liebhaber der Hausmannskost entwickelt. Diese geschickt ausgewogene <strong>Mischung<\/strong> hebt den Geschmack des Fleisches perfekt hervor, ohne den Eigengeschmack zu \u00fcberdecken. <\/p>\n<p class=\"\" data-start=\"683\" data-end=\"1056\">Sie besteht aus einer <strong>Auswahl an aromatischen Kr\u00e4utern<\/strong>, milden Gew\u00fcrzen und nat\u00fcrlichen Aromen und sorgt f\u00fcr den authentischen, duftenden Geschmack, der an Rezepte aus unserer Heimat erinnert. Ob Sie nun W\u00fcrstchen zum Grillen, Braten oder als Zutat in Fertiggerichten zubereiten, diese Mischung garantiert bei jeder Verwendung ein schmackhaftes und gleichbleibendes Ergebnis. <\/p>\n<p class=\"\" data-start=\"1058\" data-end=\"1370\">Sie l\u00e4sst sich leicht dosieren und in Ihr <strong>Br\u00e4t<\/strong> einarbeiten, spart Ihnen Zeit und bietet gleichzeitig eine professionelle Qualit\u00e4t, die den Erwartungen Ihrer Kunden oder G\u00e4ste gerecht wird. Diese Mischung ist au\u00dferdem frei von k\u00fcnstlichen Farb- und Konservierungsstoffen und sorgt so f\u00fcr eine ges\u00fcndere und nat\u00fcrlichere K\u00fcche. <\/p>\n<p class=\"\" data-start=\"1372\" data-end=\"1553\">Ideal f\u00fcr die Herstellung frischer hausgemachter <strong>W\u00fcrste<\/strong> mit einem Hauch von Kr\u00e4utern. Dieses Produkt eignet sich f\u00fcr alle, die ihre Zubereitungen verfeinern m\u00f6chten, ohne beim Geschmack zu schummeln.<\/p>\n<p data-start=\"1249\" data-end=\"1546\"><!--more--><\/p>\n<p data-start=\"1249\" data-end=\"1546\"><span style=\"font-weight: bold\">Dosierung:<\/span> 40 g pro kg Fleisch<\/p>\n<p><!--more--><\/p>\n<div style=\"font-family: Roboto, sans-serif\">\n<p><span style=\"color: #c79600;font-weight: bold\">Zusammensetzung:<\/span> Salz \/ Glukosesirup \/ Gew\u00fcrze \/ Zucker (Dextrose, Saccharose) \/ Natriumacetat E-262 (2.2% ausgedr\u00fcckt in Milchs\u00e4ure) \/ Aroma \/ Natriumisoascorbat E-316 (1.2%) \/ Zitronens\u00e4ure E-330 (1.2%) \/ Natriumascorbat E-301 (0.5%) \/ Kaliumnitrit E-252 (0.35%) In der Referenz enthaltene Allergene: keine<\/p>\n<\/div>\n<p>&nbsp;<\/p>\n<p><!--more--><\/p>\n<div style=\"font-family: Roboto, sans-serif\">\n<h4>Ihre Vorteile :<\/h4>\n<ul>\n<li>Ausgewogene Mischung f\u00fcr einen authentischen Kr\u00e4utergeschmack.<\/li>\n<li>Geeignet f\u00fcr Profis und Hobbyk\u00f6che.<\/li>\n<li>Ohne Farb- und Konservierungsstoffe.<\/li>\n<li>Einfach zu verwenden und zu dosieren.<\/li>\n<li>Mit allen Arten von Hackfleisch kompatibel.<\/li>\n<\/ul>\n<p>&nbsp;<\/p>\n<\/div>\n<p><!--more--><\/p>\n<div style=\"font-family: Roboto, sans-serif\">\n<h4>Weitere Informationen :<\/h4>\n<ul>\n<li><strong>Verpackung<\/strong>: 5kg Eimer<\/li>\n<li><strong>Typ<\/strong>: Fleischwurst mit Kr\u00e4utern<\/li>\n<\/ul>\n<p>&nbsp;<\/p>\n<\/div>\n<p><!--more--><\/p>\n<h4>Hier finden Sie alle unsere Wurstgew\u00fcrze :<\/h4>\n<ul>\n<li><span style=\"color: #d12727\"><a style=\"color: #d12727\" href=\"https:\/\/www.csj-emballages.com\/pt-pt\/produit\/especiarias-salsicha-fresca-do-campo-sem-gluten-5-kg\/\">Gew\u00fcrze Landwurst (glutenfrei)<\/a><\/span><\/li>\n<li><span style=\"color: #d12727\"><a style=\"color: #d12727\" href=\"https:\/\/www.csj-emballages.com\/pt-pt\/produit\/especiarias-sem-gluten-sem-lactose-salsicha-fresca-5-kg\/\">Gew\u00fcrze Wurst glutenfrei \/ laktosefrei<\/a><\/span><\/li>\n<li><span style=\"color: #d12727\"><a style=\"color: #d12727\" href=\"https:\/\/www.csj-emballages.com\/pt-pt\/produit\/especiarias-para-salsichas-com-malagueta-espelette-2-kg\/\">Gew\u00fcrze Wurst Piment d&#8217;Espelette<\/a><\/span><\/li>\n<li><span style=\"color: #d12727\"><a style=\"color: #d12727\" href=\"https:\/\/www.csj-emballages.com\/produit\/epices-saucisse-francfort-2-kg\/\">Gew\u00fcrze wurst strasbourg<\/a><\/span><\/li>\n<li><span style=\"color: #d12727\"><a style=\"color: #d12727\" href=\"https:\/\/www.csj-emballages.com\/pt-pt\/produit\/especiarias-para-salsichas-azuis-5-kg\/\">Gew\u00fcrze Wurst mit Blauschimmelk\u00e4se<\/a><\/span><\/li>\n<\/ul>\n<div style=\"font-family: Roboto, sans-serif\">\n<p>&nbsp;<\/p>\n<\/div>\n<p><!--more--><\/p>\n<div style=\"font-family: Roboto, sans-serif\">\n<p><a href=\"https:\/\/www.csj-emballages.com\/de\/categorie-produit\/lebensmittel\/gewurze\/zusammengesetzte-gewurze\/merguez-wurstchen-chorizos\/\">Sehen Sie sich den Rest unseres Sortiments an Gew\u00fcrzen f\u00fcr W\u00fcrstchen \/ Merguez \/ Chorizos an<\/a><\/p>\n<\/div>\n","protected":false},"excerpt":{"rendered":"<p>Gew\u00fcrze Wurst Fleisch Fleisch mit Kr\u00e4utern Beschreibung von unserem Gew\u00fcrz Wurst Fleisch mit Kr\u00e4utern in 5kg<\/p>\n","protected":false},"featured_media":231401,"template":"","meta":{"_acf_changed":false},"product_brand":[],"product_cat":[1144,1441,1779,1853],"product_tag":[],"class_list":{"0":"post-18327","1":"product","2":"type-product","3":"status-publish","4":"has-post-thumbnail","6":"product_cat-lebensmittel","7":"product_cat-gewurze","8":"product_cat-zusammengesetzte-gewurze","9":"product_cat-merguez-wurstchen-chorizos","11":"first","12":"instock","13":"taxable","14":"shipping-taxable","15":"purchasable","16":"product-type-simple"},"acf":[],"yoast_head":"<!-- This site is optimized with the Yoast SEO Premium plugin v26.6 (Yoast SEO v26.6) - https:\/\/yoast.com\/wordpress\/plugins\/seo\/ -->\n<title>Gew\u00fcrze Wurst Fleisch mit Kr\u00e4utern in 5kg<\/title>\n<meta name=\"description\" content=\"Gew\u00fcrzmischung f\u00fcr Kr\u00e4uterbratwurst: Veredeln Sie Ihre hausgemachten oder professionellen Zubereitungen mit nat\u00fcrlichen Aromen und authentischem Geschmack.\" \/>\n<meta name=\"robots\" content=\"index, follow, max-snippet:-1, max-image-preview:large, max-video-preview:-1\" \/>\n<link rel=\"canonical\" href=\"https:\/\/www.csj-emballages.com\/de\/produit\/gewuerze-wurst-fleisch-mit-kraeutern-5-kg\/\" \/>\n<meta property=\"og:locale\" content=\"de_DE\" \/>\n<meta property=\"og:type\" content=\"article\" \/>\n<meta property=\"og:title\" content=\"Gew\u00fcrze Fleischwurst mit Kr\u00e4utern in 5kg\" \/>\n<meta property=\"og:description\" content=\"Gew\u00fcrzmischung f\u00fcr Kr\u00e4uterbratwurst: Veredeln Sie Ihre hausgemachten oder professionellen Zubereitungen mit nat\u00fcrlichen Aromen und authentischem Geschmack.\" \/>\n<meta property=\"og:url\" content=\"https:\/\/www.csj-emballages.com\/de\/produit\/gewuerze-wurst-fleisch-mit-kraeutern-5-kg\/\" \/>\n<meta property=\"og:site_name\" content=\"CSJ Emballages\" \/>\n<meta property=\"article:publisher\" content=\"https:\/\/www.facebook.com\/csjemballages\" \/>\n<meta property=\"article:modified_time\" content=\"2026-04-22T00:10:18+00:00\" \/>\n<meta property=\"og:image\" content=\"https:\/\/www.csj-emballages.com\/wp-content\/uploads\/2024\/03\/Epices-saucisse-chair-aux-herbes.webp\" \/>\n\t<meta property=\"og:image:width\" content=\"800\" \/>\n\t<meta property=\"og:image:height\" content=\"800\" \/>\n\t<meta property=\"og:image:type\" content=\"image\/webp\" \/>\n<meta name=\"twitter:card\" content=\"summary_large_image\" \/>\n<meta name=\"twitter:label1\" content=\"Gesch\u00e4tzte Lesezeit\" \/>\n\t<meta name=\"twitter:data1\" content=\"2 Minuten\" \/>\n<script type=\"application\/ld+json\" class=\"yoast-schema-graph\">{\"@context\":\"https:\/\/schema.org\",\"@graph\":[{\"@type\":\"WebPage\",\"@id\":\"https:\/\/www.csj-emballages.com\/de\/produit\/gewuerze-wurst-fleisch-mit-kraeutern-5-kg\/\",\"url\":\"https:\/\/www.csj-emballages.com\/de\/produit\/gewuerze-wurst-fleisch-mit-kraeutern-5-kg\/\",\"name\":\"Gew\u00fcrze Wurst Fleisch mit Kr\u00e4utern in 5kg\",\"isPartOf\":{\"@id\":\"https:\/\/www.csj-emballages.com\/de\/#website\"},\"primaryImageOfPage\":{\"@id\":\"https:\/\/www.csj-emballages.com\/de\/produit\/gewuerze-wurst-fleisch-mit-kraeutern-5-kg\/#primaryimage\"},\"image\":{\"@id\":\"https:\/\/www.csj-emballages.com\/de\/produit\/gewuerze-wurst-fleisch-mit-kraeutern-5-kg\/#primaryimage\"},\"thumbnailUrl\":\"https:\/\/www.csj-emballages.com\/wp-content\/uploads\/2024\/03\/Epices-saucisse-chair-aux-herbes.webp\",\"datePublished\":\"2024-03-01T15:59:39+00:00\",\"dateModified\":\"2026-04-22T00:10:18+00:00\",\"description\":\"Gew\u00fcrzmischung f\u00fcr Kr\u00e4uterbratwurst: Veredeln Sie Ihre hausgemachten oder professionellen Zubereitungen mit nat\u00fcrlichen Aromen und authentischem Geschmack.\",\"breadcrumb\":{\"@id\":\"https:\/\/www.csj-emballages.com\/de\/produit\/gewuerze-wurst-fleisch-mit-kraeutern-5-kg\/#breadcrumb\"},\"inLanguage\":\"de\",\"potentialAction\":[{\"@type\":\"ReadAction\",\"target\":[\"https:\/\/www.csj-emballages.com\/de\/produit\/gewuerze-wurst-fleisch-mit-kraeutern-5-kg\/\"]}]},{\"@type\":\"ImageObject\",\"inLanguage\":\"de\",\"@id\":\"https:\/\/www.csj-emballages.com\/de\/produit\/gewuerze-wurst-fleisch-mit-kraeutern-5-kg\/#primaryimage\",\"url\":\"https:\/\/www.csj-emballages.com\/wp-content\/uploads\/2024\/03\/Epices-saucisse-chair-aux-herbes.webp\",\"contentUrl\":\"https:\/\/www.csj-emballages.com\/wp-content\/uploads\/2024\/03\/Epices-saucisse-chair-aux-herbes.webp\",\"width\":800,\"height\":800,\"caption\":\"\u00c9pices saucisse chair aux herbes\"},{\"@type\":\"BreadcrumbList\",\"@id\":\"https:\/\/www.csj-emballages.com\/de\/produit\/gewuerze-wurst-fleisch-mit-kraeutern-5-kg\/#breadcrumb\",\"itemListElement\":[{\"@type\":\"ListItem\",\"position\":1,\"name\":\"Accueil\",\"item\":\"https:\/\/www.csj-emballages.com\/de\/universum-lebensmittelverpackungen\/\"},{\"@type\":\"ListItem\",\"position\":2,\"name\":\"Shop\",\"item\":\"https:\/\/www.csj-emballages.com\/shop\/\"},{\"@type\":\"ListItem\",\"position\":3,\"name\":\"Gew\u00fcrze Fleischwurst mit Kr\u00e4utern in 5kg\"}]},{\"@type\":\"WebSite\",\"@id\":\"https:\/\/www.csj-emballages.com\/de\/#website\",\"url\":\"https:\/\/www.csj-emballages.com\/de\/\",\"name\":\"CSJ Emballages\",\"description\":\"\",\"publisher\":{\"@id\":\"https:\/\/www.csj-emballages.com\/de\/#organization\"},\"potentialAction\":[{\"@type\":\"SearchAction\",\"target\":{\"@type\":\"EntryPoint\",\"urlTemplate\":\"https:\/\/www.csj-emballages.com\/de\/?s={search_term_string}\"},\"query-input\":{\"@type\":\"PropertyValueSpecification\",\"valueRequired\":true,\"valueName\":\"search_term_string\"}}],\"inLanguage\":\"de\"},{\"@type\":\"Organization\",\"@id\":\"https:\/\/www.csj-emballages.com\/de\/#Organization\/\",\"name\":\"CSJ Emballages\",\"url\":\"https:\/\/www.csj-emballages.com\/de\/\",\"logo\":{\"@type\":\"ImageObject\",\"inLanguage\":\"de\",\"@id\":\"https:\/\/www.csj-emballages.com\/de\/#\/schema\/logo\/image\/\",\"url\":\"https:\/\/www.csj-emballages.com\/wp-content\/uploads\/2023\/10\/logo_csj.webp\",\"contentUrl\":\"https:\/\/www.csj-emballages.com\/wp-content\/uploads\/2023\/10\/logo_csj.webp\",\"width\":250,\"height\":95,\"caption\":\"CSJ Emballages\"},\"image\":{\"@id\":\"https:\/\/www.csj-emballages.com\/de\/#\/schema\/logo\/image\/\"},\"sameAs\":[\"https:\/\/www.facebook.com\/csjemballages\"],\"address\":{\"@type\":\"PostalAddress\",\"streetAddress\":\"ZI La Lechere\",\"addressLocality\":\"Patornay\",\"postalCode\":\"39130\",\"addressCountry\":\"FR\"},\"contactPoint\":[{\"@type\":\"ContactPoint\",\"contactType\":\"Service client\",\"telephone\":\"0384254272\",\"email\":\"contact@csj-emballages.com\"}]}]}<\/script>\n<!-- \/ Yoast SEO Premium plugin. -->","yoast_head_json":{"title":"Gew\u00fcrze Wurst Fleisch mit Kr\u00e4utern in 5kg","description":"Gew\u00fcrzmischung f\u00fcr Kr\u00e4uterbratwurst: Veredeln Sie Ihre hausgemachten oder professionellen Zubereitungen mit nat\u00fcrlichen Aromen und authentischem Geschmack.","robots":{"index":"index","follow":"follow","max-snippet":"max-snippet:-1","max-image-preview":"max-image-preview:large","max-video-preview":"max-video-preview:-1"},"canonical":"https:\/\/www.csj-emballages.com\/de\/produit\/gewuerze-wurst-fleisch-mit-kraeutern-5-kg\/","og_locale":"de_DE","og_type":"article","og_title":"Gew\u00fcrze Fleischwurst mit Kr\u00e4utern in 5kg","og_description":"Gew\u00fcrzmischung f\u00fcr Kr\u00e4uterbratwurst: Veredeln Sie Ihre hausgemachten oder professionellen Zubereitungen mit nat\u00fcrlichen Aromen und authentischem Geschmack.","og_url":"https:\/\/www.csj-emballages.com\/de\/produit\/gewuerze-wurst-fleisch-mit-kraeutern-5-kg\/","og_site_name":"CSJ Emballages","article_publisher":"https:\/\/www.facebook.com\/csjemballages","article_modified_time":"2026-04-22T00:10:18+00:00","og_image":[{"width":800,"height":800,"url":"https:\/\/www.csj-emballages.com\/wp-content\/uploads\/2024\/03\/Epices-saucisse-chair-aux-herbes.webp","type":"image\/webp"}],"twitter_card":"summary_large_image","twitter_misc":{"Gesch\u00e4tzte Lesezeit":"2 Minuten"},"schema":{"@context":"https:\/\/schema.org","@graph":[{"@type":"WebPage","@id":"https:\/\/www.csj-emballages.com\/de\/produit\/gewuerze-wurst-fleisch-mit-kraeutern-5-kg\/","url":"https:\/\/www.csj-emballages.com\/de\/produit\/gewuerze-wurst-fleisch-mit-kraeutern-5-kg\/","name":"Gew\u00fcrze Wurst Fleisch mit Kr\u00e4utern in 5kg","isPartOf":{"@id":"https:\/\/www.csj-emballages.com\/de\/#website"},"primaryImageOfPage":{"@id":"https:\/\/www.csj-emballages.com\/de\/produit\/gewuerze-wurst-fleisch-mit-kraeutern-5-kg\/#primaryimage"},"image":{"@id":"https:\/\/www.csj-emballages.com\/de\/produit\/gewuerze-wurst-fleisch-mit-kraeutern-5-kg\/#primaryimage"},"thumbnailUrl":"https:\/\/www.csj-emballages.com\/wp-content\/uploads\/2024\/03\/Epices-saucisse-chair-aux-herbes.webp","datePublished":"2024-03-01T15:59:39+00:00","dateModified":"2026-04-22T00:10:18+00:00","description":"Gew\u00fcrzmischung f\u00fcr Kr\u00e4uterbratwurst: Veredeln Sie Ihre hausgemachten oder professionellen Zubereitungen mit nat\u00fcrlichen Aromen und authentischem Geschmack.","breadcrumb":{"@id":"https:\/\/www.csj-emballages.com\/de\/produit\/gewuerze-wurst-fleisch-mit-kraeutern-5-kg\/#breadcrumb"},"inLanguage":"de","potentialAction":[{"@type":"ReadAction","target":["https:\/\/www.csj-emballages.com\/de\/produit\/gewuerze-wurst-fleisch-mit-kraeutern-5-kg\/"]}]},{"@type":"ImageObject","inLanguage":"de","@id":"https:\/\/www.csj-emballages.com\/de\/produit\/gewuerze-wurst-fleisch-mit-kraeutern-5-kg\/#primaryimage","url":"https:\/\/www.csj-emballages.com\/wp-content\/uploads\/2024\/03\/Epices-saucisse-chair-aux-herbes.webp","contentUrl":"https:\/\/www.csj-emballages.com\/wp-content\/uploads\/2024\/03\/Epices-saucisse-chair-aux-herbes.webp","width":800,"height":800,"caption":"\u00c9pices saucisse chair aux herbes"},{"@type":"BreadcrumbList","@id":"https:\/\/www.csj-emballages.com\/de\/produit\/gewuerze-wurst-fleisch-mit-kraeutern-5-kg\/#breadcrumb","itemListElement":[{"@type":"ListItem","position":1,"name":"Accueil","item":"https:\/\/www.csj-emballages.com\/de\/universum-lebensmittelverpackungen\/"},{"@type":"ListItem","position":2,"name":"Shop","item":"https:\/\/www.csj-emballages.com\/shop\/"},{"@type":"ListItem","position":3,"name":"Gew\u00fcrze Fleischwurst mit Kr\u00e4utern in 5kg"}]},{"@type":"WebSite","@id":"https:\/\/www.csj-emballages.com\/de\/#website","url":"https:\/\/www.csj-emballages.com\/de\/","name":"CSJ Emballages","description":"","publisher":{"@id":"https:\/\/www.csj-emballages.com\/de\/#organization"},"potentialAction":[{"@type":"SearchAction","target":{"@type":"EntryPoint","urlTemplate":"https:\/\/www.csj-emballages.com\/de\/?s={search_term_string}"},"query-input":{"@type":"PropertyValueSpecification","valueRequired":true,"valueName":"search_term_string"}}],"inLanguage":"de"},{"@type":"Organization","@id":"https:\/\/www.csj-emballages.com\/de\/#Organization\/","name":"CSJ Emballages","url":"https:\/\/www.csj-emballages.com\/de\/","logo":{"@type":"ImageObject","inLanguage":"de","@id":"https:\/\/www.csj-emballages.com\/de\/#\/schema\/logo\/image\/","url":"https:\/\/www.csj-emballages.com\/wp-content\/uploads\/2023\/10\/logo_csj.webp","contentUrl":"https:\/\/www.csj-emballages.com\/wp-content\/uploads\/2023\/10\/logo_csj.webp","width":250,"height":95,"caption":"CSJ Emballages"},"image":{"@id":"https:\/\/www.csj-emballages.com\/de\/#\/schema\/logo\/image\/"},"sameAs":["https:\/\/www.facebook.com\/csjemballages"],"address":{"@type":"PostalAddress","streetAddress":"ZI La Lechere","addressLocality":"Patornay","postalCode":"39130","addressCountry":"FR"},"contactPoint":[{"@type":"ContactPoint","contactType":"Service client","telephone":"0384254272","email":"contact@csj-emballages.com"}]}]}},"df_price":34.34,"df_sale_price":"","df_regular_price":34.34,"df_image_link":"https:\/\/www.csj-emballages.com\/wp-content\/uploads\/2024\/03\/Epices-saucisse-chair-aux-herbes-300x300.webp","tiered_pricing_type":"fixed","tiered_pricing_fixed_rules":[],"tiered_pricing_percentage_rules":[],"tiered_pricing_minimum":1,"tiered_pricing_roles_data":[],"_links":{"self":[{"href":"https:\/\/www.csj-emballages.com\/de\/wp-json\/wp\/v2\/product\/18327","targetHints":{"allow":["GET"]}}],"collection":[{"href":"https:\/\/www.csj-emballages.com\/de\/wp-json\/wp\/v2\/product"}],"about":[{"href":"https:\/\/www.csj-emballages.com\/de\/wp-json\/wp\/v2\/types\/product"}],"wp:featuredmedia":[{"embeddable":true,"href":"https:\/\/www.csj-emballages.com\/de\/wp-json\/wp\/v2\/media\/231401"}],"wp:attachment":[{"href":"https:\/\/www.csj-emballages.com\/de\/wp-json\/wp\/v2\/media?parent=18327"}],"wp:term":[{"taxonomy":"product_brand","embeddable":true,"href":"https:\/\/www.csj-emballages.com\/de\/wp-json\/wp\/v2\/product_brand?post=18327"},{"taxonomy":"product_cat","embeddable":true,"href":"https:\/\/www.csj-emballages.com\/de\/wp-json\/wp\/v2\/product_cat?post=18327"},{"taxonomy":"product_tag","embeddable":true,"href":"https:\/\/www.csj-emballages.com\/de\/wp-json\/wp\/v2\/product_tag?post=18327"}],"curies":[{"name":"wp","href":"https:\/\/api.w.org\/{rel}","templated":true}]}}