{"id":18303,"date":"2024-03-01T16:59:39","date_gmt":"2024-03-01T15:59:39","guid":{"rendered":"https:\/\/u15jnbdpoq.preview.infomaniak.website\/produit\/wuerzmischung-vollkorn-couscous-1-kg\/"},"modified":"2026-04-22T02:10:17","modified_gmt":"2026-04-22T00:10:17","slug":"wuerzmischung-vollkorn-couscous-1-kg","status":"publish","type":"product","link":"https:\/\/www.csj-emballages.com\/de\/produit\/wuerzmischung-vollkorn-couscous-1-kg\/","title":{"rendered":"Couscous-Gew\u00fcrz 1 kg"},"content":{"rendered":"<h2>Couscous-Gew\u00fcrz<\/h2>\n<hr>\n<h3>Beschreibung unseres Couscous-Gew\u00fcrzes 1 kg<\/h3>\n<p><!--more--><\/p>\n<p data-start=\"156\" data-end=\"512\">Ein guter <strong>Couscous<\/strong> beginnt immer mit einer guten W\u00fcrze. Mit diesem <strong data-start=\"230\" data-end=\"262\">Couscous-Gew\u00fcrz 1 kg<\/strong> haben Sie eine ausgewogene Mischung zur Hand, die Ihren Gerichten sofort Charakter verleiht. Schon bei den ersten Prisen entfalten sich die Aromen und machen Appetit. Man braucht nicht viel: Der Geschmack ist da, ehrlich und warm.   <\/p>\n<p data-start=\"514\" data-end=\"944\">Diese Mischung wurde entwickelt, um die Zubereitung zu vereinfachen und gleichzeitig den Geist des traditionellen <strong>Couscous<\/strong> zu respektieren. Es integriert sich leicht in die Br\u00fche, umh\u00fcllt das <strong>Gem\u00fcse, verfeinert den Grie\u00df und passt hervorragend zu Fleischsorten wie Huhn, Lamm oder Merguez<\/strong>. So sparen Sie Zeit in der K\u00fcche, ohne auf Geschmack zu verzichten. Ob Sie f\u00fcr wenige Personen oder f\u00fcr einen gro\u00dfen Service kochen, das Ergebnis bleibt konstant.   <\/p>\n<p data-start=\"946\" data-end=\"1294\">Dank seines <strong data-start=\"958\" data-end=\"973\">1-kg-Formats<\/strong> ist diese W\u00fcrze ideal f\u00fcr Gastronomieprofis, Caterer, Gro\u00dfk\u00fcchen oder Zentralk\u00fcchen. Es erm\u00f6glicht die Verarbeitung gro\u00dfer Mengen bei perfekter Geschmackskontrolle. Zudem ist die <strong>Dosierung einfach<\/strong>, was Fehler vermeidet und eine von den Kunden gesch\u00e4tzte Gleichm\u00e4\u00dfigkeit gew\u00e4hrleistet.<\/p>\n<p data-start=\"1296\" data-end=\"1593\">Dar\u00fcber hinaus ist diese Mischung nicht nur auf Couscous beschr\u00e4nkt. Sie k\u00f6nnen es auch zum W\u00fcrzen von gebratenem Gem\u00fcse, Saucen, Schmorgerichten oder sogar Marinaden verwenden. Es ist ein wahrer Alltagshelfer, der sich an verschiedene Rezepte anpasst und dabei eine k\u00f6stliche orientalische Note verleiht.  <\/p>\n<p data-start=\"1595\" data-end=\"1731\">Zusammenfassend ist dieses <strong>Couscous-Gew\u00fcrz<\/strong> ein Muss f\u00fcr alle, die effizient, geschmackvoll und unkompliziert kochen m\u00f6chten.<\/p>\n<p><!--more--><\/p>\n<div style=\"box-sizing: inherit; font-family: Roboto, sans-serif;\">\n<h4>Vorteile :<\/h4>\n<ul>\n<li data-start=\"1759\" data-end=\"1794\">Ausgewogener und authentischer Geschmack.<\/li>\n<li data-start=\"1797\" data-end=\"1828\">Leicht zu dosieren und zu verwenden.<\/li>\n<li data-start=\"1831\" data-end=\"1881\">Ideal f\u00fcr Couscous, Br\u00fchen und Schmorgerichte.<\/li>\n<li data-start=\"1884\" data-end=\"1912\">Wirtschaftliches <strong>1-kg-Format<\/strong>.<\/li>\n<li data-start=\"1915\" data-end=\"1959\">Geeignet f\u00fcr den professionellen oder intensiven Gebrauch.<\/li>\n<\/ul>\n<p>&nbsp;<\/p>\n<\/div>\n<p><!--more--><\/p>\n<div style=\"box-sizing: inherit; font-family: Roboto, sans-serif;\">\n<h4>Weitere Informationen :<\/h4>\n<ul>\n<li><strong>Verpackung<\/strong>: Packung mit 1kg<\/li>\n<\/ul>\n<\/div>\n<div style=\"box-sizing: inherit; font-family: Roboto, sans-serif;\">\n<p>&nbsp;<\/p>\n<\/div>\n<p><!--more--><\/p>\n<div style=\"box-sizing: inherit; font-family: Roboto, sans-serif;\">\n<p><a href=\"https:\/\/www.csj-emballages.com\/de\/categorie-produit\/lebensmittel\/gewurze\/zusammengesetzte-gewurze\/fertiggerichte\/\">Entdecken Sie den Rest unseres Gew\u00fcrzsortiments f\u00fcr Gerichte<\/a><\/p>\n<\/div>\n","protected":false},"excerpt":{"rendered":"<p><strong><span style=\"color: #ff0000;\">Abgelaufen 04\/2026<\/span><\/strong><\/p>\n","protected":false},"featured_media":261529,"template":"","meta":{"_acf_changed":false},"product_brand":[],"product_cat":[1144,1441,1779,1850,11576],"product_tag":[],"class_list":{"0":"post-18303","1":"product","2":"type-product","3":"status-publish","4":"has-post-thumbnail","6":"product_cat-lebensmittel","7":"product_cat-gewurze","8":"product_cat-zusammengesetzte-gewurze","9":"product_cat-fertiggerichte","10":"product_cat-lagerbestand","12":"first","13":"instock","14":"sale","15":"taxable","16":"shipping-taxable","17":"purchasable","18":"product-type-simple"},"acf":[],"yoast_head":"<!-- This site is optimized with the Yoast SEO Premium plugin v26.6 (Yoast SEO v26.6) - https:\/\/yoast.com\/wordpress\/plugins\/seo\/ -->\n<title>Couscous-Gew\u00fcrz 1 kg<\/title>\n<meta name=\"description\" content=\"Couscous-Gew\u00fcrz 1 kg mit ausgewogenem Geschmack. Ideal zum W\u00fcrzen von Br\u00fchen, Fleisch und Gem\u00fcse. Profi-Format, leicht zu dosieren und vielseitig.\" \/>\n<meta name=\"robots\" content=\"index, follow, max-snippet:-1, max-image-preview:large, max-video-preview:-1\" \/>\n<link rel=\"canonical\" href=\"https:\/\/www.csj-emballages.com\/de\/produit\/wuerzmischung-vollkorn-couscous-1-kg\/\" \/>\n<meta property=\"og:locale\" content=\"de_DE\" \/>\n<meta property=\"og:type\" content=\"article\" \/>\n<meta property=\"og:title\" content=\"Couscous-Gew\u00fcrz 1 kg\" \/>\n<meta property=\"og:description\" content=\"Couscous-Gew\u00fcrz 1 kg mit ausgewogenem Geschmack. Ideal zum W\u00fcrzen von Br\u00fchen, Fleisch und Gem\u00fcse. Profi-Format, leicht zu dosieren und vielseitig.\" \/>\n<meta property=\"og:url\" content=\"https:\/\/www.csj-emballages.com\/de\/produit\/wuerzmischung-vollkorn-couscous-1-kg\/\" \/>\n<meta property=\"og:site_name\" content=\"CSJ Emballages\" \/>\n<meta property=\"article:publisher\" content=\"https:\/\/www.facebook.com\/csjemballages\" \/>\n<meta property=\"article:modified_time\" content=\"2026-04-22T00:10:17+00:00\" \/>\n<meta property=\"og:image\" content=\"https:\/\/www.csj-emballages.com\/wp-content\/uploads\/2024\/03\/Assaisonnement-couscous.webp\" \/>\n\t<meta property=\"og:image:width\" content=\"800\" \/>\n\t<meta property=\"og:image:height\" content=\"800\" \/>\n\t<meta property=\"og:image:type\" content=\"image\/webp\" \/>\n<meta name=\"twitter:card\" content=\"summary_large_image\" \/>\n<meta name=\"twitter:label1\" content=\"Gesch\u00e4tzte Lesezeit\" \/>\n\t<meta name=\"twitter:data1\" content=\"1\u00a0Minute\" \/>\n<script type=\"application\/ld+json\" class=\"yoast-schema-graph\">{\"@context\":\"https:\/\/schema.org\",\"@graph\":[{\"@type\":\"WebPage\",\"@id\":\"https:\/\/www.csj-emballages.com\/de\/produit\/wuerzmischung-vollkorn-couscous-1-kg\/\",\"url\":\"https:\/\/www.csj-emballages.com\/de\/produit\/wuerzmischung-vollkorn-couscous-1-kg\/\",\"name\":\"Couscous-Gew\u00fcrz 1 kg\",\"isPartOf\":{\"@id\":\"https:\/\/www.csj-emballages.com\/de\/#website\"},\"primaryImageOfPage\":{\"@id\":\"https:\/\/www.csj-emballages.com\/de\/produit\/wuerzmischung-vollkorn-couscous-1-kg\/#primaryimage\"},\"image\":{\"@id\":\"https:\/\/www.csj-emballages.com\/de\/produit\/wuerzmischung-vollkorn-couscous-1-kg\/#primaryimage\"},\"thumbnailUrl\":\"https:\/\/www.csj-emballages.com\/wp-content\/uploads\/2024\/03\/Assaisonnement-couscous.webp\",\"datePublished\":\"2024-03-01T15:59:39+00:00\",\"dateModified\":\"2026-04-22T00:10:17+00:00\",\"description\":\"Couscous-Gew\u00fcrz 1 kg mit ausgewogenem Geschmack. Ideal zum W\u00fcrzen von Br\u00fchen, Fleisch und Gem\u00fcse. Profi-Format, leicht zu dosieren und vielseitig.\",\"breadcrumb\":{\"@id\":\"https:\/\/www.csj-emballages.com\/de\/produit\/wuerzmischung-vollkorn-couscous-1-kg\/#breadcrumb\"},\"inLanguage\":\"de\",\"potentialAction\":[{\"@type\":\"ReadAction\",\"target\":[\"https:\/\/www.csj-emballages.com\/de\/produit\/wuerzmischung-vollkorn-couscous-1-kg\/\"]}]},{\"@type\":\"ImageObject\",\"inLanguage\":\"de\",\"@id\":\"https:\/\/www.csj-emballages.com\/de\/produit\/wuerzmischung-vollkorn-couscous-1-kg\/#primaryimage\",\"url\":\"https:\/\/www.csj-emballages.com\/wp-content\/uploads\/2024\/03\/Assaisonnement-couscous.webp\",\"contentUrl\":\"https:\/\/www.csj-emballages.com\/wp-content\/uploads\/2024\/03\/Assaisonnement-couscous.webp\",\"width\":800,\"height\":800,\"caption\":\"Assaisonnement couscous\"},{\"@type\":\"BreadcrumbList\",\"@id\":\"https:\/\/www.csj-emballages.com\/de\/produit\/wuerzmischung-vollkorn-couscous-1-kg\/#breadcrumb\",\"itemListElement\":[{\"@type\":\"ListItem\",\"position\":1,\"name\":\"Accueil\",\"item\":\"https:\/\/www.csj-emballages.com\/de\/universum-lebensmittelverpackungen\/\"},{\"@type\":\"ListItem\",\"position\":2,\"name\":\"Shop\",\"item\":\"https:\/\/www.csj-emballages.com\/shop\/\"},{\"@type\":\"ListItem\",\"position\":3,\"name\":\"Couscous-Gew\u00fcrz 1 kg\"}]},{\"@type\":\"WebSite\",\"@id\":\"https:\/\/www.csj-emballages.com\/de\/#website\",\"url\":\"https:\/\/www.csj-emballages.com\/de\/\",\"name\":\"CSJ Emballages\",\"description\":\"\",\"publisher\":{\"@id\":\"https:\/\/www.csj-emballages.com\/de\/#organization\"},\"potentialAction\":[{\"@type\":\"SearchAction\",\"target\":{\"@type\":\"EntryPoint\",\"urlTemplate\":\"https:\/\/www.csj-emballages.com\/de\/?s={search_term_string}\"},\"query-input\":{\"@type\":\"PropertyValueSpecification\",\"valueRequired\":true,\"valueName\":\"search_term_string\"}}],\"inLanguage\":\"de\"},{\"@type\":\"Organization\",\"@id\":\"https:\/\/www.csj-emballages.com\/de\/#Organization\/\",\"name\":\"CSJ Emballages\",\"url\":\"https:\/\/www.csj-emballages.com\/de\/\",\"logo\":{\"@type\":\"ImageObject\",\"inLanguage\":\"de\",\"@id\":\"https:\/\/www.csj-emballages.com\/de\/#\/schema\/logo\/image\/\",\"url\":\"https:\/\/www.csj-emballages.com\/wp-content\/uploads\/2023\/10\/logo_csj.webp\",\"contentUrl\":\"https:\/\/www.csj-emballages.com\/wp-content\/uploads\/2023\/10\/logo_csj.webp\",\"width\":250,\"height\":95,\"caption\":\"CSJ Emballages\"},\"image\":{\"@id\":\"https:\/\/www.csj-emballages.com\/de\/#\/schema\/logo\/image\/\"},\"sameAs\":[\"https:\/\/www.facebook.com\/csjemballages\"],\"address\":{\"@type\":\"PostalAddress\",\"streetAddress\":\"ZI La Lechere\",\"addressLocality\":\"Patornay\",\"postalCode\":\"39130\",\"addressCountry\":\"FR\"},\"contactPoint\":[{\"@type\":\"ContactPoint\",\"contactType\":\"Service client\",\"telephone\":\"0384254272\",\"email\":\"contact@csj-emballages.com\"}]}]}<\/script>\n<!-- \/ Yoast SEO Premium plugin. -->","yoast_head_json":{"title":"Couscous-Gew\u00fcrz 1 kg","description":"Couscous-Gew\u00fcrz 1 kg mit ausgewogenem Geschmack. Ideal zum W\u00fcrzen von Br\u00fchen, Fleisch und Gem\u00fcse. Profi-Format, leicht zu dosieren und vielseitig.","robots":{"index":"index","follow":"follow","max-snippet":"max-snippet:-1","max-image-preview":"max-image-preview:large","max-video-preview":"max-video-preview:-1"},"canonical":"https:\/\/www.csj-emballages.com\/de\/produit\/wuerzmischung-vollkorn-couscous-1-kg\/","og_locale":"de_DE","og_type":"article","og_title":"Couscous-Gew\u00fcrz 1 kg","og_description":"Couscous-Gew\u00fcrz 1 kg mit ausgewogenem Geschmack. Ideal zum W\u00fcrzen von Br\u00fchen, Fleisch und Gem\u00fcse. Profi-Format, leicht zu dosieren und vielseitig.","og_url":"https:\/\/www.csj-emballages.com\/de\/produit\/wuerzmischung-vollkorn-couscous-1-kg\/","og_site_name":"CSJ Emballages","article_publisher":"https:\/\/www.facebook.com\/csjemballages","article_modified_time":"2026-04-22T00:10:17+00:00","og_image":[{"width":800,"height":800,"url":"https:\/\/www.csj-emballages.com\/wp-content\/uploads\/2024\/03\/Assaisonnement-couscous.webp","type":"image\/webp"}],"twitter_card":"summary_large_image","twitter_misc":{"Gesch\u00e4tzte Lesezeit":"1\u00a0Minute"},"schema":{"@context":"https:\/\/schema.org","@graph":[{"@type":"WebPage","@id":"https:\/\/www.csj-emballages.com\/de\/produit\/wuerzmischung-vollkorn-couscous-1-kg\/","url":"https:\/\/www.csj-emballages.com\/de\/produit\/wuerzmischung-vollkorn-couscous-1-kg\/","name":"Couscous-Gew\u00fcrz 1 kg","isPartOf":{"@id":"https:\/\/www.csj-emballages.com\/de\/#website"},"primaryImageOfPage":{"@id":"https:\/\/www.csj-emballages.com\/de\/produit\/wuerzmischung-vollkorn-couscous-1-kg\/#primaryimage"},"image":{"@id":"https:\/\/www.csj-emballages.com\/de\/produit\/wuerzmischung-vollkorn-couscous-1-kg\/#primaryimage"},"thumbnailUrl":"https:\/\/www.csj-emballages.com\/wp-content\/uploads\/2024\/03\/Assaisonnement-couscous.webp","datePublished":"2024-03-01T15:59:39+00:00","dateModified":"2026-04-22T00:10:17+00:00","description":"Couscous-Gew\u00fcrz 1 kg mit ausgewogenem Geschmack. Ideal zum W\u00fcrzen von Br\u00fchen, Fleisch und Gem\u00fcse. Profi-Format, leicht zu dosieren und vielseitig.","breadcrumb":{"@id":"https:\/\/www.csj-emballages.com\/de\/produit\/wuerzmischung-vollkorn-couscous-1-kg\/#breadcrumb"},"inLanguage":"de","potentialAction":[{"@type":"ReadAction","target":["https:\/\/www.csj-emballages.com\/de\/produit\/wuerzmischung-vollkorn-couscous-1-kg\/"]}]},{"@type":"ImageObject","inLanguage":"de","@id":"https:\/\/www.csj-emballages.com\/de\/produit\/wuerzmischung-vollkorn-couscous-1-kg\/#primaryimage","url":"https:\/\/www.csj-emballages.com\/wp-content\/uploads\/2024\/03\/Assaisonnement-couscous.webp","contentUrl":"https:\/\/www.csj-emballages.com\/wp-content\/uploads\/2024\/03\/Assaisonnement-couscous.webp","width":800,"height":800,"caption":"Assaisonnement couscous"},{"@type":"BreadcrumbList","@id":"https:\/\/www.csj-emballages.com\/de\/produit\/wuerzmischung-vollkorn-couscous-1-kg\/#breadcrumb","itemListElement":[{"@type":"ListItem","position":1,"name":"Accueil","item":"https:\/\/www.csj-emballages.com\/de\/universum-lebensmittelverpackungen\/"},{"@type":"ListItem","position":2,"name":"Shop","item":"https:\/\/www.csj-emballages.com\/shop\/"},{"@type":"ListItem","position":3,"name":"Couscous-Gew\u00fcrz 1 kg"}]},{"@type":"WebSite","@id":"https:\/\/www.csj-emballages.com\/de\/#website","url":"https:\/\/www.csj-emballages.com\/de\/","name":"CSJ Emballages","description":"","publisher":{"@id":"https:\/\/www.csj-emballages.com\/de\/#organization"},"potentialAction":[{"@type":"SearchAction","target":{"@type":"EntryPoint","urlTemplate":"https:\/\/www.csj-emballages.com\/de\/?s={search_term_string}"},"query-input":{"@type":"PropertyValueSpecification","valueRequired":true,"valueName":"search_term_string"}}],"inLanguage":"de"},{"@type":"Organization","@id":"https:\/\/www.csj-emballages.com\/de\/#Organization\/","name":"CSJ Emballages","url":"https:\/\/www.csj-emballages.com\/de\/","logo":{"@type":"ImageObject","inLanguage":"de","@id":"https:\/\/www.csj-emballages.com\/de\/#\/schema\/logo\/image\/","url":"https:\/\/www.csj-emballages.com\/wp-content\/uploads\/2023\/10\/logo_csj.webp","contentUrl":"https:\/\/www.csj-emballages.com\/wp-content\/uploads\/2023\/10\/logo_csj.webp","width":250,"height":95,"caption":"CSJ Emballages"},"image":{"@id":"https:\/\/www.csj-emballages.com\/de\/#\/schema\/logo\/image\/"},"sameAs":["https:\/\/www.facebook.com\/csjemballages"],"address":{"@type":"PostalAddress","streetAddress":"ZI La Lechere","addressLocality":"Patornay","postalCode":"39130","addressCountry":"FR"},"contactPoint":[{"@type":"ContactPoint","contactType":"Service client","telephone":"0384254272","email":"contact@csj-emballages.com"}]}]}},"df_price":7.75,"df_sale_price":7.75,"df_regular_price":9.7,"df_image_link":"https:\/\/www.csj-emballages.com\/wp-content\/uploads\/2024\/03\/Assaisonnement-couscous-300x300.webp","tiered_pricing_type":"fixed","tiered_pricing_fixed_rules":[],"tiered_pricing_percentage_rules":[],"tiered_pricing_minimum":1,"tiered_pricing_roles_data":[],"_links":{"self":[{"href":"https:\/\/www.csj-emballages.com\/de\/wp-json\/wp\/v2\/product\/18303","targetHints":{"allow":["GET"]}}],"collection":[{"href":"https:\/\/www.csj-emballages.com\/de\/wp-json\/wp\/v2\/product"}],"about":[{"href":"https:\/\/www.csj-emballages.com\/de\/wp-json\/wp\/v2\/types\/product"}],"wp:featuredmedia":[{"embeddable":true,"href":"https:\/\/www.csj-emballages.com\/de\/wp-json\/wp\/v2\/media\/261529"}],"wp:attachment":[{"href":"https:\/\/www.csj-emballages.com\/de\/wp-json\/wp\/v2\/media?parent=18303"}],"wp:term":[{"taxonomy":"product_brand","embeddable":true,"href":"https:\/\/www.csj-emballages.com\/de\/wp-json\/wp\/v2\/product_brand?post=18303"},{"taxonomy":"product_cat","embeddable":true,"href":"https:\/\/www.csj-emballages.com\/de\/wp-json\/wp\/v2\/product_cat?post=18303"},{"taxonomy":"product_tag","embeddable":true,"href":"https:\/\/www.csj-emballages.com\/de\/wp-json\/wp\/v2\/product_tag?post=18303"}],"curies":[{"name":"wp","href":"https:\/\/api.w.org\/{rel}","templated":true}]}}