{"id":18299,"date":"2024-03-01T16:59:24","date_gmt":"2024-03-01T15:59:24","guid":{"rendered":"https:\/\/u15jnbdpoq.preview.infomaniak.website\/produit\/500-frohe-feiertage-etiketten-in-gold\/"},"modified":"2026-03-12T16:03:53","modified_gmt":"2026-03-12T15:03:53","slug":"500-frohe-feiertage-etiketten-in-gold","status":"publish","type":"product","link":"https:\/\/www.csj-emballages.com\/de\/produit\/500-frohe-feiertage-etiketten-in-gold\/","title":{"rendered":"Haftetikett Gold &#8222;Frohe Festtage&#8220; pro 500"},"content":{"rendered":"<div style=\"box-sizing: inherit; font-family: Roboto, sans-serif;\">\n<div style=\"box-sizing: inherit; font-family: Roboto, sans-serif;\">\n<div style=\"box-sizing: inherit; font-family: Roboto, sans-serif;\">\n<div style=\"box-sizing: inherit; font-family: Roboto, sans-serif;\">\n<div style=\"box-sizing: inherit; font-family: Roboto, sans-serif;\">\n<div style=\"box-sizing: inherit; font-family: Roboto, sans-serif;\">\n<div style=\"box-sizing: inherit; font-family: Roboto, sans-serif;\">\n<div style=\"box-sizing: inherit; font-family: Roboto, sans-serif;\">\n<div style=\"box-sizing: inherit; font-family: Roboto, sans-serif;\">\n<div style=\"box-sizing: inherit; font-family: Roboto, sans-serif;\">\n<div style=\"box-sizing: inherit; font-family: Roboto, sans-serif;\">\n<div style=\"box-sizing: inherit; font-family: Roboto, sans-serif;\">\n<div style=\"box-sizing: inherit; font-family: Roboto, sans-serif;\">\n<div class=\"flex flex-grow flex-col max-w-full\">\n<div class=\"min-h-[20px] text-message flex flex-col items-start whitespace-pre-wrap break-words [.text-message+&amp;]:mt-5 juice:w-full juice:items-end overflow-x-auto gap-2\" dir=\"auto\" data-message-author-role=\"assistant\" data-message-id=\"2034782e-88f9-44ef-b4dc-07dd7bf0115f\">\n<div class=\"flex w-full flex-col gap-1 juice:empty:hidden juice:first:pt-[3px]\">\n<div class=\"markdown prose w-full break-words dark:prose-invert light\">\n<div style=\"box-sizing: inherit; font-family: Roboto, sans-serif;\">\n<div style=\"box-sizing: inherit; font-family: Roboto, sans-serif;\">\n<div style=\"box-sizing: inherit; font-family: Roboto, sans-serif;\">\n<div style=\"box-sizing: inherit; font-family: Roboto, sans-serif;\">\n<div style=\"box-sizing: inherit; font-family: Roboto, sans-serif;\">\n<div style=\"box-sizing: inherit; font-family: Roboto, sans-serif;\">\n<h2 class=\"p1\">Selbstklebeetikett Gold<\/h2>\n<div style=\"box-sizing: inherit; font-family: Roboto, sans-serif;\">\n<div style=\"box-sizing: inherit; font-family: Roboto, sans-serif;\">\n<div style=\"box-sizing: inherit; font-family: Roboto, sans-serif;\">\n<div style=\"text-align: center;\">\n<div style=\"box-sizing: inherit; font-family: Roboto, sans-serif;\">\n<div style=\"box-sizing: inherit; font-family: Roboto, sans-serif;\">\n<div style=\"box-sizing: inherit; font-family: Roboto, sans-serif;\">\n<div style=\"box-sizing: inherit; font-family: Roboto, sans-serif;\">\n<div style=\"box-sizing: inherit; font-family: Roboto, sans-serif;\">\n<div style=\"box-sizing: inherit; font-family: Roboto, sans-serif; text-align: left;\">\n<hr>\n<h3 style=\"text-align: left;\">Beschreibung unseres goldenen Klebeetiketts &#8222;Frohe Festtage&#8220; pro 500 St\u00fcck<\/h3>\n<h3 style=\"text-align: left;\"><!--more--><\/h3>\n<\/div>\n<\/div>\n<\/div>\n<\/div>\n<\/div>\n<\/div>\n<\/div>\n<\/div>\n<\/div>\n<\/div>\n<\/div>\n<\/div>\n<\/div>\n<\/div>\n<\/div>\n<\/div>\n<\/div>\n<\/div>\n<\/div>\n<\/div>\n<\/div>\n<\/div>\n<\/div>\n<\/div>\n<\/div>\n<\/div>\n<\/div>\n<\/div>\n<\/div>\n<\/div>\n<\/div>\n<\/div>\n<\/div>\n<div style=\"box-sizing: inherit; font-family: Roboto, sans-serif;\">\n<div style=\"box-sizing: inherit; font-family: Roboto, sans-serif;\">\n<div style=\"box-sizing: inherit; font-family: Roboto, sans-serif;\">\n<div style=\"box-sizing: inherit; font-family: Roboto, sans-serif;\">\n<div style=\"box-sizing: inherit; font-family: Roboto, sans-serif;\">\n<div style=\"box-sizing: inherit; font-family: Roboto, sans-serif;\">\n<div style=\"box-sizing: inherit; font-family: Roboto, sans-serif;\">\n<div style=\"box-sizing: inherit; font-family: Roboto, sans-serif;\">\n<div style=\"box-sizing: inherit; font-family: Roboto, sans-serif;\">\n<div style=\"box-sizing: inherit; font-family: Roboto, sans-serif;\">\n<div style=\"box-sizing: inherit; font-family: Roboto, sans-serif;\">\n<div style=\"box-sizing: inherit; font-family: Roboto, sans-serif;\">\n<div style=\"box-sizing: inherit; font-family: Roboto, sans-serif;\">\n<div class=\"flex flex-grow flex-col max-w-full\">\n<div class=\"min-h-[20px] text-message flex flex-col items-start whitespace-pre-wrap break-words [.text-message+&amp;]:mt-5 juice:w-full juice:items-end overflow-x-auto gap-2\" dir=\"auto\" data-message-author-role=\"assistant\" data-message-id=\"2034782e-88f9-44ef-b4dc-07dd7bf0115f\">\n<div class=\"flex w-full flex-col gap-1 juice:empty:hidden juice:first:pt-[3px]\">\n<div class=\"markdown prose w-full break-words dark:prose-invert light\">\n<div style=\"box-sizing: inherit; font-family: Roboto, sans-serif;\">\n<div style=\"box-sizing: inherit; font-family: Roboto, sans-serif;\">\n<div style=\"box-sizing: inherit; font-family: Roboto, sans-serif;\">\n<div style=\"box-sizing: inherit; font-family: Roboto, sans-serif;\">\n<div style=\"box-sizing: inherit; font-family: Roboto, sans-serif;\">\n<div style=\"box-sizing: inherit; font-family: Roboto, sans-serif;\">\n<p data-start=\"0\" data-end=\"504\">Verleihen Sie Ihren Verpackungen zum Jahresende einen Hauch von Eleganz mit unserem <strong data-start=\"111\" data-end=\"153\">goldenen Klebeetikett &#8222;Frohe Festtage&#8220;<\/strong>. Das Etikett besteht aus hochwertigem <strong data-start=\"165\" data-end=\"186\">Papier<\/strong> und hat ein praktisches Format von <strong data-start=\"223\" data-end=\"237\">35 x 18 mm<\/strong>, das sich problemlos an alle Ihre Oberfl\u00e4chen anpasst: Geb\u00e4ckschachteln, Geschenkt\u00fcten, S\u00fc\u00dfwarenbeutel oder auch Feinschmeckerboxen. Dank ihrer leuchtenden <strong data-start=\"372\" data-end=\"390\">goldenen<\/strong> Oberfl\u00e4che hebt sie Ihre Produkte sofort hervor und vermittelt gleichzeitig eine festliche und warme Botschaft.  <\/p>\n<p data-start=\"506\" data-end=\"980\">In einer cleveren <strong data-start=\"525\" data-end=\"548\">Spenderbox<\/strong> pr\u00e4sentiert, l\u00e4sst sich dieses <strong>selbstklebende Etikett<\/strong> m\u00fchelos abl\u00f6sen, sodass Sie bei Ihren Festtagsvorbereitungen wertvolle Zeit sparen. Ob Sie nun <strong data-start=\"692\" data-end=\"713\">B\u00e4cker<\/strong>, Chocolatier, Caterer oder einfach nur ein Liebhaber sch\u00f6ner Pr\u00e4sentationen sind, Sie werden die <strong data-start=\"815\" data-end=\"835\">zuverl\u00e4ssige Haftung<\/strong> auf Karton, Papier oder Kunststoff zu sch\u00e4tzen wissen. Dar\u00fcber hinaus sorgt seine kompakte, aber gut lesbare Gr\u00f6\u00dfe f\u00fcr ein elegantes Erscheinungsbild, ohne Ihre Verpackungen zu \u00fcberladen.  <\/p>\n<p data-start=\"982\" data-end=\"1360\">Dar\u00fcber hinaus ist dieses <strong>goldene Klebeetikett<\/strong> ideal, um Ihr professionelles Image zu st\u00e4rken. Innerhalb von Sekunden verwandelt er ein einfaches Paket in ein <strong data-start=\"1123\" data-end=\"1140\">gepflegtes Geschenk<\/strong>, das perfekt ist, um Ihre Kunden in der nahrhaftesten Zeit des Jahres zu begeistern. Seine universell einsetzbare Botschaft &#8222;<strong data-start=\"1241\" data-end=\"1259\">Frohe Festtage<\/strong>&#8220; eignet sich f\u00fcr alle Feierlichkeiten: Weihnachten, Neujahr oder andere winterliche Anl\u00e4sse.  <\/p>\n<p data-start=\"1362\" data-end=\"1731\">Mit unserem <strong>goldenen Klebeetikett<\/strong> entscheiden Sie sich f\u00fcr ein <strong data-start=\"1433\" data-end=\"1445\">praktisches<\/strong>, <strong data-start=\"1447\" data-end=\"1458\">raffiniertes<\/strong> und <strong data-start=\"1462\" data-end=\"1476\">vielseitiges<\/strong> Produkt, das Ihnen die Organisation erleichtert und gleichzeitig Ihre Kreationen hervorhebt. Bieten Sie Ihren Kunden ein visuelles Erlebnis, das Ihren K\u00f6stlichkeiten gerecht wird, und lassen Sie Ihre Verpackungen mit diesen kleinen goldenen Akzenten, die den Unterschied ausmachen, in neuem Glanz erstrahlen. <\/p>\n<p data-start=\"1362\" data-end=\"1731\">\n<p><!--more--><\/p>\n<h4 style=\"text-align: left;\">Vorteile :<\/h4>\n<ul style=\"text-align: left;\">\n<li><strong data-start=\"1956\" data-end=\"1980\">Elegantes Goldfinish<\/strong> f\u00fcr einen festlichen und raffinierten Look.<\/li>\n<li><strong data-start=\"2018\" data-end=\"2039\">Format 35 x 19 mm<\/strong> ideal f\u00fcr alle Arten von Verpackungen.<\/li>\n<li>Praktische <strong data-start=\"2078\" data-end=\"2101\">Spenderbox<\/strong> f\u00fcr den schnellen Einsatz.<\/li>\n<li>Wirksame <strong data-start=\"2137\" data-end=\"2159\">Haftung<\/strong> auf Karton, Papier und Kunststoff.<\/li>\n<li>Universelle Botschaft &#8222;<strong data-start=\"2216\" data-end=\"2234\">Frohe Feiertage<\/strong>&#8222;, die f\u00fcr alle Feiern geeignet ist.<\/li>\n<\/ul>\n<\/div>\n<\/div>\n<\/div>\n<\/div>\n<\/div>\n<\/div>\n<\/div>\n<\/div>\n<\/div>\n<\/div>\n<\/div>\n<\/div>\n<p>&nbsp;<\/p>\n<\/div>\n<\/div>\n<\/div>\n<\/div>\n<\/div>\n<\/div>\n<\/div>\n<\/div>\n<\/div>\n<\/div>\n<\/div>\n<p><!--more--><\/p>\n<h4>Weitere Informationen :<\/h4>\n<ul style=\"box-sizing: inherit; font-family: Roboto, sans-serif;\">\n<li><strong>Verpackung<\/strong>: Packung mit 500 St\u00fcck<\/li>\n<li><span style=\"font-weight: bold;\">Ma\u00dfe<\/span>: 32 x 18 mm<\/li>\n<li><strong>Farbe<\/strong>: Gold \/ Schwarz<\/li>\n<\/ul>\n<div style=\"box-sizing: inherit; font-family: Roboto, sans-serif;\">\n<div style=\"box-sizing: inherit; font-family: Roboto, sans-serif;\">\n<div style=\"box-sizing: inherit; font-family: Roboto, sans-serif;\">\n<div style=\"box-sizing: inherit; font-family: Roboto, sans-serif;\">\n<div style=\"box-sizing: inherit; font-family: Roboto, sans-serif;\">\n<div style=\"box-sizing: inherit; font-family: Roboto, sans-serif;\">\n<p>&nbsp;<\/p>\n<p><!--more--><\/p>\n<p><a href=\"https:\/\/www.csj-emballages.com\/de\/categorie-produit\/lebensmittelverpackungen\/weihnachten\/zubehor-dekorative-verpackungen\/etiketten-de-2\/\">Sehen Sie sich den Rest unseres Sortiments an dekorativen Klebeetiketten an<\/a><\/p>\n<\/div>\n<\/div>\n<\/div>\n<\/div>\n<\/div>\n<\/div>\n","protected":false},"excerpt":{"rendered":"<p>Selbstklebeetikett Gold Beschreibung unseres goldenen Klebeetiketts &#8222;Frohe Festtage&#8220; pro 500 St\u00fcck<\/p>\n","protected":false},"featured_media":243832,"template":"","meta":{"_acf_changed":false},"product_brand":[],"product_cat":[1137,1171,1817,1487,1825],"product_tag":[],"class_list":{"0":"post-18299","1":"product","2":"type-product","3":"status-publish","4":"has-post-thumbnail","6":"product_cat-lebensmittelverpackungen","7":"product_cat-backerei-und-konditorei","8":"product_cat-etiketten","9":"product_cat-boutique-und-geschaft","10":"product_cat-etiketten-de","12":"first","13":"outofstock","14":"taxable","15":"shipping-taxable","16":"purchasable","17":"product-type-simple"},"acf":[],"yoast_head":"<!-- This site is optimized with the Yoast SEO Premium plugin v26.6 (Yoast SEO v26.6) - https:\/\/yoast.com\/wordpress\/plugins\/seo\/ -->\n<title>Haftetikett Gold &quot;Frohe Festtage&quot; pro 500<\/title>\n<meta name=\"description\" content=\"Goldenes Haftetikett &quot;Frohe Festtage&quot; 35x18 mm - Packung zu 500. Perfekt, um Ihre festlichen Verpackungen schnell und elegant zu veredeln.\" \/>\n<meta name=\"robots\" content=\"index, follow, max-snippet:-1, max-image-preview:large, max-video-preview:-1\" \/>\n<link rel=\"canonical\" href=\"https:\/\/www.csj-emballages.com\/de\/produit\/500-frohe-feiertage-etiketten-in-gold\/\" \/>\n<meta property=\"og:locale\" content=\"de_DE\" \/>\n<meta property=\"og:type\" content=\"article\" \/>\n<meta property=\"og:title\" content=\"Haftetikett Gold &quot;Frohe Festtage&quot; pro 500\" \/>\n<meta property=\"og:description\" content=\"Goldenes Haftetikett &quot;Frohe Festtage&quot; 35x18 mm - Packung zu 500. Perfekt, um Ihre festlichen Verpackungen schnell und elegant zu veredeln.\" \/>\n<meta property=\"og:url\" content=\"https:\/\/www.csj-emballages.com\/de\/produit\/500-frohe-feiertage-etiketten-in-gold\/\" \/>\n<meta property=\"og:site_name\" content=\"CSJ Emballages\" \/>\n<meta property=\"article:publisher\" content=\"https:\/\/www.facebook.com\/csjemballages\" \/>\n<meta property=\"article:modified_time\" content=\"2026-03-12T15:03:53+00:00\" \/>\n<meta property=\"og:image\" content=\"https:\/\/www.csj-emballages.com\/wp-content\/uploads\/2024\/03\/11124-1.webp\" \/>\n\t<meta property=\"og:image:width\" content=\"800\" \/>\n\t<meta property=\"og:image:height\" content=\"800\" \/>\n\t<meta property=\"og:image:type\" content=\"image\/webp\" \/>\n<meta name=\"twitter:card\" content=\"summary_large_image\" \/>\n<meta name=\"twitter:label1\" content=\"Gesch\u00e4tzte Lesezeit\" \/>\n\t<meta name=\"twitter:data1\" content=\"2 Minuten\" \/>\n<script type=\"application\/ld+json\" class=\"yoast-schema-graph\">{\"@context\":\"https:\/\/schema.org\",\"@graph\":[{\"@type\":\"WebPage\",\"@id\":\"https:\/\/www.csj-emballages.com\/de\/produit\/500-frohe-feiertage-etiketten-in-gold\/\",\"url\":\"https:\/\/www.csj-emballages.com\/de\/produit\/500-frohe-feiertage-etiketten-in-gold\/\",\"name\":\"Haftetikett Gold \\\"Frohe Festtage\\\" pro 500\",\"isPartOf\":{\"@id\":\"https:\/\/www.csj-emballages.com\/de\/#website\"},\"primaryImageOfPage\":{\"@id\":\"https:\/\/www.csj-emballages.com\/de\/produit\/500-frohe-feiertage-etiketten-in-gold\/#primaryimage\"},\"image\":{\"@id\":\"https:\/\/www.csj-emballages.com\/de\/produit\/500-frohe-feiertage-etiketten-in-gold\/#primaryimage\"},\"thumbnailUrl\":\"https:\/\/www.csj-emballages.com\/wp-content\/uploads\/2024\/03\/11124-1.webp\",\"datePublished\":\"2024-03-01T15:59:24+00:00\",\"dateModified\":\"2026-03-12T15:03:53+00:00\",\"description\":\"Goldenes Haftetikett \\\"Frohe Festtage\\\" 35x18 mm - Packung zu 500. Perfekt, um Ihre festlichen Verpackungen schnell und elegant zu veredeln.\",\"breadcrumb\":{\"@id\":\"https:\/\/www.csj-emballages.com\/de\/produit\/500-frohe-feiertage-etiketten-in-gold\/#breadcrumb\"},\"inLanguage\":\"de\",\"potentialAction\":[{\"@type\":\"ReadAction\",\"target\":[\"https:\/\/www.csj-emballages.com\/de\/produit\/500-frohe-feiertage-etiketten-in-gold\/\"]}]},{\"@type\":\"ImageObject\",\"inLanguage\":\"de\",\"@id\":\"https:\/\/www.csj-emballages.com\/de\/produit\/500-frohe-feiertage-etiketten-in-gold\/#primaryimage\",\"url\":\"https:\/\/www.csj-emballages.com\/wp-content\/uploads\/2024\/03\/11124-1.webp\",\"contentUrl\":\"https:\/\/www.csj-emballages.com\/wp-content\/uploads\/2024\/03\/11124-1.webp\",\"width\":800,\"height\":800,\"caption\":\"\u00c9tiquette adh\u00e9sive or\"},{\"@type\":\"BreadcrumbList\",\"@id\":\"https:\/\/www.csj-emballages.com\/de\/produit\/500-frohe-feiertage-etiketten-in-gold\/#breadcrumb\",\"itemListElement\":[{\"@type\":\"ListItem\",\"position\":1,\"name\":\"Accueil\",\"item\":\"https:\/\/www.csj-emballages.com\/de\/universum-lebensmittelverpackungen\/\"},{\"@type\":\"ListItem\",\"position\":2,\"name\":\"Shop\",\"item\":\"https:\/\/www.csj-emballages.com\/shop\/\"},{\"@type\":\"ListItem\",\"position\":3,\"name\":\"Haftetikett Gold \u00ab\u00a0Frohe Festtage\u00a0\u00bb pro 500\"}]},{\"@type\":\"WebSite\",\"@id\":\"https:\/\/www.csj-emballages.com\/de\/#website\",\"url\":\"https:\/\/www.csj-emballages.com\/de\/\",\"name\":\"CSJ Emballages\",\"description\":\"\",\"publisher\":{\"@id\":\"https:\/\/www.csj-emballages.com\/de\/#organization\"},\"potentialAction\":[{\"@type\":\"SearchAction\",\"target\":{\"@type\":\"EntryPoint\",\"urlTemplate\":\"https:\/\/www.csj-emballages.com\/de\/?s={search_term_string}\"},\"query-input\":{\"@type\":\"PropertyValueSpecification\",\"valueRequired\":true,\"valueName\":\"search_term_string\"}}],\"inLanguage\":\"de\"},{\"@type\":\"Organization\",\"@id\":\"https:\/\/www.csj-emballages.com\/de\/#Organization\/\",\"name\":\"CSJ Emballages\",\"url\":\"https:\/\/www.csj-emballages.com\/de\/\",\"logo\":{\"@type\":\"ImageObject\",\"inLanguage\":\"de\",\"@id\":\"https:\/\/www.csj-emballages.com\/de\/#\/schema\/logo\/image\/\",\"url\":\"https:\/\/www.csj-emballages.com\/wp-content\/uploads\/2023\/10\/logo_csj.webp\",\"contentUrl\":\"https:\/\/www.csj-emballages.com\/wp-content\/uploads\/2023\/10\/logo_csj.webp\",\"width\":250,\"height\":95,\"caption\":\"CSJ Emballages\"},\"image\":{\"@id\":\"https:\/\/www.csj-emballages.com\/de\/#\/schema\/logo\/image\/\"},\"sameAs\":[\"https:\/\/www.facebook.com\/csjemballages\"],\"address\":{\"@type\":\"PostalAddress\",\"streetAddress\":\"ZI La Lechere\",\"addressLocality\":\"Patornay\",\"postalCode\":\"39130\",\"addressCountry\":\"FR\"},\"contactPoint\":[{\"@type\":\"ContactPoint\",\"contactType\":\"Service client\",\"telephone\":\"0384254272\",\"email\":\"contact@csj-emballages.com\"}]}]}<\/script>\n<!-- \/ Yoast SEO Premium plugin. -->","yoast_head_json":{"title":"Haftetikett Gold \"Frohe Festtage\" pro 500","description":"Goldenes Haftetikett \"Frohe Festtage\" 35x18 mm - Packung zu 500. Perfekt, um Ihre festlichen Verpackungen schnell und elegant zu veredeln.","robots":{"index":"index","follow":"follow","max-snippet":"max-snippet:-1","max-image-preview":"max-image-preview:large","max-video-preview":"max-video-preview:-1"},"canonical":"https:\/\/www.csj-emballages.com\/de\/produit\/500-frohe-feiertage-etiketten-in-gold\/","og_locale":"de_DE","og_type":"article","og_title":"Haftetikett Gold \"Frohe Festtage\" pro 500","og_description":"Goldenes Haftetikett \"Frohe Festtage\" 35x18 mm - Packung zu 500. Perfekt, um Ihre festlichen Verpackungen schnell und elegant zu veredeln.","og_url":"https:\/\/www.csj-emballages.com\/de\/produit\/500-frohe-feiertage-etiketten-in-gold\/","og_site_name":"CSJ Emballages","article_publisher":"https:\/\/www.facebook.com\/csjemballages","article_modified_time":"2026-03-12T15:03:53+00:00","og_image":[{"width":800,"height":800,"url":"https:\/\/www.csj-emballages.com\/wp-content\/uploads\/2024\/03\/11124-1.webp","type":"image\/webp"}],"twitter_card":"summary_large_image","twitter_misc":{"Gesch\u00e4tzte Lesezeit":"2 Minuten"},"schema":{"@context":"https:\/\/schema.org","@graph":[{"@type":"WebPage","@id":"https:\/\/www.csj-emballages.com\/de\/produit\/500-frohe-feiertage-etiketten-in-gold\/","url":"https:\/\/www.csj-emballages.com\/de\/produit\/500-frohe-feiertage-etiketten-in-gold\/","name":"Haftetikett Gold \"Frohe Festtage\" pro 500","isPartOf":{"@id":"https:\/\/www.csj-emballages.com\/de\/#website"},"primaryImageOfPage":{"@id":"https:\/\/www.csj-emballages.com\/de\/produit\/500-frohe-feiertage-etiketten-in-gold\/#primaryimage"},"image":{"@id":"https:\/\/www.csj-emballages.com\/de\/produit\/500-frohe-feiertage-etiketten-in-gold\/#primaryimage"},"thumbnailUrl":"https:\/\/www.csj-emballages.com\/wp-content\/uploads\/2024\/03\/11124-1.webp","datePublished":"2024-03-01T15:59:24+00:00","dateModified":"2026-03-12T15:03:53+00:00","description":"Goldenes Haftetikett \"Frohe Festtage\" 35x18 mm - Packung zu 500. Perfekt, um Ihre festlichen Verpackungen schnell und elegant zu veredeln.","breadcrumb":{"@id":"https:\/\/www.csj-emballages.com\/de\/produit\/500-frohe-feiertage-etiketten-in-gold\/#breadcrumb"},"inLanguage":"de","potentialAction":[{"@type":"ReadAction","target":["https:\/\/www.csj-emballages.com\/de\/produit\/500-frohe-feiertage-etiketten-in-gold\/"]}]},{"@type":"ImageObject","inLanguage":"de","@id":"https:\/\/www.csj-emballages.com\/de\/produit\/500-frohe-feiertage-etiketten-in-gold\/#primaryimage","url":"https:\/\/www.csj-emballages.com\/wp-content\/uploads\/2024\/03\/11124-1.webp","contentUrl":"https:\/\/www.csj-emballages.com\/wp-content\/uploads\/2024\/03\/11124-1.webp","width":800,"height":800,"caption":"\u00c9tiquette adh\u00e9sive or"},{"@type":"BreadcrumbList","@id":"https:\/\/www.csj-emballages.com\/de\/produit\/500-frohe-feiertage-etiketten-in-gold\/#breadcrumb","itemListElement":[{"@type":"ListItem","position":1,"name":"Accueil","item":"https:\/\/www.csj-emballages.com\/de\/universum-lebensmittelverpackungen\/"},{"@type":"ListItem","position":2,"name":"Shop","item":"https:\/\/www.csj-emballages.com\/shop\/"},{"@type":"ListItem","position":3,"name":"Haftetikett Gold \u00ab\u00a0Frohe Festtage\u00a0\u00bb pro 500"}]},{"@type":"WebSite","@id":"https:\/\/www.csj-emballages.com\/de\/#website","url":"https:\/\/www.csj-emballages.com\/de\/","name":"CSJ Emballages","description":"","publisher":{"@id":"https:\/\/www.csj-emballages.com\/de\/#organization"},"potentialAction":[{"@type":"SearchAction","target":{"@type":"EntryPoint","urlTemplate":"https:\/\/www.csj-emballages.com\/de\/?s={search_term_string}"},"query-input":{"@type":"PropertyValueSpecification","valueRequired":true,"valueName":"search_term_string"}}],"inLanguage":"de"},{"@type":"Organization","@id":"https:\/\/www.csj-emballages.com\/de\/#Organization\/","name":"CSJ Emballages","url":"https:\/\/www.csj-emballages.com\/de\/","logo":{"@type":"ImageObject","inLanguage":"de","@id":"https:\/\/www.csj-emballages.com\/de\/#\/schema\/logo\/image\/","url":"https:\/\/www.csj-emballages.com\/wp-content\/uploads\/2023\/10\/logo_csj.webp","contentUrl":"https:\/\/www.csj-emballages.com\/wp-content\/uploads\/2023\/10\/logo_csj.webp","width":250,"height":95,"caption":"CSJ Emballages"},"image":{"@id":"https:\/\/www.csj-emballages.com\/de\/#\/schema\/logo\/image\/"},"sameAs":["https:\/\/www.facebook.com\/csjemballages"],"address":{"@type":"PostalAddress","streetAddress":"ZI La Lechere","addressLocality":"Patornay","postalCode":"39130","addressCountry":"FR"},"contactPoint":[{"@type":"ContactPoint","contactType":"Service client","telephone":"0384254272","email":"contact@csj-emballages.com"}]}]}},"df_price":9.24,"df_sale_price":"","df_regular_price":9.24,"df_image_link":"https:\/\/www.csj-emballages.com\/wp-content\/uploads\/2024\/03\/11124-1-300x300.webp","tiered_pricing_type":"fixed","tiered_pricing_fixed_rules":[],"tiered_pricing_percentage_rules":[],"tiered_pricing_minimum":1,"tiered_pricing_roles_data":[],"_links":{"self":[{"href":"https:\/\/www.csj-emballages.com\/de\/wp-json\/wp\/v2\/product\/18299","targetHints":{"allow":["GET"]}}],"collection":[{"href":"https:\/\/www.csj-emballages.com\/de\/wp-json\/wp\/v2\/product"}],"about":[{"href":"https:\/\/www.csj-emballages.com\/de\/wp-json\/wp\/v2\/types\/product"}],"wp:featuredmedia":[{"embeddable":true,"href":"https:\/\/www.csj-emballages.com\/de\/wp-json\/wp\/v2\/media\/243832"}],"wp:attachment":[{"href":"https:\/\/www.csj-emballages.com\/de\/wp-json\/wp\/v2\/media?parent=18299"}],"wp:term":[{"taxonomy":"product_brand","embeddable":true,"href":"https:\/\/www.csj-emballages.com\/de\/wp-json\/wp\/v2\/product_brand?post=18299"},{"taxonomy":"product_cat","embeddable":true,"href":"https:\/\/www.csj-emballages.com\/de\/wp-json\/wp\/v2\/product_cat?post=18299"},{"taxonomy":"product_tag","embeddable":true,"href":"https:\/\/www.csj-emballages.com\/de\/wp-json\/wp\/v2\/product_tag?post=18299"}],"curies":[{"name":"wp","href":"https:\/\/api.w.org\/{rel}","templated":true}]}}