{"id":18290,"date":"2024-03-01T16:59:24","date_gmt":"2024-03-01T15:59:24","guid":{"rendered":"https:\/\/u15jnbdpoq.preview.infomaniak.website\/produit\/100-spiesse-kochen-gut-gegartes-fleisch\/"},"modified":"2026-04-29T13:00:29","modified_gmt":"2026-04-29T11:00:29","slug":"100-spiesse-kochen-gut-gegartes-fleisch","status":"publish","type":"product","link":"https:\/\/www.csj-emballages.com\/de\/produit\/100-spiesse-kochen-gut-gegartes-fleisch\/","title":{"rendered":"Garspie\u00df f\u00fcr Fleisch &#8218;gut durch&#8216; (100 St\u00fcck)"},"content":{"rendered":"<h2 class=\"p1\">Fleisch-Garspie\u00df<\/h2>\n<hr>\n<h3>Beschreibung unseres Garspie\u00dfes f\u00fcr Fleisch &#8218;gut durch&#8216; im 100er-Pack<\/h3>\n<p><!--more--><\/p>\n<p data-start=\"251\" data-end=\"653\">Der <strong>Garspie\u00df f\u00fcr Fleisch \u201eGut durch\u201c<\/strong> ist ein unverzichtbares Zubeh\u00f6r f\u00fcr Fachleute aus der <strong>Gastronomie, dem Lebensmittelhandwerk und dem Catering<\/strong>, die eine kontrollierte und <strong>perfekt identifizierbare Garstufe von Fleisch<\/strong> gew\u00e4hrleisten m\u00f6chten. Einfach, effizient und hygienisch erm\u00f6glicht dieser Spie\u00df, die Garstufe \u201egut durch\u201c w\u00e4hrend des gesamten Zubereitungsprozesses und bis zum Service klar zu kennzeichnen. <\/p>\n<p data-start=\"655\" data-end=\"1084\">Entwickelt, um direkt nach dem Garen in das Fleisch gesteckt zu werden, h\u00e4lt der Spie\u00df der Hitze des Fleisches stand. Dank seiner expliziten Kennzeichnung \u201e<strong>gut durch<\/strong>\u201c erleichtert er die Arbeit in der K\u00fcche und verbessert die Kommunikation zwischen den Teams. <\/p>\n<p data-start=\"1086\" data-end=\"1410\">Dieser <strong>Garspie\u00df<\/strong> wird besonders gesch\u00e4tzt in <strong>Restaurants, Brasserien, Grillrestaurants, Metzgereien und Catering-Services<\/strong>, wo Pr\u00e4zision und Konsistenz unerl\u00e4sslich sind. Er tr\u00e4gt dazu bei, <strong>Garfehler<\/strong>, R\u00fccksendungen in die K\u00fcche und Zeitverluste zu reduzieren und gleichzeitig die Zufriedenheit des Endkunden zu gew\u00e4hrleisten. <\/p>\n<p data-start=\"1412\" data-end=\"1788\">Verpackt im <strong>100er-Pack<\/strong>, bietet dieses Produkt eine praktische und wirtschaftliche L\u00f6sung f\u00fcr den t\u00e4glichen Gebrauch. Leicht, einfach zu handhaben und zu lagern, f\u00fcgt er sich perfekt in die Organisation <strong>professioneller K\u00fcchen<\/strong> ein. Seine Verwendung erm\u00f6glicht es zudem, die Pr\u00e4sentation und die Auftragsverfolgung zu professionalisieren, insbesondere bei intensiven Services oder Veranstaltungen.  <\/p>\n<p data-start=\"1790\" data-end=\"1944\">Der <strong>Garspie\u00df f\u00fcr Fleisch \u201eGut durch\u201c<\/strong> ist somit ein einfaches, aber unverzichtbares Werkzeug, um einen reibungslosen, pr\u00e4zisen und den Kundenerwartungen entsprechenden Service zu gew\u00e4hrleisten.<\/p>\n<p data-start=\"1790\" data-end=\"1944\">\n<p data-start=\"1665\" data-end=\"1870\"><!--more--><\/p>\n<p data-start=\"1665\" data-end=\"1870\"><strong><span style=\"color: #ff0000;\">*Achtung: Dieser Spie\u00df wird nicht w\u00e4hrend des Garens von Fleisch verwendet.<\/span><\/strong><\/p>\n<p>&nbsp;<\/p>\n<p><!--more--><\/p>\n<p><strong>Vorteile :<\/strong><\/p>\n<ul>\n<li data-start=\"585\" data-end=\"672\">Erm\u00f6glicht die sofortige Erkennung des Gargrades von Fleisch.<\/li>\n<li data-start=\"673\" data-end=\"766\">Aus Holz, geeignet f\u00fcr Lebensmittelkontakt und Hitze.<\/li>\n<li data-start=\"767\" data-end=\"870\">Ideal f\u00fcr K\u00fcchen, Grills und Gastronomiebetriebe.<\/li>\n<li data-start=\"871\" data-end=\"948\" data-is-last-node=\"\"><strong>100er-Pack<\/strong> f\u00fcr den Gro\u00dfverbrauch.<\/li>\n<\/ul>\n<p>&nbsp;<\/p>\n<p><!--more--><\/p>\n<h4>Weitere Informationen :<\/h4>\n<ul>\n<li><strong>Verpackung<\/strong>: Packung mit 100 St\u00fcck<\/li>\n<li><strong>Ma\u00dfe<\/strong>: 80 mm<\/li>\n<li><strong>Material<\/strong>: Holz<\/li>\n<li><strong>Farbe<\/strong>: Braun<\/li>\n<\/ul>\n<p>&nbsp;<\/p>\n<p><!--more--><\/p>\n<p>Dieses Produkt gibt es auch in : <span style=\"color: #d12727;\"><a style=\"color: #d12727;\" href=\"https:\/\/www.csj-emballages.com\/de\/produit\/100-spiesse-zum-kochen-von-fleisch-saignant\/\">Saignant<\/a><\/span> \/ <span style=\"color: #d12727;\"><a style=\"color: #d12727;\" href=\"https:\/\/www.csj-emballages.com\/de\/produit\/100-spiesse-zum-kochen-von-fleisch-medium\/\">Auf den Punkt gebracht<\/a><\/span> \/ <span style=\"color: #d12727;\"><a style=\"color: #d12727;\" href=\"https:\/\/www.csj-emballages.com\/de\/produit\/100-fleischspiesse-blau-zum-kochen\/\">Blau<\/a><\/span><\/p>\n<p>&nbsp;<\/p>\n<p><!--more--><\/p>\n<p><a href=\"https:\/\/www.csj-emballages.com\/de\/categorie-produit\/lebensmittelverpackungen\/metzgerei-und-feinkostgeschaft\/nahrungsmittelspiese\/aperitifpicknicks\/aperitifspiese-aus-holz\/\">Sehen Sie sich den Rest unseres Sortiments an Holzspie\u00dfen an.<\/a><\/p>\n","protected":false},"excerpt":{"rendered":"<p>Fleisch-Garspie\u00df Beschreibung unseres Garspie\u00dfes f\u00fcr Fleisch &#8218;gut durch&#8216; im 100er-Pack<\/p>\n","protected":false},"featured_media":225261,"template":"","meta":{"_acf_changed":false},"product_brand":[],"product_cat":[1170,1279,1822,1830],"product_tag":[],"class_list":{"0":"post-18290","1":"product","2":"type-product","3":"status-publish","4":"has-post-thumbnail","6":"product_cat-metzgerei-und-feinkostgeschaft","7":"product_cat-schalen-topfe-glaser","8":"product_cat-aperitifpicknicks","9":"product_cat-aperitifspiese-aus-holz","11":"first","12":"instock","13":"taxable","14":"shipping-taxable","15":"purchasable","16":"product-type-simple"},"acf":[],"yoast_head":"<!-- This site is optimized with the Yoast SEO Premium plugin v26.6 (Yoast SEO v26.6) - https:\/\/yoast.com\/wordpress\/plugins\/seo\/ -->\n<title>Garspie\u00df f\u00fcr Fleisch \u2013 &#039;gut durch&#039; im 100er-Pack<\/title>\n<meta name=\"description\" content=\"Erleichtern Sie den Service mit den Garspie\u00dfen f\u00fcr Fleisch &#039;gut durch&#039; (100er-Pack). Kennzeichnen Sie Ihr Fleisch f\u00fcr eine schnelle Identifizierung und einen pr\u00e4zisen Service.\" \/>\n<meta name=\"robots\" content=\"index, follow, max-snippet:-1, max-image-preview:large, max-video-preview:-1\" \/>\n<link rel=\"canonical\" href=\"https:\/\/www.csj-emballages.com\/de\/produit\/100-spiesse-kochen-gut-gegartes-fleisch\/\" \/>\n<meta property=\"og:locale\" content=\"de_DE\" \/>\n<meta property=\"og:type\" content=\"article\" \/>\n<meta property=\"og:title\" content=\"Garspie\u00df f\u00fcr Fleisch &#039;gut durch&#039; (100 St\u00fcck)\" \/>\n<meta property=\"og:description\" content=\"Erleichtern Sie den Service mit den Garspie\u00dfen f\u00fcr Fleisch &#039;gut durch&#039; (100er-Pack). Kennzeichnen Sie Ihr Fleisch f\u00fcr eine schnelle Identifizierung und einen pr\u00e4zisen Service.\" \/>\n<meta property=\"og:url\" content=\"https:\/\/www.csj-emballages.com\/de\/produit\/100-spiesse-kochen-gut-gegartes-fleisch\/\" \/>\n<meta property=\"og:site_name\" content=\"CSJ Emballages\" \/>\n<meta property=\"article:publisher\" content=\"https:\/\/www.facebook.com\/csjemballages\" \/>\n<meta property=\"article:modified_time\" content=\"2026-04-29T11:00:29+00:00\" \/>\n<meta property=\"og:image\" content=\"https:\/\/www.csj-emballages.com\/wp-content\/uploads\/2024\/03\/Piques-cuisson-viande-bien-cuit-png.webp\" \/>\n\t<meta property=\"og:image:width\" content=\"800\" \/>\n\t<meta property=\"og:image:height\" content=\"800\" \/>\n\t<meta property=\"og:image:type\" content=\"image\/png\" \/>\n<meta name=\"twitter:card\" content=\"summary_large_image\" \/>\n<meta name=\"twitter:label1\" content=\"Gesch\u00e4tzte Lesezeit\" \/>\n\t<meta name=\"twitter:data1\" content=\"2 Minuten\" \/>\n<script type=\"application\/ld+json\" class=\"yoast-schema-graph\">{\"@context\":\"https:\/\/schema.org\",\"@graph\":[{\"@type\":\"WebPage\",\"@id\":\"https:\/\/www.csj-emballages.com\/de\/produit\/100-spiesse-kochen-gut-gegartes-fleisch\/\",\"url\":\"https:\/\/www.csj-emballages.com\/de\/produit\/100-spiesse-kochen-gut-gegartes-fleisch\/\",\"name\":\"Garspie\u00df f\u00fcr Fleisch \u2013 'gut durch' im 100er-Pack\",\"isPartOf\":{\"@id\":\"https:\/\/www.csj-emballages.com\/de\/#website\"},\"primaryImageOfPage\":{\"@id\":\"https:\/\/www.csj-emballages.com\/de\/produit\/100-spiesse-kochen-gut-gegartes-fleisch\/#primaryimage\"},\"image\":{\"@id\":\"https:\/\/www.csj-emballages.com\/de\/produit\/100-spiesse-kochen-gut-gegartes-fleisch\/#primaryimage\"},\"thumbnailUrl\":\"https:\/\/www.csj-emballages.com\/wp-content\/uploads\/2024\/03\/Piques-cuisson-viande-bien-cuit-png.webp\",\"datePublished\":\"2024-03-01T15:59:24+00:00\",\"dateModified\":\"2026-04-29T11:00:29+00:00\",\"description\":\"Erleichtern Sie den Service mit den Garspie\u00dfen f\u00fcr Fleisch 'gut durch' (100er-Pack). Kennzeichnen Sie Ihr Fleisch f\u00fcr eine schnelle Identifizierung und einen pr\u00e4zisen Service.\",\"breadcrumb\":{\"@id\":\"https:\/\/www.csj-emballages.com\/de\/produit\/100-spiesse-kochen-gut-gegartes-fleisch\/#breadcrumb\"},\"inLanguage\":\"de\",\"potentialAction\":[{\"@type\":\"ReadAction\",\"target\":[\"https:\/\/www.csj-emballages.com\/de\/produit\/100-spiesse-kochen-gut-gegartes-fleisch\/\"]}]},{\"@type\":\"ImageObject\",\"inLanguage\":\"de\",\"@id\":\"https:\/\/www.csj-emballages.com\/de\/produit\/100-spiesse-kochen-gut-gegartes-fleisch\/#primaryimage\",\"url\":\"https:\/\/www.csj-emballages.com\/wp-content\/uploads\/2024\/03\/Piques-cuisson-viande-bien-cuit-png.webp\",\"contentUrl\":\"https:\/\/www.csj-emballages.com\/wp-content\/uploads\/2024\/03\/Piques-cuisson-viande-bien-cuit-png.webp\",\"width\":800,\"height\":800,\"caption\":\"piques cuisson viande\"},{\"@type\":\"BreadcrumbList\",\"@id\":\"https:\/\/www.csj-emballages.com\/de\/produit\/100-spiesse-kochen-gut-gegartes-fleisch\/#breadcrumb\",\"itemListElement\":[{\"@type\":\"ListItem\",\"position\":1,\"name\":\"Accueil\",\"item\":\"https:\/\/www.csj-emballages.com\/de\/universum-lebensmittelverpackungen\/\"},{\"@type\":\"ListItem\",\"position\":2,\"name\":\"Shop\",\"item\":\"https:\/\/www.csj-emballages.com\/shop\/\"},{\"@type\":\"ListItem\",\"position\":3,\"name\":\"Garspie\u00df f\u00fcr Fleisch &lsquo;gut durch&rsquo; (100 St\u00fcck)\"}]},{\"@type\":\"WebSite\",\"@id\":\"https:\/\/www.csj-emballages.com\/de\/#website\",\"url\":\"https:\/\/www.csj-emballages.com\/de\/\",\"name\":\"CSJ Emballages\",\"description\":\"\",\"publisher\":{\"@id\":\"https:\/\/www.csj-emballages.com\/de\/#organization\"},\"potentialAction\":[{\"@type\":\"SearchAction\",\"target\":{\"@type\":\"EntryPoint\",\"urlTemplate\":\"https:\/\/www.csj-emballages.com\/de\/?s={search_term_string}\"},\"query-input\":{\"@type\":\"PropertyValueSpecification\",\"valueRequired\":true,\"valueName\":\"search_term_string\"}}],\"inLanguage\":\"de\"},{\"@type\":\"Organization\",\"@id\":\"https:\/\/www.csj-emballages.com\/de\/#Organization\/\",\"name\":\"CSJ Emballages\",\"url\":\"https:\/\/www.csj-emballages.com\/de\/\",\"logo\":{\"@type\":\"ImageObject\",\"inLanguage\":\"de\",\"@id\":\"https:\/\/www.csj-emballages.com\/de\/#\/schema\/logo\/image\/\",\"url\":\"https:\/\/www.csj-emballages.com\/wp-content\/uploads\/2023\/10\/logo_csj.webp\",\"contentUrl\":\"https:\/\/www.csj-emballages.com\/wp-content\/uploads\/2023\/10\/logo_csj.webp\",\"width\":250,\"height\":95,\"caption\":\"CSJ Emballages\"},\"image\":{\"@id\":\"https:\/\/www.csj-emballages.com\/de\/#\/schema\/logo\/image\/\"},\"sameAs\":[\"https:\/\/www.facebook.com\/csjemballages\"],\"address\":{\"@type\":\"PostalAddress\",\"streetAddress\":\"ZI La Lechere\",\"addressLocality\":\"Patornay\",\"postalCode\":\"39130\",\"addressCountry\":\"FR\"},\"contactPoint\":[{\"@type\":\"ContactPoint\",\"contactType\":\"Service client\",\"telephone\":\"0384254272\",\"email\":\"contact@csj-emballages.com\"}]}]}<\/script>\n<!-- \/ Yoast SEO Premium plugin. -->","yoast_head_json":{"title":"Garspie\u00df f\u00fcr Fleisch \u2013 'gut durch' im 100er-Pack","description":"Erleichtern Sie den Service mit den Garspie\u00dfen f\u00fcr Fleisch 'gut durch' (100er-Pack). Kennzeichnen Sie Ihr Fleisch f\u00fcr eine schnelle Identifizierung und einen pr\u00e4zisen Service.","robots":{"index":"index","follow":"follow","max-snippet":"max-snippet:-1","max-image-preview":"max-image-preview:large","max-video-preview":"max-video-preview:-1"},"canonical":"https:\/\/www.csj-emballages.com\/de\/produit\/100-spiesse-kochen-gut-gegartes-fleisch\/","og_locale":"de_DE","og_type":"article","og_title":"Garspie\u00df f\u00fcr Fleisch 'gut durch' (100 St\u00fcck)","og_description":"Erleichtern Sie den Service mit den Garspie\u00dfen f\u00fcr Fleisch 'gut durch' (100er-Pack). Kennzeichnen Sie Ihr Fleisch f\u00fcr eine schnelle Identifizierung und einen pr\u00e4zisen Service.","og_url":"https:\/\/www.csj-emballages.com\/de\/produit\/100-spiesse-kochen-gut-gegartes-fleisch\/","og_site_name":"CSJ Emballages","article_publisher":"https:\/\/www.facebook.com\/csjemballages","article_modified_time":"2026-04-29T11:00:29+00:00","og_image":[{"width":800,"height":800,"url":"https:\/\/www.csj-emballages.com\/wp-content\/uploads\/2024\/03\/Piques-cuisson-viande-bien-cuit-png.webp","type":"image\/png"}],"twitter_card":"summary_large_image","twitter_misc":{"Gesch\u00e4tzte Lesezeit":"2 Minuten"},"schema":{"@context":"https:\/\/schema.org","@graph":[{"@type":"WebPage","@id":"https:\/\/www.csj-emballages.com\/de\/produit\/100-spiesse-kochen-gut-gegartes-fleisch\/","url":"https:\/\/www.csj-emballages.com\/de\/produit\/100-spiesse-kochen-gut-gegartes-fleisch\/","name":"Garspie\u00df f\u00fcr Fleisch \u2013 'gut durch' im 100er-Pack","isPartOf":{"@id":"https:\/\/www.csj-emballages.com\/de\/#website"},"primaryImageOfPage":{"@id":"https:\/\/www.csj-emballages.com\/de\/produit\/100-spiesse-kochen-gut-gegartes-fleisch\/#primaryimage"},"image":{"@id":"https:\/\/www.csj-emballages.com\/de\/produit\/100-spiesse-kochen-gut-gegartes-fleisch\/#primaryimage"},"thumbnailUrl":"https:\/\/www.csj-emballages.com\/wp-content\/uploads\/2024\/03\/Piques-cuisson-viande-bien-cuit-png.webp","datePublished":"2024-03-01T15:59:24+00:00","dateModified":"2026-04-29T11:00:29+00:00","description":"Erleichtern Sie den Service mit den Garspie\u00dfen f\u00fcr Fleisch 'gut durch' (100er-Pack). Kennzeichnen Sie Ihr Fleisch f\u00fcr eine schnelle Identifizierung und einen pr\u00e4zisen Service.","breadcrumb":{"@id":"https:\/\/www.csj-emballages.com\/de\/produit\/100-spiesse-kochen-gut-gegartes-fleisch\/#breadcrumb"},"inLanguage":"de","potentialAction":[{"@type":"ReadAction","target":["https:\/\/www.csj-emballages.com\/de\/produit\/100-spiesse-kochen-gut-gegartes-fleisch\/"]}]},{"@type":"ImageObject","inLanguage":"de","@id":"https:\/\/www.csj-emballages.com\/de\/produit\/100-spiesse-kochen-gut-gegartes-fleisch\/#primaryimage","url":"https:\/\/www.csj-emballages.com\/wp-content\/uploads\/2024\/03\/Piques-cuisson-viande-bien-cuit-png.webp","contentUrl":"https:\/\/www.csj-emballages.com\/wp-content\/uploads\/2024\/03\/Piques-cuisson-viande-bien-cuit-png.webp","width":800,"height":800,"caption":"piques cuisson viande"},{"@type":"BreadcrumbList","@id":"https:\/\/www.csj-emballages.com\/de\/produit\/100-spiesse-kochen-gut-gegartes-fleisch\/#breadcrumb","itemListElement":[{"@type":"ListItem","position":1,"name":"Accueil","item":"https:\/\/www.csj-emballages.com\/de\/universum-lebensmittelverpackungen\/"},{"@type":"ListItem","position":2,"name":"Shop","item":"https:\/\/www.csj-emballages.com\/shop\/"},{"@type":"ListItem","position":3,"name":"Garspie\u00df f\u00fcr Fleisch &lsquo;gut durch&rsquo; (100 St\u00fcck)"}]},{"@type":"WebSite","@id":"https:\/\/www.csj-emballages.com\/de\/#website","url":"https:\/\/www.csj-emballages.com\/de\/","name":"CSJ Emballages","description":"","publisher":{"@id":"https:\/\/www.csj-emballages.com\/de\/#organization"},"potentialAction":[{"@type":"SearchAction","target":{"@type":"EntryPoint","urlTemplate":"https:\/\/www.csj-emballages.com\/de\/?s={search_term_string}"},"query-input":{"@type":"PropertyValueSpecification","valueRequired":true,"valueName":"search_term_string"}}],"inLanguage":"de"},{"@type":"Organization","@id":"https:\/\/www.csj-emballages.com\/de\/#Organization\/","name":"CSJ Emballages","url":"https:\/\/www.csj-emballages.com\/de\/","logo":{"@type":"ImageObject","inLanguage":"de","@id":"https:\/\/www.csj-emballages.com\/de\/#\/schema\/logo\/image\/","url":"https:\/\/www.csj-emballages.com\/wp-content\/uploads\/2023\/10\/logo_csj.webp","contentUrl":"https:\/\/www.csj-emballages.com\/wp-content\/uploads\/2023\/10\/logo_csj.webp","width":250,"height":95,"caption":"CSJ Emballages"},"image":{"@id":"https:\/\/www.csj-emballages.com\/de\/#\/schema\/logo\/image\/"},"sameAs":["https:\/\/www.facebook.com\/csjemballages"],"address":{"@type":"PostalAddress","streetAddress":"ZI La Lechere","addressLocality":"Patornay","postalCode":"39130","addressCountry":"FR"},"contactPoint":[{"@type":"ContactPoint","contactType":"Service client","telephone":"0384254272","email":"contact@csj-emballages.com"}]}]}},"df_price":1.68,"df_sale_price":"","df_regular_price":1.68,"df_image_link":"https:\/\/www.csj-emballages.com\/wp-content\/uploads\/2024\/03\/Piques-cuisson-viande-bien-cuit-300x300.webp","tiered_pricing_type":"fixed","tiered_pricing_fixed_rules":[],"tiered_pricing_percentage_rules":[],"tiered_pricing_minimum":1,"tiered_pricing_roles_data":[],"_links":{"self":[{"href":"https:\/\/www.csj-emballages.com\/de\/wp-json\/wp\/v2\/product\/18290","targetHints":{"allow":["GET"]}}],"collection":[{"href":"https:\/\/www.csj-emballages.com\/de\/wp-json\/wp\/v2\/product"}],"about":[{"href":"https:\/\/www.csj-emballages.com\/de\/wp-json\/wp\/v2\/types\/product"}],"wp:featuredmedia":[{"embeddable":true,"href":"https:\/\/www.csj-emballages.com\/de\/wp-json\/wp\/v2\/media\/225261"}],"wp:attachment":[{"href":"https:\/\/www.csj-emballages.com\/de\/wp-json\/wp\/v2\/media?parent=18290"}],"wp:term":[{"taxonomy":"product_brand","embeddable":true,"href":"https:\/\/www.csj-emballages.com\/de\/wp-json\/wp\/v2\/product_brand?post=18290"},{"taxonomy":"product_cat","embeddable":true,"href":"https:\/\/www.csj-emballages.com\/de\/wp-json\/wp\/v2\/product_cat?post=18290"},{"taxonomy":"product_tag","embeddable":true,"href":"https:\/\/www.csj-emballages.com\/de\/wp-json\/wp\/v2\/product_tag?post=18290"}],"curies":[{"name":"wp","href":"https:\/\/api.w.org\/{rel}","templated":true}]}}