{"id":18285,"date":"2024-03-01T16:59:25","date_gmt":"2024-03-01T15:59:25","guid":{"rendered":"https:\/\/u15jnbdpoq.preview.infomaniak.website\/produit\/1000-etiketten-freude-am-schenken-in-gold\/"},"modified":"2026-03-12T16:03:47","modified_gmt":"2026-03-12T15:03:47","slug":"1000-etiketten-freude-am-schenken-in-gold","status":"publish","type":"product","link":"https:\/\/www.csj-emballages.com\/de\/produit\/1000-etiketten-freude-am-schenken-in-gold\/","title":{"rendered":"Klebeetikett Gold &#8222;Freude am Schenken&#8220; pro 1000"},"content":{"rendered":"<div style=\"box-sizing: inherit; font-family: Roboto, sans-serif;\">\n<div style=\"box-sizing: inherit; font-family: Roboto, sans-serif;\">\n<div style=\"box-sizing: inherit; font-family: Roboto, sans-serif;\">\n<div style=\"box-sizing: inherit; font-family: Roboto, sans-serif;\">\n<div style=\"box-sizing: inherit; font-family: Roboto, sans-serif;\">\n<div style=\"box-sizing: inherit; font-family: Roboto, sans-serif;\">\n<div style=\"box-sizing: inherit; font-family: Roboto, sans-serif;\">\n<div style=\"box-sizing: inherit; font-family: Roboto, sans-serif;\">\n<div style=\"box-sizing: inherit; font-family: Roboto, sans-serif;\">\n<div style=\"box-sizing: inherit; font-family: Roboto, sans-serif;\">\n<div style=\"box-sizing: inherit; font-family: Roboto, sans-serif;\">\n<div style=\"box-sizing: inherit; font-family: Roboto, sans-serif;\">\n<div style=\"box-sizing: inherit; font-family: Roboto, sans-serif;\">\n<div class=\"flex flex-grow flex-col max-w-full\">\n<div class=\"min-h-[20px] text-message flex flex-col items-start whitespace-pre-wrap break-words [.text-message+&amp;]:mt-5 juice:w-full juice:items-end overflow-x-auto gap-2\" dir=\"auto\" data-message-author-role=\"assistant\" data-message-id=\"2034782e-88f9-44ef-b4dc-07dd7bf0115f\">\n<div class=\"flex w-full flex-col gap-1 juice:empty:hidden juice:first:pt-[3px]\">\n<div class=\"markdown prose w-full break-words dark:prose-invert light\">\n<div style=\"box-sizing: inherit; font-family: Roboto, sans-serif;\">\n<div style=\"box-sizing: inherit; font-family: Roboto, sans-serif;\">\n<div style=\"box-sizing: inherit; font-family: Roboto, sans-serif;\">\n<div style=\"box-sizing: inherit; font-family: Roboto, sans-serif;\">\n<div style=\"box-sizing: inherit; font-family: Roboto, sans-serif;\">\n<div style=\"box-sizing: inherit; font-family: Roboto, sans-serif;\">\n<h2 class=\"p1\">Selbstklebeetikett Gold<\/h2>\n<div style=\"box-sizing: inherit; font-family: Roboto, sans-serif;\">\n<div style=\"box-sizing: inherit; font-family: Roboto, sans-serif;\">\n<div style=\"box-sizing: inherit; font-family: Roboto, sans-serif;\">\n<div style=\"text-align: center;\">\n<div style=\"box-sizing: inherit; font-family: Roboto, sans-serif;\">\n<div style=\"box-sizing: inherit; font-family: Roboto, sans-serif;\">\n<div style=\"box-sizing: inherit; font-family: Roboto, sans-serif;\">\n<div style=\"box-sizing: inherit; font-family: Roboto, sans-serif;\">\n<div style=\"box-sizing: inherit; font-family: Roboto, sans-serif;\">\n<div style=\"box-sizing: inherit; font-family: Roboto, sans-serif; text-align: left;\">\n<hr>\n<h3 style=\"text-align: left;\">Beschreibung unseres goldenen Klebeetiketts &#8222;plaisir d&#8217;offrir&#8220; pro 1000 St\u00fcck<\/h3>\n<h3 style=\"text-align: left;\"><!--more--><\/h3>\n<\/div>\n<\/div>\n<\/div>\n<\/div>\n<\/div>\n<\/div>\n<\/div>\n<\/div>\n<\/div>\n<\/div>\n<\/div>\n<\/div>\n<\/div>\n<\/div>\n<\/div>\n<\/div>\n<\/div>\n<\/div>\n<\/div>\n<\/div>\n<\/div>\n<\/div>\n<\/div>\n<\/div>\n<\/div>\n<\/div>\n<\/div>\n<\/div>\n<\/div>\n<\/div>\n<\/div>\n<\/div>\n<\/div>\n<div style=\"box-sizing: inherit; font-family: Roboto, sans-serif;\">\n<div style=\"box-sizing: inherit; font-family: Roboto, sans-serif;\">\n<div style=\"box-sizing: inherit; font-family: Roboto, sans-serif;\">\n<div style=\"box-sizing: inherit; font-family: Roboto, sans-serif;\">\n<div style=\"box-sizing: inherit; font-family: Roboto, sans-serif;\">\n<div style=\"box-sizing: inherit; font-family: Roboto, sans-serif;\">\n<div style=\"box-sizing: inherit; font-family: Roboto, sans-serif;\">\n<div style=\"box-sizing: inherit; font-family: Roboto, sans-serif;\">\n<div style=\"box-sizing: inherit; font-family: Roboto, sans-serif;\">\n<div style=\"box-sizing: inherit; font-family: Roboto, sans-serif;\">\n<div style=\"box-sizing: inherit; font-family: Roboto, sans-serif;\">\n<div style=\"box-sizing: inherit; font-family: Roboto, sans-serif;\">\n<div style=\"box-sizing: inherit; font-family: Roboto, sans-serif;\">\n<div class=\"flex flex-grow flex-col max-w-full\">\n<div class=\"min-h-[20px] text-message flex flex-col items-start whitespace-pre-wrap break-words [.text-message+&amp;]:mt-5 juice:w-full juice:items-end overflow-x-auto gap-2\" dir=\"auto\" data-message-author-role=\"assistant\" data-message-id=\"2034782e-88f9-44ef-b4dc-07dd7bf0115f\">\n<div class=\"flex w-full flex-col gap-1 juice:empty:hidden juice:first:pt-[3px]\">\n<div class=\"markdown prose w-full break-words dark:prose-invert light\">\n<div style=\"box-sizing: inherit; font-family: Roboto, sans-serif;\">\n<div style=\"box-sizing: inherit; font-family: Roboto, sans-serif;\">\n<div style=\"box-sizing: inherit; font-family: Roboto, sans-serif;\">\n<div style=\"box-sizing: inherit; font-family: Roboto, sans-serif;\">\n<div style=\"box-sizing: inherit; font-family: Roboto, sans-serif;\">\n<div style=\"box-sizing: inherit; font-family: Roboto, sans-serif;\">\n<p data-start=\"0\" data-end=\"388\">Verleihen Sie jedem Geschenk einen Hauch von Eleganz mit unseren <strong data-start=\"86\" data-end=\"125\">goldenen Klebeetiketten &#8222;Plaisir d&#8217;offrir&#8220;.<\/strong> Diese <strong>goldenen Etiketten<\/strong> aus hochwertigem <strong data-start=\"138\" data-end=\"167\">Haftpapier<\/strong> haben eine Gr\u00f6\u00dfe von <strong data-start=\"193\" data-end=\"207\">32 x 19 mm<\/strong> und werden in einer <strong data-start=\"228\" data-end=\"252\">Packung mit 1000 St\u00fcck<\/strong> geliefert. Mit ihrem <strong data-start=\"267\" data-end=\"298\">gl\u00e4nzenden Silberfinish<\/strong> verleihen sie jeder Verpackung sofort eine festliche und professionelle Note.  <\/p>\n<p data-start=\"390\" data-end=\"797\">Diese praktischen und raffinierten <strong>Etiketten<\/strong> passen perfekt zu Ihren <strong data-start=\"460\" data-end=\"487\">Lebensmittelverpackungen<\/strong>, Geschenkschachteln oder Feinschmeckerbeuteln. Ob Sie nun <strong data-start=\"541\" data-end=\"564\">Chocolatier<\/strong>, <strong data-start=\"566\" data-end=\"579\">B\u00e4cker<\/strong>, <strong data-start=\"581\" data-end=\"593\">Feinkosth\u00e4ndler<\/strong> oder einfach nur ein leidenschaftlicher Pr\u00e4sentator sind, sie unterstreichen Ihre Liebe zum Detail. Au\u00dferdem sind sie dank ihres <strong data-start=\"693\" data-end=\"711\">kompakten Formats<\/strong> ideal, um sowohl kleine Beh\u00e4lter als auch gro\u00dfe Schachteln zu dekorieren.  <\/p>\n<p data-start=\"799\" data-end=\"1121\">Die <strong data-start=\"802\" data-end=\"825\">Spenderbox<\/strong> macht die Lagerung und Entnahme einfach: Ziehen Sie einfach ein <strong>selbstklebendes Etikett<\/strong> und kleben Sie es direkt auf Ihre Verpackung. Schluss mit dem Zeitverlust! Au\u00dferdem sorgt der starke Klebstoff daf\u00fcr, dass das Etikett auf verschiedenen Untergr\u00fcnden wie Karton, Kraftpapier oder glattem Kunststoff perfekt h\u00e4lt.  <\/p>\n<p data-start=\"1123\" data-end=\"1477\">Wenn Sie sich f\u00fcr diese <strong>selbstklebenden Etiketten &#8222;Freude am Schenken&#8220;<\/strong> entscheiden, \u00fcberbringen Sie Ihren Kunden eine <strong data-start=\"1190\" data-end=\"1212\">herzliche Botschaft<\/strong> und werten gleichzeitig Ihre Produkte auf. Denn ein einfaches Detail wie ein dekoratives Etikett kann eine gew\u00f6hnliche Verpackung in ein bereitwilliges Geschenk verwandeln. Auf diese Weise st\u00e4rken Sie das Image Ihrer Marke und schaffen ein <strong data-start=\"1445\" data-end=\"1476\">unvergessliches Kundenerlebnis<\/strong>.  <\/p>\n<p data-start=\"1479\" data-end=\"1840\">Kurz gesagt, diese <strong>goldenen Etiketten<\/strong> sind die ideale Wahl, um Ihre Kreationen zu veredeln und Ihre Leidenschaft weiterzugeben. Dank ihres <strong data-start=\"1606\" data-end=\"1620\">schicken Stils<\/strong>, der <strong data-start=\"1627\" data-end=\"1647\">zuverl\u00e4ssigen Haftung<\/strong> und des <strong data-start=\"1656\" data-end=\"1681\">praktischen Spenders<\/strong> werden sie schnell zu einem unverzichtbaren Bestandteil Ihrer Werkstatt oder Ihres Ladens. Verschenken Sie nicht nur ein Produkt, sondern auch eine echte <strong data-start=\"1819\" data-end=\"1839\">Freude am Schenken<\/strong>.  <\/p>\n<p data-start=\"1479\" data-end=\"1840\">\n<p><!--more--><\/p>\n<h4 style=\"text-align: left;\">Vorteile :<\/h4>\n<ul style=\"text-align: left;\">\n<li>Elegantes <strong data-start=\"2069\" data-end=\"2090\">goldenes Finish<\/strong>, um jede Verpackung zu veredeln.<\/li>\n<li>Praktische <strong data-start=\"2136\" data-end=\"2159\">Spenderbox<\/strong> f\u00fcr den schnellen und ordentlichen Gebrauch.<\/li>\n<li><strong data-start=\"2206\" data-end=\"2226\">Starker Klebstoff<\/strong>, der f\u00fcr verschiedene Untergr\u00fcnde (Karton, Plastik, Kraft) geeignet ist.<\/li>\n<li>Format <strong data-start=\"2291\" data-end=\"2303\">32&#215;19 mm<\/strong> perfekt f\u00fcr alle Arten von Geschenken oder Lebensmitteln.<\/li>\n<\/ul>\n<\/div>\n<\/div>\n<\/div>\n<\/div>\n<\/div>\n<\/div>\n<\/div>\n<\/div>\n<\/div>\n<\/div>\n<\/div>\n<\/div>\n<p>&nbsp;<\/p>\n<\/div>\n<\/div>\n<\/div>\n<\/div>\n<\/div>\n<\/div>\n<\/div>\n<\/div>\n<\/div>\n<\/div>\n<\/div>\n<p><!--more--><\/p>\n<h4>Weitere Informationen :<\/h4>\n<ul style=\"box-sizing: inherit; font-family: Roboto, sans-serif;\">\n<li><strong>Verpackung<\/strong>: Packung mit 1000 St\u00fcck<\/li>\n<li><span style=\"font-weight: bold;\">Ma\u00dfe<\/span>: 32 x 19 mm<\/li>\n<li><strong>Farbe<\/strong>: Gold \/ Schwarz<\/li>\n<\/ul>\n<p>&nbsp;<\/p>\n<p><!--more--><\/p>\n<p>Dieses Etikett ist auch in Silber erh\u00e4ltlich : <span style=\"color: #d12727;\"><a style=\"color: #d12727;\" href=\"https:\/\/www.csj-emballages.com\/produit\/1000-etiquettes-argent-plaisir-doffrir\/\">11122<\/a><\/span><\/p>\n<div style=\"box-sizing: inherit; font-family: Roboto, sans-serif;\">\n<div style=\"box-sizing: inherit; font-family: Roboto, sans-serif;\">\n<div style=\"box-sizing: inherit; font-family: Roboto, sans-serif;\">\n<div style=\"box-sizing: inherit; font-family: Roboto, sans-serif;\">\n<div style=\"box-sizing: inherit; font-family: Roboto, sans-serif;\">\n<div style=\"box-sizing: inherit; font-family: Roboto, sans-serif;\">\n<p>&nbsp;<\/p>\n<p><!--more--><\/p>\n<p><a href=\"https:\/\/www.csj-emballages.com\/de\/categorie-produit\/lebensmittelverpackungen\/weihnachten\/zubehor-dekorative-verpackungen\/etiketten-de-2\/\">Sehen Sie sich den Rest unseres Sortiments an dekorativen Klebeetiketten an<\/a><\/p>\n<\/div>\n<\/div>\n<\/div>\n<\/div>\n<\/div>\n<\/div>\n","protected":false},"excerpt":{"rendered":"<p>Selbstklebeetikett Gold Beschreibung unseres goldenen Klebeetiketts &#8222;plaisir d&#8217;offrir&#8220; pro 1000 St\u00fcck<\/p>\n","protected":false},"featured_media":9043,"template":"","meta":{"_acf_changed":false},"product_brand":[],"product_cat":[1137,1171,1817,1487,1825],"product_tag":[],"class_list":{"0":"post-18285","1":"product","2":"type-product","3":"status-publish","4":"has-post-thumbnail","6":"product_cat-lebensmittelverpackungen","7":"product_cat-backerei-und-konditorei","8":"product_cat-etiketten","9":"product_cat-boutique-und-geschaft","10":"product_cat-etiketten-de","12":"first","13":"instock","14":"taxable","15":"shipping-taxable","16":"purchasable","17":"product-type-simple"},"acf":[],"yoast_head":"<!-- This site is optimized with the Yoast SEO Premium plugin v26.6 (Yoast SEO v26.6) - https:\/\/yoast.com\/wordpress\/plugins\/seo\/ -->\n<title>Haftetikett Gold &quot;Plaisir d&#039;offrir&quot; pro 1000<\/title>\n<meta name=\"description\" content=\"Goldenes Haftetikett &quot;Plaisir d&#039;offrir&quot; 32 x 19 mm in einer Packung mit 1000 St\u00fcck: starker Klebstoff, elegantes Design, ideal f\u00fcr Geschenk- und Lebensmittelverpackungen.\" \/>\n<meta name=\"robots\" content=\"index, follow, max-snippet:-1, max-image-preview:large, max-video-preview:-1\" \/>\n<link rel=\"canonical\" href=\"https:\/\/www.csj-emballages.com\/de\/produit\/1000-etiketten-freude-am-schenken-in-gold\/\" \/>\n<meta property=\"og:locale\" content=\"de_DE\" \/>\n<meta property=\"og:type\" content=\"article\" \/>\n<meta property=\"og:title\" content=\"Klebeetikett Gold &quot;Freude am Schenken&quot; pro 1000\" \/>\n<meta property=\"og:description\" content=\"Goldenes Haftetikett &quot;Plaisir d&#039;offrir&quot; 32 x 19 mm in einer Packung mit 1000 St\u00fcck: starker Klebstoff, elegantes Design, ideal f\u00fcr Geschenk- und Lebensmittelverpackungen.\" \/>\n<meta property=\"og:url\" content=\"https:\/\/www.csj-emballages.com\/de\/produit\/1000-etiketten-freude-am-schenken-in-gold\/\" \/>\n<meta property=\"og:site_name\" content=\"CSJ Emballages\" \/>\n<meta property=\"article:publisher\" content=\"https:\/\/www.facebook.com\/csjemballages\" \/>\n<meta property=\"article:modified_time\" content=\"2026-03-12T15:03:47+00:00\" \/>\n<meta property=\"og:image\" content=\"https:\/\/www.csj-emballages.com\/wp-content\/uploads\/2024\/03\/etiquettes-plasir-offrir-or-rectangle-csj-emballages-papier-autocollant-gros-jpg.webp\" \/>\n\t<meta property=\"og:image:width\" content=\"800\" \/>\n\t<meta property=\"og:image:height\" content=\"800\" \/>\n\t<meta property=\"og:image:type\" content=\"image\/jpeg\" \/>\n<meta name=\"twitter:card\" content=\"summary_large_image\" \/>\n<meta name=\"twitter:label1\" content=\"Gesch\u00e4tzte Lesezeit\" \/>\n\t<meta name=\"twitter:data1\" content=\"2 Minuten\" \/>\n<script type=\"application\/ld+json\" class=\"yoast-schema-graph\">{\"@context\":\"https:\/\/schema.org\",\"@graph\":[{\"@type\":\"WebPage\",\"@id\":\"https:\/\/www.csj-emballages.com\/de\/produit\/1000-etiketten-freude-am-schenken-in-gold\/\",\"url\":\"https:\/\/www.csj-emballages.com\/de\/produit\/1000-etiketten-freude-am-schenken-in-gold\/\",\"name\":\"Haftetikett Gold \\\"Plaisir d'offrir\\\" pro 1000\",\"isPartOf\":{\"@id\":\"https:\/\/www.csj-emballages.com\/de\/#website\"},\"primaryImageOfPage\":{\"@id\":\"https:\/\/www.csj-emballages.com\/de\/produit\/1000-etiketten-freude-am-schenken-in-gold\/#primaryimage\"},\"image\":{\"@id\":\"https:\/\/www.csj-emballages.com\/de\/produit\/1000-etiketten-freude-am-schenken-in-gold\/#primaryimage\"},\"thumbnailUrl\":\"https:\/\/www.csj-emballages.com\/wp-content\/uploads\/2024\/03\/etiquettes-plasir-offrir-or-rectangle-csj-emballages-papier-autocollant-gros-jpg.webp\",\"datePublished\":\"2024-03-01T15:59:25+00:00\",\"dateModified\":\"2026-03-12T15:03:47+00:00\",\"description\":\"Goldenes Haftetikett \\\"Plaisir d'offrir\\\" 32 x 19 mm in einer Packung mit 1000 St\u00fcck: starker Klebstoff, elegantes Design, ideal f\u00fcr Geschenk- und Lebensmittelverpackungen.\",\"breadcrumb\":{\"@id\":\"https:\/\/www.csj-emballages.com\/de\/produit\/1000-etiketten-freude-am-schenken-in-gold\/#breadcrumb\"},\"inLanguage\":\"de\",\"potentialAction\":[{\"@type\":\"ReadAction\",\"target\":[\"https:\/\/www.csj-emballages.com\/de\/produit\/1000-etiketten-freude-am-schenken-in-gold\/\"]}]},{\"@type\":\"ImageObject\",\"inLanguage\":\"de\",\"@id\":\"https:\/\/www.csj-emballages.com\/de\/produit\/1000-etiketten-freude-am-schenken-in-gold\/#primaryimage\",\"url\":\"https:\/\/www.csj-emballages.com\/wp-content\/uploads\/2024\/03\/etiquettes-plasir-offrir-or-rectangle-csj-emballages-papier-autocollant-gros-jpg.webp\",\"contentUrl\":\"https:\/\/www.csj-emballages.com\/wp-content\/uploads\/2024\/03\/etiquettes-plasir-offrir-or-rectangle-csj-emballages-papier-autocollant-gros-jpg.webp\",\"width\":800,\"height\":800,\"caption\":\"\u00c9tiquettes Or \\\"Plaisir d'Offrir\\\"\"},{\"@type\":\"BreadcrumbList\",\"@id\":\"https:\/\/www.csj-emballages.com\/de\/produit\/1000-etiketten-freude-am-schenken-in-gold\/#breadcrumb\",\"itemListElement\":[{\"@type\":\"ListItem\",\"position\":1,\"name\":\"Accueil\",\"item\":\"https:\/\/www.csj-emballages.com\/de\/universum-lebensmittelverpackungen\/\"},{\"@type\":\"ListItem\",\"position\":2,\"name\":\"Shop\",\"item\":\"https:\/\/www.csj-emballages.com\/shop\/\"},{\"@type\":\"ListItem\",\"position\":3,\"name\":\"Klebeetikett Gold \u00ab\u00a0Freude am Schenken\u00a0\u00bb pro 1000\"}]},{\"@type\":\"WebSite\",\"@id\":\"https:\/\/www.csj-emballages.com\/de\/#website\",\"url\":\"https:\/\/www.csj-emballages.com\/de\/\",\"name\":\"CSJ Emballages\",\"description\":\"\",\"publisher\":{\"@id\":\"https:\/\/www.csj-emballages.com\/de\/#organization\"},\"potentialAction\":[{\"@type\":\"SearchAction\",\"target\":{\"@type\":\"EntryPoint\",\"urlTemplate\":\"https:\/\/www.csj-emballages.com\/de\/?s={search_term_string}\"},\"query-input\":{\"@type\":\"PropertyValueSpecification\",\"valueRequired\":true,\"valueName\":\"search_term_string\"}}],\"inLanguage\":\"de\"},{\"@type\":\"Organization\",\"@id\":\"https:\/\/www.csj-emballages.com\/de\/#Organization\/\",\"name\":\"CSJ Emballages\",\"url\":\"https:\/\/www.csj-emballages.com\/de\/\",\"logo\":{\"@type\":\"ImageObject\",\"inLanguage\":\"de\",\"@id\":\"https:\/\/www.csj-emballages.com\/de\/#\/schema\/logo\/image\/\",\"url\":\"https:\/\/www.csj-emballages.com\/wp-content\/uploads\/2023\/10\/logo_csj.webp\",\"contentUrl\":\"https:\/\/www.csj-emballages.com\/wp-content\/uploads\/2023\/10\/logo_csj.webp\",\"width\":250,\"height\":95,\"caption\":\"CSJ Emballages\"},\"image\":{\"@id\":\"https:\/\/www.csj-emballages.com\/de\/#\/schema\/logo\/image\/\"},\"sameAs\":[\"https:\/\/www.facebook.com\/csjemballages\"],\"address\":{\"@type\":\"PostalAddress\",\"streetAddress\":\"ZI La Lechere\",\"addressLocality\":\"Patornay\",\"postalCode\":\"39130\",\"addressCountry\":\"FR\"},\"contactPoint\":[{\"@type\":\"ContactPoint\",\"contactType\":\"Service client\",\"telephone\":\"0384254272\",\"email\":\"contact@csj-emballages.com\"}]}]}<\/script>\n<!-- \/ Yoast SEO Premium plugin. -->","yoast_head_json":{"title":"Haftetikett Gold \"Plaisir d'offrir\" pro 1000","description":"Goldenes Haftetikett \"Plaisir d'offrir\" 32 x 19 mm in einer Packung mit 1000 St\u00fcck: starker Klebstoff, elegantes Design, ideal f\u00fcr Geschenk- und Lebensmittelverpackungen.","robots":{"index":"index","follow":"follow","max-snippet":"max-snippet:-1","max-image-preview":"max-image-preview:large","max-video-preview":"max-video-preview:-1"},"canonical":"https:\/\/www.csj-emballages.com\/de\/produit\/1000-etiketten-freude-am-schenken-in-gold\/","og_locale":"de_DE","og_type":"article","og_title":"Klebeetikett Gold \"Freude am Schenken\" pro 1000","og_description":"Goldenes Haftetikett \"Plaisir d'offrir\" 32 x 19 mm in einer Packung mit 1000 St\u00fcck: starker Klebstoff, elegantes Design, ideal f\u00fcr Geschenk- und Lebensmittelverpackungen.","og_url":"https:\/\/www.csj-emballages.com\/de\/produit\/1000-etiketten-freude-am-schenken-in-gold\/","og_site_name":"CSJ Emballages","article_publisher":"https:\/\/www.facebook.com\/csjemballages","article_modified_time":"2026-03-12T15:03:47+00:00","og_image":[{"width":800,"height":800,"url":"https:\/\/www.csj-emballages.com\/wp-content\/uploads\/2024\/03\/etiquettes-plasir-offrir-or-rectangle-csj-emballages-papier-autocollant-gros-jpg.webp","type":"image\/jpeg"}],"twitter_card":"summary_large_image","twitter_misc":{"Gesch\u00e4tzte Lesezeit":"2 Minuten"},"schema":{"@context":"https:\/\/schema.org","@graph":[{"@type":"WebPage","@id":"https:\/\/www.csj-emballages.com\/de\/produit\/1000-etiketten-freude-am-schenken-in-gold\/","url":"https:\/\/www.csj-emballages.com\/de\/produit\/1000-etiketten-freude-am-schenken-in-gold\/","name":"Haftetikett Gold \"Plaisir d'offrir\" pro 1000","isPartOf":{"@id":"https:\/\/www.csj-emballages.com\/de\/#website"},"primaryImageOfPage":{"@id":"https:\/\/www.csj-emballages.com\/de\/produit\/1000-etiketten-freude-am-schenken-in-gold\/#primaryimage"},"image":{"@id":"https:\/\/www.csj-emballages.com\/de\/produit\/1000-etiketten-freude-am-schenken-in-gold\/#primaryimage"},"thumbnailUrl":"https:\/\/www.csj-emballages.com\/wp-content\/uploads\/2024\/03\/etiquettes-plasir-offrir-or-rectangle-csj-emballages-papier-autocollant-gros-jpg.webp","datePublished":"2024-03-01T15:59:25+00:00","dateModified":"2026-03-12T15:03:47+00:00","description":"Goldenes Haftetikett \"Plaisir d'offrir\" 32 x 19 mm in einer Packung mit 1000 St\u00fcck: starker Klebstoff, elegantes Design, ideal f\u00fcr Geschenk- und Lebensmittelverpackungen.","breadcrumb":{"@id":"https:\/\/www.csj-emballages.com\/de\/produit\/1000-etiketten-freude-am-schenken-in-gold\/#breadcrumb"},"inLanguage":"de","potentialAction":[{"@type":"ReadAction","target":["https:\/\/www.csj-emballages.com\/de\/produit\/1000-etiketten-freude-am-schenken-in-gold\/"]}]},{"@type":"ImageObject","inLanguage":"de","@id":"https:\/\/www.csj-emballages.com\/de\/produit\/1000-etiketten-freude-am-schenken-in-gold\/#primaryimage","url":"https:\/\/www.csj-emballages.com\/wp-content\/uploads\/2024\/03\/etiquettes-plasir-offrir-or-rectangle-csj-emballages-papier-autocollant-gros-jpg.webp","contentUrl":"https:\/\/www.csj-emballages.com\/wp-content\/uploads\/2024\/03\/etiquettes-plasir-offrir-or-rectangle-csj-emballages-papier-autocollant-gros-jpg.webp","width":800,"height":800,"caption":"\u00c9tiquettes Or \"Plaisir d'Offrir\""},{"@type":"BreadcrumbList","@id":"https:\/\/www.csj-emballages.com\/de\/produit\/1000-etiketten-freude-am-schenken-in-gold\/#breadcrumb","itemListElement":[{"@type":"ListItem","position":1,"name":"Accueil","item":"https:\/\/www.csj-emballages.com\/de\/universum-lebensmittelverpackungen\/"},{"@type":"ListItem","position":2,"name":"Shop","item":"https:\/\/www.csj-emballages.com\/shop\/"},{"@type":"ListItem","position":3,"name":"Klebeetikett Gold \u00ab\u00a0Freude am Schenken\u00a0\u00bb pro 1000"}]},{"@type":"WebSite","@id":"https:\/\/www.csj-emballages.com\/de\/#website","url":"https:\/\/www.csj-emballages.com\/de\/","name":"CSJ Emballages","description":"","publisher":{"@id":"https:\/\/www.csj-emballages.com\/de\/#organization"},"potentialAction":[{"@type":"SearchAction","target":{"@type":"EntryPoint","urlTemplate":"https:\/\/www.csj-emballages.com\/de\/?s={search_term_string}"},"query-input":{"@type":"PropertyValueSpecification","valueRequired":true,"valueName":"search_term_string"}}],"inLanguage":"de"},{"@type":"Organization","@id":"https:\/\/www.csj-emballages.com\/de\/#Organization\/","name":"CSJ Emballages","url":"https:\/\/www.csj-emballages.com\/de\/","logo":{"@type":"ImageObject","inLanguage":"de","@id":"https:\/\/www.csj-emballages.com\/de\/#\/schema\/logo\/image\/","url":"https:\/\/www.csj-emballages.com\/wp-content\/uploads\/2023\/10\/logo_csj.webp","contentUrl":"https:\/\/www.csj-emballages.com\/wp-content\/uploads\/2023\/10\/logo_csj.webp","width":250,"height":95,"caption":"CSJ Emballages"},"image":{"@id":"https:\/\/www.csj-emballages.com\/de\/#\/schema\/logo\/image\/"},"sameAs":["https:\/\/www.facebook.com\/csjemballages"],"address":{"@type":"PostalAddress","streetAddress":"ZI La Lechere","addressLocality":"Patornay","postalCode":"39130","addressCountry":"FR"},"contactPoint":[{"@type":"ContactPoint","contactType":"Service client","telephone":"0384254272","email":"contact@csj-emballages.com"}]}]}},"df_price":8.04,"df_sale_price":"","df_regular_price":8.04,"df_image_link":"https:\/\/www.csj-emballages.com\/wp-content\/uploads\/2024\/03\/etiquettes-plasir-offrir-or-rectangle-csj-emballages-papier-autocollant-gros-300x300.webp","tiered_pricing_type":"fixed","tiered_pricing_fixed_rules":[],"tiered_pricing_percentage_rules":[],"tiered_pricing_minimum":1,"tiered_pricing_roles_data":[],"_links":{"self":[{"href":"https:\/\/www.csj-emballages.com\/de\/wp-json\/wp\/v2\/product\/18285","targetHints":{"allow":["GET"]}}],"collection":[{"href":"https:\/\/www.csj-emballages.com\/de\/wp-json\/wp\/v2\/product"}],"about":[{"href":"https:\/\/www.csj-emballages.com\/de\/wp-json\/wp\/v2\/types\/product"}],"wp:featuredmedia":[{"embeddable":true,"href":"https:\/\/www.csj-emballages.com\/de\/wp-json\/wp\/v2\/media\/9043"}],"wp:attachment":[{"href":"https:\/\/www.csj-emballages.com\/de\/wp-json\/wp\/v2\/media?parent=18285"}],"wp:term":[{"taxonomy":"product_brand","embeddable":true,"href":"https:\/\/www.csj-emballages.com\/de\/wp-json\/wp\/v2\/product_brand?post=18285"},{"taxonomy":"product_cat","embeddable":true,"href":"https:\/\/www.csj-emballages.com\/de\/wp-json\/wp\/v2\/product_cat?post=18285"},{"taxonomy":"product_tag","embeddable":true,"href":"https:\/\/www.csj-emballages.com\/de\/wp-json\/wp\/v2\/product_tag?post=18285"}],"curies":[{"name":"wp","href":"https:\/\/api.w.org\/{rel}","templated":true}]}}