{"id":18281,"date":"2024-03-01T16:59:25","date_gmt":"2024-03-01T15:59:25","guid":{"rendered":"https:\/\/u15jnbdpoq.preview.infomaniak.website\/produit\/100-fleischspiesse-blau-zum-kochen\/"},"modified":"2026-04-29T16:00:22","modified_gmt":"2026-04-29T14:00:22","slug":"100-fleischspiesse-blau-zum-kochen","status":"publish","type":"product","link":"https:\/\/www.csj-emballages.com\/de\/produit\/100-fleischspiesse-blau-zum-kochen\/","title":{"rendered":"Steak-Picker \u201ebleu\u201c, 100 St\u00fcck"},"content":{"rendered":"<h2 class=\"p1\">Fleisch-Garspie\u00df<\/h2>\n<hr>\n<h3>Beschreibung unseres &#8218;blauen&#8216; Fleisch-Garspie\u00dfes im 100er-Pack<\/h3>\n<p><!--more--><\/p>\n<p data-start=\"208\" data-end=\"631\">Der <strong>Fleisch-Garspie\u00df \u00abblau\u00bb<\/strong> ist ein unverzichtbares Zubeh\u00f6r f\u00fcr das <strong>Garen<\/strong>, <strong>Identifizieren und Pr\u00e4sentieren von Fleisch<\/strong>, sowohl in der professionellen Gastronomie als auch in Metzgereien, bei Caterern oder in Gro\u00dfk\u00fcchen. Dieser <strong>Spie\u00df<\/strong> wurde entwickelt, um hohen Temperaturen standzuhalten, und erm\u00f6glicht eine einfache Identifizierung des Gargrades von Fleisch, insbesondere bei unterschiedlichen Garmethoden oder in Sto\u00dfzeiten. <\/p>\n<p data-start=\"633\" data-end=\"990\">Seine <strong>blaue Farbe<\/strong> wird \u00fcblicherweise verwendet, um <strong>wenig gegartes oder blutiges Fleisch<\/strong> zu kennzeichnen, was die K\u00fcchenorganisation erleichtert und das Fehlerrisiko beim Anrichten oder Servieren minimiert. Diese schnelle <strong>visuelle Identifizierung<\/strong> verbessert die <strong>Kommunikation zwischen den Teams<\/strong> und spart wertvolle Zeit, insbesondere w\u00e4hrend intensiver Servicezeiten. <\/p>\n<p data-start=\"992\" data-end=\"1352\">Hergestellt aus hitzebest\u00e4ndigem Material, h\u00e4lt der <strong>Garspie\u00df<\/strong> der Hitze des Fleisches stand. Er l\u00e4sst sich leicht in das Fleisch einf\u00fchren und bleibt sicher an Ort und Stelle. Seine Form ist f\u00fcr eine einfache und sichere Handhabung konzipiert.  <\/p>\n<p data-start=\"1354\" data-end=\"1663\">Ebenso, verpackt im <strong>100er-Pack<\/strong>, ist dieser <strong>Garspie\u00df<\/strong> perfekt auf die Bed\u00fcrfnisse von Profis zugeschnitten und bietet eine praktische, wirtschaftliche und hygienische L\u00f6sung. Er erm\u00f6glicht ein effizientes Management der Arbeitsabl\u00e4ufe in der K\u00fcche und gew\u00e4hrleistet gleichzeitig eine konstante Servicequalit\u00e4t und die Einhaltung der Kundenw\u00fcnsche. <\/p>\n<p data-start=\"1665\" data-end=\"1870\">Zusammenfassend ist der <strong>Fleisch-Garspie\u00df \u00abblau\u00bb<\/strong> ein unverzichtbares Kennzeichnungswerkzeug und sorgt f\u00fcr optimale Organisation in der Profik\u00fcche.<\/p>\n<p data-start=\"1665\" data-end=\"1870\">\n<p data-start=\"1665\" data-end=\"1870\"><!--more--><\/p>\n<p data-start=\"1665\" data-end=\"1870\"><strong><span style=\"color: #ff0000\">*Achtung: Dieser Spie\u00df wird nicht w\u00e4hrend des Garens von Fleisch verwendet.<\/span><\/strong><\/p>\n<p>&nbsp;<\/p>\n<p><!--more--><\/p>\n<p><strong>Vorteile :<\/strong><\/p>\n<ul>\n<li data-start=\"585\" data-end=\"672\">Erm\u00f6glicht die sofortige Erkennung des Gargrades von Fleisch.<\/li>\n<li data-start=\"673\" data-end=\"766\">Aus Holz, geeignet f\u00fcr Lebensmittelkontakt und Hitze.<\/li>\n<li data-start=\"767\" data-end=\"870\">Ideal f\u00fcr K\u00fcchen, Grills und Gastronomiebetriebe.<\/li>\n<li data-start=\"871\" data-end=\"948\" data-is-last-node=\"\">100er-Pack f\u00fcr den Gro\u00dfverbrauch.<\/li>\n<\/ul>\n<p>&nbsp;<\/p>\n<p><!--more--><\/p>\n<h4>Weitere Informationen :<\/h4>\n<ul>\n<li><strong>Verpackung<\/strong>: Packung mit 100 St\u00fcck<\/li>\n<li><strong>Ma\u00dfe<\/strong>: 80 mm<\/li>\n<li><strong>Material<\/strong>: Holz<\/li>\n<li><strong>Farbe<\/strong>: Blau<\/li>\n<\/ul>\n<p>&nbsp;<\/p>\n<p><!--more--><\/p>\n<p>Dieses Produkt gibt es auch in : <span style=\"color: #d12727\"><a style=\"color: #d12727\" href=\"https:\/\/www.csj-emballages.com\/produit\/100-piques-cuisson-viande-saignant\/\">Saignant<\/a><\/span> \/ <span style=\"color: #d12727\"><a style=\"color: #d12727\" href=\"https:\/\/www.csj-emballages.com\/produit\/100-piques-cuisson-viande-a-point\/\">Auf den Punkt gebracht<\/a><\/span> \/ <span style=\"color: #d12727\"><a style=\"color: #d12727\" href=\"https:\/\/www.csj-emballages.com\/produit\/100-piques-cuisson-viande-bien-cuite\/\">Durchgegart<\/a><\/span><\/p>\n<p>&nbsp;<\/p>\n<p><!--more--><\/p>\n<p><a href=\"https:\/\/www.csj-emballages.com\/de\/categorie-produit\/lebensmittelverpackungen\/metzgerei-und-feinkostgeschaft\/nahrungsmittelspiese\/aperitifpicknicks\/aperitifspiese-aus-holz\/\">Sehen Sie sich den Rest unseres Sortiments an Holzspie\u00dfen an.<\/a><\/p>\n","protected":false},"excerpt":{"rendered":"<p>Fleisch-Garspie\u00df Beschreibung unseres &#8218;blauen&#8216; Fleisch-Garspie\u00dfes im 100er-Pack<\/p>\n","protected":false},"featured_media":225255,"template":"","meta":{"_acf_changed":false},"product_brand":[],"product_cat":[1170,1279,1822,1830],"product_tag":[],"class_list":{"0":"post-18281","1":"product","2":"type-product","3":"status-publish","4":"has-post-thumbnail","6":"product_cat-metzgerei-und-feinkostgeschaft","7":"product_cat-schalen-topfe-glaser","8":"product_cat-aperitifpicknicks","9":"product_cat-aperitifspiese-aus-holz","11":"first","12":"instock","13":"taxable","14":"shipping-taxable","15":"purchasable","16":"product-type-simple"},"acf":[],"yoast_head":"<!-- This site is optimized with the Yoast SEO Premium plugin v26.6 (Yoast SEO v26.6) - https:\/\/yoast.com\/wordpress\/plugins\/seo\/ -->\n<title>Kochspie\u00dfe Fleisch - &#039;blau&#039; pro 100<\/title>\n<meta name=\"description\" content=\"Erleichtern Sie sich das Servieren mit den Kochspie\u00dfen &#039;blau&#039; (100 St\u00fcck). Markieren Sie Ihr Fleisch, um es schnell zu identifizieren und pr\u00e4zise zu servieren.\" \/>\n<meta name=\"robots\" content=\"index, follow, max-snippet:-1, max-image-preview:large, max-video-preview:-1\" \/>\n<link rel=\"canonical\" href=\"https:\/\/www.csj-emballages.com\/de\/produit\/100-fleischspiesse-blau-zum-kochen\/\" \/>\n<meta property=\"og:locale\" content=\"de_DE\" \/>\n<meta property=\"og:type\" content=\"article\" \/>\n<meta property=\"og:title\" content=\"Steak-Picker \u201ebleu\u201c, 100 St\u00fcck\" \/>\n<meta property=\"og:description\" content=\"Erleichtern Sie sich das Servieren mit den Kochspie\u00dfen &#039;blau&#039; (100 St\u00fcck). Markieren Sie Ihr Fleisch, um es schnell zu identifizieren und pr\u00e4zise zu servieren.\" \/>\n<meta property=\"og:url\" content=\"https:\/\/www.csj-emballages.com\/de\/produit\/100-fleischspiesse-blau-zum-kochen\/\" \/>\n<meta property=\"og:site_name\" content=\"CSJ Emballages\" \/>\n<meta property=\"article:publisher\" content=\"https:\/\/www.facebook.com\/csjemballages\" \/>\n<meta property=\"article:modified_time\" content=\"2026-04-29T14:00:22+00:00\" \/>\n<meta property=\"og:image\" content=\"https:\/\/www.csj-emballages.com\/wp-content\/uploads\/2024\/03\/Piques-cuisson-viande-bleu.webp\" \/>\n\t<meta property=\"og:image:width\" content=\"800\" \/>\n\t<meta property=\"og:image:height\" content=\"800\" \/>\n\t<meta property=\"og:image:type\" content=\"image\/webp\" \/>\n<meta name=\"twitter:card\" content=\"summary_large_image\" \/>\n<meta name=\"twitter:label1\" content=\"Gesch\u00e4tzte Lesezeit\" \/>\n\t<meta name=\"twitter:data1\" content=\"2 Minuten\" \/>\n<script type=\"application\/ld+json\" class=\"yoast-schema-graph\">{\"@context\":\"https:\/\/schema.org\",\"@graph\":[{\"@type\":\"WebPage\",\"@id\":\"https:\/\/www.csj-emballages.com\/de\/produit\/100-fleischspiesse-blau-zum-kochen\/\",\"url\":\"https:\/\/www.csj-emballages.com\/de\/produit\/100-fleischspiesse-blau-zum-kochen\/\",\"name\":\"Kochspie\u00dfe Fleisch - 'blau' pro 100\",\"isPartOf\":{\"@id\":\"https:\/\/www.csj-emballages.com\/de\/#website\"},\"primaryImageOfPage\":{\"@id\":\"https:\/\/www.csj-emballages.com\/de\/produit\/100-fleischspiesse-blau-zum-kochen\/#primaryimage\"},\"image\":{\"@id\":\"https:\/\/www.csj-emballages.com\/de\/produit\/100-fleischspiesse-blau-zum-kochen\/#primaryimage\"},\"thumbnailUrl\":\"https:\/\/www.csj-emballages.com\/wp-content\/uploads\/2024\/03\/Piques-cuisson-viande-bleu.webp\",\"datePublished\":\"2024-03-01T15:59:25+00:00\",\"dateModified\":\"2026-04-29T14:00:22+00:00\",\"description\":\"Erleichtern Sie sich das Servieren mit den Kochspie\u00dfen 'blau' (100 St\u00fcck). Markieren Sie Ihr Fleisch, um es schnell zu identifizieren und pr\u00e4zise zu servieren.\",\"breadcrumb\":{\"@id\":\"https:\/\/www.csj-emballages.com\/de\/produit\/100-fleischspiesse-blau-zum-kochen\/#breadcrumb\"},\"inLanguage\":\"de\",\"potentialAction\":[{\"@type\":\"ReadAction\",\"target\":[\"https:\/\/www.csj-emballages.com\/de\/produit\/100-fleischspiesse-blau-zum-kochen\/\"]}]},{\"@type\":\"ImageObject\",\"inLanguage\":\"de\",\"@id\":\"https:\/\/www.csj-emballages.com\/de\/produit\/100-fleischspiesse-blau-zum-kochen\/#primaryimage\",\"url\":\"https:\/\/www.csj-emballages.com\/wp-content\/uploads\/2024\/03\/Piques-cuisson-viande-bleu.webp\",\"contentUrl\":\"https:\/\/www.csj-emballages.com\/wp-content\/uploads\/2024\/03\/Piques-cuisson-viande-bleu.webp\",\"width\":800,\"height\":800,\"caption\":\"piques cuisson viande\"},{\"@type\":\"BreadcrumbList\",\"@id\":\"https:\/\/www.csj-emballages.com\/de\/produit\/100-fleischspiesse-blau-zum-kochen\/#breadcrumb\",\"itemListElement\":[{\"@type\":\"ListItem\",\"position\":1,\"name\":\"Accueil\",\"item\":\"https:\/\/www.csj-emballages.com\/de\/universum-lebensmittelverpackungen\/\"},{\"@type\":\"ListItem\",\"position\":2,\"name\":\"Shop\",\"item\":\"https:\/\/www.csj-emballages.com\/shop\/\"},{\"@type\":\"ListItem\",\"position\":3,\"name\":\"Steak-Picker \u201ebleu\u201c, 100 St\u00fcck\"}]},{\"@type\":\"WebSite\",\"@id\":\"https:\/\/www.csj-emballages.com\/de\/#website\",\"url\":\"https:\/\/www.csj-emballages.com\/de\/\",\"name\":\"CSJ Emballages\",\"description\":\"\",\"publisher\":{\"@id\":\"https:\/\/www.csj-emballages.com\/de\/#organization\"},\"potentialAction\":[{\"@type\":\"SearchAction\",\"target\":{\"@type\":\"EntryPoint\",\"urlTemplate\":\"https:\/\/www.csj-emballages.com\/de\/?s={search_term_string}\"},\"query-input\":{\"@type\":\"PropertyValueSpecification\",\"valueRequired\":true,\"valueName\":\"search_term_string\"}}],\"inLanguage\":\"de\"},{\"@type\":\"Organization\",\"@id\":\"https:\/\/www.csj-emballages.com\/de\/#Organization\/\",\"name\":\"CSJ Emballages\",\"url\":\"https:\/\/www.csj-emballages.com\/de\/\",\"logo\":{\"@type\":\"ImageObject\",\"inLanguage\":\"de\",\"@id\":\"https:\/\/www.csj-emballages.com\/de\/#\/schema\/logo\/image\/\",\"url\":\"https:\/\/www.csj-emballages.com\/wp-content\/uploads\/2023\/10\/logo_csj.webp\",\"contentUrl\":\"https:\/\/www.csj-emballages.com\/wp-content\/uploads\/2023\/10\/logo_csj.webp\",\"width\":250,\"height\":95,\"caption\":\"CSJ Emballages\"},\"image\":{\"@id\":\"https:\/\/www.csj-emballages.com\/de\/#\/schema\/logo\/image\/\"},\"sameAs\":[\"https:\/\/www.facebook.com\/csjemballages\"],\"address\":{\"@type\":\"PostalAddress\",\"streetAddress\":\"ZI La Lechere\",\"addressLocality\":\"Patornay\",\"postalCode\":\"39130\",\"addressCountry\":\"FR\"},\"contactPoint\":[{\"@type\":\"ContactPoint\",\"contactType\":\"Service client\",\"telephone\":\"0384254272\",\"email\":\"contact@csj-emballages.com\"}]}]}<\/script>\n<!-- \/ Yoast SEO Premium plugin. -->","yoast_head_json":{"title":"Kochspie\u00dfe Fleisch - 'blau' pro 100","description":"Erleichtern Sie sich das Servieren mit den Kochspie\u00dfen 'blau' (100 St\u00fcck). Markieren Sie Ihr Fleisch, um es schnell zu identifizieren und pr\u00e4zise zu servieren.","robots":{"index":"index","follow":"follow","max-snippet":"max-snippet:-1","max-image-preview":"max-image-preview:large","max-video-preview":"max-video-preview:-1"},"canonical":"https:\/\/www.csj-emballages.com\/de\/produit\/100-fleischspiesse-blau-zum-kochen\/","og_locale":"de_DE","og_type":"article","og_title":"Steak-Picker \u201ebleu\u201c, 100 St\u00fcck","og_description":"Erleichtern Sie sich das Servieren mit den Kochspie\u00dfen 'blau' (100 St\u00fcck). Markieren Sie Ihr Fleisch, um es schnell zu identifizieren und pr\u00e4zise zu servieren.","og_url":"https:\/\/www.csj-emballages.com\/de\/produit\/100-fleischspiesse-blau-zum-kochen\/","og_site_name":"CSJ Emballages","article_publisher":"https:\/\/www.facebook.com\/csjemballages","article_modified_time":"2026-04-29T14:00:22+00:00","og_image":[{"width":800,"height":800,"url":"https:\/\/www.csj-emballages.com\/wp-content\/uploads\/2024\/03\/Piques-cuisson-viande-bleu.webp","type":"image\/webp"}],"twitter_card":"summary_large_image","twitter_misc":{"Gesch\u00e4tzte Lesezeit":"2 Minuten"},"schema":{"@context":"https:\/\/schema.org","@graph":[{"@type":"WebPage","@id":"https:\/\/www.csj-emballages.com\/de\/produit\/100-fleischspiesse-blau-zum-kochen\/","url":"https:\/\/www.csj-emballages.com\/de\/produit\/100-fleischspiesse-blau-zum-kochen\/","name":"Kochspie\u00dfe Fleisch - 'blau' pro 100","isPartOf":{"@id":"https:\/\/www.csj-emballages.com\/de\/#website"},"primaryImageOfPage":{"@id":"https:\/\/www.csj-emballages.com\/de\/produit\/100-fleischspiesse-blau-zum-kochen\/#primaryimage"},"image":{"@id":"https:\/\/www.csj-emballages.com\/de\/produit\/100-fleischspiesse-blau-zum-kochen\/#primaryimage"},"thumbnailUrl":"https:\/\/www.csj-emballages.com\/wp-content\/uploads\/2024\/03\/Piques-cuisson-viande-bleu.webp","datePublished":"2024-03-01T15:59:25+00:00","dateModified":"2026-04-29T14:00:22+00:00","description":"Erleichtern Sie sich das Servieren mit den Kochspie\u00dfen 'blau' (100 St\u00fcck). Markieren Sie Ihr Fleisch, um es schnell zu identifizieren und pr\u00e4zise zu servieren.","breadcrumb":{"@id":"https:\/\/www.csj-emballages.com\/de\/produit\/100-fleischspiesse-blau-zum-kochen\/#breadcrumb"},"inLanguage":"de","potentialAction":[{"@type":"ReadAction","target":["https:\/\/www.csj-emballages.com\/de\/produit\/100-fleischspiesse-blau-zum-kochen\/"]}]},{"@type":"ImageObject","inLanguage":"de","@id":"https:\/\/www.csj-emballages.com\/de\/produit\/100-fleischspiesse-blau-zum-kochen\/#primaryimage","url":"https:\/\/www.csj-emballages.com\/wp-content\/uploads\/2024\/03\/Piques-cuisson-viande-bleu.webp","contentUrl":"https:\/\/www.csj-emballages.com\/wp-content\/uploads\/2024\/03\/Piques-cuisson-viande-bleu.webp","width":800,"height":800,"caption":"piques cuisson viande"},{"@type":"BreadcrumbList","@id":"https:\/\/www.csj-emballages.com\/de\/produit\/100-fleischspiesse-blau-zum-kochen\/#breadcrumb","itemListElement":[{"@type":"ListItem","position":1,"name":"Accueil","item":"https:\/\/www.csj-emballages.com\/de\/universum-lebensmittelverpackungen\/"},{"@type":"ListItem","position":2,"name":"Shop","item":"https:\/\/www.csj-emballages.com\/shop\/"},{"@type":"ListItem","position":3,"name":"Steak-Picker \u201ebleu\u201c, 100 St\u00fcck"}]},{"@type":"WebSite","@id":"https:\/\/www.csj-emballages.com\/de\/#website","url":"https:\/\/www.csj-emballages.com\/de\/","name":"CSJ Emballages","description":"","publisher":{"@id":"https:\/\/www.csj-emballages.com\/de\/#organization"},"potentialAction":[{"@type":"SearchAction","target":{"@type":"EntryPoint","urlTemplate":"https:\/\/www.csj-emballages.com\/de\/?s={search_term_string}"},"query-input":{"@type":"PropertyValueSpecification","valueRequired":true,"valueName":"search_term_string"}}],"inLanguage":"de"},{"@type":"Organization","@id":"https:\/\/www.csj-emballages.com\/de\/#Organization\/","name":"CSJ Emballages","url":"https:\/\/www.csj-emballages.com\/de\/","logo":{"@type":"ImageObject","inLanguage":"de","@id":"https:\/\/www.csj-emballages.com\/de\/#\/schema\/logo\/image\/","url":"https:\/\/www.csj-emballages.com\/wp-content\/uploads\/2023\/10\/logo_csj.webp","contentUrl":"https:\/\/www.csj-emballages.com\/wp-content\/uploads\/2023\/10\/logo_csj.webp","width":250,"height":95,"caption":"CSJ Emballages"},"image":{"@id":"https:\/\/www.csj-emballages.com\/de\/#\/schema\/logo\/image\/"},"sameAs":["https:\/\/www.facebook.com\/csjemballages"],"address":{"@type":"PostalAddress","streetAddress":"ZI La Lechere","addressLocality":"Patornay","postalCode":"39130","addressCountry":"FR"},"contactPoint":[{"@type":"ContactPoint","contactType":"Service client","telephone":"0384254272","email":"contact@csj-emballages.com"}]}]}},"df_price":1.68,"df_sale_price":"","df_regular_price":1.68,"df_image_link":"https:\/\/www.csj-emballages.com\/wp-content\/uploads\/2024\/03\/Piques-cuisson-viande-bleu-300x300.webp","tiered_pricing_type":"fixed","tiered_pricing_fixed_rules":[],"tiered_pricing_percentage_rules":[],"tiered_pricing_minimum":1,"tiered_pricing_roles_data":[],"_links":{"self":[{"href":"https:\/\/www.csj-emballages.com\/de\/wp-json\/wp\/v2\/product\/18281","targetHints":{"allow":["GET"]}}],"collection":[{"href":"https:\/\/www.csj-emballages.com\/de\/wp-json\/wp\/v2\/product"}],"about":[{"href":"https:\/\/www.csj-emballages.com\/de\/wp-json\/wp\/v2\/types\/product"}],"wp:featuredmedia":[{"embeddable":true,"href":"https:\/\/www.csj-emballages.com\/de\/wp-json\/wp\/v2\/media\/225255"}],"wp:attachment":[{"href":"https:\/\/www.csj-emballages.com\/de\/wp-json\/wp\/v2\/media?parent=18281"}],"wp:term":[{"taxonomy":"product_brand","embeddable":true,"href":"https:\/\/www.csj-emballages.com\/de\/wp-json\/wp\/v2\/product_brand?post=18281"},{"taxonomy":"product_cat","embeddable":true,"href":"https:\/\/www.csj-emballages.com\/de\/wp-json\/wp\/v2\/product_cat?post=18281"},{"taxonomy":"product_tag","embeddable":true,"href":"https:\/\/www.csj-emballages.com\/de\/wp-json\/wp\/v2\/product_tag?post=18281"}],"curies":[{"name":"wp","href":"https:\/\/api.w.org\/{rel}","templated":true}]}}