{"id":18272,"date":"2024-03-01T16:59:23","date_gmt":"2024-03-01T15:59:23","guid":{"rendered":"https:\/\/u15jnbdpoq.preview.infomaniak.website\/produit\/weisser-schaumstoffbodenwischer-45-cm\/"},"modified":"2026-04-28T02:11:10","modified_gmt":"2026-04-28T00:11:10","slug":"weisser-schaumstoffbodenwischer-45-cm","status":"publish","type":"product","link":"https:\/\/www.csj-emballages.com\/de\/produit\/weisser-schaumstoffbodenwischer-45-cm\/","title":{"rendered":"Lebensmittelschaber mit wei\u00dfem Schaumstoffboden 45 cm"},"content":{"rendered":"<h2>Raclette mit Lebensmitteln<\/h2>\n<hr>\n<h3>Beschreibung von &#8222;Raclette alimentaire sol mousse blanche 45 cm<!--more--><\/h3>\n<div class=\"flex max-w-full flex-col flex-grow\">\n<div class=\"min-h-8 text-message flex w-full flex-col items-end gap-2 whitespace-normal break-words text-start [.text-message+&amp;]:mt-5\" dir=\"auto\" data-message-author-role=\"assistant\" data-message-id=\"266ca6f3-5e07-4948-bd20-80ac5e6da4a5\" data-message-model-slug=\"gpt-4o\">\n<div class=\"flex w-full flex-col gap-1 empty:hidden first:pt-[3px]\">\n<div class=\"markdown prose w-full break-words dark:prose-invert dark\">\n<p data-start=\"245\" data-end=\"652\">Dieser <strong>Lebensmittel-Bodenabzieher<\/strong> <strong data-start=\"272\" data-end=\"281\">45 cm<\/strong> ist eindeutig ein Werkzeug, das man schnell sch\u00e4tzen lernt und nicht mehr missen m\u00f6chte. Er wurde entwickelt, um die Bodenreinigung in professionellen Umgebungen einfacher, schneller und vor allem effizienter zu gestalten. Dank seiner <strong>wei\u00dfen Schaumstofflippe<\/strong> gleitet er leicht \u00fcber den Boden und nimmt Wasser, Fl\u00fcssigkeiten oder R\u00fcckst\u00e4nde auf, ohne Spuren zu hinterlassen.  <\/p>\n<p data-start=\"654\" data-end=\"1014\">Was den Unterschied ausmacht, ist genau dieser <strong>flexible, aber widerstandsf\u00e4hige Schaumstoff<\/strong>. Er passt sich den Bodenunebenheiten an, was eine Reinigung in einem einzigen Arbeitsgang erm\u00f6glicht, selbst in schwierigen Bereichen. Ob in der Profik\u00fcche, im Labor, in der Lebensmittelindustrie oder im Vorbereitungsbereich \u2013 er sorgt f\u00fcr ein sauberes Ergebnis, ohne unn\u00f6tigen Aufwand.  <\/p>\n<p data-start=\"1016\" data-end=\"1414\">Sein Format von <strong data-start=\"1027\" data-end=\"1036\">45 cm<\/strong> bietet einen guten Kompromiss: breit genug, um schnell eine gro\u00dfe Fl\u00e4che abzudecken, aber handlich genug, um auch in engeren Bereichen pr\u00e4zise zu bleiben. Zudem garantiert seine robuste Halterung eine lange Lebensdauer, selbst bei intensiver Nutzung. Er l\u00e4sst sich leicht an einem <strong>kompatiblen Stiel<\/strong> befestigen, was eine komfortable Handhabung und eine nat\u00fcrliche Bewegung erm\u00f6glicht.  <\/p>\n<p data-start=\"1416\" data-end=\"1677\">Im Alltag spart Ihnen dieser <strong>Bodenabzieher<\/strong> Zeit, reduziert Erm\u00fcdung und verbessert deutlich die Bodenhygiene. Er ist ein einfaches, effizientes und zuverl\u00e4ssiges Werkzeug, perfekt zugeschnitten auf die Anforderungen von Profis, die praktisches und langlebiges Material suchen. <\/p>\n<h3><\/h3>\n<\/div>\n<\/div>\n<\/div>\n<\/div>\n<p><!--more--><\/p>\n<h4>Vorteile :<\/h4>\n<ul>\n<li data-start=\"1705\" data-end=\"1748\"><strong>Schaumstofflippe<\/strong> <strong>wei\u00df<\/strong>, flexibel und effizient.<\/li>\n<li data-start=\"1751\" data-end=\"1798\"><strong>Breite 45 cm<\/strong>, ideal f\u00fcr schnelle Reinigung.<\/li>\n<li data-start=\"1801\" data-end=\"1834\">Lebensmittelkonform.<\/li>\n<li data-start=\"1837\" data-end=\"1875\">Hervorragende Fl\u00fcssigkeitsaufnahme.<\/li>\n<li data-start=\"1878\" data-end=\"1914\">Komfortable und pr\u00e4zise Handhabung.<\/li>\n<li data-start=\"1917\" data-end=\"1961\">Geeignet f\u00fcr professionelle Umgebungen.<\/li>\n<\/ul>\n<p>&nbsp;<\/p>\n<p><!--more--><\/p>\n<h4>Weitere Informationen :<\/h4>\n<ul>\n<li><strong>Verpackung<\/strong>: Einzeln verkauft<\/li>\n<li><strong>L\u00e4nge<\/strong>: 45 cm<\/li>\n<li><b>Farbe: <\/b>Wei\u00df<\/li>\n<li><strong>Nutzung<\/strong>: Lebensmittel<\/li>\n<\/ul>\n<p>&nbsp;<\/p>\n<p><!--more--><\/p>\n<p><a href=\"https:\/\/www.csj-emballages.com\/de\/categorie-produit\/hygiene-und-pflege\/bursten-und-besen\/raclette-de\/\">Sehen Sie sich den Rest unseres Raclette-Sortiments an.<\/a><\/p>\n","protected":false},"excerpt":{"rendered":"<p>Raclette mit Lebensmitteln Beschreibung von &#8222;Raclette alimentaire sol mousse blanche 45 cm<\/p>\n","protected":false},"featured_media":221460,"template":"","meta":{"_acf_changed":false},"product_brand":[],"product_cat":[1218,1449,1837],"product_tag":[],"class_list":{"0":"post-18272","1":"product","2":"type-product","3":"status-publish","4":"has-post-thumbnail","6":"product_cat-hygiene-und-pflege","7":"product_cat-bursten-und-besen","8":"product_cat-raclette-de","10":"first","11":"instock","12":"taxable","13":"shipping-taxable","14":"purchasable","15":"product-type-simple"},"acf":[],"yoast_head":"<!-- This site is optimized with the Yoast SEO Premium plugin v26.6 (Yoast SEO v26.6) - https:\/\/yoast.com\/wordpress\/plugins\/seo\/ -->\n<title>Lebensmittel-Rakel Boden Schaum Wei\u00df 45 cm<\/title>\n<meta name=\"description\" content=\"Der wei\u00dfe Schaumstoffbodenwischer 45 cm f\u00fcr Lebensmittel sorgt f\u00fcr eine hygienische und effektive Reinigung von B\u00f6den in Lebensmittelumgebungen.\" \/>\n<meta name=\"robots\" content=\"index, follow, max-snippet:-1, max-image-preview:large, max-video-preview:-1\" \/>\n<link rel=\"canonical\" href=\"https:\/\/www.csj-emballages.com\/de\/produit\/weisser-schaumstoffbodenwischer-45-cm\/\" \/>\n<meta property=\"og:locale\" content=\"de_DE\" \/>\n<meta property=\"og:type\" content=\"article\" \/>\n<meta property=\"og:title\" content=\"Lebensmittelschaber mit wei\u00dfem Schaumstoffboden 45 cm\" \/>\n<meta property=\"og:description\" content=\"Der wei\u00dfe Schaumstoffbodenwischer 45 cm f\u00fcr Lebensmittel sorgt f\u00fcr eine hygienische und effektive Reinigung von B\u00f6den in Lebensmittelumgebungen.\" \/>\n<meta property=\"og:url\" content=\"https:\/\/www.csj-emballages.com\/de\/produit\/weisser-schaumstoffbodenwischer-45-cm\/\" \/>\n<meta property=\"og:site_name\" content=\"CSJ Emballages\" \/>\n<meta property=\"article:publisher\" content=\"https:\/\/www.facebook.com\/csjemballages\" \/>\n<meta property=\"article:modified_time\" content=\"2026-04-28T00:11:10+00:00\" \/>\n<meta property=\"og:image\" content=\"https:\/\/www.csj-emballages.com\/wp-content\/uploads\/2024\/03\/127C.webp\" \/>\n\t<meta property=\"og:image:width\" content=\"800\" \/>\n\t<meta property=\"og:image:height\" content=\"800\" \/>\n\t<meta property=\"og:image:type\" content=\"image\/webp\" \/>\n<meta name=\"twitter:card\" content=\"summary_large_image\" \/>\n<meta name=\"twitter:label1\" content=\"Gesch\u00e4tzte Lesezeit\" \/>\n\t<meta name=\"twitter:data1\" content=\"1\u00a0Minute\" \/>\n<script type=\"application\/ld+json\" class=\"yoast-schema-graph\">{\"@context\":\"https:\/\/schema.org\",\"@graph\":[{\"@type\":\"WebPage\",\"@id\":\"https:\/\/www.csj-emballages.com\/de\/produit\/weisser-schaumstoffbodenwischer-45-cm\/\",\"url\":\"https:\/\/www.csj-emballages.com\/de\/produit\/weisser-schaumstoffbodenwischer-45-cm\/\",\"name\":\"Lebensmittel-Rakel Boden Schaum Wei\u00df 45 cm\",\"isPartOf\":{\"@id\":\"https:\/\/www.csj-emballages.com\/de\/#website\"},\"primaryImageOfPage\":{\"@id\":\"https:\/\/www.csj-emballages.com\/de\/produit\/weisser-schaumstoffbodenwischer-45-cm\/#primaryimage\"},\"image\":{\"@id\":\"https:\/\/www.csj-emballages.com\/de\/produit\/weisser-schaumstoffbodenwischer-45-cm\/#primaryimage\"},\"thumbnailUrl\":\"https:\/\/www.csj-emballages.com\/wp-content\/uploads\/2024\/03\/127C.webp\",\"datePublished\":\"2024-03-01T15:59:23+00:00\",\"dateModified\":\"2026-04-28T00:11:10+00:00\",\"description\":\"Der wei\u00dfe Schaumstoffbodenwischer 45 cm f\u00fcr Lebensmittel sorgt f\u00fcr eine hygienische und effektive Reinigung von B\u00f6den in Lebensmittelumgebungen.\",\"breadcrumb\":{\"@id\":\"https:\/\/www.csj-emballages.com\/de\/produit\/weisser-schaumstoffbodenwischer-45-cm\/#breadcrumb\"},\"inLanguage\":\"de\",\"potentialAction\":[{\"@type\":\"ReadAction\",\"target\":[\"https:\/\/www.csj-emballages.com\/de\/produit\/weisser-schaumstoffbodenwischer-45-cm\/\"]}]},{\"@type\":\"ImageObject\",\"inLanguage\":\"de\",\"@id\":\"https:\/\/www.csj-emballages.com\/de\/produit\/weisser-schaumstoffbodenwischer-45-cm\/#primaryimage\",\"url\":\"https:\/\/www.csj-emballages.com\/wp-content\/uploads\/2024\/03\/127C.webp\",\"contentUrl\":\"https:\/\/www.csj-emballages.com\/wp-content\/uploads\/2024\/03\/127C.webp\",\"width\":800,\"height\":800,\"caption\":\"Raclette alimentaire\"},{\"@type\":\"BreadcrumbList\",\"@id\":\"https:\/\/www.csj-emballages.com\/de\/produit\/weisser-schaumstoffbodenwischer-45-cm\/#breadcrumb\",\"itemListElement\":[{\"@type\":\"ListItem\",\"position\":1,\"name\":\"Accueil\",\"item\":\"https:\/\/www.csj-emballages.com\/de\/universum-lebensmittelverpackungen\/\"},{\"@type\":\"ListItem\",\"position\":2,\"name\":\"Shop\",\"item\":\"https:\/\/www.csj-emballages.com\/shop\/\"},{\"@type\":\"ListItem\",\"position\":3,\"name\":\"Lebensmittelschaber mit wei\u00dfem Schaumstoffboden 45 cm\"}]},{\"@type\":\"WebSite\",\"@id\":\"https:\/\/www.csj-emballages.com\/de\/#website\",\"url\":\"https:\/\/www.csj-emballages.com\/de\/\",\"name\":\"CSJ Emballages\",\"description\":\"\",\"publisher\":{\"@id\":\"https:\/\/www.csj-emballages.com\/de\/#organization\"},\"potentialAction\":[{\"@type\":\"SearchAction\",\"target\":{\"@type\":\"EntryPoint\",\"urlTemplate\":\"https:\/\/www.csj-emballages.com\/de\/?s={search_term_string}\"},\"query-input\":{\"@type\":\"PropertyValueSpecification\",\"valueRequired\":true,\"valueName\":\"search_term_string\"}}],\"inLanguage\":\"de\"},{\"@type\":\"Organization\",\"@id\":\"https:\/\/www.csj-emballages.com\/de\/#Organization\/\",\"name\":\"CSJ Emballages\",\"url\":\"https:\/\/www.csj-emballages.com\/de\/\",\"logo\":{\"@type\":\"ImageObject\",\"inLanguage\":\"de\",\"@id\":\"https:\/\/www.csj-emballages.com\/de\/#\/schema\/logo\/image\/\",\"url\":\"https:\/\/www.csj-emballages.com\/wp-content\/uploads\/2023\/10\/logo_csj.webp\",\"contentUrl\":\"https:\/\/www.csj-emballages.com\/wp-content\/uploads\/2023\/10\/logo_csj.webp\",\"width\":250,\"height\":95,\"caption\":\"CSJ Emballages\"},\"image\":{\"@id\":\"https:\/\/www.csj-emballages.com\/de\/#\/schema\/logo\/image\/\"},\"sameAs\":[\"https:\/\/www.facebook.com\/csjemballages\"],\"address\":{\"@type\":\"PostalAddress\",\"streetAddress\":\"ZI La Lechere\",\"addressLocality\":\"Patornay\",\"postalCode\":\"39130\",\"addressCountry\":\"FR\"},\"contactPoint\":[{\"@type\":\"ContactPoint\",\"contactType\":\"Service client\",\"telephone\":\"0384254272\",\"email\":\"contact@csj-emballages.com\"}]}]}<\/script>\n<!-- \/ Yoast SEO Premium plugin. -->","yoast_head_json":{"title":"Lebensmittel-Rakel Boden Schaum Wei\u00df 45 cm","description":"Der wei\u00dfe Schaumstoffbodenwischer 45 cm f\u00fcr Lebensmittel sorgt f\u00fcr eine hygienische und effektive Reinigung von B\u00f6den in Lebensmittelumgebungen.","robots":{"index":"index","follow":"follow","max-snippet":"max-snippet:-1","max-image-preview":"max-image-preview:large","max-video-preview":"max-video-preview:-1"},"canonical":"https:\/\/www.csj-emballages.com\/de\/produit\/weisser-schaumstoffbodenwischer-45-cm\/","og_locale":"de_DE","og_type":"article","og_title":"Lebensmittelschaber mit wei\u00dfem Schaumstoffboden 45 cm","og_description":"Der wei\u00dfe Schaumstoffbodenwischer 45 cm f\u00fcr Lebensmittel sorgt f\u00fcr eine hygienische und effektive Reinigung von B\u00f6den in Lebensmittelumgebungen.","og_url":"https:\/\/www.csj-emballages.com\/de\/produit\/weisser-schaumstoffbodenwischer-45-cm\/","og_site_name":"CSJ Emballages","article_publisher":"https:\/\/www.facebook.com\/csjemballages","article_modified_time":"2026-04-28T00:11:10+00:00","og_image":[{"width":800,"height":800,"url":"https:\/\/www.csj-emballages.com\/wp-content\/uploads\/2024\/03\/127C.webp","type":"image\/webp"}],"twitter_card":"summary_large_image","twitter_misc":{"Gesch\u00e4tzte Lesezeit":"1\u00a0Minute"},"schema":{"@context":"https:\/\/schema.org","@graph":[{"@type":"WebPage","@id":"https:\/\/www.csj-emballages.com\/de\/produit\/weisser-schaumstoffbodenwischer-45-cm\/","url":"https:\/\/www.csj-emballages.com\/de\/produit\/weisser-schaumstoffbodenwischer-45-cm\/","name":"Lebensmittel-Rakel Boden Schaum Wei\u00df 45 cm","isPartOf":{"@id":"https:\/\/www.csj-emballages.com\/de\/#website"},"primaryImageOfPage":{"@id":"https:\/\/www.csj-emballages.com\/de\/produit\/weisser-schaumstoffbodenwischer-45-cm\/#primaryimage"},"image":{"@id":"https:\/\/www.csj-emballages.com\/de\/produit\/weisser-schaumstoffbodenwischer-45-cm\/#primaryimage"},"thumbnailUrl":"https:\/\/www.csj-emballages.com\/wp-content\/uploads\/2024\/03\/127C.webp","datePublished":"2024-03-01T15:59:23+00:00","dateModified":"2026-04-28T00:11:10+00:00","description":"Der wei\u00dfe Schaumstoffbodenwischer 45 cm f\u00fcr Lebensmittel sorgt f\u00fcr eine hygienische und effektive Reinigung von B\u00f6den in Lebensmittelumgebungen.","breadcrumb":{"@id":"https:\/\/www.csj-emballages.com\/de\/produit\/weisser-schaumstoffbodenwischer-45-cm\/#breadcrumb"},"inLanguage":"de","potentialAction":[{"@type":"ReadAction","target":["https:\/\/www.csj-emballages.com\/de\/produit\/weisser-schaumstoffbodenwischer-45-cm\/"]}]},{"@type":"ImageObject","inLanguage":"de","@id":"https:\/\/www.csj-emballages.com\/de\/produit\/weisser-schaumstoffbodenwischer-45-cm\/#primaryimage","url":"https:\/\/www.csj-emballages.com\/wp-content\/uploads\/2024\/03\/127C.webp","contentUrl":"https:\/\/www.csj-emballages.com\/wp-content\/uploads\/2024\/03\/127C.webp","width":800,"height":800,"caption":"Raclette alimentaire"},{"@type":"BreadcrumbList","@id":"https:\/\/www.csj-emballages.com\/de\/produit\/weisser-schaumstoffbodenwischer-45-cm\/#breadcrumb","itemListElement":[{"@type":"ListItem","position":1,"name":"Accueil","item":"https:\/\/www.csj-emballages.com\/de\/universum-lebensmittelverpackungen\/"},{"@type":"ListItem","position":2,"name":"Shop","item":"https:\/\/www.csj-emballages.com\/shop\/"},{"@type":"ListItem","position":3,"name":"Lebensmittelschaber mit wei\u00dfem Schaumstoffboden 45 cm"}]},{"@type":"WebSite","@id":"https:\/\/www.csj-emballages.com\/de\/#website","url":"https:\/\/www.csj-emballages.com\/de\/","name":"CSJ Emballages","description":"","publisher":{"@id":"https:\/\/www.csj-emballages.com\/de\/#organization"},"potentialAction":[{"@type":"SearchAction","target":{"@type":"EntryPoint","urlTemplate":"https:\/\/www.csj-emballages.com\/de\/?s={search_term_string}"},"query-input":{"@type":"PropertyValueSpecification","valueRequired":true,"valueName":"search_term_string"}}],"inLanguage":"de"},{"@type":"Organization","@id":"https:\/\/www.csj-emballages.com\/de\/#Organization\/","name":"CSJ Emballages","url":"https:\/\/www.csj-emballages.com\/de\/","logo":{"@type":"ImageObject","inLanguage":"de","@id":"https:\/\/www.csj-emballages.com\/de\/#\/schema\/logo\/image\/","url":"https:\/\/www.csj-emballages.com\/wp-content\/uploads\/2023\/10\/logo_csj.webp","contentUrl":"https:\/\/www.csj-emballages.com\/wp-content\/uploads\/2023\/10\/logo_csj.webp","width":250,"height":95,"caption":"CSJ Emballages"},"image":{"@id":"https:\/\/www.csj-emballages.com\/de\/#\/schema\/logo\/image\/"},"sameAs":["https:\/\/www.facebook.com\/csjemballages"],"address":{"@type":"PostalAddress","streetAddress":"ZI La Lechere","addressLocality":"Patornay","postalCode":"39130","addressCountry":"FR"},"contactPoint":[{"@type":"ContactPoint","contactType":"Service client","telephone":"0384254272","email":"contact@csj-emballages.com"}]}]}},"df_price":7.24,"df_sale_price":"","df_regular_price":7.24,"df_image_link":"https:\/\/www.csj-emballages.com\/wp-content\/uploads\/2024\/03\/127C-300x300.webp","tiered_pricing_type":"fixed","tiered_pricing_fixed_rules":[],"tiered_pricing_percentage_rules":[],"tiered_pricing_minimum":1,"tiered_pricing_roles_data":[],"_links":{"self":[{"href":"https:\/\/www.csj-emballages.com\/de\/wp-json\/wp\/v2\/product\/18272","targetHints":{"allow":["GET"]}}],"collection":[{"href":"https:\/\/www.csj-emballages.com\/de\/wp-json\/wp\/v2\/product"}],"about":[{"href":"https:\/\/www.csj-emballages.com\/de\/wp-json\/wp\/v2\/types\/product"}],"wp:featuredmedia":[{"embeddable":true,"href":"https:\/\/www.csj-emballages.com\/de\/wp-json\/wp\/v2\/media\/221460"}],"wp:attachment":[{"href":"https:\/\/www.csj-emballages.com\/de\/wp-json\/wp\/v2\/media?parent=18272"}],"wp:term":[{"taxonomy":"product_brand","embeddable":true,"href":"https:\/\/www.csj-emballages.com\/de\/wp-json\/wp\/v2\/product_brand?post=18272"},{"taxonomy":"product_cat","embeddable":true,"href":"https:\/\/www.csj-emballages.com\/de\/wp-json\/wp\/v2\/product_cat?post=18272"},{"taxonomy":"product_tag","embeddable":true,"href":"https:\/\/www.csj-emballages.com\/de\/wp-json\/wp\/v2\/product_tag?post=18272"}],"curies":[{"name":"wp","href":"https:\/\/api.w.org\/{rel}","templated":true}]}}