{"id":18265,"date":"2024-03-01T16:59:23","date_gmt":"2024-03-01T15:59:23","guid":{"rendered":"https:\/\/u15jnbdpoq.preview.infomaniak.website\/produit\/100-spiesse-zum-kochen-von-fleisch-saignant\/"},"modified":"2026-04-09T02:10:59","modified_gmt":"2026-04-09T00:10:59","slug":"100-spiesse-zum-kochen-von-fleisch-saignant","status":"publish","type":"product","link":"https:\/\/www.csj-emballages.com\/de\/produit\/100-spiesse-zum-kochen-von-fleisch-saignant\/","title":{"rendered":"Garspie\u00df f\u00fcr Fleisch \u201eblutig\u201c, 100 St\u00fcck"},"content":{"rendered":"<h2 class=\"p1\">Fleisch-Garspie\u00df<\/h2>\n<hr>\n<h3>Beschreibung unseres Garspie\u00dfes f\u00fcr Fleisch \u201eblutig\u201c, 100 St\u00fcck<\/h3>\n<p><!--more--><\/p>\n<p data-start=\"224\" data-end=\"657\">Der <strong>Garspie\u00df f\u00fcr Fleisch \u201eblutig\u201c<\/strong> ist ein unverzichtbares Zubeh\u00f6r f\u00fcr Fachleute aus <strong>Gastronomie, Lebensmittelhandwerk und Catering<\/strong>, die eine pr\u00e4zise und leicht <strong>identifizierbare Garstufe von Fleisch<\/strong> gew\u00e4hrleisten m\u00f6chten. Er wurde entwickelt, um direkt in das <strong>Fleischst\u00fcck nach dem Garen<\/strong> gesteckt zu werden, und zeigt deutlich die Garstufe \u201e<strong>blutig<\/strong>\u201c an, wodurch Verwechslungen beim Servieren vermieden werden. <\/p>\n<p data-start=\"659\" data-end=\"1114\">Einfach, praktisch und effizient ist dieses System zur <strong>visuellen Kennzeichnung<\/strong> besonders n\u00fctzlich in der <strong>professionellen K\u00fcche<\/strong>, wo mehrere Garvorg\u00e4nge gleichzeitig stattfinden. Es spart zudem erheblich Zeit, indem es <strong>Fehler und R\u00fccksendungen in die K\u00fcche<\/strong> reduziert und gleichzeitig eine bessere Organisation am Garplatz gew\u00e4hrleistet. Dank seiner lesbaren Markierung ist die Garstufe auf einen Blick erkennbar.  <\/p>\n<p data-start=\"1116\" data-end=\"1485\">Hergestellt aus hitzebest\u00e4ndigem Material, ist der <strong>Garspie\u00df<\/strong> f\u00fcr die Hitze des Fleisches nach dem Garen geeignet. Zudem beh\u00e4lt er seine Form und Lesbarkeit w\u00e4hrend des gesamten Service. Dank seines kleinen Formats l\u00e4sst er sich leicht einstecken, ohne das Aussehen oder die Qualit\u00e4t des Fleisches zu beeintr\u00e4chtigen.  <\/p>\n<p data-start=\"1487\" data-end=\"1795\">Verpackt im <strong>100er-Pack<\/strong> ist dieses Produkt perfekt f\u00fcr den intensiven Einsatz in Restaurants geeignet. Zusammenfassend steht es f\u00fcr Effizienz und Professionalit\u00e4t und gew\u00e4hrleistet ein optimales Kundenerlebnis durch die pr\u00e4zise Einhaltung der Garpr\u00e4ferenzen. <\/p>\n<p data-start=\"1487\" data-end=\"1795\">\n<p data-start=\"1487\" data-end=\"1795\"><!--more--><\/p>\n<p data-start=\"1487\" data-end=\"1795\"><strong><span style=\"color: #ff0000;\">*Achtung: Dieser Spie\u00df wird nicht w\u00e4hrend des Garens von Fleisch verwendet.<\/span><\/strong><\/p>\n<p>&nbsp;<\/p>\n<p><!--more--><\/p>\n<p><strong>Vorteile :<\/strong><\/p>\n<ul>\n<li data-start=\"585\" data-end=\"672\">Dank seiner Markierung erm\u00f6glicht er die sofortige Erkennung der Garstufe von Fleisch.<\/li>\n<li data-start=\"673\" data-end=\"766\">Aus Holz, geeignet f\u00fcr Lebensmittelkontakt und Hitze.<\/li>\n<li data-start=\"767\" data-end=\"870\">Ideal f\u00fcr K\u00fcchen, Grills und Gastronomiebetriebe.<\/li>\n<li data-start=\"871\" data-end=\"948\" data-is-last-node=\"\"><strong>100er-Pack<\/strong> f\u00fcr den Gro\u00dfverbrauch.<\/li>\n<\/ul>\n<p>&nbsp;<\/p>\n<p><!--more--><\/p>\n<h4>Weitere Informationen :<\/h4>\n<ul>\n<li><strong>Verpackung<\/strong>: Packung mit 100 St\u00fcck<\/li>\n<li><strong>Ma\u00dfe<\/strong>: 80 mm<\/li>\n<li><strong>Material<\/strong>: Holz<\/li>\n<li><strong>Farbe<\/strong>: Rot<\/li>\n<\/ul>\n<p>&nbsp;<\/p>\n<p><!--more--><\/p>\n<p>Dieses Produkt gibt es auch in : <span style=\"color: #d12727;\"><a style=\"color: #d12727;\" href=\"https:\/\/www.csj-emballages.com\/produit\/100-piques-cuisson-viande-bien-cuit\/\">Well done<\/a><\/span> \/ <span style=\"color: #d12727;\"><a style=\"color: #d12727;\" href=\"https:\/\/www.csj-emballages.com\/pt-pt\/produit\/100-palitos-de-carne-mal-passada\/\">Durchgebraten<\/a><\/span> \/ <span style=\"color: #d12727;\"><a style=\"color: #d12727;\" href=\"https:\/\/www.csj-emballages.com\/pt-pt\/produit\/100-picaretas-de-carne-azul\/\">Blau<\/a><\/span><\/p>\n<p>&nbsp;<\/p>\n<p><!--more--><\/p>\n<p><a href=\"https:\/\/www.csj-emballages.com\/de\/categorie-produit\/lebensmittelverpackungen\/metzgerei-und-feinkostgeschaft\/nahrungsmittelspiese\/aperitifpicknicks\/aperitifspiese-aus-holz\/\">Sehen Sie sich den Rest unseres Sortiments an Holzspie\u00dfen an.<\/a><\/p>\n","protected":false},"excerpt":{"rendered":"<p>Fleisch-Garspie\u00df Beschreibung unseres Garspie\u00dfes f\u00fcr Fleisch \u201eblutig\u201c, 100 St\u00fcck<\/p>\n","protected":false},"featured_media":225276,"template":"","meta":{"_acf_changed":false},"product_brand":[],"product_cat":[1170,1279,1822,1830],"product_tag":[],"class_list":{"0":"post-18265","1":"product","2":"type-product","3":"status-publish","4":"has-post-thumbnail","6":"product_cat-metzgerei-und-feinkostgeschaft","7":"product_cat-schalen-topfe-glaser","8":"product_cat-aperitifpicknicks","9":"product_cat-aperitifspiese-aus-holz","11":"first","12":"instock","13":"taxable","14":"shipping-taxable","15":"purchasable","16":"product-type-simple"},"acf":[],"yoast_head":"<!-- This site is optimized with the Yoast SEO Premium plugin v26.6 (Yoast SEO v26.6) - https:\/\/yoast.com\/wordpress\/plugins\/seo\/ -->\n<title>Garspie\u00df f\u00fcr Fleisch \u201eblutig\u201c, 100 St\u00fcck<\/title>\n<meta name=\"description\" content=\"Erleichtern Sie den Service mit den Garspie\u00dfen f\u00fcr Fleisch \u201eblutig\u201c (100er-Packung). Kennzeichnen Sie Ihr Fleisch f\u00fcr eine schnelle Identifizierung und einen pr\u00e4zisen Service.\" \/>\n<meta name=\"robots\" content=\"index, follow, max-snippet:-1, max-image-preview:large, max-video-preview:-1\" \/>\n<link rel=\"canonical\" href=\"https:\/\/www.csj-emballages.com\/de\/produit\/100-spiesse-zum-kochen-von-fleisch-saignant\/\" \/>\n<meta property=\"og:locale\" content=\"de_DE\" \/>\n<meta property=\"og:type\" content=\"article\" \/>\n<meta property=\"og:title\" content=\"Garspie\u00df f\u00fcr Fleisch \u201eblutig\u201c, 100 St\u00fcck\" \/>\n<meta property=\"og:description\" content=\"Erleichtern Sie den Service mit den Garspie\u00dfen f\u00fcr Fleisch \u201eblutig\u201c (100er-Packung). Kennzeichnen Sie Ihr Fleisch f\u00fcr eine schnelle Identifizierung und einen pr\u00e4zisen Service.\" \/>\n<meta property=\"og:url\" content=\"https:\/\/www.csj-emballages.com\/de\/produit\/100-spiesse-zum-kochen-von-fleisch-saignant\/\" \/>\n<meta property=\"og:site_name\" content=\"CSJ Emballages\" \/>\n<meta property=\"article:publisher\" content=\"https:\/\/www.facebook.com\/csjemballages\" \/>\n<meta property=\"article:modified_time\" content=\"2026-04-09T00:10:59+00:00\" \/>\n<meta property=\"og:image\" content=\"https:\/\/www.csj-emballages.com\/wp-content\/uploads\/2024\/03\/Piques-cuisson-viande-saignant-png.webp\" \/>\n\t<meta property=\"og:image:width\" content=\"800\" \/>\n\t<meta property=\"og:image:height\" content=\"800\" \/>\n\t<meta property=\"og:image:type\" content=\"image\/png\" \/>\n<meta name=\"twitter:card\" content=\"summary_large_image\" \/>\n<meta name=\"twitter:label1\" content=\"Gesch\u00e4tzte Lesezeit\" \/>\n\t<meta name=\"twitter:data1\" content=\"2 Minuten\" \/>\n<script type=\"application\/ld+json\" class=\"yoast-schema-graph\">{\"@context\":\"https:\/\/schema.org\",\"@graph\":[{\"@type\":\"WebPage\",\"@id\":\"https:\/\/www.csj-emballages.com\/de\/produit\/100-spiesse-zum-kochen-von-fleisch-saignant\/\",\"url\":\"https:\/\/www.csj-emballages.com\/de\/produit\/100-spiesse-zum-kochen-von-fleisch-saignant\/\",\"name\":\"Garspie\u00df f\u00fcr Fleisch \u201eblutig\u201c, 100 St\u00fcck\",\"isPartOf\":{\"@id\":\"https:\/\/www.csj-emballages.com\/de\/#website\"},\"primaryImageOfPage\":{\"@id\":\"https:\/\/www.csj-emballages.com\/de\/produit\/100-spiesse-zum-kochen-von-fleisch-saignant\/#primaryimage\"},\"image\":{\"@id\":\"https:\/\/www.csj-emballages.com\/de\/produit\/100-spiesse-zum-kochen-von-fleisch-saignant\/#primaryimage\"},\"thumbnailUrl\":\"https:\/\/www.csj-emballages.com\/wp-content\/uploads\/2024\/03\/Piques-cuisson-viande-saignant-png.webp\",\"datePublished\":\"2024-03-01T15:59:23+00:00\",\"dateModified\":\"2026-04-09T00:10:59+00:00\",\"description\":\"Erleichtern Sie den Service mit den Garspie\u00dfen f\u00fcr Fleisch \u201eblutig\u201c (100er-Packung). Kennzeichnen Sie Ihr Fleisch f\u00fcr eine schnelle Identifizierung und einen pr\u00e4zisen Service.\",\"breadcrumb\":{\"@id\":\"https:\/\/www.csj-emballages.com\/de\/produit\/100-spiesse-zum-kochen-von-fleisch-saignant\/#breadcrumb\"},\"inLanguage\":\"de\",\"potentialAction\":[{\"@type\":\"ReadAction\",\"target\":[\"https:\/\/www.csj-emballages.com\/de\/produit\/100-spiesse-zum-kochen-von-fleisch-saignant\/\"]}]},{\"@type\":\"ImageObject\",\"inLanguage\":\"de\",\"@id\":\"https:\/\/www.csj-emballages.com\/de\/produit\/100-spiesse-zum-kochen-von-fleisch-saignant\/#primaryimage\",\"url\":\"https:\/\/www.csj-emballages.com\/wp-content\/uploads\/2024\/03\/Piques-cuisson-viande-saignant-png.webp\",\"contentUrl\":\"https:\/\/www.csj-emballages.com\/wp-content\/uploads\/2024\/03\/Piques-cuisson-viande-saignant-png.webp\",\"width\":800,\"height\":800,\"caption\":\"piques cuisson viande\"},{\"@type\":\"BreadcrumbList\",\"@id\":\"https:\/\/www.csj-emballages.com\/de\/produit\/100-spiesse-zum-kochen-von-fleisch-saignant\/#breadcrumb\",\"itemListElement\":[{\"@type\":\"ListItem\",\"position\":1,\"name\":\"Accueil\",\"item\":\"https:\/\/www.csj-emballages.com\/de\/universum-lebensmittelverpackungen\/\"},{\"@type\":\"ListItem\",\"position\":2,\"name\":\"Shop\",\"item\":\"https:\/\/www.csj-emballages.com\/shop\/\"},{\"@type\":\"ListItem\",\"position\":3,\"name\":\"Garspie\u00df f\u00fcr Fleisch \u201eblutig\u201c, 100 St\u00fcck\"}]},{\"@type\":\"WebSite\",\"@id\":\"https:\/\/www.csj-emballages.com\/de\/#website\",\"url\":\"https:\/\/www.csj-emballages.com\/de\/\",\"name\":\"CSJ Emballages\",\"description\":\"\",\"publisher\":{\"@id\":\"https:\/\/www.csj-emballages.com\/de\/#organization\"},\"potentialAction\":[{\"@type\":\"SearchAction\",\"target\":{\"@type\":\"EntryPoint\",\"urlTemplate\":\"https:\/\/www.csj-emballages.com\/de\/?s={search_term_string}\"},\"query-input\":{\"@type\":\"PropertyValueSpecification\",\"valueRequired\":true,\"valueName\":\"search_term_string\"}}],\"inLanguage\":\"de\"},{\"@type\":\"Organization\",\"@id\":\"https:\/\/www.csj-emballages.com\/de\/#Organization\/\",\"name\":\"CSJ Emballages\",\"url\":\"https:\/\/www.csj-emballages.com\/de\/\",\"logo\":{\"@type\":\"ImageObject\",\"inLanguage\":\"de\",\"@id\":\"https:\/\/www.csj-emballages.com\/de\/#\/schema\/logo\/image\/\",\"url\":\"https:\/\/www.csj-emballages.com\/wp-content\/uploads\/2023\/10\/logo_csj.webp\",\"contentUrl\":\"https:\/\/www.csj-emballages.com\/wp-content\/uploads\/2023\/10\/logo_csj.webp\",\"width\":250,\"height\":95,\"caption\":\"CSJ Emballages\"},\"image\":{\"@id\":\"https:\/\/www.csj-emballages.com\/de\/#\/schema\/logo\/image\/\"},\"sameAs\":[\"https:\/\/www.facebook.com\/csjemballages\"],\"address\":{\"@type\":\"PostalAddress\",\"streetAddress\":\"ZI La Lechere\",\"addressLocality\":\"Patornay\",\"postalCode\":\"39130\",\"addressCountry\":\"FR\"},\"contactPoint\":[{\"@type\":\"ContactPoint\",\"contactType\":\"Service client\",\"telephone\":\"0384254272\",\"email\":\"contact@csj-emballages.com\"}]}]}<\/script>\n<!-- \/ Yoast SEO Premium plugin. -->","yoast_head_json":{"title":"Garspie\u00df f\u00fcr Fleisch \u201eblutig\u201c, 100 St\u00fcck","description":"Erleichtern Sie den Service mit den Garspie\u00dfen f\u00fcr Fleisch \u201eblutig\u201c (100er-Packung). Kennzeichnen Sie Ihr Fleisch f\u00fcr eine schnelle Identifizierung und einen pr\u00e4zisen Service.","robots":{"index":"index","follow":"follow","max-snippet":"max-snippet:-1","max-image-preview":"max-image-preview:large","max-video-preview":"max-video-preview:-1"},"canonical":"https:\/\/www.csj-emballages.com\/de\/produit\/100-spiesse-zum-kochen-von-fleisch-saignant\/","og_locale":"de_DE","og_type":"article","og_title":"Garspie\u00df f\u00fcr Fleisch \u201eblutig\u201c, 100 St\u00fcck","og_description":"Erleichtern Sie den Service mit den Garspie\u00dfen f\u00fcr Fleisch \u201eblutig\u201c (100er-Packung). Kennzeichnen Sie Ihr Fleisch f\u00fcr eine schnelle Identifizierung und einen pr\u00e4zisen Service.","og_url":"https:\/\/www.csj-emballages.com\/de\/produit\/100-spiesse-zum-kochen-von-fleisch-saignant\/","og_site_name":"CSJ Emballages","article_publisher":"https:\/\/www.facebook.com\/csjemballages","article_modified_time":"2026-04-09T00:10:59+00:00","og_image":[{"width":800,"height":800,"url":"https:\/\/www.csj-emballages.com\/wp-content\/uploads\/2024\/03\/Piques-cuisson-viande-saignant-png.webp","type":"image\/png"}],"twitter_card":"summary_large_image","twitter_misc":{"Gesch\u00e4tzte Lesezeit":"2 Minuten"},"schema":{"@context":"https:\/\/schema.org","@graph":[{"@type":"WebPage","@id":"https:\/\/www.csj-emballages.com\/de\/produit\/100-spiesse-zum-kochen-von-fleisch-saignant\/","url":"https:\/\/www.csj-emballages.com\/de\/produit\/100-spiesse-zum-kochen-von-fleisch-saignant\/","name":"Garspie\u00df f\u00fcr Fleisch \u201eblutig\u201c, 100 St\u00fcck","isPartOf":{"@id":"https:\/\/www.csj-emballages.com\/de\/#website"},"primaryImageOfPage":{"@id":"https:\/\/www.csj-emballages.com\/de\/produit\/100-spiesse-zum-kochen-von-fleisch-saignant\/#primaryimage"},"image":{"@id":"https:\/\/www.csj-emballages.com\/de\/produit\/100-spiesse-zum-kochen-von-fleisch-saignant\/#primaryimage"},"thumbnailUrl":"https:\/\/www.csj-emballages.com\/wp-content\/uploads\/2024\/03\/Piques-cuisson-viande-saignant-png.webp","datePublished":"2024-03-01T15:59:23+00:00","dateModified":"2026-04-09T00:10:59+00:00","description":"Erleichtern Sie den Service mit den Garspie\u00dfen f\u00fcr Fleisch \u201eblutig\u201c (100er-Packung). Kennzeichnen Sie Ihr Fleisch f\u00fcr eine schnelle Identifizierung und einen pr\u00e4zisen Service.","breadcrumb":{"@id":"https:\/\/www.csj-emballages.com\/de\/produit\/100-spiesse-zum-kochen-von-fleisch-saignant\/#breadcrumb"},"inLanguage":"de","potentialAction":[{"@type":"ReadAction","target":["https:\/\/www.csj-emballages.com\/de\/produit\/100-spiesse-zum-kochen-von-fleisch-saignant\/"]}]},{"@type":"ImageObject","inLanguage":"de","@id":"https:\/\/www.csj-emballages.com\/de\/produit\/100-spiesse-zum-kochen-von-fleisch-saignant\/#primaryimage","url":"https:\/\/www.csj-emballages.com\/wp-content\/uploads\/2024\/03\/Piques-cuisson-viande-saignant-png.webp","contentUrl":"https:\/\/www.csj-emballages.com\/wp-content\/uploads\/2024\/03\/Piques-cuisson-viande-saignant-png.webp","width":800,"height":800,"caption":"piques cuisson viande"},{"@type":"BreadcrumbList","@id":"https:\/\/www.csj-emballages.com\/de\/produit\/100-spiesse-zum-kochen-von-fleisch-saignant\/#breadcrumb","itemListElement":[{"@type":"ListItem","position":1,"name":"Accueil","item":"https:\/\/www.csj-emballages.com\/de\/universum-lebensmittelverpackungen\/"},{"@type":"ListItem","position":2,"name":"Shop","item":"https:\/\/www.csj-emballages.com\/shop\/"},{"@type":"ListItem","position":3,"name":"Garspie\u00df f\u00fcr Fleisch \u201eblutig\u201c, 100 St\u00fcck"}]},{"@type":"WebSite","@id":"https:\/\/www.csj-emballages.com\/de\/#website","url":"https:\/\/www.csj-emballages.com\/de\/","name":"CSJ Emballages","description":"","publisher":{"@id":"https:\/\/www.csj-emballages.com\/de\/#organization"},"potentialAction":[{"@type":"SearchAction","target":{"@type":"EntryPoint","urlTemplate":"https:\/\/www.csj-emballages.com\/de\/?s={search_term_string}"},"query-input":{"@type":"PropertyValueSpecification","valueRequired":true,"valueName":"search_term_string"}}],"inLanguage":"de"},{"@type":"Organization","@id":"https:\/\/www.csj-emballages.com\/de\/#Organization\/","name":"CSJ Emballages","url":"https:\/\/www.csj-emballages.com\/de\/","logo":{"@type":"ImageObject","inLanguage":"de","@id":"https:\/\/www.csj-emballages.com\/de\/#\/schema\/logo\/image\/","url":"https:\/\/www.csj-emballages.com\/wp-content\/uploads\/2023\/10\/logo_csj.webp","contentUrl":"https:\/\/www.csj-emballages.com\/wp-content\/uploads\/2023\/10\/logo_csj.webp","width":250,"height":95,"caption":"CSJ Emballages"},"image":{"@id":"https:\/\/www.csj-emballages.com\/de\/#\/schema\/logo\/image\/"},"sameAs":["https:\/\/www.facebook.com\/csjemballages"],"address":{"@type":"PostalAddress","streetAddress":"ZI La Lechere","addressLocality":"Patornay","postalCode":"39130","addressCountry":"FR"},"contactPoint":[{"@type":"ContactPoint","contactType":"Service client","telephone":"0384254272","email":"contact@csj-emballages.com"}]}]}},"df_price":1.68,"df_sale_price":"","df_regular_price":1.68,"df_image_link":"https:\/\/www.csj-emballages.com\/wp-content\/uploads\/2024\/03\/Piques-cuisson-viande-saignant-300x300.webp","tiered_pricing_type":"fixed","tiered_pricing_fixed_rules":[],"tiered_pricing_percentage_rules":[],"tiered_pricing_minimum":1,"tiered_pricing_roles_data":[],"_links":{"self":[{"href":"https:\/\/www.csj-emballages.com\/de\/wp-json\/wp\/v2\/product\/18265","targetHints":{"allow":["GET"]}}],"collection":[{"href":"https:\/\/www.csj-emballages.com\/de\/wp-json\/wp\/v2\/product"}],"about":[{"href":"https:\/\/www.csj-emballages.com\/de\/wp-json\/wp\/v2\/types\/product"}],"wp:featuredmedia":[{"embeddable":true,"href":"https:\/\/www.csj-emballages.com\/de\/wp-json\/wp\/v2\/media\/225276"}],"wp:attachment":[{"href":"https:\/\/www.csj-emballages.com\/de\/wp-json\/wp\/v2\/media?parent=18265"}],"wp:term":[{"taxonomy":"product_brand","embeddable":true,"href":"https:\/\/www.csj-emballages.com\/de\/wp-json\/wp\/v2\/product_brand?post=18265"},{"taxonomy":"product_cat","embeddable":true,"href":"https:\/\/www.csj-emballages.com\/de\/wp-json\/wp\/v2\/product_cat?post=18265"},{"taxonomy":"product_tag","embeddable":true,"href":"https:\/\/www.csj-emballages.com\/de\/wp-json\/wp\/v2\/product_tag?post=18265"}],"curies":[{"name":"wp","href":"https:\/\/api.w.org\/{rel}","templated":true}]}}