{"id":18261,"date":"2024-03-01T16:59:23","date_gmt":"2024-03-01T15:59:23","guid":{"rendered":"https:\/\/u15jnbdpoq.preview.infomaniak.website\/produit\/100-spiesse-zum-kochen-von-fleisch-medium\/"},"modified":"2026-04-29T13:00:27","modified_gmt":"2026-04-29T11:00:27","slug":"100-spiesse-zum-kochen-von-fleisch-medium","status":"publish","type":"product","link":"https:\/\/www.csj-emballages.com\/de\/produit\/100-spiesse-zum-kochen-von-fleisch-medium\/","title":{"rendered":"Fleisch-Garspie\u00df &#8218;medium&#8216;, 100 St\u00fcck"},"content":{"rendered":"<h2 class=\"p1\">Fleisch-Garspie\u00df<\/h2>\n<hr>\n<h3>Beschreibung unseres Fleisch-Garspie\u00dfes &#8218;medium&#8216;, 100 St\u00fcck<\/h3>\n<p><!--more--><\/p>\n<p data-start=\"242\" data-end=\"609\">Die <strong>Fleisch-Garspie\u00dfe \u201emedium\u201c<\/strong> sind unverzichtbare Accessoires, um <strong>die Garstufe von Fleisch perfekt zu kontrollieren<\/strong>, sowohl in der professionellen Gastronomie als auch zu Hause. Einfach in der Anwendung und effektiv, erm\u00f6glichen sie es, den Gargrad des Fleisches w\u00e4hrend des Services visuell anzuzeigen. <\/p>\n<p data-start=\"611\" data-end=\"964\">Tats\u00e4chlich sind diese <strong>Garspie\u00dfe<\/strong> daf\u00fcr konzipiert, <strong>direkt nach dem Garen ins Innere des Fleisches gesteckt zu werden<\/strong>, und zeigen deutlich die Garstufe \u201emedium\u201c des Fleisches an. Sie sind besonders beliebt f\u00fcr Steaks, Braten, Rinderrippen oder gegrilltes Fleisch. <\/p>\n<p data-start=\"966\" data-end=\"1350\">Dank ihrer schnellen und intuitiven Ablesbarkeit erleichtern die <strong>Garspie\u00dfe<\/strong> die Arbeit in der K\u00fcche und vermeiden organisatorische Fehler. Sie tragen somit zu einer besseren Servicequalit\u00e4t und optimalen Kundenzufriedenheit bei, insbesondere in Restaurants, Brasserien, Metzgereien, bei Caterern oder auf Veranstaltungen. <\/p>\n<p data-start=\"1352\" data-end=\"1694\">Ebenso bieten diese <strong>Spie\u00dfe<\/strong>, verpackt im <strong>100er-Pack<\/strong>, eine praktische und wirtschaftliche L\u00f6sung f\u00fcr den h\u00e4ufigen Gebrauch. Ihr kompaktes Format erm\u00f6glicht eine einfache Lagerung und schnelle Handhabung w\u00e4hrend des Services. Robust und hitzebest\u00e4ndig, sind sie so konzipiert, dass sie hohen Kochtemperaturen standhalten, ohne ihre Wirksamkeit zu beeintr\u00e4chtigen.  <\/p>\n<p data-start=\"1696\" data-end=\"1908\">Zusammenfassend sind die <strong>Fleisch-Garspie\u00dfe \u201emedium\u201c<\/strong> ein echter Verb\u00fcndeter, um perfekt kontrollierte Garergebnisse zu erzielen, Zeit in der K\u00fcche zu sparen und eine gleichbleibende Qualit\u00e4t, Service f\u00fcr Service, zu gew\u00e4hrleisten.<\/p>\n<p>&nbsp;<\/p>\n<p><!--more--><\/p>\n<p><strong><span style=\"color: #ff0000;\">*Achtung: Dieser Spie\u00df wird nicht w\u00e4hrend des Garens von Fleisch verwendet.<\/span><\/strong><\/p>\n<p>&nbsp;<\/p>\n<p><!--more--><\/p>\n<p><strong>Vorteile :<\/strong><\/p>\n<ul>\n<li data-start=\"585\" data-end=\"672\">Dank seiner Aufschrift \u201emedium\u201c erm\u00f6glicht er es, die Garstufe des Fleisches sofort zu erkennen.<\/li>\n<li data-start=\"673\" data-end=\"766\">Aus Holz, geeignet f\u00fcr Lebensmittelkontakt und Hitze.<\/li>\n<li data-start=\"767\" data-end=\"870\">Ideal f\u00fcr K\u00fcchen, Grills und Gastronomiebetriebe.<\/li>\n<li data-start=\"871\" data-end=\"948\" data-is-last-node=\"\"><strong>100er-Pack<\/strong> f\u00fcr den Gro\u00dfverbrauch.<\/li>\n<\/ul>\n<p>&nbsp;<\/p>\n<p><!--more--><\/p>\n<h4>Weitere Informationen :<\/h4>\n<ul>\n<li><strong>Verpackung<\/strong>: Packung mit 100 St\u00fcck<\/li>\n<li><strong>Ma\u00dfe<\/strong>: 80 mm<\/li>\n<li><strong>Material<\/strong>: Holz<\/li>\n<li><strong>Farbe<\/strong>: Gelb<\/li>\n<\/ul>\n<p>&nbsp;<\/p>\n<p><!--more--><\/p>\n<p>Dieses Produkt gibt es auch in : <span style=\"color: #d12727;\"><a style=\"color: #d12727;\" href=\"https:\/\/www.csj-emballages.com\/produit\/100-piques-cuisson-viande-saignant\/\">Saignant<\/a><\/span> \/ <span style=\"color: #d12727;\"><a style=\"color: #d12727;\" href=\"https:\/\/www.csj-emballages.com\/produit\/100-piques-cuisson-viande-bien-cuit\/\">Gut gegart<\/a><\/span> \/ <span style=\"color: #d12727;\"><a style=\"color: #d12727;\" href=\"https:\/\/www.csj-emballages.com\/es\/produit\/100-picos-de-carne-azul\/\">Blau<\/a><\/span><\/p>\n<p>&nbsp;<\/p>\n<p><!--more--><\/p>\n<p><a href=\"https:\/\/www.csj-emballages.com\/de\/categorie-produit\/lebensmittelverpackungen\/metzgerei-und-feinkostgeschaft\/nahrungsmittelspiese\/aperitifpicknicks\/aperitifspiese-aus-holz\/\">Sehen Sie sich den Rest unseres Sortiments an Holzspie\u00dfen an.<\/a><\/p>\n","protected":false},"excerpt":{"rendered":"<p>Fleisch-Garspie\u00df Beschreibung unseres Fleisch-Garspie\u00dfes &#8218;medium&#8216;, 100 St\u00fcck<\/p>\n","protected":false},"featured_media":225301,"template":"","meta":{"_acf_changed":false},"product_brand":[],"product_cat":[1170,1279,1822,1830],"product_tag":[],"class_list":{"0":"post-18261","1":"product","2":"type-product","3":"status-publish","4":"has-post-thumbnail","6":"product_cat-metzgerei-und-feinkostgeschaft","7":"product_cat-schalen-topfe-glaser","8":"product_cat-aperitifpicknicks","9":"product_cat-aperitifspiese-aus-holz","11":"first","12":"instock","13":"taxable","14":"shipping-taxable","15":"purchasable","16":"product-type-simple"},"acf":[],"yoast_head":"<!-- This site is optimized with the Yoast SEO Premium plugin v26.6 (Yoast SEO v26.6) - https:\/\/yoast.com\/wordpress\/plugins\/seo\/ -->\n<title>Fleisch-Garspie\u00df &#039;durchgebraten&#039;, 100 St\u00fcck<\/title>\n<meta name=\"description\" content=\"Erleichtern Sie den Service mit den Fleisch-Garspie\u00dfen &#039;durchgebraten&#039; (100er-Pack). Kennzeichnen Sie Ihr Fleisch f\u00fcr eine schnelle Identifizierung und einen pr\u00e4zisen Service.\" \/>\n<meta name=\"robots\" content=\"index, follow, max-snippet:-1, max-image-preview:large, max-video-preview:-1\" \/>\n<link rel=\"canonical\" href=\"https:\/\/www.csj-emballages.com\/de\/produit\/100-spiesse-zum-kochen-von-fleisch-medium\/\" \/>\n<meta property=\"og:locale\" content=\"de_DE\" \/>\n<meta property=\"og:type\" content=\"article\" \/>\n<meta property=\"og:title\" content=\"Fleisch-Garspie\u00df &#039;medium&#039;, 100 St\u00fcck\" \/>\n<meta property=\"og:description\" content=\"Erleichtern Sie den Service mit den Fleisch-Garspie\u00dfen &#039;durchgebraten&#039; (100er-Pack). Kennzeichnen Sie Ihr Fleisch f\u00fcr eine schnelle Identifizierung und einen pr\u00e4zisen Service.\" \/>\n<meta property=\"og:url\" content=\"https:\/\/www.csj-emballages.com\/de\/produit\/100-spiesse-zum-kochen-von-fleisch-medium\/\" \/>\n<meta property=\"og:site_name\" content=\"CSJ Emballages\" \/>\n<meta property=\"article:publisher\" content=\"https:\/\/www.facebook.com\/csjemballages\" \/>\n<meta property=\"article:modified_time\" content=\"2026-04-29T11:00:27+00:00\" \/>\n<meta property=\"og:image\" content=\"https:\/\/www.csj-emballages.com\/wp-content\/uploads\/2024\/03\/Piques-cuisson-viande-bien-cuit-2.webp\" \/>\n\t<meta property=\"og:image:width\" content=\"800\" \/>\n\t<meta property=\"og:image:height\" content=\"800\" \/>\n\t<meta property=\"og:image:type\" content=\"image\/webp\" \/>\n<meta name=\"twitter:card\" content=\"summary_large_image\" \/>\n<meta name=\"twitter:label1\" content=\"Gesch\u00e4tzte Lesezeit\" \/>\n\t<meta name=\"twitter:data1\" content=\"2 Minuten\" \/>\n<script type=\"application\/ld+json\" class=\"yoast-schema-graph\">{\"@context\":\"https:\/\/schema.org\",\"@graph\":[{\"@type\":\"WebPage\",\"@id\":\"https:\/\/www.csj-emballages.com\/de\/produit\/100-spiesse-zum-kochen-von-fleisch-medium\/\",\"url\":\"https:\/\/www.csj-emballages.com\/de\/produit\/100-spiesse-zum-kochen-von-fleisch-medium\/\",\"name\":\"Fleisch-Garspie\u00df 'durchgebraten', 100 St\u00fcck\",\"isPartOf\":{\"@id\":\"https:\/\/www.csj-emballages.com\/de\/#website\"},\"primaryImageOfPage\":{\"@id\":\"https:\/\/www.csj-emballages.com\/de\/produit\/100-spiesse-zum-kochen-von-fleisch-medium\/#primaryimage\"},\"image\":{\"@id\":\"https:\/\/www.csj-emballages.com\/de\/produit\/100-spiesse-zum-kochen-von-fleisch-medium\/#primaryimage\"},\"thumbnailUrl\":\"https:\/\/www.csj-emballages.com\/wp-content\/uploads\/2024\/03\/Piques-cuisson-viande-bien-cuit-2.webp\",\"datePublished\":\"2024-03-01T15:59:23+00:00\",\"dateModified\":\"2026-04-29T11:00:27+00:00\",\"description\":\"Erleichtern Sie den Service mit den Fleisch-Garspie\u00dfen 'durchgebraten' (100er-Pack). Kennzeichnen Sie Ihr Fleisch f\u00fcr eine schnelle Identifizierung und einen pr\u00e4zisen Service.\",\"breadcrumb\":{\"@id\":\"https:\/\/www.csj-emballages.com\/de\/produit\/100-spiesse-zum-kochen-von-fleisch-medium\/#breadcrumb\"},\"inLanguage\":\"de\",\"potentialAction\":[{\"@type\":\"ReadAction\",\"target\":[\"https:\/\/www.csj-emballages.com\/de\/produit\/100-spiesse-zum-kochen-von-fleisch-medium\/\"]}]},{\"@type\":\"ImageObject\",\"inLanguage\":\"de\",\"@id\":\"https:\/\/www.csj-emballages.com\/de\/produit\/100-spiesse-zum-kochen-von-fleisch-medium\/#primaryimage\",\"url\":\"https:\/\/www.csj-emballages.com\/wp-content\/uploads\/2024\/03\/Piques-cuisson-viande-bien-cuit-2.webp\",\"contentUrl\":\"https:\/\/www.csj-emballages.com\/wp-content\/uploads\/2024\/03\/Piques-cuisson-viande-bien-cuit-2.webp\",\"width\":800,\"height\":800,\"caption\":\"piques cuisson viande\"},{\"@type\":\"BreadcrumbList\",\"@id\":\"https:\/\/www.csj-emballages.com\/de\/produit\/100-spiesse-zum-kochen-von-fleisch-medium\/#breadcrumb\",\"itemListElement\":[{\"@type\":\"ListItem\",\"position\":1,\"name\":\"Accueil\",\"item\":\"https:\/\/www.csj-emballages.com\/de\/universum-lebensmittelverpackungen\/\"},{\"@type\":\"ListItem\",\"position\":2,\"name\":\"Shop\",\"item\":\"https:\/\/www.csj-emballages.com\/shop\/\"},{\"@type\":\"ListItem\",\"position\":3,\"name\":\"Fleisch-Garspie\u00df &lsquo;medium&rsquo;, 100 St\u00fcck\"}]},{\"@type\":\"WebSite\",\"@id\":\"https:\/\/www.csj-emballages.com\/de\/#website\",\"url\":\"https:\/\/www.csj-emballages.com\/de\/\",\"name\":\"CSJ Emballages\",\"description\":\"\",\"publisher\":{\"@id\":\"https:\/\/www.csj-emballages.com\/de\/#organization\"},\"potentialAction\":[{\"@type\":\"SearchAction\",\"target\":{\"@type\":\"EntryPoint\",\"urlTemplate\":\"https:\/\/www.csj-emballages.com\/de\/?s={search_term_string}\"},\"query-input\":{\"@type\":\"PropertyValueSpecification\",\"valueRequired\":true,\"valueName\":\"search_term_string\"}}],\"inLanguage\":\"de\"},{\"@type\":\"Organization\",\"@id\":\"https:\/\/www.csj-emballages.com\/de\/#Organization\/\",\"name\":\"CSJ Emballages\",\"url\":\"https:\/\/www.csj-emballages.com\/de\/\",\"logo\":{\"@type\":\"ImageObject\",\"inLanguage\":\"de\",\"@id\":\"https:\/\/www.csj-emballages.com\/de\/#\/schema\/logo\/image\/\",\"url\":\"https:\/\/www.csj-emballages.com\/wp-content\/uploads\/2023\/10\/logo_csj.webp\",\"contentUrl\":\"https:\/\/www.csj-emballages.com\/wp-content\/uploads\/2023\/10\/logo_csj.webp\",\"width\":250,\"height\":95,\"caption\":\"CSJ Emballages\"},\"image\":{\"@id\":\"https:\/\/www.csj-emballages.com\/de\/#\/schema\/logo\/image\/\"},\"sameAs\":[\"https:\/\/www.facebook.com\/csjemballages\"],\"address\":{\"@type\":\"PostalAddress\",\"streetAddress\":\"ZI La Lechere\",\"addressLocality\":\"Patornay\",\"postalCode\":\"39130\",\"addressCountry\":\"FR\"},\"contactPoint\":[{\"@type\":\"ContactPoint\",\"contactType\":\"Service client\",\"telephone\":\"0384254272\",\"email\":\"contact@csj-emballages.com\"}]}]}<\/script>\n<!-- \/ Yoast SEO Premium plugin. -->","yoast_head_json":{"title":"Fleisch-Garspie\u00df 'durchgebraten', 100 St\u00fcck","description":"Erleichtern Sie den Service mit den Fleisch-Garspie\u00dfen 'durchgebraten' (100er-Pack). Kennzeichnen Sie Ihr Fleisch f\u00fcr eine schnelle Identifizierung und einen pr\u00e4zisen Service.","robots":{"index":"index","follow":"follow","max-snippet":"max-snippet:-1","max-image-preview":"max-image-preview:large","max-video-preview":"max-video-preview:-1"},"canonical":"https:\/\/www.csj-emballages.com\/de\/produit\/100-spiesse-zum-kochen-von-fleisch-medium\/","og_locale":"de_DE","og_type":"article","og_title":"Fleisch-Garspie\u00df 'medium', 100 St\u00fcck","og_description":"Erleichtern Sie den Service mit den Fleisch-Garspie\u00dfen 'durchgebraten' (100er-Pack). Kennzeichnen Sie Ihr Fleisch f\u00fcr eine schnelle Identifizierung und einen pr\u00e4zisen Service.","og_url":"https:\/\/www.csj-emballages.com\/de\/produit\/100-spiesse-zum-kochen-von-fleisch-medium\/","og_site_name":"CSJ Emballages","article_publisher":"https:\/\/www.facebook.com\/csjemballages","article_modified_time":"2026-04-29T11:00:27+00:00","og_image":[{"width":800,"height":800,"url":"https:\/\/www.csj-emballages.com\/wp-content\/uploads\/2024\/03\/Piques-cuisson-viande-bien-cuit-2.webp","type":"image\/webp"}],"twitter_card":"summary_large_image","twitter_misc":{"Gesch\u00e4tzte Lesezeit":"2 Minuten"},"schema":{"@context":"https:\/\/schema.org","@graph":[{"@type":"WebPage","@id":"https:\/\/www.csj-emballages.com\/de\/produit\/100-spiesse-zum-kochen-von-fleisch-medium\/","url":"https:\/\/www.csj-emballages.com\/de\/produit\/100-spiesse-zum-kochen-von-fleisch-medium\/","name":"Fleisch-Garspie\u00df 'durchgebraten', 100 St\u00fcck","isPartOf":{"@id":"https:\/\/www.csj-emballages.com\/de\/#website"},"primaryImageOfPage":{"@id":"https:\/\/www.csj-emballages.com\/de\/produit\/100-spiesse-zum-kochen-von-fleisch-medium\/#primaryimage"},"image":{"@id":"https:\/\/www.csj-emballages.com\/de\/produit\/100-spiesse-zum-kochen-von-fleisch-medium\/#primaryimage"},"thumbnailUrl":"https:\/\/www.csj-emballages.com\/wp-content\/uploads\/2024\/03\/Piques-cuisson-viande-bien-cuit-2.webp","datePublished":"2024-03-01T15:59:23+00:00","dateModified":"2026-04-29T11:00:27+00:00","description":"Erleichtern Sie den Service mit den Fleisch-Garspie\u00dfen 'durchgebraten' (100er-Pack). Kennzeichnen Sie Ihr Fleisch f\u00fcr eine schnelle Identifizierung und einen pr\u00e4zisen Service.","breadcrumb":{"@id":"https:\/\/www.csj-emballages.com\/de\/produit\/100-spiesse-zum-kochen-von-fleisch-medium\/#breadcrumb"},"inLanguage":"de","potentialAction":[{"@type":"ReadAction","target":["https:\/\/www.csj-emballages.com\/de\/produit\/100-spiesse-zum-kochen-von-fleisch-medium\/"]}]},{"@type":"ImageObject","inLanguage":"de","@id":"https:\/\/www.csj-emballages.com\/de\/produit\/100-spiesse-zum-kochen-von-fleisch-medium\/#primaryimage","url":"https:\/\/www.csj-emballages.com\/wp-content\/uploads\/2024\/03\/Piques-cuisson-viande-bien-cuit-2.webp","contentUrl":"https:\/\/www.csj-emballages.com\/wp-content\/uploads\/2024\/03\/Piques-cuisson-viande-bien-cuit-2.webp","width":800,"height":800,"caption":"piques cuisson viande"},{"@type":"BreadcrumbList","@id":"https:\/\/www.csj-emballages.com\/de\/produit\/100-spiesse-zum-kochen-von-fleisch-medium\/#breadcrumb","itemListElement":[{"@type":"ListItem","position":1,"name":"Accueil","item":"https:\/\/www.csj-emballages.com\/de\/universum-lebensmittelverpackungen\/"},{"@type":"ListItem","position":2,"name":"Shop","item":"https:\/\/www.csj-emballages.com\/shop\/"},{"@type":"ListItem","position":3,"name":"Fleisch-Garspie\u00df &lsquo;medium&rsquo;, 100 St\u00fcck"}]},{"@type":"WebSite","@id":"https:\/\/www.csj-emballages.com\/de\/#website","url":"https:\/\/www.csj-emballages.com\/de\/","name":"CSJ Emballages","description":"","publisher":{"@id":"https:\/\/www.csj-emballages.com\/de\/#organization"},"potentialAction":[{"@type":"SearchAction","target":{"@type":"EntryPoint","urlTemplate":"https:\/\/www.csj-emballages.com\/de\/?s={search_term_string}"},"query-input":{"@type":"PropertyValueSpecification","valueRequired":true,"valueName":"search_term_string"}}],"inLanguage":"de"},{"@type":"Organization","@id":"https:\/\/www.csj-emballages.com\/de\/#Organization\/","name":"CSJ Emballages","url":"https:\/\/www.csj-emballages.com\/de\/","logo":{"@type":"ImageObject","inLanguage":"de","@id":"https:\/\/www.csj-emballages.com\/de\/#\/schema\/logo\/image\/","url":"https:\/\/www.csj-emballages.com\/wp-content\/uploads\/2023\/10\/logo_csj.webp","contentUrl":"https:\/\/www.csj-emballages.com\/wp-content\/uploads\/2023\/10\/logo_csj.webp","width":250,"height":95,"caption":"CSJ Emballages"},"image":{"@id":"https:\/\/www.csj-emballages.com\/de\/#\/schema\/logo\/image\/"},"sameAs":["https:\/\/www.facebook.com\/csjemballages"],"address":{"@type":"PostalAddress","streetAddress":"ZI La Lechere","addressLocality":"Patornay","postalCode":"39130","addressCountry":"FR"},"contactPoint":[{"@type":"ContactPoint","contactType":"Service client","telephone":"0384254272","email":"contact@csj-emballages.com"}]}]}},"df_price":1.68,"df_sale_price":"","df_regular_price":1.68,"df_image_link":"https:\/\/www.csj-emballages.com\/wp-content\/uploads\/2024\/03\/Piques-cuisson-viande-bien-cuit-2-300x300.webp","tiered_pricing_type":"fixed","tiered_pricing_fixed_rules":[],"tiered_pricing_percentage_rules":[],"tiered_pricing_minimum":1,"tiered_pricing_roles_data":[],"_links":{"self":[{"href":"https:\/\/www.csj-emballages.com\/de\/wp-json\/wp\/v2\/product\/18261","targetHints":{"allow":["GET"]}}],"collection":[{"href":"https:\/\/www.csj-emballages.com\/de\/wp-json\/wp\/v2\/product"}],"about":[{"href":"https:\/\/www.csj-emballages.com\/de\/wp-json\/wp\/v2\/types\/product"}],"wp:featuredmedia":[{"embeddable":true,"href":"https:\/\/www.csj-emballages.com\/de\/wp-json\/wp\/v2\/media\/225301"}],"wp:attachment":[{"href":"https:\/\/www.csj-emballages.com\/de\/wp-json\/wp\/v2\/media?parent=18261"}],"wp:term":[{"taxonomy":"product_brand","embeddable":true,"href":"https:\/\/www.csj-emballages.com\/de\/wp-json\/wp\/v2\/product_brand?post=18261"},{"taxonomy":"product_cat","embeddable":true,"href":"https:\/\/www.csj-emballages.com\/de\/wp-json\/wp\/v2\/product_cat?post=18261"},{"taxonomy":"product_tag","embeddable":true,"href":"https:\/\/www.csj-emballages.com\/de\/wp-json\/wp\/v2\/product_tag?post=18261"}],"curies":[{"name":"wp","href":"https:\/\/api.w.org\/{rel}","templated":true}]}}