{"id":18257,"date":"2024-03-01T16:59:24","date_gmt":"2024-03-01T15:59:24","guid":{"rendered":"https:\/\/u15jnbdpoq.preview.infomaniak.website\/produit\/500-transparente-freude-am-schenken-etiketten\/"},"modified":"2026-03-12T16:03:51","modified_gmt":"2026-03-12T15:03:51","slug":"500-transparente-freude-am-schenken-etiketten","status":"publish","type":"product","link":"https:\/\/www.csj-emballages.com\/de\/produit\/500-transparente-freude-am-schenken-etiketten\/","title":{"rendered":"Transparentes Klebeetikett &#8222;Freude am Schenken&#8220; pro 500"},"content":{"rendered":"<div style=\"box-sizing: inherit; font-family: Roboto, sans-serif;\">\n<div style=\"box-sizing: inherit; font-family: Roboto, sans-serif;\">\n<div style=\"box-sizing: inherit; font-family: Roboto, sans-serif;\">\n<div style=\"box-sizing: inherit; font-family: Roboto, sans-serif;\">\n<div style=\"box-sizing: inherit; font-family: Roboto, sans-serif;\">\n<div style=\"box-sizing: inherit; font-family: Roboto, sans-serif;\">\n<div style=\"box-sizing: inherit; font-family: Roboto, sans-serif;\">\n<div style=\"box-sizing: inherit; font-family: Roboto, sans-serif;\">\n<div style=\"box-sizing: inherit; font-family: Roboto, sans-serif;\">\n<div style=\"box-sizing: inherit; font-family: Roboto, sans-serif;\">\n<div style=\"box-sizing: inherit; font-family: Roboto, sans-serif;\">\n<div style=\"box-sizing: inherit; font-family: Roboto, sans-serif;\">\n<div style=\"box-sizing: inherit; font-family: Roboto, sans-serif;\">\n<div class=\"flex flex-grow flex-col max-w-full\">\n<div class=\"min-h-[20px] text-message flex flex-col items-start whitespace-pre-wrap break-words [.text-message+&amp;]:mt-5 juice:w-full juice:items-end overflow-x-auto gap-2\" dir=\"auto\" data-message-author-role=\"assistant\" data-message-id=\"2034782e-88f9-44ef-b4dc-07dd7bf0115f\">\n<div class=\"flex w-full flex-col gap-1 juice:empty:hidden juice:first:pt-[3px]\">\n<div class=\"markdown prose w-full break-words dark:prose-invert light\">\n<div style=\"box-sizing: inherit; font-family: Roboto, sans-serif;\">\n<div style=\"box-sizing: inherit; font-family: Roboto, sans-serif;\">\n<div style=\"box-sizing: inherit; font-family: Roboto, sans-serif;\">\n<div style=\"box-sizing: inherit; font-family: Roboto, sans-serif;\">\n<div style=\"box-sizing: inherit; font-family: Roboto, sans-serif;\">\n<div style=\"box-sizing: inherit; font-family: Roboto, sans-serif;\">\n<h2 class=\"p1\">Transparentes Klebeetikett<\/h2>\n<div style=\"box-sizing: inherit; font-family: Roboto, sans-serif;\">\n<div style=\"box-sizing: inherit; font-family: Roboto, sans-serif;\">\n<div style=\"box-sizing: inherit; font-family: Roboto, sans-serif;\">\n<div style=\"text-align: center;\">\n<div style=\"box-sizing: inherit; font-family: Roboto, sans-serif;\">\n<div style=\"box-sizing: inherit; font-family: Roboto, sans-serif;\">\n<div style=\"box-sizing: inherit; font-family: Roboto, sans-serif;\">\n<div style=\"box-sizing: inherit; font-family: Roboto, sans-serif;\">\n<div style=\"box-sizing: inherit; font-family: Roboto, sans-serif;\">\n<div style=\"box-sizing: inherit; font-family: Roboto, sans-serif; text-align: left;\">\n<hr>\n<h3 style=\"text-align: left;\">Beschreibung unseres transparenten Klebeetiketts &#8222;plaisir d&#8217;offrir&#8220; pro 500 St\u00fcck<\/h3>\n<h3 style=\"text-align: left;\"><!--more--><\/h3>\n<\/div>\n<\/div>\n<\/div>\n<\/div>\n<\/div>\n<\/div>\n<\/div>\n<\/div>\n<\/div>\n<\/div>\n<\/div>\n<\/div>\n<\/div>\n<\/div>\n<\/div>\n<\/div>\n<\/div>\n<\/div>\n<\/div>\n<\/div>\n<\/div>\n<\/div>\n<\/div>\n<\/div>\n<\/div>\n<\/div>\n<\/div>\n<\/div>\n<\/div>\n<\/div>\n<\/div>\n<\/div>\n<\/div>\n<div style=\"box-sizing: inherit; font-family: Roboto, sans-serif;\">\n<div style=\"box-sizing: inherit; font-family: Roboto, sans-serif;\">\n<div style=\"box-sizing: inherit; font-family: Roboto, sans-serif;\">\n<div style=\"box-sizing: inherit; font-family: Roboto, sans-serif;\">\n<div style=\"box-sizing: inherit; font-family: Roboto, sans-serif;\">\n<div style=\"box-sizing: inherit; font-family: Roboto, sans-serif;\">\n<div style=\"box-sizing: inherit; font-family: Roboto, sans-serif;\">\n<div style=\"box-sizing: inherit; font-family: Roboto, sans-serif;\">\n<div style=\"box-sizing: inherit; font-family: Roboto, sans-serif;\">\n<div style=\"box-sizing: inherit; font-family: Roboto, sans-serif;\">\n<div style=\"box-sizing: inherit; font-family: Roboto, sans-serif;\">\n<div style=\"box-sizing: inherit; font-family: Roboto, sans-serif;\">\n<div style=\"box-sizing: inherit; font-family: Roboto, sans-serif;\">\n<div class=\"flex flex-grow flex-col max-w-full\">\n<div class=\"min-h-[20px] text-message flex flex-col items-start whitespace-pre-wrap break-words [.text-message+&amp;]:mt-5 juice:w-full juice:items-end overflow-x-auto gap-2\" dir=\"auto\" data-message-author-role=\"assistant\" data-message-id=\"2034782e-88f9-44ef-b4dc-07dd7bf0115f\">\n<div class=\"flex w-full flex-col gap-1 juice:empty:hidden juice:first:pt-[3px]\">\n<div class=\"markdown prose w-full break-words dark:prose-invert light\">\n<div style=\"box-sizing: inherit; font-family: Roboto, sans-serif;\">\n<div style=\"box-sizing: inherit; font-family: Roboto, sans-serif;\">\n<div style=\"box-sizing: inherit; font-family: Roboto, sans-serif;\">\n<div style=\"box-sizing: inherit; font-family: Roboto, sans-serif;\">\n<div style=\"box-sizing: inherit; font-family: Roboto, sans-serif;\">\n<div style=\"box-sizing: inherit; font-family: Roboto, sans-serif;\">\n<p data-start=\"0\" data-end=\"501\">Verleihen Sie Ihren Verpackungen einen Hauch von Eleganz mit unserem <strong data-start=\"87\" data-end=\"141\">transparenten und goldenen Klebeetikett &#8222;Plaisir d&#8217;offrir&#8220;.<\/strong> Dieses <strong>runde Etikett<\/strong> ( <strong data-start=\"279\" data-end=\"289\">\u00d8 36 mm<\/strong> ) ist ideal, um Ihre <strong data-start=\"168\" data-end=\"187\">Geschenkverpackungen<\/strong>, <strong data-start=\"193\" data-end=\"215\">Geb\u00e4ckschachteln<\/strong> oder <strong data-start=\"231\" data-end=\"252\">Feinschmeckerbeutel<\/strong> zu veredeln und verleiht jeder Verpackung sofort eine raffinierte Note. Dank seines diskreten und raffinierten Designs hebt es Ihre Kreationen hervor, w\u00e4hrend der Inhalt sichtbar bleibt, f\u00fcr einen schicken und professionellen Effekt.  <\/p>\n<p data-start=\"503\" data-end=\"886\">Das Etikett wird in einer <strong data-start=\"516\" data-end=\"548\">praktischen Spenderbox<\/strong> geliefert, l\u00e4sst sich leicht abziehen und mit einem Handgriff anbringen, wodurch Sie bei der Vorbereitung Ihrer Bestellungen wertvolle Zeit sparen. Ob Sie nun <strong data-start=\"702\" data-end=\"725\">Chocolatier<\/strong>, <strong data-start=\"727\" data-end=\"750\">B\u00e4cker, Konditor<\/strong>, <strong data-start=\"752\" data-end=\"775\">Geschenkeladen<\/strong> oder Feinkosth\u00e4ndler sind, dieses <strong>selbstklebende Etikett<\/strong> ist perfekt, um Ihre Verpackungen zu personalisieren und ein gepflegtes Finish zu bieten. <\/p>\n<p data-start=\"888\" data-end=\"1264\">Au\u00dferdem sorgt der <strong data-start=\"901\" data-end=\"921\">starke Klebstoff<\/strong> daf\u00fcr, dass die Verpackung auf verschiedenen Materialien wie Kraftpapier, Karton, Plastik oder Zellophan einwandfrei h\u00e4lt. So bleiben Ihre Verpackungen bis zur \u00dcbergabe an den Kunden makellos. Wenn Sie sich f\u00fcr dieses Produkt entscheiden, achten Sie besonders auf Details, was Ihr Markenimage st\u00e4rkt und die Kundenbindung f\u00f6rdert.  <\/p>\n<p data-start=\"1266\" data-end=\"1569\">Und schlie\u00dflich wird dieses <strong>Klebeetikett<\/strong> in <strong data-start=\"1305\" data-end=\"1326\">Packungen zu 500 St\u00fcck<\/strong> angeboten, sodass Sie auch in umsatzstarken Zeiten wie Weihnachten, Valentinstag oder Hochzeiten Ihren Bedarf decken k\u00f6nnen. Mit diesem <strong data-start=\"1455\" data-end=\"1487\">Etikett &#8222;Plaisir d&#8217;offrir<\/strong>&#8220; zeigen Sie Ihren Kunden, dass jedes Paket mit Sorgfalt und Leidenschaft zusammengestellt wird. <\/p>\n<p data-start=\"1571\" data-end=\"1850\">Kurz gesagt: Dank ihrer <strong data-start=\"1593\" data-end=\"1618\">eleganten Transparenz<\/strong>, ihres <strong data-start=\"1624\" data-end=\"1643\">praktischen Formats<\/strong> und ihrer <strong data-start=\"1651\" data-end=\"1674\">Spenderbox<\/strong> wird sie schnell zu einem unverzichtbaren Bestandteil all Ihrer Geschenkverpackungen. Schenken Sie mehr als nur ein Produkt: Schenken Sie Ihren Kunden ein echtes Erlebnis, bei dem jedes Detail z\u00e4hlt. <\/p>\n<p data-start=\"1571\" data-end=\"1850\">\n<p><!--more--><\/p>\n<h4 style=\"text-align: left;\">Vorteile :<\/h4>\n<ul style=\"text-align: left;\">\n<li><strong data-start=\"2068\" data-end=\"2093\">Elegante Transparenz<\/strong>, die den Inhalt aufwertet.<\/li>\n<li><strong data-start=\"2123\" data-end=\"2146\">Spenderbox<\/strong> f\u00fcr eine schnelle und einfache Anwendung.<\/li>\n<li><strong data-start=\"2190\" data-end=\"2210\">Starker Klebstoff<\/strong>, der f\u00fcr verschiedene Materialien (Kraft, Plastik, Karton) geeignet ist.<\/li>\n<li><strong data-start=\"2268\" data-end=\"2293\">Sparset mit 500<\/strong> Etiketten f\u00fcr den intensiven Gebrauch.<\/li>\n<li>Ideal f\u00fcr <strong data-start=\"2353\" data-end=\"2388\">Handwerker, Konditoren, Feinkosth\u00e4ndler<\/strong> und Geschenkboutiquen.<\/li>\n<\/ul>\n<\/div>\n<\/div>\n<\/div>\n<\/div>\n<\/div>\n<\/div>\n<\/div>\n<\/div>\n<\/div>\n<\/div>\n<\/div>\n<\/div>\n<p>&nbsp;<\/p>\n<\/div>\n<\/div>\n<\/div>\n<\/div>\n<\/div>\n<\/div>\n<\/div>\n<\/div>\n<\/div>\n<\/div>\n<\/div>\n<p><!--more--><\/p>\n<h4>Weitere Informationen :<\/h4>\n<ul style=\"box-sizing: inherit; font-family: Roboto, sans-serif;\">\n<li><strong>Verpackung<\/strong>: Packung mit 500 St\u00fcck<\/li>\n<li><span style=\"font-weight: bold;\">Durchmesser <\/span>: 36 mm<\/li>\n<li><strong>Farbe<\/strong>: Transparent \/ Gold<\/li>\n<\/ul>\n<div style=\"box-sizing: inherit; font-family: Roboto, sans-serif;\">\n<div style=\"box-sizing: inherit; font-family: Roboto, sans-serif;\">\n<div style=\"box-sizing: inherit; font-family: Roboto, sans-serif;\">\n<div style=\"box-sizing: inherit; font-family: Roboto, sans-serif;\">\n<div style=\"box-sizing: inherit; font-family: Roboto, sans-serif;\">\n<div style=\"box-sizing: inherit; font-family: Roboto, sans-serif;\">\n<p>&nbsp;<\/p>\n<p><!--more--><\/p>\n<p><a href=\"https:\/\/www.csj-emballages.com\/de\/categorie-produit\/lebensmittelverpackungen\/weihnachten\/zubehor-dekorative-verpackungen\/etiketten-de-2\/\">Sehen Sie sich den Rest unseres Sortiments an dekorativen Klebeetiketten an<\/a><\/p>\n<\/div>\n<\/div>\n<\/div>\n<\/div>\n<\/div>\n<\/div>\n","protected":false},"excerpt":{"rendered":"<p>Transparentes Klebeetikett Beschreibung unseres transparenten Klebeetiketts &#8222;plaisir d&#8217;offrir&#8220; pro 500 St\u00fcck<\/p>\n","protected":false},"featured_media":9051,"template":"","meta":{"_acf_changed":false},"product_brand":[],"product_cat":[1137,1171,1817,1487,1825],"product_tag":[],"class_list":{"0":"post-18257","1":"product","2":"type-product","3":"status-publish","4":"has-post-thumbnail","6":"product_cat-lebensmittelverpackungen","7":"product_cat-backerei-und-konditorei","8":"product_cat-etiketten","9":"product_cat-boutique-und-geschaft","10":"product_cat-etiketten-de","12":"first","13":"instock","14":"taxable","15":"shipping-taxable","16":"purchasable","17":"product-type-simple"},"acf":[],"yoast_head":"<!-- This site is optimized with the Yoast SEO Premium plugin v26.6 (Yoast SEO v26.6) - https:\/\/yoast.com\/wordpress\/plugins\/seo\/ -->\n<title>Transparentes selbstklebendes Etikett &quot;Plaisir d&#039;offrir&quot; pro 500<\/title>\n<meta name=\"description\" content=\"Transparentes Haftetikett \u00d836 mm &quot;Plaisir d&#039;offrir&quot;, Packung zu 500, ideal, um Ihre Geschenkverpackungen mit Eleganz zu veredeln.\" \/>\n<meta name=\"robots\" content=\"index, follow, max-snippet:-1, max-image-preview:large, max-video-preview:-1\" \/>\n<link rel=\"canonical\" href=\"https:\/\/www.csj-emballages.com\/de\/produit\/500-transparente-freude-am-schenken-etiketten\/\" \/>\n<meta property=\"og:locale\" content=\"de_DE\" \/>\n<meta property=\"og:type\" content=\"article\" \/>\n<meta property=\"og:title\" content=\"Transparentes Klebeetikett &quot;Freude am Schenken&quot; pro 500\" \/>\n<meta property=\"og:description\" content=\"Transparentes Haftetikett \u00d836 mm &quot;Plaisir d&#039;offrir&quot;, Packung zu 500, ideal, um Ihre Geschenkverpackungen mit Eleganz zu veredeln.\" \/>\n<meta property=\"og:url\" content=\"https:\/\/www.csj-emballages.com\/de\/produit\/500-transparente-freude-am-schenken-etiketten\/\" \/>\n<meta property=\"og:site_name\" content=\"CSJ Emballages\" \/>\n<meta property=\"article:publisher\" content=\"https:\/\/www.facebook.com\/csjemballages\" \/>\n<meta property=\"article:modified_time\" content=\"2026-03-12T15:03:51+00:00\" \/>\n<meta property=\"og:image\" content=\"https:\/\/www.csj-emballages.com\/wp-content\/uploads\/2024\/03\/etiquettes-plasir-offrir-transparent-rectangle-csj-emballages-papier-autocol-jpg.webp\" \/>\n\t<meta property=\"og:image:width\" content=\"800\" \/>\n\t<meta property=\"og:image:height\" content=\"800\" \/>\n\t<meta property=\"og:image:type\" content=\"image\/jpeg\" \/>\n<meta name=\"twitter:card\" content=\"summary_large_image\" \/>\n<meta name=\"twitter:label1\" content=\"Gesch\u00e4tzte Lesezeit\" \/>\n\t<meta name=\"twitter:data1\" content=\"2 Minuten\" \/>\n<script type=\"application\/ld+json\" class=\"yoast-schema-graph\">{\"@context\":\"https:\/\/schema.org\",\"@graph\":[{\"@type\":\"WebPage\",\"@id\":\"https:\/\/www.csj-emballages.com\/de\/produit\/500-transparente-freude-am-schenken-etiketten\/\",\"url\":\"https:\/\/www.csj-emballages.com\/de\/produit\/500-transparente-freude-am-schenken-etiketten\/\",\"name\":\"Transparentes selbstklebendes Etikett \\\"Plaisir d'offrir\\\" pro 500\",\"isPartOf\":{\"@id\":\"https:\/\/www.csj-emballages.com\/de\/#website\"},\"primaryImageOfPage\":{\"@id\":\"https:\/\/www.csj-emballages.com\/de\/produit\/500-transparente-freude-am-schenken-etiketten\/#primaryimage\"},\"image\":{\"@id\":\"https:\/\/www.csj-emballages.com\/de\/produit\/500-transparente-freude-am-schenken-etiketten\/#primaryimage\"},\"thumbnailUrl\":\"https:\/\/www.csj-emballages.com\/wp-content\/uploads\/2024\/03\/etiquettes-plasir-offrir-transparent-rectangle-csj-emballages-papier-autocol-jpg.webp\",\"datePublished\":\"2024-03-01T15:59:24+00:00\",\"dateModified\":\"2026-03-12T15:03:51+00:00\",\"description\":\"Transparentes Haftetikett \u00d836 mm \\\"Plaisir d'offrir\\\", Packung zu 500, ideal, um Ihre Geschenkverpackungen mit Eleganz zu veredeln.\",\"breadcrumb\":{\"@id\":\"https:\/\/www.csj-emballages.com\/de\/produit\/500-transparente-freude-am-schenken-etiketten\/#breadcrumb\"},\"inLanguage\":\"de\",\"potentialAction\":[{\"@type\":\"ReadAction\",\"target\":[\"https:\/\/www.csj-emballages.com\/de\/produit\/500-transparente-freude-am-schenken-etiketten\/\"]}]},{\"@type\":\"ImageObject\",\"inLanguage\":\"de\",\"@id\":\"https:\/\/www.csj-emballages.com\/de\/produit\/500-transparente-freude-am-schenken-etiketten\/#primaryimage\",\"url\":\"https:\/\/www.csj-emballages.com\/wp-content\/uploads\/2024\/03\/etiquettes-plasir-offrir-transparent-rectangle-csj-emballages-papier-autocol-jpg.webp\",\"contentUrl\":\"https:\/\/www.csj-emballages.com\/wp-content\/uploads\/2024\/03\/etiquettes-plasir-offrir-transparent-rectangle-csj-emballages-papier-autocol-jpg.webp\",\"width\":800,\"height\":800,\"caption\":\"\u00c9tiquettes Transparentes \\\"Plaisir d'Offrir\\\"\"},{\"@type\":\"BreadcrumbList\",\"@id\":\"https:\/\/www.csj-emballages.com\/de\/produit\/500-transparente-freude-am-schenken-etiketten\/#breadcrumb\",\"itemListElement\":[{\"@type\":\"ListItem\",\"position\":1,\"name\":\"Accueil\",\"item\":\"https:\/\/www.csj-emballages.com\/de\/universum-lebensmittelverpackungen\/\"},{\"@type\":\"ListItem\",\"position\":2,\"name\":\"Shop\",\"item\":\"https:\/\/www.csj-emballages.com\/shop\/\"},{\"@type\":\"ListItem\",\"position\":3,\"name\":\"Transparentes Klebeetikett \u00ab\u00a0Freude am Schenken\u00a0\u00bb pro 500\"}]},{\"@type\":\"WebSite\",\"@id\":\"https:\/\/www.csj-emballages.com\/de\/#website\",\"url\":\"https:\/\/www.csj-emballages.com\/de\/\",\"name\":\"CSJ Emballages\",\"description\":\"\",\"publisher\":{\"@id\":\"https:\/\/www.csj-emballages.com\/de\/#organization\"},\"potentialAction\":[{\"@type\":\"SearchAction\",\"target\":{\"@type\":\"EntryPoint\",\"urlTemplate\":\"https:\/\/www.csj-emballages.com\/de\/?s={search_term_string}\"},\"query-input\":{\"@type\":\"PropertyValueSpecification\",\"valueRequired\":true,\"valueName\":\"search_term_string\"}}],\"inLanguage\":\"de\"},{\"@type\":\"Organization\",\"@id\":\"https:\/\/www.csj-emballages.com\/de\/#Organization\/\",\"name\":\"CSJ Emballages\",\"url\":\"https:\/\/www.csj-emballages.com\/de\/\",\"logo\":{\"@type\":\"ImageObject\",\"inLanguage\":\"de\",\"@id\":\"https:\/\/www.csj-emballages.com\/de\/#\/schema\/logo\/image\/\",\"url\":\"https:\/\/www.csj-emballages.com\/wp-content\/uploads\/2023\/10\/logo_csj.webp\",\"contentUrl\":\"https:\/\/www.csj-emballages.com\/wp-content\/uploads\/2023\/10\/logo_csj.webp\",\"width\":250,\"height\":95,\"caption\":\"CSJ Emballages\"},\"image\":{\"@id\":\"https:\/\/www.csj-emballages.com\/de\/#\/schema\/logo\/image\/\"},\"sameAs\":[\"https:\/\/www.facebook.com\/csjemballages\"],\"address\":{\"@type\":\"PostalAddress\",\"streetAddress\":\"ZI La Lechere\",\"addressLocality\":\"Patornay\",\"postalCode\":\"39130\",\"addressCountry\":\"FR\"},\"contactPoint\":[{\"@type\":\"ContactPoint\",\"contactType\":\"Service client\",\"telephone\":\"0384254272\",\"email\":\"contact@csj-emballages.com\"}]}]}<\/script>\n<!-- \/ Yoast SEO Premium plugin. -->","yoast_head_json":{"title":"Transparentes selbstklebendes Etikett \"Plaisir d'offrir\" pro 500","description":"Transparentes Haftetikett \u00d836 mm \"Plaisir d'offrir\", Packung zu 500, ideal, um Ihre Geschenkverpackungen mit Eleganz zu veredeln.","robots":{"index":"index","follow":"follow","max-snippet":"max-snippet:-1","max-image-preview":"max-image-preview:large","max-video-preview":"max-video-preview:-1"},"canonical":"https:\/\/www.csj-emballages.com\/de\/produit\/500-transparente-freude-am-schenken-etiketten\/","og_locale":"de_DE","og_type":"article","og_title":"Transparentes Klebeetikett \"Freude am Schenken\" pro 500","og_description":"Transparentes Haftetikett \u00d836 mm \"Plaisir d'offrir\", Packung zu 500, ideal, um Ihre Geschenkverpackungen mit Eleganz zu veredeln.","og_url":"https:\/\/www.csj-emballages.com\/de\/produit\/500-transparente-freude-am-schenken-etiketten\/","og_site_name":"CSJ Emballages","article_publisher":"https:\/\/www.facebook.com\/csjemballages","article_modified_time":"2026-03-12T15:03:51+00:00","og_image":[{"width":800,"height":800,"url":"https:\/\/www.csj-emballages.com\/wp-content\/uploads\/2024\/03\/etiquettes-plasir-offrir-transparent-rectangle-csj-emballages-papier-autocol-jpg.webp","type":"image\/jpeg"}],"twitter_card":"summary_large_image","twitter_misc":{"Gesch\u00e4tzte Lesezeit":"2 Minuten"},"schema":{"@context":"https:\/\/schema.org","@graph":[{"@type":"WebPage","@id":"https:\/\/www.csj-emballages.com\/de\/produit\/500-transparente-freude-am-schenken-etiketten\/","url":"https:\/\/www.csj-emballages.com\/de\/produit\/500-transparente-freude-am-schenken-etiketten\/","name":"Transparentes selbstklebendes Etikett \"Plaisir d'offrir\" pro 500","isPartOf":{"@id":"https:\/\/www.csj-emballages.com\/de\/#website"},"primaryImageOfPage":{"@id":"https:\/\/www.csj-emballages.com\/de\/produit\/500-transparente-freude-am-schenken-etiketten\/#primaryimage"},"image":{"@id":"https:\/\/www.csj-emballages.com\/de\/produit\/500-transparente-freude-am-schenken-etiketten\/#primaryimage"},"thumbnailUrl":"https:\/\/www.csj-emballages.com\/wp-content\/uploads\/2024\/03\/etiquettes-plasir-offrir-transparent-rectangle-csj-emballages-papier-autocol-jpg.webp","datePublished":"2024-03-01T15:59:24+00:00","dateModified":"2026-03-12T15:03:51+00:00","description":"Transparentes Haftetikett \u00d836 mm \"Plaisir d'offrir\", Packung zu 500, ideal, um Ihre Geschenkverpackungen mit Eleganz zu veredeln.","breadcrumb":{"@id":"https:\/\/www.csj-emballages.com\/de\/produit\/500-transparente-freude-am-schenken-etiketten\/#breadcrumb"},"inLanguage":"de","potentialAction":[{"@type":"ReadAction","target":["https:\/\/www.csj-emballages.com\/de\/produit\/500-transparente-freude-am-schenken-etiketten\/"]}]},{"@type":"ImageObject","inLanguage":"de","@id":"https:\/\/www.csj-emballages.com\/de\/produit\/500-transparente-freude-am-schenken-etiketten\/#primaryimage","url":"https:\/\/www.csj-emballages.com\/wp-content\/uploads\/2024\/03\/etiquettes-plasir-offrir-transparent-rectangle-csj-emballages-papier-autocol-jpg.webp","contentUrl":"https:\/\/www.csj-emballages.com\/wp-content\/uploads\/2024\/03\/etiquettes-plasir-offrir-transparent-rectangle-csj-emballages-papier-autocol-jpg.webp","width":800,"height":800,"caption":"\u00c9tiquettes Transparentes \"Plaisir d'Offrir\""},{"@type":"BreadcrumbList","@id":"https:\/\/www.csj-emballages.com\/de\/produit\/500-transparente-freude-am-schenken-etiketten\/#breadcrumb","itemListElement":[{"@type":"ListItem","position":1,"name":"Accueil","item":"https:\/\/www.csj-emballages.com\/de\/universum-lebensmittelverpackungen\/"},{"@type":"ListItem","position":2,"name":"Shop","item":"https:\/\/www.csj-emballages.com\/shop\/"},{"@type":"ListItem","position":3,"name":"Transparentes Klebeetikett \u00ab\u00a0Freude am Schenken\u00a0\u00bb pro 500"}]},{"@type":"WebSite","@id":"https:\/\/www.csj-emballages.com\/de\/#website","url":"https:\/\/www.csj-emballages.com\/de\/","name":"CSJ Emballages","description":"","publisher":{"@id":"https:\/\/www.csj-emballages.com\/de\/#organization"},"potentialAction":[{"@type":"SearchAction","target":{"@type":"EntryPoint","urlTemplate":"https:\/\/www.csj-emballages.com\/de\/?s={search_term_string}"},"query-input":{"@type":"PropertyValueSpecification","valueRequired":true,"valueName":"search_term_string"}}],"inLanguage":"de"},{"@type":"Organization","@id":"https:\/\/www.csj-emballages.com\/de\/#Organization\/","name":"CSJ Emballages","url":"https:\/\/www.csj-emballages.com\/de\/","logo":{"@type":"ImageObject","inLanguage":"de","@id":"https:\/\/www.csj-emballages.com\/de\/#\/schema\/logo\/image\/","url":"https:\/\/www.csj-emballages.com\/wp-content\/uploads\/2023\/10\/logo_csj.webp","contentUrl":"https:\/\/www.csj-emballages.com\/wp-content\/uploads\/2023\/10\/logo_csj.webp","width":250,"height":95,"caption":"CSJ Emballages"},"image":{"@id":"https:\/\/www.csj-emballages.com\/de\/#\/schema\/logo\/image\/"},"sameAs":["https:\/\/www.facebook.com\/csjemballages"],"address":{"@type":"PostalAddress","streetAddress":"ZI La Lechere","addressLocality":"Patornay","postalCode":"39130","addressCountry":"FR"},"contactPoint":[{"@type":"ContactPoint","contactType":"Service client","telephone":"0384254272","email":"contact@csj-emballages.com"}]}]}},"df_price":20.54,"df_sale_price":"","df_regular_price":20.54,"df_image_link":"https:\/\/www.csj-emballages.com\/wp-content\/uploads\/2024\/03\/etiquettes-plasir-offrir-transparent-rectangle-csj-emballages-papier-autocol-300x300.webp","tiered_pricing_type":"fixed","tiered_pricing_fixed_rules":[],"tiered_pricing_percentage_rules":[],"tiered_pricing_minimum":1,"tiered_pricing_roles_data":[],"_links":{"self":[{"href":"https:\/\/www.csj-emballages.com\/de\/wp-json\/wp\/v2\/product\/18257","targetHints":{"allow":["GET"]}}],"collection":[{"href":"https:\/\/www.csj-emballages.com\/de\/wp-json\/wp\/v2\/product"}],"about":[{"href":"https:\/\/www.csj-emballages.com\/de\/wp-json\/wp\/v2\/types\/product"}],"wp:featuredmedia":[{"embeddable":true,"href":"https:\/\/www.csj-emballages.com\/de\/wp-json\/wp\/v2\/media\/9051"}],"wp:attachment":[{"href":"https:\/\/www.csj-emballages.com\/de\/wp-json\/wp\/v2\/media?parent=18257"}],"wp:term":[{"taxonomy":"product_brand","embeddable":true,"href":"https:\/\/www.csj-emballages.com\/de\/wp-json\/wp\/v2\/product_brand?post=18257"},{"taxonomy":"product_cat","embeddable":true,"href":"https:\/\/www.csj-emballages.com\/de\/wp-json\/wp\/v2\/product_cat?post=18257"},{"taxonomy":"product_tag","embeddable":true,"href":"https:\/\/www.csj-emballages.com\/de\/wp-json\/wp\/v2\/product_tag?post=18257"}],"curies":[{"name":"wp","href":"https:\/\/api.w.org\/{rel}","templated":true}]}}