{"id":18212,"date":"2024-03-01T16:59:27","date_gmt":"2024-03-01T15:59:27","guid":{"rendered":"https:\/\/u15jnbdpoq.preview.infomaniak.website\/produit\/glas-tube-wiederverwendbare-unzerbrechliche-luxuskristall-22-cl\/"},"modified":"2026-03-12T16:03:41","modified_gmt":"2026-03-12T15:03:41","slug":"glas-tube-wiederverwendbare-unzerbrechliche-luxuskristall-22-cl","status":"publish","type":"product","link":"https:\/\/www.csj-emballages.com\/de\/produit\/glas-tube-wiederverwendbare-unzerbrechliche-luxuskristall-22-cl\/","title":{"rendered":"Wiederverwendbares Glas unzerbrechliche Kristalltube 22 cl"},"content":{"rendered":"<h2>Glas<\/h2>\n<hr>\n<h3>Beschreibung von unserem wiederverwendbaren Glas unzerbrechliche Kristallr\u00f6hre 22 cl<\/h3>\n<p><!--more--><\/p>\n<p>Das <strong>wiederverwendbare Glas<\/strong> <strong>unzerbrechliche Kristallr\u00f6hre 22 cl<\/strong> ist eine ideale Wahl f\u00fcr Ihre Veranstaltungen und Empf\u00e4nge. Sein elegantes Design und seine praktische Handhabung machen es zu einem Muss f\u00fcr Gesch\u00e4fts- und Privatleute. Das Glas ist aus robustem Material gefertigt, das f\u00fcr eine lange Lebensdauer sorgt und gleichzeitig seinen Glanz bewahrt. Es vereint Stil und Haltbarkeit und passt zu jeder Gelegenheit. Dieses <strong>gerade Glas<\/strong> mit einem Fassungsverm\u00f6gen von <strong>22 cl<\/strong> hat ein modernes, minimalistisches Design. Dank seiner R\u00f6hrenform l\u00e4sst es sich leicht und angenehm in der Hand halten. Es eignet sich ideal zum Servieren von kalten oder hei\u00dfen Getr\u00e4nken und passt perfekt zu all Ihren Tischpr\u00e4sentationen. Dank seiner Kristalloptik verleiht dieses <strong>wiederverwendbare Glas<\/strong> jedem Gebrauch eine raffinierte Note.       <\/p>\n<p>&nbsp;<\/p>\n<p><!--more--><\/p>\n<h4>Garantierte St\u00e4rke und Haltbarkeit<\/h4>\n<p>Dieses aus <strong>Tritan<\/strong> hergestellte <strong>Glas<\/strong> ist unzerbrechlich und sto\u00dffest. Im Gegensatz zu herk\u00f6mmlichem Glas zerbricht es nicht, wenn es herunterf\u00e4llt. Dadurch eignet es sich besonders f\u00fcr festliche Umgebungen oder intensive Nutzung. Mit diesem <strong>geraden Glas<\/strong> brauchen Sie Ihr Geschirr nicht mehr h\u00e4ufig zu ersetzen. Es bleibt auch nach h\u00e4ufigem Gebrauch und Reinigen intakt. Wenn Sie sich f\u00fcr ein <strong>wiederverwendbares Glas<\/strong> entscheiden, reduzieren Sie Ihre Umweltbelastung und sparen gleichzeitig langfristig Geld. Im Gegensatz zu Einweggl\u00e4sern begrenzt es den Abfall und ist Teil eines nachhaltigen Konzepts. Jeder Gebrauch dieses <strong>wiederverwendbaren Glases<\/strong> tr\u00e4gt dazu bei, unsere nat\u00fcrlichen Ressourcen zu schonen. Diese einfache Geste ist gut f\u00fcr unseren Planeten und f\u00fcr Ihren Geldbeutel.        <\/p>\n<p>Er eignet sich auch perfekt f\u00fcr viele andere Zwecke: Cocktails, S\u00e4fte, Limonaden oder sogar Desserts im Glas. Da er leicht und stapelbar ist, l\u00e4sst er sich leicht verstauen und nimmt wenig Platz ein. Au\u00dferdem ist es sp\u00fclmaschinenfest, was die Pflege erleichtert. Dank dieser Vorteile ist dieses <strong>wiederverwendbare Glas<\/strong> ein beliebter Verb\u00fcndeter f\u00fcr Caterer, Restaurants oder Privatpersonen.   <\/p>\n<p>&nbsp;<\/p>\n<p><!--more--><\/p>\n<h4>Zeitlose \u00c4sthetik<\/h4>\n<p>Mit seinem Kristalleffekt spiegelt er unzerbrechlich Eleganz und Modernit\u00e4t wider. Es passt zu jedem Einrichtungsstil, sei es f\u00fcr eine Party im Freien oder ein formelles Abendessen. Das schlichte und sorgf\u00e4ltige Design des <strong>geraden Glases<\/strong> macht es zu einem vielseitigen und attraktiven St\u00fcck. Es vereint alle Vorz\u00fcge: Widerstandsf\u00e4higkeit, \u00c4sthetik, Zweckm\u00e4\u00dfigkeit und Umweltfreundlichkeit. Es bietet sich als perfekte Alternative zu herk\u00f6mmlichem Glas oder Einwegglas an. Sein Fassungsverm\u00f6gen von <strong>22 cl<\/strong> ist ideal f\u00fcr alle Getr\u00e4nke, ohne Kompromisse bei Komfort oder Qualit\u00e4t eingehen zu m\u00fcssen.     <\/p>\n<p>Zusammenfassend l\u00e4sst sich sagen, dass das <strong>wiederverwendbare Glas<\/strong> <strong>unzerbrechliche Kristallr\u00f6hre 22 cl<\/strong> die ideale L\u00f6sung f\u00fcr einen dauerhaften und stilvollen Gebrauch ist. Denn egal ob f\u00fcr den t\u00e4glichen Gebrauch oder f\u00fcr besondere Anl\u00e4sse, es wird all Ihre Erwartungen erf\u00fcllen. Entscheiden Sie sich noch heute f\u00fcr ein widerstandsf\u00e4higes, umweltfreundliches und \u00e4sthetisches Produkt.  <\/p>\n<p>&nbsp;<\/p>\n<p><!--more--><\/p>\n<p><strong>Ihre Vorteile :<\/strong><\/p>\n<ul>\n<li><strong>Unzerbrechlich<\/strong>: Sto\u00dffest und au\u00dfergew\u00f6hnlich langlebig, ideal f\u00fcr den sorglosen Gebrauch.<\/li>\n<li><strong>Wiederverwendbar<\/strong>: Sie sind waschbar und wiederverwendbar, umweltfreundlich und reduzieren den Abfall im Vergleich zu Einweggl\u00e4sern.<\/li>\n<li><strong>Vielseitig<\/strong> einsetzbar : Ideal f\u00fcr eine Vielzahl von Getr\u00e4nken (Cocktails, Limonaden, S\u00e4fte), mit einem Fassungsverm\u00f6gen, das f\u00fcr verschiedene Zwecke geeignet ist.<\/li>\n<li><strong>\u00c4sthetisch<\/strong>: Das Kristalldesign verleiht jedem Empfang einen Hauch von Eleganz und Raffinesse.<\/li>\n<\/ul>\n<p>&nbsp;<\/p>\n<p><!--more--><\/p>\n<p><a href=\"https:\/\/www.csj-emballages.com\/de\/categorie-produit\/lebensmittelverpackungen\/restauration-de\/becher-glaser-eimer-flaschen\/unzerbrechliche-wiederverwendbare-glaser-becher\/\">Sehen Sie sich den Rest unseres Sortiments an wiederverwendbaren Gl\u00e4sern \/ Bechern an<\/a><\/p>\n","protected":false},"excerpt":{"rendered":"<p>Glas Beschreibung von unserem wiederverwendbaren Glas unzerbrechliche Kristallr\u00f6hre 22 cl<\/p>\n","protected":false},"featured_media":197702,"template":"","meta":{"_acf_changed":false},"product_brand":[],"product_cat":[1137,1134,1469,1470,6726],"product_tag":[],"class_list":{"0":"post-18212","1":"product","2":"type-product","3":"status-publish","4":"has-post-thumbnail","6":"product_cat-lebensmittelverpackungen","7":"product_cat-restauration-de","8":"product_cat-becher-glaser-eimer-flaschen","9":"product_cat-unzerbrechliche-wiederverwendbare-glaser-becher","10":"product_cat-wiederverwendbares-geschirr","12":"first","13":"instock","14":"taxable","15":"shipping-taxable","16":"purchasable","17":"product-type-simple"},"acf":[],"yoast_head":"<!-- This site is optimized with the Yoast SEO Premium plugin v26.6 (Yoast SEO v26.6) - https:\/\/yoast.com\/wordpress\/plugins\/seo\/ -->\n<title>Wiederverwendbares Glas Unzerbrechliche Tube - 22cl<\/title>\n<meta name=\"description\" content=\"Entdecken Sie unser wiederverwendbares Glas unzerbrechliche R\u00f6hre in 22cl. Es ist elegant, widerstandsf\u00e4hig und umweltfreundlich und eignet sich perfekt f\u00fcr alle Ihre Anl\u00e4sse!\" \/>\n<meta name=\"robots\" content=\"index, follow, max-snippet:-1, max-image-preview:large, max-video-preview:-1\" \/>\n<link rel=\"canonical\" href=\"https:\/\/www.csj-emballages.com\/de\/produit\/glas-tube-wiederverwendbare-unzerbrechliche-luxuskristall-22-cl\/\" \/>\n<meta property=\"og:locale\" content=\"de_DE\" \/>\n<meta property=\"og:type\" content=\"article\" \/>\n<meta property=\"og:title\" content=\"Wiederverwendbares Glas unzerbrechliche Kristalltube 22 cl\" \/>\n<meta property=\"og:description\" content=\"Entdecken Sie unser wiederverwendbares Glas unzerbrechliche R\u00f6hre in 22cl. Es ist elegant, widerstandsf\u00e4hig und umweltfreundlich und eignet sich perfekt f\u00fcr alle Ihre Anl\u00e4sse!\" \/>\n<meta property=\"og:url\" content=\"https:\/\/www.csj-emballages.com\/de\/produit\/glas-tube-wiederverwendbare-unzerbrechliche-luxuskristall-22-cl\/\" \/>\n<meta property=\"og:site_name\" content=\"CSJ Emballages\" \/>\n<meta property=\"article:publisher\" content=\"https:\/\/www.facebook.com\/csjemballages\" \/>\n<meta property=\"article:modified_time\" content=\"2026-03-12T15:03:41+00:00\" \/>\n<meta property=\"og:image\" content=\"https:\/\/www.csj-emballages.com\/wp-content\/uploads\/2024\/03\/Verre-tube.webp\" \/>\n\t<meta property=\"og:image:width\" content=\"800\" \/>\n\t<meta property=\"og:image:height\" content=\"800\" \/>\n\t<meta property=\"og:image:type\" content=\"image\/webp\" \/>\n<meta name=\"twitter:card\" content=\"summary_large_image\" \/>\n<meta name=\"twitter:label1\" content=\"Gesch\u00e4tzte Lesezeit\" \/>\n\t<meta name=\"twitter:data1\" content=\"3 Minuten\" \/>\n<script type=\"application\/ld+json\" class=\"yoast-schema-graph\">{\"@context\":\"https:\/\/schema.org\",\"@graph\":[{\"@type\":\"WebPage\",\"@id\":\"https:\/\/www.csj-emballages.com\/de\/produit\/glas-tube-wiederverwendbare-unzerbrechliche-luxuskristall-22-cl\/\",\"url\":\"https:\/\/www.csj-emballages.com\/de\/produit\/glas-tube-wiederverwendbare-unzerbrechliche-luxuskristall-22-cl\/\",\"name\":\"Wiederverwendbares Glas Unzerbrechliche Tube - 22cl\",\"isPartOf\":{\"@id\":\"https:\/\/www.csj-emballages.com\/de\/#website\"},\"primaryImageOfPage\":{\"@id\":\"https:\/\/www.csj-emballages.com\/de\/produit\/glas-tube-wiederverwendbare-unzerbrechliche-luxuskristall-22-cl\/#primaryimage\"},\"image\":{\"@id\":\"https:\/\/www.csj-emballages.com\/de\/produit\/glas-tube-wiederverwendbare-unzerbrechliche-luxuskristall-22-cl\/#primaryimage\"},\"thumbnailUrl\":\"https:\/\/www.csj-emballages.com\/wp-content\/uploads\/2024\/03\/Verre-tube.webp\",\"datePublished\":\"2024-03-01T15:59:27+00:00\",\"dateModified\":\"2026-03-12T15:03:41+00:00\",\"description\":\"Entdecken Sie unser wiederverwendbares Glas unzerbrechliche R\u00f6hre in 22cl. Es ist elegant, widerstandsf\u00e4hig und umweltfreundlich und eignet sich perfekt f\u00fcr alle Ihre Anl\u00e4sse!\",\"breadcrumb\":{\"@id\":\"https:\/\/www.csj-emballages.com\/de\/produit\/glas-tube-wiederverwendbare-unzerbrechliche-luxuskristall-22-cl\/#breadcrumb\"},\"inLanguage\":\"de\",\"potentialAction\":[{\"@type\":\"ReadAction\",\"target\":[\"https:\/\/www.csj-emballages.com\/de\/produit\/glas-tube-wiederverwendbare-unzerbrechliche-luxuskristall-22-cl\/\"]}]},{\"@type\":\"ImageObject\",\"inLanguage\":\"de\",\"@id\":\"https:\/\/www.csj-emballages.com\/de\/produit\/glas-tube-wiederverwendbare-unzerbrechliche-luxuskristall-22-cl\/#primaryimage\",\"url\":\"https:\/\/www.csj-emballages.com\/wp-content\/uploads\/2024\/03\/Verre-tube.webp\",\"contentUrl\":\"https:\/\/www.csj-emballages.com\/wp-content\/uploads\/2024\/03\/Verre-tube.webp\",\"width\":800,\"height\":800,\"caption\":\"verre\"},{\"@type\":\"BreadcrumbList\",\"@id\":\"https:\/\/www.csj-emballages.com\/de\/produit\/glas-tube-wiederverwendbare-unzerbrechliche-luxuskristall-22-cl\/#breadcrumb\",\"itemListElement\":[{\"@type\":\"ListItem\",\"position\":1,\"name\":\"Accueil\",\"item\":\"https:\/\/www.csj-emballages.com\/de\/universum-lebensmittelverpackungen\/\"},{\"@type\":\"ListItem\",\"position\":2,\"name\":\"Shop\",\"item\":\"https:\/\/www.csj-emballages.com\/shop\/\"},{\"@type\":\"ListItem\",\"position\":3,\"name\":\"Wiederverwendbares Glas unzerbrechliche Kristalltube 22 cl\"}]},{\"@type\":\"WebSite\",\"@id\":\"https:\/\/www.csj-emballages.com\/de\/#website\",\"url\":\"https:\/\/www.csj-emballages.com\/de\/\",\"name\":\"CSJ Emballages\",\"description\":\"\",\"publisher\":{\"@id\":\"https:\/\/www.csj-emballages.com\/de\/#organization\"},\"potentialAction\":[{\"@type\":\"SearchAction\",\"target\":{\"@type\":\"EntryPoint\",\"urlTemplate\":\"https:\/\/www.csj-emballages.com\/de\/?s={search_term_string}\"},\"query-input\":{\"@type\":\"PropertyValueSpecification\",\"valueRequired\":true,\"valueName\":\"search_term_string\"}}],\"inLanguage\":\"de\"},{\"@type\":\"Organization\",\"@id\":\"https:\/\/www.csj-emballages.com\/de\/#Organization\/\",\"name\":\"CSJ Emballages\",\"url\":\"https:\/\/www.csj-emballages.com\/de\/\",\"logo\":{\"@type\":\"ImageObject\",\"inLanguage\":\"de\",\"@id\":\"https:\/\/www.csj-emballages.com\/de\/#\/schema\/logo\/image\/\",\"url\":\"https:\/\/www.csj-emballages.com\/wp-content\/uploads\/2023\/10\/logo_csj.webp\",\"contentUrl\":\"https:\/\/www.csj-emballages.com\/wp-content\/uploads\/2023\/10\/logo_csj.webp\",\"width\":250,\"height\":95,\"caption\":\"CSJ Emballages\"},\"image\":{\"@id\":\"https:\/\/www.csj-emballages.com\/de\/#\/schema\/logo\/image\/\"},\"sameAs\":[\"https:\/\/www.facebook.com\/csjemballages\"],\"address\":{\"@type\":\"PostalAddress\",\"streetAddress\":\"ZI La Lechere\",\"addressLocality\":\"Patornay\",\"postalCode\":\"39130\",\"addressCountry\":\"FR\"},\"contactPoint\":[{\"@type\":\"ContactPoint\",\"contactType\":\"Service client\",\"telephone\":\"0384254272\",\"email\":\"contact@csj-emballages.com\"}]}]}<\/script>\n<!-- \/ Yoast SEO Premium plugin. -->","yoast_head_json":{"title":"Wiederverwendbares Glas Unzerbrechliche Tube - 22cl","description":"Entdecken Sie unser wiederverwendbares Glas unzerbrechliche R\u00f6hre in 22cl. Es ist elegant, widerstandsf\u00e4hig und umweltfreundlich und eignet sich perfekt f\u00fcr alle Ihre Anl\u00e4sse!","robots":{"index":"index","follow":"follow","max-snippet":"max-snippet:-1","max-image-preview":"max-image-preview:large","max-video-preview":"max-video-preview:-1"},"canonical":"https:\/\/www.csj-emballages.com\/de\/produit\/glas-tube-wiederverwendbare-unzerbrechliche-luxuskristall-22-cl\/","og_locale":"de_DE","og_type":"article","og_title":"Wiederverwendbares Glas unzerbrechliche Kristalltube 22 cl","og_description":"Entdecken Sie unser wiederverwendbares Glas unzerbrechliche R\u00f6hre in 22cl. Es ist elegant, widerstandsf\u00e4hig und umweltfreundlich und eignet sich perfekt f\u00fcr alle Ihre Anl\u00e4sse!","og_url":"https:\/\/www.csj-emballages.com\/de\/produit\/glas-tube-wiederverwendbare-unzerbrechliche-luxuskristall-22-cl\/","og_site_name":"CSJ Emballages","article_publisher":"https:\/\/www.facebook.com\/csjemballages","article_modified_time":"2026-03-12T15:03:41+00:00","og_image":[{"width":800,"height":800,"url":"https:\/\/www.csj-emballages.com\/wp-content\/uploads\/2024\/03\/Verre-tube.webp","type":"image\/webp"}],"twitter_card":"summary_large_image","twitter_misc":{"Gesch\u00e4tzte Lesezeit":"3 Minuten"},"schema":{"@context":"https:\/\/schema.org","@graph":[{"@type":"WebPage","@id":"https:\/\/www.csj-emballages.com\/de\/produit\/glas-tube-wiederverwendbare-unzerbrechliche-luxuskristall-22-cl\/","url":"https:\/\/www.csj-emballages.com\/de\/produit\/glas-tube-wiederverwendbare-unzerbrechliche-luxuskristall-22-cl\/","name":"Wiederverwendbares Glas Unzerbrechliche Tube - 22cl","isPartOf":{"@id":"https:\/\/www.csj-emballages.com\/de\/#website"},"primaryImageOfPage":{"@id":"https:\/\/www.csj-emballages.com\/de\/produit\/glas-tube-wiederverwendbare-unzerbrechliche-luxuskristall-22-cl\/#primaryimage"},"image":{"@id":"https:\/\/www.csj-emballages.com\/de\/produit\/glas-tube-wiederverwendbare-unzerbrechliche-luxuskristall-22-cl\/#primaryimage"},"thumbnailUrl":"https:\/\/www.csj-emballages.com\/wp-content\/uploads\/2024\/03\/Verre-tube.webp","datePublished":"2024-03-01T15:59:27+00:00","dateModified":"2026-03-12T15:03:41+00:00","description":"Entdecken Sie unser wiederverwendbares Glas unzerbrechliche R\u00f6hre in 22cl. Es ist elegant, widerstandsf\u00e4hig und umweltfreundlich und eignet sich perfekt f\u00fcr alle Ihre Anl\u00e4sse!","breadcrumb":{"@id":"https:\/\/www.csj-emballages.com\/de\/produit\/glas-tube-wiederverwendbare-unzerbrechliche-luxuskristall-22-cl\/#breadcrumb"},"inLanguage":"de","potentialAction":[{"@type":"ReadAction","target":["https:\/\/www.csj-emballages.com\/de\/produit\/glas-tube-wiederverwendbare-unzerbrechliche-luxuskristall-22-cl\/"]}]},{"@type":"ImageObject","inLanguage":"de","@id":"https:\/\/www.csj-emballages.com\/de\/produit\/glas-tube-wiederverwendbare-unzerbrechliche-luxuskristall-22-cl\/#primaryimage","url":"https:\/\/www.csj-emballages.com\/wp-content\/uploads\/2024\/03\/Verre-tube.webp","contentUrl":"https:\/\/www.csj-emballages.com\/wp-content\/uploads\/2024\/03\/Verre-tube.webp","width":800,"height":800,"caption":"verre"},{"@type":"BreadcrumbList","@id":"https:\/\/www.csj-emballages.com\/de\/produit\/glas-tube-wiederverwendbare-unzerbrechliche-luxuskristall-22-cl\/#breadcrumb","itemListElement":[{"@type":"ListItem","position":1,"name":"Accueil","item":"https:\/\/www.csj-emballages.com\/de\/universum-lebensmittelverpackungen\/"},{"@type":"ListItem","position":2,"name":"Shop","item":"https:\/\/www.csj-emballages.com\/shop\/"},{"@type":"ListItem","position":3,"name":"Wiederverwendbares Glas unzerbrechliche Kristalltube 22 cl"}]},{"@type":"WebSite","@id":"https:\/\/www.csj-emballages.com\/de\/#website","url":"https:\/\/www.csj-emballages.com\/de\/","name":"CSJ Emballages","description":"","publisher":{"@id":"https:\/\/www.csj-emballages.com\/de\/#organization"},"potentialAction":[{"@type":"SearchAction","target":{"@type":"EntryPoint","urlTemplate":"https:\/\/www.csj-emballages.com\/de\/?s={search_term_string}"},"query-input":{"@type":"PropertyValueSpecification","valueRequired":true,"valueName":"search_term_string"}}],"inLanguage":"de"},{"@type":"Organization","@id":"https:\/\/www.csj-emballages.com\/de\/#Organization\/","name":"CSJ Emballages","url":"https:\/\/www.csj-emballages.com\/de\/","logo":{"@type":"ImageObject","inLanguage":"de","@id":"https:\/\/www.csj-emballages.com\/de\/#\/schema\/logo\/image\/","url":"https:\/\/www.csj-emballages.com\/wp-content\/uploads\/2023\/10\/logo_csj.webp","contentUrl":"https:\/\/www.csj-emballages.com\/wp-content\/uploads\/2023\/10\/logo_csj.webp","width":250,"height":95,"caption":"CSJ Emballages"},"image":{"@id":"https:\/\/www.csj-emballages.com\/de\/#\/schema\/logo\/image\/"},"sameAs":["https:\/\/www.facebook.com\/csjemballages"],"address":{"@type":"PostalAddress","streetAddress":"ZI La Lechere","addressLocality":"Patornay","postalCode":"39130","addressCountry":"FR"},"contactPoint":[{"@type":"ContactPoint","contactType":"Service client","telephone":"0384254272","email":"contact@csj-emballages.com"}]}]}},"df_price":2.93,"df_sale_price":"","df_regular_price":2.93,"df_image_link":"https:\/\/www.csj-emballages.com\/wp-content\/uploads\/2024\/03\/Verre-tube-300x300.webp","tiered_pricing_type":"fixed","tiered_pricing_fixed_rules":[],"tiered_pricing_percentage_rules":[],"tiered_pricing_minimum":1,"tiered_pricing_roles_data":[],"_links":{"self":[{"href":"https:\/\/www.csj-emballages.com\/de\/wp-json\/wp\/v2\/product\/18212","targetHints":{"allow":["GET"]}}],"collection":[{"href":"https:\/\/www.csj-emballages.com\/de\/wp-json\/wp\/v2\/product"}],"about":[{"href":"https:\/\/www.csj-emballages.com\/de\/wp-json\/wp\/v2\/types\/product"}],"wp:featuredmedia":[{"embeddable":true,"href":"https:\/\/www.csj-emballages.com\/de\/wp-json\/wp\/v2\/media\/197702"}],"wp:attachment":[{"href":"https:\/\/www.csj-emballages.com\/de\/wp-json\/wp\/v2\/media?parent=18212"}],"wp:term":[{"taxonomy":"product_brand","embeddable":true,"href":"https:\/\/www.csj-emballages.com\/de\/wp-json\/wp\/v2\/product_brand?post=18212"},{"taxonomy":"product_cat","embeddable":true,"href":"https:\/\/www.csj-emballages.com\/de\/wp-json\/wp\/v2\/product_cat?post=18212"},{"taxonomy":"product_tag","embeddable":true,"href":"https:\/\/www.csj-emballages.com\/de\/wp-json\/wp\/v2\/product_tag?post=18212"}],"curies":[{"name":"wp","href":"https:\/\/api.w.org\/{rel}","templated":true}]}}