{"id":18205,"date":"2024-03-01T16:59:27","date_gmt":"2024-03-01T15:59:27","guid":{"rendered":"https:\/\/u15jnbdpoq.preview.infomaniak.website\/produit\/wiederverwendbare-unzerbrechliche-luxuskristallfloete-15-cl\/"},"modified":"2026-03-12T16:03:42","modified_gmt":"2026-03-12T15:03:42","slug":"wiederverwendbare-unzerbrechliche-luxuskristallfloete-15-cl","status":"publish","type":"product","link":"https:\/\/www.csj-emballages.com\/de\/produit\/wiederverwendbare-unzerbrechliche-luxuskristallfloete-15-cl\/","title":{"rendered":"Wiederverwendbare unzerbrechliche Champagnerfl\u00f6te aus Kristall 15 cl"},"content":{"rendered":"<h2>Champagnerfl\u00f6te<\/h2>\n<hr>\n<h3>Beschreibung unseres wiederverwendbaren unzerbrechlichen Kristall-Champagnerglases 15 cl<\/h3>\n<p><!--more--><\/p>\n<p>Unser<strong> wiederverwendbares, unzerbrechliches <\/strong><strong> 15cl-Kristall-Champagnerglas<\/strong> ist perfekt f\u00fcr anspruchsvolle Veranstaltungen. Hergestellt aus strapazierf\u00e4higen Materialien, vereint sie Eleganz und Zweckm\u00e4\u00dfigkeit. Seine <strong>Kristallfarbe<\/strong> verleiht Ihren Empf\u00e4ngen einen schicken und modernen Touch. Dank ihres unzerbrechlichen Designs bieten sie Sicherheit und Haltbarkeit, auch bei wiederholtem Gebrauch. Sie eignen sich ideal f\u00fcr Feiern im Freien oder f\u00fcr gehobene Abendveranstaltungen. Sie sehen nicht nur gut aus, sondern sind auch umweltfreundlich, da sie Einwegplastikm\u00fcll reduzieren. Diese <strong>Fl\u00f6te<\/strong> kann mehrmals gewaschen und wiederverwendet werden, was sie zu einer langfristig kosteng\u00fcnstigen Option macht. Sie ist leicht zu reinigen und nimmt weder Ger\u00fcche noch Flecken an. Das ergonomische Design sorgt f\u00fcr einen bequemen Griff und ist gleichzeitig leicht. Ob bei einer Hochzeit, einem Geburtstag oder einem Cocktail, diese <strong>Fl\u00f6te<\/strong> sorgt f\u00fcr einen Hauch von Raffinesse.<\/p>\n<p><!--more--><\/p>\n<p>Alles in allem verk\u00f6rpert dieses <strong>15cl<\/strong> <strong>wiederverwendbare Champagnerglas aus Kristallglas<\/strong> praktischen Luxus, der Stil, Nachhaltigkeit und Umweltfreundlichkeit miteinander verbindet.<\/p>\n<p>&nbsp;<\/p>\n<p><!--more--><\/p>\n<p><strong>Seine Vorteile :<\/strong><\/p>\n<ul>\n<li><strong>Unzerbrechlich<\/strong>: Aus robustem Material gefertigt, ist sie sto\u00dffest und verhindert, dass sie zerbricht.<\/li>\n<li><strong>Wiederverwendbar<\/strong>: Waschbar und langlebig, reduziert Einwegplastikm\u00fcll.<\/li>\n<li><strong>Elegant<\/strong>: Ihr <strong>Kristall-Finish<\/strong> verleiht ihr einen Hauch von Raffinesse und Modernit\u00e4t.<\/li>\n<li><strong>Geeignet f\u00fcr alle Arten von Veranstaltungen<\/strong>: Ob Hochzeiten, Geburtstage oder Partys &#8211; sie passt in jedes Ambiente.<\/li>\n<\/ul>\n<p>&nbsp;<\/p>\n<p><!--more--><\/p>\n<p>Finden Sie dieses Produkt in verschiedenen Farben : <span style=\"color: #d12727;\"><a style=\"color: #d12727;\" href=\"https:\/\/www.csj-emballages.com\/produit\/flutes-reutilisables-noires-luxe-incassables-15-cl\/\">Schwarz<\/a><\/span> \/ <span style=\"color: #d12727;\"><a style=\"color: #d12727;\" href=\"https:\/\/www.csj-emballages.com\/produit\/flutes-reutilisables-blanches-luxe-15cl\/\">Wei\u00df<\/a><\/span><\/p>\n<p>&nbsp;<\/p>\n<p><!--more--><\/p>\n<p><a href=\"\/?product_cat=vaisselles-reutilisables\">Sehen Sie sich den Rest unseres Sortiments an wiederverwendbarem Geschirr an.<\/a><\/p>\n","protected":false},"excerpt":{"rendered":"<p>Champagnerfl\u00f6te Beschreibung unseres wiederverwendbaren unzerbrechlichen Kristall-Champagnerglases 15 cl<\/p>\n","protected":false},"featured_media":197722,"template":"","meta":{"_acf_changed":false},"product_brand":[],"product_cat":[1137,1469,1470,6726],"product_tag":[],"class_list":{"0":"post-18205","1":"product","2":"type-product","3":"status-publish","4":"has-post-thumbnail","6":"product_cat-lebensmittelverpackungen","7":"product_cat-becher-glaser-eimer-flaschen","8":"product_cat-unzerbrechliche-wiederverwendbare-glaser-becher","9":"product_cat-wiederverwendbares-geschirr","11":"first","12":"instock","13":"taxable","14":"shipping-taxable","15":"purchasable","16":"product-type-simple"},"acf":[],"yoast_head":"<!-- This site is optimized with the Yoast SEO Premium plugin v26.6 (Yoast SEO v26.6) - https:\/\/yoast.com\/wordpress\/plugins\/seo\/ -->\n<title>Wiederverwendbare Champagnerfl\u00f6te Cristal - 15cl<\/title>\n<meta name=\"description\" content=\"Entdecken Sie das wiederverwendbare Champagnerglas Kristall 15cl: elegant, umweltfreundlich und nachhaltig. Perfekt f\u00fcr jede Veranstaltung, vereint sie Stil und Praktikabilit\u00e4t!\" \/>\n<meta name=\"robots\" content=\"index, follow, max-snippet:-1, max-image-preview:large, max-video-preview:-1\" \/>\n<link rel=\"canonical\" href=\"https:\/\/www.csj-emballages.com\/de\/produit\/wiederverwendbare-unzerbrechliche-luxuskristallfloete-15-cl\/\" \/>\n<meta property=\"og:locale\" content=\"de_DE\" \/>\n<meta property=\"og:type\" content=\"article\" \/>\n<meta property=\"og:title\" content=\"Wiederverwendbare unzerbrechliche Champagnerfl\u00f6te aus Kristall 15 cl\" \/>\n<meta property=\"og:description\" content=\"Entdecken Sie das wiederverwendbare Champagnerglas Kristall 15cl: elegant, umweltfreundlich und nachhaltig. Perfekt f\u00fcr jede Veranstaltung, vereint sie Stil und Praktikabilit\u00e4t!\" \/>\n<meta property=\"og:url\" content=\"https:\/\/www.csj-emballages.com\/de\/produit\/wiederverwendbare-unzerbrechliche-luxuskristallfloete-15-cl\/\" \/>\n<meta property=\"og:site_name\" content=\"CSJ Emballages\" \/>\n<meta property=\"article:publisher\" content=\"https:\/\/www.facebook.com\/csjemballages\" \/>\n<meta property=\"article:modified_time\" content=\"2026-03-12T15:03:42+00:00\" \/>\n<meta property=\"og:image\" content=\"https:\/\/www.csj-emballages.com\/wp-content\/uploads\/2024\/03\/Flute-champagne-cristal.webp\" \/>\n\t<meta property=\"og:image:width\" content=\"800\" \/>\n\t<meta property=\"og:image:height\" content=\"800\" \/>\n\t<meta property=\"og:image:type\" content=\"image\/webp\" \/>\n<meta name=\"twitter:card\" content=\"summary_large_image\" \/>\n<meta name=\"twitter:label1\" content=\"Gesch\u00e4tzte Lesezeit\" \/>\n\t<meta name=\"twitter:data1\" content=\"1\u00a0Minute\" \/>\n<script type=\"application\/ld+json\" class=\"yoast-schema-graph\">{\"@context\":\"https:\/\/schema.org\",\"@graph\":[{\"@type\":\"WebPage\",\"@id\":\"https:\/\/www.csj-emballages.com\/de\/produit\/wiederverwendbare-unzerbrechliche-luxuskristallfloete-15-cl\/\",\"url\":\"https:\/\/www.csj-emballages.com\/de\/produit\/wiederverwendbare-unzerbrechliche-luxuskristallfloete-15-cl\/\",\"name\":\"Wiederverwendbare Champagnerfl\u00f6te Cristal - 15cl\",\"isPartOf\":{\"@id\":\"https:\/\/www.csj-emballages.com\/de\/#website\"},\"primaryImageOfPage\":{\"@id\":\"https:\/\/www.csj-emballages.com\/de\/produit\/wiederverwendbare-unzerbrechliche-luxuskristallfloete-15-cl\/#primaryimage\"},\"image\":{\"@id\":\"https:\/\/www.csj-emballages.com\/de\/produit\/wiederverwendbare-unzerbrechliche-luxuskristallfloete-15-cl\/#primaryimage\"},\"thumbnailUrl\":\"https:\/\/www.csj-emballages.com\/wp-content\/uploads\/2024\/03\/Flute-champagne-cristal.webp\",\"datePublished\":\"2024-03-01T15:59:27+00:00\",\"dateModified\":\"2026-03-12T15:03:42+00:00\",\"description\":\"Entdecken Sie das wiederverwendbare Champagnerglas Kristall 15cl: elegant, umweltfreundlich und nachhaltig. Perfekt f\u00fcr jede Veranstaltung, vereint sie Stil und Praktikabilit\u00e4t!\",\"breadcrumb\":{\"@id\":\"https:\/\/www.csj-emballages.com\/de\/produit\/wiederverwendbare-unzerbrechliche-luxuskristallfloete-15-cl\/#breadcrumb\"},\"inLanguage\":\"de\",\"potentialAction\":[{\"@type\":\"ReadAction\",\"target\":[\"https:\/\/www.csj-emballages.com\/de\/produit\/wiederverwendbare-unzerbrechliche-luxuskristallfloete-15-cl\/\"]}]},{\"@type\":\"ImageObject\",\"inLanguage\":\"de\",\"@id\":\"https:\/\/www.csj-emballages.com\/de\/produit\/wiederverwendbare-unzerbrechliche-luxuskristallfloete-15-cl\/#primaryimage\",\"url\":\"https:\/\/www.csj-emballages.com\/wp-content\/uploads\/2024\/03\/Flute-champagne-cristal.webp\",\"contentUrl\":\"https:\/\/www.csj-emballages.com\/wp-content\/uploads\/2024\/03\/Flute-champagne-cristal.webp\",\"width\":800,\"height\":800,\"caption\":\"fl\u00fbte champagne\"},{\"@type\":\"BreadcrumbList\",\"@id\":\"https:\/\/www.csj-emballages.com\/de\/produit\/wiederverwendbare-unzerbrechliche-luxuskristallfloete-15-cl\/#breadcrumb\",\"itemListElement\":[{\"@type\":\"ListItem\",\"position\":1,\"name\":\"Accueil\",\"item\":\"https:\/\/www.csj-emballages.com\/de\/universum-lebensmittelverpackungen\/\"},{\"@type\":\"ListItem\",\"position\":2,\"name\":\"Shop\",\"item\":\"https:\/\/www.csj-emballages.com\/shop\/\"},{\"@type\":\"ListItem\",\"position\":3,\"name\":\"Wiederverwendbare unzerbrechliche Champagnerfl\u00f6te aus Kristall 15 cl\"}]},{\"@type\":\"WebSite\",\"@id\":\"https:\/\/www.csj-emballages.com\/de\/#website\",\"url\":\"https:\/\/www.csj-emballages.com\/de\/\",\"name\":\"CSJ Emballages\",\"description\":\"\",\"publisher\":{\"@id\":\"https:\/\/www.csj-emballages.com\/de\/#organization\"},\"potentialAction\":[{\"@type\":\"SearchAction\",\"target\":{\"@type\":\"EntryPoint\",\"urlTemplate\":\"https:\/\/www.csj-emballages.com\/de\/?s={search_term_string}\"},\"query-input\":{\"@type\":\"PropertyValueSpecification\",\"valueRequired\":true,\"valueName\":\"search_term_string\"}}],\"inLanguage\":\"de\"},{\"@type\":\"Organization\",\"@id\":\"https:\/\/www.csj-emballages.com\/de\/#Organization\/\",\"name\":\"CSJ Emballages\",\"url\":\"https:\/\/www.csj-emballages.com\/de\/\",\"logo\":{\"@type\":\"ImageObject\",\"inLanguage\":\"de\",\"@id\":\"https:\/\/www.csj-emballages.com\/de\/#\/schema\/logo\/image\/\",\"url\":\"https:\/\/www.csj-emballages.com\/wp-content\/uploads\/2023\/10\/logo_csj.webp\",\"contentUrl\":\"https:\/\/www.csj-emballages.com\/wp-content\/uploads\/2023\/10\/logo_csj.webp\",\"width\":250,\"height\":95,\"caption\":\"CSJ Emballages\"},\"image\":{\"@id\":\"https:\/\/www.csj-emballages.com\/de\/#\/schema\/logo\/image\/\"},\"sameAs\":[\"https:\/\/www.facebook.com\/csjemballages\"],\"address\":{\"@type\":\"PostalAddress\",\"streetAddress\":\"ZI La Lechere\",\"addressLocality\":\"Patornay\",\"postalCode\":\"39130\",\"addressCountry\":\"FR\"},\"contactPoint\":[{\"@type\":\"ContactPoint\",\"contactType\":\"Service client\",\"telephone\":\"0384254272\",\"email\":\"contact@csj-emballages.com\"}]}]}<\/script>\n<!-- \/ Yoast SEO Premium plugin. -->","yoast_head_json":{"title":"Wiederverwendbare Champagnerfl\u00f6te Cristal - 15cl","description":"Entdecken Sie das wiederverwendbare Champagnerglas Kristall 15cl: elegant, umweltfreundlich und nachhaltig. Perfekt f\u00fcr jede Veranstaltung, vereint sie Stil und Praktikabilit\u00e4t!","robots":{"index":"index","follow":"follow","max-snippet":"max-snippet:-1","max-image-preview":"max-image-preview:large","max-video-preview":"max-video-preview:-1"},"canonical":"https:\/\/www.csj-emballages.com\/de\/produit\/wiederverwendbare-unzerbrechliche-luxuskristallfloete-15-cl\/","og_locale":"de_DE","og_type":"article","og_title":"Wiederverwendbare unzerbrechliche Champagnerfl\u00f6te aus Kristall 15 cl","og_description":"Entdecken Sie das wiederverwendbare Champagnerglas Kristall 15cl: elegant, umweltfreundlich und nachhaltig. Perfekt f\u00fcr jede Veranstaltung, vereint sie Stil und Praktikabilit\u00e4t!","og_url":"https:\/\/www.csj-emballages.com\/de\/produit\/wiederverwendbare-unzerbrechliche-luxuskristallfloete-15-cl\/","og_site_name":"CSJ Emballages","article_publisher":"https:\/\/www.facebook.com\/csjemballages","article_modified_time":"2026-03-12T15:03:42+00:00","og_image":[{"width":800,"height":800,"url":"https:\/\/www.csj-emballages.com\/wp-content\/uploads\/2024\/03\/Flute-champagne-cristal.webp","type":"image\/webp"}],"twitter_card":"summary_large_image","twitter_misc":{"Gesch\u00e4tzte Lesezeit":"1\u00a0Minute"},"schema":{"@context":"https:\/\/schema.org","@graph":[{"@type":"WebPage","@id":"https:\/\/www.csj-emballages.com\/de\/produit\/wiederverwendbare-unzerbrechliche-luxuskristallfloete-15-cl\/","url":"https:\/\/www.csj-emballages.com\/de\/produit\/wiederverwendbare-unzerbrechliche-luxuskristallfloete-15-cl\/","name":"Wiederverwendbare Champagnerfl\u00f6te Cristal - 15cl","isPartOf":{"@id":"https:\/\/www.csj-emballages.com\/de\/#website"},"primaryImageOfPage":{"@id":"https:\/\/www.csj-emballages.com\/de\/produit\/wiederverwendbare-unzerbrechliche-luxuskristallfloete-15-cl\/#primaryimage"},"image":{"@id":"https:\/\/www.csj-emballages.com\/de\/produit\/wiederverwendbare-unzerbrechliche-luxuskristallfloete-15-cl\/#primaryimage"},"thumbnailUrl":"https:\/\/www.csj-emballages.com\/wp-content\/uploads\/2024\/03\/Flute-champagne-cristal.webp","datePublished":"2024-03-01T15:59:27+00:00","dateModified":"2026-03-12T15:03:42+00:00","description":"Entdecken Sie das wiederverwendbare Champagnerglas Kristall 15cl: elegant, umweltfreundlich und nachhaltig. Perfekt f\u00fcr jede Veranstaltung, vereint sie Stil und Praktikabilit\u00e4t!","breadcrumb":{"@id":"https:\/\/www.csj-emballages.com\/de\/produit\/wiederverwendbare-unzerbrechliche-luxuskristallfloete-15-cl\/#breadcrumb"},"inLanguage":"de","potentialAction":[{"@type":"ReadAction","target":["https:\/\/www.csj-emballages.com\/de\/produit\/wiederverwendbare-unzerbrechliche-luxuskristallfloete-15-cl\/"]}]},{"@type":"ImageObject","inLanguage":"de","@id":"https:\/\/www.csj-emballages.com\/de\/produit\/wiederverwendbare-unzerbrechliche-luxuskristallfloete-15-cl\/#primaryimage","url":"https:\/\/www.csj-emballages.com\/wp-content\/uploads\/2024\/03\/Flute-champagne-cristal.webp","contentUrl":"https:\/\/www.csj-emballages.com\/wp-content\/uploads\/2024\/03\/Flute-champagne-cristal.webp","width":800,"height":800,"caption":"fl\u00fbte champagne"},{"@type":"BreadcrumbList","@id":"https:\/\/www.csj-emballages.com\/de\/produit\/wiederverwendbare-unzerbrechliche-luxuskristallfloete-15-cl\/#breadcrumb","itemListElement":[{"@type":"ListItem","position":1,"name":"Accueil","item":"https:\/\/www.csj-emballages.com\/de\/universum-lebensmittelverpackungen\/"},{"@type":"ListItem","position":2,"name":"Shop","item":"https:\/\/www.csj-emballages.com\/shop\/"},{"@type":"ListItem","position":3,"name":"Wiederverwendbare unzerbrechliche Champagnerfl\u00f6te aus Kristall 15 cl"}]},{"@type":"WebSite","@id":"https:\/\/www.csj-emballages.com\/de\/#website","url":"https:\/\/www.csj-emballages.com\/de\/","name":"CSJ Emballages","description":"","publisher":{"@id":"https:\/\/www.csj-emballages.com\/de\/#organization"},"potentialAction":[{"@type":"SearchAction","target":{"@type":"EntryPoint","urlTemplate":"https:\/\/www.csj-emballages.com\/de\/?s={search_term_string}"},"query-input":{"@type":"PropertyValueSpecification","valueRequired":true,"valueName":"search_term_string"}}],"inLanguage":"de"},{"@type":"Organization","@id":"https:\/\/www.csj-emballages.com\/de\/#Organization\/","name":"CSJ Emballages","url":"https:\/\/www.csj-emballages.com\/de\/","logo":{"@type":"ImageObject","inLanguage":"de","@id":"https:\/\/www.csj-emballages.com\/de\/#\/schema\/logo\/image\/","url":"https:\/\/www.csj-emballages.com\/wp-content\/uploads\/2023\/10\/logo_csj.webp","contentUrl":"https:\/\/www.csj-emballages.com\/wp-content\/uploads\/2023\/10\/logo_csj.webp","width":250,"height":95,"caption":"CSJ Emballages"},"image":{"@id":"https:\/\/www.csj-emballages.com\/de\/#\/schema\/logo\/image\/"},"sameAs":["https:\/\/www.facebook.com\/csjemballages"],"address":{"@type":"PostalAddress","streetAddress":"ZI La Lechere","addressLocality":"Patornay","postalCode":"39130","addressCountry":"FR"},"contactPoint":[{"@type":"ContactPoint","contactType":"Service client","telephone":"0384254272","email":"contact@csj-emballages.com"}]}]}},"df_price":2.81,"df_sale_price":"","df_regular_price":2.81,"df_image_link":"https:\/\/www.csj-emballages.com\/wp-content\/uploads\/2024\/03\/Flute-champagne-cristal-300x300.webp","tiered_pricing_type":"fixed","tiered_pricing_fixed_rules":[],"tiered_pricing_percentage_rules":[],"tiered_pricing_minimum":1,"tiered_pricing_roles_data":[],"_links":{"self":[{"href":"https:\/\/www.csj-emballages.com\/de\/wp-json\/wp\/v2\/product\/18205","targetHints":{"allow":["GET"]}}],"collection":[{"href":"https:\/\/www.csj-emballages.com\/de\/wp-json\/wp\/v2\/product"}],"about":[{"href":"https:\/\/www.csj-emballages.com\/de\/wp-json\/wp\/v2\/types\/product"}],"wp:featuredmedia":[{"embeddable":true,"href":"https:\/\/www.csj-emballages.com\/de\/wp-json\/wp\/v2\/media\/197722"}],"wp:attachment":[{"href":"https:\/\/www.csj-emballages.com\/de\/wp-json\/wp\/v2\/media?parent=18205"}],"wp:term":[{"taxonomy":"product_brand","embeddable":true,"href":"https:\/\/www.csj-emballages.com\/de\/wp-json\/wp\/v2\/product_brand?post=18205"},{"taxonomy":"product_cat","embeddable":true,"href":"https:\/\/www.csj-emballages.com\/de\/wp-json\/wp\/v2\/product_cat?post=18205"},{"taxonomy":"product_tag","embeddable":true,"href":"https:\/\/www.csj-emballages.com\/de\/wp-json\/wp\/v2\/product_tag?post=18205"}],"curies":[{"name":"wp","href":"https:\/\/api.w.org\/{rel}","templated":true}]}}