{"id":18199,"date":"2024-03-01T16:59:40","date_gmt":"2024-03-01T15:59:40","guid":{"rendered":"https:\/\/u15jnbdpoq.preview.infomaniak.website\/produit\/kraeuter-der-provence-1-kg\/"},"modified":"2026-04-04T02:10:25","modified_gmt":"2026-04-04T00:10:25","slug":"kraeuter-der-provence-1-kg","status":"publish","type":"product","link":"https:\/\/www.csj-emballages.com\/de\/produit\/kraeuter-der-provence-1-kg\/","title":{"rendered":"Kr\u00e4uter der Provence 1 kg"},"content":{"rendered":"<h2 class=\"p1\">Kr\u00e4uter der Provence<\/h2>\n<hr>\n<h3>Beschreibung von unserem Kr\u00e4uter der Provence 1 kg<\/h3>\n<p><!--more--><\/p>\n<p data-start=\"182\" data-end=\"543\">Man kann nicht \u00fcber sonnige K\u00fcche sprechen, ohne an <strong data-start=\"242\" data-end=\"264\">Kr\u00e4uter der Provence<\/strong> zu denken. Mit diesem <strong data-start=\"281\" data-end=\"289\">1-kg-Format<\/strong> haben Sie eine gro\u00dfz\u00fcgige und duftende Mischung zur Hand, die allt\u00e4gliche Gerichte sofort verwandelt. Schon beim \u00d6ffnen des Beutels entfalten sich die Aromen: Es duftet nach dem S\u00fcden, nach einfachen, aber schmackhaften Mahlzeiten und nach Rezepten, die immer begeistern.  <\/p>\n<p data-start=\"545\" data-end=\"898\">Diese Mischung <strong>getrockneter Kr\u00e4uter<\/strong> l\u00e4sst sich leicht in alle Ihre Zubereitungen integrieren. Ob zum Verfeinern von <strong>gegrilltem Fleisch, zum Aromatisieren von gebratenem Gem\u00fcse, zum Veredeln einer Tomatensauce<\/strong> oder zum Verleihen von Charakter an eine Marinade \u2013 sie erledigen die Arbeit m\u00fchelos. Eine Prise gen\u00fcgt, um eine mediterrane Note zu verleihen, ohne die Hauptaromen zu \u00fcberdecken.  <\/p>\n<p data-start=\"900\" data-end=\"1260\">Dank seiner Gro\u00dfpackung ist dieses Produkt perfekt f\u00fcr Gastronomieprofis, Caterer, Gro\u00dfk\u00fcchen oder K\u00fcchen mit hohem Durchsatz geeignet. Es eignet sich aber auch hervorragend f\u00fcr Kochliebhaber, die gerne oft und in gro\u00dfen Mengen kochen. Sie sparen Zeit, vermeiden Engp\u00e4sse und bewahren eine gleichbleibende Qualit\u00e4t in Ihren Gerichten.  <\/p>\n<p data-start=\"1262\" data-end=\"1583\">Dar\u00fcber hinaus bieten die <strong>Kr\u00e4uter der Provence<\/strong> eine einfache Alternative, um aromatischer zu kochen, ohne zu viel Salz oder Fett hinzuzuf\u00fcgen. Sie k\u00f6nnen sowohl beim Kochen als auch zum Verfeinern verwendet werden, je nach gew\u00fcnschter Intensit\u00e4t. Vielseitig, praktisch und stets effektiv werden sie schnell zu einem festen Bestandteil in der K\u00fcche.  <\/p>\n<p data-start=\"1585\" data-end=\"1717\">Kurz gesagt, erm\u00f6glicht Ihnen dieses <strong>1-kg-Format<\/strong>, Tag f\u00fcr Tag frei zu kochen, mit authentischen Aromen und echter Best\u00e4ndigkeit.<\/p>\n<p>&nbsp;<\/p>\n<p><!--more--><\/p>\n<h4>Vorteile :<\/h4>\n<ul>\n<li data-start=\"526\" data-end=\"601\">Ausgewogene Aromen f\u00fcr schmackhafte Gerichte.<\/li>\n<li data-start=\"602\" data-end=\"691\">Sorgf\u00e4ltige Auswahl der Kr\u00e4uter f\u00fcr optimale Frische.<\/li>\n<li data-start=\"692\" data-end=\"772\">Ideal f\u00fcr Fleisch, Fisch, Gem\u00fcse, Saucen und <span style=\"color: #d12727;\"><a style=\"color: #d12727;\" href=\"https:\/\/www.csj-emballages.com\/de\/categorie-produit\/lebensmittel\/marinaden\/\">Marinaden<\/a><\/span>.<\/li>\n<li data-start=\"773\" data-end=\"879\">1 kg f\u00fcr den Langzeitgebrauch, geeignet f\u00fcr Gastronomen und Caterer.<\/li>\n<li data-start=\"880\" data-end=\"972\">Ohne Zusatz- oder Konservierungsstoffe, f\u00fcr eine gesunde und authentische K\u00fcche.<\/li>\n<\/ul>\n<p>&nbsp;<\/p>\n<p><!--more--><\/p>\n<h4>Weitere Informationen :<\/h4>\n<ul>\n<li><strong>Verpackung<\/strong>: Packung mit 1kg<\/li>\n<li><strong>Format<\/strong>: K\u00f6rner<\/li>\n<\/ul>\n<p>&nbsp;<\/p>\n<p><!--more--><\/p>\n<p><a href=\"https:\/\/www.csj-emballages.com\/de\/categorie-produit\/lebensmittel\/gewurze\/einfache-gewurze\/\">Sehen Sie sich den Rest unseres Sortiments an einfachen Gew\u00fcrzen an  <\/a><\/p>\n","protected":false},"excerpt":{"rendered":"<p>Kr\u00e4uter der Provence Beschreibung von unserem Kr\u00e4uter der Provence 1 kg<\/p>\n","protected":false},"featured_media":261474,"template":"","meta":{"_acf_changed":false},"product_brand":[],"product_cat":[1144,1441,1442],"product_tag":[],"class_list":{"0":"post-18199","1":"product","2":"type-product","3":"status-publish","4":"has-post-thumbnail","6":"product_cat-lebensmittel","7":"product_cat-gewurze","8":"product_cat-einfache-gewurze","10":"first","11":"instock","12":"taxable","13":"shipping-taxable","14":"purchasable","15":"product-type-simple"},"acf":[],"yoast_head":"<!-- This site is optimized with the Yoast SEO Premium plugin v26.6 (Yoast SEO v26.6) - https:\/\/yoast.com\/wordpress\/plugins\/seo\/ -->\n<title>Kr\u00e4uter der Provence 1 kg<\/title>\n<meta name=\"description\" content=\"Entdecken Sie unsere Kr\u00e4uter der Provence 1 kg. Perfekt zum W\u00fcrzen von gegrilltem Fleisch, Fisch und Gem\u00fcse. Gro\u00dfz\u00fcgiges 1-kg-Format\" \/>\n<meta name=\"robots\" content=\"index, follow, max-snippet:-1, max-image-preview:large, max-video-preview:-1\" \/>\n<link rel=\"canonical\" href=\"https:\/\/www.csj-emballages.com\/de\/produit\/kraeuter-der-provence-1-kg\/\" \/>\n<meta property=\"og:locale\" content=\"de_DE\" \/>\n<meta property=\"og:type\" content=\"article\" \/>\n<meta property=\"og:title\" content=\"Kr\u00e4uter der Provence 1 kg\" \/>\n<meta property=\"og:description\" content=\"Entdecken Sie unsere Kr\u00e4uter der Provence 1 kg. Perfekt zum W\u00fcrzen von gegrilltem Fleisch, Fisch und Gem\u00fcse. Gro\u00dfz\u00fcgiges 1-kg-Format\" \/>\n<meta property=\"og:url\" content=\"https:\/\/www.csj-emballages.com\/de\/produit\/kraeuter-der-provence-1-kg\/\" \/>\n<meta property=\"og:site_name\" content=\"CSJ Emballages\" \/>\n<meta property=\"article:publisher\" content=\"https:\/\/www.facebook.com\/csjemballages\" \/>\n<meta property=\"article:modified_time\" content=\"2026-04-04T00:10:25+00:00\" \/>\n<meta property=\"og:image\" content=\"https:\/\/www.csj-emballages.com\/wp-content\/uploads\/2024\/03\/Herbes-de-provence.webp\" \/>\n\t<meta property=\"og:image:width\" content=\"800\" \/>\n\t<meta property=\"og:image:height\" content=\"800\" \/>\n\t<meta property=\"og:image:type\" content=\"image\/webp\" \/>\n<meta name=\"twitter:card\" content=\"summary_large_image\" \/>\n<meta name=\"twitter:label1\" content=\"Gesch\u00e4tzte Lesezeit\" \/>\n\t<meta name=\"twitter:data1\" content=\"2 Minuten\" \/>\n<script type=\"application\/ld+json\" class=\"yoast-schema-graph\">{\"@context\":\"https:\/\/schema.org\",\"@graph\":[{\"@type\":\"WebPage\",\"@id\":\"https:\/\/www.csj-emballages.com\/de\/produit\/kraeuter-der-provence-1-kg\/\",\"url\":\"https:\/\/www.csj-emballages.com\/de\/produit\/kraeuter-der-provence-1-kg\/\",\"name\":\"Kr\u00e4uter der Provence 1 kg\",\"isPartOf\":{\"@id\":\"https:\/\/www.csj-emballages.com\/de\/#website\"},\"primaryImageOfPage\":{\"@id\":\"https:\/\/www.csj-emballages.com\/de\/produit\/kraeuter-der-provence-1-kg\/#primaryimage\"},\"image\":{\"@id\":\"https:\/\/www.csj-emballages.com\/de\/produit\/kraeuter-der-provence-1-kg\/#primaryimage\"},\"thumbnailUrl\":\"https:\/\/www.csj-emballages.com\/wp-content\/uploads\/2024\/03\/Herbes-de-provence.webp\",\"datePublished\":\"2024-03-01T15:59:40+00:00\",\"dateModified\":\"2026-04-04T00:10:25+00:00\",\"description\":\"Entdecken Sie unsere Kr\u00e4uter der Provence 1 kg. Perfekt zum W\u00fcrzen von gegrilltem Fleisch, Fisch und Gem\u00fcse. Gro\u00dfz\u00fcgiges 1-kg-Format\",\"breadcrumb\":{\"@id\":\"https:\/\/www.csj-emballages.com\/de\/produit\/kraeuter-der-provence-1-kg\/#breadcrumb\"},\"inLanguage\":\"de\",\"potentialAction\":[{\"@type\":\"ReadAction\",\"target\":[\"https:\/\/www.csj-emballages.com\/de\/produit\/kraeuter-der-provence-1-kg\/\"]}]},{\"@type\":\"ImageObject\",\"inLanguage\":\"de\",\"@id\":\"https:\/\/www.csj-emballages.com\/de\/produit\/kraeuter-der-provence-1-kg\/#primaryimage\",\"url\":\"https:\/\/www.csj-emballages.com\/wp-content\/uploads\/2024\/03\/Herbes-de-provence.webp\",\"contentUrl\":\"https:\/\/www.csj-emballages.com\/wp-content\/uploads\/2024\/03\/Herbes-de-provence.webp\",\"width\":800,\"height\":800,\"caption\":\"Herbes de provence\"},{\"@type\":\"BreadcrumbList\",\"@id\":\"https:\/\/www.csj-emballages.com\/de\/produit\/kraeuter-der-provence-1-kg\/#breadcrumb\",\"itemListElement\":[{\"@type\":\"ListItem\",\"position\":1,\"name\":\"Accueil\",\"item\":\"https:\/\/www.csj-emballages.com\/de\/universum-lebensmittelverpackungen\/\"},{\"@type\":\"ListItem\",\"position\":2,\"name\":\"Shop\",\"item\":\"https:\/\/www.csj-emballages.com\/shop\/\"},{\"@type\":\"ListItem\",\"position\":3,\"name\":\"Kr\u00e4uter der Provence 1 kg\"}]},{\"@type\":\"WebSite\",\"@id\":\"https:\/\/www.csj-emballages.com\/de\/#website\",\"url\":\"https:\/\/www.csj-emballages.com\/de\/\",\"name\":\"CSJ Emballages\",\"description\":\"\",\"publisher\":{\"@id\":\"https:\/\/www.csj-emballages.com\/de\/#organization\"},\"potentialAction\":[{\"@type\":\"SearchAction\",\"target\":{\"@type\":\"EntryPoint\",\"urlTemplate\":\"https:\/\/www.csj-emballages.com\/de\/?s={search_term_string}\"},\"query-input\":{\"@type\":\"PropertyValueSpecification\",\"valueRequired\":true,\"valueName\":\"search_term_string\"}}],\"inLanguage\":\"de\"},{\"@type\":\"Organization\",\"@id\":\"https:\/\/www.csj-emballages.com\/de\/#Organization\/\",\"name\":\"CSJ Emballages\",\"url\":\"https:\/\/www.csj-emballages.com\/de\/\",\"logo\":{\"@type\":\"ImageObject\",\"inLanguage\":\"de\",\"@id\":\"https:\/\/www.csj-emballages.com\/de\/#\/schema\/logo\/image\/\",\"url\":\"https:\/\/www.csj-emballages.com\/wp-content\/uploads\/2023\/10\/logo_csj.webp\",\"contentUrl\":\"https:\/\/www.csj-emballages.com\/wp-content\/uploads\/2023\/10\/logo_csj.webp\",\"width\":250,\"height\":95,\"caption\":\"CSJ Emballages\"},\"image\":{\"@id\":\"https:\/\/www.csj-emballages.com\/de\/#\/schema\/logo\/image\/\"},\"sameAs\":[\"https:\/\/www.facebook.com\/csjemballages\"],\"address\":{\"@type\":\"PostalAddress\",\"streetAddress\":\"ZI La Lechere\",\"addressLocality\":\"Patornay\",\"postalCode\":\"39130\",\"addressCountry\":\"FR\"},\"contactPoint\":[{\"@type\":\"ContactPoint\",\"contactType\":\"Service client\",\"telephone\":\"0384254272\",\"email\":\"contact@csj-emballages.com\"}]}]}<\/script>\n<!-- \/ Yoast SEO Premium plugin. -->","yoast_head_json":{"title":"Kr\u00e4uter der Provence 1 kg","description":"Entdecken Sie unsere Kr\u00e4uter der Provence 1 kg. Perfekt zum W\u00fcrzen von gegrilltem Fleisch, Fisch und Gem\u00fcse. Gro\u00dfz\u00fcgiges 1-kg-Format","robots":{"index":"index","follow":"follow","max-snippet":"max-snippet:-1","max-image-preview":"max-image-preview:large","max-video-preview":"max-video-preview:-1"},"canonical":"https:\/\/www.csj-emballages.com\/de\/produit\/kraeuter-der-provence-1-kg\/","og_locale":"de_DE","og_type":"article","og_title":"Kr\u00e4uter der Provence 1 kg","og_description":"Entdecken Sie unsere Kr\u00e4uter der Provence 1 kg. Perfekt zum W\u00fcrzen von gegrilltem Fleisch, Fisch und Gem\u00fcse. Gro\u00dfz\u00fcgiges 1-kg-Format","og_url":"https:\/\/www.csj-emballages.com\/de\/produit\/kraeuter-der-provence-1-kg\/","og_site_name":"CSJ Emballages","article_publisher":"https:\/\/www.facebook.com\/csjemballages","article_modified_time":"2026-04-04T00:10:25+00:00","og_image":[{"width":800,"height":800,"url":"https:\/\/www.csj-emballages.com\/wp-content\/uploads\/2024\/03\/Herbes-de-provence.webp","type":"image\/webp"}],"twitter_card":"summary_large_image","twitter_misc":{"Gesch\u00e4tzte Lesezeit":"2 Minuten"},"schema":{"@context":"https:\/\/schema.org","@graph":[{"@type":"WebPage","@id":"https:\/\/www.csj-emballages.com\/de\/produit\/kraeuter-der-provence-1-kg\/","url":"https:\/\/www.csj-emballages.com\/de\/produit\/kraeuter-der-provence-1-kg\/","name":"Kr\u00e4uter der Provence 1 kg","isPartOf":{"@id":"https:\/\/www.csj-emballages.com\/de\/#website"},"primaryImageOfPage":{"@id":"https:\/\/www.csj-emballages.com\/de\/produit\/kraeuter-der-provence-1-kg\/#primaryimage"},"image":{"@id":"https:\/\/www.csj-emballages.com\/de\/produit\/kraeuter-der-provence-1-kg\/#primaryimage"},"thumbnailUrl":"https:\/\/www.csj-emballages.com\/wp-content\/uploads\/2024\/03\/Herbes-de-provence.webp","datePublished":"2024-03-01T15:59:40+00:00","dateModified":"2026-04-04T00:10:25+00:00","description":"Entdecken Sie unsere Kr\u00e4uter der Provence 1 kg. Perfekt zum W\u00fcrzen von gegrilltem Fleisch, Fisch und Gem\u00fcse. Gro\u00dfz\u00fcgiges 1-kg-Format","breadcrumb":{"@id":"https:\/\/www.csj-emballages.com\/de\/produit\/kraeuter-der-provence-1-kg\/#breadcrumb"},"inLanguage":"de","potentialAction":[{"@type":"ReadAction","target":["https:\/\/www.csj-emballages.com\/de\/produit\/kraeuter-der-provence-1-kg\/"]}]},{"@type":"ImageObject","inLanguage":"de","@id":"https:\/\/www.csj-emballages.com\/de\/produit\/kraeuter-der-provence-1-kg\/#primaryimage","url":"https:\/\/www.csj-emballages.com\/wp-content\/uploads\/2024\/03\/Herbes-de-provence.webp","contentUrl":"https:\/\/www.csj-emballages.com\/wp-content\/uploads\/2024\/03\/Herbes-de-provence.webp","width":800,"height":800,"caption":"Herbes de provence"},{"@type":"BreadcrumbList","@id":"https:\/\/www.csj-emballages.com\/de\/produit\/kraeuter-der-provence-1-kg\/#breadcrumb","itemListElement":[{"@type":"ListItem","position":1,"name":"Accueil","item":"https:\/\/www.csj-emballages.com\/de\/universum-lebensmittelverpackungen\/"},{"@type":"ListItem","position":2,"name":"Shop","item":"https:\/\/www.csj-emballages.com\/shop\/"},{"@type":"ListItem","position":3,"name":"Kr\u00e4uter der Provence 1 kg"}]},{"@type":"WebSite","@id":"https:\/\/www.csj-emballages.com\/de\/#website","url":"https:\/\/www.csj-emballages.com\/de\/","name":"CSJ Emballages","description":"","publisher":{"@id":"https:\/\/www.csj-emballages.com\/de\/#organization"},"potentialAction":[{"@type":"SearchAction","target":{"@type":"EntryPoint","urlTemplate":"https:\/\/www.csj-emballages.com\/de\/?s={search_term_string}"},"query-input":{"@type":"PropertyValueSpecification","valueRequired":true,"valueName":"search_term_string"}}],"inLanguage":"de"},{"@type":"Organization","@id":"https:\/\/www.csj-emballages.com\/de\/#Organization\/","name":"CSJ Emballages","url":"https:\/\/www.csj-emballages.com\/de\/","logo":{"@type":"ImageObject","inLanguage":"de","@id":"https:\/\/www.csj-emballages.com\/de\/#\/schema\/logo\/image\/","url":"https:\/\/www.csj-emballages.com\/wp-content\/uploads\/2023\/10\/logo_csj.webp","contentUrl":"https:\/\/www.csj-emballages.com\/wp-content\/uploads\/2023\/10\/logo_csj.webp","width":250,"height":95,"caption":"CSJ Emballages"},"image":{"@id":"https:\/\/www.csj-emballages.com\/de\/#\/schema\/logo\/image\/"},"sameAs":["https:\/\/www.facebook.com\/csjemballages"],"address":{"@type":"PostalAddress","streetAddress":"ZI La Lechere","addressLocality":"Patornay","postalCode":"39130","addressCountry":"FR"},"contactPoint":[{"@type":"ContactPoint","contactType":"Service client","telephone":"0384254272","email":"contact@csj-emballages.com"}]}]}},"df_price":14.2,"df_sale_price":"","df_regular_price":14.2,"df_image_link":"https:\/\/www.csj-emballages.com\/wp-content\/uploads\/2024\/03\/Herbes-de-provence-300x300.webp","tiered_pricing_type":"fixed","tiered_pricing_fixed_rules":[],"tiered_pricing_percentage_rules":[],"tiered_pricing_minimum":1,"tiered_pricing_roles_data":[],"_links":{"self":[{"href":"https:\/\/www.csj-emballages.com\/de\/wp-json\/wp\/v2\/product\/18199","targetHints":{"allow":["GET"]}}],"collection":[{"href":"https:\/\/www.csj-emballages.com\/de\/wp-json\/wp\/v2\/product"}],"about":[{"href":"https:\/\/www.csj-emballages.com\/de\/wp-json\/wp\/v2\/types\/product"}],"wp:featuredmedia":[{"embeddable":true,"href":"https:\/\/www.csj-emballages.com\/de\/wp-json\/wp\/v2\/media\/261474"}],"wp:attachment":[{"href":"https:\/\/www.csj-emballages.com\/de\/wp-json\/wp\/v2\/media?parent=18199"}],"wp:term":[{"taxonomy":"product_brand","embeddable":true,"href":"https:\/\/www.csj-emballages.com\/de\/wp-json\/wp\/v2\/product_brand?post=18199"},{"taxonomy":"product_cat","embeddable":true,"href":"https:\/\/www.csj-emballages.com\/de\/wp-json\/wp\/v2\/product_cat?post=18199"},{"taxonomy":"product_tag","embeddable":true,"href":"https:\/\/www.csj-emballages.com\/de\/wp-json\/wp\/v2\/product_tag?post=18199"}],"curies":[{"name":"wp","href":"https:\/\/api.w.org\/{rel}","templated":true}]}}