{"id":18190,"date":"2024-03-01T16:59:40","date_gmt":"2024-03-01T15:59:40","guid":{"rendered":"https:\/\/u15jnbdpoq.preview.infomaniak.website\/produit\/kreuzkuemmel-gemahlen-1-kg\/"},"modified":"2026-04-03T02:10:37","modified_gmt":"2026-04-03T00:10:37","slug":"kreuzkuemmel-gemahlen-1-kg","status":"publish","type":"product","link":"https:\/\/www.csj-emballages.com\/de\/produit\/kreuzkuemmel-gemahlen-1-kg\/","title":{"rendered":"Kreuzk\u00fcmmel gemahlen 1 kg"},"content":{"rendered":"<h2 class=\"p1\">Gemahlener Kreuzk\u00fcmmel<\/h2>\n<hr>\n<h3>Beschreibung von unserem gemahlenen Kreuzk\u00fcmmel 1 kg<\/h3>\n<p><!--more--><\/p>\n<p data-start=\"164\" data-end=\"593\">Der <strong>gemahlene Kreuzk\u00fcmmel<\/strong> ist das Gew\u00fcrz, das den Unterschied macht, wenn Sie Ihren Gerichten Charakter verleihen m\u00f6chten. Mit seinem warmen, leicht pfeffrigen und subtil erdigen Geschmack verwandelt er ein einfaches Rezept sofort in ein geschmackvolles Gericht. Dieses <strong data-start=\"414\" data-end=\"422\">1 kg<\/strong> Format ist ideal f\u00fcr den regelm\u00e4\u00dfigen Gebrauch, sei es in der Gastronomie, in der professionellen K\u00fcche oder f\u00fcr Hobbyk\u00f6che, die gerne ausgiebig kochen.  <\/p>\n<p data-start=\"595\" data-end=\"954\">Einfach zu dosieren, mischt sich der <strong>gemahlene Kreuzk\u00fcmmel<\/strong> perfekt in Zubereitungen. Er passt sowohl zu <strong>Schmorgerichten als auch zu Marinaden<\/strong>, Saucen, gebratenem Gem\u00fcse oder gegrilltem Fleisch. Zudem verleiht er eine echte aromatische Tiefe, ohne andere Zutaten zu \u00fcberdecken. So bleibt jeder Bissen ausgewogen, aromatisch und angenehm im Mund.   <\/p>\n<p data-start=\"956\" data-end=\"1337\">Dank seiner <strong>feinen Mahlung<\/strong> entfaltet er seine Aromen schnell beim Kochen. Sie sparen Zeit und erzielen gleichzeitig ein konstantes Ergebnis. Ob Sie orientalische, indische, mexikanische K\u00fcche oder einfach Alltagsrezepte zubereiten, Kreuzk\u00fcmmel wird schnell unverzichtbar. Eine Prise gen\u00fcgt, um ein Gericht zu verfeinern, oder etwas mehr, um eine kulinarische Handschrift zu setzen.   <\/p>\n<p data-start=\"1339\" data-end=\"1571\">Die Verpackung im <strong data-start=\"1361\" data-end=\"1379\">1 kg Beutel<\/strong> erm\u00f6glicht komfortables Arbeiten ohne Lieferengp\u00e4sse. Es ist eine praktische und wirtschaftliche L\u00f6sung f\u00fcr Profis, die gleichzeitig eine langfristige, nachhaltige Nutzung gew\u00e4hrleistet. <\/p>\n<p data-start=\"1573\" data-end=\"1758\">Zusammenfassend kombiniert dieser <strong>gemahlene Kreuzk\u00fcmmel<\/strong> Intensit\u00e4t, Vielseitigkeit und Praktikabilit\u00e4t. Er begleitet Ihre Rezepte, inspiriert Ihre Kreativit\u00e4t und verleiht jedem Gericht eine warme und authentische Note. <\/p>\n<p>&nbsp;<\/p>\n<p><!--more--><\/p>\n<h4>Vorteile :<\/h4>\n<ul>\n<li data-start=\"485\" data-end=\"546\">Intensives und authentisches Aroma zum W\u00fcrzen Ihrer Gerichte.<\/li>\n<li data-start=\"547\" data-end=\"636\">Wirtschaftliche Verpackung, geeignet f\u00fcr Profis und Gro\u00dfverbraucher.<\/li>\n<li data-start=\"637\" data-end=\"734\">Ideal f\u00fcr Schmorgerichte, Marinaden, Brot, Saucen und Gew\u00fcrzmischungen.<\/li>\n<li data-start=\"735\" data-end=\"789\">100 % nat\u00fcrlich, ohne Zusatzstoffe oder Konservierungsmittel.<\/li>\n<\/ul>\n<p>&nbsp;<\/p>\n<p><!--more--><\/p>\n<h4>Weitere Informationen :<\/h4>\n<ul>\n<li><strong>Verpackung<\/strong>: Packung mit 1kg<\/li>\n<li><strong>Format<\/strong> : Gemahlen<\/li>\n<\/ul>\n<p>&nbsp;<\/p>\n<p><!--more--><\/p>\n<p><a href=\"https:\/\/www.csj-emballages.com\/de\/categorie-produit\/lebensmittel\/gewurze\/einfache-gewurze\/\">Sehen Sie sich den Rest unseres Sortiments an einfachen Gew\u00fcrzen an  <\/a><\/p>\n<p>&nbsp;<\/p>\n","protected":false},"excerpt":{"rendered":"<p>Gemahlener Kreuzk\u00fcmmel Beschreibung von unserem gemahlenen Kreuzk\u00fcmmel 1 kg<\/p>\n","protected":false},"featured_media":225846,"template":"","meta":{"_acf_changed":false},"product_brand":[],"product_cat":[1144,1441,1442],"product_tag":[],"class_list":{"0":"post-18190","1":"product","2":"type-product","3":"status-publish","4":"has-post-thumbnail","6":"product_cat-lebensmittel","7":"product_cat-gewurze","8":"product_cat-einfache-gewurze","10":"first","11":"instock","12":"taxable","13":"shipping-taxable","14":"purchasable","15":"product-type-simple"},"acf":[],"yoast_head":"<!-- This site is optimized with the Yoast SEO Premium plugin v26.6 (Yoast SEO v26.6) - https:\/\/yoast.com\/wordpress\/plugins\/seo\/ -->\n<title>Kreuzk\u00fcmmel gemahlen 1 kg<\/title>\n<meta name=\"description\" content=\"Entdecken Sie unseren gemahlenen Kreuzk\u00fcmmel 1kg, ein Gew\u00fcrz mit warmen und pfeffrigen Noten, perfekt, um Ihre Gerichte zu verfeinern. Ideal f\u00fcr Profis.\" \/>\n<meta name=\"robots\" content=\"index, follow, max-snippet:-1, max-image-preview:large, max-video-preview:-1\" \/>\n<link rel=\"canonical\" href=\"https:\/\/www.csj-emballages.com\/de\/produit\/kreuzkuemmel-gemahlen-1-kg\/\" \/>\n<meta property=\"og:locale\" content=\"de_DE\" \/>\n<meta property=\"og:type\" content=\"article\" \/>\n<meta property=\"og:title\" content=\"Kreuzk\u00fcmmel gemahlen 1 kg\" \/>\n<meta property=\"og:description\" content=\"Entdecken Sie unseren gemahlenen Kreuzk\u00fcmmel 1kg, ein Gew\u00fcrz mit warmen und pfeffrigen Noten, perfekt, um Ihre Gerichte zu verfeinern. Ideal f\u00fcr Profis.\" \/>\n<meta property=\"og:url\" content=\"https:\/\/www.csj-emballages.com\/de\/produit\/kreuzkuemmel-gemahlen-1-kg\/\" \/>\n<meta property=\"og:site_name\" content=\"CSJ Emballages\" \/>\n<meta property=\"article:publisher\" content=\"https:\/\/www.facebook.com\/csjemballages\" \/>\n<meta property=\"article:modified_time\" content=\"2026-04-03T00:10:37+00:00\" \/>\n<meta property=\"og:image\" content=\"https:\/\/www.csj-emballages.com\/wp-content\/uploads\/2024\/03\/Cumin-moulu.webp\" \/>\n\t<meta property=\"og:image:width\" content=\"800\" \/>\n\t<meta property=\"og:image:height\" content=\"800\" \/>\n\t<meta property=\"og:image:type\" content=\"image\/webp\" \/>\n<meta name=\"twitter:card\" content=\"summary_large_image\" \/>\n<meta name=\"twitter:label1\" content=\"Gesch\u00e4tzte Lesezeit\" \/>\n\t<meta name=\"twitter:data1\" content=\"2 Minuten\" \/>\n<script type=\"application\/ld+json\" class=\"yoast-schema-graph\">{\"@context\":\"https:\/\/schema.org\",\"@graph\":[{\"@type\":\"WebPage\",\"@id\":\"https:\/\/www.csj-emballages.com\/de\/produit\/kreuzkuemmel-gemahlen-1-kg\/\",\"url\":\"https:\/\/www.csj-emballages.com\/de\/produit\/kreuzkuemmel-gemahlen-1-kg\/\",\"name\":\"Kreuzk\u00fcmmel gemahlen 1 kg\",\"isPartOf\":{\"@id\":\"https:\/\/www.csj-emballages.com\/de\/#website\"},\"primaryImageOfPage\":{\"@id\":\"https:\/\/www.csj-emballages.com\/de\/produit\/kreuzkuemmel-gemahlen-1-kg\/#primaryimage\"},\"image\":{\"@id\":\"https:\/\/www.csj-emballages.com\/de\/produit\/kreuzkuemmel-gemahlen-1-kg\/#primaryimage\"},\"thumbnailUrl\":\"https:\/\/www.csj-emballages.com\/wp-content\/uploads\/2024\/03\/Cumin-moulu.webp\",\"datePublished\":\"2024-03-01T15:59:40+00:00\",\"dateModified\":\"2026-04-03T00:10:37+00:00\",\"description\":\"Entdecken Sie unseren gemahlenen Kreuzk\u00fcmmel 1kg, ein Gew\u00fcrz mit warmen und pfeffrigen Noten, perfekt, um Ihre Gerichte zu verfeinern. Ideal f\u00fcr Profis.\",\"breadcrumb\":{\"@id\":\"https:\/\/www.csj-emballages.com\/de\/produit\/kreuzkuemmel-gemahlen-1-kg\/#breadcrumb\"},\"inLanguage\":\"de\",\"potentialAction\":[{\"@type\":\"ReadAction\",\"target\":[\"https:\/\/www.csj-emballages.com\/de\/produit\/kreuzkuemmel-gemahlen-1-kg\/\"]}]},{\"@type\":\"ImageObject\",\"inLanguage\":\"de\",\"@id\":\"https:\/\/www.csj-emballages.com\/de\/produit\/kreuzkuemmel-gemahlen-1-kg\/#primaryimage\",\"url\":\"https:\/\/www.csj-emballages.com\/wp-content\/uploads\/2024\/03\/Cumin-moulu.webp\",\"contentUrl\":\"https:\/\/www.csj-emballages.com\/wp-content\/uploads\/2024\/03\/Cumin-moulu.webp\",\"width\":800,\"height\":800,\"caption\":\"cumin moulu\"},{\"@type\":\"BreadcrumbList\",\"@id\":\"https:\/\/www.csj-emballages.com\/de\/produit\/kreuzkuemmel-gemahlen-1-kg\/#breadcrumb\",\"itemListElement\":[{\"@type\":\"ListItem\",\"position\":1,\"name\":\"Accueil\",\"item\":\"https:\/\/www.csj-emballages.com\/de\/universum-lebensmittelverpackungen\/\"},{\"@type\":\"ListItem\",\"position\":2,\"name\":\"Shop\",\"item\":\"https:\/\/www.csj-emballages.com\/shop\/\"},{\"@type\":\"ListItem\",\"position\":3,\"name\":\"Kreuzk\u00fcmmel gemahlen 1 kg\"}]},{\"@type\":\"WebSite\",\"@id\":\"https:\/\/www.csj-emballages.com\/de\/#website\",\"url\":\"https:\/\/www.csj-emballages.com\/de\/\",\"name\":\"CSJ Emballages\",\"description\":\"\",\"publisher\":{\"@id\":\"https:\/\/www.csj-emballages.com\/de\/#organization\"},\"potentialAction\":[{\"@type\":\"SearchAction\",\"target\":{\"@type\":\"EntryPoint\",\"urlTemplate\":\"https:\/\/www.csj-emballages.com\/de\/?s={search_term_string}\"},\"query-input\":{\"@type\":\"PropertyValueSpecification\",\"valueRequired\":true,\"valueName\":\"search_term_string\"}}],\"inLanguage\":\"de\"},{\"@type\":\"Organization\",\"@id\":\"https:\/\/www.csj-emballages.com\/de\/#Organization\/\",\"name\":\"CSJ Emballages\",\"url\":\"https:\/\/www.csj-emballages.com\/de\/\",\"logo\":{\"@type\":\"ImageObject\",\"inLanguage\":\"de\",\"@id\":\"https:\/\/www.csj-emballages.com\/de\/#\/schema\/logo\/image\/\",\"url\":\"https:\/\/www.csj-emballages.com\/wp-content\/uploads\/2023\/10\/logo_csj.webp\",\"contentUrl\":\"https:\/\/www.csj-emballages.com\/wp-content\/uploads\/2023\/10\/logo_csj.webp\",\"width\":250,\"height\":95,\"caption\":\"CSJ Emballages\"},\"image\":{\"@id\":\"https:\/\/www.csj-emballages.com\/de\/#\/schema\/logo\/image\/\"},\"sameAs\":[\"https:\/\/www.facebook.com\/csjemballages\"],\"address\":{\"@type\":\"PostalAddress\",\"streetAddress\":\"ZI La Lechere\",\"addressLocality\":\"Patornay\",\"postalCode\":\"39130\",\"addressCountry\":\"FR\"},\"contactPoint\":[{\"@type\":\"ContactPoint\",\"contactType\":\"Service client\",\"telephone\":\"0384254272\",\"email\":\"contact@csj-emballages.com\"}]}]}<\/script>\n<!-- \/ Yoast SEO Premium plugin. -->","yoast_head_json":{"title":"Kreuzk\u00fcmmel gemahlen 1 kg","description":"Entdecken Sie unseren gemahlenen Kreuzk\u00fcmmel 1kg, ein Gew\u00fcrz mit warmen und pfeffrigen Noten, perfekt, um Ihre Gerichte zu verfeinern. Ideal f\u00fcr Profis.","robots":{"index":"index","follow":"follow","max-snippet":"max-snippet:-1","max-image-preview":"max-image-preview:large","max-video-preview":"max-video-preview:-1"},"canonical":"https:\/\/www.csj-emballages.com\/de\/produit\/kreuzkuemmel-gemahlen-1-kg\/","og_locale":"de_DE","og_type":"article","og_title":"Kreuzk\u00fcmmel gemahlen 1 kg","og_description":"Entdecken Sie unseren gemahlenen Kreuzk\u00fcmmel 1kg, ein Gew\u00fcrz mit warmen und pfeffrigen Noten, perfekt, um Ihre Gerichte zu verfeinern. Ideal f\u00fcr Profis.","og_url":"https:\/\/www.csj-emballages.com\/de\/produit\/kreuzkuemmel-gemahlen-1-kg\/","og_site_name":"CSJ Emballages","article_publisher":"https:\/\/www.facebook.com\/csjemballages","article_modified_time":"2026-04-03T00:10:37+00:00","og_image":[{"width":800,"height":800,"url":"https:\/\/www.csj-emballages.com\/wp-content\/uploads\/2024\/03\/Cumin-moulu.webp","type":"image\/webp"}],"twitter_card":"summary_large_image","twitter_misc":{"Gesch\u00e4tzte Lesezeit":"2 Minuten"},"schema":{"@context":"https:\/\/schema.org","@graph":[{"@type":"WebPage","@id":"https:\/\/www.csj-emballages.com\/de\/produit\/kreuzkuemmel-gemahlen-1-kg\/","url":"https:\/\/www.csj-emballages.com\/de\/produit\/kreuzkuemmel-gemahlen-1-kg\/","name":"Kreuzk\u00fcmmel gemahlen 1 kg","isPartOf":{"@id":"https:\/\/www.csj-emballages.com\/de\/#website"},"primaryImageOfPage":{"@id":"https:\/\/www.csj-emballages.com\/de\/produit\/kreuzkuemmel-gemahlen-1-kg\/#primaryimage"},"image":{"@id":"https:\/\/www.csj-emballages.com\/de\/produit\/kreuzkuemmel-gemahlen-1-kg\/#primaryimage"},"thumbnailUrl":"https:\/\/www.csj-emballages.com\/wp-content\/uploads\/2024\/03\/Cumin-moulu.webp","datePublished":"2024-03-01T15:59:40+00:00","dateModified":"2026-04-03T00:10:37+00:00","description":"Entdecken Sie unseren gemahlenen Kreuzk\u00fcmmel 1kg, ein Gew\u00fcrz mit warmen und pfeffrigen Noten, perfekt, um Ihre Gerichte zu verfeinern. Ideal f\u00fcr Profis.","breadcrumb":{"@id":"https:\/\/www.csj-emballages.com\/de\/produit\/kreuzkuemmel-gemahlen-1-kg\/#breadcrumb"},"inLanguage":"de","potentialAction":[{"@type":"ReadAction","target":["https:\/\/www.csj-emballages.com\/de\/produit\/kreuzkuemmel-gemahlen-1-kg\/"]}]},{"@type":"ImageObject","inLanguage":"de","@id":"https:\/\/www.csj-emballages.com\/de\/produit\/kreuzkuemmel-gemahlen-1-kg\/#primaryimage","url":"https:\/\/www.csj-emballages.com\/wp-content\/uploads\/2024\/03\/Cumin-moulu.webp","contentUrl":"https:\/\/www.csj-emballages.com\/wp-content\/uploads\/2024\/03\/Cumin-moulu.webp","width":800,"height":800,"caption":"cumin moulu"},{"@type":"BreadcrumbList","@id":"https:\/\/www.csj-emballages.com\/de\/produit\/kreuzkuemmel-gemahlen-1-kg\/#breadcrumb","itemListElement":[{"@type":"ListItem","position":1,"name":"Accueil","item":"https:\/\/www.csj-emballages.com\/de\/universum-lebensmittelverpackungen\/"},{"@type":"ListItem","position":2,"name":"Shop","item":"https:\/\/www.csj-emballages.com\/shop\/"},{"@type":"ListItem","position":3,"name":"Kreuzk\u00fcmmel gemahlen 1 kg"}]},{"@type":"WebSite","@id":"https:\/\/www.csj-emballages.com\/de\/#website","url":"https:\/\/www.csj-emballages.com\/de\/","name":"CSJ Emballages","description":"","publisher":{"@id":"https:\/\/www.csj-emballages.com\/de\/#organization"},"potentialAction":[{"@type":"SearchAction","target":{"@type":"EntryPoint","urlTemplate":"https:\/\/www.csj-emballages.com\/de\/?s={search_term_string}"},"query-input":{"@type":"PropertyValueSpecification","valueRequired":true,"valueName":"search_term_string"}}],"inLanguage":"de"},{"@type":"Organization","@id":"https:\/\/www.csj-emballages.com\/de\/#Organization\/","name":"CSJ Emballages","url":"https:\/\/www.csj-emballages.com\/de\/","logo":{"@type":"ImageObject","inLanguage":"de","@id":"https:\/\/www.csj-emballages.com\/de\/#\/schema\/logo\/image\/","url":"https:\/\/www.csj-emballages.com\/wp-content\/uploads\/2023\/10\/logo_csj.webp","contentUrl":"https:\/\/www.csj-emballages.com\/wp-content\/uploads\/2023\/10\/logo_csj.webp","width":250,"height":95,"caption":"CSJ Emballages"},"image":{"@id":"https:\/\/www.csj-emballages.com\/de\/#\/schema\/logo\/image\/"},"sameAs":["https:\/\/www.facebook.com\/csjemballages"],"address":{"@type":"PostalAddress","streetAddress":"ZI La Lechere","addressLocality":"Patornay","postalCode":"39130","addressCountry":"FR"},"contactPoint":[{"@type":"ContactPoint","contactType":"Service client","telephone":"0384254272","email":"contact@csj-emballages.com"}]}]}},"df_price":15.99,"df_sale_price":"","df_regular_price":15.99,"df_image_link":"https:\/\/www.csj-emballages.com\/wp-content\/uploads\/2024\/03\/Cumin-moulu-300x300.webp","tiered_pricing_type":"fixed","tiered_pricing_fixed_rules":[],"tiered_pricing_percentage_rules":[],"tiered_pricing_minimum":1,"tiered_pricing_roles_data":[],"_links":{"self":[{"href":"https:\/\/www.csj-emballages.com\/de\/wp-json\/wp\/v2\/product\/18190","targetHints":{"allow":["GET"]}}],"collection":[{"href":"https:\/\/www.csj-emballages.com\/de\/wp-json\/wp\/v2\/product"}],"about":[{"href":"https:\/\/www.csj-emballages.com\/de\/wp-json\/wp\/v2\/types\/product"}],"wp:featuredmedia":[{"embeddable":true,"href":"https:\/\/www.csj-emballages.com\/de\/wp-json\/wp\/v2\/media\/225846"}],"wp:attachment":[{"href":"https:\/\/www.csj-emballages.com\/de\/wp-json\/wp\/v2\/media?parent=18190"}],"wp:term":[{"taxonomy":"product_brand","embeddable":true,"href":"https:\/\/www.csj-emballages.com\/de\/wp-json\/wp\/v2\/product_brand?post=18190"},{"taxonomy":"product_cat","embeddable":true,"href":"https:\/\/www.csj-emballages.com\/de\/wp-json\/wp\/v2\/product_cat?post=18190"},{"taxonomy":"product_tag","embeddable":true,"href":"https:\/\/www.csj-emballages.com\/de\/wp-json\/wp\/v2\/product_tag?post=18190"}],"curies":[{"name":"wp","href":"https:\/\/api.w.org\/{rel}","templated":true}]}}