{"id":18189,"date":"2024-03-01T16:59:40","date_gmt":"2024-03-01T15:59:40","guid":{"rendered":"https:\/\/u15jnbdpoq.preview.infomaniak.website\/produit\/currypulver-indian-madras-1-kg\/"},"modified":"2026-04-28T02:10:45","modified_gmt":"2026-04-28T00:10:45","slug":"currypulver-indian-madras-1-kg","status":"publish","type":"product","link":"https:\/\/www.csj-emballages.com\/de\/produit\/currypulver-indian-madras-1-kg\/","title":{"rendered":"Currypulver Indian madras 1 kg"},"content":{"rendered":"<h2 class=\"p1\">Currypulver<\/h2>\n<hr>\n<h3>Beschreibung von unserem Currypulver Indian madras 1 kg<\/h3>\n<p><!--more--><\/p>\n<p data-start=\"171\" data-end=\"551\">M\u00f6chten Sie Ihren Gerichten Charakter verleihen, ohne Ihre Rezepte zu komplizieren? Das <strong data-start=\"247\" data-end=\"280\">Indian Madras Currypulver<\/strong> ist unverzichtbar, um Ihrer K\u00fcche sofort Tiefe und W\u00e4rme zu verleihen. Mit seiner ausgewogenen Mischung sorgf\u00e4ltig ausgew\u00e4hlter Gew\u00fcrze bietet es einen intensiven, leicht scharfen Geschmack, der die Geschmacksknospen weckt, ohne die Zutaten zu \u00fcberdecken.  <\/p>\n<p data-start=\"553\" data-end=\"979\">Dieses <strong>Currypulver<\/strong> zeichnet sich durch sein reiches aromatisches Profil aus: warme, w\u00fcrzige und subtil duftende Noten, die sowohl zu traditionellen indischen Gerichten als auch zu allt\u00e4glichen Rezepten passen. Es veredelt <strong>Fleisch, peppt Gem\u00fcse auf, aromatisiert Saucen und verwandelt ein einfaches Reisgericht<\/strong> in einen Teller voller Charakter. Es gen\u00fcgt, eine kleine Menge davon zu streuen, um ein schmackhaftes und reichhaltiges Ergebnis zu erzielen.  <\/p>\n<p data-start=\"981\" data-end=\"1316\">Verpackt im <strong data-start=\"996\" data-end=\"1011\">1-kg-Format<\/strong>, ist dieses <strong>Curry<\/strong> perfekt f\u00fcr den professionellen Einsatz geeignet. Restaurants, Caterer, Imbisse oder Gro\u00dfk\u00fcchen finden darin einen zuverl\u00e4ssigen Partner, um eine gleichbleibende Geschmacksqualit\u00e4t bei jedem Service zu gew\u00e4hrleisten. Zudem erm\u00f6glicht dieses Gro\u00dfformat ein entspanntes Arbeiten ohne Unterbrechungen und hilft gleichzeitig, die Kosten zu kontrollieren.  <\/p>\n<p data-start=\"1318\" data-end=\"1599\">Leicht zu dosieren und einfach in der Anwendung, f\u00fcgt es sich nahtlos in Ihre K\u00fcchenorganisation ein. Ob Sie einen Klassiker neu interpretieren, ein w\u00fcrziges Tagesgericht anbieten oder eine hausgemachte Sauce verfeinern m\u00f6chten, das <strong>Indian Madras Currypulver<\/strong> bringt die exotische Note, die den Unterschied macht. <\/p>\n<p data-start=\"1601\" data-end=\"1731\">Zusammenfassend ist es ein vielseitiges, ausdrucksstarkes und effektives Gew\u00fcrz, entwickelt f\u00fcr alle, die geschmackvoll und ohne \u00dcberfl\u00fcssiges kochen m\u00f6chten.<\/p>\n<p>&nbsp;<\/p>\n<p><!--more--><\/p>\n<h4>Vorteile :<\/h4>\n<ul>\n<li data-start=\"476\" data-end=\"554\">Traditionelle Gew\u00fcrzmischung f\u00fcr einen authentischen Geschmack.<\/li>\n<li data-start=\"555\" data-end=\"640\">Ideal f\u00fcr Fleisch, Fisch, Gem\u00fcse, Saucen und Schmorgerichte.<\/li>\n<li data-start=\"641\" data-end=\"727\">1-kg-Format, perfekt f\u00fcr Gastronomen und Caterer.<\/li>\n<li data-start=\"728\" data-end=\"818\" data-is-only-node=\"\">Angepasste Verpackung zum Erhalt von Aroma und Frische<\/li>\n<\/ul>\n<p>&nbsp;<\/p>\n<p><!--more--><\/p>\n<h4>Weitere Informationen :<\/h4>\n<ul>\n<li><strong>Verpackung<\/strong>: Packung mit 1kg<\/li>\n<li><strong>Format<\/strong> : Gemahlen<\/li>\n<\/ul>\n<p>&nbsp;<\/p>\n<p><!--more--><\/p>\n<p><a href=\"https:\/\/www.csj-emballages.com\/de\/categorie-produit\/lebensmittel\/gewurze\/einfache-gewurze\/\">Sehen Sie sich den Rest unseres Sortiments an einfachen Gew\u00fcrzen an  <\/a><\/p>\n","protected":false},"excerpt":{"rendered":"<p>Currypulver Beschreibung von unserem Currypulver Indian madras 1 kg<\/p>\n","protected":false},"featured_media":225877,"template":"","meta":{"_acf_changed":false},"product_brand":[],"product_cat":[1144,1441,1442],"product_tag":[],"class_list":{"0":"post-18189","1":"product","2":"type-product","3":"status-publish","4":"has-post-thumbnail","6":"product_cat-lebensmittel","7":"product_cat-gewurze","8":"product_cat-einfache-gewurze","10":"first","11":"outofstock","12":"taxable","13":"shipping-taxable","14":"purchasable","15":"product-type-simple"},"acf":[],"yoast_head":"<!-- This site is optimized with the Yoast SEO Premium plugin v26.6 (Yoast SEO v26.6) - https:\/\/yoast.com\/wordpress\/plugins\/seo\/ -->\n<title>Currypulver Indian Madras 1 kg<\/title>\n<meta name=\"description\" content=\"Erleben Sie die Authentizit\u00e4t des Indian Madras Currypulvers 1 kg! Eine w\u00fcrzige Mischung, ideal zum Verfeinern von Fleisch, Fisch und Gem\u00fcse.\" \/>\n<meta name=\"robots\" content=\"index, follow, max-snippet:-1, max-image-preview:large, max-video-preview:-1\" \/>\n<link rel=\"canonical\" href=\"https:\/\/www.csj-emballages.com\/de\/produit\/currypulver-indian-madras-1-kg\/\" \/>\n<meta property=\"og:locale\" content=\"de_DE\" \/>\n<meta property=\"og:type\" content=\"article\" \/>\n<meta property=\"og:title\" content=\"Currypulver Indian madras 1 kg\" \/>\n<meta property=\"og:description\" content=\"Erleben Sie die Authentizit\u00e4t des Indian Madras Currypulvers 1 kg! Eine w\u00fcrzige Mischung, ideal zum Verfeinern von Fleisch, Fisch und Gem\u00fcse.\" \/>\n<meta property=\"og:url\" content=\"https:\/\/www.csj-emballages.com\/de\/produit\/currypulver-indian-madras-1-kg\/\" \/>\n<meta property=\"og:site_name\" content=\"CSJ Emballages\" \/>\n<meta property=\"article:publisher\" content=\"https:\/\/www.facebook.com\/csjemballages\" \/>\n<meta property=\"article:modified_time\" content=\"2026-04-28T00:10:45+00:00\" \/>\n<meta property=\"og:image\" content=\"https:\/\/www.csj-emballages.com\/wp-content\/uploads\/2024\/03\/curry.webp\" \/>\n\t<meta property=\"og:image:width\" content=\"800\" \/>\n\t<meta property=\"og:image:height\" content=\"800\" \/>\n\t<meta property=\"og:image:type\" content=\"image\/webp\" \/>\n<meta name=\"twitter:card\" content=\"summary_large_image\" \/>\n<meta name=\"twitter:label1\" content=\"Gesch\u00e4tzte Lesezeit\" \/>\n\t<meta name=\"twitter:data1\" content=\"2 Minuten\" \/>\n<script type=\"application\/ld+json\" class=\"yoast-schema-graph\">{\"@context\":\"https:\/\/schema.org\",\"@graph\":[{\"@type\":\"WebPage\",\"@id\":\"https:\/\/www.csj-emballages.com\/de\/produit\/currypulver-indian-madras-1-kg\/\",\"url\":\"https:\/\/www.csj-emballages.com\/de\/produit\/currypulver-indian-madras-1-kg\/\",\"name\":\"Currypulver Indian Madras 1 kg\",\"isPartOf\":{\"@id\":\"https:\/\/www.csj-emballages.com\/de\/#website\"},\"primaryImageOfPage\":{\"@id\":\"https:\/\/www.csj-emballages.com\/de\/produit\/currypulver-indian-madras-1-kg\/#primaryimage\"},\"image\":{\"@id\":\"https:\/\/www.csj-emballages.com\/de\/produit\/currypulver-indian-madras-1-kg\/#primaryimage\"},\"thumbnailUrl\":\"https:\/\/www.csj-emballages.com\/wp-content\/uploads\/2024\/03\/curry.webp\",\"datePublished\":\"2024-03-01T15:59:40+00:00\",\"dateModified\":\"2026-04-28T00:10:45+00:00\",\"description\":\"Erleben Sie die Authentizit\u00e4t des Indian Madras Currypulvers 1 kg! Eine w\u00fcrzige Mischung, ideal zum Verfeinern von Fleisch, Fisch und Gem\u00fcse.\",\"breadcrumb\":{\"@id\":\"https:\/\/www.csj-emballages.com\/de\/produit\/currypulver-indian-madras-1-kg\/#breadcrumb\"},\"inLanguage\":\"de\",\"potentialAction\":[{\"@type\":\"ReadAction\",\"target\":[\"https:\/\/www.csj-emballages.com\/de\/produit\/currypulver-indian-madras-1-kg\/\"]}]},{\"@type\":\"ImageObject\",\"inLanguage\":\"de\",\"@id\":\"https:\/\/www.csj-emballages.com\/de\/produit\/currypulver-indian-madras-1-kg\/#primaryimage\",\"url\":\"https:\/\/www.csj-emballages.com\/wp-content\/uploads\/2024\/03\/curry.webp\",\"contentUrl\":\"https:\/\/www.csj-emballages.com\/wp-content\/uploads\/2024\/03\/curry.webp\",\"width\":800,\"height\":800,\"caption\":\"Curry\"},{\"@type\":\"BreadcrumbList\",\"@id\":\"https:\/\/www.csj-emballages.com\/de\/produit\/currypulver-indian-madras-1-kg\/#breadcrumb\",\"itemListElement\":[{\"@type\":\"ListItem\",\"position\":1,\"name\":\"Accueil\",\"item\":\"https:\/\/www.csj-emballages.com\/de\/universum-lebensmittelverpackungen\/\"},{\"@type\":\"ListItem\",\"position\":2,\"name\":\"Shop\",\"item\":\"https:\/\/www.csj-emballages.com\/shop\/\"},{\"@type\":\"ListItem\",\"position\":3,\"name\":\"Currypulver Indian madras 1 kg\"}]},{\"@type\":\"WebSite\",\"@id\":\"https:\/\/www.csj-emballages.com\/de\/#website\",\"url\":\"https:\/\/www.csj-emballages.com\/de\/\",\"name\":\"CSJ Emballages\",\"description\":\"\",\"publisher\":{\"@id\":\"https:\/\/www.csj-emballages.com\/de\/#organization\"},\"potentialAction\":[{\"@type\":\"SearchAction\",\"target\":{\"@type\":\"EntryPoint\",\"urlTemplate\":\"https:\/\/www.csj-emballages.com\/de\/?s={search_term_string}\"},\"query-input\":{\"@type\":\"PropertyValueSpecification\",\"valueRequired\":true,\"valueName\":\"search_term_string\"}}],\"inLanguage\":\"de\"},{\"@type\":\"Organization\",\"@id\":\"https:\/\/www.csj-emballages.com\/de\/#Organization\/\",\"name\":\"CSJ Emballages\",\"url\":\"https:\/\/www.csj-emballages.com\/de\/\",\"logo\":{\"@type\":\"ImageObject\",\"inLanguage\":\"de\",\"@id\":\"https:\/\/www.csj-emballages.com\/de\/#\/schema\/logo\/image\/\",\"url\":\"https:\/\/www.csj-emballages.com\/wp-content\/uploads\/2023\/10\/logo_csj.webp\",\"contentUrl\":\"https:\/\/www.csj-emballages.com\/wp-content\/uploads\/2023\/10\/logo_csj.webp\",\"width\":250,\"height\":95,\"caption\":\"CSJ Emballages\"},\"image\":{\"@id\":\"https:\/\/www.csj-emballages.com\/de\/#\/schema\/logo\/image\/\"},\"sameAs\":[\"https:\/\/www.facebook.com\/csjemballages\"],\"address\":{\"@type\":\"PostalAddress\",\"streetAddress\":\"ZI La Lechere\",\"addressLocality\":\"Patornay\",\"postalCode\":\"39130\",\"addressCountry\":\"FR\"},\"contactPoint\":[{\"@type\":\"ContactPoint\",\"contactType\":\"Service client\",\"telephone\":\"0384254272\",\"email\":\"contact@csj-emballages.com\"}]}]}<\/script>\n<!-- \/ Yoast SEO Premium plugin. -->","yoast_head_json":{"title":"Currypulver Indian Madras 1 kg","description":"Erleben Sie die Authentizit\u00e4t des Indian Madras Currypulvers 1 kg! Eine w\u00fcrzige Mischung, ideal zum Verfeinern von Fleisch, Fisch und Gem\u00fcse.","robots":{"index":"index","follow":"follow","max-snippet":"max-snippet:-1","max-image-preview":"max-image-preview:large","max-video-preview":"max-video-preview:-1"},"canonical":"https:\/\/www.csj-emballages.com\/de\/produit\/currypulver-indian-madras-1-kg\/","og_locale":"de_DE","og_type":"article","og_title":"Currypulver Indian madras 1 kg","og_description":"Erleben Sie die Authentizit\u00e4t des Indian Madras Currypulvers 1 kg! Eine w\u00fcrzige Mischung, ideal zum Verfeinern von Fleisch, Fisch und Gem\u00fcse.","og_url":"https:\/\/www.csj-emballages.com\/de\/produit\/currypulver-indian-madras-1-kg\/","og_site_name":"CSJ Emballages","article_publisher":"https:\/\/www.facebook.com\/csjemballages","article_modified_time":"2026-04-28T00:10:45+00:00","og_image":[{"width":800,"height":800,"url":"https:\/\/www.csj-emballages.com\/wp-content\/uploads\/2024\/03\/curry.webp","type":"image\/webp"}],"twitter_card":"summary_large_image","twitter_misc":{"Gesch\u00e4tzte Lesezeit":"2 Minuten"},"schema":{"@context":"https:\/\/schema.org","@graph":[{"@type":"WebPage","@id":"https:\/\/www.csj-emballages.com\/de\/produit\/currypulver-indian-madras-1-kg\/","url":"https:\/\/www.csj-emballages.com\/de\/produit\/currypulver-indian-madras-1-kg\/","name":"Currypulver Indian Madras 1 kg","isPartOf":{"@id":"https:\/\/www.csj-emballages.com\/de\/#website"},"primaryImageOfPage":{"@id":"https:\/\/www.csj-emballages.com\/de\/produit\/currypulver-indian-madras-1-kg\/#primaryimage"},"image":{"@id":"https:\/\/www.csj-emballages.com\/de\/produit\/currypulver-indian-madras-1-kg\/#primaryimage"},"thumbnailUrl":"https:\/\/www.csj-emballages.com\/wp-content\/uploads\/2024\/03\/curry.webp","datePublished":"2024-03-01T15:59:40+00:00","dateModified":"2026-04-28T00:10:45+00:00","description":"Erleben Sie die Authentizit\u00e4t des Indian Madras Currypulvers 1 kg! Eine w\u00fcrzige Mischung, ideal zum Verfeinern von Fleisch, Fisch und Gem\u00fcse.","breadcrumb":{"@id":"https:\/\/www.csj-emballages.com\/de\/produit\/currypulver-indian-madras-1-kg\/#breadcrumb"},"inLanguage":"de","potentialAction":[{"@type":"ReadAction","target":["https:\/\/www.csj-emballages.com\/de\/produit\/currypulver-indian-madras-1-kg\/"]}]},{"@type":"ImageObject","inLanguage":"de","@id":"https:\/\/www.csj-emballages.com\/de\/produit\/currypulver-indian-madras-1-kg\/#primaryimage","url":"https:\/\/www.csj-emballages.com\/wp-content\/uploads\/2024\/03\/curry.webp","contentUrl":"https:\/\/www.csj-emballages.com\/wp-content\/uploads\/2024\/03\/curry.webp","width":800,"height":800,"caption":"Curry"},{"@type":"BreadcrumbList","@id":"https:\/\/www.csj-emballages.com\/de\/produit\/currypulver-indian-madras-1-kg\/#breadcrumb","itemListElement":[{"@type":"ListItem","position":1,"name":"Accueil","item":"https:\/\/www.csj-emballages.com\/de\/universum-lebensmittelverpackungen\/"},{"@type":"ListItem","position":2,"name":"Shop","item":"https:\/\/www.csj-emballages.com\/shop\/"},{"@type":"ListItem","position":3,"name":"Currypulver Indian madras 1 kg"}]},{"@type":"WebSite","@id":"https:\/\/www.csj-emballages.com\/de\/#website","url":"https:\/\/www.csj-emballages.com\/de\/","name":"CSJ Emballages","description":"","publisher":{"@id":"https:\/\/www.csj-emballages.com\/de\/#organization"},"potentialAction":[{"@type":"SearchAction","target":{"@type":"EntryPoint","urlTemplate":"https:\/\/www.csj-emballages.com\/de\/?s={search_term_string}"},"query-input":{"@type":"PropertyValueSpecification","valueRequired":true,"valueName":"search_term_string"}}],"inLanguage":"de"},{"@type":"Organization","@id":"https:\/\/www.csj-emballages.com\/de\/#Organization\/","name":"CSJ Emballages","url":"https:\/\/www.csj-emballages.com\/de\/","logo":{"@type":"ImageObject","inLanguage":"de","@id":"https:\/\/www.csj-emballages.com\/de\/#\/schema\/logo\/image\/","url":"https:\/\/www.csj-emballages.com\/wp-content\/uploads\/2023\/10\/logo_csj.webp","contentUrl":"https:\/\/www.csj-emballages.com\/wp-content\/uploads\/2023\/10\/logo_csj.webp","width":250,"height":95,"caption":"CSJ Emballages"},"image":{"@id":"https:\/\/www.csj-emballages.com\/de\/#\/schema\/logo\/image\/"},"sameAs":["https:\/\/www.facebook.com\/csjemballages"],"address":{"@type":"PostalAddress","streetAddress":"ZI La Lechere","addressLocality":"Patornay","postalCode":"39130","addressCountry":"FR"},"contactPoint":[{"@type":"ContactPoint","contactType":"Service client","telephone":"0384254272","email":"contact@csj-emballages.com"}]}]}},"df_price":10.28,"df_sale_price":"","df_regular_price":10.28,"df_image_link":"https:\/\/www.csj-emballages.com\/wp-content\/uploads\/2024\/03\/curry-300x300.webp","tiered_pricing_type":"fixed","tiered_pricing_fixed_rules":[],"tiered_pricing_percentage_rules":[],"tiered_pricing_minimum":1,"tiered_pricing_roles_data":[],"_links":{"self":[{"href":"https:\/\/www.csj-emballages.com\/de\/wp-json\/wp\/v2\/product\/18189","targetHints":{"allow":["GET"]}}],"collection":[{"href":"https:\/\/www.csj-emballages.com\/de\/wp-json\/wp\/v2\/product"}],"about":[{"href":"https:\/\/www.csj-emballages.com\/de\/wp-json\/wp\/v2\/types\/product"}],"wp:featuredmedia":[{"embeddable":true,"href":"https:\/\/www.csj-emballages.com\/de\/wp-json\/wp\/v2\/media\/225877"}],"wp:attachment":[{"href":"https:\/\/www.csj-emballages.com\/de\/wp-json\/wp\/v2\/media?parent=18189"}],"wp:term":[{"taxonomy":"product_brand","embeddable":true,"href":"https:\/\/www.csj-emballages.com\/de\/wp-json\/wp\/v2\/product_brand?post=18189"},{"taxonomy":"product_cat","embeddable":true,"href":"https:\/\/www.csj-emballages.com\/de\/wp-json\/wp\/v2\/product_cat?post=18189"},{"taxonomy":"product_tag","embeddable":true,"href":"https:\/\/www.csj-emballages.com\/de\/wp-json\/wp\/v2\/product_tag?post=18189"}],"curies":[{"name":"wp","href":"https:\/\/api.w.org\/{rel}","templated":true}]}}