{"id":18184,"date":"2024-03-01T16:59:40","date_gmt":"2024-03-01T15:59:40","guid":{"rendered":"https:\/\/u15jnbdpoq.preview.infomaniak.website\/produit\/fenchel-gemahlen-1-kg\/"},"modified":"2026-03-26T02:10:32","modified_gmt":"2026-03-26T01:10:32","slug":"fenchel-gemahlen-1-kg","status":"publish","type":"product","link":"https:\/\/www.csj-emballages.com\/de\/produit\/fenchel-gemahlen-1-kg\/","title":{"rendered":"Fenchel gemahlen 1 kg"},"content":{"rendered":"<div style=\"box-sizing: inherit; font-family: Roboto, sans-serif;\">\n<div style=\"box-sizing: inherit; font-family: Roboto, sans-serif;\">\n<div style=\"box-sizing: inherit;\">\n<h2 class=\"p1\">  Gemahlener Fenchel<\/h2>\n<hr>\n<h3>Beschreibung von unserem Fenchel gemahlen 1 kg<\/h3>\n<p><!--more--><\/p>\n<p data-start=\"150\" data-end=\"464\">Der <strong>gemahlene Fenchel<\/strong> ist das perfekte Gew\u00fcrz f\u00fcr alle, die ihren Rezepten eine s\u00fc\u00dfe und leicht anisartige Note verleihen m\u00f6chten. Mit diesem <strong data-start=\"289\" data-end=\"297\">1 kg<\/strong> Format k\u00f6nnen Sie nach Herzenslust kochen, sei es f\u00fcr den professionellen Gebrauch oder f\u00fcr Hobbyk\u00f6che, die gerne mit echten Produkten arbeiten. <\/p>\n<p data-start=\"466\" data-end=\"891\">Schon beim \u00d6ffnen ist sein Duft unverkennbar: frisch, aromatisch und subtil s\u00fc\u00df. Er l\u00e4sst sich leicht in viele Zubereitungen integrieren. Zum Beispiel verfeinert er Fischgerichte, aromatisiert zart wei\u00dfes Fleisch und verleiht Saucen und Marinaden eine echte Tiefe. Dar\u00fcber hinaus eignet er sich hervorragend f\u00fcr Gew\u00fcrzmischungen, insbesondere f\u00fcr die mediterrane, indische oder orientalische K\u00fcche.   <\/p>\n<p data-start=\"893\" data-end=\"1167\">Dank seiner feinen Textur vermischt sich der <strong>gemahlene Fenchel<\/strong> perfekt mit den Zubereitungen, ohne Kl\u00fcmpchen zu hinterlassen. Dies erm\u00f6glicht eine homogene Geschmacksverteilung und ein stets ausgewogenes Ergebnis. So behalten Sie die Kontrolle \u00fcber den Geschmack, ohne andere Zutaten zu \u00fcberdecken.  <\/p>\n<p data-start=\"1169\" data-end=\"1534\">Dieses <strong>1 kg Sparformat<\/strong> ist ideal f\u00fcr Restaurants, Caterer, Handwerker oder Lebensmittelverarbeitungsbetriebe. Es begrenzt Lagerengp\u00e4sse und spart Ihnen t\u00e4glich Zeit. Dar\u00fcber hinaus wird Fenchel auch f\u00fcr seine traditionellen Anwendungen als Aufguss oder in der Wohlf\u00fchlk\u00fcche gesch\u00e4tzt, was ihn zu einem vielseitigen und stets n\u00fctzlichen Gew\u00fcrz macht.  <\/p>\n<p data-start=\"1536\" data-end=\"1750\">Zusammenfassend ist dieser <strong>gemahlene Fenchel<\/strong> ein einfacher und effektiver Verb\u00fcndeter, um Ihre Rezepte mit Finesse zu bereichern. Er verleiht Charakter ohne Aufdringlichkeit und passt sowohl zu herzhaften Gerichten als auch zu originelleren Kreationen. <\/p>\n<p data-start=\"1536\" data-end=\"1750\">\n<\/div>\n<p data-start=\"1536\" data-end=\"1750\"><!--more--><\/p>\n<div style=\"box-sizing: inherit;\">\n<p><strong><span style=\"color: #ff0000;\">MHD abgelaufen 09\/2025<\/span><\/strong><\/p>\n<p>&nbsp;<\/p>\n<p><!--more--><\/p>\n<h4>Vorteile :<\/h4>\n<ul>\n<li data-start=\"486\" data-end=\"568\">Anisartige und leicht s\u00fc\u00dfe Noten, um Ihre Gerichte zu veredeln.<\/li>\n<li data-start=\"569\" data-end=\"664\">Verwendung in der K\u00fcche f\u00fcr herzhafte und s\u00fc\u00dfe Gerichte, sowie als Aufguss.<\/li>\n<li data-start=\"665\" data-end=\"760\">1 kg Packung, ideal f\u00fcr den professionellen Einsatz.<\/li>\n<li data-start=\"761\" data-end=\"825\" data-is-only-node=\"\">100 % Fenchel, ohne Zusatzstoffe oder Konservierungsmittel.<\/li>\n<\/ul>\n<p>&nbsp;<\/p>\n<p><!--more--><\/p>\n<h4>Weitere Informationen :<\/h4>\n<ul>\n<li><strong>Verpackung<\/strong>: Packung mit 1kg<\/li>\n<li><strong>Format<\/strong> : Gemahlen<\/li>\n<\/ul>\n<p>&nbsp;<\/p>\n<p><!--more--><\/p>\n<p><a href=\"https:\/\/www.csj-emballages.com\/de\/categorie-produit\/lebensmittel\/gewurze\/einfache-gewurze\/\">Sehen Sie sich den Rest unseres Sortiments an einfachen Gew\u00fcrzen an  <\/a><\/p>\n<\/div>\n<\/div>\n<\/div>\n<p>&nbsp;<\/p>\n","protected":false},"excerpt":{"rendered":"<p>Gemahlener Fenchel Beschreibung von unserem Fenchel gemahlen 1 kg<\/p>\n","protected":false},"featured_media":261451,"template":"","meta":{"_acf_changed":false},"product_brand":[],"product_cat":[1137,10243,1144,1441,1442],"product_tag":[],"class_list":{"0":"post-18184","1":"product","2":"type-product","3":"status-publish","4":"has-post-thumbnail","6":"product_cat-lebensmittelverpackungen","7":"product_cat-anti-verschwendung","8":"product_cat-lebensmittel","9":"product_cat-gewurze","10":"product_cat-einfache-gewurze","12":"first","13":"instock","14":"sale","15":"taxable","16":"shipping-taxable","17":"purchasable","18":"product-type-simple"},"acf":[],"yoast_head":"<!-- This site is optimized with the Yoast SEO Premium plugin v26.6 (Yoast SEO v26.6) - https:\/\/yoast.com\/wordpress\/plugins\/seo\/ -->\n<title>Fenchel gemahlen 1 kg<\/title>\n<meta name=\"description\" content=\"Entdecken Sie unseren gemahlenen Fenchel 1 kg, ein ideales Gew\u00fcrz f\u00fcr Ihre Gerichte und Aufg\u00fcsse. Sparformat, perfekt f\u00fcr Profis und Privatpersonen\" \/>\n<meta name=\"robots\" content=\"index, follow, max-snippet:-1, max-image-preview:large, max-video-preview:-1\" \/>\n<link rel=\"canonical\" href=\"https:\/\/www.csj-emballages.com\/de\/produit\/fenchel-gemahlen-1-kg\/\" \/>\n<meta property=\"og:locale\" content=\"de_DE\" \/>\n<meta property=\"og:type\" content=\"article\" \/>\n<meta property=\"og:title\" content=\"Fenchel gemahlen 1 kg\" \/>\n<meta property=\"og:description\" content=\"Entdecken Sie unseren gemahlenen Fenchel 1 kg, ein ideales Gew\u00fcrz f\u00fcr Ihre Gerichte und Aufg\u00fcsse. Sparformat, perfekt f\u00fcr Profis und Privatpersonen\" \/>\n<meta property=\"og:url\" content=\"https:\/\/www.csj-emballages.com\/de\/produit\/fenchel-gemahlen-1-kg\/\" \/>\n<meta property=\"og:site_name\" content=\"CSJ Emballages\" \/>\n<meta property=\"article:publisher\" content=\"https:\/\/www.facebook.com\/csjemballages\" \/>\n<meta property=\"article:modified_time\" content=\"2026-03-26T01:10:32+00:00\" \/>\n<meta property=\"og:image\" content=\"https:\/\/www.csj-emballages.com\/wp-content\/uploads\/2024\/03\/Fenouil-moulu.webp\" \/>\n\t<meta property=\"og:image:width\" content=\"800\" \/>\n\t<meta property=\"og:image:height\" content=\"800\" \/>\n\t<meta property=\"og:image:type\" content=\"image\/webp\" \/>\n<meta name=\"twitter:card\" content=\"summary_large_image\" \/>\n<meta name=\"twitter:label1\" content=\"Gesch\u00e4tzte Lesezeit\" \/>\n\t<meta name=\"twitter:data1\" content=\"2 Minuten\" \/>\n<script type=\"application\/ld+json\" class=\"yoast-schema-graph\">{\"@context\":\"https:\/\/schema.org\",\"@graph\":[{\"@type\":\"WebPage\",\"@id\":\"https:\/\/www.csj-emballages.com\/de\/produit\/fenchel-gemahlen-1-kg\/\",\"url\":\"https:\/\/www.csj-emballages.com\/de\/produit\/fenchel-gemahlen-1-kg\/\",\"name\":\"Fenchel gemahlen 1 kg\",\"isPartOf\":{\"@id\":\"https:\/\/www.csj-emballages.com\/de\/#website\"},\"primaryImageOfPage\":{\"@id\":\"https:\/\/www.csj-emballages.com\/de\/produit\/fenchel-gemahlen-1-kg\/#primaryimage\"},\"image\":{\"@id\":\"https:\/\/www.csj-emballages.com\/de\/produit\/fenchel-gemahlen-1-kg\/#primaryimage\"},\"thumbnailUrl\":\"https:\/\/www.csj-emballages.com\/wp-content\/uploads\/2024\/03\/Fenouil-moulu.webp\",\"datePublished\":\"2024-03-01T15:59:40+00:00\",\"dateModified\":\"2026-03-26T01:10:32+00:00\",\"description\":\"Entdecken Sie unseren gemahlenen Fenchel 1 kg, ein ideales Gew\u00fcrz f\u00fcr Ihre Gerichte und Aufg\u00fcsse. Sparformat, perfekt f\u00fcr Profis und Privatpersonen\",\"breadcrumb\":{\"@id\":\"https:\/\/www.csj-emballages.com\/de\/produit\/fenchel-gemahlen-1-kg\/#breadcrumb\"},\"inLanguage\":\"de\",\"potentialAction\":[{\"@type\":\"ReadAction\",\"target\":[\"https:\/\/www.csj-emballages.com\/de\/produit\/fenchel-gemahlen-1-kg\/\"]}]},{\"@type\":\"ImageObject\",\"inLanguage\":\"de\",\"@id\":\"https:\/\/www.csj-emballages.com\/de\/produit\/fenchel-gemahlen-1-kg\/#primaryimage\",\"url\":\"https:\/\/www.csj-emballages.com\/wp-content\/uploads\/2024\/03\/Fenouil-moulu.webp\",\"contentUrl\":\"https:\/\/www.csj-emballages.com\/wp-content\/uploads\/2024\/03\/Fenouil-moulu.webp\",\"width\":800,\"height\":800,\"caption\":\"Fenouil moulu\"},{\"@type\":\"BreadcrumbList\",\"@id\":\"https:\/\/www.csj-emballages.com\/de\/produit\/fenchel-gemahlen-1-kg\/#breadcrumb\",\"itemListElement\":[{\"@type\":\"ListItem\",\"position\":1,\"name\":\"Accueil\",\"item\":\"https:\/\/www.csj-emballages.com\/de\/universum-lebensmittelverpackungen\/\"},{\"@type\":\"ListItem\",\"position\":2,\"name\":\"Shop\",\"item\":\"https:\/\/www.csj-emballages.com\/shop\/\"},{\"@type\":\"ListItem\",\"position\":3,\"name\":\"Fenchel gemahlen 1 kg\"}]},{\"@type\":\"WebSite\",\"@id\":\"https:\/\/www.csj-emballages.com\/de\/#website\",\"url\":\"https:\/\/www.csj-emballages.com\/de\/\",\"name\":\"CSJ Emballages\",\"description\":\"\",\"publisher\":{\"@id\":\"https:\/\/www.csj-emballages.com\/de\/#organization\"},\"potentialAction\":[{\"@type\":\"SearchAction\",\"target\":{\"@type\":\"EntryPoint\",\"urlTemplate\":\"https:\/\/www.csj-emballages.com\/de\/?s={search_term_string}\"},\"query-input\":{\"@type\":\"PropertyValueSpecification\",\"valueRequired\":true,\"valueName\":\"search_term_string\"}}],\"inLanguage\":\"de\"},{\"@type\":\"Organization\",\"@id\":\"https:\/\/www.csj-emballages.com\/de\/#Organization\/\",\"name\":\"CSJ Emballages\",\"url\":\"https:\/\/www.csj-emballages.com\/de\/\",\"logo\":{\"@type\":\"ImageObject\",\"inLanguage\":\"de\",\"@id\":\"https:\/\/www.csj-emballages.com\/de\/#\/schema\/logo\/image\/\",\"url\":\"https:\/\/www.csj-emballages.com\/wp-content\/uploads\/2023\/10\/logo_csj.webp\",\"contentUrl\":\"https:\/\/www.csj-emballages.com\/wp-content\/uploads\/2023\/10\/logo_csj.webp\",\"width\":250,\"height\":95,\"caption\":\"CSJ Emballages\"},\"image\":{\"@id\":\"https:\/\/www.csj-emballages.com\/de\/#\/schema\/logo\/image\/\"},\"sameAs\":[\"https:\/\/www.facebook.com\/csjemballages\"],\"address\":{\"@type\":\"PostalAddress\",\"streetAddress\":\"ZI La Lechere\",\"addressLocality\":\"Patornay\",\"postalCode\":\"39130\",\"addressCountry\":\"FR\"},\"contactPoint\":[{\"@type\":\"ContactPoint\",\"contactType\":\"Service client\",\"telephone\":\"0384254272\",\"email\":\"contact@csj-emballages.com\"}]}]}<\/script>\n<!-- \/ Yoast SEO Premium plugin. -->","yoast_head_json":{"title":"Fenchel gemahlen 1 kg","description":"Entdecken Sie unseren gemahlenen Fenchel 1 kg, ein ideales Gew\u00fcrz f\u00fcr Ihre Gerichte und Aufg\u00fcsse. Sparformat, perfekt f\u00fcr Profis und Privatpersonen","robots":{"index":"index","follow":"follow","max-snippet":"max-snippet:-1","max-image-preview":"max-image-preview:large","max-video-preview":"max-video-preview:-1"},"canonical":"https:\/\/www.csj-emballages.com\/de\/produit\/fenchel-gemahlen-1-kg\/","og_locale":"de_DE","og_type":"article","og_title":"Fenchel gemahlen 1 kg","og_description":"Entdecken Sie unseren gemahlenen Fenchel 1 kg, ein ideales Gew\u00fcrz f\u00fcr Ihre Gerichte und Aufg\u00fcsse. Sparformat, perfekt f\u00fcr Profis und Privatpersonen","og_url":"https:\/\/www.csj-emballages.com\/de\/produit\/fenchel-gemahlen-1-kg\/","og_site_name":"CSJ Emballages","article_publisher":"https:\/\/www.facebook.com\/csjemballages","article_modified_time":"2026-03-26T01:10:32+00:00","og_image":[{"width":800,"height":800,"url":"https:\/\/www.csj-emballages.com\/wp-content\/uploads\/2024\/03\/Fenouil-moulu.webp","type":"image\/webp"}],"twitter_card":"summary_large_image","twitter_misc":{"Gesch\u00e4tzte Lesezeit":"2 Minuten"},"schema":{"@context":"https:\/\/schema.org","@graph":[{"@type":"WebPage","@id":"https:\/\/www.csj-emballages.com\/de\/produit\/fenchel-gemahlen-1-kg\/","url":"https:\/\/www.csj-emballages.com\/de\/produit\/fenchel-gemahlen-1-kg\/","name":"Fenchel gemahlen 1 kg","isPartOf":{"@id":"https:\/\/www.csj-emballages.com\/de\/#website"},"primaryImageOfPage":{"@id":"https:\/\/www.csj-emballages.com\/de\/produit\/fenchel-gemahlen-1-kg\/#primaryimage"},"image":{"@id":"https:\/\/www.csj-emballages.com\/de\/produit\/fenchel-gemahlen-1-kg\/#primaryimage"},"thumbnailUrl":"https:\/\/www.csj-emballages.com\/wp-content\/uploads\/2024\/03\/Fenouil-moulu.webp","datePublished":"2024-03-01T15:59:40+00:00","dateModified":"2026-03-26T01:10:32+00:00","description":"Entdecken Sie unseren gemahlenen Fenchel 1 kg, ein ideales Gew\u00fcrz f\u00fcr Ihre Gerichte und Aufg\u00fcsse. Sparformat, perfekt f\u00fcr Profis und Privatpersonen","breadcrumb":{"@id":"https:\/\/www.csj-emballages.com\/de\/produit\/fenchel-gemahlen-1-kg\/#breadcrumb"},"inLanguage":"de","potentialAction":[{"@type":"ReadAction","target":["https:\/\/www.csj-emballages.com\/de\/produit\/fenchel-gemahlen-1-kg\/"]}]},{"@type":"ImageObject","inLanguage":"de","@id":"https:\/\/www.csj-emballages.com\/de\/produit\/fenchel-gemahlen-1-kg\/#primaryimage","url":"https:\/\/www.csj-emballages.com\/wp-content\/uploads\/2024\/03\/Fenouil-moulu.webp","contentUrl":"https:\/\/www.csj-emballages.com\/wp-content\/uploads\/2024\/03\/Fenouil-moulu.webp","width":800,"height":800,"caption":"Fenouil moulu"},{"@type":"BreadcrumbList","@id":"https:\/\/www.csj-emballages.com\/de\/produit\/fenchel-gemahlen-1-kg\/#breadcrumb","itemListElement":[{"@type":"ListItem","position":1,"name":"Accueil","item":"https:\/\/www.csj-emballages.com\/de\/universum-lebensmittelverpackungen\/"},{"@type":"ListItem","position":2,"name":"Shop","item":"https:\/\/www.csj-emballages.com\/shop\/"},{"@type":"ListItem","position":3,"name":"Fenchel gemahlen 1 kg"}]},{"@type":"WebSite","@id":"https:\/\/www.csj-emballages.com\/de\/#website","url":"https:\/\/www.csj-emballages.com\/de\/","name":"CSJ Emballages","description":"","publisher":{"@id":"https:\/\/www.csj-emballages.com\/de\/#organization"},"potentialAction":[{"@type":"SearchAction","target":{"@type":"EntryPoint","urlTemplate":"https:\/\/www.csj-emballages.com\/de\/?s={search_term_string}"},"query-input":{"@type":"PropertyValueSpecification","valueRequired":true,"valueName":"search_term_string"}}],"inLanguage":"de"},{"@type":"Organization","@id":"https:\/\/www.csj-emballages.com\/de\/#Organization\/","name":"CSJ Emballages","url":"https:\/\/www.csj-emballages.com\/de\/","logo":{"@type":"ImageObject","inLanguage":"de","@id":"https:\/\/www.csj-emballages.com\/de\/#\/schema\/logo\/image\/","url":"https:\/\/www.csj-emballages.com\/wp-content\/uploads\/2023\/10\/logo_csj.webp","contentUrl":"https:\/\/www.csj-emballages.com\/wp-content\/uploads\/2023\/10\/logo_csj.webp","width":250,"height":95,"caption":"CSJ Emballages"},"image":{"@id":"https:\/\/www.csj-emballages.com\/de\/#\/schema\/logo\/image\/"},"sameAs":["https:\/\/www.facebook.com\/csjemballages"],"address":{"@type":"PostalAddress","streetAddress":"ZI La Lechere","addressLocality":"Patornay","postalCode":"39130","addressCountry":"FR"},"contactPoint":[{"@type":"ContactPoint","contactType":"Service client","telephone":"0384254272","email":"contact@csj-emballages.com"}]}]}},"df_price":8.82,"df_sale_price":8.82,"df_regular_price":12.6,"df_image_link":"https:\/\/www.csj-emballages.com\/wp-content\/uploads\/2024\/03\/Fenouil-moulu-300x300.webp","tiered_pricing_type":"fixed","tiered_pricing_fixed_rules":[],"tiered_pricing_percentage_rules":[],"tiered_pricing_minimum":1,"tiered_pricing_roles_data":[],"_links":{"self":[{"href":"https:\/\/www.csj-emballages.com\/de\/wp-json\/wp\/v2\/product\/18184","targetHints":{"allow":["GET"]}}],"collection":[{"href":"https:\/\/www.csj-emballages.com\/de\/wp-json\/wp\/v2\/product"}],"about":[{"href":"https:\/\/www.csj-emballages.com\/de\/wp-json\/wp\/v2\/types\/product"}],"wp:featuredmedia":[{"embeddable":true,"href":"https:\/\/www.csj-emballages.com\/de\/wp-json\/wp\/v2\/media\/261451"}],"wp:attachment":[{"href":"https:\/\/www.csj-emballages.com\/de\/wp-json\/wp\/v2\/media?parent=18184"}],"wp:term":[{"taxonomy":"product_brand","embeddable":true,"href":"https:\/\/www.csj-emballages.com\/de\/wp-json\/wp\/v2\/product_brand?post=18184"},{"taxonomy":"product_cat","embeddable":true,"href":"https:\/\/www.csj-emballages.com\/de\/wp-json\/wp\/v2\/product_cat?post=18184"},{"taxonomy":"product_tag","embeddable":true,"href":"https:\/\/www.csj-emballages.com\/de\/wp-json\/wp\/v2\/product_tag?post=18184"}],"curies":[{"name":"wp","href":"https:\/\/api.w.org\/{rel}","templated":true}]}}