{"id":18183,"date":"2024-03-01T16:59:40","date_gmt":"2024-03-01T15:59:40","guid":{"rendered":"https:\/\/u15jnbdpoq.preview.infomaniak.website\/produit\/cascara-paprika-1-kg\/"},"modified":"2026-04-14T02:10:56","modified_gmt":"2026-04-14T00:10:56","slug":"cascara-paprika-1-kg","status":"publish","type":"product","link":"https:\/\/www.csj-emballages.com\/de\/produit\/cascara-paprika-1-kg\/","title":{"rendered":"Cascara-Paprika 1 kg"},"content":{"rendered":"<h2 class=\"p1\">S\u00fc\u00dfe Chilischote<\/h2>\n<hr>\n<h3>Beschreibung von unserem s\u00fc\u00dfen Cascara Chili 1 kg<\/h3>\n<p><!--more--><\/p>\n<p data-start=\"165\" data-end=\"516\">Der <strong>milde Cascara-Chili<\/strong> ist die perfekte Zutat, um Gerichte zu verfeinern, ohne die Aromen zu \u00fcberdecken. Im Gegensatz zu scharfen Chilis verleiht er eine <strong data-start=\"317\" data-end=\"335\">leichte, fast subtile Sch\u00e4rfe<\/strong>, die den Gaumen w\u00e4rmt, ohne zu brennen. Gerade das macht ihn in der K\u00fcche so beliebt: Er verleiht Rezepten Charakter und bleibt dabei f\u00fcr jeden zug\u00e4nglich.  <\/p>\n<p data-start=\"518\" data-end=\"965\">Mit seiner <strong>sch\u00f6nen roten Farbe<\/strong> und seinem leicht fruchtigen Aroma l\u00e4sst sich dieser Chili vielseitig einsetzen. Er passt hervorragend zu <strong>Saucen, Marinaden, Schmorgerichten, Fleisch, Gem\u00fcse oder mediterranen Rezepten<\/strong>. Eine Prise gen\u00fcgt oft, um ein einfaches Gericht in einen Teller voller Pers\u00f6nlichkeit zu verwandeln. So k\u00f6nnen Sie nach Belieben dosieren und ausgewogene, harmonische Geschmacksnoten kreieren, ohne zu \u00fcbertreiben.   <\/p>\n<p data-start=\"967\" data-end=\"1375\">Verpackt im <strong data-start=\"982\" data-end=\"997\">1 kg Beutel<\/strong>, ist der <strong>milde Cascara-Chili<\/strong> ideal f\u00fcr den professionellen Einsatz, aber auch f\u00fcr Hobbyk\u00f6che, die gerne einen guten Vorrat zur Hand haben. Dieses gro\u00dfz\u00fcgige Format erm\u00f6glicht ein komfortables Arbeiten und gew\u00e4hrleistet gleichzeitig eine gleichbleibende Geschmacksqualit\u00e4t bei allen Zubereitungen. Zudem erm\u00f6glicht seine gute Haltbarkeit, ihn schrittweise zu verwenden, ohne an Qualit\u00e4t einzub\u00fc\u00dfen.  <\/p>\n<p data-start=\"1377\" data-end=\"1600\">Ob Sie nun Gastronom, Caterer oder leidenschaftlicher Hobbykoch sind, dieser <strong>Chili<\/strong> wird schnell zu einem unverzichtbaren Begleiter im Alltag. Er verleiht eine warme Note, f\u00e4rbt Gerichte und bereichert Rezepte, ohne sie jemals zu dominieren. <\/p>\n<p data-start=\"1602\" data-end=\"1751\">Kurz gesagt, der <strong>milde Cascara-Chili<\/strong> ist ein Muss f\u00fcr alle, die Geschmack, Ausgewogenheit und eine echte kulinarische Handschrift suchen.<\/p>\n<p>&nbsp;<\/p>\n<p><!--more--><\/p>\n<h4>Vorteile :<\/h4>\n<ul>\n<li data-start=\"1779\" data-end=\"1830\">Milder und ausgewogener Geschmack, ohne \u00fcberm\u00e4\u00dfige Sch\u00e4rfe.<\/li>\n<li data-start=\"1833\" data-end=\"1859\">Leicht fruchtiges Aroma.<\/li>\n<li data-start=\"1862\" data-end=\"1902\">Vielseitig f\u00fcr zahlreiche Rezepte einsetzbar.<\/li>\n<li data-start=\"1905\" data-end=\"1932\">Wirtschaftliches <strong>1 kg<\/strong>-Format.<\/li>\n<li data-start=\"1935\" data-end=\"1980\">Geeignet f\u00fcr den professionellen oder intensiven Gebrauch.<\/li>\n<\/ul>\n<p>&nbsp;<\/p>\n<p><!--more--><\/p>\n<h4>Weitere Informationen :<\/h4>\n<ul>\n<li><strong>Verpackung<\/strong>: Packung mit 1kg<\/li>\n<li><strong>Format<\/strong> : Gemahlen<\/li>\n<\/ul>\n<p>&nbsp;<\/p>\n<p><!--more--><\/p>\n<p><a href=\"https:\/\/www.csj-emballages.com\/de\/categorie-produit\/lebensmittel\/gewurze\/einfache-gewurze\/\">Sehen Sie sich den Rest unseres Sortiments an einfachen Gew\u00fcrzen an  <\/a><\/p>\n","protected":false},"excerpt":{"rendered":"<p>S\u00fc\u00dfe Chilischote Beschreibung von unserem s\u00fc\u00dfen Cascara Chili 1 kg<\/p>\n","protected":false},"featured_media":225888,"template":"","meta":{"_acf_changed":false},"product_brand":[],"product_cat":[1144,1441,1442],"product_tag":[],"class_list":{"0":"post-18183","1":"product","2":"type-product","3":"status-publish","4":"has-post-thumbnail","6":"product_cat-lebensmittel","7":"product_cat-gewurze","8":"product_cat-einfache-gewurze","10":"first","11":"instock","12":"taxable","13":"shipping-taxable","14":"purchasable","15":"product-type-simple"},"acf":[],"yoast_head":"<!-- This site is optimized with the Yoast SEO Premium plugin v26.6 (Yoast SEO v26.6) - https:\/\/yoast.com\/wordpress\/plugins\/seo\/ -->\n<title>Milder Cascara-Chili 1 kg<\/title>\n<meta name=\"description\" content=\"Entdecken Sie den s\u00fc\u00dfen Cascara-Chili 1 kg, ein subtil duftendes und leicht s\u00fc\u00dfliches Gew\u00fcrz, das sich perfekt zum W\u00fcrzen Ihrer Gerichte eignet.\" \/>\n<meta name=\"robots\" content=\"index, follow, max-snippet:-1, max-image-preview:large, max-video-preview:-1\" \/>\n<link rel=\"canonical\" href=\"https:\/\/www.csj-emballages.com\/de\/produit\/cascara-paprika-1-kg\/\" \/>\n<meta property=\"og:locale\" content=\"de_DE\" \/>\n<meta property=\"og:type\" content=\"article\" \/>\n<meta property=\"og:title\" content=\"Cascara-Paprika 1 kg\" \/>\n<meta property=\"og:description\" content=\"Entdecken Sie den s\u00fc\u00dfen Cascara-Chili 1 kg, ein subtil duftendes und leicht s\u00fc\u00dfliches Gew\u00fcrz, das sich perfekt zum W\u00fcrzen Ihrer Gerichte eignet.\" \/>\n<meta property=\"og:url\" content=\"https:\/\/www.csj-emballages.com\/de\/produit\/cascara-paprika-1-kg\/\" \/>\n<meta property=\"og:site_name\" content=\"CSJ Emballages\" \/>\n<meta property=\"article:publisher\" content=\"https:\/\/www.facebook.com\/csjemballages\" \/>\n<meta property=\"article:modified_time\" content=\"2026-04-14T00:10:56+00:00\" \/>\n<meta property=\"og:image\" content=\"https:\/\/www.csj-emballages.com\/wp-content\/uploads\/2024\/03\/piment-doux-1.webp\" \/>\n\t<meta property=\"og:image:width\" content=\"800\" \/>\n\t<meta property=\"og:image:height\" content=\"800\" \/>\n\t<meta property=\"og:image:type\" content=\"image\/webp\" \/>\n<meta name=\"twitter:card\" content=\"summary_large_image\" \/>\n<meta name=\"twitter:label1\" content=\"Gesch\u00e4tzte Lesezeit\" \/>\n\t<meta name=\"twitter:data1\" content=\"2 Minuten\" \/>\n<script type=\"application\/ld+json\" class=\"yoast-schema-graph\">{\"@context\":\"https:\/\/schema.org\",\"@graph\":[{\"@type\":\"WebPage\",\"@id\":\"https:\/\/www.csj-emballages.com\/de\/produit\/cascara-paprika-1-kg\/\",\"url\":\"https:\/\/www.csj-emballages.com\/de\/produit\/cascara-paprika-1-kg\/\",\"name\":\"Milder Cascara-Chili 1 kg\",\"isPartOf\":{\"@id\":\"https:\/\/www.csj-emballages.com\/de\/#website\"},\"primaryImageOfPage\":{\"@id\":\"https:\/\/www.csj-emballages.com\/de\/produit\/cascara-paprika-1-kg\/#primaryimage\"},\"image\":{\"@id\":\"https:\/\/www.csj-emballages.com\/de\/produit\/cascara-paprika-1-kg\/#primaryimage\"},\"thumbnailUrl\":\"https:\/\/www.csj-emballages.com\/wp-content\/uploads\/2024\/03\/piment-doux-1.webp\",\"datePublished\":\"2024-03-01T15:59:40+00:00\",\"dateModified\":\"2026-04-14T00:10:56+00:00\",\"description\":\"Entdecken Sie den s\u00fc\u00dfen Cascara-Chili 1 kg, ein subtil duftendes und leicht s\u00fc\u00dfliches Gew\u00fcrz, das sich perfekt zum W\u00fcrzen Ihrer Gerichte eignet.\",\"breadcrumb\":{\"@id\":\"https:\/\/www.csj-emballages.com\/de\/produit\/cascara-paprika-1-kg\/#breadcrumb\"},\"inLanguage\":\"de\",\"potentialAction\":[{\"@type\":\"ReadAction\",\"target\":[\"https:\/\/www.csj-emballages.com\/de\/produit\/cascara-paprika-1-kg\/\"]}]},{\"@type\":\"ImageObject\",\"inLanguage\":\"de\",\"@id\":\"https:\/\/www.csj-emballages.com\/de\/produit\/cascara-paprika-1-kg\/#primaryimage\",\"url\":\"https:\/\/www.csj-emballages.com\/wp-content\/uploads\/2024\/03\/piment-doux-1.webp\",\"contentUrl\":\"https:\/\/www.csj-emballages.com\/wp-content\/uploads\/2024\/03\/piment-doux-1.webp\",\"width\":800,\"height\":800,\"caption\":\"Piment doux\"},{\"@type\":\"BreadcrumbList\",\"@id\":\"https:\/\/www.csj-emballages.com\/de\/produit\/cascara-paprika-1-kg\/#breadcrumb\",\"itemListElement\":[{\"@type\":\"ListItem\",\"position\":1,\"name\":\"Accueil\",\"item\":\"https:\/\/www.csj-emballages.com\/de\/universum-lebensmittelverpackungen\/\"},{\"@type\":\"ListItem\",\"position\":2,\"name\":\"Shop\",\"item\":\"https:\/\/www.csj-emballages.com\/shop\/\"},{\"@type\":\"ListItem\",\"position\":3,\"name\":\"Cascara-Paprika 1 kg\"}]},{\"@type\":\"WebSite\",\"@id\":\"https:\/\/www.csj-emballages.com\/de\/#website\",\"url\":\"https:\/\/www.csj-emballages.com\/de\/\",\"name\":\"CSJ Emballages\",\"description\":\"\",\"publisher\":{\"@id\":\"https:\/\/www.csj-emballages.com\/de\/#organization\"},\"potentialAction\":[{\"@type\":\"SearchAction\",\"target\":{\"@type\":\"EntryPoint\",\"urlTemplate\":\"https:\/\/www.csj-emballages.com\/de\/?s={search_term_string}\"},\"query-input\":{\"@type\":\"PropertyValueSpecification\",\"valueRequired\":true,\"valueName\":\"search_term_string\"}}],\"inLanguage\":\"de\"},{\"@type\":\"Organization\",\"@id\":\"https:\/\/www.csj-emballages.com\/de\/#Organization\/\",\"name\":\"CSJ Emballages\",\"url\":\"https:\/\/www.csj-emballages.com\/de\/\",\"logo\":{\"@type\":\"ImageObject\",\"inLanguage\":\"de\",\"@id\":\"https:\/\/www.csj-emballages.com\/de\/#\/schema\/logo\/image\/\",\"url\":\"https:\/\/www.csj-emballages.com\/wp-content\/uploads\/2023\/10\/logo_csj.webp\",\"contentUrl\":\"https:\/\/www.csj-emballages.com\/wp-content\/uploads\/2023\/10\/logo_csj.webp\",\"width\":250,\"height\":95,\"caption\":\"CSJ Emballages\"},\"image\":{\"@id\":\"https:\/\/www.csj-emballages.com\/de\/#\/schema\/logo\/image\/\"},\"sameAs\":[\"https:\/\/www.facebook.com\/csjemballages\"],\"address\":{\"@type\":\"PostalAddress\",\"streetAddress\":\"ZI La Lechere\",\"addressLocality\":\"Patornay\",\"postalCode\":\"39130\",\"addressCountry\":\"FR\"},\"contactPoint\":[{\"@type\":\"ContactPoint\",\"contactType\":\"Service client\",\"telephone\":\"0384254272\",\"email\":\"contact@csj-emballages.com\"}]}]}<\/script>\n<!-- \/ Yoast SEO Premium plugin. -->","yoast_head_json":{"title":"Milder Cascara-Chili 1 kg","description":"Entdecken Sie den s\u00fc\u00dfen Cascara-Chili 1 kg, ein subtil duftendes und leicht s\u00fc\u00dfliches Gew\u00fcrz, das sich perfekt zum W\u00fcrzen Ihrer Gerichte eignet.","robots":{"index":"index","follow":"follow","max-snippet":"max-snippet:-1","max-image-preview":"max-image-preview:large","max-video-preview":"max-video-preview:-1"},"canonical":"https:\/\/www.csj-emballages.com\/de\/produit\/cascara-paprika-1-kg\/","og_locale":"de_DE","og_type":"article","og_title":"Cascara-Paprika 1 kg","og_description":"Entdecken Sie den s\u00fc\u00dfen Cascara-Chili 1 kg, ein subtil duftendes und leicht s\u00fc\u00dfliches Gew\u00fcrz, das sich perfekt zum W\u00fcrzen Ihrer Gerichte eignet.","og_url":"https:\/\/www.csj-emballages.com\/de\/produit\/cascara-paprika-1-kg\/","og_site_name":"CSJ Emballages","article_publisher":"https:\/\/www.facebook.com\/csjemballages","article_modified_time":"2026-04-14T00:10:56+00:00","og_image":[{"width":800,"height":800,"url":"https:\/\/www.csj-emballages.com\/wp-content\/uploads\/2024\/03\/piment-doux-1.webp","type":"image\/webp"}],"twitter_card":"summary_large_image","twitter_misc":{"Gesch\u00e4tzte Lesezeit":"2 Minuten"},"schema":{"@context":"https:\/\/schema.org","@graph":[{"@type":"WebPage","@id":"https:\/\/www.csj-emballages.com\/de\/produit\/cascara-paprika-1-kg\/","url":"https:\/\/www.csj-emballages.com\/de\/produit\/cascara-paprika-1-kg\/","name":"Milder Cascara-Chili 1 kg","isPartOf":{"@id":"https:\/\/www.csj-emballages.com\/de\/#website"},"primaryImageOfPage":{"@id":"https:\/\/www.csj-emballages.com\/de\/produit\/cascara-paprika-1-kg\/#primaryimage"},"image":{"@id":"https:\/\/www.csj-emballages.com\/de\/produit\/cascara-paprika-1-kg\/#primaryimage"},"thumbnailUrl":"https:\/\/www.csj-emballages.com\/wp-content\/uploads\/2024\/03\/piment-doux-1.webp","datePublished":"2024-03-01T15:59:40+00:00","dateModified":"2026-04-14T00:10:56+00:00","description":"Entdecken Sie den s\u00fc\u00dfen Cascara-Chili 1 kg, ein subtil duftendes und leicht s\u00fc\u00dfliches Gew\u00fcrz, das sich perfekt zum W\u00fcrzen Ihrer Gerichte eignet.","breadcrumb":{"@id":"https:\/\/www.csj-emballages.com\/de\/produit\/cascara-paprika-1-kg\/#breadcrumb"},"inLanguage":"de","potentialAction":[{"@type":"ReadAction","target":["https:\/\/www.csj-emballages.com\/de\/produit\/cascara-paprika-1-kg\/"]}]},{"@type":"ImageObject","inLanguage":"de","@id":"https:\/\/www.csj-emballages.com\/de\/produit\/cascara-paprika-1-kg\/#primaryimage","url":"https:\/\/www.csj-emballages.com\/wp-content\/uploads\/2024\/03\/piment-doux-1.webp","contentUrl":"https:\/\/www.csj-emballages.com\/wp-content\/uploads\/2024\/03\/piment-doux-1.webp","width":800,"height":800,"caption":"Piment doux"},{"@type":"BreadcrumbList","@id":"https:\/\/www.csj-emballages.com\/de\/produit\/cascara-paprika-1-kg\/#breadcrumb","itemListElement":[{"@type":"ListItem","position":1,"name":"Accueil","item":"https:\/\/www.csj-emballages.com\/de\/universum-lebensmittelverpackungen\/"},{"@type":"ListItem","position":2,"name":"Shop","item":"https:\/\/www.csj-emballages.com\/shop\/"},{"@type":"ListItem","position":3,"name":"Cascara-Paprika 1 kg"}]},{"@type":"WebSite","@id":"https:\/\/www.csj-emballages.com\/de\/#website","url":"https:\/\/www.csj-emballages.com\/de\/","name":"CSJ Emballages","description":"","publisher":{"@id":"https:\/\/www.csj-emballages.com\/de\/#organization"},"potentialAction":[{"@type":"SearchAction","target":{"@type":"EntryPoint","urlTemplate":"https:\/\/www.csj-emballages.com\/de\/?s={search_term_string}"},"query-input":{"@type":"PropertyValueSpecification","valueRequired":true,"valueName":"search_term_string"}}],"inLanguage":"de"},{"@type":"Organization","@id":"https:\/\/www.csj-emballages.com\/de\/#Organization\/","name":"CSJ Emballages","url":"https:\/\/www.csj-emballages.com\/de\/","logo":{"@type":"ImageObject","inLanguage":"de","@id":"https:\/\/www.csj-emballages.com\/de\/#\/schema\/logo\/image\/","url":"https:\/\/www.csj-emballages.com\/wp-content\/uploads\/2023\/10\/logo_csj.webp","contentUrl":"https:\/\/www.csj-emballages.com\/wp-content\/uploads\/2023\/10\/logo_csj.webp","width":250,"height":95,"caption":"CSJ Emballages"},"image":{"@id":"https:\/\/www.csj-emballages.com\/de\/#\/schema\/logo\/image\/"},"sameAs":["https:\/\/www.facebook.com\/csjemballages"],"address":{"@type":"PostalAddress","streetAddress":"ZI La Lechere","addressLocality":"Patornay","postalCode":"39130","addressCountry":"FR"},"contactPoint":[{"@type":"ContactPoint","contactType":"Service client","telephone":"0384254272","email":"contact@csj-emballages.com"}]}]}},"df_price":14.38,"df_sale_price":"","df_regular_price":14.38,"df_image_link":"https:\/\/www.csj-emballages.com\/wp-content\/uploads\/2024\/03\/piment-doux-1-300x300.webp","tiered_pricing_type":"fixed","tiered_pricing_fixed_rules":[],"tiered_pricing_percentage_rules":[],"tiered_pricing_minimum":1,"tiered_pricing_roles_data":[],"_links":{"self":[{"href":"https:\/\/www.csj-emballages.com\/de\/wp-json\/wp\/v2\/product\/18183","targetHints":{"allow":["GET"]}}],"collection":[{"href":"https:\/\/www.csj-emballages.com\/de\/wp-json\/wp\/v2\/product"}],"about":[{"href":"https:\/\/www.csj-emballages.com\/de\/wp-json\/wp\/v2\/types\/product"}],"wp:featuredmedia":[{"embeddable":true,"href":"https:\/\/www.csj-emballages.com\/de\/wp-json\/wp\/v2\/media\/225888"}],"wp:attachment":[{"href":"https:\/\/www.csj-emballages.com\/de\/wp-json\/wp\/v2\/media?parent=18183"}],"wp:term":[{"taxonomy":"product_brand","embeddable":true,"href":"https:\/\/www.csj-emballages.com\/de\/wp-json\/wp\/v2\/product_brand?post=18183"},{"taxonomy":"product_cat","embeddable":true,"href":"https:\/\/www.csj-emballages.com\/de\/wp-json\/wp\/v2\/product_cat?post=18183"},{"taxonomy":"product_tag","embeddable":true,"href":"https:\/\/www.csj-emballages.com\/de\/wp-json\/wp\/v2\/product_tag?post=18183"}],"curies":[{"name":"wp","href":"https:\/\/api.w.org\/{rel}","templated":true}]}}