{"id":18178,"date":"2024-03-01T16:59:39","date_gmt":"2024-03-01T15:59:39","guid":{"rendered":"https:\/\/u15jnbdpoq.preview.infomaniak.website\/produit\/gewuerze-brathaehnchen-1051-5-kg\/"},"modified":"2026-05-06T02:10:34","modified_gmt":"2026-05-06T00:10:34","slug":"gewuerze-brathaehnchen-1051-5-kg","status":"publish","type":"product","link":"https:\/\/www.csj-emballages.com\/de\/produit\/gewuerze-brathaehnchen-1051-5-kg\/","title":{"rendered":"Gew\u00fcrze Brath\u00e4hnchen 1051 5 kg"},"content":{"rendered":"<h2>Gew\u00fcrze Brath\u00e4hnchen<\/h2>\n<hr>\n<h3>Beschreibung von unserem Gew\u00fcrz Brath\u00e4hnchen in 5kg<\/h3>\n<p><!--more--><\/p>\n<p class=\"\" data-start=\"95\" data-end=\"436\">Verleihen Sie Ihren Gefl\u00fcgelgerichten mit dieser speziellen Gew\u00fcrzmischung f\u00fcr <strong data-start=\"202\" data-end=\"217\">Brath\u00e4hnchen<\/strong>, die in einem <strong data-start=\"234\" data-end=\"250\">5-kg-Eimer<\/strong> verpackt ist, einen authentischen und gro\u00dfz\u00fcgigen Geschmack. Diese ausgewogene <strong>Mischung<\/strong> wurde entwickelt, um den Anforderungen der Gastronomie gerecht zu werden, und vereint kr\u00e4ftige Aromen mit einer warmen Note, die typisch f\u00fcr einen <strong>goldbraunen Braten<\/strong> ist. Perfekt f\u00fcr Caterer, Metzger, Bratereien oder Gastwirte, denn diese preisg\u00fcnstige Gr\u00f6\u00dfe erm\u00f6glicht es, gro\u00dfe Mengen zu verarbeiten, ohne Kompromisse bei der Qualit\u00e4t einzugehen. \u00dcberziehen Sie Ihr Gefl\u00fcgel einfach gro\u00dfz\u00fcgig mit dieser Mischung, um eine knusprige, goldbraune und duftende Haut zu erhalten, w\u00e4hrend das Fleisch mit feinen Kr\u00e4uter- und Gew\u00fcrznoten verfeinert wird.   <\/p>\n<p class=\"\" data-start=\"811\" data-end=\"1032\">Diese Gew\u00fcrzmischung sorgt f\u00fcr eine sch\u00f6ne Farbe beim Kochen und einen unwiderstehlichen Geschmack, ohne dass zus\u00e4tzliche Gew\u00fcrze hinzugef\u00fcgt werden m\u00fcssen.<\/p>\n<p class=\"\" data-start=\"1034\" data-end=\"1294\">Es ist einfach zu verwenden und eignet sich gleicherma\u00dfen f\u00fcr die Zubereitung im Ofen, am Spie\u00df, im Br\u00e4ter oder sogar f\u00fcr l\u00e4ngere Marinaden. Dank seiner feinen Textur haftet es perfekt an der Haut des <strong>Huhns<\/strong> und sorgt so jedes Mal f\u00fcr ein professionelles Ergebnis. <\/p>\n<p>&nbsp;<\/p>\n<p><!--more--><\/p>\n<div style=\"box-sizing: inherit; font-family: Roboto, sans-serif;\">\n<p><span style=\"color: #c79600; font-weight: bold;\">Zusammensetzung:<\/span> Salz \/ Gew\u00fcrze (Chilipfeffer, Paprika, schwarzer Pfeffer, Knoblauch) \/ Natriumglutamat E-621 \/ <span style=\"font-size: 16px;\">Zwiebel<\/span><\/p>\n<\/div>\n<p>&nbsp;<\/p>\n<p><!--more--><\/p>\n<div style=\"box-sizing: inherit; font-family: Roboto, sans-serif;\">\n<h4>Ihre Vorteile :<\/h4>\n<ul>\n<li>Authentischer Gourmetgeschmack, der speziell f\u00fcr Brath\u00e4hnchen entwickelt wurde.<\/li>\n<li>Praktisches 5-kg-Format f\u00fcr den intensiven Gebrauch in der Profik\u00fcche.<\/li>\n<li>Ausgewogene Mischung: Paprika, Knoblauch, Kr\u00e4uter, milde Gew\u00fcrze.<\/li>\n<li>Ideal zum Braten, Backen, Grillen oder Marinieren.<\/li>\n<\/ul>\n<p>&nbsp;<\/p>\n<\/div>\n<p><!--more--><\/p>\n<div style=\"box-sizing: inherit; font-family: Roboto, sans-serif;\">\n<h4>Weitere Informationen :<\/h4>\n<ul>\n<li><strong>Verpackung<\/strong>: 5kg Eimer<\/li>\n<li><strong>Typ<\/strong>: Brath\u00e4hnchen<\/li>\n<\/ul>\n<p>&nbsp;<\/p>\n<\/div>\n<p><!--more--><\/p>\n<p>Hier finden Sie unsere Gew\u00fcrze f\u00fcr Grillh\u00e4hnchen : <span style=\"color: #d12727;\"><a style=\"color: #d12727;\" href=\"https:\/\/www.csj-emballages.com\/produit\/epices-a-poulet-grill-3033-5-kg\/\">10540<\/a><\/span><\/p>\n<div style=\"box-sizing: inherit; font-family: Roboto, sans-serif;\">\n<p>&nbsp;<\/p>\n<\/div>\n<p><!--more--><\/p>\n<div style=\"box-sizing: inherit; font-family: Roboto, sans-serif;\"><a href=\"https:\/\/www.csj-emballages.com\/de\/categorie-produit\/lebensmittel\/gewurze\/zusammengesetzte-gewurze\/hahnchen\/\">Sehen Sie sich den Rest unseres Sortiments an H\u00e4hnchengew\u00fcrzen an<\/a><\/div>\n","protected":false},"excerpt":{"rendered":"<p>Gew\u00fcrze Brath\u00e4hnchen Beschreibung von unserem Gew\u00fcrz Brath\u00e4hnchen in 5kg<\/p>\n","protected":false},"featured_media":231340,"template":"","meta":{"_acf_changed":false},"product_brand":[],"product_cat":[1144,1441,1779,1783],"product_tag":[],"class_list":{"0":"post-18178","1":"product","2":"type-product","3":"status-publish","4":"has-post-thumbnail","6":"product_cat-lebensmittel","7":"product_cat-gewurze","8":"product_cat-zusammengesetzte-gewurze","9":"product_cat-hahnchen","11":"first","12":"instock","13":"taxable","14":"shipping-taxable","15":"purchasable","16":"product-type-simple"},"acf":[],"yoast_head":"<!-- This site is optimized with the Yoast SEO Premium plugin v26.6 (Yoast SEO v26.6) - https:\/\/yoast.com\/wordpress\/plugins\/seo\/ -->\n<title>Gew\u00fcrze Brath\u00e4hnchen 5kg<\/title>\n<meta name=\"description\" content=\"Gew\u00fcrzmischung Brath\u00e4hnchen im 5-kg-Eimer. Perfekt f\u00fcr Bratereien und Profis. Authentisches Aroma, goldene Farbe, unwiderstehlicher Geschmack.\" \/>\n<meta name=\"robots\" content=\"index, follow, max-snippet:-1, max-image-preview:large, max-video-preview:-1\" \/>\n<link rel=\"canonical\" href=\"https:\/\/www.csj-emballages.com\/de\/produit\/gewuerze-brathaehnchen-1051-5-kg\/\" \/>\n<meta property=\"og:locale\" content=\"de_DE\" \/>\n<meta property=\"og:type\" content=\"article\" \/>\n<meta property=\"og:title\" content=\"Gew\u00fcrze Brath\u00e4hnchen 1051 5 kg\" \/>\n<meta property=\"og:description\" content=\"Gew\u00fcrzmischung Brath\u00e4hnchen im 5-kg-Eimer. Perfekt f\u00fcr Bratereien und Profis. Authentisches Aroma, goldene Farbe, unwiderstehlicher Geschmack.\" \/>\n<meta property=\"og:url\" content=\"https:\/\/www.csj-emballages.com\/de\/produit\/gewuerze-brathaehnchen-1051-5-kg\/\" \/>\n<meta property=\"og:site_name\" content=\"CSJ Emballages\" \/>\n<meta property=\"article:publisher\" content=\"https:\/\/www.facebook.com\/csjemballages\" \/>\n<meta property=\"article:modified_time\" content=\"2026-05-06T00:10:34+00:00\" \/>\n<meta property=\"og:image\" content=\"https:\/\/www.csj-emballages.com\/wp-content\/uploads\/2024\/03\/Design-sans-titre-11.webp\" \/>\n\t<meta property=\"og:image:width\" content=\"800\" \/>\n\t<meta property=\"og:image:height\" content=\"800\" \/>\n\t<meta property=\"og:image:type\" content=\"image\/jpeg\" \/>\n<meta name=\"twitter:card\" content=\"summary_large_image\" \/>\n<meta name=\"twitter:label1\" content=\"Gesch\u00e4tzte Lesezeit\" \/>\n\t<meta name=\"twitter:data1\" content=\"1\u00a0Minute\" \/>\n<script type=\"application\/ld+json\" class=\"yoast-schema-graph\">{\"@context\":\"https:\/\/schema.org\",\"@graph\":[{\"@type\":\"WebPage\",\"@id\":\"https:\/\/www.csj-emballages.com\/de\/produit\/gewuerze-brathaehnchen-1051-5-kg\/\",\"url\":\"https:\/\/www.csj-emballages.com\/de\/produit\/gewuerze-brathaehnchen-1051-5-kg\/\",\"name\":\"Gew\u00fcrze Brath\u00e4hnchen 5kg\",\"isPartOf\":{\"@id\":\"https:\/\/www.csj-emballages.com\/de\/#website\"},\"primaryImageOfPage\":{\"@id\":\"https:\/\/www.csj-emballages.com\/de\/produit\/gewuerze-brathaehnchen-1051-5-kg\/#primaryimage\"},\"image\":{\"@id\":\"https:\/\/www.csj-emballages.com\/de\/produit\/gewuerze-brathaehnchen-1051-5-kg\/#primaryimage\"},\"thumbnailUrl\":\"https:\/\/www.csj-emballages.com\/wp-content\/uploads\/2024\/03\/Design-sans-titre-11.webp\",\"datePublished\":\"2024-03-01T15:59:39+00:00\",\"dateModified\":\"2026-05-06T00:10:34+00:00\",\"description\":\"Gew\u00fcrzmischung Brath\u00e4hnchen im 5-kg-Eimer. Perfekt f\u00fcr Bratereien und Profis. Authentisches Aroma, goldene Farbe, unwiderstehlicher Geschmack.\",\"breadcrumb\":{\"@id\":\"https:\/\/www.csj-emballages.com\/de\/produit\/gewuerze-brathaehnchen-1051-5-kg\/#breadcrumb\"},\"inLanguage\":\"de\",\"potentialAction\":[{\"@type\":\"ReadAction\",\"target\":[\"https:\/\/www.csj-emballages.com\/de\/produit\/gewuerze-brathaehnchen-1051-5-kg\/\"]}]},{\"@type\":\"ImageObject\",\"inLanguage\":\"de\",\"@id\":\"https:\/\/www.csj-emballages.com\/de\/produit\/gewuerze-brathaehnchen-1051-5-kg\/#primaryimage\",\"url\":\"https:\/\/www.csj-emballages.com\/wp-content\/uploads\/2024\/03\/Design-sans-titre-11.webp\",\"contentUrl\":\"https:\/\/www.csj-emballages.com\/wp-content\/uploads\/2024\/03\/Design-sans-titre-11.webp\",\"width\":800,\"height\":800,\"caption\":\"\u00c9pices poulet r\u00f4ti\"},{\"@type\":\"BreadcrumbList\",\"@id\":\"https:\/\/www.csj-emballages.com\/de\/produit\/gewuerze-brathaehnchen-1051-5-kg\/#breadcrumb\",\"itemListElement\":[{\"@type\":\"ListItem\",\"position\":1,\"name\":\"Accueil\",\"item\":\"https:\/\/www.csj-emballages.com\/de\/universum-lebensmittelverpackungen\/\"},{\"@type\":\"ListItem\",\"position\":2,\"name\":\"Shop\",\"item\":\"https:\/\/www.csj-emballages.com\/shop\/\"},{\"@type\":\"ListItem\",\"position\":3,\"name\":\"Gew\u00fcrze Brath\u00e4hnchen 1051 5 kg\"}]},{\"@type\":\"WebSite\",\"@id\":\"https:\/\/www.csj-emballages.com\/de\/#website\",\"url\":\"https:\/\/www.csj-emballages.com\/de\/\",\"name\":\"CSJ Emballages\",\"description\":\"\",\"publisher\":{\"@id\":\"https:\/\/www.csj-emballages.com\/de\/#organization\"},\"potentialAction\":[{\"@type\":\"SearchAction\",\"target\":{\"@type\":\"EntryPoint\",\"urlTemplate\":\"https:\/\/www.csj-emballages.com\/de\/?s={search_term_string}\"},\"query-input\":{\"@type\":\"PropertyValueSpecification\",\"valueRequired\":true,\"valueName\":\"search_term_string\"}}],\"inLanguage\":\"de\"},{\"@type\":\"Organization\",\"@id\":\"https:\/\/www.csj-emballages.com\/de\/#Organization\/\",\"name\":\"CSJ Emballages\",\"url\":\"https:\/\/www.csj-emballages.com\/de\/\",\"logo\":{\"@type\":\"ImageObject\",\"inLanguage\":\"de\",\"@id\":\"https:\/\/www.csj-emballages.com\/de\/#\/schema\/logo\/image\/\",\"url\":\"https:\/\/www.csj-emballages.com\/wp-content\/uploads\/2023\/10\/logo_csj.webp\",\"contentUrl\":\"https:\/\/www.csj-emballages.com\/wp-content\/uploads\/2023\/10\/logo_csj.webp\",\"width\":250,\"height\":95,\"caption\":\"CSJ Emballages\"},\"image\":{\"@id\":\"https:\/\/www.csj-emballages.com\/de\/#\/schema\/logo\/image\/\"},\"sameAs\":[\"https:\/\/www.facebook.com\/csjemballages\"],\"address\":{\"@type\":\"PostalAddress\",\"streetAddress\":\"ZI La Lechere\",\"addressLocality\":\"Patornay\",\"postalCode\":\"39130\",\"addressCountry\":\"FR\"},\"contactPoint\":[{\"@type\":\"ContactPoint\",\"contactType\":\"Service client\",\"telephone\":\"0384254272\",\"email\":\"contact@csj-emballages.com\"}]}]}<\/script>\n<!-- \/ Yoast SEO Premium plugin. -->","yoast_head_json":{"title":"Gew\u00fcrze Brath\u00e4hnchen 5kg","description":"Gew\u00fcrzmischung Brath\u00e4hnchen im 5-kg-Eimer. Perfekt f\u00fcr Bratereien und Profis. Authentisches Aroma, goldene Farbe, unwiderstehlicher Geschmack.","robots":{"index":"index","follow":"follow","max-snippet":"max-snippet:-1","max-image-preview":"max-image-preview:large","max-video-preview":"max-video-preview:-1"},"canonical":"https:\/\/www.csj-emballages.com\/de\/produit\/gewuerze-brathaehnchen-1051-5-kg\/","og_locale":"de_DE","og_type":"article","og_title":"Gew\u00fcrze Brath\u00e4hnchen 1051 5 kg","og_description":"Gew\u00fcrzmischung Brath\u00e4hnchen im 5-kg-Eimer. Perfekt f\u00fcr Bratereien und Profis. Authentisches Aroma, goldene Farbe, unwiderstehlicher Geschmack.","og_url":"https:\/\/www.csj-emballages.com\/de\/produit\/gewuerze-brathaehnchen-1051-5-kg\/","og_site_name":"CSJ Emballages","article_publisher":"https:\/\/www.facebook.com\/csjemballages","article_modified_time":"2026-05-06T00:10:34+00:00","og_image":[{"width":800,"height":800,"url":"https:\/\/www.csj-emballages.com\/wp-content\/uploads\/2024\/03\/Design-sans-titre-11.webp","type":"image\/jpeg"}],"twitter_card":"summary_large_image","twitter_misc":{"Gesch\u00e4tzte Lesezeit":"1\u00a0Minute"},"schema":{"@context":"https:\/\/schema.org","@graph":[{"@type":"WebPage","@id":"https:\/\/www.csj-emballages.com\/de\/produit\/gewuerze-brathaehnchen-1051-5-kg\/","url":"https:\/\/www.csj-emballages.com\/de\/produit\/gewuerze-brathaehnchen-1051-5-kg\/","name":"Gew\u00fcrze Brath\u00e4hnchen 5kg","isPartOf":{"@id":"https:\/\/www.csj-emballages.com\/de\/#website"},"primaryImageOfPage":{"@id":"https:\/\/www.csj-emballages.com\/de\/produit\/gewuerze-brathaehnchen-1051-5-kg\/#primaryimage"},"image":{"@id":"https:\/\/www.csj-emballages.com\/de\/produit\/gewuerze-brathaehnchen-1051-5-kg\/#primaryimage"},"thumbnailUrl":"https:\/\/www.csj-emballages.com\/wp-content\/uploads\/2024\/03\/Design-sans-titre-11.webp","datePublished":"2024-03-01T15:59:39+00:00","dateModified":"2026-05-06T00:10:34+00:00","description":"Gew\u00fcrzmischung Brath\u00e4hnchen im 5-kg-Eimer. Perfekt f\u00fcr Bratereien und Profis. Authentisches Aroma, goldene Farbe, unwiderstehlicher Geschmack.","breadcrumb":{"@id":"https:\/\/www.csj-emballages.com\/de\/produit\/gewuerze-brathaehnchen-1051-5-kg\/#breadcrumb"},"inLanguage":"de","potentialAction":[{"@type":"ReadAction","target":["https:\/\/www.csj-emballages.com\/de\/produit\/gewuerze-brathaehnchen-1051-5-kg\/"]}]},{"@type":"ImageObject","inLanguage":"de","@id":"https:\/\/www.csj-emballages.com\/de\/produit\/gewuerze-brathaehnchen-1051-5-kg\/#primaryimage","url":"https:\/\/www.csj-emballages.com\/wp-content\/uploads\/2024\/03\/Design-sans-titre-11.webp","contentUrl":"https:\/\/www.csj-emballages.com\/wp-content\/uploads\/2024\/03\/Design-sans-titre-11.webp","width":800,"height":800,"caption":"\u00c9pices poulet r\u00f4ti"},{"@type":"BreadcrumbList","@id":"https:\/\/www.csj-emballages.com\/de\/produit\/gewuerze-brathaehnchen-1051-5-kg\/#breadcrumb","itemListElement":[{"@type":"ListItem","position":1,"name":"Accueil","item":"https:\/\/www.csj-emballages.com\/de\/universum-lebensmittelverpackungen\/"},{"@type":"ListItem","position":2,"name":"Shop","item":"https:\/\/www.csj-emballages.com\/shop\/"},{"@type":"ListItem","position":3,"name":"Gew\u00fcrze Brath\u00e4hnchen 1051 5 kg"}]},{"@type":"WebSite","@id":"https:\/\/www.csj-emballages.com\/de\/#website","url":"https:\/\/www.csj-emballages.com\/de\/","name":"CSJ Emballages","description":"","publisher":{"@id":"https:\/\/www.csj-emballages.com\/de\/#organization"},"potentialAction":[{"@type":"SearchAction","target":{"@type":"EntryPoint","urlTemplate":"https:\/\/www.csj-emballages.com\/de\/?s={search_term_string}"},"query-input":{"@type":"PropertyValueSpecification","valueRequired":true,"valueName":"search_term_string"}}],"inLanguage":"de"},{"@type":"Organization","@id":"https:\/\/www.csj-emballages.com\/de\/#Organization\/","name":"CSJ Emballages","url":"https:\/\/www.csj-emballages.com\/de\/","logo":{"@type":"ImageObject","inLanguage":"de","@id":"https:\/\/www.csj-emballages.com\/de\/#\/schema\/logo\/image\/","url":"https:\/\/www.csj-emballages.com\/wp-content\/uploads\/2023\/10\/logo_csj.webp","contentUrl":"https:\/\/www.csj-emballages.com\/wp-content\/uploads\/2023\/10\/logo_csj.webp","width":250,"height":95,"caption":"CSJ Emballages"},"image":{"@id":"https:\/\/www.csj-emballages.com\/de\/#\/schema\/logo\/image\/"},"sameAs":["https:\/\/www.facebook.com\/csjemballages"],"address":{"@type":"PostalAddress","streetAddress":"ZI La Lechere","addressLocality":"Patornay","postalCode":"39130","addressCountry":"FR"},"contactPoint":[{"@type":"ContactPoint","contactType":"Service client","telephone":"0384254272","email":"contact@csj-emballages.com"}]}]}},"df_price":38.88,"df_sale_price":"","df_regular_price":38.88,"df_image_link":"https:\/\/www.csj-emballages.com\/wp-content\/uploads\/2024\/03\/Design-sans-titre-11-300x300.webp","tiered_pricing_type":"fixed","tiered_pricing_fixed_rules":[],"tiered_pricing_percentage_rules":[],"tiered_pricing_minimum":1,"tiered_pricing_roles_data":[],"_links":{"self":[{"href":"https:\/\/www.csj-emballages.com\/de\/wp-json\/wp\/v2\/product\/18178","targetHints":{"allow":["GET"]}}],"collection":[{"href":"https:\/\/www.csj-emballages.com\/de\/wp-json\/wp\/v2\/product"}],"about":[{"href":"https:\/\/www.csj-emballages.com\/de\/wp-json\/wp\/v2\/types\/product"}],"wp:featuredmedia":[{"embeddable":true,"href":"https:\/\/www.csj-emballages.com\/de\/wp-json\/wp\/v2\/media\/231340"}],"wp:attachment":[{"href":"https:\/\/www.csj-emballages.com\/de\/wp-json\/wp\/v2\/media?parent=18178"}],"wp:term":[{"taxonomy":"product_brand","embeddable":true,"href":"https:\/\/www.csj-emballages.com\/de\/wp-json\/wp\/v2\/product_brand?post=18178"},{"taxonomy":"product_cat","embeddable":true,"href":"https:\/\/www.csj-emballages.com\/de\/wp-json\/wp\/v2\/product_cat?post=18178"},{"taxonomy":"product_tag","embeddable":true,"href":"https:\/\/www.csj-emballages.com\/de\/wp-json\/wp\/v2\/product_tag?post=18178"}],"curies":[{"name":"wp","href":"https:\/\/api.w.org\/{rel}","templated":true}]}}