{"id":18172,"date":"2024-03-01T16:59:40","date_gmt":"2024-03-01T15:59:40","guid":{"rendered":"https:\/\/u15jnbdpoq.preview.infomaniak.website\/produit\/schalotten-griess-2-3-mm-1-kg\/"},"modified":"2026-03-12T16:02:28","modified_gmt":"2026-03-12T15:02:28","slug":"schalotten-griess-2-3-mm-1-kg","status":"publish","type":"product","link":"https:\/\/www.csj-emballages.com\/de\/produit\/schalotten-griess-2-3-mm-1-kg\/","title":{"rendered":"Schalotten Grie\u00df 2-3 mm 1 kg"},"content":{"rendered":"<h2 class=\"p1\">Schalottengrie\u00df<\/h2>\n<hr>\n<h3>Beschreibung von unsere Schalotte Grie\u00df 2-3 mm 1 kg<\/h3>\n<p><!--more--><\/p>\n<p data-start=\"209\" data-end=\"556\">Der Schalotten-Grie\u00df <strong data-start=\"228\" data-end=\"238\">2\u20133 mm<\/strong> ist eine Zutat, die man schnell sch\u00e4tzen lernt und immer griffbereit hat. Praktisch, gleichm\u00e4\u00dfig und voller Geschmack, verleiht er Gerichten eine echte aromatische Note, ohne die Nachteile von <strong>frischen Schalotten<\/strong>. Kein Sch\u00e4len, kein Verlust, keine Tr\u00e4nen: Sie dosieren, Sie f\u00fcgen hinzu, es ist fertig.  <\/p>\n<p data-start=\"558\" data-end=\"966\">Dank ihrer <strong>Granulometrie<\/strong> von <strong data-start=\"583\" data-end=\"595\">2 bis 3 mm<\/strong> verteilt sich diese getrocknete Schalotte leicht in allen Zubereitungen. Sie setzt ihre Aromen beim Kochen allm\u00e4hlich frei, was einen ausgewogenen und gut abgerundeten Geschmack ergibt. Sie eignet sich auch hervorragend f\u00fcr Marinaden, Saucen, Vinaigrettes oder Gew\u00fcrzmischungen. So sparen Sie Zeit und bewahren gleichzeitig einen konstanten Geschmack, Gericht f\u00fcr Gericht.   <\/p>\n<p data-start=\"968\" data-end=\"1269\">Das <strong data-start=\"978\" data-end=\"986\">1-kg<\/strong>-Format ist besonders geeignet f\u00fcr Gastronomieprofis, Caterer oder Gro\u00dfk\u00fcchen. Es ist jedoch auch f\u00fcr anspruchsvolle Hobbyk\u00f6che geeignet, die gerne clever kochen. Seine lange Haltbarkeit erm\u00f6glicht ein entspanntes Arbeiten, ohne Verschwendung oder Lieferengp\u00e4sse.  <\/p>\n<p data-start=\"1271\" data-end=\"1603\">Dar\u00fcber hinaus l\u00e4sst sich der <strong>Schalotten-Grie\u00df<\/strong> leicht in die Alltagsk\u00fcche sowie in anspruchsvollere Rezepte integrieren. Er verfeinert Fleisch, begleitet Gem\u00fcse, bereichert Schmorgerichte und verleiht kalten Zubereitungen Charakter. Kurz gesagt, ist er ein zuverl\u00e4ssiger Verb\u00fcndeter f\u00fcr eine effiziente, gleichm\u00e4\u00dfige und schmackhafte K\u00fcche.  <\/p>\n<p>&nbsp;<\/p>\n<p><!--more--><\/p>\n<h4>Vorteile :<\/h4>\n<ul>\n<li data-start=\"488\" data-end=\"561\">Zeitersparnis in der K\u00fcche, ohne vorherige Zubereitung.<\/li>\n<li data-start=\"562\" data-end=\"646\">Bewahrt alle nat\u00fcrlichen Aromen der frischen Schalotte.<\/li>\n<li data-start=\"647\" data-end=\"747\">Perfekt f\u00fcr warme und kalte Gerichte, Saucen, Marinaden und W\u00fcrzmittel.<\/li>\n<li data-start=\"819\" data-end=\"887\">Ideales Grie\u00dfformat f\u00fcr eine kontrollierte Anwendung.<\/li>\n<\/ul>\n<p>&nbsp;<\/p>\n<p><!--more--><\/p>\n<h4>Weitere Informationen :<\/h4>\n<ul>\n<li><strong>Verpackung<\/strong>: Packung mit 1kg<\/li>\n<li><b>Format<\/b>: Grie\u00df<\/li>\n<\/ul>\n<p>&nbsp;<\/p>\n<p><!--more--><\/p>\n<p><a href=\"https:\/\/www.csj-emballages.com\/de\/categorie-produit\/lebensmittel\/gewurze\/einfache-gewurze\/\">Sehen Sie sich den Rest unseres Sortiments an einfachen Gew\u00fcrzen an  <\/a><\/p>\n","protected":false},"excerpt":{"rendered":"<p>Schalottengrie\u00df Beschreibung von unsere Schalotte Grie\u00df 2-3 mm 1 kg<\/p>\n","protected":false},"featured_media":261441,"template":"","meta":{"_acf_changed":false},"product_brand":[],"product_cat":[1144,1441,1442],"product_tag":[],"class_list":{"0":"post-18172","1":"product","2":"type-product","3":"status-publish","4":"has-post-thumbnail","6":"product_cat-lebensmittel","7":"product_cat-gewurze","8":"product_cat-einfache-gewurze","10":"first","11":"instock","12":"taxable","13":"shipping-taxable","14":"purchasable","15":"product-type-simple"},"acf":[],"yoast_head":"<!-- This site is optimized with the Yoast SEO Premium plugin v26.6 (Yoast SEO v26.6) - https:\/\/yoast.com\/wordpress\/plugins\/seo\/ -->\n<title>Schalotte Grie\u00df 2-3 mm 1 kg<\/title>\n<meta name=\"description\" content=\"Schalotten-Grie\u00df 2-3 mm im 1-kg-Beutel. Gebrauchsfertig, praktisch und schmackhaft, ist sie perfekt f\u00fcr Profis und Privatpersonen.\" \/>\n<meta name=\"robots\" content=\"index, follow, max-snippet:-1, max-image-preview:large, max-video-preview:-1\" \/>\n<link rel=\"canonical\" href=\"https:\/\/www.csj-emballages.com\/de\/produit\/schalotten-griess-2-3-mm-1-kg\/\" \/>\n<meta property=\"og:locale\" content=\"de_DE\" \/>\n<meta property=\"og:type\" content=\"article\" \/>\n<meta property=\"og:title\" content=\"Schalotten Grie\u00df 2-3 mm 1 kg\" \/>\n<meta property=\"og:description\" content=\"Schalotten-Grie\u00df 2-3 mm im 1-kg-Beutel. Gebrauchsfertig, praktisch und schmackhaft, ist sie perfekt f\u00fcr Profis und Privatpersonen.\" \/>\n<meta property=\"og:url\" content=\"https:\/\/www.csj-emballages.com\/de\/produit\/schalotten-griess-2-3-mm-1-kg\/\" \/>\n<meta property=\"og:site_name\" content=\"CSJ Emballages\" \/>\n<meta property=\"article:publisher\" content=\"https:\/\/www.facebook.com\/csjemballages\" \/>\n<meta property=\"article:modified_time\" content=\"2026-03-12T15:02:28+00:00\" \/>\n<meta property=\"og:image\" content=\"https:\/\/www.csj-emballages.com\/wp-content\/uploads\/2024\/03\/Echalote-semoule.webp\" \/>\n\t<meta property=\"og:image:width\" content=\"800\" \/>\n\t<meta property=\"og:image:height\" content=\"800\" \/>\n\t<meta property=\"og:image:type\" content=\"image\/webp\" \/>\n<meta name=\"twitter:card\" content=\"summary_large_image\" \/>\n<meta name=\"twitter:label1\" content=\"Gesch\u00e4tzte Lesezeit\" \/>\n\t<meta name=\"twitter:data1\" content=\"1\u00a0Minute\" \/>\n<script type=\"application\/ld+json\" class=\"yoast-schema-graph\">{\"@context\":\"https:\/\/schema.org\",\"@graph\":[{\"@type\":\"WebPage\",\"@id\":\"https:\/\/www.csj-emballages.com\/de\/produit\/schalotten-griess-2-3-mm-1-kg\/\",\"url\":\"https:\/\/www.csj-emballages.com\/de\/produit\/schalotten-griess-2-3-mm-1-kg\/\",\"name\":\"Schalotte Grie\u00df 2-3 mm 1 kg\",\"isPartOf\":{\"@id\":\"https:\/\/www.csj-emballages.com\/de\/#website\"},\"primaryImageOfPage\":{\"@id\":\"https:\/\/www.csj-emballages.com\/de\/produit\/schalotten-griess-2-3-mm-1-kg\/#primaryimage\"},\"image\":{\"@id\":\"https:\/\/www.csj-emballages.com\/de\/produit\/schalotten-griess-2-3-mm-1-kg\/#primaryimage\"},\"thumbnailUrl\":\"https:\/\/www.csj-emballages.com\/wp-content\/uploads\/2024\/03\/Echalote-semoule.webp\",\"datePublished\":\"2024-03-01T15:59:40+00:00\",\"dateModified\":\"2026-03-12T15:02:28+00:00\",\"description\":\"Schalotten-Grie\u00df 2-3 mm im 1-kg-Beutel. Gebrauchsfertig, praktisch und schmackhaft, ist sie perfekt f\u00fcr Profis und Privatpersonen.\",\"breadcrumb\":{\"@id\":\"https:\/\/www.csj-emballages.com\/de\/produit\/schalotten-griess-2-3-mm-1-kg\/#breadcrumb\"},\"inLanguage\":\"de\",\"potentialAction\":[{\"@type\":\"ReadAction\",\"target\":[\"https:\/\/www.csj-emballages.com\/de\/produit\/schalotten-griess-2-3-mm-1-kg\/\"]}]},{\"@type\":\"ImageObject\",\"inLanguage\":\"de\",\"@id\":\"https:\/\/www.csj-emballages.com\/de\/produit\/schalotten-griess-2-3-mm-1-kg\/#primaryimage\",\"url\":\"https:\/\/www.csj-emballages.com\/wp-content\/uploads\/2024\/03\/Echalote-semoule.webp\",\"contentUrl\":\"https:\/\/www.csj-emballages.com\/wp-content\/uploads\/2024\/03\/Echalote-semoule.webp\",\"width\":800,\"height\":800,\"caption\":\"\u00c9chalote semoule\"},{\"@type\":\"BreadcrumbList\",\"@id\":\"https:\/\/www.csj-emballages.com\/de\/produit\/schalotten-griess-2-3-mm-1-kg\/#breadcrumb\",\"itemListElement\":[{\"@type\":\"ListItem\",\"position\":1,\"name\":\"Accueil\",\"item\":\"https:\/\/www.csj-emballages.com\/de\/universum-lebensmittelverpackungen\/\"},{\"@type\":\"ListItem\",\"position\":2,\"name\":\"Shop\",\"item\":\"https:\/\/www.csj-emballages.com\/shop\/\"},{\"@type\":\"ListItem\",\"position\":3,\"name\":\"Schalotten Grie\u00df 2-3 mm 1 kg\"}]},{\"@type\":\"WebSite\",\"@id\":\"https:\/\/www.csj-emballages.com\/de\/#website\",\"url\":\"https:\/\/www.csj-emballages.com\/de\/\",\"name\":\"CSJ Emballages\",\"description\":\"\",\"publisher\":{\"@id\":\"https:\/\/www.csj-emballages.com\/de\/#organization\"},\"potentialAction\":[{\"@type\":\"SearchAction\",\"target\":{\"@type\":\"EntryPoint\",\"urlTemplate\":\"https:\/\/www.csj-emballages.com\/de\/?s={search_term_string}\"},\"query-input\":{\"@type\":\"PropertyValueSpecification\",\"valueRequired\":true,\"valueName\":\"search_term_string\"}}],\"inLanguage\":\"de\"},{\"@type\":\"Organization\",\"@id\":\"https:\/\/www.csj-emballages.com\/de\/#Organization\/\",\"name\":\"CSJ Emballages\",\"url\":\"https:\/\/www.csj-emballages.com\/de\/\",\"logo\":{\"@type\":\"ImageObject\",\"inLanguage\":\"de\",\"@id\":\"https:\/\/www.csj-emballages.com\/de\/#\/schema\/logo\/image\/\",\"url\":\"https:\/\/www.csj-emballages.com\/wp-content\/uploads\/2023\/10\/logo_csj.webp\",\"contentUrl\":\"https:\/\/www.csj-emballages.com\/wp-content\/uploads\/2023\/10\/logo_csj.webp\",\"width\":250,\"height\":95,\"caption\":\"CSJ Emballages\"},\"image\":{\"@id\":\"https:\/\/www.csj-emballages.com\/de\/#\/schema\/logo\/image\/\"},\"sameAs\":[\"https:\/\/www.facebook.com\/csjemballages\"],\"address\":{\"@type\":\"PostalAddress\",\"streetAddress\":\"ZI La Lechere\",\"addressLocality\":\"Patornay\",\"postalCode\":\"39130\",\"addressCountry\":\"FR\"},\"contactPoint\":[{\"@type\":\"ContactPoint\",\"contactType\":\"Service client\",\"telephone\":\"0384254272\",\"email\":\"contact@csj-emballages.com\"}]}]}<\/script>\n<!-- \/ Yoast SEO Premium plugin. -->","yoast_head_json":{"title":"Schalotte Grie\u00df 2-3 mm 1 kg","description":"Schalotten-Grie\u00df 2-3 mm im 1-kg-Beutel. Gebrauchsfertig, praktisch und schmackhaft, ist sie perfekt f\u00fcr Profis und Privatpersonen.","robots":{"index":"index","follow":"follow","max-snippet":"max-snippet:-1","max-image-preview":"max-image-preview:large","max-video-preview":"max-video-preview:-1"},"canonical":"https:\/\/www.csj-emballages.com\/de\/produit\/schalotten-griess-2-3-mm-1-kg\/","og_locale":"de_DE","og_type":"article","og_title":"Schalotten Grie\u00df 2-3 mm 1 kg","og_description":"Schalotten-Grie\u00df 2-3 mm im 1-kg-Beutel. Gebrauchsfertig, praktisch und schmackhaft, ist sie perfekt f\u00fcr Profis und Privatpersonen.","og_url":"https:\/\/www.csj-emballages.com\/de\/produit\/schalotten-griess-2-3-mm-1-kg\/","og_site_name":"CSJ Emballages","article_publisher":"https:\/\/www.facebook.com\/csjemballages","article_modified_time":"2026-03-12T15:02:28+00:00","og_image":[{"width":800,"height":800,"url":"https:\/\/www.csj-emballages.com\/wp-content\/uploads\/2024\/03\/Echalote-semoule.webp","type":"image\/webp"}],"twitter_card":"summary_large_image","twitter_misc":{"Gesch\u00e4tzte Lesezeit":"1\u00a0Minute"},"schema":{"@context":"https:\/\/schema.org","@graph":[{"@type":"WebPage","@id":"https:\/\/www.csj-emballages.com\/de\/produit\/schalotten-griess-2-3-mm-1-kg\/","url":"https:\/\/www.csj-emballages.com\/de\/produit\/schalotten-griess-2-3-mm-1-kg\/","name":"Schalotte Grie\u00df 2-3 mm 1 kg","isPartOf":{"@id":"https:\/\/www.csj-emballages.com\/de\/#website"},"primaryImageOfPage":{"@id":"https:\/\/www.csj-emballages.com\/de\/produit\/schalotten-griess-2-3-mm-1-kg\/#primaryimage"},"image":{"@id":"https:\/\/www.csj-emballages.com\/de\/produit\/schalotten-griess-2-3-mm-1-kg\/#primaryimage"},"thumbnailUrl":"https:\/\/www.csj-emballages.com\/wp-content\/uploads\/2024\/03\/Echalote-semoule.webp","datePublished":"2024-03-01T15:59:40+00:00","dateModified":"2026-03-12T15:02:28+00:00","description":"Schalotten-Grie\u00df 2-3 mm im 1-kg-Beutel. Gebrauchsfertig, praktisch und schmackhaft, ist sie perfekt f\u00fcr Profis und Privatpersonen.","breadcrumb":{"@id":"https:\/\/www.csj-emballages.com\/de\/produit\/schalotten-griess-2-3-mm-1-kg\/#breadcrumb"},"inLanguage":"de","potentialAction":[{"@type":"ReadAction","target":["https:\/\/www.csj-emballages.com\/de\/produit\/schalotten-griess-2-3-mm-1-kg\/"]}]},{"@type":"ImageObject","inLanguage":"de","@id":"https:\/\/www.csj-emballages.com\/de\/produit\/schalotten-griess-2-3-mm-1-kg\/#primaryimage","url":"https:\/\/www.csj-emballages.com\/wp-content\/uploads\/2024\/03\/Echalote-semoule.webp","contentUrl":"https:\/\/www.csj-emballages.com\/wp-content\/uploads\/2024\/03\/Echalote-semoule.webp","width":800,"height":800,"caption":"\u00c9chalote semoule"},{"@type":"BreadcrumbList","@id":"https:\/\/www.csj-emballages.com\/de\/produit\/schalotten-griess-2-3-mm-1-kg\/#breadcrumb","itemListElement":[{"@type":"ListItem","position":1,"name":"Accueil","item":"https:\/\/www.csj-emballages.com\/de\/universum-lebensmittelverpackungen\/"},{"@type":"ListItem","position":2,"name":"Shop","item":"https:\/\/www.csj-emballages.com\/shop\/"},{"@type":"ListItem","position":3,"name":"Schalotten Grie\u00df 2-3 mm 1 kg"}]},{"@type":"WebSite","@id":"https:\/\/www.csj-emballages.com\/de\/#website","url":"https:\/\/www.csj-emballages.com\/de\/","name":"CSJ Emballages","description":"","publisher":{"@id":"https:\/\/www.csj-emballages.com\/de\/#organization"},"potentialAction":[{"@type":"SearchAction","target":{"@type":"EntryPoint","urlTemplate":"https:\/\/www.csj-emballages.com\/de\/?s={search_term_string}"},"query-input":{"@type":"PropertyValueSpecification","valueRequired":true,"valueName":"search_term_string"}}],"inLanguage":"de"},{"@type":"Organization","@id":"https:\/\/www.csj-emballages.com\/de\/#Organization\/","name":"CSJ Emballages","url":"https:\/\/www.csj-emballages.com\/de\/","logo":{"@type":"ImageObject","inLanguage":"de","@id":"https:\/\/www.csj-emballages.com\/de\/#\/schema\/logo\/image\/","url":"https:\/\/www.csj-emballages.com\/wp-content\/uploads\/2023\/10\/logo_csj.webp","contentUrl":"https:\/\/www.csj-emballages.com\/wp-content\/uploads\/2023\/10\/logo_csj.webp","width":250,"height":95,"caption":"CSJ Emballages"},"image":{"@id":"https:\/\/www.csj-emballages.com\/de\/#\/schema\/logo\/image\/"},"sameAs":["https:\/\/www.facebook.com\/csjemballages"],"address":{"@type":"PostalAddress","streetAddress":"ZI La Lechere","addressLocality":"Patornay","postalCode":"39130","addressCountry":"FR"},"contactPoint":[{"@type":"ContactPoint","contactType":"Service client","telephone":"0384254272","email":"contact@csj-emballages.com"}]}]}},"df_price":15.42,"df_sale_price":"","df_regular_price":15.42,"df_image_link":"https:\/\/www.csj-emballages.com\/wp-content\/uploads\/2024\/03\/Echalote-semoule-300x300.webp","tiered_pricing_type":"fixed","tiered_pricing_fixed_rules":[],"tiered_pricing_percentage_rules":[],"tiered_pricing_minimum":1,"tiered_pricing_roles_data":[],"_links":{"self":[{"href":"https:\/\/www.csj-emballages.com\/de\/wp-json\/wp\/v2\/product\/18172","targetHints":{"allow":["GET"]}}],"collection":[{"href":"https:\/\/www.csj-emballages.com\/de\/wp-json\/wp\/v2\/product"}],"about":[{"href":"https:\/\/www.csj-emballages.com\/de\/wp-json\/wp\/v2\/types\/product"}],"wp:featuredmedia":[{"embeddable":true,"href":"https:\/\/www.csj-emballages.com\/de\/wp-json\/wp\/v2\/media\/261441"}],"wp:attachment":[{"href":"https:\/\/www.csj-emballages.com\/de\/wp-json\/wp\/v2\/media?parent=18172"}],"wp:term":[{"taxonomy":"product_brand","embeddable":true,"href":"https:\/\/www.csj-emballages.com\/de\/wp-json\/wp\/v2\/product_brand?post=18172"},{"taxonomy":"product_cat","embeddable":true,"href":"https:\/\/www.csj-emballages.com\/de\/wp-json\/wp\/v2\/product_cat?post=18172"},{"taxonomy":"product_tag","embeddable":true,"href":"https:\/\/www.csj-emballages.com\/de\/wp-json\/wp\/v2\/product_tag?post=18172"}],"curies":[{"name":"wp","href":"https:\/\/api.w.org\/{rel}","templated":true}]}}