{"id":18170,"date":"2024-03-01T16:59:40","date_gmt":"2024-03-01T15:59:40","guid":{"rendered":"https:\/\/u15jnbdpoq.preview.infomaniak.website\/produit\/schnittlauch-1-kg\/"},"modified":"2026-04-28T02:10:43","modified_gmt":"2026-04-28T00:10:43","slug":"schnittlauch-1-kg","status":"publish","type":"product","link":"https:\/\/www.csj-emballages.com\/de\/produit\/schnittlauch-1-kg\/","title":{"rendered":"Schnittlauch 1 kg"},"content":{"rendered":"<h2 class=\"p1\">Schnittlauch<\/h2>\n<hr>\n<h3>Beschreibung von unserem Schnittlauch 1 kg<\/h3>\n<p><!--more--><\/p>\n<p data-start=\"157\" data-end=\"477\">Der <strong>Schnittlauch<\/strong> ist das kleine Detail, das alles ver\u00e4ndert. Mit diesem <strong data-start=\"226\" data-end=\"234\">1 kg<\/strong>-Format haben Sie genug, um gro\u00dfz\u00fcgig zu kochen, ohne zu sparen und vor allem ohne dass Ihnen im falschen Moment die Vorr\u00e4te ausgehen. Frisch, duftend und leuchtend gr\u00fcn, verleiht er Ihren Gerichten sofort eine frische Note, egal ob einfach oder raffiniert.  <\/p>\n<p data-start=\"479\" data-end=\"810\">Sobald man ihn schneidet, entfaltet sich sein zarter Duft. Er verfeinert ein Omelett, veredelt eine Joghurtsauce, verleiht einem Salat Pfiff oder rundet ein warmes Gericht mit Finesse ab. Und vor allem dr\u00e4ngt er sich nie in den Vordergrund: Er begleitet, er balanciert aus, er hebt hervor. Das ist genau das, was man von einem guten K\u00fcchenkraut erwartet.   <\/p>\n<p data-start=\"812\" data-end=\"1215\">Dank dieser <strong data-start=\"842\" data-end=\"850\">1 kg<\/strong>-Verpackung ist der <strong>Schnittlauch<\/strong> ideal f\u00fcr Restaurants, Caterer, Gro\u00dfk\u00fcchen oder professionelle K\u00fcchen. Sie sparen Zeit, reduzieren wiederholte Bestellungen und arbeiten mit einem konsistenten Produkt, das sich leicht in Ihre Organisation integrieren l\u00e4sst.<\/p>\n<p data-start=\"1217\" data-end=\"1461\">Ein weiterer nicht zu untersch\u00e4tzender Vorteil: Schnittlauch schmeckt jedem. Er \u00fcberdauert die Jahreszeiten und Kochstile, ohne jemals aus der Mode zu kommen. Er ist ein unverzichtbarer Alltagshelfer, zuverl\u00e4ssig und vielseitig, der in jeder K\u00fcche seinen Platz findet.  <\/p>\n<p data-start=\"1463\" data-end=\"1605\">Zusammenfassend ist dieser <strong>Schnittlauch 1 kg<\/strong> die ideale L\u00f6sung f\u00fcr alle, die Frische, Geschmack und Einfachheit ohne Kompromisse w\u00fcnschen.<\/p>\n<p data-start=\"1463\" data-end=\"1605\">\n<p data-start=\"1463\" data-end=\"1605\"><!--more--><\/p>\n<p data-start=\"1463\" data-end=\"1605\"><strong><span style=\"color: #ff0000;\">MHD abgelaufen 09\/2025<\/span><\/strong><\/p>\n<p>&nbsp;<\/p>\n<p><!--more--><\/p>\n<h4>Vorteile :<\/h4>\n<ul>\n<li data-start=\"501\" data-end=\"587\">Subtiles Aroma und intensiver Geschmack zur Verfeinerung Ihrer Gerichte.<\/li>\n<li data-start=\"588\" data-end=\"663\">Perfekt f\u00fcr die rohe Verwendung oder zum Kochen.<\/li>\n<li data-start=\"664\" data-end=\"761\">Gro\u00dfes, wirtschaftliches Format f\u00fcr Profis und gro\u00dfe Zubereitungen.<\/li>\n<li data-start=\"762\" data-end=\"846\">Ohne Zusatzstoffe oder Konservierungsmittel, f\u00fcr eine authentische K\u00fcche.<\/li>\n<\/ul>\n<p>&nbsp;<\/p>\n<p><!--more--><\/p>\n<h4>Weitere Informationen :<\/h4>\n<ul>\n<li><strong>Verpackung<\/strong>: Packung mit 1kg<\/li>\n<li><strong>Format<\/strong>: K\u00f6rner<\/li>\n<\/ul>\n<p>&nbsp;<\/p>\n<p><!--more--><\/p>\n<p><a href=\"https:\/\/www.csj-emballages.com\/de\/categorie-produit\/lebensmittel\/gewurze\/einfache-gewurze\/\">Sehen Sie sich den Rest unseres Sortiments an einfachen Gew\u00fcrzen an  <\/a><\/p>\n","protected":false},"excerpt":{"rendered":"<p>Schnittlauch Beschreibung von unserem Schnittlauch 1 kg<\/p>\n","protected":false},"featured_media":225864,"template":"","meta":{"_acf_changed":false},"product_brand":[],"product_cat":[1137,10243,1144,1441,1442],"product_tag":[],"class_list":{"0":"post-18170","1":"product","2":"type-product","3":"status-publish","4":"has-post-thumbnail","6":"product_cat-lebensmittelverpackungen","7":"product_cat-anti-verschwendung","8":"product_cat-lebensmittel","9":"product_cat-gewurze","10":"product_cat-einfache-gewurze","12":"first","13":"instock","14":"sale","15":"taxable","16":"shipping-taxable","17":"purchasable","18":"product-type-simple"},"acf":[],"yoast_head":"<!-- This site is optimized with the Yoast SEO Premium plugin v26.6 (Yoast SEO v26.6) - https:\/\/yoast.com\/wordpress\/plugins\/seo\/ -->\n<title>Schnittlauch 1 kg<\/title>\n<meta name=\"description\" content=\"Entdecken Sie den frischen Schnittlauch 1 kg, ideal, um Ihre Gerichte mit einer subtilen und zarten Aromanote zu verfeinern. Perfekt f\u00fcr Profis.\" \/>\n<meta name=\"robots\" content=\"index, follow, max-snippet:-1, max-image-preview:large, max-video-preview:-1\" \/>\n<link rel=\"canonical\" href=\"https:\/\/www.csj-emballages.com\/de\/produit\/schnittlauch-1-kg\/\" \/>\n<meta property=\"og:locale\" content=\"de_DE\" \/>\n<meta property=\"og:type\" content=\"article\" \/>\n<meta property=\"og:title\" content=\"Schnittlauch 1 kg\" \/>\n<meta property=\"og:description\" content=\"Entdecken Sie den frischen Schnittlauch 1 kg, ideal, um Ihre Gerichte mit einer subtilen und zarten Aromanote zu verfeinern. Perfekt f\u00fcr Profis.\" \/>\n<meta property=\"og:url\" content=\"https:\/\/www.csj-emballages.com\/de\/produit\/schnittlauch-1-kg\/\" \/>\n<meta property=\"og:site_name\" content=\"CSJ Emballages\" \/>\n<meta property=\"article:publisher\" content=\"https:\/\/www.facebook.com\/csjemballages\" \/>\n<meta property=\"article:modified_time\" content=\"2026-04-28T00:10:43+00:00\" \/>\n<meta property=\"og:image\" content=\"https:\/\/www.csj-emballages.com\/wp-content\/uploads\/2024\/03\/ciboulette.webp\" \/>\n\t<meta property=\"og:image:width\" content=\"800\" \/>\n\t<meta property=\"og:image:height\" content=\"800\" \/>\n\t<meta property=\"og:image:type\" content=\"image\/webp\" \/>\n<meta name=\"twitter:card\" content=\"summary_large_image\" \/>\n<meta name=\"twitter:label1\" content=\"Gesch\u00e4tzte Lesezeit\" \/>\n\t<meta name=\"twitter:data1\" content=\"1\u00a0Minute\" \/>\n<script type=\"application\/ld+json\" class=\"yoast-schema-graph\">{\"@context\":\"https:\/\/schema.org\",\"@graph\":[{\"@type\":\"WebPage\",\"@id\":\"https:\/\/www.csj-emballages.com\/de\/produit\/schnittlauch-1-kg\/\",\"url\":\"https:\/\/www.csj-emballages.com\/de\/produit\/schnittlauch-1-kg\/\",\"name\":\"Schnittlauch 1 kg\",\"isPartOf\":{\"@id\":\"https:\/\/www.csj-emballages.com\/de\/#website\"},\"primaryImageOfPage\":{\"@id\":\"https:\/\/www.csj-emballages.com\/de\/produit\/schnittlauch-1-kg\/#primaryimage\"},\"image\":{\"@id\":\"https:\/\/www.csj-emballages.com\/de\/produit\/schnittlauch-1-kg\/#primaryimage\"},\"thumbnailUrl\":\"https:\/\/www.csj-emballages.com\/wp-content\/uploads\/2024\/03\/ciboulette.webp\",\"datePublished\":\"2024-03-01T15:59:40+00:00\",\"dateModified\":\"2026-04-28T00:10:43+00:00\",\"description\":\"Entdecken Sie den frischen Schnittlauch 1 kg, ideal, um Ihre Gerichte mit einer subtilen und zarten Aromanote zu verfeinern. Perfekt f\u00fcr Profis.\",\"breadcrumb\":{\"@id\":\"https:\/\/www.csj-emballages.com\/de\/produit\/schnittlauch-1-kg\/#breadcrumb\"},\"inLanguage\":\"de\",\"potentialAction\":[{\"@type\":\"ReadAction\",\"target\":[\"https:\/\/www.csj-emballages.com\/de\/produit\/schnittlauch-1-kg\/\"]}]},{\"@type\":\"ImageObject\",\"inLanguage\":\"de\",\"@id\":\"https:\/\/www.csj-emballages.com\/de\/produit\/schnittlauch-1-kg\/#primaryimage\",\"url\":\"https:\/\/www.csj-emballages.com\/wp-content\/uploads\/2024\/03\/ciboulette.webp\",\"contentUrl\":\"https:\/\/www.csj-emballages.com\/wp-content\/uploads\/2024\/03\/ciboulette.webp\",\"width\":800,\"height\":800,\"caption\":\"Ciboulette\"},{\"@type\":\"BreadcrumbList\",\"@id\":\"https:\/\/www.csj-emballages.com\/de\/produit\/schnittlauch-1-kg\/#breadcrumb\",\"itemListElement\":[{\"@type\":\"ListItem\",\"position\":1,\"name\":\"Accueil\",\"item\":\"https:\/\/www.csj-emballages.com\/de\/universum-lebensmittelverpackungen\/\"},{\"@type\":\"ListItem\",\"position\":2,\"name\":\"Shop\",\"item\":\"https:\/\/www.csj-emballages.com\/shop\/\"},{\"@type\":\"ListItem\",\"position\":3,\"name\":\"Schnittlauch 1 kg\"}]},{\"@type\":\"WebSite\",\"@id\":\"https:\/\/www.csj-emballages.com\/de\/#website\",\"url\":\"https:\/\/www.csj-emballages.com\/de\/\",\"name\":\"CSJ Emballages\",\"description\":\"\",\"publisher\":{\"@id\":\"https:\/\/www.csj-emballages.com\/de\/#organization\"},\"potentialAction\":[{\"@type\":\"SearchAction\",\"target\":{\"@type\":\"EntryPoint\",\"urlTemplate\":\"https:\/\/www.csj-emballages.com\/de\/?s={search_term_string}\"},\"query-input\":{\"@type\":\"PropertyValueSpecification\",\"valueRequired\":true,\"valueName\":\"search_term_string\"}}],\"inLanguage\":\"de\"},{\"@type\":\"Organization\",\"@id\":\"https:\/\/www.csj-emballages.com\/de\/#Organization\/\",\"name\":\"CSJ Emballages\",\"url\":\"https:\/\/www.csj-emballages.com\/de\/\",\"logo\":{\"@type\":\"ImageObject\",\"inLanguage\":\"de\",\"@id\":\"https:\/\/www.csj-emballages.com\/de\/#\/schema\/logo\/image\/\",\"url\":\"https:\/\/www.csj-emballages.com\/wp-content\/uploads\/2023\/10\/logo_csj.webp\",\"contentUrl\":\"https:\/\/www.csj-emballages.com\/wp-content\/uploads\/2023\/10\/logo_csj.webp\",\"width\":250,\"height\":95,\"caption\":\"CSJ Emballages\"},\"image\":{\"@id\":\"https:\/\/www.csj-emballages.com\/de\/#\/schema\/logo\/image\/\"},\"sameAs\":[\"https:\/\/www.facebook.com\/csjemballages\"],\"address\":{\"@type\":\"PostalAddress\",\"streetAddress\":\"ZI La Lechere\",\"addressLocality\":\"Patornay\",\"postalCode\":\"39130\",\"addressCountry\":\"FR\"},\"contactPoint\":[{\"@type\":\"ContactPoint\",\"contactType\":\"Service client\",\"telephone\":\"0384254272\",\"email\":\"contact@csj-emballages.com\"}]}]}<\/script>\n<!-- \/ Yoast SEO Premium plugin. -->","yoast_head_json":{"title":"Schnittlauch 1 kg","description":"Entdecken Sie den frischen Schnittlauch 1 kg, ideal, um Ihre Gerichte mit einer subtilen und zarten Aromanote zu verfeinern. Perfekt f\u00fcr Profis.","robots":{"index":"index","follow":"follow","max-snippet":"max-snippet:-1","max-image-preview":"max-image-preview:large","max-video-preview":"max-video-preview:-1"},"canonical":"https:\/\/www.csj-emballages.com\/de\/produit\/schnittlauch-1-kg\/","og_locale":"de_DE","og_type":"article","og_title":"Schnittlauch 1 kg","og_description":"Entdecken Sie den frischen Schnittlauch 1 kg, ideal, um Ihre Gerichte mit einer subtilen und zarten Aromanote zu verfeinern. Perfekt f\u00fcr Profis.","og_url":"https:\/\/www.csj-emballages.com\/de\/produit\/schnittlauch-1-kg\/","og_site_name":"CSJ Emballages","article_publisher":"https:\/\/www.facebook.com\/csjemballages","article_modified_time":"2026-04-28T00:10:43+00:00","og_image":[{"width":800,"height":800,"url":"https:\/\/www.csj-emballages.com\/wp-content\/uploads\/2024\/03\/ciboulette.webp","type":"image\/webp"}],"twitter_card":"summary_large_image","twitter_misc":{"Gesch\u00e4tzte Lesezeit":"1\u00a0Minute"},"schema":{"@context":"https:\/\/schema.org","@graph":[{"@type":"WebPage","@id":"https:\/\/www.csj-emballages.com\/de\/produit\/schnittlauch-1-kg\/","url":"https:\/\/www.csj-emballages.com\/de\/produit\/schnittlauch-1-kg\/","name":"Schnittlauch 1 kg","isPartOf":{"@id":"https:\/\/www.csj-emballages.com\/de\/#website"},"primaryImageOfPage":{"@id":"https:\/\/www.csj-emballages.com\/de\/produit\/schnittlauch-1-kg\/#primaryimage"},"image":{"@id":"https:\/\/www.csj-emballages.com\/de\/produit\/schnittlauch-1-kg\/#primaryimage"},"thumbnailUrl":"https:\/\/www.csj-emballages.com\/wp-content\/uploads\/2024\/03\/ciboulette.webp","datePublished":"2024-03-01T15:59:40+00:00","dateModified":"2026-04-28T00:10:43+00:00","description":"Entdecken Sie den frischen Schnittlauch 1 kg, ideal, um Ihre Gerichte mit einer subtilen und zarten Aromanote zu verfeinern. Perfekt f\u00fcr Profis.","breadcrumb":{"@id":"https:\/\/www.csj-emballages.com\/de\/produit\/schnittlauch-1-kg\/#breadcrumb"},"inLanguage":"de","potentialAction":[{"@type":"ReadAction","target":["https:\/\/www.csj-emballages.com\/de\/produit\/schnittlauch-1-kg\/"]}]},{"@type":"ImageObject","inLanguage":"de","@id":"https:\/\/www.csj-emballages.com\/de\/produit\/schnittlauch-1-kg\/#primaryimage","url":"https:\/\/www.csj-emballages.com\/wp-content\/uploads\/2024\/03\/ciboulette.webp","contentUrl":"https:\/\/www.csj-emballages.com\/wp-content\/uploads\/2024\/03\/ciboulette.webp","width":800,"height":800,"caption":"Ciboulette"},{"@type":"BreadcrumbList","@id":"https:\/\/www.csj-emballages.com\/de\/produit\/schnittlauch-1-kg\/#breadcrumb","itemListElement":[{"@type":"ListItem","position":1,"name":"Accueil","item":"https:\/\/www.csj-emballages.com\/de\/universum-lebensmittelverpackungen\/"},{"@type":"ListItem","position":2,"name":"Shop","item":"https:\/\/www.csj-emballages.com\/shop\/"},{"@type":"ListItem","position":3,"name":"Schnittlauch 1 kg"}]},{"@type":"WebSite","@id":"https:\/\/www.csj-emballages.com\/de\/#website","url":"https:\/\/www.csj-emballages.com\/de\/","name":"CSJ Emballages","description":"","publisher":{"@id":"https:\/\/www.csj-emballages.com\/de\/#organization"},"potentialAction":[{"@type":"SearchAction","target":{"@type":"EntryPoint","urlTemplate":"https:\/\/www.csj-emballages.com\/de\/?s={search_term_string}"},"query-input":{"@type":"PropertyValueSpecification","valueRequired":true,"valueName":"search_term_string"}}],"inLanguage":"de"},{"@type":"Organization","@id":"https:\/\/www.csj-emballages.com\/de\/#Organization\/","name":"CSJ Emballages","url":"https:\/\/www.csj-emballages.com\/de\/","logo":{"@type":"ImageObject","inLanguage":"de","@id":"https:\/\/www.csj-emballages.com\/de\/#\/schema\/logo\/image\/","url":"https:\/\/www.csj-emballages.com\/wp-content\/uploads\/2023\/10\/logo_csj.webp","contentUrl":"https:\/\/www.csj-emballages.com\/wp-content\/uploads\/2023\/10\/logo_csj.webp","width":250,"height":95,"caption":"CSJ Emballages"},"image":{"@id":"https:\/\/www.csj-emballages.com\/de\/#\/schema\/logo\/image\/"},"sameAs":["https:\/\/www.facebook.com\/csjemballages"],"address":{"@type":"PostalAddress","streetAddress":"ZI La Lechere","addressLocality":"Patornay","postalCode":"39130","addressCountry":"FR"},"contactPoint":[{"@type":"ContactPoint","contactType":"Service client","telephone":"0384254272","email":"contact@csj-emballages.com"}]}]}},"df_price":17.65,"df_sale_price":17.65,"df_regular_price":25.21,"df_image_link":"https:\/\/www.csj-emballages.com\/wp-content\/uploads\/2024\/03\/ciboulette-300x300.webp","tiered_pricing_type":"fixed","tiered_pricing_fixed_rules":[],"tiered_pricing_percentage_rules":[],"tiered_pricing_minimum":1,"tiered_pricing_roles_data":[],"_links":{"self":[{"href":"https:\/\/www.csj-emballages.com\/de\/wp-json\/wp\/v2\/product\/18170","targetHints":{"allow":["GET"]}}],"collection":[{"href":"https:\/\/www.csj-emballages.com\/de\/wp-json\/wp\/v2\/product"}],"about":[{"href":"https:\/\/www.csj-emballages.com\/de\/wp-json\/wp\/v2\/types\/product"}],"wp:featuredmedia":[{"embeddable":true,"href":"https:\/\/www.csj-emballages.com\/de\/wp-json\/wp\/v2\/media\/225864"}],"wp:attachment":[{"href":"https:\/\/www.csj-emballages.com\/de\/wp-json\/wp\/v2\/media?parent=18170"}],"wp:term":[{"taxonomy":"product_brand","embeddable":true,"href":"https:\/\/www.csj-emballages.com\/de\/wp-json\/wp\/v2\/product_brand?post=18170"},{"taxonomy":"product_cat","embeddable":true,"href":"https:\/\/www.csj-emballages.com\/de\/wp-json\/wp\/v2\/product_cat?post=18170"},{"taxonomy":"product_tag","embeddable":true,"href":"https:\/\/www.csj-emballages.com\/de\/wp-json\/wp\/v2\/product_tag?post=18170"}],"curies":[{"name":"wp","href":"https:\/\/api.w.org\/{rel}","templated":true}]}}