{"id":18145,"date":"2024-03-01T16:59:42","date_gmt":"2024-03-01T15:59:42","guid":{"rendered":"https:\/\/u15jnbdpoq.preview.infomaniak.website\/produit\/lorbeerblaetter-1-kg\/"},"modified":"2026-05-04T02:10:14","modified_gmt":"2026-05-04T00:10:14","slug":"lorbeerblaetter-1-kg","status":"publish","type":"product","link":"https:\/\/www.csj-emballages.com\/de\/produit\/lorbeerblaetter-1-kg\/","title":{"rendered":"Lorbeerbl\u00e4tter 1 kg"},"content":{"rendered":"<h2 class=\"p1\">Lorbeerblatt<\/h2>\n<div style=\"font-family: Roboto, sans-serif;\">\n<div style=\"font-family: Roboto, sans-serif;\">\n<div style=\"font-family: Roboto, sans-serif;\">\n<div style=\"font-family: Roboto, sans-serif;\">\n<div style=\"font-family: Roboto, sans-serif;\">\n<div style=\"font-family: Roboto, sans-serif;\">\n<hr>\n<h3>Beschreibung von unserem Lorbeerblatt 1kg<\/h3>\n<p><!--more--><\/p>\n<p data-start=\"191\" data-end=\"563\">Unverzichtbar in der K\u00fcche: Das <strong data-start=\"220\" data-end=\"242\">Lorbeerblatt<\/strong> geh\u00f6rt zu jenen einfachen Zutaten, die alles ver\u00e4ndern. Mit diesem <strong data-start=\"316\" data-end=\"324\">1-kg<\/strong>-Format haben Sie genug, um Ihre Gerichte langfristig zu aromatisieren, egal ob Sie t\u00e4glich oder in gro\u00dfen Mengen kochen. Ganz verwendet, entfaltet es langsam seine Aromen und verleiht jene subtile, leicht holzige Note, die den Unterschied ausmacht.  <\/p>\n<p data-start=\"565\" data-end=\"925\">Der <strong>Lorbeer<\/strong> l\u00e4sst sich leicht in zahlreiche Rezepte integrieren. Er passt perfekt zu <strong>Schmorgerichten, Saucen, Br\u00fchen, Marinaden oder auch hausgemachten Konserven<\/strong>. Es gen\u00fcgt, ein oder zwei Bl\u00e4tter zu Beginn des Kochens hinzuzuf\u00fcgen, um die Aromen hervorzuheben, ohne sie zu \u00fcberdecken. So gewinnen Ihre Zubereitungen an Charakter, bleiben aber ausgewogen.   <\/p>\n<p data-start=\"927\" data-end=\"1243\">Dank dieser <strong data-start=\"957\" data-end=\"965\">1-kg<\/strong>-Verpackung gewinnen Sie an Komfort und Best\u00e4ndigkeit. Sie m\u00fcssen nicht st\u00e4ndig kleine Beutel nachkaufen. Dieses Format ist ideal f\u00fcr Gastronomen, Caterer, Gro\u00dfk\u00fcchen oder Kochbegeisterte, die gerne mit zuverl\u00e4ssigen und stets verf\u00fcgbaren Zutaten arbeiten.  <\/p>\n<p data-start=\"1245\" data-end=\"1580\">Zudem lassen sich <strong>Lorbeerbl\u00e4tter<\/strong> leicht licht- und feuchtigkeitsgesch\u00fctzt lagern. So behalten sie ihre Aromen l\u00e4nger, was eine schrittweise Verwendung ohne Qualit\u00e4tsverlust erm\u00f6glicht. Praktisch, wirtschaftlich und vielseitig \u2013 dieser Lorbeer passt sowohl zur traditionellen K\u00fcche als auch zu moderneren Rezepten.  <\/p>\n<p data-start=\"1582\" data-end=\"1740\">Zusammenfassend ist dieses <strong>Lorbeerblatt<\/strong> nicht nur ein einfaches Gew\u00fcrz: Es ist ein diskreter, aber unverzichtbarer Verb\u00fcndeter, um Ihren Gerichten Tag f\u00fcr Tag mehr Tiefe zu verleihen.<\/p>\n<p data-start=\"1582\" data-end=\"1740\">\n<\/div>\n<\/div>\n<\/div>\n<\/div>\n<\/div>\n<\/div>\n<p><!--more--><\/p>\n<p><strong>Vorteile :<\/strong><\/p>\n<ul>\n<li data-start=\"1768\" data-end=\"1795\">Wirtschaftliches <strong>1-kg-Format<\/strong>.<\/li>\n<li data-start=\"1798\" data-end=\"1825\">Subtiles und ausgewogenes Aroma.<\/li>\n<li data-start=\"1828\" data-end=\"1876\">Einfache Verwendung in zahlreichen Rezepten.<\/li>\n<li data-start=\"1879\" data-end=\"1928\">Ideal f\u00fcr die professionelle oder intensive K\u00fcche.<\/li>\n<li data-start=\"1931\" data-end=\"1965\">Gute Haltbarkeit.<\/li>\n<\/ul>\n<p>&nbsp;<\/p>\n<p><!--more--><\/p>\n<h4>Weitere Informationen :<\/h4>\n<ul>\n<li><strong>Verpackung<\/strong>: Packung mit 1kg<\/li>\n<li><strong>Format<\/strong>: Ganze Bl\u00e4tter<\/li>\n<\/ul>\n<p>&nbsp;<\/p>\n<p><!--more--><\/p>\n<p>Auch erh\u00e4ltlich in <span style=\"color: #d12727;\"><a style=\"color: #d12727;\" href=\"https:\/\/www.csj-emballages.com\/produit\/laurier-moulu-en-1-kg\/\">gemahlener Lorbeer<\/a><\/span><\/p>\n<p>&nbsp;<\/p>\n<p><!--more--><\/p>\n<p><a href=\"https:\/\/www.csj-emballages.com\/de\/categorie-produit\/lebensmittel\/gewurze\/einfache-gewurze\/\">Sehen Sie sich hier den Rest unseres Sortiments an einfachen Gew\u00fcrzen an.<\/a><\/p>\n","protected":false},"excerpt":{"rendered":"<p>Lorbeerblatt Beschreibung von unserem Lorbeerblatt 1kg<\/p>\n","protected":false},"featured_media":225753,"template":"","meta":{"_acf_changed":false},"product_brand":[],"product_cat":[1144,1441,1442],"product_tag":[],"class_list":{"0":"post-18145","1":"product","2":"type-product","3":"status-publish","4":"has-post-thumbnail","6":"product_cat-lebensmittel","7":"product_cat-gewurze","8":"product_cat-einfache-gewurze","10":"first","11":"instock","12":"taxable","13":"shipping-taxable","14":"purchasable","15":"product-type-simple"},"acf":[],"yoast_head":"<!-- This site is optimized with the Yoast SEO Premium plugin v26.6 (Yoast SEO v26.6) - https:\/\/yoast.com\/wordpress\/plugins\/seo\/ -->\n<title>Lorbeerbl\u00e4tter 1 kg<\/title>\n<meta name=\"description\" content=\"Lorbeerbl\u00e4tter 1 kg \u2013 Visuelle Eleganz, feines Aroma. Unverzichtbar zum Dekorieren und Aromatisieren Ihrer Gerichte.\" \/>\n<meta name=\"robots\" content=\"index, follow, max-snippet:-1, max-image-preview:large, max-video-preview:-1\" \/>\n<link rel=\"canonical\" href=\"https:\/\/www.csj-emballages.com\/de\/produit\/lorbeerblaetter-1-kg\/\" \/>\n<meta property=\"og:locale\" content=\"de_DE\" \/>\n<meta property=\"og:type\" content=\"article\" \/>\n<meta property=\"og:title\" content=\"Lorbeerbl\u00e4tter 1 kg\" \/>\n<meta property=\"og:description\" content=\"Lorbeerbl\u00e4tter 1 kg \u2013 Visuelle Eleganz, feines Aroma. Unverzichtbar zum Dekorieren und Aromatisieren Ihrer Gerichte.\" \/>\n<meta property=\"og:url\" content=\"https:\/\/www.csj-emballages.com\/de\/produit\/lorbeerblaetter-1-kg\/\" \/>\n<meta property=\"og:site_name\" content=\"CSJ Emballages\" \/>\n<meta property=\"article:publisher\" content=\"https:\/\/www.facebook.com\/csjemballages\" \/>\n<meta property=\"article:modified_time\" content=\"2026-05-04T00:10:14+00:00\" \/>\n<meta property=\"og:image\" content=\"https:\/\/www.csj-emballages.com\/wp-content\/uploads\/2024\/03\/feuille-laurier.webp\" \/>\n\t<meta property=\"og:image:width\" content=\"800\" \/>\n\t<meta property=\"og:image:height\" content=\"800\" \/>\n\t<meta property=\"og:image:type\" content=\"image\/webp\" \/>\n<meta name=\"twitter:card\" content=\"summary_large_image\" \/>\n<meta name=\"twitter:label1\" content=\"Gesch\u00e4tzte Lesezeit\" \/>\n\t<meta name=\"twitter:data1\" content=\"1\u00a0Minute\" \/>\n<script type=\"application\/ld+json\" class=\"yoast-schema-graph\">{\"@context\":\"https:\/\/schema.org\",\"@graph\":[{\"@type\":\"WebPage\",\"@id\":\"https:\/\/www.csj-emballages.com\/de\/produit\/lorbeerblaetter-1-kg\/\",\"url\":\"https:\/\/www.csj-emballages.com\/de\/produit\/lorbeerblaetter-1-kg\/\",\"name\":\"Lorbeerbl\u00e4tter 1 kg\",\"isPartOf\":{\"@id\":\"https:\/\/www.csj-emballages.com\/de\/#website\"},\"primaryImageOfPage\":{\"@id\":\"https:\/\/www.csj-emballages.com\/de\/produit\/lorbeerblaetter-1-kg\/#primaryimage\"},\"image\":{\"@id\":\"https:\/\/www.csj-emballages.com\/de\/produit\/lorbeerblaetter-1-kg\/#primaryimage\"},\"thumbnailUrl\":\"https:\/\/www.csj-emballages.com\/wp-content\/uploads\/2024\/03\/feuille-laurier.webp\",\"datePublished\":\"2024-03-01T15:59:42+00:00\",\"dateModified\":\"2026-05-04T00:10:14+00:00\",\"description\":\"Lorbeerbl\u00e4tter 1 kg \u2013 Visuelle Eleganz, feines Aroma. Unverzichtbar zum Dekorieren und Aromatisieren Ihrer Gerichte.\",\"breadcrumb\":{\"@id\":\"https:\/\/www.csj-emballages.com\/de\/produit\/lorbeerblaetter-1-kg\/#breadcrumb\"},\"inLanguage\":\"de\",\"potentialAction\":[{\"@type\":\"ReadAction\",\"target\":[\"https:\/\/www.csj-emballages.com\/de\/produit\/lorbeerblaetter-1-kg\/\"]}]},{\"@type\":\"ImageObject\",\"inLanguage\":\"de\",\"@id\":\"https:\/\/www.csj-emballages.com\/de\/produit\/lorbeerblaetter-1-kg\/#primaryimage\",\"url\":\"https:\/\/www.csj-emballages.com\/wp-content\/uploads\/2024\/03\/feuille-laurier.webp\",\"contentUrl\":\"https:\/\/www.csj-emballages.com\/wp-content\/uploads\/2024\/03\/feuille-laurier.webp\",\"width\":800,\"height\":800,\"caption\":\"Feuille de laurier\"},{\"@type\":\"BreadcrumbList\",\"@id\":\"https:\/\/www.csj-emballages.com\/de\/produit\/lorbeerblaetter-1-kg\/#breadcrumb\",\"itemListElement\":[{\"@type\":\"ListItem\",\"position\":1,\"name\":\"Accueil\",\"item\":\"https:\/\/www.csj-emballages.com\/de\/universum-lebensmittelverpackungen\/\"},{\"@type\":\"ListItem\",\"position\":2,\"name\":\"Shop\",\"item\":\"https:\/\/www.csj-emballages.com\/shop\/\"},{\"@type\":\"ListItem\",\"position\":3,\"name\":\"Lorbeerbl\u00e4tter 1 kg\"}]},{\"@type\":\"WebSite\",\"@id\":\"https:\/\/www.csj-emballages.com\/de\/#website\",\"url\":\"https:\/\/www.csj-emballages.com\/de\/\",\"name\":\"CSJ Emballages\",\"description\":\"\",\"publisher\":{\"@id\":\"https:\/\/www.csj-emballages.com\/de\/#organization\"},\"potentialAction\":[{\"@type\":\"SearchAction\",\"target\":{\"@type\":\"EntryPoint\",\"urlTemplate\":\"https:\/\/www.csj-emballages.com\/de\/?s={search_term_string}\"},\"query-input\":{\"@type\":\"PropertyValueSpecification\",\"valueRequired\":true,\"valueName\":\"search_term_string\"}}],\"inLanguage\":\"de\"},{\"@type\":\"Organization\",\"@id\":\"https:\/\/www.csj-emballages.com\/de\/#Organization\/\",\"name\":\"CSJ Emballages\",\"url\":\"https:\/\/www.csj-emballages.com\/de\/\",\"logo\":{\"@type\":\"ImageObject\",\"inLanguage\":\"de\",\"@id\":\"https:\/\/www.csj-emballages.com\/de\/#\/schema\/logo\/image\/\",\"url\":\"https:\/\/www.csj-emballages.com\/wp-content\/uploads\/2023\/10\/logo_csj.webp\",\"contentUrl\":\"https:\/\/www.csj-emballages.com\/wp-content\/uploads\/2023\/10\/logo_csj.webp\",\"width\":250,\"height\":95,\"caption\":\"CSJ Emballages\"},\"image\":{\"@id\":\"https:\/\/www.csj-emballages.com\/de\/#\/schema\/logo\/image\/\"},\"sameAs\":[\"https:\/\/www.facebook.com\/csjemballages\"],\"address\":{\"@type\":\"PostalAddress\",\"streetAddress\":\"ZI La Lechere\",\"addressLocality\":\"Patornay\",\"postalCode\":\"39130\",\"addressCountry\":\"FR\"},\"contactPoint\":[{\"@type\":\"ContactPoint\",\"contactType\":\"Service client\",\"telephone\":\"0384254272\",\"email\":\"contact@csj-emballages.com\"}]}]}<\/script>\n<!-- \/ Yoast SEO Premium plugin. -->","yoast_head_json":{"title":"Lorbeerbl\u00e4tter 1 kg","description":"Lorbeerbl\u00e4tter 1 kg \u2013 Visuelle Eleganz, feines Aroma. Unverzichtbar zum Dekorieren und Aromatisieren Ihrer Gerichte.","robots":{"index":"index","follow":"follow","max-snippet":"max-snippet:-1","max-image-preview":"max-image-preview:large","max-video-preview":"max-video-preview:-1"},"canonical":"https:\/\/www.csj-emballages.com\/de\/produit\/lorbeerblaetter-1-kg\/","og_locale":"de_DE","og_type":"article","og_title":"Lorbeerbl\u00e4tter 1 kg","og_description":"Lorbeerbl\u00e4tter 1 kg \u2013 Visuelle Eleganz, feines Aroma. Unverzichtbar zum Dekorieren und Aromatisieren Ihrer Gerichte.","og_url":"https:\/\/www.csj-emballages.com\/de\/produit\/lorbeerblaetter-1-kg\/","og_site_name":"CSJ Emballages","article_publisher":"https:\/\/www.facebook.com\/csjemballages","article_modified_time":"2026-05-04T00:10:14+00:00","og_image":[{"width":800,"height":800,"url":"https:\/\/www.csj-emballages.com\/wp-content\/uploads\/2024\/03\/feuille-laurier.webp","type":"image\/webp"}],"twitter_card":"summary_large_image","twitter_misc":{"Gesch\u00e4tzte Lesezeit":"1\u00a0Minute"},"schema":{"@context":"https:\/\/schema.org","@graph":[{"@type":"WebPage","@id":"https:\/\/www.csj-emballages.com\/de\/produit\/lorbeerblaetter-1-kg\/","url":"https:\/\/www.csj-emballages.com\/de\/produit\/lorbeerblaetter-1-kg\/","name":"Lorbeerbl\u00e4tter 1 kg","isPartOf":{"@id":"https:\/\/www.csj-emballages.com\/de\/#website"},"primaryImageOfPage":{"@id":"https:\/\/www.csj-emballages.com\/de\/produit\/lorbeerblaetter-1-kg\/#primaryimage"},"image":{"@id":"https:\/\/www.csj-emballages.com\/de\/produit\/lorbeerblaetter-1-kg\/#primaryimage"},"thumbnailUrl":"https:\/\/www.csj-emballages.com\/wp-content\/uploads\/2024\/03\/feuille-laurier.webp","datePublished":"2024-03-01T15:59:42+00:00","dateModified":"2026-05-04T00:10:14+00:00","description":"Lorbeerbl\u00e4tter 1 kg \u2013 Visuelle Eleganz, feines Aroma. Unverzichtbar zum Dekorieren und Aromatisieren Ihrer Gerichte.","breadcrumb":{"@id":"https:\/\/www.csj-emballages.com\/de\/produit\/lorbeerblaetter-1-kg\/#breadcrumb"},"inLanguage":"de","potentialAction":[{"@type":"ReadAction","target":["https:\/\/www.csj-emballages.com\/de\/produit\/lorbeerblaetter-1-kg\/"]}]},{"@type":"ImageObject","inLanguage":"de","@id":"https:\/\/www.csj-emballages.com\/de\/produit\/lorbeerblaetter-1-kg\/#primaryimage","url":"https:\/\/www.csj-emballages.com\/wp-content\/uploads\/2024\/03\/feuille-laurier.webp","contentUrl":"https:\/\/www.csj-emballages.com\/wp-content\/uploads\/2024\/03\/feuille-laurier.webp","width":800,"height":800,"caption":"Feuille de laurier"},{"@type":"BreadcrumbList","@id":"https:\/\/www.csj-emballages.com\/de\/produit\/lorbeerblaetter-1-kg\/#breadcrumb","itemListElement":[{"@type":"ListItem","position":1,"name":"Accueil","item":"https:\/\/www.csj-emballages.com\/de\/universum-lebensmittelverpackungen\/"},{"@type":"ListItem","position":2,"name":"Shop","item":"https:\/\/www.csj-emballages.com\/shop\/"},{"@type":"ListItem","position":3,"name":"Lorbeerbl\u00e4tter 1 kg"}]},{"@type":"WebSite","@id":"https:\/\/www.csj-emballages.com\/de\/#website","url":"https:\/\/www.csj-emballages.com\/de\/","name":"CSJ Emballages","description":"","publisher":{"@id":"https:\/\/www.csj-emballages.com\/de\/#organization"},"potentialAction":[{"@type":"SearchAction","target":{"@type":"EntryPoint","urlTemplate":"https:\/\/www.csj-emballages.com\/de\/?s={search_term_string}"},"query-input":{"@type":"PropertyValueSpecification","valueRequired":true,"valueName":"search_term_string"}}],"inLanguage":"de"},{"@type":"Organization","@id":"https:\/\/www.csj-emballages.com\/de\/#Organization\/","name":"CSJ Emballages","url":"https:\/\/www.csj-emballages.com\/de\/","logo":{"@type":"ImageObject","inLanguage":"de","@id":"https:\/\/www.csj-emballages.com\/de\/#\/schema\/logo\/image\/","url":"https:\/\/www.csj-emballages.com\/wp-content\/uploads\/2023\/10\/logo_csj.webp","contentUrl":"https:\/\/www.csj-emballages.com\/wp-content\/uploads\/2023\/10\/logo_csj.webp","width":250,"height":95,"caption":"CSJ Emballages"},"image":{"@id":"https:\/\/www.csj-emballages.com\/de\/#\/schema\/logo\/image\/"},"sameAs":["https:\/\/www.facebook.com\/csjemballages"],"address":{"@type":"PostalAddress","streetAddress":"ZI La Lechere","addressLocality":"Patornay","postalCode":"39130","addressCountry":"FR"},"contactPoint":[{"@type":"ContactPoint","contactType":"Service client","telephone":"0384254272","email":"contact@csj-emballages.com"}]}]}},"df_price":23.78,"df_sale_price":"","df_regular_price":23.78,"df_image_link":"https:\/\/www.csj-emballages.com\/wp-content\/uploads\/2024\/03\/feuille-laurier-300x300.webp","tiered_pricing_type":"fixed","tiered_pricing_fixed_rules":[],"tiered_pricing_percentage_rules":[],"tiered_pricing_minimum":1,"tiered_pricing_roles_data":[],"_links":{"self":[{"href":"https:\/\/www.csj-emballages.com\/de\/wp-json\/wp\/v2\/product\/18145","targetHints":{"allow":["GET"]}}],"collection":[{"href":"https:\/\/www.csj-emballages.com\/de\/wp-json\/wp\/v2\/product"}],"about":[{"href":"https:\/\/www.csj-emballages.com\/de\/wp-json\/wp\/v2\/types\/product"}],"wp:featuredmedia":[{"embeddable":true,"href":"https:\/\/www.csj-emballages.com\/de\/wp-json\/wp\/v2\/media\/225753"}],"wp:attachment":[{"href":"https:\/\/www.csj-emballages.com\/de\/wp-json\/wp\/v2\/media?parent=18145"}],"wp:term":[{"taxonomy":"product_brand","embeddable":true,"href":"https:\/\/www.csj-emballages.com\/de\/wp-json\/wp\/v2\/product_brand?post=18145"},{"taxonomy":"product_cat","embeddable":true,"href":"https:\/\/www.csj-emballages.com\/de\/wp-json\/wp\/v2\/product_cat?post=18145"},{"taxonomy":"product_tag","embeddable":true,"href":"https:\/\/www.csj-emballages.com\/de\/wp-json\/wp\/v2\/product_tag?post=18145"}],"curies":[{"name":"wp","href":"https:\/\/api.w.org\/{rel}","templated":true}]}}