{"id":18133,"date":"2024-03-01T16:59:41","date_gmt":"2024-03-01T15:59:41","guid":{"rendered":"https:\/\/u15jnbdpoq.preview.infomaniak.website\/produit\/koriander-1-kg\/"},"modified":"2026-05-14T02:10:29","modified_gmt":"2026-05-14T00:10:29","slug":"koriander-1-kg","status":"publish","type":"product","link":"https:\/\/www.csj-emballages.com\/de\/produit\/koriander-1-kg\/","title":{"rendered":"Koriandersamen 1kg"},"content":{"rendered":"<h2 class=\"p1\">Koriandersamen<\/h2>\n<hr>\n<h3>Beschreibung unserer 1kg Koriandersamen<\/h3>\n<p><!--more--><\/p>\n<p data-start=\"172\" data-end=\"523\">Die <strong data-start=\"176\" data-end=\"199\">Koriandersamen<\/strong> sind jene <strong>kleinen Samen<\/strong>, die in der K\u00fcche den Unterschied machen. Kaum zersto\u00dfen oder ger\u00f6stet, entfalten sie frische, leicht zitronige und subtil w\u00fcrzige Noten. Dieses <strong data-start=\"383\" data-end=\"391\">1 kg<\/strong> Format richtet sich sowohl an Profis als auch an Kochbegeisterte, die Aromen von Grund auf und kompromisslos verarbeiten m\u00f6chten.  <\/p>\n<p data-start=\"525\" data-end=\"851\">Im Gegensatz zu <strong>gemahlenem Koriander<\/strong> bewahren die ganzen Samen ihren vollen Aromareichtum. Sie k\u00f6nnen sie daher ganz nach Belieben verwenden: ganz in einer Br\u00fche, zersto\u00dfen, um eine Marinade zu verfeinern, oder in letzter Minute gemahlen, um ein Gericht zu aromatisieren. So behalten Sie die volle Kontrolle \u00fcber Intensit\u00e4t und Frische der Aromen.  <\/p>\n<p data-start=\"853\" data-end=\"1285\">In den K\u00fcchen der Welt sehr pr\u00e4sent, finden <strong>Koriandersamen<\/strong> leicht ihren Platz in indischen, orientalischen, asiatischen oder auch mediterranen Gerichten. Sie passen perfekt zu Fleisch, Fisch, gebratenem Gem\u00fcse, Saucen und sogar zu bestimmten Wurst- oder Konservenprodukten. Zudem harmonieren sie hervorragend mit <strong>Kreuzk\u00fcmmel, Pfeffer oder Ingwer<\/strong>, was sie zu einem unverzichtbaren Grundgew\u00fcrz macht.  <\/p>\n<p data-start=\"1287\" data-end=\"1557\">Dank der Verpackung im <strong data-start=\"1318\" data-end=\"1333\">1 kg Beutel<\/strong> verf\u00fcgen Sie \u00fcber einen gro\u00dfz\u00fcgigen Vorrat, ideal f\u00fcr den regelm\u00e4\u00dfigen Gebrauch. Dies ist eine praktische und wirtschaftliche L\u00f6sung f\u00fcr Restaurants, Caterer, Handwerker oder Kochwerkst\u00e4tten, die t\u00e4glich Best\u00e4ndigkeit und Qualit\u00e4t suchen. <\/p>\n<p data-start=\"1559\" data-end=\"1730\">Zusammenfassend verleihen diese <strong>Koriandersamen<\/strong> Ihren Rezepten eine authentische und raffinierte Note, w\u00e4hrend Sie die Freiheit haben, das Gew\u00fcrz so zu verwenden, wie Sie es am liebsten m\u00f6gen.<\/p>\n<p>&nbsp;<\/p>\n<p><!--more--><\/p>\n<h4>Vorteile :<\/h4>\n<ul>\n<li data-start=\"791\" data-end=\"853\">Milder Geschmack mit Zitrus- und Gew\u00fcrznoten.<\/li>\n<li data-start=\"791\" data-end=\"853\">Perfekt f\u00fcr Currys, Fleisch, Fisch und Geb\u00e4ck.<\/li>\n<li data-start=\"791\" data-end=\"853\">Ideal f\u00fcr verdauungsf\u00f6rdernde und wohltuende Tees.<\/li>\n<li data-start=\"791\" data-end=\"853\">Geeignet f\u00fcr Profis und Hobbyk\u00f6che.<\/li>\n<li data-start=\"791\" data-end=\"853\">Ohne Zusatz- und Konservierungsstoffe.<\/li>\n<\/ul>\n<p>&nbsp;<\/p>\n<p><!--more--><\/p>\n<h4>Weitere Informationen :<\/h4>\n<ul>\n<li><strong>Verpackung<\/strong>: Packung mit 1kg<\/li>\n<li><strong>Format<\/strong>: K\u00f6rner<\/li>\n<\/ul>\n<p>&nbsp;<\/p>\n<p><!--more--><\/p>\n<p><a href=\"https:\/\/www.csj-emballages.com\/de\/categorie-produit\/lebensmittel\/gewurze\/einfache-gewurze\/\">Sehen Sie sich den Rest unseres Sortiments an einfachen Gew\u00fcrzen an  <\/a><\/p>\n","protected":false},"excerpt":{"rendered":"<p>Koriandersamen Beschreibung unserer 1kg Koriandersamen<\/p>\n","protected":false},"featured_media":261418,"template":"","meta":{"_acf_changed":false},"product_brand":[],"product_cat":[1144,1441,1442],"product_tag":[],"class_list":{"0":"post-18133","1":"product","2":"type-product","3":"status-publish","4":"has-post-thumbnail","6":"product_cat-lebensmittel","7":"product_cat-gewurze","8":"product_cat-einfache-gewurze","10":"first","11":"outofstock","12":"taxable","13":"shipping-taxable","14":"purchasable","15":"product-type-simple"},"acf":[],"yoast_head":"<!-- This site is optimized with the Yoast SEO Premium plugin v26.6 (Yoast SEO v26.6) - https:\/\/yoast.com\/wordpress\/plugins\/seo\/ -->\n<title>Koriandersamen 1kg<\/title>\n<meta name=\"description\" content=\"Entdecken Sie unsere 1kg Koriandersamen, ein vielseitiges Gew\u00fcrz mit s\u00fc\u00dfen und zitronigen Noten. Ideal zum W\u00fcrzen Ihrer Gerichte, Marinaden und Aufg\u00fcsse.\" \/>\n<meta name=\"robots\" content=\"index, follow, max-snippet:-1, max-image-preview:large, max-video-preview:-1\" \/>\n<link rel=\"canonical\" href=\"https:\/\/www.csj-emballages.com\/de\/produit\/koriander-1-kg\/\" \/>\n<meta property=\"og:locale\" content=\"de_DE\" \/>\n<meta property=\"og:type\" content=\"article\" \/>\n<meta property=\"og:title\" content=\"Koriandersamen 1kg\" \/>\n<meta property=\"og:description\" content=\"Entdecken Sie unsere 1kg Koriandersamen, ein vielseitiges Gew\u00fcrz mit s\u00fc\u00dfen und zitronigen Noten. Ideal zum W\u00fcrzen Ihrer Gerichte, Marinaden und Aufg\u00fcsse.\" \/>\n<meta property=\"og:url\" content=\"https:\/\/www.csj-emballages.com\/de\/produit\/koriander-1-kg\/\" \/>\n<meta property=\"og:site_name\" content=\"CSJ Emballages\" \/>\n<meta property=\"article:publisher\" content=\"https:\/\/www.facebook.com\/csjemballages\" \/>\n<meta property=\"article:modified_time\" content=\"2026-05-14T00:10:29+00:00\" \/>\n<meta property=\"og:image\" content=\"https:\/\/www.csj-emballages.com\/wp-content\/uploads\/2024\/03\/Grains-de-coriandre.webp\" \/>\n\t<meta property=\"og:image:width\" content=\"799\" \/>\n\t<meta property=\"og:image:height\" content=\"800\" \/>\n\t<meta property=\"og:image:type\" content=\"image\/webp\" \/>\n<meta name=\"twitter:card\" content=\"summary_large_image\" \/>\n<meta name=\"twitter:label1\" content=\"Gesch\u00e4tzte Lesezeit\" \/>\n\t<meta name=\"twitter:data1\" content=\"2 Minuten\" \/>\n<script type=\"application\/ld+json\" class=\"yoast-schema-graph\">{\"@context\":\"https:\/\/schema.org\",\"@graph\":[{\"@type\":\"WebPage\",\"@id\":\"https:\/\/www.csj-emballages.com\/de\/produit\/koriander-1-kg\/\",\"url\":\"https:\/\/www.csj-emballages.com\/de\/produit\/koriander-1-kg\/\",\"name\":\"Koriandersamen 1kg\",\"isPartOf\":{\"@id\":\"https:\/\/www.csj-emballages.com\/de\/#website\"},\"primaryImageOfPage\":{\"@id\":\"https:\/\/www.csj-emballages.com\/de\/produit\/koriander-1-kg\/#primaryimage\"},\"image\":{\"@id\":\"https:\/\/www.csj-emballages.com\/de\/produit\/koriander-1-kg\/#primaryimage\"},\"thumbnailUrl\":\"https:\/\/www.csj-emballages.com\/wp-content\/uploads\/2024\/03\/Grains-de-coriandre.webp\",\"datePublished\":\"2024-03-01T15:59:41+00:00\",\"dateModified\":\"2026-05-14T00:10:29+00:00\",\"description\":\"Entdecken Sie unsere 1kg Koriandersamen, ein vielseitiges Gew\u00fcrz mit s\u00fc\u00dfen und zitronigen Noten. Ideal zum W\u00fcrzen Ihrer Gerichte, Marinaden und Aufg\u00fcsse.\",\"breadcrumb\":{\"@id\":\"https:\/\/www.csj-emballages.com\/de\/produit\/koriander-1-kg\/#breadcrumb\"},\"inLanguage\":\"de\",\"potentialAction\":[{\"@type\":\"ReadAction\",\"target\":[\"https:\/\/www.csj-emballages.com\/de\/produit\/koriander-1-kg\/\"]}]},{\"@type\":\"ImageObject\",\"inLanguage\":\"de\",\"@id\":\"https:\/\/www.csj-emballages.com\/de\/produit\/koriander-1-kg\/#primaryimage\",\"url\":\"https:\/\/www.csj-emballages.com\/wp-content\/uploads\/2024\/03\/Grains-de-coriandre.webp\",\"contentUrl\":\"https:\/\/www.csj-emballages.com\/wp-content\/uploads\/2024\/03\/Grains-de-coriandre.webp\",\"width\":799,\"height\":800,\"caption\":\"Grains de coriandre 1kg\"},{\"@type\":\"BreadcrumbList\",\"@id\":\"https:\/\/www.csj-emballages.com\/de\/produit\/koriander-1-kg\/#breadcrumb\",\"itemListElement\":[{\"@type\":\"ListItem\",\"position\":1,\"name\":\"Accueil\",\"item\":\"https:\/\/www.csj-emballages.com\/de\/universum-lebensmittelverpackungen\/\"},{\"@type\":\"ListItem\",\"position\":2,\"name\":\"Shop\",\"item\":\"https:\/\/www.csj-emballages.com\/shop\/\"},{\"@type\":\"ListItem\",\"position\":3,\"name\":\"Koriandersamen 1kg\"}]},{\"@type\":\"WebSite\",\"@id\":\"https:\/\/www.csj-emballages.com\/de\/#website\",\"url\":\"https:\/\/www.csj-emballages.com\/de\/\",\"name\":\"CSJ Emballages\",\"description\":\"\",\"publisher\":{\"@id\":\"https:\/\/www.csj-emballages.com\/de\/#organization\"},\"potentialAction\":[{\"@type\":\"SearchAction\",\"target\":{\"@type\":\"EntryPoint\",\"urlTemplate\":\"https:\/\/www.csj-emballages.com\/de\/?s={search_term_string}\"},\"query-input\":{\"@type\":\"PropertyValueSpecification\",\"valueRequired\":true,\"valueName\":\"search_term_string\"}}],\"inLanguage\":\"de\"},{\"@type\":\"Organization\",\"@id\":\"https:\/\/www.csj-emballages.com\/de\/#Organization\/\",\"name\":\"CSJ Emballages\",\"url\":\"https:\/\/www.csj-emballages.com\/de\/\",\"logo\":{\"@type\":\"ImageObject\",\"inLanguage\":\"de\",\"@id\":\"https:\/\/www.csj-emballages.com\/de\/#\/schema\/logo\/image\/\",\"url\":\"https:\/\/www.csj-emballages.com\/wp-content\/uploads\/2023\/10\/logo_csj.webp\",\"contentUrl\":\"https:\/\/www.csj-emballages.com\/wp-content\/uploads\/2023\/10\/logo_csj.webp\",\"width\":250,\"height\":95,\"caption\":\"CSJ Emballages\"},\"image\":{\"@id\":\"https:\/\/www.csj-emballages.com\/de\/#\/schema\/logo\/image\/\"},\"sameAs\":[\"https:\/\/www.facebook.com\/csjemballages\"],\"address\":{\"@type\":\"PostalAddress\",\"streetAddress\":\"ZI La Lechere\",\"addressLocality\":\"Patornay\",\"postalCode\":\"39130\",\"addressCountry\":\"FR\"},\"contactPoint\":[{\"@type\":\"ContactPoint\",\"contactType\":\"Service client\",\"telephone\":\"0384254272\",\"email\":\"contact@csj-emballages.com\"}]}]}<\/script>\n<!-- \/ Yoast SEO Premium plugin. -->","yoast_head_json":{"title":"Koriandersamen 1kg","description":"Entdecken Sie unsere 1kg Koriandersamen, ein vielseitiges Gew\u00fcrz mit s\u00fc\u00dfen und zitronigen Noten. Ideal zum W\u00fcrzen Ihrer Gerichte, Marinaden und Aufg\u00fcsse.","robots":{"index":"index","follow":"follow","max-snippet":"max-snippet:-1","max-image-preview":"max-image-preview:large","max-video-preview":"max-video-preview:-1"},"canonical":"https:\/\/www.csj-emballages.com\/de\/produit\/koriander-1-kg\/","og_locale":"de_DE","og_type":"article","og_title":"Koriandersamen 1kg","og_description":"Entdecken Sie unsere 1kg Koriandersamen, ein vielseitiges Gew\u00fcrz mit s\u00fc\u00dfen und zitronigen Noten. Ideal zum W\u00fcrzen Ihrer Gerichte, Marinaden und Aufg\u00fcsse.","og_url":"https:\/\/www.csj-emballages.com\/de\/produit\/koriander-1-kg\/","og_site_name":"CSJ Emballages","article_publisher":"https:\/\/www.facebook.com\/csjemballages","article_modified_time":"2026-05-14T00:10:29+00:00","og_image":[{"width":799,"height":800,"url":"https:\/\/www.csj-emballages.com\/wp-content\/uploads\/2024\/03\/Grains-de-coriandre.webp","type":"image\/webp"}],"twitter_card":"summary_large_image","twitter_misc":{"Gesch\u00e4tzte Lesezeit":"2 Minuten"},"schema":{"@context":"https:\/\/schema.org","@graph":[{"@type":"WebPage","@id":"https:\/\/www.csj-emballages.com\/de\/produit\/koriander-1-kg\/","url":"https:\/\/www.csj-emballages.com\/de\/produit\/koriander-1-kg\/","name":"Koriandersamen 1kg","isPartOf":{"@id":"https:\/\/www.csj-emballages.com\/de\/#website"},"primaryImageOfPage":{"@id":"https:\/\/www.csj-emballages.com\/de\/produit\/koriander-1-kg\/#primaryimage"},"image":{"@id":"https:\/\/www.csj-emballages.com\/de\/produit\/koriander-1-kg\/#primaryimage"},"thumbnailUrl":"https:\/\/www.csj-emballages.com\/wp-content\/uploads\/2024\/03\/Grains-de-coriandre.webp","datePublished":"2024-03-01T15:59:41+00:00","dateModified":"2026-05-14T00:10:29+00:00","description":"Entdecken Sie unsere 1kg Koriandersamen, ein vielseitiges Gew\u00fcrz mit s\u00fc\u00dfen und zitronigen Noten. Ideal zum W\u00fcrzen Ihrer Gerichte, Marinaden und Aufg\u00fcsse.","breadcrumb":{"@id":"https:\/\/www.csj-emballages.com\/de\/produit\/koriander-1-kg\/#breadcrumb"},"inLanguage":"de","potentialAction":[{"@type":"ReadAction","target":["https:\/\/www.csj-emballages.com\/de\/produit\/koriander-1-kg\/"]}]},{"@type":"ImageObject","inLanguage":"de","@id":"https:\/\/www.csj-emballages.com\/de\/produit\/koriander-1-kg\/#primaryimage","url":"https:\/\/www.csj-emballages.com\/wp-content\/uploads\/2024\/03\/Grains-de-coriandre.webp","contentUrl":"https:\/\/www.csj-emballages.com\/wp-content\/uploads\/2024\/03\/Grains-de-coriandre.webp","width":799,"height":800,"caption":"Grains de coriandre 1kg"},{"@type":"BreadcrumbList","@id":"https:\/\/www.csj-emballages.com\/de\/produit\/koriander-1-kg\/#breadcrumb","itemListElement":[{"@type":"ListItem","position":1,"name":"Accueil","item":"https:\/\/www.csj-emballages.com\/de\/universum-lebensmittelverpackungen\/"},{"@type":"ListItem","position":2,"name":"Shop","item":"https:\/\/www.csj-emballages.com\/shop\/"},{"@type":"ListItem","position":3,"name":"Koriandersamen 1kg"}]},{"@type":"WebSite","@id":"https:\/\/www.csj-emballages.com\/de\/#website","url":"https:\/\/www.csj-emballages.com\/de\/","name":"CSJ Emballages","description":"","publisher":{"@id":"https:\/\/www.csj-emballages.com\/de\/#organization"},"potentialAction":[{"@type":"SearchAction","target":{"@type":"EntryPoint","urlTemplate":"https:\/\/www.csj-emballages.com\/de\/?s={search_term_string}"},"query-input":{"@type":"PropertyValueSpecification","valueRequired":true,"valueName":"search_term_string"}}],"inLanguage":"de"},{"@type":"Organization","@id":"https:\/\/www.csj-emballages.com\/de\/#Organization\/","name":"CSJ Emballages","url":"https:\/\/www.csj-emballages.com\/de\/","logo":{"@type":"ImageObject","inLanguage":"de","@id":"https:\/\/www.csj-emballages.com\/de\/#\/schema\/logo\/image\/","url":"https:\/\/www.csj-emballages.com\/wp-content\/uploads\/2023\/10\/logo_csj.webp","contentUrl":"https:\/\/www.csj-emballages.com\/wp-content\/uploads\/2023\/10\/logo_csj.webp","width":250,"height":95,"caption":"CSJ Emballages"},"image":{"@id":"https:\/\/www.csj-emballages.com\/de\/#\/schema\/logo\/image\/"},"sameAs":["https:\/\/www.facebook.com\/csjemballages"],"address":{"@type":"PostalAddress","streetAddress":"ZI La Lechere","addressLocality":"Patornay","postalCode":"39130","addressCountry":"FR"},"contactPoint":[{"@type":"ContactPoint","contactType":"Service client","telephone":"0384254272","email":"contact@csj-emballages.com"}]}]}},"df_price":6.72,"df_sale_price":"","df_regular_price":6.72,"df_image_link":"https:\/\/www.csj-emballages.com\/wp-content\/uploads\/2024\/03\/Grains-de-coriandre-300x300.webp","tiered_pricing_type":"fixed","tiered_pricing_fixed_rules":[],"tiered_pricing_percentage_rules":[],"tiered_pricing_minimum":1,"tiered_pricing_roles_data":[],"_links":{"self":[{"href":"https:\/\/www.csj-emballages.com\/de\/wp-json\/wp\/v2\/product\/18133","targetHints":{"allow":["GET"]}}],"collection":[{"href":"https:\/\/www.csj-emballages.com\/de\/wp-json\/wp\/v2\/product"}],"about":[{"href":"https:\/\/www.csj-emballages.com\/de\/wp-json\/wp\/v2\/types\/product"}],"wp:featuredmedia":[{"embeddable":true,"href":"https:\/\/www.csj-emballages.com\/de\/wp-json\/wp\/v2\/media\/261418"}],"wp:attachment":[{"href":"https:\/\/www.csj-emballages.com\/de\/wp-json\/wp\/v2\/media?parent=18133"}],"wp:term":[{"taxonomy":"product_brand","embeddable":true,"href":"https:\/\/www.csj-emballages.com\/de\/wp-json\/wp\/v2\/product_brand?post=18133"},{"taxonomy":"product_cat","embeddable":true,"href":"https:\/\/www.csj-emballages.com\/de\/wp-json\/wp\/v2\/product_cat?post=18133"},{"taxonomy":"product_tag","embeddable":true,"href":"https:\/\/www.csj-emballages.com\/de\/wp-json\/wp\/v2\/product_tag?post=18133"}],"curies":[{"name":"wp","href":"https:\/\/api.w.org\/{rel}","templated":true}]}}