{"id":18126,"date":"2024-03-01T16:59:42","date_gmt":"2024-03-01T15:59:42","guid":{"rendered":"https:\/\/u15jnbdpoq.preview.infomaniak.website\/produit\/basilikumblaetter-1-kg\/"},"modified":"2026-04-04T02:10:20","modified_gmt":"2026-04-04T00:10:20","slug":"basilikumblaetter-1-kg","status":"publish","type":"product","link":"https:\/\/www.csj-emballages.com\/de\/produit\/basilikumblaetter-1-kg\/","title":{"rendered":"Basilikum getrocknete Bl\u00e4tter 1 kg"},"content":{"rendered":"<h2 class=\"p1\">Basilikum<\/h2>\n<hr>\n<h3>Beschreibung von unserem Basilikum getrocknete Bl\u00e4tter 1 kg<\/h3>\n<p><!--more--><\/p>\n<p data-start=\"183\" data-end=\"547\">Das <strong>Basilikum<\/strong> ist das Kraut, das sofort nach Sonne und mediterraner K\u00fcche duftet. Mit diesem <strong data-start=\"285\" data-end=\"321\">getrockneten Basilikum in Bl\u00e4ttern<\/strong> bewahren Sie die volle aromatische Intensit\u00e4t griffbereit und ohne besonderen Lageraufwand. Schon beim \u00d6ffnen des Beutels erinnert sein pflanzlicher und leicht pfeffriger Duft an hausgemachte Gerichte \u2013 einfach, aber voller Geschmack.  <\/p>\n<p data-start=\"549\" data-end=\"1030\">Dank des Trocknungsverfahrens behalten die <strong>Bl\u00e4tter<\/strong> ihre Aromen und bieten gleichzeitig eine \u00e4u\u00dferst praktische Anwendung. Kein Waschen, Schneiden oder K\u00fchlen n\u00f6tig: Sie dosieren, Sie f\u00fcgen hinzu, fertig. Dieses <strong data-start=\"768\" data-end=\"776\">1-kg-Format<\/strong> ist besonders geeignet f\u00fcr Gastronomieprofis, Caterer, Pizzerien oder Gro\u00dfk\u00fcchen, die Basilikum t\u00e4glich verwenden. Es erm\u00f6glicht komfortables Arbeiten, ohne Lieferengp\u00e4sse und bei gleichbleibender Qualit\u00e4t.   <\/p>\n<p data-start=\"1032\" data-end=\"1341\">Dieses <strong>Basilikum<\/strong> l\u00e4sst sich leicht in zahlreiche Rezepte integrieren. Es verfeinert eine Tomatensauce, aromatisiert eine Pizza und verleiht Nudeln, gegrilltem Gem\u00fcse oder Marinaden eine frische Note. Da es in Bl\u00e4ttern vorliegt, beh\u00e4lt es eine echte visuelle Pr\u00e4senz auf dem Teller, im Gegensatz zu zu feinen Pulvern.  <\/p>\n<p data-start=\"1343\" data-end=\"1558\">Zudem erm\u00f6glicht Ihnen die lange Haltbarkeit eine schrittweise Verwendung ohne Verschwendung. Es ist eine einfache, wirtschaftliche und effektive L\u00f6sung, um Ihren Gerichten das ganze Jahr \u00fcber Charakter zu verleihen. <\/p>\n<p data-start=\"1560\" data-end=\"1728\">Zusammenfassend bietet Ihnen dieses <strong>getrocknete Basilikum<\/strong> Geschmack, praktische Handhabung und gleichbleibende Qualit\u00e4t. Ein Muss, um schnell, gut und geschmackvoll zu kochen, auch in gro\u00dfen Mengen. <\/p>\n<p>&nbsp;<\/p>\n<p><!--more--><\/p>\n<h4>Vorteile :<\/h4>\n<ul>\n<li data-start=\"480\" data-end=\"560\">Bewahrt die nat\u00fcrlichen Aromen des Basilikums.<\/li>\n<li data-start=\"561\" data-end=\"641\">Perfekt f\u00fcr den professionellen und privaten Gebrauch.<\/li>\n<li data-start=\"642\" data-end=\"732\">Ideal f\u00fcr Saucen, Fleisch, Fisch, Pizzen und mediterrane Gerichte.<\/li>\n<li data-start=\"733\" data-end=\"819\" data-is-only-node=\"\">Gebrauchsfertig, ohne Waschen oder Schneiden.<\/li>\n<li data-start=\"820\" data-end=\"927\">1-kg-Format, angepasst an die Bed\u00fcrfnisse von Profis und Privatpersonen.<\/li>\n<\/ul>\n<p>&nbsp;<\/p>\n<p><!--more--><\/p>\n<h4>Weitere Informationen :<\/h4>\n<ul>\n<li><strong>Verpackung<\/strong>: Packung mit 1kg<\/li>\n<li><strong>Typ<\/strong>: Dehydrierte Bl\u00e4tter<\/li>\n<\/ul>\n<p>&nbsp;<\/p>\n<p><!--more--><\/p>\n<p><a href=\"https:\/\/www.csj-emballages.com\/de\/categorie-produit\/lebensmittel\/gewurze\/einfache-gewurze\/\">Sehen Sie sich den Rest unseres Sortiments an einfachen Gew\u00fcrzen an.<\/a><\/p>\n","protected":false},"excerpt":{"rendered":"<p>abgelaufen 06\/2025<\/p>\n","protected":false},"featured_media":225635,"template":"","meta":{"_acf_changed":false},"product_brand":[],"product_cat":[1144,1441,1442,11576],"product_tag":[],"class_list":{"0":"post-18126","1":"product","2":"type-product","3":"status-publish","4":"has-post-thumbnail","6":"product_cat-lebensmittel","7":"product_cat-gewurze","8":"product_cat-einfache-gewurze","9":"product_cat-lagerbestand","11":"first","12":"outofstock","13":"sale","14":"taxable","15":"shipping-taxable","16":"purchasable","17":"product-type-simple"},"acf":[],"yoast_head":"<!-- This site is optimized with the Yoast SEO Premium plugin v26.6 (Yoast SEO v26.6) - https:\/\/yoast.com\/wordpress\/plugins\/seo\/ -->\n<title>Basilikum Bl\u00e4tter getrocknet 1 kg<\/title>\n<meta name=\"description\" content=\"Entdecken Sie unser getrocknetes Basilikum in Bl\u00e4ttern, 1 kg, ideal, um Ihren Gerichten einen mediterranen Geschmack zu verleihen. Perfekt f\u00fcr Gastronomen und Caterer.\" \/>\n<meta name=\"robots\" content=\"index, follow, max-snippet:-1, max-image-preview:large, max-video-preview:-1\" \/>\n<link rel=\"canonical\" href=\"https:\/\/www.csj-emballages.com\/de\/produit\/basilikumblaetter-1-kg\/\" \/>\n<meta property=\"og:locale\" content=\"de_DE\" \/>\n<meta property=\"og:type\" content=\"article\" \/>\n<meta property=\"og:title\" content=\"Basilikum getrocknete Bl\u00e4tter 1 kg\" \/>\n<meta property=\"og:description\" content=\"Entdecken Sie unser getrocknetes Basilikum in Bl\u00e4ttern, 1 kg, ideal, um Ihren Gerichten einen mediterranen Geschmack zu verleihen. Perfekt f\u00fcr Gastronomen und Caterer.\" \/>\n<meta property=\"og:url\" content=\"https:\/\/www.csj-emballages.com\/de\/produit\/basilikumblaetter-1-kg\/\" \/>\n<meta property=\"og:site_name\" content=\"CSJ Emballages\" \/>\n<meta property=\"article:publisher\" content=\"https:\/\/www.facebook.com\/csjemballages\" \/>\n<meta property=\"article:modified_time\" content=\"2026-04-04T00:10:20+00:00\" \/>\n<meta property=\"og:image\" content=\"https:\/\/www.csj-emballages.com\/wp-content\/uploads\/2024\/03\/Basilic-feuilles-deshydratees.webp\" \/>\n\t<meta property=\"og:image:width\" content=\"800\" \/>\n\t<meta property=\"og:image:height\" content=\"799\" \/>\n\t<meta property=\"og:image:type\" content=\"image\/webp\" \/>\n<meta name=\"twitter:card\" content=\"summary_large_image\" \/>\n<meta name=\"twitter:label1\" content=\"Gesch\u00e4tzte Lesezeit\" \/>\n\t<meta name=\"twitter:data1\" content=\"2 Minuten\" \/>\n<script type=\"application\/ld+json\" class=\"yoast-schema-graph\">{\"@context\":\"https:\/\/schema.org\",\"@graph\":[{\"@type\":\"WebPage\",\"@id\":\"https:\/\/www.csj-emballages.com\/de\/produit\/basilikumblaetter-1-kg\/\",\"url\":\"https:\/\/www.csj-emballages.com\/de\/produit\/basilikumblaetter-1-kg\/\",\"name\":\"Basilikum Bl\u00e4tter getrocknet 1 kg\",\"isPartOf\":{\"@id\":\"https:\/\/www.csj-emballages.com\/de\/#website\"},\"primaryImageOfPage\":{\"@id\":\"https:\/\/www.csj-emballages.com\/de\/produit\/basilikumblaetter-1-kg\/#primaryimage\"},\"image\":{\"@id\":\"https:\/\/www.csj-emballages.com\/de\/produit\/basilikumblaetter-1-kg\/#primaryimage\"},\"thumbnailUrl\":\"https:\/\/www.csj-emballages.com\/wp-content\/uploads\/2024\/03\/Basilic-feuilles-deshydratees.webp\",\"datePublished\":\"2024-03-01T15:59:42+00:00\",\"dateModified\":\"2026-04-04T00:10:20+00:00\",\"description\":\"Entdecken Sie unser getrocknetes Basilikum in Bl\u00e4ttern, 1 kg, ideal, um Ihren Gerichten einen mediterranen Geschmack zu verleihen. Perfekt f\u00fcr Gastronomen und Caterer.\",\"breadcrumb\":{\"@id\":\"https:\/\/www.csj-emballages.com\/de\/produit\/basilikumblaetter-1-kg\/#breadcrumb\"},\"inLanguage\":\"de\",\"potentialAction\":[{\"@type\":\"ReadAction\",\"target\":[\"https:\/\/www.csj-emballages.com\/de\/produit\/basilikumblaetter-1-kg\/\"]}]},{\"@type\":\"ImageObject\",\"inLanguage\":\"de\",\"@id\":\"https:\/\/www.csj-emballages.com\/de\/produit\/basilikumblaetter-1-kg\/#primaryimage\",\"url\":\"https:\/\/www.csj-emballages.com\/wp-content\/uploads\/2024\/03\/Basilic-feuilles-deshydratees.webp\",\"contentUrl\":\"https:\/\/www.csj-emballages.com\/wp-content\/uploads\/2024\/03\/Basilic-feuilles-deshydratees.webp\",\"width\":800,\"height\":799,\"caption\":\"basilic\"},{\"@type\":\"BreadcrumbList\",\"@id\":\"https:\/\/www.csj-emballages.com\/de\/produit\/basilikumblaetter-1-kg\/#breadcrumb\",\"itemListElement\":[{\"@type\":\"ListItem\",\"position\":1,\"name\":\"Accueil\",\"item\":\"https:\/\/www.csj-emballages.com\/de\/universum-lebensmittelverpackungen\/\"},{\"@type\":\"ListItem\",\"position\":2,\"name\":\"Shop\",\"item\":\"https:\/\/www.csj-emballages.com\/shop\/\"},{\"@type\":\"ListItem\",\"position\":3,\"name\":\"Basilikum getrocknete Bl\u00e4tter 1 kg\"}]},{\"@type\":\"WebSite\",\"@id\":\"https:\/\/www.csj-emballages.com\/de\/#website\",\"url\":\"https:\/\/www.csj-emballages.com\/de\/\",\"name\":\"CSJ Emballages\",\"description\":\"\",\"publisher\":{\"@id\":\"https:\/\/www.csj-emballages.com\/de\/#organization\"},\"potentialAction\":[{\"@type\":\"SearchAction\",\"target\":{\"@type\":\"EntryPoint\",\"urlTemplate\":\"https:\/\/www.csj-emballages.com\/de\/?s={search_term_string}\"},\"query-input\":{\"@type\":\"PropertyValueSpecification\",\"valueRequired\":true,\"valueName\":\"search_term_string\"}}],\"inLanguage\":\"de\"},{\"@type\":\"Organization\",\"@id\":\"https:\/\/www.csj-emballages.com\/de\/#Organization\/\",\"name\":\"CSJ Emballages\",\"url\":\"https:\/\/www.csj-emballages.com\/de\/\",\"logo\":{\"@type\":\"ImageObject\",\"inLanguage\":\"de\",\"@id\":\"https:\/\/www.csj-emballages.com\/de\/#\/schema\/logo\/image\/\",\"url\":\"https:\/\/www.csj-emballages.com\/wp-content\/uploads\/2023\/10\/logo_csj.webp\",\"contentUrl\":\"https:\/\/www.csj-emballages.com\/wp-content\/uploads\/2023\/10\/logo_csj.webp\",\"width\":250,\"height\":95,\"caption\":\"CSJ Emballages\"},\"image\":{\"@id\":\"https:\/\/www.csj-emballages.com\/de\/#\/schema\/logo\/image\/\"},\"sameAs\":[\"https:\/\/www.facebook.com\/csjemballages\"],\"address\":{\"@type\":\"PostalAddress\",\"streetAddress\":\"ZI La Lechere\",\"addressLocality\":\"Patornay\",\"postalCode\":\"39130\",\"addressCountry\":\"FR\"},\"contactPoint\":[{\"@type\":\"ContactPoint\",\"contactType\":\"Service client\",\"telephone\":\"0384254272\",\"email\":\"contact@csj-emballages.com\"}]}]}<\/script>\n<!-- \/ Yoast SEO Premium plugin. -->","yoast_head_json":{"title":"Basilikum Bl\u00e4tter getrocknet 1 kg","description":"Entdecken Sie unser getrocknetes Basilikum in Bl\u00e4ttern, 1 kg, ideal, um Ihren Gerichten einen mediterranen Geschmack zu verleihen. Perfekt f\u00fcr Gastronomen und Caterer.","robots":{"index":"index","follow":"follow","max-snippet":"max-snippet:-1","max-image-preview":"max-image-preview:large","max-video-preview":"max-video-preview:-1"},"canonical":"https:\/\/www.csj-emballages.com\/de\/produit\/basilikumblaetter-1-kg\/","og_locale":"de_DE","og_type":"article","og_title":"Basilikum getrocknete Bl\u00e4tter 1 kg","og_description":"Entdecken Sie unser getrocknetes Basilikum in Bl\u00e4ttern, 1 kg, ideal, um Ihren Gerichten einen mediterranen Geschmack zu verleihen. Perfekt f\u00fcr Gastronomen und Caterer.","og_url":"https:\/\/www.csj-emballages.com\/de\/produit\/basilikumblaetter-1-kg\/","og_site_name":"CSJ Emballages","article_publisher":"https:\/\/www.facebook.com\/csjemballages","article_modified_time":"2026-04-04T00:10:20+00:00","og_image":[{"width":800,"height":799,"url":"https:\/\/www.csj-emballages.com\/wp-content\/uploads\/2024\/03\/Basilic-feuilles-deshydratees.webp","type":"image\/webp"}],"twitter_card":"summary_large_image","twitter_misc":{"Gesch\u00e4tzte Lesezeit":"2 Minuten"},"schema":{"@context":"https:\/\/schema.org","@graph":[{"@type":"WebPage","@id":"https:\/\/www.csj-emballages.com\/de\/produit\/basilikumblaetter-1-kg\/","url":"https:\/\/www.csj-emballages.com\/de\/produit\/basilikumblaetter-1-kg\/","name":"Basilikum Bl\u00e4tter getrocknet 1 kg","isPartOf":{"@id":"https:\/\/www.csj-emballages.com\/de\/#website"},"primaryImageOfPage":{"@id":"https:\/\/www.csj-emballages.com\/de\/produit\/basilikumblaetter-1-kg\/#primaryimage"},"image":{"@id":"https:\/\/www.csj-emballages.com\/de\/produit\/basilikumblaetter-1-kg\/#primaryimage"},"thumbnailUrl":"https:\/\/www.csj-emballages.com\/wp-content\/uploads\/2024\/03\/Basilic-feuilles-deshydratees.webp","datePublished":"2024-03-01T15:59:42+00:00","dateModified":"2026-04-04T00:10:20+00:00","description":"Entdecken Sie unser getrocknetes Basilikum in Bl\u00e4ttern, 1 kg, ideal, um Ihren Gerichten einen mediterranen Geschmack zu verleihen. Perfekt f\u00fcr Gastronomen und Caterer.","breadcrumb":{"@id":"https:\/\/www.csj-emballages.com\/de\/produit\/basilikumblaetter-1-kg\/#breadcrumb"},"inLanguage":"de","potentialAction":[{"@type":"ReadAction","target":["https:\/\/www.csj-emballages.com\/de\/produit\/basilikumblaetter-1-kg\/"]}]},{"@type":"ImageObject","inLanguage":"de","@id":"https:\/\/www.csj-emballages.com\/de\/produit\/basilikumblaetter-1-kg\/#primaryimage","url":"https:\/\/www.csj-emballages.com\/wp-content\/uploads\/2024\/03\/Basilic-feuilles-deshydratees.webp","contentUrl":"https:\/\/www.csj-emballages.com\/wp-content\/uploads\/2024\/03\/Basilic-feuilles-deshydratees.webp","width":800,"height":799,"caption":"basilic"},{"@type":"BreadcrumbList","@id":"https:\/\/www.csj-emballages.com\/de\/produit\/basilikumblaetter-1-kg\/#breadcrumb","itemListElement":[{"@type":"ListItem","position":1,"name":"Accueil","item":"https:\/\/www.csj-emballages.com\/de\/universum-lebensmittelverpackungen\/"},{"@type":"ListItem","position":2,"name":"Shop","item":"https:\/\/www.csj-emballages.com\/shop\/"},{"@type":"ListItem","position":3,"name":"Basilikum getrocknete Bl\u00e4tter 1 kg"}]},{"@type":"WebSite","@id":"https:\/\/www.csj-emballages.com\/de\/#website","url":"https:\/\/www.csj-emballages.com\/de\/","name":"CSJ Emballages","description":"","publisher":{"@id":"https:\/\/www.csj-emballages.com\/de\/#organization"},"potentialAction":[{"@type":"SearchAction","target":{"@type":"EntryPoint","urlTemplate":"https:\/\/www.csj-emballages.com\/de\/?s={search_term_string}"},"query-input":{"@type":"PropertyValueSpecification","valueRequired":true,"valueName":"search_term_string"}}],"inLanguage":"de"},{"@type":"Organization","@id":"https:\/\/www.csj-emballages.com\/de\/#Organization\/","name":"CSJ Emballages","url":"https:\/\/www.csj-emballages.com\/de\/","logo":{"@type":"ImageObject","inLanguage":"de","@id":"https:\/\/www.csj-emballages.com\/de\/#\/schema\/logo\/image\/","url":"https:\/\/www.csj-emballages.com\/wp-content\/uploads\/2023\/10\/logo_csj.webp","contentUrl":"https:\/\/www.csj-emballages.com\/wp-content\/uploads\/2023\/10\/logo_csj.webp","width":250,"height":95,"caption":"CSJ Emballages"},"image":{"@id":"https:\/\/www.csj-emballages.com\/de\/#\/schema\/logo\/image\/"},"sameAs":["https:\/\/www.facebook.com\/csjemballages"],"address":{"@type":"PostalAddress","streetAddress":"ZI La Lechere","addressLocality":"Patornay","postalCode":"39130","addressCountry":"FR"},"contactPoint":[{"@type":"ContactPoint","contactType":"Service client","telephone":"0384254272","email":"contact@csj-emballages.com"}]}]}},"df_price":7.43,"df_sale_price":7.43,"df_regular_price":9.28,"df_image_link":"https:\/\/www.csj-emballages.com\/wp-content\/uploads\/2024\/03\/Basilic-feuilles-deshydratees-300x300.webp","tiered_pricing_type":"fixed","tiered_pricing_fixed_rules":[],"tiered_pricing_percentage_rules":[],"tiered_pricing_minimum":1,"tiered_pricing_roles_data":[],"_links":{"self":[{"href":"https:\/\/www.csj-emballages.com\/de\/wp-json\/wp\/v2\/product\/18126","targetHints":{"allow":["GET"]}}],"collection":[{"href":"https:\/\/www.csj-emballages.com\/de\/wp-json\/wp\/v2\/product"}],"about":[{"href":"https:\/\/www.csj-emballages.com\/de\/wp-json\/wp\/v2\/types\/product"}],"wp:featuredmedia":[{"embeddable":true,"href":"https:\/\/www.csj-emballages.com\/de\/wp-json\/wp\/v2\/media\/225635"}],"wp:attachment":[{"href":"https:\/\/www.csj-emballages.com\/de\/wp-json\/wp\/v2\/media?parent=18126"}],"wp:term":[{"taxonomy":"product_brand","embeddable":true,"href":"https:\/\/www.csj-emballages.com\/de\/wp-json\/wp\/v2\/product_brand?post=18126"},{"taxonomy":"product_cat","embeddable":true,"href":"https:\/\/www.csj-emballages.com\/de\/wp-json\/wp\/v2\/product_cat?post=18126"},{"taxonomy":"product_tag","embeddable":true,"href":"https:\/\/www.csj-emballages.com\/de\/wp-json\/wp\/v2\/product_tag?post=18126"}],"curies":[{"name":"wp","href":"https:\/\/api.w.org\/{rel}","templated":true}]}}