{"id":18123,"date":"2024-03-01T16:59:41","date_gmt":"2024-03-01T15:59:41","guid":{"rendered":"https:\/\/u15jnbdpoq.preview.infomaniak.website\/produit\/oregano-blaetter-chili-1-kg\/"},"modified":"2026-04-04T02:10:21","modified_gmt":"2026-04-04T00:10:21","slug":"oregano-blaetter-chili-1-kg","status":"publish","type":"product","link":"https:\/\/www.csj-emballages.com\/de\/produit\/oregano-blaetter-chili-1-kg\/","title":{"rendered":"Oregano Bl\u00e4tter Chili 1 kg"},"content":{"rendered":"<h2>Oregano<\/h2>\n<hr>\n<h3>Beschreibung von unserem Oregano 1kg<\/h3>\n<p><!--more--><\/p>\n<p data-start=\"181\" data-end=\"526\">Wenn Sie Oregano mit Charakter suchen, wird dieser definitiv nicht unbemerkt bleiben. In Chile angebaut und sorgf\u00e4ltig geerntet, bietet dieser <strong data-start=\"314\" data-end=\"336\">Blatt-Oregano<\/strong> ein intensives Aroma und einen ausgepr\u00e4gten Geschmack. Schon beim \u00d6ffnen der Packung entfalten sich seine aromatischen Noten und erinnern sofort an die gro\u00dfz\u00fcgige und geschmackvolle K\u00fcche des S\u00fcdens.  <\/p>\n<p data-start=\"528\" data-end=\"904\">Dank seines Formats in <strong data-start=\"550\" data-end=\"571\">ganzen Bl\u00e4ttern<\/strong> bewahrt er seine Aromen besser als zu fein gemahlener <strong>Oregano<\/strong>. Es gen\u00fcgt, eine Prise davon zwischen den Fingern zu zerreiben, um Gerichte zu beleben. Er passt perfekt zu <strong>Pizzen, Tomatensaucen, gegrilltem Fleisch, gebratenem Gem\u00fcse oder hausgemachten Marinaden<\/strong>. So gewinnt jedes Rezept an Tiefe, ohne \u00fcberdeckt zu werden.<\/p>\n<p data-start=\"906\" data-end=\"1346\">Diese <strong data-start=\"928\" data-end=\"936\">1 kg<\/strong>-Verpackung eignet sich besonders f\u00fcr Gastronomieprofis, Caterer oder Gro\u00dfk\u00fcchen, die ein zuverl\u00e4ssiges, gleichm\u00e4\u00dfiges und wirtschaftliches Produkt suchen. Dennoch ist es auch ideal f\u00fcr Hobbyk\u00f6che, die gerne mit rohen und authentischen Zutaten arbeiten. Zudem garantiert seine chilenische Herkunft einen Anbau, der an ein g\u00fcnstiges Klima f\u00fcr die Entwicklung kr\u00e4ftiger Aromen angepasst ist.<\/p>\n<p data-start=\"1348\" data-end=\"1647\">Dar\u00fcber hinaus l\u00e4sst sich dieser <strong>Oregano<\/strong> problemlos in alle K\u00fcchen integrieren, ob traditionell, mediterran oder kreativer. Er verleiht eine finale Note, die den Unterschied macht, ohne die Zubereitung zu erschweren. Sie sparen Zeit und gew\u00e4hrleisten gleichzeitig einen konstanten Geschmack in Ihren Gerichten.  <\/p>\n<p data-start=\"1649\" data-end=\"1886\">Zusammenfassend ist dieser <strong>in Chile angebaute Oregano<\/strong> ein Muss f\u00fcr alle, die ihre Rezepte mit Einfachheit, Nat\u00fcrlichkeit und Effizienz verfeinern m\u00f6chten. Ein ehrliches, aromatisches Produkt, das Ihre kulinarischen Kreationen stets veredelt. <\/p>\n<p>&nbsp;<\/p>\n<p><!--more--><\/p>\n<h4>Vorteile :<\/h4>\n<ul>\n<li data-start=\"516\" data-end=\"592\">Verleiht Ihren Gerichten einen authentischen und duftenden Geschmack.<\/li>\n<li data-start=\"593\" data-end=\"686\">Vielseitig einsetzbar in zahlreichen Rezepten (Pizzen, Gegrilltes, Saucen usw.).<\/li>\n<li data-start=\"687\" data-end=\"788\">Ideal f\u00fcr den Einsatz in der Gastronomie oder f\u00fcr Gew\u00fcrzliebhaber.<\/li>\n<li data-start=\"789\" data-end=\"862\" data-is-only-node=\"\">Sorgf\u00e4ltig getrocknet, um alle seine Aromen zu bewahren.<\/li>\n<\/ul>\n<p>&nbsp;<\/p>\n<p><!--more--><\/p>\n<h4>Weitere Informationen :<\/h4>\n<ul>\n<li><strong>Verpackung<\/strong>: Packung mit 1kg<\/li>\n<\/ul>\n<p>&nbsp;<\/p>\n<p><!--more--><\/p>\n<p><a href=\"https:\/\/www.csj-emballages.com\/de\/categorie-produit\/lebensmittel\/gewurze\/einfache-gewurze\/\">Sehen Sie sich den Rest unseres Sortiments an einfachen Gew\u00fcrzen an  <\/a><\/p>\n","protected":false},"excerpt":{"rendered":"<p><strong><span style=\"color: #ff0000;\">Abgelaufen 05\/2024<\/span><\/strong><\/p>\n","protected":false},"featured_media":225771,"template":"","meta":{"_acf_changed":false},"product_brand":[],"product_cat":[1144,1441,1442,11576],"product_tag":[],"class_list":{"0":"post-18123","1":"product","2":"type-product","3":"status-publish","4":"has-post-thumbnail","6":"product_cat-lebensmittel","7":"product_cat-gewurze","8":"product_cat-einfache-gewurze","9":"product_cat-lagerbestand","11":"first","12":"instock","13":"sale","14":"taxable","15":"shipping-taxable","16":"purchasable","17":"product-type-simple"},"acf":[],"yoast_head":"<!-- This site is optimized with the Yoast SEO Premium plugin v26.6 (Yoast SEO v26.6) - https:\/\/yoast.com\/wordpress\/plugins\/seo\/ -->\n<title>Oregano Gez\u00fcchtete Bl\u00e4tter Chili 1kg<\/title>\n<meta name=\"description\" content=\"Getrockneter Oregano 1 kg \u2013 Ideal f\u00fcr Profis und Gastronomen. Verleiht Ihren Gerichten einen intensiven Geschmack. Perfekt f\u00fcr Pizzen, Gegrilltes und Saucen.\" \/>\n<meta name=\"robots\" content=\"index, follow, max-snippet:-1, max-image-preview:large, max-video-preview:-1\" \/>\n<link rel=\"canonical\" href=\"https:\/\/www.csj-emballages.com\/de\/produit\/oregano-blaetter-chili-1-kg\/\" \/>\n<meta property=\"og:locale\" content=\"de_DE\" \/>\n<meta property=\"og:type\" content=\"article\" \/>\n<meta property=\"og:title\" content=\"Oregano Bl\u00e4tter Chili 1 kg\" \/>\n<meta property=\"og:description\" content=\"Getrockneter Oregano 1 kg \u2013 Ideal f\u00fcr Profis und Gastronomen. Verleiht Ihren Gerichten einen intensiven Geschmack. Perfekt f\u00fcr Pizzen, Gegrilltes und Saucen.\" \/>\n<meta property=\"og:url\" content=\"https:\/\/www.csj-emballages.com\/de\/produit\/oregano-blaetter-chili-1-kg\/\" \/>\n<meta property=\"og:site_name\" content=\"CSJ Emballages\" \/>\n<meta property=\"article:publisher\" content=\"https:\/\/www.facebook.com\/csjemballages\" \/>\n<meta property=\"article:modified_time\" content=\"2026-04-04T00:10:21+00:00\" \/>\n<meta property=\"og:image\" content=\"https:\/\/www.csj-emballages.com\/wp-content\/uploads\/2024\/03\/Origan.webp\" \/>\n\t<meta property=\"og:image:width\" content=\"800\" \/>\n\t<meta property=\"og:image:height\" content=\"800\" \/>\n\t<meta property=\"og:image:type\" content=\"image\/webp\" \/>\n<meta name=\"twitter:card\" content=\"summary_large_image\" \/>\n<meta name=\"twitter:label1\" content=\"Gesch\u00e4tzte Lesezeit\" \/>\n\t<meta name=\"twitter:data1\" content=\"2 Minuten\" \/>\n<script type=\"application\/ld+json\" class=\"yoast-schema-graph\">{\"@context\":\"https:\/\/schema.org\",\"@graph\":[{\"@type\":\"WebPage\",\"@id\":\"https:\/\/www.csj-emballages.com\/de\/produit\/oregano-blaetter-chili-1-kg\/\",\"url\":\"https:\/\/www.csj-emballages.com\/de\/produit\/oregano-blaetter-chili-1-kg\/\",\"name\":\"Oregano Gez\u00fcchtete Bl\u00e4tter Chili 1kg\",\"isPartOf\":{\"@id\":\"https:\/\/www.csj-emballages.com\/de\/#website\"},\"primaryImageOfPage\":{\"@id\":\"https:\/\/www.csj-emballages.com\/de\/produit\/oregano-blaetter-chili-1-kg\/#primaryimage\"},\"image\":{\"@id\":\"https:\/\/www.csj-emballages.com\/de\/produit\/oregano-blaetter-chili-1-kg\/#primaryimage\"},\"thumbnailUrl\":\"https:\/\/www.csj-emballages.com\/wp-content\/uploads\/2024\/03\/Origan.webp\",\"datePublished\":\"2024-03-01T15:59:41+00:00\",\"dateModified\":\"2026-04-04T00:10:21+00:00\",\"description\":\"Getrockneter Oregano 1 kg \u2013 Ideal f\u00fcr Profis und Gastronomen. Verleiht Ihren Gerichten einen intensiven Geschmack. Perfekt f\u00fcr Pizzen, Gegrilltes und Saucen.\",\"breadcrumb\":{\"@id\":\"https:\/\/www.csj-emballages.com\/de\/produit\/oregano-blaetter-chili-1-kg\/#breadcrumb\"},\"inLanguage\":\"de\",\"potentialAction\":[{\"@type\":\"ReadAction\",\"target\":[\"https:\/\/www.csj-emballages.com\/de\/produit\/oregano-blaetter-chili-1-kg\/\"]}]},{\"@type\":\"ImageObject\",\"inLanguage\":\"de\",\"@id\":\"https:\/\/www.csj-emballages.com\/de\/produit\/oregano-blaetter-chili-1-kg\/#primaryimage\",\"url\":\"https:\/\/www.csj-emballages.com\/wp-content\/uploads\/2024\/03\/Origan.webp\",\"contentUrl\":\"https:\/\/www.csj-emballages.com\/wp-content\/uploads\/2024\/03\/Origan.webp\",\"width\":800,\"height\":800,\"caption\":\"Origan\"},{\"@type\":\"BreadcrumbList\",\"@id\":\"https:\/\/www.csj-emballages.com\/de\/produit\/oregano-blaetter-chili-1-kg\/#breadcrumb\",\"itemListElement\":[{\"@type\":\"ListItem\",\"position\":1,\"name\":\"Accueil\",\"item\":\"https:\/\/www.csj-emballages.com\/de\/universum-lebensmittelverpackungen\/\"},{\"@type\":\"ListItem\",\"position\":2,\"name\":\"Shop\",\"item\":\"https:\/\/www.csj-emballages.com\/shop\/\"},{\"@type\":\"ListItem\",\"position\":3,\"name\":\"Oregano Bl\u00e4tter Chili 1 kg\"}]},{\"@type\":\"WebSite\",\"@id\":\"https:\/\/www.csj-emballages.com\/de\/#website\",\"url\":\"https:\/\/www.csj-emballages.com\/de\/\",\"name\":\"CSJ Emballages\",\"description\":\"\",\"publisher\":{\"@id\":\"https:\/\/www.csj-emballages.com\/de\/#organization\"},\"potentialAction\":[{\"@type\":\"SearchAction\",\"target\":{\"@type\":\"EntryPoint\",\"urlTemplate\":\"https:\/\/www.csj-emballages.com\/de\/?s={search_term_string}\"},\"query-input\":{\"@type\":\"PropertyValueSpecification\",\"valueRequired\":true,\"valueName\":\"search_term_string\"}}],\"inLanguage\":\"de\"},{\"@type\":\"Organization\",\"@id\":\"https:\/\/www.csj-emballages.com\/de\/#Organization\/\",\"name\":\"CSJ Emballages\",\"url\":\"https:\/\/www.csj-emballages.com\/de\/\",\"logo\":{\"@type\":\"ImageObject\",\"inLanguage\":\"de\",\"@id\":\"https:\/\/www.csj-emballages.com\/de\/#\/schema\/logo\/image\/\",\"url\":\"https:\/\/www.csj-emballages.com\/wp-content\/uploads\/2023\/10\/logo_csj.webp\",\"contentUrl\":\"https:\/\/www.csj-emballages.com\/wp-content\/uploads\/2023\/10\/logo_csj.webp\",\"width\":250,\"height\":95,\"caption\":\"CSJ Emballages\"},\"image\":{\"@id\":\"https:\/\/www.csj-emballages.com\/de\/#\/schema\/logo\/image\/\"},\"sameAs\":[\"https:\/\/www.facebook.com\/csjemballages\"],\"address\":{\"@type\":\"PostalAddress\",\"streetAddress\":\"ZI La Lechere\",\"addressLocality\":\"Patornay\",\"postalCode\":\"39130\",\"addressCountry\":\"FR\"},\"contactPoint\":[{\"@type\":\"ContactPoint\",\"contactType\":\"Service client\",\"telephone\":\"0384254272\",\"email\":\"contact@csj-emballages.com\"}]}]}<\/script>\n<!-- \/ Yoast SEO Premium plugin. -->","yoast_head_json":{"title":"Oregano Gez\u00fcchtete Bl\u00e4tter Chili 1kg","description":"Getrockneter Oregano 1 kg \u2013 Ideal f\u00fcr Profis und Gastronomen. Verleiht Ihren Gerichten einen intensiven Geschmack. Perfekt f\u00fcr Pizzen, Gegrilltes und Saucen.","robots":{"index":"index","follow":"follow","max-snippet":"max-snippet:-1","max-image-preview":"max-image-preview:large","max-video-preview":"max-video-preview:-1"},"canonical":"https:\/\/www.csj-emballages.com\/de\/produit\/oregano-blaetter-chili-1-kg\/","og_locale":"de_DE","og_type":"article","og_title":"Oregano Bl\u00e4tter Chili 1 kg","og_description":"Getrockneter Oregano 1 kg \u2013 Ideal f\u00fcr Profis und Gastronomen. Verleiht Ihren Gerichten einen intensiven Geschmack. Perfekt f\u00fcr Pizzen, Gegrilltes und Saucen.","og_url":"https:\/\/www.csj-emballages.com\/de\/produit\/oregano-blaetter-chili-1-kg\/","og_site_name":"CSJ Emballages","article_publisher":"https:\/\/www.facebook.com\/csjemballages","article_modified_time":"2026-04-04T00:10:21+00:00","og_image":[{"width":800,"height":800,"url":"https:\/\/www.csj-emballages.com\/wp-content\/uploads\/2024\/03\/Origan.webp","type":"image\/webp"}],"twitter_card":"summary_large_image","twitter_misc":{"Gesch\u00e4tzte Lesezeit":"2 Minuten"},"schema":{"@context":"https:\/\/schema.org","@graph":[{"@type":"WebPage","@id":"https:\/\/www.csj-emballages.com\/de\/produit\/oregano-blaetter-chili-1-kg\/","url":"https:\/\/www.csj-emballages.com\/de\/produit\/oregano-blaetter-chili-1-kg\/","name":"Oregano Gez\u00fcchtete Bl\u00e4tter Chili 1kg","isPartOf":{"@id":"https:\/\/www.csj-emballages.com\/de\/#website"},"primaryImageOfPage":{"@id":"https:\/\/www.csj-emballages.com\/de\/produit\/oregano-blaetter-chili-1-kg\/#primaryimage"},"image":{"@id":"https:\/\/www.csj-emballages.com\/de\/produit\/oregano-blaetter-chili-1-kg\/#primaryimage"},"thumbnailUrl":"https:\/\/www.csj-emballages.com\/wp-content\/uploads\/2024\/03\/Origan.webp","datePublished":"2024-03-01T15:59:41+00:00","dateModified":"2026-04-04T00:10:21+00:00","description":"Getrockneter Oregano 1 kg \u2013 Ideal f\u00fcr Profis und Gastronomen. Verleiht Ihren Gerichten einen intensiven Geschmack. Perfekt f\u00fcr Pizzen, Gegrilltes und Saucen.","breadcrumb":{"@id":"https:\/\/www.csj-emballages.com\/de\/produit\/oregano-blaetter-chili-1-kg\/#breadcrumb"},"inLanguage":"de","potentialAction":[{"@type":"ReadAction","target":["https:\/\/www.csj-emballages.com\/de\/produit\/oregano-blaetter-chili-1-kg\/"]}]},{"@type":"ImageObject","inLanguage":"de","@id":"https:\/\/www.csj-emballages.com\/de\/produit\/oregano-blaetter-chili-1-kg\/#primaryimage","url":"https:\/\/www.csj-emballages.com\/wp-content\/uploads\/2024\/03\/Origan.webp","contentUrl":"https:\/\/www.csj-emballages.com\/wp-content\/uploads\/2024\/03\/Origan.webp","width":800,"height":800,"caption":"Origan"},{"@type":"BreadcrumbList","@id":"https:\/\/www.csj-emballages.com\/de\/produit\/oregano-blaetter-chili-1-kg\/#breadcrumb","itemListElement":[{"@type":"ListItem","position":1,"name":"Accueil","item":"https:\/\/www.csj-emballages.com\/de\/universum-lebensmittelverpackungen\/"},{"@type":"ListItem","position":2,"name":"Shop","item":"https:\/\/www.csj-emballages.com\/shop\/"},{"@type":"ListItem","position":3,"name":"Oregano Bl\u00e4tter Chili 1 kg"}]},{"@type":"WebSite","@id":"https:\/\/www.csj-emballages.com\/de\/#website","url":"https:\/\/www.csj-emballages.com\/de\/","name":"CSJ Emballages","description":"","publisher":{"@id":"https:\/\/www.csj-emballages.com\/de\/#organization"},"potentialAction":[{"@type":"SearchAction","target":{"@type":"EntryPoint","urlTemplate":"https:\/\/www.csj-emballages.com\/de\/?s={search_term_string}"},"query-input":{"@type":"PropertyValueSpecification","valueRequired":true,"valueName":"search_term_string"}}],"inLanguage":"de"},{"@type":"Organization","@id":"https:\/\/www.csj-emballages.com\/de\/#Organization\/","name":"CSJ Emballages","url":"https:\/\/www.csj-emballages.com\/de\/","logo":{"@type":"ImageObject","inLanguage":"de","@id":"https:\/\/www.csj-emballages.com\/de\/#\/schema\/logo\/image\/","url":"https:\/\/www.csj-emballages.com\/wp-content\/uploads\/2023\/10\/logo_csj.webp","contentUrl":"https:\/\/www.csj-emballages.com\/wp-content\/uploads\/2023\/10\/logo_csj.webp","width":250,"height":95,"caption":"CSJ Emballages"},"image":{"@id":"https:\/\/www.csj-emballages.com\/de\/#\/schema\/logo\/image\/"},"sameAs":["https:\/\/www.facebook.com\/csjemballages"],"address":{"@type":"PostalAddress","streetAddress":"ZI La Lechere","addressLocality":"Patornay","postalCode":"39130","addressCountry":"FR"},"contactPoint":[{"@type":"ContactPoint","contactType":"Service client","telephone":"0384254272","email":"contact@csj-emballages.com"}]}]}},"df_price":15.23,"df_sale_price":15.23,"df_regular_price":19.04,"df_image_link":"https:\/\/www.csj-emballages.com\/wp-content\/uploads\/2024\/03\/Origan-300x300.webp","tiered_pricing_type":"fixed","tiered_pricing_fixed_rules":[],"tiered_pricing_percentage_rules":[],"tiered_pricing_minimum":1,"tiered_pricing_roles_data":[],"_links":{"self":[{"href":"https:\/\/www.csj-emballages.com\/de\/wp-json\/wp\/v2\/product\/18123","targetHints":{"allow":["GET"]}}],"collection":[{"href":"https:\/\/www.csj-emballages.com\/de\/wp-json\/wp\/v2\/product"}],"about":[{"href":"https:\/\/www.csj-emballages.com\/de\/wp-json\/wp\/v2\/types\/product"}],"wp:featuredmedia":[{"embeddable":true,"href":"https:\/\/www.csj-emballages.com\/de\/wp-json\/wp\/v2\/media\/225771"}],"wp:attachment":[{"href":"https:\/\/www.csj-emballages.com\/de\/wp-json\/wp\/v2\/media?parent=18123"}],"wp:term":[{"taxonomy":"product_brand","embeddable":true,"href":"https:\/\/www.csj-emballages.com\/de\/wp-json\/wp\/v2\/product_brand?post=18123"},{"taxonomy":"product_cat","embeddable":true,"href":"https:\/\/www.csj-emballages.com\/de\/wp-json\/wp\/v2\/product_cat?post=18123"},{"taxonomy":"product_tag","embeddable":true,"href":"https:\/\/www.csj-emballages.com\/de\/wp-json\/wp\/v2\/product_tag?post=18123"}],"curies":[{"name":"wp","href":"https:\/\/api.w.org\/{rel}","templated":true}]}}