{"id":18120,"date":"2024-03-01T16:59:41","date_gmt":"2024-03-01T15:59:41","guid":{"rendered":"https:\/\/u15jnbdpoq.preview.infomaniak.website\/produit\/koriander-gemahlen-1-kg\/"},"modified":"2026-04-29T02:10:43","modified_gmt":"2026-04-29T00:10:43","slug":"koriander-gemahlen-1-kg","status":"publish","type":"product","link":"https:\/\/www.csj-emballages.com\/de\/produit\/koriander-gemahlen-1-kg\/","title":{"rendered":"Koriander, gemahlen 1 kg"},"content":{"rendered":"<h2 class=\"p1\">Gemahlener Koriander<\/h2>\n<hr>\n<h3>Beschreibung von unserem gemahlenen Koriander 1 kg<\/h3>\n<p><!--more--><\/p>\n<p data-start=\"171\" data-end=\"534\">Der <strong>gemahlene Koriander<\/strong> geh\u00f6rt zu jenen Gew\u00fcrzen, die ein Gericht in Sekundenschnelle verwandeln. Mit diesem <strong data-start=\"279\" data-end=\"287\">1 kg<\/strong>-Format halten Sie eine unverzichtbare Zutat f\u00fcr eine duftende, ausgewogene und charaktervolle K\u00fcche in H\u00e4nden. Sein leicht zitroniges, warmes und subtiles Aroma verleiht Rezepten eine wahre Tiefe, ohne jemals andere Geschmacksrichtungen zu \u00fcberdecken.  <\/p>\n<p data-start=\"536\" data-end=\"923\">Schon beim \u00d6ffnen entfaltet sich sein Duft sofort. Er l\u00e4sst sich leicht in zahlreiche Zubereitungen integrieren: <strong>Saucen, Marinaden, Schmorgerichte, gebratenes Gem\u00fcse, Fleisch, Fisch oder auch vegetarische Rezepte<\/strong>. Dank seiner feinen Textur vermischt er sich perfekt und erm\u00f6glicht eine pr\u00e4zise Dosierung, was ideal f\u00fcr den regelm\u00e4\u00dfigen Einsatz in der professionellen K\u00fcche wie auch zu Hause ist.  <\/p>\n<p data-start=\"925\" data-end=\"1325\">Durch die Wahl einer <strong data-start=\"959\" data-end=\"970\">1 kg<\/strong>-Verpackung gewinnen Sie an Komfort und Best\u00e4ndigkeit. Sie m\u00fcssen nicht st\u00e4ndig kleine Gl\u00e4ser nachkaufen: Sie haben immer die richtige Menge zur Hand, selbst bei Sto\u00dfzeiten oder gro\u00dfen Zubereitungen. Es ist ein Format, das f\u00fcr Restaurants, Caterer, Feinkostl\u00e4den oder Kochliebhaber konzipiert wurde, die gerne mit zuverl\u00e4ssigen und konstanten Produkten arbeiten.  <\/p>\n<p data-start=\"1327\" data-end=\"1617\">Dar\u00fcber hinaus passt sich der <strong>gemahlene Koriander<\/strong> sowohl der Weltk\u00fcche als auch traditionelleren Rezepten an. Er findet seinen Platz in orientalischen, indischen, asiatischen oder auch mediterranen Gerichten. Er erm\u00f6glicht es, neue Kombinationen zu entdecken und bleibt dabei einfach in der Anwendung.  <\/p>\n<p data-start=\"1619\" data-end=\"1785\">Zusammenfassend ist dieser <strong>gemahlene Koriander<\/strong> ein Verb\u00fcndeter f\u00fcr den Alltag. Er verleiht Geschmack, Finesse und einen Hauch von Originalit\u00e4t, ohne Ihre Art zu kochen zu verkomplizieren. <\/p>\n<p>&nbsp;<\/p>\n<p><!--more--><\/p>\n<h4>Vorteile :<\/h4>\n<ul>\n<li data-start=\"523\" data-end=\"599\">Mildes Aroma mit leicht zitronigen Noten.<\/li>\n<li data-start=\"600\" data-end=\"697\">Ideal f\u00fcr Fleisch, Fisch, Saucen, Suppen und exotische Gerichte.<\/li>\n<li data-start=\"698\" data-end=\"795\">1 kg Beutel, ideal f\u00fcr Profis und Privatpersonen.<\/li>\n<li data-start=\"796\" data-end=\"878\" data-is-only-node=\"\">Feiner Koriander, aus sorgf\u00e4ltiger Auswahl.<\/li>\n<li data-start=\"879\" data-end=\"967\">Gebrauchsfertig, um Ihre Gerichte schnell zu w\u00fcrzen.<\/li>\n<\/ul>\n<p>&nbsp;<\/p>\n<p><!--more--><\/p>\n<h4>Weitere Informationen :<\/h4>\n<ul>\n<li><strong>Verpackung<\/strong>: Packung mit 1kg<\/li>\n<li><strong>Typ<\/strong>: Gemahlen<\/li>\n<\/ul>\n<p>&nbsp;<\/p>\n<p><!--more--><\/p>\n<p><a href=\"https:\/\/www.csj-emballages.com\/de\/categorie-produit\/lebensmittel\/gewurze\/einfache-gewurze\/\">Sehen Sie sich den Rest unseres Sortiments an einfachen Gew\u00fcrzen an  <\/a><\/p>\n","protected":false},"excerpt":{"rendered":"<p>Gemahlener Koriander Beschreibung von unserem gemahlenen Koriander 1 kg<\/p>\n","protected":false},"featured_media":225807,"template":"","meta":{"_acf_changed":false},"product_brand":[],"product_cat":[1144,1441,1442],"product_tag":[],"class_list":{"0":"post-18120","1":"product","2":"type-product","3":"status-publish","4":"has-post-thumbnail","6":"product_cat-lebensmittel","7":"product_cat-gewurze","8":"product_cat-einfache-gewurze","10":"first","11":"instock","12":"taxable","13":"shipping-taxable","14":"purchasable","15":"product-type-simple"},"acf":[],"yoast_head":"<!-- This site is optimized with the Yoast SEO Premium plugin v26.6 (Yoast SEO v26.6) - https:\/\/yoast.com\/wordpress\/plugins\/seo\/ -->\n<title>Koriander gemahlen 1kg<\/title>\n<meta name=\"description\" content=\"Gemahlener Koriander 1 kg \u2013 Ideal, um Ihre Gerichte mit einer milden, zitronigen Aromanote zu verfeinern. Perfekt f\u00fcr Profis und Privatpersonen.\" \/>\n<meta name=\"robots\" content=\"index, follow, max-snippet:-1, max-image-preview:large, max-video-preview:-1\" \/>\n<link rel=\"canonical\" href=\"https:\/\/www.csj-emballages.com\/de\/produit\/koriander-gemahlen-1-kg\/\" \/>\n<meta property=\"og:locale\" content=\"de_DE\" \/>\n<meta property=\"og:type\" content=\"article\" \/>\n<meta property=\"og:title\" content=\"Koriander, gemahlen 1 kg\" \/>\n<meta property=\"og:description\" content=\"Gemahlener Koriander 1 kg \u2013 Ideal, um Ihre Gerichte mit einer milden, zitronigen Aromanote zu verfeinern. Perfekt f\u00fcr Profis und Privatpersonen.\" \/>\n<meta property=\"og:url\" content=\"https:\/\/www.csj-emballages.com\/de\/produit\/koriander-gemahlen-1-kg\/\" \/>\n<meta property=\"og:site_name\" content=\"CSJ Emballages\" \/>\n<meta property=\"article:publisher\" content=\"https:\/\/www.facebook.com\/csjemballages\" \/>\n<meta property=\"article:modified_time\" content=\"2026-04-29T00:10:43+00:00\" \/>\n<meta property=\"og:image\" content=\"https:\/\/www.csj-emballages.com\/wp-content\/uploads\/2024\/03\/coriandre-moulue.webp\" \/>\n\t<meta property=\"og:image:width\" content=\"800\" \/>\n\t<meta property=\"og:image:height\" content=\"800\" \/>\n\t<meta property=\"og:image:type\" content=\"image\/webp\" \/>\n<meta name=\"twitter:card\" content=\"summary_large_image\" \/>\n<meta name=\"twitter:label1\" content=\"Gesch\u00e4tzte Lesezeit\" \/>\n\t<meta name=\"twitter:data1\" content=\"2 Minuten\" \/>\n<script type=\"application\/ld+json\" class=\"yoast-schema-graph\">{\"@context\":\"https:\/\/schema.org\",\"@graph\":[{\"@type\":\"WebPage\",\"@id\":\"https:\/\/www.csj-emballages.com\/de\/produit\/koriander-gemahlen-1-kg\/\",\"url\":\"https:\/\/www.csj-emballages.com\/de\/produit\/koriander-gemahlen-1-kg\/\",\"name\":\"Koriander gemahlen 1kg\",\"isPartOf\":{\"@id\":\"https:\/\/www.csj-emballages.com\/de\/#website\"},\"primaryImageOfPage\":{\"@id\":\"https:\/\/www.csj-emballages.com\/de\/produit\/koriander-gemahlen-1-kg\/#primaryimage\"},\"image\":{\"@id\":\"https:\/\/www.csj-emballages.com\/de\/produit\/koriander-gemahlen-1-kg\/#primaryimage\"},\"thumbnailUrl\":\"https:\/\/www.csj-emballages.com\/wp-content\/uploads\/2024\/03\/coriandre-moulue.webp\",\"datePublished\":\"2024-03-01T15:59:41+00:00\",\"dateModified\":\"2026-04-29T00:10:43+00:00\",\"description\":\"Gemahlener Koriander 1 kg \u2013 Ideal, um Ihre Gerichte mit einer milden, zitronigen Aromanote zu verfeinern. Perfekt f\u00fcr Profis und Privatpersonen.\",\"breadcrumb\":{\"@id\":\"https:\/\/www.csj-emballages.com\/de\/produit\/koriander-gemahlen-1-kg\/#breadcrumb\"},\"inLanguage\":\"de\",\"potentialAction\":[{\"@type\":\"ReadAction\",\"target\":[\"https:\/\/www.csj-emballages.com\/de\/produit\/koriander-gemahlen-1-kg\/\"]}]},{\"@type\":\"ImageObject\",\"inLanguage\":\"de\",\"@id\":\"https:\/\/www.csj-emballages.com\/de\/produit\/koriander-gemahlen-1-kg\/#primaryimage\",\"url\":\"https:\/\/www.csj-emballages.com\/wp-content\/uploads\/2024\/03\/coriandre-moulue.webp\",\"contentUrl\":\"https:\/\/www.csj-emballages.com\/wp-content\/uploads\/2024\/03\/coriandre-moulue.webp\",\"width\":800,\"height\":800,\"caption\":\"Coriandre moulue\"},{\"@type\":\"BreadcrumbList\",\"@id\":\"https:\/\/www.csj-emballages.com\/de\/produit\/koriander-gemahlen-1-kg\/#breadcrumb\",\"itemListElement\":[{\"@type\":\"ListItem\",\"position\":1,\"name\":\"Accueil\",\"item\":\"https:\/\/www.csj-emballages.com\/de\/universum-lebensmittelverpackungen\/\"},{\"@type\":\"ListItem\",\"position\":2,\"name\":\"Shop\",\"item\":\"https:\/\/www.csj-emballages.com\/shop\/\"},{\"@type\":\"ListItem\",\"position\":3,\"name\":\"Koriander, gemahlen 1 kg\"}]},{\"@type\":\"WebSite\",\"@id\":\"https:\/\/www.csj-emballages.com\/de\/#website\",\"url\":\"https:\/\/www.csj-emballages.com\/de\/\",\"name\":\"CSJ Emballages\",\"description\":\"\",\"publisher\":{\"@id\":\"https:\/\/www.csj-emballages.com\/de\/#organization\"},\"potentialAction\":[{\"@type\":\"SearchAction\",\"target\":{\"@type\":\"EntryPoint\",\"urlTemplate\":\"https:\/\/www.csj-emballages.com\/de\/?s={search_term_string}\"},\"query-input\":{\"@type\":\"PropertyValueSpecification\",\"valueRequired\":true,\"valueName\":\"search_term_string\"}}],\"inLanguage\":\"de\"},{\"@type\":\"Organization\",\"@id\":\"https:\/\/www.csj-emballages.com\/de\/#Organization\/\",\"name\":\"CSJ Emballages\",\"url\":\"https:\/\/www.csj-emballages.com\/de\/\",\"logo\":{\"@type\":\"ImageObject\",\"inLanguage\":\"de\",\"@id\":\"https:\/\/www.csj-emballages.com\/de\/#\/schema\/logo\/image\/\",\"url\":\"https:\/\/www.csj-emballages.com\/wp-content\/uploads\/2023\/10\/logo_csj.webp\",\"contentUrl\":\"https:\/\/www.csj-emballages.com\/wp-content\/uploads\/2023\/10\/logo_csj.webp\",\"width\":250,\"height\":95,\"caption\":\"CSJ Emballages\"},\"image\":{\"@id\":\"https:\/\/www.csj-emballages.com\/de\/#\/schema\/logo\/image\/\"},\"sameAs\":[\"https:\/\/www.facebook.com\/csjemballages\"],\"address\":{\"@type\":\"PostalAddress\",\"streetAddress\":\"ZI La Lechere\",\"addressLocality\":\"Patornay\",\"postalCode\":\"39130\",\"addressCountry\":\"FR\"},\"contactPoint\":[{\"@type\":\"ContactPoint\",\"contactType\":\"Service client\",\"telephone\":\"0384254272\",\"email\":\"contact@csj-emballages.com\"}]}]}<\/script>\n<!-- \/ Yoast SEO Premium plugin. -->","yoast_head_json":{"title":"Koriander gemahlen 1kg","description":"Gemahlener Koriander 1 kg \u2013 Ideal, um Ihre Gerichte mit einer milden, zitronigen Aromanote zu verfeinern. Perfekt f\u00fcr Profis und Privatpersonen.","robots":{"index":"index","follow":"follow","max-snippet":"max-snippet:-1","max-image-preview":"max-image-preview:large","max-video-preview":"max-video-preview:-1"},"canonical":"https:\/\/www.csj-emballages.com\/de\/produit\/koriander-gemahlen-1-kg\/","og_locale":"de_DE","og_type":"article","og_title":"Koriander, gemahlen 1 kg","og_description":"Gemahlener Koriander 1 kg \u2013 Ideal, um Ihre Gerichte mit einer milden, zitronigen Aromanote zu verfeinern. Perfekt f\u00fcr Profis und Privatpersonen.","og_url":"https:\/\/www.csj-emballages.com\/de\/produit\/koriander-gemahlen-1-kg\/","og_site_name":"CSJ Emballages","article_publisher":"https:\/\/www.facebook.com\/csjemballages","article_modified_time":"2026-04-29T00:10:43+00:00","og_image":[{"width":800,"height":800,"url":"https:\/\/www.csj-emballages.com\/wp-content\/uploads\/2024\/03\/coriandre-moulue.webp","type":"image\/webp"}],"twitter_card":"summary_large_image","twitter_misc":{"Gesch\u00e4tzte Lesezeit":"2 Minuten"},"schema":{"@context":"https:\/\/schema.org","@graph":[{"@type":"WebPage","@id":"https:\/\/www.csj-emballages.com\/de\/produit\/koriander-gemahlen-1-kg\/","url":"https:\/\/www.csj-emballages.com\/de\/produit\/koriander-gemahlen-1-kg\/","name":"Koriander gemahlen 1kg","isPartOf":{"@id":"https:\/\/www.csj-emballages.com\/de\/#website"},"primaryImageOfPage":{"@id":"https:\/\/www.csj-emballages.com\/de\/produit\/koriander-gemahlen-1-kg\/#primaryimage"},"image":{"@id":"https:\/\/www.csj-emballages.com\/de\/produit\/koriander-gemahlen-1-kg\/#primaryimage"},"thumbnailUrl":"https:\/\/www.csj-emballages.com\/wp-content\/uploads\/2024\/03\/coriandre-moulue.webp","datePublished":"2024-03-01T15:59:41+00:00","dateModified":"2026-04-29T00:10:43+00:00","description":"Gemahlener Koriander 1 kg \u2013 Ideal, um Ihre Gerichte mit einer milden, zitronigen Aromanote zu verfeinern. Perfekt f\u00fcr Profis und Privatpersonen.","breadcrumb":{"@id":"https:\/\/www.csj-emballages.com\/de\/produit\/koriander-gemahlen-1-kg\/#breadcrumb"},"inLanguage":"de","potentialAction":[{"@type":"ReadAction","target":["https:\/\/www.csj-emballages.com\/de\/produit\/koriander-gemahlen-1-kg\/"]}]},{"@type":"ImageObject","inLanguage":"de","@id":"https:\/\/www.csj-emballages.com\/de\/produit\/koriander-gemahlen-1-kg\/#primaryimage","url":"https:\/\/www.csj-emballages.com\/wp-content\/uploads\/2024\/03\/coriandre-moulue.webp","contentUrl":"https:\/\/www.csj-emballages.com\/wp-content\/uploads\/2024\/03\/coriandre-moulue.webp","width":800,"height":800,"caption":"Coriandre moulue"},{"@type":"BreadcrumbList","@id":"https:\/\/www.csj-emballages.com\/de\/produit\/koriander-gemahlen-1-kg\/#breadcrumb","itemListElement":[{"@type":"ListItem","position":1,"name":"Accueil","item":"https:\/\/www.csj-emballages.com\/de\/universum-lebensmittelverpackungen\/"},{"@type":"ListItem","position":2,"name":"Shop","item":"https:\/\/www.csj-emballages.com\/shop\/"},{"@type":"ListItem","position":3,"name":"Koriander, gemahlen 1 kg"}]},{"@type":"WebSite","@id":"https:\/\/www.csj-emballages.com\/de\/#website","url":"https:\/\/www.csj-emballages.com\/de\/","name":"CSJ Emballages","description":"","publisher":{"@id":"https:\/\/www.csj-emballages.com\/de\/#organization"},"potentialAction":[{"@type":"SearchAction","target":{"@type":"EntryPoint","urlTemplate":"https:\/\/www.csj-emballages.com\/de\/?s={search_term_string}"},"query-input":{"@type":"PropertyValueSpecification","valueRequired":true,"valueName":"search_term_string"}}],"inLanguage":"de"},{"@type":"Organization","@id":"https:\/\/www.csj-emballages.com\/de\/#Organization\/","name":"CSJ Emballages","url":"https:\/\/www.csj-emballages.com\/de\/","logo":{"@type":"ImageObject","inLanguage":"de","@id":"https:\/\/www.csj-emballages.com\/de\/#\/schema\/logo\/image\/","url":"https:\/\/www.csj-emballages.com\/wp-content\/uploads\/2023\/10\/logo_csj.webp","contentUrl":"https:\/\/www.csj-emballages.com\/wp-content\/uploads\/2023\/10\/logo_csj.webp","width":250,"height":95,"caption":"CSJ Emballages"},"image":{"@id":"https:\/\/www.csj-emballages.com\/de\/#\/schema\/logo\/image\/"},"sameAs":["https:\/\/www.facebook.com\/csjemballages"],"address":{"@type":"PostalAddress","streetAddress":"ZI La Lechere","addressLocality":"Patornay","postalCode":"39130","addressCountry":"FR"},"contactPoint":[{"@type":"ContactPoint","contactType":"Service client","telephone":"0384254272","email":"contact@csj-emballages.com"}]}]}},"df_price":7.79,"df_sale_price":"","df_regular_price":7.79,"df_image_link":"https:\/\/www.csj-emballages.com\/wp-content\/uploads\/2024\/03\/coriandre-moulue-300x300.webp","tiered_pricing_type":"fixed","tiered_pricing_fixed_rules":[],"tiered_pricing_percentage_rules":[],"tiered_pricing_minimum":1,"tiered_pricing_roles_data":[],"_links":{"self":[{"href":"https:\/\/www.csj-emballages.com\/de\/wp-json\/wp\/v2\/product\/18120","targetHints":{"allow":["GET"]}}],"collection":[{"href":"https:\/\/www.csj-emballages.com\/de\/wp-json\/wp\/v2\/product"}],"about":[{"href":"https:\/\/www.csj-emballages.com\/de\/wp-json\/wp\/v2\/types\/product"}],"wp:featuredmedia":[{"embeddable":true,"href":"https:\/\/www.csj-emballages.com\/de\/wp-json\/wp\/v2\/media\/225807"}],"wp:attachment":[{"href":"https:\/\/www.csj-emballages.com\/de\/wp-json\/wp\/v2\/media?parent=18120"}],"wp:term":[{"taxonomy":"product_brand","embeddable":true,"href":"https:\/\/www.csj-emballages.com\/de\/wp-json\/wp\/v2\/product_brand?post=18120"},{"taxonomy":"product_cat","embeddable":true,"href":"https:\/\/www.csj-emballages.com\/de\/wp-json\/wp\/v2\/product_cat?post=18120"},{"taxonomy":"product_tag","embeddable":true,"href":"https:\/\/www.csj-emballages.com\/de\/wp-json\/wp\/v2\/product_tag?post=18120"}],"curies":[{"name":"wp","href":"https:\/\/api.w.org\/{rel}","templated":true}]}}