{"id":18116,"date":"2024-03-01T16:59:42","date_gmt":"2024-03-01T15:59:42","guid":{"rendered":"https:\/\/u15jnbdpoq.preview.infomaniak.website\/produit\/basilikum-gemahlen-1-kg\/"},"modified":"2026-03-12T16:02:12","modified_gmt":"2026-03-12T15:02:12","slug":"basilikum-gemahlen-1-kg","status":"publish","type":"product","link":"https:\/\/www.csj-emballages.com\/de\/produit\/basilikum-gemahlen-1-kg\/","title":{"rendered":"Basilikum gemahlen 1 kg"},"content":{"rendered":"<h2>Basilikum gemahlen<\/h2>\n<hr>\n<h3>Beschreibung unseres gemahlenen Basilikums 1 kg<\/h3>\n<p><!--more--><\/p>\n<p data-start=\"168\" data-end=\"552\">Das <strong>gemahlene Basilikum<\/strong> ist eine jener einfachen Zutaten, die ein Rezept komplett ver\u00e4ndern. Mit diesem <strong data-start=\"272\" data-end=\"280\">1 kg<\/strong>-Format haben Sie ein unverzichtbares, gebrauchsfertiges und geschmacklich stets gleichbleibendes Gew\u00fcrzkraut zur Hand. Fein gemahlen, l\u00e4sst es sich leicht in Zubereitungen mischen und setzt seine Aromen schnell frei, was Zeit spart, ohne Kompromisse beim Geschmack einzugehen.  <\/p>\n<p data-start=\"554\" data-end=\"903\">Sein Aroma ist zugleich frisch und leicht pfeffrig, mit dieser sofort erkennbaren mediterranen Note. Es passt perfekt zu <strong>Tomatensaucen<\/strong>, <strong>Nudelgerichten<\/strong>, <strong>Pizzen<\/strong>, <span style=\"color: #d12727;\"><a style=\"color: #d12727;\" href=\"https:\/\/www.csj-emballages.com\/de\/categorie-produit\/lebensmittel\/marinaden\/\">Marinaden<\/a><\/span> oder auch zu gebratenem Gem\u00fcse. Da es bereits gemahlen ist, vermeiden Sie zudem das Schneiden und Verluste: Jedes Gramm ist n\u00fctzlich und kontrolliert einsetzbar.  <\/p>\n<p data-start=\"905\" data-end=\"1297\">Diese Gro\u00dfpackung richtet sich insbesondere an Gastronomieprofis, Caterer, Gro\u00dfk\u00fcchen oder Handwerker, die Basilikum t\u00e4glich verwenden. Sie erm\u00f6glicht ein konstantes Arbeiten, Service f\u00fcr Service, bei gleichzeitig hervorragender Effizienz. Zudem reduziert das <strong>1 kg<\/strong>-Format h\u00e4ufige Nachbestellungen, was die K\u00fcchenorganisation vereinfacht.  <\/p>\n<p data-start=\"1299\" data-end=\"1603\">Leicht zu dosieren, f\u00fcgt sich dieses <strong>gemahlene Basilikum<\/strong> sowohl in traditionelle Rezepte als auch in modernere Kreationen ein. Es verleiht Frische, ohne andere Zutaten zu \u00fcberdecken, was es sehr vielseitig macht. Kurz gesagt, es ist ein zuverl\u00e4ssiger Verb\u00fcndeter, um Gerichte pr\u00e4zise und einfach zu verfeinern.  <\/p>\n<p>&nbsp;<\/p>\n<p><!--more--><\/p>\n<h4>Vorteile :<\/h4>\n<ul>\n<li data-start=\"1631\" data-end=\"1672\"><strong>Fein gemahlenes Basilikum<\/strong>, gebrauchsfertig.<\/li>\n<li data-start=\"1675\" data-end=\"1709\">Gleichm\u00e4\u00dfiges Aroma und leicht zu dosieren.<\/li>\n<li data-start=\"1712\" data-end=\"1739\">Wirtschaftliches <strong>1 kg<\/strong>-Format.<\/li>\n<li data-start=\"1742\" data-end=\"1777\">Ideal f\u00fcr den professionellen Einsatz.<\/li>\n<li data-start=\"1780\" data-end=\"1822\">Perfekt f\u00fcr warme und kalte K\u00fcchen.<\/li>\n<\/ul>\n<p>&nbsp;<\/p>\n<p><!--more--><\/p>\n<p><strong>Weitere Informationen :  <\/strong><\/p>\n<ul>\n<li><strong>Verpackung<\/strong>: Packung mit 1kg<\/li>\n<li><strong>Format<\/strong> : Gemahlen<\/li>\n<\/ul>\n<p>&nbsp;<\/p>\n<p><!--more--><\/p>\n<p><span style=\"color: #d12727;\"><a style=\"color: #d12727;\" href=\"https:\/\/www.csj-emballages.com\/es\/produit\/hojas-de-albahaca-1-kg\/\">Hier finden Sie unser getrocknetes Basilikum in Bl\u00e4ttern<\/a><\/span><\/p>\n<p>&nbsp;<\/p>\n<p><!--more--><\/p>\n<p><a href=\"https:\/\/www.csj-emballages.com\/de\/categorie-produit\/lebensmittel\/gewurze\/einfache-gewurze\/\">Sehen Sie sich den Rest unseres Sortiments an einfachen Gew\u00fcrzen an.<\/a><\/p>\n","protected":false},"excerpt":{"rendered":"<p><span style=\"color: #ff0000;\"><strong>Abgelaufen 07\/2025<\/strong><\/span><\/p>\n","protected":false},"featured_media":261495,"template":"","meta":{"_acf_changed":false},"product_brand":[],"product_cat":[1144,1441,1442,11576],"product_tag":[],"class_list":{"0":"post-18116","1":"product","2":"type-product","3":"status-publish","4":"has-post-thumbnail","6":"product_cat-lebensmittel","7":"product_cat-gewurze","8":"product_cat-einfache-gewurze","9":"product_cat-lagerbestand","11":"first","12":"instock","13":"sale","14":"taxable","15":"shipping-taxable","16":"purchasable","17":"product-type-simple"},"acf":[],"yoast_head":"<!-- This site is optimized with the Yoast SEO Premium plugin v26.6 (Yoast SEO v26.6) - https:\/\/yoast.com\/wordpress\/plugins\/seo\/ -->\n<title>Basilikum gemahlen 1 kg<\/title>\n<meta name=\"description\" content=\"Entdecken Sie unser gemahlenes Basilikum 1 kg, ideal, um Ihre Gerichte mit einer mediterranen Note zu verfeinern. Intensives Aroma, Premium-Qualit\u00e4t f\u00fcr Profis und Privatpersonen\" \/>\n<meta name=\"robots\" content=\"index, follow, max-snippet:-1, max-image-preview:large, max-video-preview:-1\" \/>\n<link rel=\"canonical\" href=\"https:\/\/www.csj-emballages.com\/de\/produit\/basilikum-gemahlen-1-kg\/\" \/>\n<meta property=\"og:locale\" content=\"de_DE\" \/>\n<meta property=\"og:type\" content=\"article\" \/>\n<meta property=\"og:title\" content=\"Basilikum gemahlen 1 kg\" \/>\n<meta property=\"og:description\" content=\"Entdecken Sie unser gemahlenes Basilikum 1 kg, ideal, um Ihre Gerichte mit einer mediterranen Note zu verfeinern. Intensives Aroma, Premium-Qualit\u00e4t f\u00fcr Profis und Privatpersonen\" \/>\n<meta property=\"og:url\" content=\"https:\/\/www.csj-emballages.com\/de\/produit\/basilikum-gemahlen-1-kg\/\" \/>\n<meta property=\"og:site_name\" content=\"CSJ Emballages\" \/>\n<meta property=\"article:publisher\" content=\"https:\/\/www.facebook.com\/csjemballages\" \/>\n<meta property=\"article:modified_time\" content=\"2026-03-12T15:02:12+00:00\" \/>\n<meta property=\"og:image\" content=\"https:\/\/www.csj-emballages.com\/wp-content\/uploads\/2024\/03\/Basilic-moulu.webp\" \/>\n\t<meta property=\"og:image:width\" content=\"800\" \/>\n\t<meta property=\"og:image:height\" content=\"800\" \/>\n\t<meta property=\"og:image:type\" content=\"image\/webp\" \/>\n<meta name=\"twitter:card\" content=\"summary_large_image\" \/>\n<meta name=\"twitter:label1\" content=\"Gesch\u00e4tzte Lesezeit\" \/>\n\t<meta name=\"twitter:data1\" content=\"1\u00a0Minute\" \/>\n<script type=\"application\/ld+json\" class=\"yoast-schema-graph\">{\"@context\":\"https:\/\/schema.org\",\"@graph\":[{\"@type\":\"WebPage\",\"@id\":\"https:\/\/www.csj-emballages.com\/de\/produit\/basilikum-gemahlen-1-kg\/\",\"url\":\"https:\/\/www.csj-emballages.com\/de\/produit\/basilikum-gemahlen-1-kg\/\",\"name\":\"Basilikum gemahlen 1 kg\",\"isPartOf\":{\"@id\":\"https:\/\/www.csj-emballages.com\/de\/#website\"},\"primaryImageOfPage\":{\"@id\":\"https:\/\/www.csj-emballages.com\/de\/produit\/basilikum-gemahlen-1-kg\/#primaryimage\"},\"image\":{\"@id\":\"https:\/\/www.csj-emballages.com\/de\/produit\/basilikum-gemahlen-1-kg\/#primaryimage\"},\"thumbnailUrl\":\"https:\/\/www.csj-emballages.com\/wp-content\/uploads\/2024\/03\/Basilic-moulu.webp\",\"datePublished\":\"2024-03-01T15:59:42+00:00\",\"dateModified\":\"2026-03-12T15:02:12+00:00\",\"description\":\"Entdecken Sie unser gemahlenes Basilikum 1 kg, ideal, um Ihre Gerichte mit einer mediterranen Note zu verfeinern. Intensives Aroma, Premium-Qualit\u00e4t f\u00fcr Profis und Privatpersonen\",\"breadcrumb\":{\"@id\":\"https:\/\/www.csj-emballages.com\/de\/produit\/basilikum-gemahlen-1-kg\/#breadcrumb\"},\"inLanguage\":\"de\",\"potentialAction\":[{\"@type\":\"ReadAction\",\"target\":[\"https:\/\/www.csj-emballages.com\/de\/produit\/basilikum-gemahlen-1-kg\/\"]}]},{\"@type\":\"ImageObject\",\"inLanguage\":\"de\",\"@id\":\"https:\/\/www.csj-emballages.com\/de\/produit\/basilikum-gemahlen-1-kg\/#primaryimage\",\"url\":\"https:\/\/www.csj-emballages.com\/wp-content\/uploads\/2024\/03\/Basilic-moulu.webp\",\"contentUrl\":\"https:\/\/www.csj-emballages.com\/wp-content\/uploads\/2024\/03\/Basilic-moulu.webp\",\"width\":800,\"height\":800,\"caption\":\"Basilic moulu\"},{\"@type\":\"BreadcrumbList\",\"@id\":\"https:\/\/www.csj-emballages.com\/de\/produit\/basilikum-gemahlen-1-kg\/#breadcrumb\",\"itemListElement\":[{\"@type\":\"ListItem\",\"position\":1,\"name\":\"Accueil\",\"item\":\"https:\/\/www.csj-emballages.com\/de\/universum-lebensmittelverpackungen\/\"},{\"@type\":\"ListItem\",\"position\":2,\"name\":\"Shop\",\"item\":\"https:\/\/www.csj-emballages.com\/shop\/\"},{\"@type\":\"ListItem\",\"position\":3,\"name\":\"Basilikum gemahlen 1 kg\"}]},{\"@type\":\"WebSite\",\"@id\":\"https:\/\/www.csj-emballages.com\/de\/#website\",\"url\":\"https:\/\/www.csj-emballages.com\/de\/\",\"name\":\"CSJ Emballages\",\"description\":\"\",\"publisher\":{\"@id\":\"https:\/\/www.csj-emballages.com\/de\/#organization\"},\"potentialAction\":[{\"@type\":\"SearchAction\",\"target\":{\"@type\":\"EntryPoint\",\"urlTemplate\":\"https:\/\/www.csj-emballages.com\/de\/?s={search_term_string}\"},\"query-input\":{\"@type\":\"PropertyValueSpecification\",\"valueRequired\":true,\"valueName\":\"search_term_string\"}}],\"inLanguage\":\"de\"},{\"@type\":\"Organization\",\"@id\":\"https:\/\/www.csj-emballages.com\/de\/#Organization\/\",\"name\":\"CSJ Emballages\",\"url\":\"https:\/\/www.csj-emballages.com\/de\/\",\"logo\":{\"@type\":\"ImageObject\",\"inLanguage\":\"de\",\"@id\":\"https:\/\/www.csj-emballages.com\/de\/#\/schema\/logo\/image\/\",\"url\":\"https:\/\/www.csj-emballages.com\/wp-content\/uploads\/2023\/10\/logo_csj.webp\",\"contentUrl\":\"https:\/\/www.csj-emballages.com\/wp-content\/uploads\/2023\/10\/logo_csj.webp\",\"width\":250,\"height\":95,\"caption\":\"CSJ Emballages\"},\"image\":{\"@id\":\"https:\/\/www.csj-emballages.com\/de\/#\/schema\/logo\/image\/\"},\"sameAs\":[\"https:\/\/www.facebook.com\/csjemballages\"],\"address\":{\"@type\":\"PostalAddress\",\"streetAddress\":\"ZI La Lechere\",\"addressLocality\":\"Patornay\",\"postalCode\":\"39130\",\"addressCountry\":\"FR\"},\"contactPoint\":[{\"@type\":\"ContactPoint\",\"contactType\":\"Service client\",\"telephone\":\"0384254272\",\"email\":\"contact@csj-emballages.com\"}]}]}<\/script>\n<!-- \/ Yoast SEO Premium plugin. -->","yoast_head_json":{"title":"Basilikum gemahlen 1 kg","description":"Entdecken Sie unser gemahlenes Basilikum 1 kg, ideal, um Ihre Gerichte mit einer mediterranen Note zu verfeinern. Intensives Aroma, Premium-Qualit\u00e4t f\u00fcr Profis und Privatpersonen","robots":{"index":"index","follow":"follow","max-snippet":"max-snippet:-1","max-image-preview":"max-image-preview:large","max-video-preview":"max-video-preview:-1"},"canonical":"https:\/\/www.csj-emballages.com\/de\/produit\/basilikum-gemahlen-1-kg\/","og_locale":"de_DE","og_type":"article","og_title":"Basilikum gemahlen 1 kg","og_description":"Entdecken Sie unser gemahlenes Basilikum 1 kg, ideal, um Ihre Gerichte mit einer mediterranen Note zu verfeinern. Intensives Aroma, Premium-Qualit\u00e4t f\u00fcr Profis und Privatpersonen","og_url":"https:\/\/www.csj-emballages.com\/de\/produit\/basilikum-gemahlen-1-kg\/","og_site_name":"CSJ Emballages","article_publisher":"https:\/\/www.facebook.com\/csjemballages","article_modified_time":"2026-03-12T15:02:12+00:00","og_image":[{"width":800,"height":800,"url":"https:\/\/www.csj-emballages.com\/wp-content\/uploads\/2024\/03\/Basilic-moulu.webp","type":"image\/webp"}],"twitter_card":"summary_large_image","twitter_misc":{"Gesch\u00e4tzte Lesezeit":"1\u00a0Minute"},"schema":{"@context":"https:\/\/schema.org","@graph":[{"@type":"WebPage","@id":"https:\/\/www.csj-emballages.com\/de\/produit\/basilikum-gemahlen-1-kg\/","url":"https:\/\/www.csj-emballages.com\/de\/produit\/basilikum-gemahlen-1-kg\/","name":"Basilikum gemahlen 1 kg","isPartOf":{"@id":"https:\/\/www.csj-emballages.com\/de\/#website"},"primaryImageOfPage":{"@id":"https:\/\/www.csj-emballages.com\/de\/produit\/basilikum-gemahlen-1-kg\/#primaryimage"},"image":{"@id":"https:\/\/www.csj-emballages.com\/de\/produit\/basilikum-gemahlen-1-kg\/#primaryimage"},"thumbnailUrl":"https:\/\/www.csj-emballages.com\/wp-content\/uploads\/2024\/03\/Basilic-moulu.webp","datePublished":"2024-03-01T15:59:42+00:00","dateModified":"2026-03-12T15:02:12+00:00","description":"Entdecken Sie unser gemahlenes Basilikum 1 kg, ideal, um Ihre Gerichte mit einer mediterranen Note zu verfeinern. Intensives Aroma, Premium-Qualit\u00e4t f\u00fcr Profis und Privatpersonen","breadcrumb":{"@id":"https:\/\/www.csj-emballages.com\/de\/produit\/basilikum-gemahlen-1-kg\/#breadcrumb"},"inLanguage":"de","potentialAction":[{"@type":"ReadAction","target":["https:\/\/www.csj-emballages.com\/de\/produit\/basilikum-gemahlen-1-kg\/"]}]},{"@type":"ImageObject","inLanguage":"de","@id":"https:\/\/www.csj-emballages.com\/de\/produit\/basilikum-gemahlen-1-kg\/#primaryimage","url":"https:\/\/www.csj-emballages.com\/wp-content\/uploads\/2024\/03\/Basilic-moulu.webp","contentUrl":"https:\/\/www.csj-emballages.com\/wp-content\/uploads\/2024\/03\/Basilic-moulu.webp","width":800,"height":800,"caption":"Basilic moulu"},{"@type":"BreadcrumbList","@id":"https:\/\/www.csj-emballages.com\/de\/produit\/basilikum-gemahlen-1-kg\/#breadcrumb","itemListElement":[{"@type":"ListItem","position":1,"name":"Accueil","item":"https:\/\/www.csj-emballages.com\/de\/universum-lebensmittelverpackungen\/"},{"@type":"ListItem","position":2,"name":"Shop","item":"https:\/\/www.csj-emballages.com\/shop\/"},{"@type":"ListItem","position":3,"name":"Basilikum gemahlen 1 kg"}]},{"@type":"WebSite","@id":"https:\/\/www.csj-emballages.com\/de\/#website","url":"https:\/\/www.csj-emballages.com\/de\/","name":"CSJ Emballages","description":"","publisher":{"@id":"https:\/\/www.csj-emballages.com\/de\/#organization"},"potentialAction":[{"@type":"SearchAction","target":{"@type":"EntryPoint","urlTemplate":"https:\/\/www.csj-emballages.com\/de\/?s={search_term_string}"},"query-input":{"@type":"PropertyValueSpecification","valueRequired":true,"valueName":"search_term_string"}}],"inLanguage":"de"},{"@type":"Organization","@id":"https:\/\/www.csj-emballages.com\/de\/#Organization\/","name":"CSJ Emballages","url":"https:\/\/www.csj-emballages.com\/de\/","logo":{"@type":"ImageObject","inLanguage":"de","@id":"https:\/\/www.csj-emballages.com\/de\/#\/schema\/logo\/image\/","url":"https:\/\/www.csj-emballages.com\/wp-content\/uploads\/2023\/10\/logo_csj.webp","contentUrl":"https:\/\/www.csj-emballages.com\/wp-content\/uploads\/2023\/10\/logo_csj.webp","width":250,"height":95,"caption":"CSJ Emballages"},"image":{"@id":"https:\/\/www.csj-emballages.com\/de\/#\/schema\/logo\/image\/"},"sameAs":["https:\/\/www.facebook.com\/csjemballages"],"address":{"@type":"PostalAddress","streetAddress":"ZI La Lechere","addressLocality":"Patornay","postalCode":"39130","addressCountry":"FR"},"contactPoint":[{"@type":"ContactPoint","contactType":"Service client","telephone":"0384254272","email":"contact@csj-emballages.com"}]}]}},"df_price":7.17,"df_sale_price":7.17,"df_regular_price":8.97,"df_image_link":"https:\/\/www.csj-emballages.com\/wp-content\/uploads\/2024\/03\/Basilic-moulu-300x300.webp","tiered_pricing_type":"fixed","tiered_pricing_fixed_rules":[],"tiered_pricing_percentage_rules":[],"tiered_pricing_minimum":1,"tiered_pricing_roles_data":[],"_links":{"self":[{"href":"https:\/\/www.csj-emballages.com\/de\/wp-json\/wp\/v2\/product\/18116","targetHints":{"allow":["GET"]}}],"collection":[{"href":"https:\/\/www.csj-emballages.com\/de\/wp-json\/wp\/v2\/product"}],"about":[{"href":"https:\/\/www.csj-emballages.com\/de\/wp-json\/wp\/v2\/types\/product"}],"wp:featuredmedia":[{"embeddable":true,"href":"https:\/\/www.csj-emballages.com\/de\/wp-json\/wp\/v2\/media\/261495"}],"wp:attachment":[{"href":"https:\/\/www.csj-emballages.com\/de\/wp-json\/wp\/v2\/media?parent=18116"}],"wp:term":[{"taxonomy":"product_brand","embeddable":true,"href":"https:\/\/www.csj-emballages.com\/de\/wp-json\/wp\/v2\/product_brand?post=18116"},{"taxonomy":"product_cat","embeddable":true,"href":"https:\/\/www.csj-emballages.com\/de\/wp-json\/wp\/v2\/product_cat?post=18116"},{"taxonomy":"product_tag","embeddable":true,"href":"https:\/\/www.csj-emballages.com\/de\/wp-json\/wp\/v2\/product_tag?post=18116"}],"curies":[{"name":"wp","href":"https:\/\/api.w.org\/{rel}","templated":true}]}}