{"id":18070,"date":"2024-03-01T16:47:43","date_gmt":"2024-03-01T15:47:43","guid":{"rendered":"https:\/\/u15jnbdpoq.preview.infomaniak.website\/produit\/100-vakuumbeutel-zur-aufbewahrung-glatt-25-x-45-cm-90-%c2%b5\/"},"modified":"2026-05-04T11:02:42","modified_gmt":"2026-05-04T09:02:42","slug":"100-vakuumbeutel-zur-aufbewahrung-glatt-25-x-45-cm-90-%c2%b5","status":"publish","type":"product","link":"https:\/\/www.csj-emballages.com\/de\/produit\/100-vakuumbeutel-zur-aufbewahrung-glatt-25-x-45-cm-90-%c2%b5\/","title":{"rendered":"Glatter Vakuumbeutel zur Aufbewahrung 25 x 45 cm 90 \u00b5 pro 100"},"content":{"rendered":"<div style=\"font-family: Roboto, sans-serif;\">\n<div style=\"font-family: Roboto, sans-serif;\">\n<div style=\"font-family: Roboto, sans-serif;\">\n<div style=\"font-family: Roboto, sans-serif;\">\n<div style=\"font-family: Roboto, sans-serif;\">\n<div style=\"font-family: Roboto, sans-serif;\">\n<h2><strong style=\"font-family: Roboto, sans-serif;\">Vakuumbeutel<br \/>\n<\/strong><\/h2>\n<div style=\"font-family: Roboto, sans-serif;\">\n<div style=\"font-family: Roboto, sans-serif;\">\n<div style=\"font-family: Roboto, sans-serif;\">\n<div style=\"text-align: center;\">\n<div style=\"font-family: Roboto, sans-serif;\">\n<div style=\"font-family: Roboto, sans-serif;\">\n<div style=\"font-family: Roboto, sans-serif;\">\n<div style=\"font-family: Roboto, sans-serif;\">\n<div style=\"font-family: Roboto, sans-serif;\">\n<div style=\"font-family: Roboto, sans-serif; text-align: left;\">\n<hr>\n<h3 style=\"text-align: left;\">Beschreibung von unserem Vakuumbeutel zur glatten Aufbewahrung 25 x 45 cm 90 \u00b5 per 100<\/h3>\n<p><!--more--><\/p>\n<p data-start=\"110\" data-end=\"548\">Die <strong data-start=\"114\" data-end=\"179\">glatten Vakuum-Aufbewahrungsbeutel 25 x 45 cm 90 \u00b5 pro 100 St\u00fcck<\/strong> sind ein Muss f\u00fcr alle, die die Haltbarkeit ihrer Lebensmittel verl\u00e4ngern und gleichzeitig ihre Frische und ihren Geschmack bewahren m\u00f6chten. Diese <strong>Taschen<\/strong> werden aus hochwertigem lebensmittelechtem Kunststoff hergestellt und bieten dank ihrer Dicke von <strong data-start=\"463\" data-end=\"477\">90 Mikron<\/strong> eine ausgezeichnete Festigkeit, wodurch sie auch bei intensiver Nutzung robust und zuverl\u00e4ssig sind.<\/p>\n<p data-start=\"550\" data-end=\"968\">Egal, ob Sie in der <strong data-start=\"568\" data-end=\"604\">Gastronomie<\/strong>, im <strong data-start=\"609\" data-end=\"621\">Catering<\/strong>, in der <strong data-start=\"626\" data-end=\"637\">Fleischerei<\/strong> oder einfach als Privatperson Ihre Produkte organisieren und aufbewahren m\u00f6chten, diese <strong>Beutel<\/strong> garantieren Ihnen eine absolut luftdichte Vakuumverpackung. Dank ihres Formats von <strong>25 x 45 cm<\/strong> ist sie ideal zum Verpacken von mittelgro\u00dfen Portionen wie Fleischst\u00fccken, Fisch, K\u00e4se oder auch Fertiggerichten.<\/p>\n<p data-start=\"970\" data-end=\"1388\">Die Verwendung dieser <strong>Beutel<\/strong> verhindert nicht nur die Oxidation und das Wachstum von Bakterien, sondern <strong data-start=\"1087\" data-end=\"1141\">reduziert<\/strong> auch <strong data-start=\"1087\" data-end=\"1141\">die Lebensmittelverschwendung erheblich<\/strong>. So halten Sie Ihre Produkte l\u00e4nger frisch und behalten ihren Geschmack und ihre Texturen intakt. Au\u00dferdem sind sie mit den meisten <strong>Vakuumger\u00e4ten<\/strong> mit externer Absaugung kompatibel.<\/p>\n<p data-start=\"1390\" data-end=\"1702\">Diese <strong>Vakuumbeutel<\/strong> sind in <strong data-start=\"1420\" data-end=\"1441\">Packungen zu 100 St\u00fcck<\/strong> verpackt und bieten Ihnen einen ausreichenden Vorrat, um Ihre t\u00e4glichen Vorbereitungen zu bew\u00e4ltigen. Zusammenfassend l\u00e4sst sich sagen, dass sie widerstandsf\u00e4hig, zuverl\u00e4ssig und praktisch sind und eine echte L\u00f6sung f\u00fcr alle darstellen, die ihre Effizienz steigern wollen.<\/p>\n<p data-start=\"1704\" data-end=\"1841\">\n<\/div>\n<\/div>\n<\/div>\n<\/div>\n<\/div>\n<\/div>\n<\/div>\n<\/div>\n<\/div>\n<\/div>\n<p><!--more--><\/p>\n<h4 style=\"text-align: left;\"><strong>Vorteile :<\/strong><\/h4>\n<ul style=\"text-align: left;\">\n<li><strong data-start=\"1260\" data-end=\"1286\">L\u00e4ngere Haltbarkeit<\/strong>: Reduziert die Oxidation und schr\u00e4nkt das Bakterienwachstum ein, um eine lang anhaltende Frische zu gew\u00e4hrleisten.<\/li>\n<li><strong data-start=\"1379\" data-end=\"1399\">Hohe Widerstandsf\u00e4higkeit<\/strong>: Dank ihrer Dicke von 90 Mikron gew\u00e4hrleisten sie einen optimalen Schutz vor Durchstichen und Rissen.<\/li>\n<li>Wirksame <strong data-start=\"1506\" data-end=\"1527\">Barriere<\/strong>: Diese Vakuumbeutel sch\u00fctzen vor Feuchtigkeit, \u00e4u\u00dferen Verunreinigungen und schlechten Ger\u00fcchen.<\/li>\n<li><strong data-start=\"1614\" data-end=\"1637\" data-is-only-node=\"\">Vielseitig<\/strong> einsetzbar: Ideal f\u00fcr frische, tiefgefrorene und gekochte Produkte oder zum Vakuumgaren.<\/li>\n<li><strong data-start=\"1721\" data-end=\"1775\">Kompatibel mit Maschinen mit externer Absaugung<\/strong>: Einfach zu verwenden, perfekt f\u00fcr den professionellen und h\u00e4uslichen Gebrauch.<\/li>\n<li><strong data-start=\"1854\" data-end=\"1878\">Lebensmittelsicherheit<\/strong>: BPA-frei und entspricht den geltenden Normen.<\/li>\n<\/ul>\n<\/div>\n<div style=\"font-family: Roboto, sans-serif;\"><\/div>\n<\/div>\n<\/div>\n<\/div>\n<\/div>\n<\/div>\n<p><!--more--><\/p>\n<div style=\"font-family: Roboto, sans-serif;\">\n<div style=\"font-family: Roboto, sans-serif;\">\n<div style=\"font-family: Roboto, sans-serif;\">\n<h4>Weitere Informationen :<\/h4>\n<ul>\n<li><strong>Verpackung<\/strong>: Packung mit 100 St\u00fcck<\/li>\n<li><strong>Ma\u00dfe<\/strong>: 25 x 45 cm<\/li>\n<li><strong>Hei\u00dfsiegelbar<\/strong>: Ja<\/li>\n<li><strong>Schrumpfbar<\/strong>: Nein<\/li>\n<li><strong>Art<\/strong>: Glatt<\/li>\n<li><strong>Widerstand<\/strong>: 90 Mikron<\/li>\n<li><strong>Schwei\u00dfen<\/strong>: 3 Seiten<\/li>\n<li><strong>Betriebstemperatur<\/strong>: -50 \u00b0C \/ +70 \u00b0C<\/li>\n<\/ul>\n<div style=\"font-family: Roboto, sans-serif;\">\n<div style=\"font-family: Roboto, sans-serif;\">\n<div style=\"font-family: Roboto, sans-serif;\">\n<div style=\"font-family: Roboto, sans-serif;\">\n<div style=\"font-family: Roboto, sans-serif;\">\n<div style=\"font-family: Roboto, sans-serif;\">\n<p>&nbsp;<\/p>\n<p><!--more--><\/p>\n<p>Dieses Produkt gibt es in verschiedenen Gr\u00f6\u00dfen: <span style=\"color: #d12727;\"><a style=\"color: #d12727;\" href=\"https:\/\/www.csj-emballages.com\/es\/produit\/100-bolsas-de-vacio-lisas-20-x-35-cm-90-%c2%b5\/\">20 x 35 cm<\/a><\/span> \/ <span style=\"color: #d12727;\"><a style=\"color: #d12727;\" href=\"https:\/\/www.csj-emballages.com\/es\/produit\/100-bolsas-de-vacio-lisas-25-x-30-cm-90-%c2%b5\/\">25 x 30 cm<\/a><\/span> \/ <span style=\"color: #d12727;\"><a style=\"color: #d12727;\" href=\"https:\/\/www.csj-emballages.com\/es\/produit\/100-bolsas-de-vacio-lisas-25-x-35-cm-90-%c2%b5\/\">25 x 35 cm<\/a><\/span> \/ <span style=\"color: #d12727;\"><a style=\"color: #d12727;\" href=\"https:\/\/www.csj-emballages.com\/es\/produit\/100-bolsas-de-vacio-lisas-25-x-40-cm-90-%c2%b5\/\">25 x 40 cm<\/a><\/span> \/ <span style=\"color: #d12727;\"><a style=\"color: #d12727;\" href=\"https:\/\/www.csj-emballages.com\/es\/produit\/100-bolsas-de-vacio-lisas-25-x-50-cm-90-%c2%b5\/\">25 x 50 cm<\/a><\/span> \/ <span style=\"color: #d12727;\"><a style=\"color: #d12727;\" href=\"https:\/\/www.csj-emballages.com\/es\/produit\/100-bolsas-de-vacio-lisas-25-x-60-cm-90-%c2%b5\/\">25 x 60 cm<\/a><\/span> \/ <span style=\"color: #d12727;\"><a style=\"color: #d12727;\" href=\"https:\/\/www.csj-emballages.com\/es\/produit\/100-bolsas-de-vacio-lisas-30-x-35-cm-90-%c2%b5\/\">30 x 35 cm<\/a><\/span><\/p>\n<\/div>\n<\/div>\n<\/div>\n<\/div>\n<\/div>\n<\/div>\n<\/div>\n<\/div>\n<\/div>\n<div style=\"font-family: Roboto, sans-serif;\">\n<p>&nbsp;<\/p>\n<div style=\"font-family: Roboto, sans-serif;\">\n<div style=\"font-family: Roboto, sans-serif;\">\n<p><!--more--><\/p>\n<p><a href=\"\/?product_cat=sacs-sous-vide-lisses-90-\u03bcm\">Sehen Sie sich den Rest unseres Sortiments an glatten Vakuumbeuteln an<\/a><\/p>\n<\/div>\n<\/div>\n<\/div>\n","protected":false},"excerpt":{"rendered":"<p>Vakuumbeutel Beschreibung von unserem Vakuumbeutel zur glatten Aufbewahrung 25 x 45 cm 90 \u00b5 per 100<\/p>\n","protected":false},"featured_media":227337,"template":"","meta":{"_acf_changed":false},"product_brand":[],"product_cat":[1137,1170,1235,1236,1237],"product_tag":[],"class_list":{"0":"post-18070","1":"product","2":"type-product","3":"status-publish","4":"has-post-thumbnail","6":"product_cat-lebensmittelverpackungen","7":"product_cat-metzgerei-und-feinkostgeschaft","8":"product_cat-vakuumbeutel","9":"product_cat-glatte-vakuumbeutel","10":"product_cat-glatte-vakuumbeutel-90-m","12":"first","13":"instock","14":"taxable","15":"shipping-taxable","16":"purchasable","17":"product-type-simple"},"acf":[],"yoast_head":"<!-- This site is optimized with the Yoast SEO Premium plugin v26.6 (Yoast SEO v26.6) - https:\/\/yoast.com\/wordpress\/plugins\/seo\/ -->\n<title>Vakuumbeutel f\u00fcr Aufbewahrung Glatt 25 x 45 cm 90 \u00b5 per 100<\/title>\n<meta name=\"description\" content=\"Sch\u00fctzen und lagern Sie Ihre Lebensmittel l\u00e4nger mit unserem glatten Vakuumbeutel 25 x 45 cm - 90 \u00b5 (per 100). Sie sorgen f\u00fcr eine optimale Aufbewahrung.\" \/>\n<meta name=\"robots\" content=\"index, follow, max-snippet:-1, max-image-preview:large, max-video-preview:-1\" \/>\n<link rel=\"canonical\" href=\"https:\/\/www.csj-emballages.com\/de\/produit\/100-vakuumbeutel-zur-aufbewahrung-glatt-25-x-45-cm-90-%c2%b5\/\" \/>\n<meta property=\"og:locale\" content=\"de_DE\" \/>\n<meta property=\"og:type\" content=\"article\" \/>\n<meta property=\"og:title\" content=\"Glatter Vakuumbeutel zur Aufbewahrung 25 x 45 cm 90 \u00b5 pro 100\" \/>\n<meta property=\"og:description\" content=\"Sch\u00fctzen und lagern Sie Ihre Lebensmittel l\u00e4nger mit unserem glatten Vakuumbeutel 25 x 45 cm - 90 \u00b5 (per 100). Sie sorgen f\u00fcr eine optimale Aufbewahrung.\" \/>\n<meta property=\"og:url\" content=\"https:\/\/www.csj-emballages.com\/de\/produit\/100-vakuumbeutel-zur-aufbewahrung-glatt-25-x-45-cm-90-%c2%b5\/\" \/>\n<meta property=\"og:site_name\" content=\"CSJ Emballages\" \/>\n<meta property=\"article:publisher\" content=\"https:\/\/www.facebook.com\/csjemballages\" \/>\n<meta property=\"article:modified_time\" content=\"2026-05-04T09:02:42+00:00\" \/>\n<meta property=\"og:image\" content=\"https:\/\/www.csj-emballages.com\/wp-content\/uploads\/2024\/03\/sac-cuisson-sous-vide-800x800-viande-2.webp\" \/>\n\t<meta property=\"og:image:width\" content=\"800\" \/>\n\t<meta property=\"og:image:height\" content=\"800\" \/>\n\t<meta property=\"og:image:type\" content=\"image\/jpeg\" \/>\n<meta name=\"twitter:card\" content=\"summary_large_image\" \/>\n<meta name=\"twitter:label1\" content=\"Gesch\u00e4tzte Lesezeit\" \/>\n\t<meta name=\"twitter:data1\" content=\"1\u00a0Minute\" \/>\n<script type=\"application\/ld+json\" class=\"yoast-schema-graph\">{\"@context\":\"https:\/\/schema.org\",\"@graph\":[{\"@type\":\"WebPage\",\"@id\":\"https:\/\/www.csj-emballages.com\/de\/produit\/100-vakuumbeutel-zur-aufbewahrung-glatt-25-x-45-cm-90-%c2%b5\/\",\"url\":\"https:\/\/www.csj-emballages.com\/de\/produit\/100-vakuumbeutel-zur-aufbewahrung-glatt-25-x-45-cm-90-%c2%b5\/\",\"name\":\"Vakuumbeutel f\u00fcr Aufbewahrung Glatt 25 x 45 cm 90 \u00b5 per 100\",\"isPartOf\":{\"@id\":\"https:\/\/www.csj-emballages.com\/de\/#website\"},\"primaryImageOfPage\":{\"@id\":\"https:\/\/www.csj-emballages.com\/de\/produit\/100-vakuumbeutel-zur-aufbewahrung-glatt-25-x-45-cm-90-%c2%b5\/#primaryimage\"},\"image\":{\"@id\":\"https:\/\/www.csj-emballages.com\/de\/produit\/100-vakuumbeutel-zur-aufbewahrung-glatt-25-x-45-cm-90-%c2%b5\/#primaryimage\"},\"thumbnailUrl\":\"https:\/\/www.csj-emballages.com\/wp-content\/uploads\/2024\/03\/sac-cuisson-sous-vide-800x800-viande-2.webp\",\"datePublished\":\"2024-03-01T15:47:43+00:00\",\"dateModified\":\"2026-05-04T09:02:42+00:00\",\"description\":\"Sch\u00fctzen und lagern Sie Ihre Lebensmittel l\u00e4nger mit unserem glatten Vakuumbeutel 25 x 45 cm - 90 \u00b5 (per 100). Sie sorgen f\u00fcr eine optimale Aufbewahrung.\",\"breadcrumb\":{\"@id\":\"https:\/\/www.csj-emballages.com\/de\/produit\/100-vakuumbeutel-zur-aufbewahrung-glatt-25-x-45-cm-90-%c2%b5\/#breadcrumb\"},\"inLanguage\":\"de\",\"potentialAction\":[{\"@type\":\"ReadAction\",\"target\":[\"https:\/\/www.csj-emballages.com\/de\/produit\/100-vakuumbeutel-zur-aufbewahrung-glatt-25-x-45-cm-90-%c2%b5\/\"]}]},{\"@type\":\"ImageObject\",\"inLanguage\":\"de\",\"@id\":\"https:\/\/www.csj-emballages.com\/de\/produit\/100-vakuumbeutel-zur-aufbewahrung-glatt-25-x-45-cm-90-%c2%b5\/#primaryimage\",\"url\":\"https:\/\/www.csj-emballages.com\/wp-content\/uploads\/2024\/03\/sac-cuisson-sous-vide-800x800-viande-2.webp\",\"contentUrl\":\"https:\/\/www.csj-emballages.com\/wp-content\/uploads\/2024\/03\/sac-cuisson-sous-vide-800x800-viande-2.webp\",\"width\":800,\"height\":800,\"caption\":\"sac sous vide\"},{\"@type\":\"BreadcrumbList\",\"@id\":\"https:\/\/www.csj-emballages.com\/de\/produit\/100-vakuumbeutel-zur-aufbewahrung-glatt-25-x-45-cm-90-%c2%b5\/#breadcrumb\",\"itemListElement\":[{\"@type\":\"ListItem\",\"position\":1,\"name\":\"Accueil\",\"item\":\"https:\/\/www.csj-emballages.com\/de\/universum-lebensmittelverpackungen\/\"},{\"@type\":\"ListItem\",\"position\":2,\"name\":\"Shop\",\"item\":\"https:\/\/www.csj-emballages.com\/shop\/\"},{\"@type\":\"ListItem\",\"position\":3,\"name\":\"Glatter Vakuumbeutel zur Aufbewahrung 25 x 45 cm 90 \u00b5 pro 100\"}]},{\"@type\":\"WebSite\",\"@id\":\"https:\/\/www.csj-emballages.com\/de\/#website\",\"url\":\"https:\/\/www.csj-emballages.com\/de\/\",\"name\":\"CSJ Emballages\",\"description\":\"\",\"publisher\":{\"@id\":\"https:\/\/www.csj-emballages.com\/de\/#organization\"},\"potentialAction\":[{\"@type\":\"SearchAction\",\"target\":{\"@type\":\"EntryPoint\",\"urlTemplate\":\"https:\/\/www.csj-emballages.com\/de\/?s={search_term_string}\"},\"query-input\":{\"@type\":\"PropertyValueSpecification\",\"valueRequired\":true,\"valueName\":\"search_term_string\"}}],\"inLanguage\":\"de\"},{\"@type\":\"Organization\",\"@id\":\"https:\/\/www.csj-emballages.com\/de\/#Organization\/\",\"name\":\"CSJ Emballages\",\"url\":\"https:\/\/www.csj-emballages.com\/de\/\",\"logo\":{\"@type\":\"ImageObject\",\"inLanguage\":\"de\",\"@id\":\"https:\/\/www.csj-emballages.com\/de\/#\/schema\/logo\/image\/\",\"url\":\"https:\/\/www.csj-emballages.com\/wp-content\/uploads\/2023\/10\/logo_csj.webp\",\"contentUrl\":\"https:\/\/www.csj-emballages.com\/wp-content\/uploads\/2023\/10\/logo_csj.webp\",\"width\":250,\"height\":95,\"caption\":\"CSJ Emballages\"},\"image\":{\"@id\":\"https:\/\/www.csj-emballages.com\/de\/#\/schema\/logo\/image\/\"},\"sameAs\":[\"https:\/\/www.facebook.com\/csjemballages\"],\"address\":{\"@type\":\"PostalAddress\",\"streetAddress\":\"ZI La Lechere\",\"addressLocality\":\"Patornay\",\"postalCode\":\"39130\",\"addressCountry\":\"FR\"},\"contactPoint\":[{\"@type\":\"ContactPoint\",\"contactType\":\"Service client\",\"telephone\":\"0384254272\",\"email\":\"contact@csj-emballages.com\"}]}]}<\/script>\n<!-- \/ Yoast SEO Premium plugin. -->","yoast_head_json":{"title":"Vakuumbeutel f\u00fcr Aufbewahrung Glatt 25 x 45 cm 90 \u00b5 per 100","description":"Sch\u00fctzen und lagern Sie Ihre Lebensmittel l\u00e4nger mit unserem glatten Vakuumbeutel 25 x 45 cm - 90 \u00b5 (per 100). Sie sorgen f\u00fcr eine optimale Aufbewahrung.","robots":{"index":"index","follow":"follow","max-snippet":"max-snippet:-1","max-image-preview":"max-image-preview:large","max-video-preview":"max-video-preview:-1"},"canonical":"https:\/\/www.csj-emballages.com\/de\/produit\/100-vakuumbeutel-zur-aufbewahrung-glatt-25-x-45-cm-90-%c2%b5\/","og_locale":"de_DE","og_type":"article","og_title":"Glatter Vakuumbeutel zur Aufbewahrung 25 x 45 cm 90 \u00b5 pro 100","og_description":"Sch\u00fctzen und lagern Sie Ihre Lebensmittel l\u00e4nger mit unserem glatten Vakuumbeutel 25 x 45 cm - 90 \u00b5 (per 100). Sie sorgen f\u00fcr eine optimale Aufbewahrung.","og_url":"https:\/\/www.csj-emballages.com\/de\/produit\/100-vakuumbeutel-zur-aufbewahrung-glatt-25-x-45-cm-90-%c2%b5\/","og_site_name":"CSJ Emballages","article_publisher":"https:\/\/www.facebook.com\/csjemballages","article_modified_time":"2026-05-04T09:02:42+00:00","og_image":[{"width":800,"height":800,"url":"https:\/\/www.csj-emballages.com\/wp-content\/uploads\/2024\/03\/sac-cuisson-sous-vide-800x800-viande-2.webp","type":"image\/jpeg"}],"twitter_card":"summary_large_image","twitter_misc":{"Gesch\u00e4tzte Lesezeit":"1\u00a0Minute"},"schema":{"@context":"https:\/\/schema.org","@graph":[{"@type":"WebPage","@id":"https:\/\/www.csj-emballages.com\/de\/produit\/100-vakuumbeutel-zur-aufbewahrung-glatt-25-x-45-cm-90-%c2%b5\/","url":"https:\/\/www.csj-emballages.com\/de\/produit\/100-vakuumbeutel-zur-aufbewahrung-glatt-25-x-45-cm-90-%c2%b5\/","name":"Vakuumbeutel f\u00fcr Aufbewahrung Glatt 25 x 45 cm 90 \u00b5 per 100","isPartOf":{"@id":"https:\/\/www.csj-emballages.com\/de\/#website"},"primaryImageOfPage":{"@id":"https:\/\/www.csj-emballages.com\/de\/produit\/100-vakuumbeutel-zur-aufbewahrung-glatt-25-x-45-cm-90-%c2%b5\/#primaryimage"},"image":{"@id":"https:\/\/www.csj-emballages.com\/de\/produit\/100-vakuumbeutel-zur-aufbewahrung-glatt-25-x-45-cm-90-%c2%b5\/#primaryimage"},"thumbnailUrl":"https:\/\/www.csj-emballages.com\/wp-content\/uploads\/2024\/03\/sac-cuisson-sous-vide-800x800-viande-2.webp","datePublished":"2024-03-01T15:47:43+00:00","dateModified":"2026-05-04T09:02:42+00:00","description":"Sch\u00fctzen und lagern Sie Ihre Lebensmittel l\u00e4nger mit unserem glatten Vakuumbeutel 25 x 45 cm - 90 \u00b5 (per 100). Sie sorgen f\u00fcr eine optimale Aufbewahrung.","breadcrumb":{"@id":"https:\/\/www.csj-emballages.com\/de\/produit\/100-vakuumbeutel-zur-aufbewahrung-glatt-25-x-45-cm-90-%c2%b5\/#breadcrumb"},"inLanguage":"de","potentialAction":[{"@type":"ReadAction","target":["https:\/\/www.csj-emballages.com\/de\/produit\/100-vakuumbeutel-zur-aufbewahrung-glatt-25-x-45-cm-90-%c2%b5\/"]}]},{"@type":"ImageObject","inLanguage":"de","@id":"https:\/\/www.csj-emballages.com\/de\/produit\/100-vakuumbeutel-zur-aufbewahrung-glatt-25-x-45-cm-90-%c2%b5\/#primaryimage","url":"https:\/\/www.csj-emballages.com\/wp-content\/uploads\/2024\/03\/sac-cuisson-sous-vide-800x800-viande-2.webp","contentUrl":"https:\/\/www.csj-emballages.com\/wp-content\/uploads\/2024\/03\/sac-cuisson-sous-vide-800x800-viande-2.webp","width":800,"height":800,"caption":"sac sous vide"},{"@type":"BreadcrumbList","@id":"https:\/\/www.csj-emballages.com\/de\/produit\/100-vakuumbeutel-zur-aufbewahrung-glatt-25-x-45-cm-90-%c2%b5\/#breadcrumb","itemListElement":[{"@type":"ListItem","position":1,"name":"Accueil","item":"https:\/\/www.csj-emballages.com\/de\/universum-lebensmittelverpackungen\/"},{"@type":"ListItem","position":2,"name":"Shop","item":"https:\/\/www.csj-emballages.com\/shop\/"},{"@type":"ListItem","position":3,"name":"Glatter Vakuumbeutel zur Aufbewahrung 25 x 45 cm 90 \u00b5 pro 100"}]},{"@type":"WebSite","@id":"https:\/\/www.csj-emballages.com\/de\/#website","url":"https:\/\/www.csj-emballages.com\/de\/","name":"CSJ Emballages","description":"","publisher":{"@id":"https:\/\/www.csj-emballages.com\/de\/#organization"},"potentialAction":[{"@type":"SearchAction","target":{"@type":"EntryPoint","urlTemplate":"https:\/\/www.csj-emballages.com\/de\/?s={search_term_string}"},"query-input":{"@type":"PropertyValueSpecification","valueRequired":true,"valueName":"search_term_string"}}],"inLanguage":"de"},{"@type":"Organization","@id":"https:\/\/www.csj-emballages.com\/de\/#Organization\/","name":"CSJ Emballages","url":"https:\/\/www.csj-emballages.com\/de\/","logo":{"@type":"ImageObject","inLanguage":"de","@id":"https:\/\/www.csj-emballages.com\/de\/#\/schema\/logo\/image\/","url":"https:\/\/www.csj-emballages.com\/wp-content\/uploads\/2023\/10\/logo_csj.webp","contentUrl":"https:\/\/www.csj-emballages.com\/wp-content\/uploads\/2023\/10\/logo_csj.webp","width":250,"height":95,"caption":"CSJ Emballages"},"image":{"@id":"https:\/\/www.csj-emballages.com\/de\/#\/schema\/logo\/image\/"},"sameAs":["https:\/\/www.facebook.com\/csjemballages"],"address":{"@type":"PostalAddress","streetAddress":"ZI La Lechere","addressLocality":"Patornay","postalCode":"39130","addressCountry":"FR"},"contactPoint":[{"@type":"ContactPoint","contactType":"Service client","telephone":"0384254272","email":"contact@csj-emballages.com"}]}]}},"df_price":12.16,"df_sale_price":"","df_regular_price":12.16,"df_image_link":"https:\/\/www.csj-emballages.com\/wp-content\/uploads\/2024\/03\/sac-cuisson-sous-vide-800x800-viande-2-300x300.webp","tiered_pricing_type":"fixed","tiered_pricing_fixed_rules":[],"tiered_pricing_percentage_rules":[],"tiered_pricing_minimum":1,"tiered_pricing_roles_data":[],"_links":{"self":[{"href":"https:\/\/www.csj-emballages.com\/de\/wp-json\/wp\/v2\/product\/18070","targetHints":{"allow":["GET"]}}],"collection":[{"href":"https:\/\/www.csj-emballages.com\/de\/wp-json\/wp\/v2\/product"}],"about":[{"href":"https:\/\/www.csj-emballages.com\/de\/wp-json\/wp\/v2\/types\/product"}],"wp:featuredmedia":[{"embeddable":true,"href":"https:\/\/www.csj-emballages.com\/de\/wp-json\/wp\/v2\/media\/227337"}],"wp:attachment":[{"href":"https:\/\/www.csj-emballages.com\/de\/wp-json\/wp\/v2\/media?parent=18070"}],"wp:term":[{"taxonomy":"product_brand","embeddable":true,"href":"https:\/\/www.csj-emballages.com\/de\/wp-json\/wp\/v2\/product_brand?post=18070"},{"taxonomy":"product_cat","embeddable":true,"href":"https:\/\/www.csj-emballages.com\/de\/wp-json\/wp\/v2\/product_cat?post=18070"},{"taxonomy":"product_tag","embeddable":true,"href":"https:\/\/www.csj-emballages.com\/de\/wp-json\/wp\/v2\/product_tag?post=18070"}],"curies":[{"name":"wp","href":"https:\/\/api.w.org\/{rel}","templated":true}]}}