{"id":18007,"date":"2024-03-01T16:47:48","date_gmt":"2024-03-01T15:47:48","guid":{"rendered":"https:\/\/u15jnbdpoq.preview.infomaniak.website\/produit\/100-beutel-vakuumverpackt-aufbewahrung-gepraegt-20-x-25-cm-100-%c2%b5\/"},"modified":"2026-04-09T02:19:41","modified_gmt":"2026-04-09T00:19:41","slug":"100-beutel-vakuumverpackt-aufbewahrung-gepraegt-20-x-25-cm-100-%c2%b5","status":"publish","type":"product","link":"https:\/\/www.csj-emballages.com\/de\/produit\/100-beutel-vakuumverpackt-aufbewahrung-gepraegt-20-x-25-cm-100-%c2%b5\/","title":{"rendered":"Vakuumbeutel Aufbewahrung gepr\u00e4gt 20 x 25 cm 100 \u00b5 per 100"},"content":{"rendered":"<div style=\"font-family: Roboto, sans-serif;\">\n<div style=\"font-family: Roboto, sans-serif;\">\n<div style=\"font-family: Roboto, sans-serif;\">\n<div style=\"font-family: Roboto, sans-serif;\">\n<div style=\"font-family: Roboto, sans-serif;\">\n<div style=\"font-family: Roboto, sans-serif;\">\n<div style=\"font-family: Roboto, sans-serif;\">\n<div style=\"font-family: Roboto, sans-serif;\">\n<div style=\"font-family: Roboto, sans-serif;\">\n<div style=\"font-family: Roboto, sans-serif;\">\n<div style=\"font-family: Roboto, sans-serif;\">\n<div style=\"font-family: Roboto, sans-serif;\">\n<h2 class=\"p1\">Vakuumbeutel<\/h2>\n<div style=\"font-family: Roboto, sans-serif;\">\n<div style=\"font-family: Roboto, sans-serif;\">\n<div style=\"font-family: Roboto, sans-serif;\">\n<div style=\"text-align: center;\">\n<div style=\"font-family: Roboto, sans-serif;\">\n<div style=\"font-family: Roboto, sans-serif;\">\n<div style=\"font-family: Roboto, sans-serif;\">\n<div style=\"font-family: Roboto, sans-serif;\">\n<div style=\"font-family: Roboto, sans-serif;\">\n<div style=\"font-family: Roboto, sans-serif; text-align: left;\">\n<hr>\n<h3 style=\"text-align: left;\">Beschreibung von unserem Vakuumbeutel Aufbewahrung gepr\u00e4gt 20 x 25 cm 100 \u00b5 pro 100<\/h3>\n<p><!--more--><\/p>\n<p data-start=\"117\" data-end=\"725\">Unser <strong>20 x 25 cm gro\u00dfer, gepr\u00e4gter Vakuumbeutel<\/strong> mit einer St\u00e4rke von <strong>100 Mikron<\/strong> eignet sich perfekt f\u00fcr die Aufbewahrung von Lebensmitteln. Dank seiner Waffelstruktur sorgt er f\u00fcr eine perfekte Abdichtung, indem er das Entweichen von Luft erleichtert und so die Frische der Produkte verl\u00e4ngert. Bewahren Sie Fleisch, Gem\u00fcse und sogar Fertiggerichte auf und bewahren Sie dabei Geschmack und N\u00e4hrstoffe. Seine Gr\u00f6\u00dfe ist ideal f\u00fcr eine einzelne Portion oder ein kleines Lebensmittel und passt problemlos in die meisten Vakuumierger\u00e4te. Er kann sowohl zu Hause als auch im B\u00fcro verwendet werden und garantiert eine bis zu f\u00fcnfmal l\u00e4ngere Haltbarkeit.    <\/p>\n<p data-start=\"727\" data-end=\"1340\">Dieser <strong>Vakuumbeutel<\/strong> ist widerstandsf\u00e4hig und h\u00e4lt auch extremen Temperaturen wie dem Einfrieren stand. Die Dicke von <strong>100 Mikron<\/strong> bietet eine wirksame Barriere gegen Feuchtigkeit und Sauerstoff und verhindert so die Bildung von Eiskristallen oder Gefrierbrand. Es ist leicht zu lagern und nimmt nur wenig Platz in Ihrer K\u00fcche ein. Profitieren Sie von einer optimierten Vorratsverwaltung und reduzieren Sie gleichzeitig die Lebensmittelverschwendung. Seine professionelle Qualit\u00e4t garantiert Ihnen eine dauerhafte Nutzung. Kurzum, dieser gepr\u00e4gte Vakuumbeutel ist ein Muss f\u00fcr alle, die Zweckm\u00e4\u00dfigkeit und Effizienz bei der Lebensmittelaufbewahrung miteinander verbinden m\u00f6chten.   <\/p>\n<p data-start=\"727\" data-end=\"1340\">\n<\/div>\n<\/div>\n<\/div>\n<\/div>\n<\/div>\n<\/div>\n<\/div>\n<\/div>\n<\/div>\n<\/div>\n<p><!--more--><\/p>\n<p style=\"text-align: left;\"><strong>Ihre Vorteile :<\/strong><\/p>\n<ul style=\"text-align: left;\">\n<li><strong>Verl\u00e4ngerte Haltbarkeit<\/strong>: Verl\u00e4ngert die Haltbarkeit von Lebensmitteln.<\/li>\n<li><strong>Waffelstruktur<\/strong>: Erleichtert das Entweichen von Luft und garantiert eine optimale Abdichtung.<\/li>\n<li><strong>Vielseitigkeit<\/strong>: Kompatibel mit den meisten <span style=\"color: #d12727;\"><a style=\"color: #d12727;\" href=\"https:\/\/www.csj-emballages.com\/produit\/machine-sous-vide-semi-pro\/\">Vakuumierger\u00e4ten<\/a><\/span> Haushalt und Gewerbe.<\/li>\n<li><strong>Praktisches Format<\/strong>: Ideal f\u00fcr kleine Portionen oder einzelne Lebensmittel.<\/li>\n<li><strong>Sicher f\u00fcr Lebensmittel<\/strong>: BPA-freie Materialien, die den Lebensmittelstandards entsprechen.<\/li>\n<\/ul>\n<\/div>\n<div style=\"font-family: Roboto, sans-serif;\"><\/div>\n<\/div>\n<\/div>\n<\/div>\n<\/div>\n<\/div>\n<p><!--more--><\/p>\n<h4>Weitere Informationen :<\/h4>\n<ul>\n<li><strong>Verpackung<\/strong>: Packung mit 100 St\u00fcck<\/li>\n<li><strong>Ma\u00dfe<\/strong>: 20 x 25 cm<\/li>\n<li><strong>Hei\u00dfsiegelbar<\/strong>: Ja<\/li>\n<li><strong>Typ<\/strong>: Gepr\u00e4gt<\/li>\n<li><strong>Schrumpfbar<\/strong>: Nein<\/li>\n<li><strong>Widerstand<\/strong>: 100 Mikron<\/li>\n<li><strong>Schwei\u00dfnaht<\/strong>: 3 Seiten \/ \u00d6ffnung \u00fcber die Breite<\/li>\n<li><strong>Verwendungstemperatur<\/strong>: -20\u00b0C bis + 70\u00b0C<\/li>\n<\/ul>\n<p>&nbsp;<\/p>\n<p><!--more--><\/p>\n<\/div>\n<\/div>\n<p>Hier finden Sie unsere Goldplatten, die mit diesen Vakuumbeuteln kompatibel sind: <span style=\"color: #d12727;\"><a style=\"color: #d12727;\" href=\"https:\/\/www.csj-emballages.com\/es\/produit\/bolsa-de-vacio-placa-dorada-cantos-redondeados-150-x-200-mm-paquete-de-100\/\">PLAQ1520<\/a> \/ <a style=\"color: #d12727;\" href=\"https:\/\/www.csj-emballages.com\/produit\/plaque-or-sac-sous-vide-bords-arrondis-160-x-230-mm-par-200\/\">PLAQ1623<\/a><\/span><\/p>\n<div style=\"font-family: Roboto, sans-serif;\">\n<div style=\"font-family: Roboto, sans-serif;\">\n<div class=\"elementor elementor-175 elementor-location-footer\" data-elementor-type=\"footer\" data-elementor-id=\"175\" data-elementor-post-type=\"elementor_library\">\n<div class=\"elementor-element elementor-element-d413b54 e-flex e-con-boxed e-con e-parent e-lazyloaded\" data-id=\"d413b54\" data-element_type=\"container\">\n<div class=\"e-con-inner\">\n<div class=\"elementor-element elementor-element-9493a3c elementor-widget elementor-widget-shortcode\" data-id=\"9493a3c\" data-element_type=\"widget\" data-widget_type=\"shortcode.default\">\n<div class=\"elementor-widget-container\"><\/div>\n<\/div>\n<\/div>\n<\/div>\n<\/div>\n<p><!--more--><\/p>\n<h4>Weitere Artikel :<\/h4>\n<p>Die  <span style=\"color: #d12727;\"><a style=\"color: #d12727;\" href=\"https:\/\/www.csj-emballages.com\/produit\/machine-sous-vide-semi-pro\/\">Semiprofessionelle Vakuummaschine (MSV)<\/a><\/span><\/p>\n<p>&nbsp;<\/p>\n<p style=\"text-align: left;\"><!--more--><\/p>\n<p><a href=\"https:\/\/www.csj-emballages.com\/de\/categorie-produit\/lebensmittelverpackungen\/metzgerei-und-feinkostgeschaft\/sacke-und-beutel\/vakuumbeutel\/gepragte-vakuumbeutel\/\">Sehen Sie sich den Rest unseres Sortiments an gepr\u00e4gten Vakuumbeuteln an.<\/a><\/p>\n<\/div>\n<\/div>\n<\/div>\n<\/div>\n<\/div>\n<\/div>\n","protected":false},"excerpt":{"rendered":"<p>Vakuumbeutel Beschreibung von unserem Vakuumbeutel Aufbewahrung gepr\u00e4gt 20 x 25 cm 100 \u00b5 pro 100<\/p>\n","protected":false},"featured_media":227295,"template":"","meta":{"_acf_changed":false},"product_brand":[],"product_cat":[1137,1170,1235,1613],"product_tag":[],"class_list":{"0":"post-18007","1":"product","2":"type-product","3":"status-publish","4":"has-post-thumbnail","6":"product_cat-lebensmittelverpackungen","7":"product_cat-metzgerei-und-feinkostgeschaft","8":"product_cat-vakuumbeutel","9":"product_cat-gepragte-vakuumbeutel","11":"first","12":"instock","13":"taxable","14":"shipping-taxable","15":"purchasable","16":"product-type-simple"},"acf":[],"yoast_head":"<!-- This site is optimized with the Yoast SEO Premium plugin v26.6 (Yoast SEO v26.6) - https:\/\/yoast.com\/wordpress\/plugins\/seo\/ -->\n<title>Vakuumbeutel Aufbewahrung gepr\u00e4gt 20 x 25 cm 100 \u00b5 per 100<\/title>\n<meta name=\"description\" content=\"Gepr\u00e4gter Vakuumbeutel zur Aufbewahrung 20 x 25 cm, 100 Mikron, f\u00fcr eine l\u00e4ngere Haltbarkeit von Lebensmitteln. Wasserdicht und gefrierfest.\" \/>\n<meta name=\"robots\" content=\"index, follow, max-snippet:-1, max-image-preview:large, max-video-preview:-1\" \/>\n<link rel=\"canonical\" href=\"https:\/\/www.csj-emballages.com\/de\/produit\/100-beutel-vakuumverpackt-aufbewahrung-gepraegt-20-x-25-cm-100-%c2%b5\/\" \/>\n<meta property=\"og:locale\" content=\"de_DE\" \/>\n<meta property=\"og:type\" content=\"article\" \/>\n<meta property=\"og:title\" content=\"Vakuumbeutel Aufbewahrung gepr\u00e4gt 20 x 25 cm 100 \u00b5 per 100\" \/>\n<meta property=\"og:description\" content=\"Gepr\u00e4gter Vakuumbeutel zur Aufbewahrung 20 x 25 cm, 100 Mikron, f\u00fcr eine l\u00e4ngere Haltbarkeit von Lebensmitteln. Wasserdicht und gefrierfest.\" \/>\n<meta property=\"og:url\" content=\"https:\/\/www.csj-emballages.com\/de\/produit\/100-beutel-vakuumverpackt-aufbewahrung-gepraegt-20-x-25-cm-100-%c2%b5\/\" \/>\n<meta property=\"og:site_name\" content=\"CSJ Emballages\" \/>\n<meta property=\"article:publisher\" content=\"https:\/\/www.facebook.com\/csjemballages\" \/>\n<meta property=\"article:modified_time\" content=\"2026-04-09T00:19:41+00:00\" \/>\n<meta property=\"og:image\" content=\"https:\/\/www.csj-emballages.com\/wp-content\/uploads\/2024\/03\/sac-sous-vide-gaufre.webp\" \/>\n\t<meta property=\"og:image:width\" content=\"800\" \/>\n\t<meta property=\"og:image:height\" content=\"800\" \/>\n\t<meta property=\"og:image:type\" content=\"image\/webp\" \/>\n<meta name=\"twitter:card\" content=\"summary_large_image\" \/>\n<meta name=\"twitter:label1\" content=\"Gesch\u00e4tzte Lesezeit\" \/>\n\t<meta name=\"twitter:data1\" content=\"2 Minuten\" \/>\n<script type=\"application\/ld+json\" class=\"yoast-schema-graph\">{\"@context\":\"https:\/\/schema.org\",\"@graph\":[{\"@type\":\"WebPage\",\"@id\":\"https:\/\/www.csj-emballages.com\/de\/produit\/100-beutel-vakuumverpackt-aufbewahrung-gepraegt-20-x-25-cm-100-%c2%b5\/\",\"url\":\"https:\/\/www.csj-emballages.com\/de\/produit\/100-beutel-vakuumverpackt-aufbewahrung-gepraegt-20-x-25-cm-100-%c2%b5\/\",\"name\":\"Vakuumbeutel Aufbewahrung gepr\u00e4gt 20 x 25 cm 100 \u00b5 per 100\",\"isPartOf\":{\"@id\":\"https:\/\/www.csj-emballages.com\/de\/#website\"},\"primaryImageOfPage\":{\"@id\":\"https:\/\/www.csj-emballages.com\/de\/produit\/100-beutel-vakuumverpackt-aufbewahrung-gepraegt-20-x-25-cm-100-%c2%b5\/#primaryimage\"},\"image\":{\"@id\":\"https:\/\/www.csj-emballages.com\/de\/produit\/100-beutel-vakuumverpackt-aufbewahrung-gepraegt-20-x-25-cm-100-%c2%b5\/#primaryimage\"},\"thumbnailUrl\":\"https:\/\/www.csj-emballages.com\/wp-content\/uploads\/2024\/03\/sac-sous-vide-gaufre.webp\",\"datePublished\":\"2024-03-01T15:47:48+00:00\",\"dateModified\":\"2026-04-09T00:19:41+00:00\",\"description\":\"Gepr\u00e4gter Vakuumbeutel zur Aufbewahrung 20 x 25 cm, 100 Mikron, f\u00fcr eine l\u00e4ngere Haltbarkeit von Lebensmitteln. Wasserdicht und gefrierfest.\",\"breadcrumb\":{\"@id\":\"https:\/\/www.csj-emballages.com\/de\/produit\/100-beutel-vakuumverpackt-aufbewahrung-gepraegt-20-x-25-cm-100-%c2%b5\/#breadcrumb\"},\"inLanguage\":\"de\",\"potentialAction\":[{\"@type\":\"ReadAction\",\"target\":[\"https:\/\/www.csj-emballages.com\/de\/produit\/100-beutel-vakuumverpackt-aufbewahrung-gepraegt-20-x-25-cm-100-%c2%b5\/\"]}]},{\"@type\":\"ImageObject\",\"inLanguage\":\"de\",\"@id\":\"https:\/\/www.csj-emballages.com\/de\/produit\/100-beutel-vakuumverpackt-aufbewahrung-gepraegt-20-x-25-cm-100-%c2%b5\/#primaryimage\",\"url\":\"https:\/\/www.csj-emballages.com\/wp-content\/uploads\/2024\/03\/sac-sous-vide-gaufre.webp\",\"contentUrl\":\"https:\/\/www.csj-emballages.com\/wp-content\/uploads\/2024\/03\/sac-sous-vide-gaufre.webp\",\"width\":800,\"height\":800,\"caption\":\"Sac sous vide\"},{\"@type\":\"BreadcrumbList\",\"@id\":\"https:\/\/www.csj-emballages.com\/de\/produit\/100-beutel-vakuumverpackt-aufbewahrung-gepraegt-20-x-25-cm-100-%c2%b5\/#breadcrumb\",\"itemListElement\":[{\"@type\":\"ListItem\",\"position\":1,\"name\":\"Accueil\",\"item\":\"https:\/\/www.csj-emballages.com\/de\/universum-lebensmittelverpackungen\/\"},{\"@type\":\"ListItem\",\"position\":2,\"name\":\"Shop\",\"item\":\"https:\/\/www.csj-emballages.com\/shop\/\"},{\"@type\":\"ListItem\",\"position\":3,\"name\":\"Vakuumbeutel Aufbewahrung gepr\u00e4gt 20 x 25 cm 100 \u00b5 per 100\"}]},{\"@type\":\"WebSite\",\"@id\":\"https:\/\/www.csj-emballages.com\/de\/#website\",\"url\":\"https:\/\/www.csj-emballages.com\/de\/\",\"name\":\"CSJ Emballages\",\"description\":\"\",\"publisher\":{\"@id\":\"https:\/\/www.csj-emballages.com\/de\/#organization\"},\"potentialAction\":[{\"@type\":\"SearchAction\",\"target\":{\"@type\":\"EntryPoint\",\"urlTemplate\":\"https:\/\/www.csj-emballages.com\/de\/?s={search_term_string}\"},\"query-input\":{\"@type\":\"PropertyValueSpecification\",\"valueRequired\":true,\"valueName\":\"search_term_string\"}}],\"inLanguage\":\"de\"},{\"@type\":\"Organization\",\"@id\":\"https:\/\/www.csj-emballages.com\/de\/#Organization\/\",\"name\":\"CSJ Emballages\",\"url\":\"https:\/\/www.csj-emballages.com\/de\/\",\"logo\":{\"@type\":\"ImageObject\",\"inLanguage\":\"de\",\"@id\":\"https:\/\/www.csj-emballages.com\/de\/#\/schema\/logo\/image\/\",\"url\":\"https:\/\/www.csj-emballages.com\/wp-content\/uploads\/2023\/10\/logo_csj.webp\",\"contentUrl\":\"https:\/\/www.csj-emballages.com\/wp-content\/uploads\/2023\/10\/logo_csj.webp\",\"width\":250,\"height\":95,\"caption\":\"CSJ Emballages\"},\"image\":{\"@id\":\"https:\/\/www.csj-emballages.com\/de\/#\/schema\/logo\/image\/\"},\"sameAs\":[\"https:\/\/www.facebook.com\/csjemballages\"],\"address\":{\"@type\":\"PostalAddress\",\"streetAddress\":\"ZI La Lechere\",\"addressLocality\":\"Patornay\",\"postalCode\":\"39130\",\"addressCountry\":\"FR\"},\"contactPoint\":[{\"@type\":\"ContactPoint\",\"contactType\":\"Service client\",\"telephone\":\"0384254272\",\"email\":\"contact@csj-emballages.com\"}]}]}<\/script>\n<!-- \/ Yoast SEO Premium plugin. -->","yoast_head_json":{"title":"Vakuumbeutel Aufbewahrung gepr\u00e4gt 20 x 25 cm 100 \u00b5 per 100","description":"Gepr\u00e4gter Vakuumbeutel zur Aufbewahrung 20 x 25 cm, 100 Mikron, f\u00fcr eine l\u00e4ngere Haltbarkeit von Lebensmitteln. Wasserdicht und gefrierfest.","robots":{"index":"index","follow":"follow","max-snippet":"max-snippet:-1","max-image-preview":"max-image-preview:large","max-video-preview":"max-video-preview:-1"},"canonical":"https:\/\/www.csj-emballages.com\/de\/produit\/100-beutel-vakuumverpackt-aufbewahrung-gepraegt-20-x-25-cm-100-%c2%b5\/","og_locale":"de_DE","og_type":"article","og_title":"Vakuumbeutel Aufbewahrung gepr\u00e4gt 20 x 25 cm 100 \u00b5 per 100","og_description":"Gepr\u00e4gter Vakuumbeutel zur Aufbewahrung 20 x 25 cm, 100 Mikron, f\u00fcr eine l\u00e4ngere Haltbarkeit von Lebensmitteln. Wasserdicht und gefrierfest.","og_url":"https:\/\/www.csj-emballages.com\/de\/produit\/100-beutel-vakuumverpackt-aufbewahrung-gepraegt-20-x-25-cm-100-%c2%b5\/","og_site_name":"CSJ Emballages","article_publisher":"https:\/\/www.facebook.com\/csjemballages","article_modified_time":"2026-04-09T00:19:41+00:00","og_image":[{"width":800,"height":800,"url":"https:\/\/www.csj-emballages.com\/wp-content\/uploads\/2024\/03\/sac-sous-vide-gaufre.webp","type":"image\/webp"}],"twitter_card":"summary_large_image","twitter_misc":{"Gesch\u00e4tzte Lesezeit":"2 Minuten"},"schema":{"@context":"https:\/\/schema.org","@graph":[{"@type":"WebPage","@id":"https:\/\/www.csj-emballages.com\/de\/produit\/100-beutel-vakuumverpackt-aufbewahrung-gepraegt-20-x-25-cm-100-%c2%b5\/","url":"https:\/\/www.csj-emballages.com\/de\/produit\/100-beutel-vakuumverpackt-aufbewahrung-gepraegt-20-x-25-cm-100-%c2%b5\/","name":"Vakuumbeutel Aufbewahrung gepr\u00e4gt 20 x 25 cm 100 \u00b5 per 100","isPartOf":{"@id":"https:\/\/www.csj-emballages.com\/de\/#website"},"primaryImageOfPage":{"@id":"https:\/\/www.csj-emballages.com\/de\/produit\/100-beutel-vakuumverpackt-aufbewahrung-gepraegt-20-x-25-cm-100-%c2%b5\/#primaryimage"},"image":{"@id":"https:\/\/www.csj-emballages.com\/de\/produit\/100-beutel-vakuumverpackt-aufbewahrung-gepraegt-20-x-25-cm-100-%c2%b5\/#primaryimage"},"thumbnailUrl":"https:\/\/www.csj-emballages.com\/wp-content\/uploads\/2024\/03\/sac-sous-vide-gaufre.webp","datePublished":"2024-03-01T15:47:48+00:00","dateModified":"2026-04-09T00:19:41+00:00","description":"Gepr\u00e4gter Vakuumbeutel zur Aufbewahrung 20 x 25 cm, 100 Mikron, f\u00fcr eine l\u00e4ngere Haltbarkeit von Lebensmitteln. Wasserdicht und gefrierfest.","breadcrumb":{"@id":"https:\/\/www.csj-emballages.com\/de\/produit\/100-beutel-vakuumverpackt-aufbewahrung-gepraegt-20-x-25-cm-100-%c2%b5\/#breadcrumb"},"inLanguage":"de","potentialAction":[{"@type":"ReadAction","target":["https:\/\/www.csj-emballages.com\/de\/produit\/100-beutel-vakuumverpackt-aufbewahrung-gepraegt-20-x-25-cm-100-%c2%b5\/"]}]},{"@type":"ImageObject","inLanguage":"de","@id":"https:\/\/www.csj-emballages.com\/de\/produit\/100-beutel-vakuumverpackt-aufbewahrung-gepraegt-20-x-25-cm-100-%c2%b5\/#primaryimage","url":"https:\/\/www.csj-emballages.com\/wp-content\/uploads\/2024\/03\/sac-sous-vide-gaufre.webp","contentUrl":"https:\/\/www.csj-emballages.com\/wp-content\/uploads\/2024\/03\/sac-sous-vide-gaufre.webp","width":800,"height":800,"caption":"Sac sous vide"},{"@type":"BreadcrumbList","@id":"https:\/\/www.csj-emballages.com\/de\/produit\/100-beutel-vakuumverpackt-aufbewahrung-gepraegt-20-x-25-cm-100-%c2%b5\/#breadcrumb","itemListElement":[{"@type":"ListItem","position":1,"name":"Accueil","item":"https:\/\/www.csj-emballages.com\/de\/universum-lebensmittelverpackungen\/"},{"@type":"ListItem","position":2,"name":"Shop","item":"https:\/\/www.csj-emballages.com\/shop\/"},{"@type":"ListItem","position":3,"name":"Vakuumbeutel Aufbewahrung gepr\u00e4gt 20 x 25 cm 100 \u00b5 per 100"}]},{"@type":"WebSite","@id":"https:\/\/www.csj-emballages.com\/de\/#website","url":"https:\/\/www.csj-emballages.com\/de\/","name":"CSJ Emballages","description":"","publisher":{"@id":"https:\/\/www.csj-emballages.com\/de\/#organization"},"potentialAction":[{"@type":"SearchAction","target":{"@type":"EntryPoint","urlTemplate":"https:\/\/www.csj-emballages.com\/de\/?s={search_term_string}"},"query-input":{"@type":"PropertyValueSpecification","valueRequired":true,"valueName":"search_term_string"}}],"inLanguage":"de"},{"@type":"Organization","@id":"https:\/\/www.csj-emballages.com\/de\/#Organization\/","name":"CSJ Emballages","url":"https:\/\/www.csj-emballages.com\/de\/","logo":{"@type":"ImageObject","inLanguage":"de","@id":"https:\/\/www.csj-emballages.com\/de\/#\/schema\/logo\/image\/","url":"https:\/\/www.csj-emballages.com\/wp-content\/uploads\/2023\/10\/logo_csj.webp","contentUrl":"https:\/\/www.csj-emballages.com\/wp-content\/uploads\/2023\/10\/logo_csj.webp","width":250,"height":95,"caption":"CSJ Emballages"},"image":{"@id":"https:\/\/www.csj-emballages.com\/de\/#\/schema\/logo\/image\/"},"sameAs":["https:\/\/www.facebook.com\/csjemballages"],"address":{"@type":"PostalAddress","streetAddress":"ZI La Lechere","addressLocality":"Patornay","postalCode":"39130","addressCountry":"FR"},"contactPoint":[{"@type":"ContactPoint","contactType":"Service client","telephone":"0384254272","email":"contact@csj-emballages.com"}]}]}},"df_price":10.21,"df_sale_price":"","df_regular_price":10.21,"df_image_link":"https:\/\/www.csj-emballages.com\/wp-content\/uploads\/2024\/03\/sac-sous-vide-gaufre-300x300.webp","tiered_pricing_type":"fixed","tiered_pricing_fixed_rules":[],"tiered_pricing_percentage_rules":[],"tiered_pricing_minimum":1,"tiered_pricing_roles_data":[],"_links":{"self":[{"href":"https:\/\/www.csj-emballages.com\/de\/wp-json\/wp\/v2\/product\/18007","targetHints":{"allow":["GET"]}}],"collection":[{"href":"https:\/\/www.csj-emballages.com\/de\/wp-json\/wp\/v2\/product"}],"about":[{"href":"https:\/\/www.csj-emballages.com\/de\/wp-json\/wp\/v2\/types\/product"}],"wp:featuredmedia":[{"embeddable":true,"href":"https:\/\/www.csj-emballages.com\/de\/wp-json\/wp\/v2\/media\/227295"}],"wp:attachment":[{"href":"https:\/\/www.csj-emballages.com\/de\/wp-json\/wp\/v2\/media?parent=18007"}],"wp:term":[{"taxonomy":"product_brand","embeddable":true,"href":"https:\/\/www.csj-emballages.com\/de\/wp-json\/wp\/v2\/product_brand?post=18007"},{"taxonomy":"product_cat","embeddable":true,"href":"https:\/\/www.csj-emballages.com\/de\/wp-json\/wp\/v2\/product_cat?post=18007"},{"taxonomy":"product_tag","embeddable":true,"href":"https:\/\/www.csj-emballages.com\/de\/wp-json\/wp\/v2\/product_tag?post=18007"}],"curies":[{"name":"wp","href":"https:\/\/api.w.org\/{rel}","templated":true}]}}