{"id":18000,"date":"2024-03-01T16:47:47","date_gmt":"2024-03-01T15:47:47","guid":{"rendered":"https:\/\/u15jnbdpoq.preview.infomaniak.website\/produit\/2-rollen-gepraegte-vakuumbeutel-zur-aufbewahrung-0-28-x-6-m-90-%c2%b5\/"},"modified":"2026-04-28T02:19:53","modified_gmt":"2026-04-28T00:19:53","slug":"2-rollen-gepraegte-vakuumbeutel-zur-aufbewahrung-0-28-x-6-m-90-%c2%b5","status":"publish","type":"product","link":"https:\/\/www.csj-emballages.com\/de\/produit\/2-rollen-gepraegte-vakuumbeutel-zur-aufbewahrung-0-28-x-6-m-90-%c2%b5\/","title":{"rendered":"2 Rollen gepr\u00e4gte Vakuumbeutel zur Aufbewahrung 0.28 x 6 m 90 \u00b5"},"content":{"rendered":"<div style=\"box-sizing: inherit; font-family: Roboto, sans-serif;\">\n<div style=\"box-sizing: inherit; font-family: Roboto, sans-serif;\">\n<div style=\"box-sizing: inherit; font-family: Roboto, sans-serif;\">\n<div style=\"box-sizing: inherit; font-family: Roboto, sans-serif;\">\n<div style=\"box-sizing: inherit; font-family: Roboto, sans-serif;\">\n<div style=\"box-sizing: inherit; font-family: Roboto, sans-serif;\">\n<div class=\"flex flex-grow flex-col max-w-full\">\n<div class=\"min-h-[20px] text-message flex flex-col items-start whitespace-pre-wrap break-words [.text-message+&amp;]:mt-5 juice:w-full juice:items-end overflow-x-auto gap-2\" dir=\"auto\" data-message-author-role=\"assistant\" data-message-id=\"2034782e-88f9-44ef-b4dc-07dd7bf0115f\">\n<div class=\"flex w-full flex-col gap-1 juice:empty:hidden juice:first:pt-[3px]\">\n<div class=\"markdown prose w-full break-words dark:prose-invert light\">\n<div style=\"box-sizing: inherit; font-family: Roboto, sans-serif;\">\n<div style=\"box-sizing: inherit; font-family: Roboto, sans-serif;\">\n<div style=\"box-sizing: inherit; font-family: Roboto, sans-serif;\">\n<div style=\"box-sizing: inherit; font-family: Roboto, sans-serif;\">\n<div style=\"box-sizing: inherit; font-family: Roboto, sans-serif;\">\n<div style=\"box-sizing: inherit; font-family: Roboto, sans-serif;\">\n<h2><strong style=\"font-family: Roboto, sans-serif;\">Rollen Vakuumbeutel<br \/>\n<\/strong><\/h2>\n<div style=\"box-sizing: inherit; font-family: Roboto, sans-serif;\">\n<div style=\"box-sizing: inherit; font-family: Roboto, sans-serif;\">\n<div style=\"box-sizing: inherit; font-family: Roboto, sans-serif;\">\n<div style=\"text-align: center;\">\n<div style=\"box-sizing: inherit; font-family: Roboto, sans-serif;\">\n<div style=\"box-sizing: inherit; font-family: Roboto, sans-serif;\">\n<div style=\"box-sizing: inherit; font-family: Roboto, sans-serif;\">\n<div style=\"box-sizing: inherit; font-family: Roboto, sans-serif;\">\n<div style=\"box-sizing: inherit; font-family: Roboto, sans-serif;\">\n<div style=\"box-sizing: inherit; font-family: Roboto, sans-serif; text-align: left;\">\n<hr>\n<h3 style=\"text-align: left;\">Beschreibung unserer Rollen Vakuumbeutel zur Aufbewahrung gepr\u00e4gt 0.28 x 6 m 90 \u00b5 &#8211; pro 2<\/h3>\n<p><!--more--><\/p>\n<p>Entdecken Sie unsere <strong>Rollen<\/strong> mit <strong>gepr\u00e4gten<\/strong> <strong>Vakuumbeuteln<\/strong>, die speziell f\u00fcr die <strong>Aufbewahrung<\/strong> von Lebensmitteln entwickelt wurden. Mit einer Gr\u00f6\u00dfe von <strong>0,28 x 6 m<\/strong> bieten sie eine ideale L\u00e4nge f\u00fcr Ihren Lagerbedarf. Die <strong>Beutel<\/strong> werden mit einer St\u00e4rke von <strong>90\u00b5<\/strong> hergestellt und bieten einen optimalen Schutz. Dank ihrer Waffelstruktur erm\u00f6glichen sie eine bessere Luftzirkulation. So bleiben Ihre Lebensmittel l\u00e4nger frisch und schmackhaft. Au\u00dferdem eignen sich diese <strong>Beutel<\/strong> f\u00fcr die Verwendung mit allen Vakuumierger\u00e4ten.     <\/p>\n<p>Verwenden Sie sie f\u00fcr Fleisch, Gem\u00fcse, Obst und sogar f\u00fcr Fertiggerichte. Au\u00dferdem erleichtert ihr praktisches Format das Schneiden nach Ihren Bed\u00fcrfnissen. Machen Sie sich keine Sorgen mehr \u00fcber Bakterien, denn diese <strong>Beutel<\/strong> blockieren Feuchtigkeit und Sauerstoff. Dar\u00fcber hinaus sorgt ihr robustes Design f\u00fcr eine l\u00e4ngere Haltbarkeit. Mit unseren Rollen maximieren Sie den Platz in Ihrem Gefrierschrank. Dar\u00fcber hinaus sind sie einfach zu handhaben und zu versiegeln. So wird die Zubereitung Ihrer Mahlzeiten zum Kinderspiel. Zusammenfassend l\u00e4sst sich sagen, dass diese <strong>Rollen<\/strong> mit <strong>gepr\u00e4gten<\/strong> <strong>Vakuumbeuteln<\/strong> der perfekte Verb\u00fcndete f\u00fcr eine optimale Aufbewahrung sind. Entscheiden Sie sich bei Ihren Lebensmitteln f\u00fcr Qualit\u00e4t. Genie\u00dfen Sie mit jeder Verwendung eine unvergleichliche Frische. Lassen Sie sich diese Gelegenheit zur Verbesserung Ihrer Lebensmittellagerung nicht entgehen!          <\/p>\n<p>&nbsp;<\/p>\n<\/div>\n<\/div>\n<\/div>\n<\/div>\n<\/div>\n<\/div>\n<\/div>\n<\/div>\n<\/div>\n<\/div>\n<p><!--more--><\/p>\n<p style=\"text-align: left;\"><strong>Ihre Vorteile unserer gepr\u00e4gten Vakuumbeutelrollen :<\/strong><\/p>\n<ul style=\"text-align: left;\">\n<li><strong>Individuell anpassbare L\u00e4nge<\/strong>: Mit einer L\u00e4nge von 6 m k\u00f6nnen Sie die <strong>Rollen<\/strong> auf die gew\u00fcnschte L\u00e4nge zuschneiden, je nach Lagerbedarf.<\/li>\n<li><strong>Platzsparend<\/strong>: Durch das Entfernen der Luft sparen diese <strong>Beutel<\/strong> Platz im Gefrierschrank oder K\u00fchlschrank.<\/li>\n<li><strong>Verringerung der Lebensmittelverschwendung<\/strong>: Indem sie Lebensmittel l\u00e4nger frisch halten, helfen sie, die Lebensmittelverschwendung zu verringern.<\/li>\n<li><strong>Vielseitigkeit<\/strong>: Perfekt f\u00fcr eine Vielzahl von Lebensmitteln, von Fleisch \u00fcber Gem\u00fcse bis hin zu Fertiggerichten.<\/li>\n<\/ul>\n<\/div>\n<div style=\"box-sizing: inherit; font-family: Roboto, sans-serif;\"><\/div>\n<\/div>\n<\/div>\n<\/div>\n<\/div>\n<\/div>\n<p><!--more--><\/p>\n<h4>Weitere Informationen :<\/h4>\n<ul>\n<li>Hei\u00dfsiegelbar: Ja<\/li>\n<li>Schrumpfbar: Nein<\/li>\n<\/ul>\n<p>&nbsp;<\/p>\n<p style=\"text-align: left;\"><!--more--><\/p>\n<p><a href=\"https:\/\/www.csj-emballages.com\/de\/categorie-produit\/lebensmittelverpackungen\/metzgerei-und-feinkostgeschaft\/sacke-und-beutel\/vakuumbeutel\/gepragte-vakuumbeutel-auf-rollen\/\">Sehen Sie sich den Rest unseres Sortiments an gepr\u00e4gten Vakuumbeutelrollen an<\/a><\/p>\n<\/div>\n<\/div>\n<\/div>\n<\/div>\n<p>&nbsp;<\/p>\n<\/div>\n<\/div>\n<\/div>\n<\/div>\n<\/div>\n<\/div>\n","protected":false},"excerpt":{"rendered":"<p>Rollen Vakuumbeutel Beschreibung unserer Rollen Vakuumbeutel zur Aufbewahrung gepr\u00e4gt 0.28 x 6 m 90 \u00b5 &#8211; pro 2<\/p>\n","protected":false},"featured_media":12315,"template":"","meta":{"_acf_changed":false},"product_brand":[],"product_cat":[1170,1235,1577],"product_tag":[],"class_list":{"0":"post-18000","1":"product","2":"type-product","3":"status-publish","4":"has-post-thumbnail","6":"product_cat-metzgerei-und-feinkostgeschaft","7":"product_cat-vakuumbeutel","8":"product_cat-gepragte-vakuumbeutel-auf-rollen","10":"first","11":"instock","12":"taxable","13":"shipping-taxable","14":"purchasable","15":"product-type-simple"},"acf":[],"yoast_head":"<!-- This site is optimized with the Yoast SEO Premium plugin v26.6 (Yoast SEO v26.6) - https:\/\/yoast.com\/wordpress\/plugins\/seo\/ -->\n<title>Rollen Vakuumbeutel zur Aufbewahrung Gepr\u00e4gt 28x600 cm 90\u00b5<\/title>\n<meta name=\"description\" content=\"Entdecken Sie unsere Rollen gepr\u00e4gter Vakuumbeutel 0,22x6 m 90 \u00b5. Halten Sie Ihre Lebensmittel l\u00e4nger frisch und reduzieren Sie die Lebensmittelverschwendung!\" \/>\n<meta name=\"robots\" content=\"index, follow, max-snippet:-1, max-image-preview:large, max-video-preview:-1\" \/>\n<link rel=\"canonical\" href=\"https:\/\/www.csj-emballages.com\/de\/produit\/2-rollen-gepraegte-vakuumbeutel-zur-aufbewahrung-0-28-x-6-m-90-%c2%b5\/\" \/>\n<meta property=\"og:locale\" content=\"de_DE\" \/>\n<meta property=\"og:type\" content=\"article\" \/>\n<meta property=\"og:title\" content=\"2 Rollen gepr\u00e4gte Vakuumbeutel zur Aufbewahrung 0.28 x 6 m 90 \u00b5\" \/>\n<meta property=\"og:description\" content=\"Entdecken Sie unsere Rollen gepr\u00e4gter Vakuumbeutel 0,22x6 m 90 \u00b5. Halten Sie Ihre Lebensmittel l\u00e4nger frisch und reduzieren Sie die Lebensmittelverschwendung!\" \/>\n<meta property=\"og:url\" content=\"https:\/\/www.csj-emballages.com\/de\/produit\/2-rollen-gepraegte-vakuumbeutel-zur-aufbewahrung-0-28-x-6-m-90-%c2%b5\/\" \/>\n<meta property=\"og:site_name\" content=\"CSJ Emballages\" \/>\n<meta property=\"article:publisher\" content=\"https:\/\/www.facebook.com\/csjemballages\" \/>\n<meta property=\"article:modified_time\" content=\"2026-04-28T00:19:53+00:00\" \/>\n<meta property=\"og:image\" content=\"https:\/\/www.csj-emballages.com\/wp-content\/uploads\/2024\/03\/ItemSVIDEGAUF28600.png\" \/>\n\t<meta property=\"og:image:width\" content=\"300\" \/>\n\t<meta property=\"og:image:height\" content=\"300\" \/>\n\t<meta property=\"og:image:type\" content=\"image\/png\" \/>\n<meta name=\"twitter:card\" content=\"summary_large_image\" \/>\n<meta name=\"twitter:label1\" content=\"Gesch\u00e4tzte Lesezeit\" \/>\n\t<meta name=\"twitter:data1\" content=\"2 Minuten\" \/>\n<script type=\"application\/ld+json\" class=\"yoast-schema-graph\">{\"@context\":\"https:\/\/schema.org\",\"@graph\":[{\"@type\":\"WebPage\",\"@id\":\"https:\/\/www.csj-emballages.com\/de\/produit\/2-rollen-gepraegte-vakuumbeutel-zur-aufbewahrung-0-28-x-6-m-90-%c2%b5\/\",\"url\":\"https:\/\/www.csj-emballages.com\/de\/produit\/2-rollen-gepraegte-vakuumbeutel-zur-aufbewahrung-0-28-x-6-m-90-%c2%b5\/\",\"name\":\"Rollen Vakuumbeutel zur Aufbewahrung Gepr\u00e4gt 28x600 cm 90\u00b5\",\"isPartOf\":{\"@id\":\"https:\/\/www.csj-emballages.com\/de\/#website\"},\"primaryImageOfPage\":{\"@id\":\"https:\/\/www.csj-emballages.com\/de\/produit\/2-rollen-gepraegte-vakuumbeutel-zur-aufbewahrung-0-28-x-6-m-90-%c2%b5\/#primaryimage\"},\"image\":{\"@id\":\"https:\/\/www.csj-emballages.com\/de\/produit\/2-rollen-gepraegte-vakuumbeutel-zur-aufbewahrung-0-28-x-6-m-90-%c2%b5\/#primaryimage\"},\"thumbnailUrl\":\"https:\/\/www.csj-emballages.com\/wp-content\/uploads\/2024\/03\/ItemSVIDEGAUF28600.png\",\"datePublished\":\"2024-03-01T15:47:47+00:00\",\"dateModified\":\"2026-04-28T00:19:53+00:00\",\"description\":\"Entdecken Sie unsere Rollen gepr\u00e4gter Vakuumbeutel 0,22x6 m 90 \u00b5. Halten Sie Ihre Lebensmittel l\u00e4nger frisch und reduzieren Sie die Lebensmittelverschwendung!\",\"breadcrumb\":{\"@id\":\"https:\/\/www.csj-emballages.com\/de\/produit\/2-rollen-gepraegte-vakuumbeutel-zur-aufbewahrung-0-28-x-6-m-90-%c2%b5\/#breadcrumb\"},\"inLanguage\":\"de\",\"potentialAction\":[{\"@type\":\"ReadAction\",\"target\":[\"https:\/\/www.csj-emballages.com\/de\/produit\/2-rollen-gepraegte-vakuumbeutel-zur-aufbewahrung-0-28-x-6-m-90-%c2%b5\/\"]}]},{\"@type\":\"ImageObject\",\"inLanguage\":\"de\",\"@id\":\"https:\/\/www.csj-emballages.com\/de\/produit\/2-rollen-gepraegte-vakuumbeutel-zur-aufbewahrung-0-28-x-6-m-90-%c2%b5\/#primaryimage\",\"url\":\"https:\/\/www.csj-emballages.com\/wp-content\/uploads\/2024\/03\/ItemSVIDEGAUF28600.png\",\"contentUrl\":\"https:\/\/www.csj-emballages.com\/wp-content\/uploads\/2024\/03\/ItemSVIDEGAUF28600.png\",\"width\":300,\"height\":300,\"caption\":\"Rouleaux sacs sous vide\"},{\"@type\":\"BreadcrumbList\",\"@id\":\"https:\/\/www.csj-emballages.com\/de\/produit\/2-rollen-gepraegte-vakuumbeutel-zur-aufbewahrung-0-28-x-6-m-90-%c2%b5\/#breadcrumb\",\"itemListElement\":[{\"@type\":\"ListItem\",\"position\":1,\"name\":\"Accueil\",\"item\":\"https:\/\/www.csj-emballages.com\/de\/universum-lebensmittelverpackungen\/\"},{\"@type\":\"ListItem\",\"position\":2,\"name\":\"Shop\",\"item\":\"https:\/\/www.csj-emballages.com\/shop\/\"},{\"@type\":\"ListItem\",\"position\":3,\"name\":\"2 Rollen gepr\u00e4gte Vakuumbeutel zur Aufbewahrung 0.28 x 6 m 90 \u00b5\"}]},{\"@type\":\"WebSite\",\"@id\":\"https:\/\/www.csj-emballages.com\/de\/#website\",\"url\":\"https:\/\/www.csj-emballages.com\/de\/\",\"name\":\"CSJ Emballages\",\"description\":\"\",\"publisher\":{\"@id\":\"https:\/\/www.csj-emballages.com\/de\/#organization\"},\"potentialAction\":[{\"@type\":\"SearchAction\",\"target\":{\"@type\":\"EntryPoint\",\"urlTemplate\":\"https:\/\/www.csj-emballages.com\/de\/?s={search_term_string}\"},\"query-input\":{\"@type\":\"PropertyValueSpecification\",\"valueRequired\":true,\"valueName\":\"search_term_string\"}}],\"inLanguage\":\"de\"},{\"@type\":\"Organization\",\"@id\":\"https:\/\/www.csj-emballages.com\/de\/#Organization\/\",\"name\":\"CSJ Emballages\",\"url\":\"https:\/\/www.csj-emballages.com\/de\/\",\"logo\":{\"@type\":\"ImageObject\",\"inLanguage\":\"de\",\"@id\":\"https:\/\/www.csj-emballages.com\/de\/#\/schema\/logo\/image\/\",\"url\":\"https:\/\/www.csj-emballages.com\/wp-content\/uploads\/2023\/10\/logo_csj.webp\",\"contentUrl\":\"https:\/\/www.csj-emballages.com\/wp-content\/uploads\/2023\/10\/logo_csj.webp\",\"width\":250,\"height\":95,\"caption\":\"CSJ Emballages\"},\"image\":{\"@id\":\"https:\/\/www.csj-emballages.com\/de\/#\/schema\/logo\/image\/\"},\"sameAs\":[\"https:\/\/www.facebook.com\/csjemballages\"],\"address\":{\"@type\":\"PostalAddress\",\"streetAddress\":\"ZI La Lechere\",\"addressLocality\":\"Patornay\",\"postalCode\":\"39130\",\"addressCountry\":\"FR\"},\"contactPoint\":[{\"@type\":\"ContactPoint\",\"contactType\":\"Service client\",\"telephone\":\"0384254272\",\"email\":\"contact@csj-emballages.com\"}]}]}<\/script>\n<!-- \/ Yoast SEO Premium plugin. -->","yoast_head_json":{"title":"Rollen Vakuumbeutel zur Aufbewahrung Gepr\u00e4gt 28x600 cm 90\u00b5","description":"Entdecken Sie unsere Rollen gepr\u00e4gter Vakuumbeutel 0,22x6 m 90 \u00b5. Halten Sie Ihre Lebensmittel l\u00e4nger frisch und reduzieren Sie die Lebensmittelverschwendung!","robots":{"index":"index","follow":"follow","max-snippet":"max-snippet:-1","max-image-preview":"max-image-preview:large","max-video-preview":"max-video-preview:-1"},"canonical":"https:\/\/www.csj-emballages.com\/de\/produit\/2-rollen-gepraegte-vakuumbeutel-zur-aufbewahrung-0-28-x-6-m-90-%c2%b5\/","og_locale":"de_DE","og_type":"article","og_title":"2 Rollen gepr\u00e4gte Vakuumbeutel zur Aufbewahrung 0.28 x 6 m 90 \u00b5","og_description":"Entdecken Sie unsere Rollen gepr\u00e4gter Vakuumbeutel 0,22x6 m 90 \u00b5. Halten Sie Ihre Lebensmittel l\u00e4nger frisch und reduzieren Sie die Lebensmittelverschwendung!","og_url":"https:\/\/www.csj-emballages.com\/de\/produit\/2-rollen-gepraegte-vakuumbeutel-zur-aufbewahrung-0-28-x-6-m-90-%c2%b5\/","og_site_name":"CSJ Emballages","article_publisher":"https:\/\/www.facebook.com\/csjemballages","article_modified_time":"2026-04-28T00:19:53+00:00","og_image":[{"width":300,"height":300,"url":"https:\/\/www.csj-emballages.com\/wp-content\/uploads\/2024\/03\/ItemSVIDEGAUF28600.png","type":"image\/png"}],"twitter_card":"summary_large_image","twitter_misc":{"Gesch\u00e4tzte Lesezeit":"2 Minuten"},"schema":{"@context":"https:\/\/schema.org","@graph":[{"@type":"WebPage","@id":"https:\/\/www.csj-emballages.com\/de\/produit\/2-rollen-gepraegte-vakuumbeutel-zur-aufbewahrung-0-28-x-6-m-90-%c2%b5\/","url":"https:\/\/www.csj-emballages.com\/de\/produit\/2-rollen-gepraegte-vakuumbeutel-zur-aufbewahrung-0-28-x-6-m-90-%c2%b5\/","name":"Rollen Vakuumbeutel zur Aufbewahrung Gepr\u00e4gt 28x600 cm 90\u00b5","isPartOf":{"@id":"https:\/\/www.csj-emballages.com\/de\/#website"},"primaryImageOfPage":{"@id":"https:\/\/www.csj-emballages.com\/de\/produit\/2-rollen-gepraegte-vakuumbeutel-zur-aufbewahrung-0-28-x-6-m-90-%c2%b5\/#primaryimage"},"image":{"@id":"https:\/\/www.csj-emballages.com\/de\/produit\/2-rollen-gepraegte-vakuumbeutel-zur-aufbewahrung-0-28-x-6-m-90-%c2%b5\/#primaryimage"},"thumbnailUrl":"https:\/\/www.csj-emballages.com\/wp-content\/uploads\/2024\/03\/ItemSVIDEGAUF28600.png","datePublished":"2024-03-01T15:47:47+00:00","dateModified":"2026-04-28T00:19:53+00:00","description":"Entdecken Sie unsere Rollen gepr\u00e4gter Vakuumbeutel 0,22x6 m 90 \u00b5. Halten Sie Ihre Lebensmittel l\u00e4nger frisch und reduzieren Sie die Lebensmittelverschwendung!","breadcrumb":{"@id":"https:\/\/www.csj-emballages.com\/de\/produit\/2-rollen-gepraegte-vakuumbeutel-zur-aufbewahrung-0-28-x-6-m-90-%c2%b5\/#breadcrumb"},"inLanguage":"de","potentialAction":[{"@type":"ReadAction","target":["https:\/\/www.csj-emballages.com\/de\/produit\/2-rollen-gepraegte-vakuumbeutel-zur-aufbewahrung-0-28-x-6-m-90-%c2%b5\/"]}]},{"@type":"ImageObject","inLanguage":"de","@id":"https:\/\/www.csj-emballages.com\/de\/produit\/2-rollen-gepraegte-vakuumbeutel-zur-aufbewahrung-0-28-x-6-m-90-%c2%b5\/#primaryimage","url":"https:\/\/www.csj-emballages.com\/wp-content\/uploads\/2024\/03\/ItemSVIDEGAUF28600.png","contentUrl":"https:\/\/www.csj-emballages.com\/wp-content\/uploads\/2024\/03\/ItemSVIDEGAUF28600.png","width":300,"height":300,"caption":"Rouleaux sacs sous vide"},{"@type":"BreadcrumbList","@id":"https:\/\/www.csj-emballages.com\/de\/produit\/2-rollen-gepraegte-vakuumbeutel-zur-aufbewahrung-0-28-x-6-m-90-%c2%b5\/#breadcrumb","itemListElement":[{"@type":"ListItem","position":1,"name":"Accueil","item":"https:\/\/www.csj-emballages.com\/de\/universum-lebensmittelverpackungen\/"},{"@type":"ListItem","position":2,"name":"Shop","item":"https:\/\/www.csj-emballages.com\/shop\/"},{"@type":"ListItem","position":3,"name":"2 Rollen gepr\u00e4gte Vakuumbeutel zur Aufbewahrung 0.28 x 6 m 90 \u00b5"}]},{"@type":"WebSite","@id":"https:\/\/www.csj-emballages.com\/de\/#website","url":"https:\/\/www.csj-emballages.com\/de\/","name":"CSJ Emballages","description":"","publisher":{"@id":"https:\/\/www.csj-emballages.com\/de\/#organization"},"potentialAction":[{"@type":"SearchAction","target":{"@type":"EntryPoint","urlTemplate":"https:\/\/www.csj-emballages.com\/de\/?s={search_term_string}"},"query-input":{"@type":"PropertyValueSpecification","valueRequired":true,"valueName":"search_term_string"}}],"inLanguage":"de"},{"@type":"Organization","@id":"https:\/\/www.csj-emballages.com\/de\/#Organization\/","name":"CSJ Emballages","url":"https:\/\/www.csj-emballages.com\/de\/","logo":{"@type":"ImageObject","inLanguage":"de","@id":"https:\/\/www.csj-emballages.com\/de\/#\/schema\/logo\/image\/","url":"https:\/\/www.csj-emballages.com\/wp-content\/uploads\/2023\/10\/logo_csj.webp","contentUrl":"https:\/\/www.csj-emballages.com\/wp-content\/uploads\/2023\/10\/logo_csj.webp","width":250,"height":95,"caption":"CSJ Emballages"},"image":{"@id":"https:\/\/www.csj-emballages.com\/de\/#\/schema\/logo\/image\/"},"sameAs":["https:\/\/www.facebook.com\/csjemballages"],"address":{"@type":"PostalAddress","streetAddress":"ZI La Lechere","addressLocality":"Patornay","postalCode":"39130","addressCountry":"FR"},"contactPoint":[{"@type":"ContactPoint","contactType":"Service client","telephone":"0384254272","email":"contact@csj-emballages.com"}]}]}},"df_price":9.96,"df_sale_price":"","df_regular_price":9.96,"df_image_link":"https:\/\/www.csj-emballages.com\/wp-content\/uploads\/2024\/03\/ItemSVIDEGAUF28600.png","tiered_pricing_type":"fixed","tiered_pricing_fixed_rules":[],"tiered_pricing_percentage_rules":[],"tiered_pricing_minimum":1,"tiered_pricing_roles_data":[],"_links":{"self":[{"href":"https:\/\/www.csj-emballages.com\/de\/wp-json\/wp\/v2\/product\/18000","targetHints":{"allow":["GET"]}}],"collection":[{"href":"https:\/\/www.csj-emballages.com\/de\/wp-json\/wp\/v2\/product"}],"about":[{"href":"https:\/\/www.csj-emballages.com\/de\/wp-json\/wp\/v2\/types\/product"}],"wp:featuredmedia":[{"embeddable":true,"href":"https:\/\/www.csj-emballages.com\/de\/wp-json\/wp\/v2\/media\/12315"}],"wp:attachment":[{"href":"https:\/\/www.csj-emballages.com\/de\/wp-json\/wp\/v2\/media?parent=18000"}],"wp:term":[{"taxonomy":"product_brand","embeddable":true,"href":"https:\/\/www.csj-emballages.com\/de\/wp-json\/wp\/v2\/product_brand?post=18000"},{"taxonomy":"product_cat","embeddable":true,"href":"https:\/\/www.csj-emballages.com\/de\/wp-json\/wp\/v2\/product_cat?post=18000"},{"taxonomy":"product_tag","embeddable":true,"href":"https:\/\/www.csj-emballages.com\/de\/wp-json\/wp\/v2\/product_tag?post=18000"}],"curies":[{"name":"wp","href":"https:\/\/api.w.org\/{rel}","templated":true}]}}