{"id":17950,"date":"2024-03-01T16:47:49","date_gmt":"2024-03-01T15:47:49","guid":{"rendered":"https:\/\/u15jnbdpoq.preview.infomaniak.website\/produit\/pyramidenstaender-fuer-24-schokoladenfarbene-macarons\/"},"modified":"2026-04-03T02:21:37","modified_gmt":"2026-04-03T00:21:37","slug":"pyramidenstaender-fuer-24-schokoladenfarbene-macarons","status":"publish","type":"product","link":"https:\/\/www.csj-emballages.com\/de\/produit\/pyramidenstaender-fuer-24-schokoladenfarbene-macarons\/","title":{"rendered":"Pyramidenst\u00e4nder f\u00fcr 24 schokoladenfarbene Macarons"},"content":{"rendered":"<h2>Macarons Pyramidenst\u00e4nder<\/h2>\n<hr>\n<h3>Beschreibung unseres Macaron Pyramidenst\u00e4nders f\u00fcr 24 schokoladenfarbene Macarons<\/h3>\n<p><!--more--><\/p>\n<p data-start=\"84\" data-end=\"484\">Bringen Sie Ihre Patisserie-Kreationen mit diesem <strong data-start=\"135\" data-end=\"198\">Macarons-Pyramidenst\u00e4nder f\u00fcr 24 schokoladenfarbene Macarons<\/strong> zur Geltung. Dieser elegante und praktische St\u00e4nder wurde speziell f\u00fcr eine raffinierte und professionelle Pr\u00e4sentation Ihrer S\u00fc\u00dfigkeiten entworfen. Der <strong data-start=\"334\" data-end=\"353\">schokoladenbraune Farb<\/strong> ton verleiht Ihrem Buffet, Ihrer Vitrine oder Ihrem Empfangstisch eine warme und leckere Note.  <\/p>\n<p data-start=\"486\" data-end=\"939\">Diese <strong data-start=\"492\" data-end=\"515\">Makronenpyramide<\/strong> besteht aus <strong data-start=\"530\" data-end=\"553\">vier Seiten, die<\/strong> einfach ineinander geschoben werden k\u00f6nnen. Dieses geniale System macht sie <g id=\"gid_2\">zerlegbar und leicht transportierbar<\/g>, ideal f\u00fcr Caterer, Konditoren oder Privatpersonen, die \u00c4sthetik und Praktikabilit\u00e4t miteinander verbinden m\u00f6chten. Sie besteht aus <strong data-start=\"792\" data-end=\"816\">robustem Polypropylen<\/strong> <strong data-start=\"837\" data-end=\"864\">und ist sowohl abwaschbar als auch wiederverwendbar<\/strong>, wodurch eine lange Lebensdauer auch nach mehrmaligem Gebrauch gew\u00e4hrleistet ist.  <\/p>\n<p data-start=\"941\" data-end=\"1279\">Mit seinem Fassungsverm\u00f6gen von <strong data-start=\"961\" data-end=\"976\">24 Macarons<\/strong> eignet er sich perfekt f\u00fcr kleine Empf\u00e4nge, Gourmetgeschenke oder auch f\u00fcr Verkostungen im Schaufenster. Ob f\u00fcr eine Hochzeit, einen Geburtstag, ein Bankett oder einfach nur, um Ihre Produkte zu pr\u00e4sentieren, dieser <strong data-start=\"1199\" data-end=\"1221\">Macarons-St\u00e4nder<\/strong> verleiht Ihrer Pr\u00e4sentation einen echten Mehrwert. <\/p>\n<p data-start=\"1281\" data-end=\"1544\">Seine kompakten Abmessungen<strong>(19 x 19 x 19,5 cm<\/strong>) sparen Platz und sorgen gleichzeitig f\u00fcr ein wirkungsvolles und strukturiertes Erscheinungsbild. Bitte beachten Sie, dass die<strong data-start=\"1418\" data-end=\"1440\">Schutzh\u00fclle<\/strong> separat erh\u00e4ltlich ist. So haben Sie die Freiheit, Ihr Display nach Ihren Bed\u00fcrfnissen zu erg\u00e4nzen. <\/p>\n<p data-start=\"1546\" data-end=\"1734\">Wenn Sie sich f\u00fcr diesen <strong data-start=\"1564\" data-end=\"1610\">schokoladenfarbenen Pyramidenst\u00e4nder f\u00fcr Makronen<\/strong> entscheiden, vereinen Sie Eleganz, Praktikabilit\u00e4t und Haltbarkeit, um Ihre s\u00fc\u00dfen Kreationen geschmackvoll und professionell zu pr\u00e4sentieren.<\/p>\n<p data-start=\"1546\" data-end=\"1734\">\n<p data-start=\"1423\" data-end=\"1694\"><!--more--><\/p>\n<h4 data-start=\"1423\" data-end=\"1694\">Vorteile :<\/h4>\n<ul>\n<li data-start=\"1423\" data-end=\"1694\">Elegante und leckere Aufmachung mit schokoladenbrauner Farbe.<\/li>\n<li data-start=\"1423\" data-end=\"1694\">Einfache Montage dank der 4 Seiten zum Aufschieben.<\/li>\n<li data-start=\"1423\" data-end=\"1694\">Leicht <strong data-start=\"1880\" data-end=\"1911\">zerlegbar und transportierbar<\/strong>.<\/li>\n<li data-start=\"1423\" data-end=\"1694\"><strong data-start=\"1927\" data-end=\"1954\">Waschbar und wiederverwendbar<\/strong>, kosteng\u00fcnstig und nachhaltig.<\/li>\n<li data-start=\"1423\" data-end=\"1694\">Ideale Kapazit\u00e4t f\u00fcr <strong data-start=\"2003\" data-end=\"2018\">24 Makronen<\/strong>.<\/li>\n<li data-start=\"1423\" data-end=\"1694\">Geeignet f\u00fcr Bankette, Schaufenster, Geschenke und Empf\u00e4nge.<\/li>\n<\/ul>\n<p>&nbsp;<\/p>\n<p><!--more--><\/p>\n<h4>Weitere Informationen :<\/h4>\n<ul style=\"box-sizing: inherit; font-family: Roboto, sans-serif;\">\n<li><strong>Verpackung<\/strong>: Einzeln<\/li>\n<li><strong>Abmessungen<\/strong>: 190 x 190 x 195 (L x B x H in mm)<\/li>\n<li><strong>Material<\/strong>: Polypropylen<\/li>\n<li><strong>Farbe<\/strong>: Schokolade<\/li>\n<li><strong>Kapazit\u00e4t<\/strong>: 24 Makronen<\/li>\n<\/ul>\n<p>&nbsp;<\/p>\n<p><!--more--><\/p>\n<p>Hier finden Sie das passende Etui f\u00fcr den Pyramidenst\u00e4nder Macarons : <span style=\"color: #d12727;\"><a style=\"color: #d12727;\" href=\"https:\/\/www.csj-emballages.com\/produit\/etuis-pyramide-support-24-macarons-couleur-chocolat\/\">PYRAMIDEMACA<\/a><\/span><\/p>\n<p>&nbsp;<\/p>\n<p><!--more--><\/p>\n<p><a href=\"https:\/\/www.csj-emballages.com\/de\/categorie-produit\/lebensmittelverpackungen\/backerei-und-konditorei\/schachteln-und-etuis\/macarons-schachteln-etuis\/makronenpyramide\/\">Sehen Sie sich den Rest unseres Sortiments an Makronenpyramiden an<\/a><\/p>\n<p>&nbsp;<\/p>\n","protected":false},"excerpt":{"rendered":"<p>Macarons Pyramidenst\u00e4nder Beschreibung unseres Macaron Pyramidenst\u00e4nders f\u00fcr 24 schokoladenfarbene Macarons<\/p>\n","protected":false},"featured_media":242082,"template":"","meta":{"_acf_changed":false},"product_brand":[],"product_cat":[1137,1171,1728,1729],"product_tag":[],"class_list":{"0":"post-17950","1":"product","2":"type-product","3":"status-publish","4":"has-post-thumbnail","6":"product_cat-lebensmittelverpackungen","7":"product_cat-backerei-und-konditorei","8":"product_cat-macarons-schachteln-etuis","9":"product_cat-makronenpyramide","11":"first","12":"outofstock","13":"taxable","14":"shipping-taxable","15":"purchasable","16":"product-type-simple"},"acf":[],"yoast_head":"<!-- This site is optimized with the Yoast SEO Premium plugin v26.6 (Yoast SEO v26.6) - https:\/\/yoast.com\/wordpress\/plugins\/seo\/ -->\n<title>Pyramidenst\u00e4nder Macarons f\u00fcr 24 Macarons Farbe Chocolat<\/title>\n<meta name=\"description\" content=\"Pyramidenst\u00e4nder Macarons 24 St\u00fcck in der Farbe Schokolade, zerlegbar, waschbar und wiederverwendbar. Ideal f\u00fcr Buffets, Empf\u00e4nge, Vitrinen oder Geschenke.\" \/>\n<meta name=\"robots\" content=\"index, follow, max-snippet:-1, max-image-preview:large, max-video-preview:-1\" \/>\n<link rel=\"canonical\" href=\"https:\/\/www.csj-emballages.com\/de\/produit\/pyramidenstaender-fuer-24-schokoladenfarbene-macarons\/\" \/>\n<meta property=\"og:locale\" content=\"de_DE\" \/>\n<meta property=\"og:type\" content=\"article\" \/>\n<meta property=\"og:title\" content=\"Pyramidenst\u00e4nder f\u00fcr 24 schokoladenfarbene Macarons\" \/>\n<meta property=\"og:description\" content=\"Pyramidenst\u00e4nder Macarons 24 St\u00fcck in der Farbe Schokolade, zerlegbar, waschbar und wiederverwendbar. Ideal f\u00fcr Buffets, Empf\u00e4nge, Vitrinen oder Geschenke.\" \/>\n<meta property=\"og:url\" content=\"https:\/\/www.csj-emballages.com\/de\/produit\/pyramidenstaender-fuer-24-schokoladenfarbene-macarons\/\" \/>\n<meta property=\"og:site_name\" content=\"CSJ Emballages\" \/>\n<meta property=\"article:publisher\" content=\"https:\/\/www.facebook.com\/csjemballages\" \/>\n<meta property=\"article:modified_time\" content=\"2026-04-03T00:21:37+00:00\" \/>\n<meta property=\"og:image\" content=\"https:\/\/www.csj-emballages.com\/wp-content\/uploads\/2024\/03\/SUPYRA.webp\" \/>\n\t<meta property=\"og:image:width\" content=\"800\" \/>\n\t<meta property=\"og:image:height\" content=\"800\" \/>\n\t<meta property=\"og:image:type\" content=\"image\/webp\" \/>\n<meta name=\"twitter:card\" content=\"summary_large_image\" \/>\n<meta name=\"twitter:label1\" content=\"Gesch\u00e4tzte Lesezeit\" \/>\n\t<meta name=\"twitter:data1\" content=\"2 Minuten\" \/>\n<script type=\"application\/ld+json\" class=\"yoast-schema-graph\">{\"@context\":\"https:\/\/schema.org\",\"@graph\":[{\"@type\":\"WebPage\",\"@id\":\"https:\/\/www.csj-emballages.com\/de\/produit\/pyramidenstaender-fuer-24-schokoladenfarbene-macarons\/\",\"url\":\"https:\/\/www.csj-emballages.com\/de\/produit\/pyramidenstaender-fuer-24-schokoladenfarbene-macarons\/\",\"name\":\"Pyramidenst\u00e4nder Macarons f\u00fcr 24 Macarons Farbe Chocolat\",\"isPartOf\":{\"@id\":\"https:\/\/www.csj-emballages.com\/de\/#website\"},\"primaryImageOfPage\":{\"@id\":\"https:\/\/www.csj-emballages.com\/de\/produit\/pyramidenstaender-fuer-24-schokoladenfarbene-macarons\/#primaryimage\"},\"image\":{\"@id\":\"https:\/\/www.csj-emballages.com\/de\/produit\/pyramidenstaender-fuer-24-schokoladenfarbene-macarons\/#primaryimage\"},\"thumbnailUrl\":\"https:\/\/www.csj-emballages.com\/wp-content\/uploads\/2024\/03\/SUPYRA.webp\",\"datePublished\":\"2024-03-01T15:47:49+00:00\",\"dateModified\":\"2026-04-03T00:21:37+00:00\",\"description\":\"Pyramidenst\u00e4nder Macarons 24 St\u00fcck in der Farbe Schokolade, zerlegbar, waschbar und wiederverwendbar. Ideal f\u00fcr Buffets, Empf\u00e4nge, Vitrinen oder Geschenke.\",\"breadcrumb\":{\"@id\":\"https:\/\/www.csj-emballages.com\/de\/produit\/pyramidenstaender-fuer-24-schokoladenfarbene-macarons\/#breadcrumb\"},\"inLanguage\":\"de\",\"potentialAction\":[{\"@type\":\"ReadAction\",\"target\":[\"https:\/\/www.csj-emballages.com\/de\/produit\/pyramidenstaender-fuer-24-schokoladenfarbene-macarons\/\"]}]},{\"@type\":\"ImageObject\",\"inLanguage\":\"de\",\"@id\":\"https:\/\/www.csj-emballages.com\/de\/produit\/pyramidenstaender-fuer-24-schokoladenfarbene-macarons\/#primaryimage\",\"url\":\"https:\/\/www.csj-emballages.com\/wp-content\/uploads\/2024\/03\/SUPYRA.webp\",\"contentUrl\":\"https:\/\/www.csj-emballages.com\/wp-content\/uploads\/2024\/03\/SUPYRA.webp\",\"width\":800,\"height\":800,\"caption\":\"Support pyramide macarons\"},{\"@type\":\"BreadcrumbList\",\"@id\":\"https:\/\/www.csj-emballages.com\/de\/produit\/pyramidenstaender-fuer-24-schokoladenfarbene-macarons\/#breadcrumb\",\"itemListElement\":[{\"@type\":\"ListItem\",\"position\":1,\"name\":\"Accueil\",\"item\":\"https:\/\/www.csj-emballages.com\/de\/universum-lebensmittelverpackungen\/\"},{\"@type\":\"ListItem\",\"position\":2,\"name\":\"Shop\",\"item\":\"https:\/\/www.csj-emballages.com\/shop\/\"},{\"@type\":\"ListItem\",\"position\":3,\"name\":\"Pyramidenst\u00e4nder f\u00fcr 24 schokoladenfarbene Macarons\"}]},{\"@type\":\"WebSite\",\"@id\":\"https:\/\/www.csj-emballages.com\/de\/#website\",\"url\":\"https:\/\/www.csj-emballages.com\/de\/\",\"name\":\"CSJ Emballages\",\"description\":\"\",\"publisher\":{\"@id\":\"https:\/\/www.csj-emballages.com\/de\/#organization\"},\"potentialAction\":[{\"@type\":\"SearchAction\",\"target\":{\"@type\":\"EntryPoint\",\"urlTemplate\":\"https:\/\/www.csj-emballages.com\/de\/?s={search_term_string}\"},\"query-input\":{\"@type\":\"PropertyValueSpecification\",\"valueRequired\":true,\"valueName\":\"search_term_string\"}}],\"inLanguage\":\"de\"},{\"@type\":\"Organization\",\"@id\":\"https:\/\/www.csj-emballages.com\/de\/#Organization\/\",\"name\":\"CSJ Emballages\",\"url\":\"https:\/\/www.csj-emballages.com\/de\/\",\"logo\":{\"@type\":\"ImageObject\",\"inLanguage\":\"de\",\"@id\":\"https:\/\/www.csj-emballages.com\/de\/#\/schema\/logo\/image\/\",\"url\":\"https:\/\/www.csj-emballages.com\/wp-content\/uploads\/2023\/10\/logo_csj.webp\",\"contentUrl\":\"https:\/\/www.csj-emballages.com\/wp-content\/uploads\/2023\/10\/logo_csj.webp\",\"width\":250,\"height\":95,\"caption\":\"CSJ Emballages\"},\"image\":{\"@id\":\"https:\/\/www.csj-emballages.com\/de\/#\/schema\/logo\/image\/\"},\"sameAs\":[\"https:\/\/www.facebook.com\/csjemballages\"],\"address\":{\"@type\":\"PostalAddress\",\"streetAddress\":\"ZI La Lechere\",\"addressLocality\":\"Patornay\",\"postalCode\":\"39130\",\"addressCountry\":\"FR\"},\"contactPoint\":[{\"@type\":\"ContactPoint\",\"contactType\":\"Service client\",\"telephone\":\"0384254272\",\"email\":\"contact@csj-emballages.com\"}]}]}<\/script>\n<!-- \/ Yoast SEO Premium plugin. -->","yoast_head_json":{"title":"Pyramidenst\u00e4nder Macarons f\u00fcr 24 Macarons Farbe Chocolat","description":"Pyramidenst\u00e4nder Macarons 24 St\u00fcck in der Farbe Schokolade, zerlegbar, waschbar und wiederverwendbar. Ideal f\u00fcr Buffets, Empf\u00e4nge, Vitrinen oder Geschenke.","robots":{"index":"index","follow":"follow","max-snippet":"max-snippet:-1","max-image-preview":"max-image-preview:large","max-video-preview":"max-video-preview:-1"},"canonical":"https:\/\/www.csj-emballages.com\/de\/produit\/pyramidenstaender-fuer-24-schokoladenfarbene-macarons\/","og_locale":"de_DE","og_type":"article","og_title":"Pyramidenst\u00e4nder f\u00fcr 24 schokoladenfarbene Macarons","og_description":"Pyramidenst\u00e4nder Macarons 24 St\u00fcck in der Farbe Schokolade, zerlegbar, waschbar und wiederverwendbar. Ideal f\u00fcr Buffets, Empf\u00e4nge, Vitrinen oder Geschenke.","og_url":"https:\/\/www.csj-emballages.com\/de\/produit\/pyramidenstaender-fuer-24-schokoladenfarbene-macarons\/","og_site_name":"CSJ Emballages","article_publisher":"https:\/\/www.facebook.com\/csjemballages","article_modified_time":"2026-04-03T00:21:37+00:00","og_image":[{"width":800,"height":800,"url":"https:\/\/www.csj-emballages.com\/wp-content\/uploads\/2024\/03\/SUPYRA.webp","type":"image\/webp"}],"twitter_card":"summary_large_image","twitter_misc":{"Gesch\u00e4tzte Lesezeit":"2 Minuten"},"schema":{"@context":"https:\/\/schema.org","@graph":[{"@type":"WebPage","@id":"https:\/\/www.csj-emballages.com\/de\/produit\/pyramidenstaender-fuer-24-schokoladenfarbene-macarons\/","url":"https:\/\/www.csj-emballages.com\/de\/produit\/pyramidenstaender-fuer-24-schokoladenfarbene-macarons\/","name":"Pyramidenst\u00e4nder Macarons f\u00fcr 24 Macarons Farbe Chocolat","isPartOf":{"@id":"https:\/\/www.csj-emballages.com\/de\/#website"},"primaryImageOfPage":{"@id":"https:\/\/www.csj-emballages.com\/de\/produit\/pyramidenstaender-fuer-24-schokoladenfarbene-macarons\/#primaryimage"},"image":{"@id":"https:\/\/www.csj-emballages.com\/de\/produit\/pyramidenstaender-fuer-24-schokoladenfarbene-macarons\/#primaryimage"},"thumbnailUrl":"https:\/\/www.csj-emballages.com\/wp-content\/uploads\/2024\/03\/SUPYRA.webp","datePublished":"2024-03-01T15:47:49+00:00","dateModified":"2026-04-03T00:21:37+00:00","description":"Pyramidenst\u00e4nder Macarons 24 St\u00fcck in der Farbe Schokolade, zerlegbar, waschbar und wiederverwendbar. Ideal f\u00fcr Buffets, Empf\u00e4nge, Vitrinen oder Geschenke.","breadcrumb":{"@id":"https:\/\/www.csj-emballages.com\/de\/produit\/pyramidenstaender-fuer-24-schokoladenfarbene-macarons\/#breadcrumb"},"inLanguage":"de","potentialAction":[{"@type":"ReadAction","target":["https:\/\/www.csj-emballages.com\/de\/produit\/pyramidenstaender-fuer-24-schokoladenfarbene-macarons\/"]}]},{"@type":"ImageObject","inLanguage":"de","@id":"https:\/\/www.csj-emballages.com\/de\/produit\/pyramidenstaender-fuer-24-schokoladenfarbene-macarons\/#primaryimage","url":"https:\/\/www.csj-emballages.com\/wp-content\/uploads\/2024\/03\/SUPYRA.webp","contentUrl":"https:\/\/www.csj-emballages.com\/wp-content\/uploads\/2024\/03\/SUPYRA.webp","width":800,"height":800,"caption":"Support pyramide macarons"},{"@type":"BreadcrumbList","@id":"https:\/\/www.csj-emballages.com\/de\/produit\/pyramidenstaender-fuer-24-schokoladenfarbene-macarons\/#breadcrumb","itemListElement":[{"@type":"ListItem","position":1,"name":"Accueil","item":"https:\/\/www.csj-emballages.com\/de\/universum-lebensmittelverpackungen\/"},{"@type":"ListItem","position":2,"name":"Shop","item":"https:\/\/www.csj-emballages.com\/shop\/"},{"@type":"ListItem","position":3,"name":"Pyramidenst\u00e4nder f\u00fcr 24 schokoladenfarbene Macarons"}]},{"@type":"WebSite","@id":"https:\/\/www.csj-emballages.com\/de\/#website","url":"https:\/\/www.csj-emballages.com\/de\/","name":"CSJ Emballages","description":"","publisher":{"@id":"https:\/\/www.csj-emballages.com\/de\/#organization"},"potentialAction":[{"@type":"SearchAction","target":{"@type":"EntryPoint","urlTemplate":"https:\/\/www.csj-emballages.com\/de\/?s={search_term_string}"},"query-input":{"@type":"PropertyValueSpecification","valueRequired":true,"valueName":"search_term_string"}}],"inLanguage":"de"},{"@type":"Organization","@id":"https:\/\/www.csj-emballages.com\/de\/#Organization\/","name":"CSJ Emballages","url":"https:\/\/www.csj-emballages.com\/de\/","logo":{"@type":"ImageObject","inLanguage":"de","@id":"https:\/\/www.csj-emballages.com\/de\/#\/schema\/logo\/image\/","url":"https:\/\/www.csj-emballages.com\/wp-content\/uploads\/2023\/10\/logo_csj.webp","contentUrl":"https:\/\/www.csj-emballages.com\/wp-content\/uploads\/2023\/10\/logo_csj.webp","width":250,"height":95,"caption":"CSJ Emballages"},"image":{"@id":"https:\/\/www.csj-emballages.com\/de\/#\/schema\/logo\/image\/"},"sameAs":["https:\/\/www.facebook.com\/csjemballages"],"address":{"@type":"PostalAddress","streetAddress":"ZI La Lechere","addressLocality":"Patornay","postalCode":"39130","addressCountry":"FR"},"contactPoint":[{"@type":"ContactPoint","contactType":"Service client","telephone":"0384254272","email":"contact@csj-emballages.com"}]}]}},"df_price":6.84,"df_sale_price":"","df_regular_price":6.84,"df_image_link":"https:\/\/www.csj-emballages.com\/wp-content\/uploads\/2024\/03\/SUPYRA-300x300.webp","tiered_pricing_type":"fixed","tiered_pricing_fixed_rules":[],"tiered_pricing_percentage_rules":[],"tiered_pricing_minimum":1,"tiered_pricing_roles_data":[],"_links":{"self":[{"href":"https:\/\/www.csj-emballages.com\/de\/wp-json\/wp\/v2\/product\/17950","targetHints":{"allow":["GET"]}}],"collection":[{"href":"https:\/\/www.csj-emballages.com\/de\/wp-json\/wp\/v2\/product"}],"about":[{"href":"https:\/\/www.csj-emballages.com\/de\/wp-json\/wp\/v2\/types\/product"}],"wp:featuredmedia":[{"embeddable":true,"href":"https:\/\/www.csj-emballages.com\/de\/wp-json\/wp\/v2\/media\/242082"}],"wp:attachment":[{"href":"https:\/\/www.csj-emballages.com\/de\/wp-json\/wp\/v2\/media?parent=17950"}],"wp:term":[{"taxonomy":"product_brand","embeddable":true,"href":"https:\/\/www.csj-emballages.com\/de\/wp-json\/wp\/v2\/product_brand?post=17950"},{"taxonomy":"product_cat","embeddable":true,"href":"https:\/\/www.csj-emballages.com\/de\/wp-json\/wp\/v2\/product_cat?post=17950"},{"taxonomy":"product_tag","embeddable":true,"href":"https:\/\/www.csj-emballages.com\/de\/wp-json\/wp\/v2\/product_tag?post=17950"}],"curies":[{"name":"wp","href":"https:\/\/api.w.org\/{rel}","templated":true}]}}