{"id":17941,"date":"2024-03-01T16:48:55","date_gmt":"2024-03-01T15:48:55","guid":{"rendered":"https:\/\/u15jnbdpoq.preview.infomaniak.website\/produit\/100-etuis-fuer-schokoladentafeln-120-x-220-mm\/"},"modified":"2026-05-01T02:15:24","modified_gmt":"2026-05-01T00:15:24","slug":"100-etuis-fuer-schokoladentafeln-120-x-220-mm","status":"publish","type":"product","link":"https:\/\/www.csj-emballages.com\/de\/produit\/100-etuis-fuer-schokoladentafeln-120-x-220-mm\/","title":{"rendered":"Etui Schokoladentafel 120 x 220 mm pro 100"},"content":{"rendered":"<h2>Etui Schokoladentafel<\/h2>\n<hr>\n<h3>Beschreibung unseres Etuis Schokoladentafel 120 x 220 mm pro 100 St\u00fcck<\/h3>\n<p><!--more--><\/p>\n<p data-start=\"93\" data-end=\"577\">Bieten Sie Ihren s\u00fc\u00dfen Kreationen eine sch\u00f6ne Pr\u00e4sentation und Schutz mit diesem <strong data-start=\"185\" data-end=\"235\">Etui f\u00fcr Schokoladentafeln 120 x 220 mm pro 100 St\u00fcck<\/strong>. Es wurde entwickelt, um den Erwartungen von <g id=\"gid_1\">Chocolatiers<\/g> und <g id=\"gid_2\">Konditoren<\/g> gerecht zu werden, und vereint Robustheit und die Aufwertung Ihrer <g id=\"gid_3\">Schokoladentafeln<\/g>. Dank des <strong data-start=\"378\" data-end=\"395\">ZIP-Verschlusses<\/strong> bleiben Ihre <strong>Tafeln<\/strong> perfekt vor Luft, Feuchtigkeit und Au\u00dfenger\u00fcchen gesch\u00fctzt und garantieren so eine <strong data-start=\"516\" data-end=\"542\">bessere Erhaltung<\/strong> ihres Geschmacks und ihrer Textur.  <\/p>\n<p data-start=\"579\" data-end=\"1034\">Diese Verpackung besteht au\u00dfen aus <strong data-start=\"591\" data-end=\"608\">metallisiertem PET<\/strong> (12 Mikron + 100 Mikron) und innen aus <strong data-start=\"656\" data-end=\"668\">wei\u00dfem PE<\/strong>. Sie vereint Widerstandsf\u00e4higkeit und Lebensmittelsicherheit. Ihre glatte Oberfl\u00e4che ist ideal f\u00fcr die Aufnahme Ihrer <g id=\"gid_2\">pers\u00f6nlichen Etiketten<\/g>: Logo, Zusammensetzung oder jedes andere Element, das das Image Ihres Unternehmens verst\u00e4rkt. Denn dieses Detail macht bei der Pr\u00e4sentation den Unterschied.  <\/p>\n<p data-start=\"1036\" data-end=\"1467\">\u00dcber seine Schutzfunktion hinaus bietet dieses <strong>Etui<\/strong> f\u00fcr <strong data-start=\"185\" data-end=\"235\">Schokoladentafeln <\/strong>einen echten Mehrwert f\u00fcr Ihre Tafeln. Sie veredelt Ihre handwerklich hergestellten Rezepte und erf\u00fcllt gleichzeitig die Qualit\u00e4tsstandards, die in der Branche erwartet werden. Sie ist praktisch zu lagern und zu verwenden und eignet sich f\u00fcr verschiedene Schokoladenstile, von klassisch bis kreativ. Da sie zu <strong>100 St\u00fcck<\/strong> verpackt ist, k\u00f6nnen Profis einen <strong data-start=\"1420\" data-end=\"1436\">Vorrat<\/strong> anlegen, der ihrem Produktionsrhythmus entspricht.   <\/p>\n<p data-start=\"1469\" data-end=\"1665\">Alles in allem setzen Sie mit der Wahl dieses <strong>Etuis<\/strong> auf eine Verpackung, die Ihre Kreationen sichert und zu ihrer Hervorhebung beitr\u00e4gt, wobei sie mit einer handwerklichen oder halbindustriellen Produktion kompatibel bleibt.<\/p>\n<p data-start=\"1469\" data-end=\"1665\">\n<p data-start=\"1469\" data-end=\"1665\"><!--more--><\/p>\n<h4 data-start=\"1469\" data-end=\"1665\">Vorteile :<\/h4>\n<ul>\n<li>Dank des ZIP-Verschlusses werden Ihre Tablets besser aufbewahrt.<\/li>\n<li><strong data-start=\"1745\" data-end=\"1767\">Widerstandsf\u00e4higes Material<\/strong>: Metallisiertes PET + wei\u00dfes PE.<\/li>\n<li><strong data-start=\"1799\" data-end=\"1826\">Oberfl\u00e4che<\/strong> mit Ihren Etiketten <strong data-start=\"1799\" data-end=\"1826\">gestaltbar<\/strong>.<\/li>\n<li>Sch\u00fctzt Ihre Tablets vor Luft und Feuchtigkeit.<\/li>\n<li>Verpackt in <strong data-start=\"1920\" data-end=\"1934\">100 Einheiten<\/strong> f\u00fcr eine einfache Verwaltung.<\/li>\n<\/ul>\n<p>&nbsp;<\/p>\n<p><!--more--><\/p>\n<h4>Weitere Informationen :<\/h4>\n<ul>\n<li><strong>Verpackung<\/strong>: Packung mit 100 St\u00fcck<\/li>\n<li><strong>Ma\u00dfe<\/strong>: 120 x 220 mm<\/li>\n<li><strong>Material<\/strong>: Metallisiertes PET + wei\u00dfes PE<\/li>\n<li><strong>Farbe<\/strong>: Kraft \/ Braun<\/li>\n<li><strong>Widerstand<\/strong>: 23 und 90 Mikron<\/li>\n<\/ul>\n<h3><\/h3>\n<p><!--more--><\/p>\n<p><a href=\"\/?product_cat=etuis-tablettes-chocolats\">Sehen Sie sich den Rest unseres Sortiments an Schokoladentafeln-Etuis an<\/a><\/p>\n","protected":false},"excerpt":{"rendered":"<p>Etui Schokoladentafel Beschreibung unseres Etuis Schokoladentafel 120 x 220 mm pro 100 St\u00fcck<\/p>\n","protected":false},"featured_media":242466,"template":"","meta":{"_acf_changed":false},"product_brand":[],"product_cat":[1171,1724,1487],"product_tag":[],"class_list":{"0":"post-17941","1":"product","2":"type-product","3":"status-publish","4":"has-post-thumbnail","6":"product_cat-backerei-und-konditorei","7":"product_cat-etuis-fur-schokoladentafeln","8":"product_cat-boutique-und-geschaft","10":"first","11":"instock","12":"taxable","13":"shipping-taxable","14":"purchasable","15":"product-type-simple"},"acf":[],"yoast_head":"<!-- This site is optimized with the Yoast SEO Premium plugin v26.6 (Yoast SEO v26.6) - https:\/\/yoast.com\/wordpress\/plugins\/seo\/ -->\n<title>Schokoladentafel-H\u00fclle 120 x 220 mm pro 100<\/title>\n<meta name=\"description\" content=\"Etui f\u00fcr Schokoladentafeln 120 x 220 mm mit ZIP-Verschluss. Aus metallisiertem PET und wei\u00dfem PE, ideal zum Schutz und zur Hervorhebung Ihrer handgefertigten Kreationen.\" \/>\n<meta name=\"robots\" content=\"index, follow, max-snippet:-1, max-image-preview:large, max-video-preview:-1\" \/>\n<link rel=\"canonical\" href=\"https:\/\/www.csj-emballages.com\/de\/produit\/100-etuis-fuer-schokoladentafeln-120-x-220-mm\/\" \/>\n<meta property=\"og:locale\" content=\"de_DE\" \/>\n<meta property=\"og:type\" content=\"article\" \/>\n<meta property=\"og:title\" content=\"Etui Schokoladentafel 120 x 220 mm pro 100\" \/>\n<meta property=\"og:description\" content=\"Etui f\u00fcr Schokoladentafeln 120 x 220 mm mit ZIP-Verschluss. Aus metallisiertem PET und wei\u00dfem PE, ideal zum Schutz und zur Hervorhebung Ihrer handgefertigten Kreationen.\" \/>\n<meta property=\"og:url\" content=\"https:\/\/www.csj-emballages.com\/de\/produit\/100-etuis-fuer-schokoladentafeln-120-x-220-mm\/\" \/>\n<meta property=\"og:site_name\" content=\"CSJ Emballages\" \/>\n<meta property=\"article:publisher\" content=\"https:\/\/www.facebook.com\/csjemballages\" \/>\n<meta property=\"article:modified_time\" content=\"2026-05-01T00:15:24+00:00\" \/>\n<meta property=\"og:image\" content=\"https:\/\/www.csj-emballages.com\/wp-content\/uploads\/2024\/03\/STABL120220.webp\" \/>\n\t<meta property=\"og:image:width\" content=\"800\" \/>\n\t<meta property=\"og:image:height\" content=\"800\" \/>\n\t<meta property=\"og:image:type\" content=\"image\/webp\" \/>\n<meta name=\"twitter:card\" content=\"summary_large_image\" \/>\n<meta name=\"twitter:label1\" content=\"Gesch\u00e4tzte Lesezeit\" \/>\n\t<meta name=\"twitter:data1\" content=\"2 Minuten\" \/>\n<script type=\"application\/ld+json\" class=\"yoast-schema-graph\">{\"@context\":\"https:\/\/schema.org\",\"@graph\":[{\"@type\":\"WebPage\",\"@id\":\"https:\/\/www.csj-emballages.com\/de\/produit\/100-etuis-fuer-schokoladentafeln-120-x-220-mm\/\",\"url\":\"https:\/\/www.csj-emballages.com\/de\/produit\/100-etuis-fuer-schokoladentafeln-120-x-220-mm\/\",\"name\":\"Schokoladentafel-H\u00fclle 120 x 220 mm pro 100\",\"isPartOf\":{\"@id\":\"https:\/\/www.csj-emballages.com\/de\/#website\"},\"primaryImageOfPage\":{\"@id\":\"https:\/\/www.csj-emballages.com\/de\/produit\/100-etuis-fuer-schokoladentafeln-120-x-220-mm\/#primaryimage\"},\"image\":{\"@id\":\"https:\/\/www.csj-emballages.com\/de\/produit\/100-etuis-fuer-schokoladentafeln-120-x-220-mm\/#primaryimage\"},\"thumbnailUrl\":\"https:\/\/www.csj-emballages.com\/wp-content\/uploads\/2024\/03\/STABL120220.webp\",\"datePublished\":\"2024-03-01T15:48:55+00:00\",\"dateModified\":\"2026-05-01T00:15:24+00:00\",\"description\":\"Etui f\u00fcr Schokoladentafeln 120 x 220 mm mit ZIP-Verschluss. Aus metallisiertem PET und wei\u00dfem PE, ideal zum Schutz und zur Hervorhebung Ihrer handgefertigten Kreationen.\",\"breadcrumb\":{\"@id\":\"https:\/\/www.csj-emballages.com\/de\/produit\/100-etuis-fuer-schokoladentafeln-120-x-220-mm\/#breadcrumb\"},\"inLanguage\":\"de\",\"potentialAction\":[{\"@type\":\"ReadAction\",\"target\":[\"https:\/\/www.csj-emballages.com\/de\/produit\/100-etuis-fuer-schokoladentafeln-120-x-220-mm\/\"]}]},{\"@type\":\"ImageObject\",\"inLanguage\":\"de\",\"@id\":\"https:\/\/www.csj-emballages.com\/de\/produit\/100-etuis-fuer-schokoladentafeln-120-x-220-mm\/#primaryimage\",\"url\":\"https:\/\/www.csj-emballages.com\/wp-content\/uploads\/2024\/03\/STABL120220.webp\",\"contentUrl\":\"https:\/\/www.csj-emballages.com\/wp-content\/uploads\/2024\/03\/STABL120220.webp\",\"width\":800,\"height\":800,\"caption\":\"\u00c9tui tablette de chocolat\"},{\"@type\":\"BreadcrumbList\",\"@id\":\"https:\/\/www.csj-emballages.com\/de\/produit\/100-etuis-fuer-schokoladentafeln-120-x-220-mm\/#breadcrumb\",\"itemListElement\":[{\"@type\":\"ListItem\",\"position\":1,\"name\":\"Accueil\",\"item\":\"https:\/\/www.csj-emballages.com\/de\/universum-lebensmittelverpackungen\/\"},{\"@type\":\"ListItem\",\"position\":2,\"name\":\"Shop\",\"item\":\"https:\/\/www.csj-emballages.com\/shop\/\"},{\"@type\":\"ListItem\",\"position\":3,\"name\":\"Etui Schokoladentafel 120 x 220 mm pro 100\"}]},{\"@type\":\"WebSite\",\"@id\":\"https:\/\/www.csj-emballages.com\/de\/#website\",\"url\":\"https:\/\/www.csj-emballages.com\/de\/\",\"name\":\"CSJ Emballages\",\"description\":\"\",\"publisher\":{\"@id\":\"https:\/\/www.csj-emballages.com\/de\/#organization\"},\"potentialAction\":[{\"@type\":\"SearchAction\",\"target\":{\"@type\":\"EntryPoint\",\"urlTemplate\":\"https:\/\/www.csj-emballages.com\/de\/?s={search_term_string}\"},\"query-input\":{\"@type\":\"PropertyValueSpecification\",\"valueRequired\":true,\"valueName\":\"search_term_string\"}}],\"inLanguage\":\"de\"},{\"@type\":\"Organization\",\"@id\":\"https:\/\/www.csj-emballages.com\/de\/#Organization\/\",\"name\":\"CSJ Emballages\",\"url\":\"https:\/\/www.csj-emballages.com\/de\/\",\"logo\":{\"@type\":\"ImageObject\",\"inLanguage\":\"de\",\"@id\":\"https:\/\/www.csj-emballages.com\/de\/#\/schema\/logo\/image\/\",\"url\":\"https:\/\/www.csj-emballages.com\/wp-content\/uploads\/2023\/10\/logo_csj.webp\",\"contentUrl\":\"https:\/\/www.csj-emballages.com\/wp-content\/uploads\/2023\/10\/logo_csj.webp\",\"width\":250,\"height\":95,\"caption\":\"CSJ Emballages\"},\"image\":{\"@id\":\"https:\/\/www.csj-emballages.com\/de\/#\/schema\/logo\/image\/\"},\"sameAs\":[\"https:\/\/www.facebook.com\/csjemballages\"],\"address\":{\"@type\":\"PostalAddress\",\"streetAddress\":\"ZI La Lechere\",\"addressLocality\":\"Patornay\",\"postalCode\":\"39130\",\"addressCountry\":\"FR\"},\"contactPoint\":[{\"@type\":\"ContactPoint\",\"contactType\":\"Service client\",\"telephone\":\"0384254272\",\"email\":\"contact@csj-emballages.com\"}]}]}<\/script>\n<!-- \/ Yoast SEO Premium plugin. -->","yoast_head_json":{"title":"Schokoladentafel-H\u00fclle 120 x 220 mm pro 100","description":"Etui f\u00fcr Schokoladentafeln 120 x 220 mm mit ZIP-Verschluss. Aus metallisiertem PET und wei\u00dfem PE, ideal zum Schutz und zur Hervorhebung Ihrer handgefertigten Kreationen.","robots":{"index":"index","follow":"follow","max-snippet":"max-snippet:-1","max-image-preview":"max-image-preview:large","max-video-preview":"max-video-preview:-1"},"canonical":"https:\/\/www.csj-emballages.com\/de\/produit\/100-etuis-fuer-schokoladentafeln-120-x-220-mm\/","og_locale":"de_DE","og_type":"article","og_title":"Etui Schokoladentafel 120 x 220 mm pro 100","og_description":"Etui f\u00fcr Schokoladentafeln 120 x 220 mm mit ZIP-Verschluss. Aus metallisiertem PET und wei\u00dfem PE, ideal zum Schutz und zur Hervorhebung Ihrer handgefertigten Kreationen.","og_url":"https:\/\/www.csj-emballages.com\/de\/produit\/100-etuis-fuer-schokoladentafeln-120-x-220-mm\/","og_site_name":"CSJ Emballages","article_publisher":"https:\/\/www.facebook.com\/csjemballages","article_modified_time":"2026-05-01T00:15:24+00:00","og_image":[{"width":800,"height":800,"url":"https:\/\/www.csj-emballages.com\/wp-content\/uploads\/2024\/03\/STABL120220.webp","type":"image\/webp"}],"twitter_card":"summary_large_image","twitter_misc":{"Gesch\u00e4tzte Lesezeit":"2 Minuten"},"schema":{"@context":"https:\/\/schema.org","@graph":[{"@type":"WebPage","@id":"https:\/\/www.csj-emballages.com\/de\/produit\/100-etuis-fuer-schokoladentafeln-120-x-220-mm\/","url":"https:\/\/www.csj-emballages.com\/de\/produit\/100-etuis-fuer-schokoladentafeln-120-x-220-mm\/","name":"Schokoladentafel-H\u00fclle 120 x 220 mm pro 100","isPartOf":{"@id":"https:\/\/www.csj-emballages.com\/de\/#website"},"primaryImageOfPage":{"@id":"https:\/\/www.csj-emballages.com\/de\/produit\/100-etuis-fuer-schokoladentafeln-120-x-220-mm\/#primaryimage"},"image":{"@id":"https:\/\/www.csj-emballages.com\/de\/produit\/100-etuis-fuer-schokoladentafeln-120-x-220-mm\/#primaryimage"},"thumbnailUrl":"https:\/\/www.csj-emballages.com\/wp-content\/uploads\/2024\/03\/STABL120220.webp","datePublished":"2024-03-01T15:48:55+00:00","dateModified":"2026-05-01T00:15:24+00:00","description":"Etui f\u00fcr Schokoladentafeln 120 x 220 mm mit ZIP-Verschluss. Aus metallisiertem PET und wei\u00dfem PE, ideal zum Schutz und zur Hervorhebung Ihrer handgefertigten Kreationen.","breadcrumb":{"@id":"https:\/\/www.csj-emballages.com\/de\/produit\/100-etuis-fuer-schokoladentafeln-120-x-220-mm\/#breadcrumb"},"inLanguage":"de","potentialAction":[{"@type":"ReadAction","target":["https:\/\/www.csj-emballages.com\/de\/produit\/100-etuis-fuer-schokoladentafeln-120-x-220-mm\/"]}]},{"@type":"ImageObject","inLanguage":"de","@id":"https:\/\/www.csj-emballages.com\/de\/produit\/100-etuis-fuer-schokoladentafeln-120-x-220-mm\/#primaryimage","url":"https:\/\/www.csj-emballages.com\/wp-content\/uploads\/2024\/03\/STABL120220.webp","contentUrl":"https:\/\/www.csj-emballages.com\/wp-content\/uploads\/2024\/03\/STABL120220.webp","width":800,"height":800,"caption":"\u00c9tui tablette de chocolat"},{"@type":"BreadcrumbList","@id":"https:\/\/www.csj-emballages.com\/de\/produit\/100-etuis-fuer-schokoladentafeln-120-x-220-mm\/#breadcrumb","itemListElement":[{"@type":"ListItem","position":1,"name":"Accueil","item":"https:\/\/www.csj-emballages.com\/de\/universum-lebensmittelverpackungen\/"},{"@type":"ListItem","position":2,"name":"Shop","item":"https:\/\/www.csj-emballages.com\/shop\/"},{"@type":"ListItem","position":3,"name":"Etui Schokoladentafel 120 x 220 mm pro 100"}]},{"@type":"WebSite","@id":"https:\/\/www.csj-emballages.com\/de\/#website","url":"https:\/\/www.csj-emballages.com\/de\/","name":"CSJ Emballages","description":"","publisher":{"@id":"https:\/\/www.csj-emballages.com\/de\/#organization"},"potentialAction":[{"@type":"SearchAction","target":{"@type":"EntryPoint","urlTemplate":"https:\/\/www.csj-emballages.com\/de\/?s={search_term_string}"},"query-input":{"@type":"PropertyValueSpecification","valueRequired":true,"valueName":"search_term_string"}}],"inLanguage":"de"},{"@type":"Organization","@id":"https:\/\/www.csj-emballages.com\/de\/#Organization\/","name":"CSJ Emballages","url":"https:\/\/www.csj-emballages.com\/de\/","logo":{"@type":"ImageObject","inLanguage":"de","@id":"https:\/\/www.csj-emballages.com\/de\/#\/schema\/logo\/image\/","url":"https:\/\/www.csj-emballages.com\/wp-content\/uploads\/2023\/10\/logo_csj.webp","contentUrl":"https:\/\/www.csj-emballages.com\/wp-content\/uploads\/2023\/10\/logo_csj.webp","width":250,"height":95,"caption":"CSJ Emballages"},"image":{"@id":"https:\/\/www.csj-emballages.com\/de\/#\/schema\/logo\/image\/"},"sameAs":["https:\/\/www.facebook.com\/csjemballages"],"address":{"@type":"PostalAddress","streetAddress":"ZI La Lechere","addressLocality":"Patornay","postalCode":"39130","addressCountry":"FR"},"contactPoint":[{"@type":"ContactPoint","contactType":"Service client","telephone":"0384254272","email":"contact@csj-emballages.com"}]}]}},"df_price":27.6,"df_sale_price":"","df_regular_price":27.6,"df_image_link":"https:\/\/www.csj-emballages.com\/wp-content\/uploads\/2024\/03\/STABL120220-300x300.webp","tiered_pricing_type":"fixed","tiered_pricing_fixed_rules":[],"tiered_pricing_percentage_rules":[],"tiered_pricing_minimum":1,"tiered_pricing_roles_data":[],"_links":{"self":[{"href":"https:\/\/www.csj-emballages.com\/de\/wp-json\/wp\/v2\/product\/17941","targetHints":{"allow":["GET"]}}],"collection":[{"href":"https:\/\/www.csj-emballages.com\/de\/wp-json\/wp\/v2\/product"}],"about":[{"href":"https:\/\/www.csj-emballages.com\/de\/wp-json\/wp\/v2\/types\/product"}],"wp:featuredmedia":[{"embeddable":true,"href":"https:\/\/www.csj-emballages.com\/de\/wp-json\/wp\/v2\/media\/242466"}],"wp:attachment":[{"href":"https:\/\/www.csj-emballages.com\/de\/wp-json\/wp\/v2\/media?parent=17941"}],"wp:term":[{"taxonomy":"product_brand","embeddable":true,"href":"https:\/\/www.csj-emballages.com\/de\/wp-json\/wp\/v2\/product_brand?post=17941"},{"taxonomy":"product_cat","embeddable":true,"href":"https:\/\/www.csj-emballages.com\/de\/wp-json\/wp\/v2\/product_cat?post=17941"},{"taxonomy":"product_tag","embeddable":true,"href":"https:\/\/www.csj-emballages.com\/de\/wp-json\/wp\/v2\/product_tag?post=17941"}],"curies":[{"name":"wp","href":"https:\/\/api.w.org\/{rel}","templated":true}]}}