{"id":17900,"date":"2024-03-01T16:48:56","date_gmt":"2024-03-01T15:48:56","guid":{"rendered":"https:\/\/u15jnbdpoq.preview.infomaniak.website\/produit\/50-servietten-merry-christmas-mikrogepraegt-40-x-40-cm\/"},"modified":"2026-04-03T02:21:25","modified_gmt":"2026-04-03T00:21:25","slug":"50-servietten-merry-christmas-mikrogepraegt-40-x-40-cm","status":"publish","type":"product","link":"https:\/\/www.csj-emballages.com\/de\/produit\/50-servietten-merry-christmas-mikrogepraegt-40-x-40-cm\/","title":{"rendered":"Serviette Weihnachten Merry Christmas Mikro Pr\u00e4gedruck 40 x 40 cm pro 50"},"content":{"rendered":"<h2 style=\"font-family: Roboto, sans-serif;\">Serviette Weihnachten<\/h2>\n<hr>\n<h3 style=\"font-family: Roboto, sans-serif;\"><span style=\"font-weight: bold;\">Entdecken Sie unsere Weihnachtsserviette Merry Christmas mikrogepr\u00e4gt 40 x 40 cm, 50 St\u00fcck<\/span><\/h3>\n<p><!--more--><\/p>\n<p data-start=\"234\" data-end=\"538\">Schaffen Sie eine warme, festliche Atmosph\u00e4re auf Ihren Tischen mit dieser <strong>Weihnachtsserviette<\/strong> aus <strong>rotem<\/strong> Stoff, verziert mit der eleganten Botschaft \u201e<strong>Merry Christmas<\/strong>\u201c in goldener Ausf\u00fchrung. Das sorgf\u00e4ltige Design, kombiniert mit zarten Sternmotiven, verleiht Ihren Festtagsmahlzeiten zum Jahresende sofort einen Hauch von Magie und Raffinesse. <\/p>\n<p data-start=\"540\" data-end=\"919\">Der Kontrast zwischen dem intensiven <strong>Rot<\/strong> und den <strong>goldenen<\/strong> Drucken verleiht dieser Serviette eine hochwertige Optik \u2013 ideal, um Ihre Weihnachtstafeln, Buffets oder festlichen Events aufzuwerten. Ob f\u00fcr den professionellen Einsatz in der Gastronomie oder f\u00fcr eine private Feier: Sie tr\u00e4gt ma\u00dfgeblich zum Kundenerlebnis bei, indem sie selbst die kleinsten Details Ihrer Dekoration perfektioniert. <\/p>\n<p data-start=\"921\" data-end=\"1272\">Aus hochwertigem <strong>Stoff<\/strong> gefertigt, vereint diese <strong>Serviette<\/strong> \u00c4sthetik und Praktikabilit\u00e4t. Angenehm weich, bietet sie w\u00e4hrend der gesamten Mahlzeit eine gute Strapazierf\u00e4higkeit und eignet sich sowohl f\u00fcr den t\u00e4glichen Einsatz in der Festzeit als auch f\u00fcr besondere Anl\u00e4sse. Sie f\u00fcgt sich m\u00fchelos in jeden Dekorationsstil ein: traditionell, modern oder chic.  <\/p>\n<p data-start=\"921\" data-end=\"1272\">\n<p data-start=\"488\" data-end=\"737\"><!--more--><\/p>\n<h4 data-start=\"488\" data-end=\"737\">Vorteile :<\/h4>\n<ul>\n<li data-section-id=\"1xmu2zl\" data-start=\"1869\" data-end=\"1916\">Festliches Design in <strong>Rot und Gold<\/strong>, sehr attraktiv<\/li>\n<li data-section-id=\"ml7hda\" data-start=\"1917\" data-end=\"1970\">Elegante, moderne Aufschrift \u201e<strong>Merry Christmas<\/strong>\u201c<\/li>\n<li data-section-id=\"15ofl6j\" data-start=\"1971\" data-end=\"2030\">Sternmotive f\u00fcr eine magische, warme Atmosph\u00e4re<\/li>\n<li data-section-id=\"odqflm\" data-start=\"2031\" data-end=\"2079\">Robuster Stoff, angenehm in der Anwendung<\/li>\n<li data-section-id=\"cg11ot\" data-start=\"2080\" data-end=\"2121\">Perfekt f\u00fcr die Feiertage zum Jahresende<\/li>\n<li data-section-id=\"dl95ha\" data-start=\"2122\" data-end=\"2172\">Geeignet f\u00fcr den professionellen oder privaten Einsatz<\/li>\n<\/ul>\n<p data-start=\"488\" data-end=\"737\">\n<p data-start=\"488\" data-end=\"737\"><!--more--><\/p>\n<h4>Weitere Informationen :<\/h4>\n<div style=\"font-family: Roboto, sans-serif;\">\n<ul>\n<li><strong>Verpackung<\/strong>: Packung mit 50 St\u00fcck<\/li>\n<li><strong>Abmessungen<\/strong>: 40 x 40 cm<\/li>\n<li><strong>Material<\/strong>: Stoff<\/li>\n<li><strong>Grammatur<\/strong>: 18 g\/m\u00b2<\/li>\n<li><strong>Farbe<\/strong>: Rot \/ Gold<\/li>\n<\/ul>\n<p>&nbsp;<\/p>\n<\/div>\n<p><!--more--><\/p>\n<p><a href=\"https:\/\/www.csj-emballages.com\/de\/categorie-produit\/lebensmittelverpackungen\/restauration-de\/servietten-tischsets-tischdecken\/handtucher\/2-lagige-servietten-mit-mikropragung\/\">Sehen Sie sich den Rest unseres Sortiments an mikrogepr\u00e4gten 2-lagigen Servietten an<\/a><\/p>\n","protected":false},"excerpt":{"rendered":"<p>Serviette Weihnachten Entdecken Sie unsere Weihnachtsserviette Merry Christmas mikrogepr\u00e4gt 40 x 40 cm, 50 St\u00fcck<\/p>\n","protected":false},"featured_media":276009,"template":"","meta":{"_acf_changed":false},"product_brand":[],"product_cat":[1137,1134,1135,1251,1253],"product_tag":[],"class_list":{"0":"post-17900","1":"product","2":"type-product","3":"status-publish","4":"has-post-thumbnail","6":"product_cat-lebensmittelverpackungen","7":"product_cat-restauration-de","8":"product_cat-servietten-tischsets-tischdecken","9":"product_cat-handtucher","10":"product_cat-2-lagige-servietten-mit-mikropragung","12":"first","13":"instock","14":"taxable","15":"shipping-taxable","16":"purchasable","17":"product-type-simple"},"acf":[],"yoast_head":"<!-- This site is optimized with the Yoast SEO Premium plugin v26.6 (Yoast SEO v26.6) - https:\/\/yoast.com\/wordpress\/plugins\/seo\/ -->\n<title>Weihnachtsserviette Merry Christmas mikrogepr\u00e4gt 40 x 40 cm, 50 St\u00fcck<\/title>\n<meta name=\"description\" content=\"Rote Stoff-Weihnachtsserviette \u201eMerry Christmas\u201c mit goldenen Motiven. Ideal f\u00fcr Festtafeln, Restaurants und Events. Elegant, robust und festlich.\" \/>\n<meta name=\"robots\" content=\"index, follow, max-snippet:-1, max-image-preview:large, max-video-preview:-1\" \/>\n<link rel=\"canonical\" href=\"https:\/\/www.csj-emballages.com\/de\/produit\/50-servietten-merry-christmas-mikrogepraegt-40-x-40-cm\/\" \/>\n<meta property=\"og:locale\" content=\"de_DE\" \/>\n<meta property=\"og:type\" content=\"article\" \/>\n<meta property=\"og:title\" content=\"Serviette Weihnachten Merry Christmas Mikro Pr\u00e4gedruck 40 x 40 cm pro 50\" \/>\n<meta property=\"og:description\" content=\"Rote Stoff-Weihnachtsserviette \u201eMerry Christmas\u201c mit goldenen Motiven. Ideal f\u00fcr Festtafeln, Restaurants und Events. Elegant, robust und festlich.\" \/>\n<meta property=\"og:url\" content=\"https:\/\/www.csj-emballages.com\/de\/produit\/50-servietten-merry-christmas-mikrogepraegt-40-x-40-cm\/\" \/>\n<meta property=\"og:site_name\" content=\"CSJ Emballages\" \/>\n<meta property=\"article:publisher\" content=\"https:\/\/www.facebook.com\/csjemballages\" \/>\n<meta property=\"article:modified_time\" content=\"2026-04-03T00:21:25+00:00\" \/>\n<meta property=\"og:image\" content=\"https:\/\/www.csj-emballages.com\/wp-content\/uploads\/2024\/03\/18988.webp\" \/>\n\t<meta property=\"og:image:width\" content=\"800\" \/>\n\t<meta property=\"og:image:height\" content=\"800\" \/>\n\t<meta property=\"og:image:type\" content=\"image\/webp\" \/>\n<meta name=\"twitter:card\" content=\"summary_large_image\" \/>\n<meta name=\"twitter:label1\" content=\"Gesch\u00e4tzte Lesezeit\" \/>\n\t<meta name=\"twitter:data1\" content=\"1\u00a0Minute\" \/>\n<script type=\"application\/ld+json\" class=\"yoast-schema-graph\">{\"@context\":\"https:\/\/schema.org\",\"@graph\":[{\"@type\":\"WebPage\",\"@id\":\"https:\/\/www.csj-emballages.com\/de\/produit\/50-servietten-merry-christmas-mikrogepraegt-40-x-40-cm\/\",\"url\":\"https:\/\/www.csj-emballages.com\/de\/produit\/50-servietten-merry-christmas-mikrogepraegt-40-x-40-cm\/\",\"name\":\"Weihnachtsserviette Merry Christmas mikrogepr\u00e4gt 40 x 40 cm, 50 St\u00fcck\",\"isPartOf\":{\"@id\":\"https:\/\/www.csj-emballages.com\/de\/#website\"},\"primaryImageOfPage\":{\"@id\":\"https:\/\/www.csj-emballages.com\/de\/produit\/50-servietten-merry-christmas-mikrogepraegt-40-x-40-cm\/#primaryimage\"},\"image\":{\"@id\":\"https:\/\/www.csj-emballages.com\/de\/produit\/50-servietten-merry-christmas-mikrogepraegt-40-x-40-cm\/#primaryimage\"},\"thumbnailUrl\":\"https:\/\/www.csj-emballages.com\/wp-content\/uploads\/2024\/03\/18988.webp\",\"datePublished\":\"2024-03-01T15:48:56+00:00\",\"dateModified\":\"2026-04-03T00:21:25+00:00\",\"description\":\"Rote Stoff-Weihnachtsserviette \u201eMerry Christmas\u201c mit goldenen Motiven. Ideal f\u00fcr Festtafeln, Restaurants und Events. Elegant, robust und festlich.\",\"breadcrumb\":{\"@id\":\"https:\/\/www.csj-emballages.com\/de\/produit\/50-servietten-merry-christmas-mikrogepraegt-40-x-40-cm\/#breadcrumb\"},\"inLanguage\":\"de\",\"potentialAction\":[{\"@type\":\"ReadAction\",\"target\":[\"https:\/\/www.csj-emballages.com\/de\/produit\/50-servietten-merry-christmas-mikrogepraegt-40-x-40-cm\/\"]}]},{\"@type\":\"ImageObject\",\"inLanguage\":\"de\",\"@id\":\"https:\/\/www.csj-emballages.com\/de\/produit\/50-servietten-merry-christmas-mikrogepraegt-40-x-40-cm\/#primaryimage\",\"url\":\"https:\/\/www.csj-emballages.com\/wp-content\/uploads\/2024\/03\/18988.webp\",\"contentUrl\":\"https:\/\/www.csj-emballages.com\/wp-content\/uploads\/2024\/03\/18988.webp\",\"width\":800,\"height\":800},{\"@type\":\"BreadcrumbList\",\"@id\":\"https:\/\/www.csj-emballages.com\/de\/produit\/50-servietten-merry-christmas-mikrogepraegt-40-x-40-cm\/#breadcrumb\",\"itemListElement\":[{\"@type\":\"ListItem\",\"position\":1,\"name\":\"Accueil\",\"item\":\"https:\/\/www.csj-emballages.com\/de\/universum-lebensmittelverpackungen\/\"},{\"@type\":\"ListItem\",\"position\":2,\"name\":\"Shop\",\"item\":\"https:\/\/www.csj-emballages.com\/shop\/\"},{\"@type\":\"ListItem\",\"position\":3,\"name\":\"Serviette Weihnachten Merry Christmas Mikro Pr\u00e4gedruck 40 x 40 cm pro 50\"}]},{\"@type\":\"WebSite\",\"@id\":\"https:\/\/www.csj-emballages.com\/de\/#website\",\"url\":\"https:\/\/www.csj-emballages.com\/de\/\",\"name\":\"CSJ Emballages\",\"description\":\"\",\"publisher\":{\"@id\":\"https:\/\/www.csj-emballages.com\/de\/#organization\"},\"potentialAction\":[{\"@type\":\"SearchAction\",\"target\":{\"@type\":\"EntryPoint\",\"urlTemplate\":\"https:\/\/www.csj-emballages.com\/de\/?s={search_term_string}\"},\"query-input\":{\"@type\":\"PropertyValueSpecification\",\"valueRequired\":true,\"valueName\":\"search_term_string\"}}],\"inLanguage\":\"de\"},{\"@type\":\"Organization\",\"@id\":\"https:\/\/www.csj-emballages.com\/de\/#Organization\/\",\"name\":\"CSJ Emballages\",\"url\":\"https:\/\/www.csj-emballages.com\/de\/\",\"logo\":{\"@type\":\"ImageObject\",\"inLanguage\":\"de\",\"@id\":\"https:\/\/www.csj-emballages.com\/de\/#\/schema\/logo\/image\/\",\"url\":\"https:\/\/www.csj-emballages.com\/wp-content\/uploads\/2023\/10\/logo_csj.webp\",\"contentUrl\":\"https:\/\/www.csj-emballages.com\/wp-content\/uploads\/2023\/10\/logo_csj.webp\",\"width\":250,\"height\":95,\"caption\":\"CSJ Emballages\"},\"image\":{\"@id\":\"https:\/\/www.csj-emballages.com\/de\/#\/schema\/logo\/image\/\"},\"sameAs\":[\"https:\/\/www.facebook.com\/csjemballages\"],\"address\":{\"@type\":\"PostalAddress\",\"streetAddress\":\"ZI La Lechere\",\"addressLocality\":\"Patornay\",\"postalCode\":\"39130\",\"addressCountry\":\"FR\"},\"contactPoint\":[{\"@type\":\"ContactPoint\",\"contactType\":\"Service client\",\"telephone\":\"0384254272\",\"email\":\"contact@csj-emballages.com\"}]}]}<\/script>\n<!-- \/ Yoast SEO Premium plugin. -->","yoast_head_json":{"title":"Weihnachtsserviette Merry Christmas mikrogepr\u00e4gt 40 x 40 cm, 50 St\u00fcck","description":"Rote Stoff-Weihnachtsserviette \u201eMerry Christmas\u201c mit goldenen Motiven. Ideal f\u00fcr Festtafeln, Restaurants und Events. Elegant, robust und festlich.","robots":{"index":"index","follow":"follow","max-snippet":"max-snippet:-1","max-image-preview":"max-image-preview:large","max-video-preview":"max-video-preview:-1"},"canonical":"https:\/\/www.csj-emballages.com\/de\/produit\/50-servietten-merry-christmas-mikrogepraegt-40-x-40-cm\/","og_locale":"de_DE","og_type":"article","og_title":"Serviette Weihnachten Merry Christmas Mikro Pr\u00e4gedruck 40 x 40 cm pro 50","og_description":"Rote Stoff-Weihnachtsserviette \u201eMerry Christmas\u201c mit goldenen Motiven. Ideal f\u00fcr Festtafeln, Restaurants und Events. Elegant, robust und festlich.","og_url":"https:\/\/www.csj-emballages.com\/de\/produit\/50-servietten-merry-christmas-mikrogepraegt-40-x-40-cm\/","og_site_name":"CSJ Emballages","article_publisher":"https:\/\/www.facebook.com\/csjemballages","article_modified_time":"2026-04-03T00:21:25+00:00","og_image":[{"width":800,"height":800,"url":"https:\/\/www.csj-emballages.com\/wp-content\/uploads\/2024\/03\/18988.webp","type":"image\/webp"}],"twitter_card":"summary_large_image","twitter_misc":{"Gesch\u00e4tzte Lesezeit":"1\u00a0Minute"},"schema":{"@context":"https:\/\/schema.org","@graph":[{"@type":"WebPage","@id":"https:\/\/www.csj-emballages.com\/de\/produit\/50-servietten-merry-christmas-mikrogepraegt-40-x-40-cm\/","url":"https:\/\/www.csj-emballages.com\/de\/produit\/50-servietten-merry-christmas-mikrogepraegt-40-x-40-cm\/","name":"Weihnachtsserviette Merry Christmas mikrogepr\u00e4gt 40 x 40 cm, 50 St\u00fcck","isPartOf":{"@id":"https:\/\/www.csj-emballages.com\/de\/#website"},"primaryImageOfPage":{"@id":"https:\/\/www.csj-emballages.com\/de\/produit\/50-servietten-merry-christmas-mikrogepraegt-40-x-40-cm\/#primaryimage"},"image":{"@id":"https:\/\/www.csj-emballages.com\/de\/produit\/50-servietten-merry-christmas-mikrogepraegt-40-x-40-cm\/#primaryimage"},"thumbnailUrl":"https:\/\/www.csj-emballages.com\/wp-content\/uploads\/2024\/03\/18988.webp","datePublished":"2024-03-01T15:48:56+00:00","dateModified":"2026-04-03T00:21:25+00:00","description":"Rote Stoff-Weihnachtsserviette \u201eMerry Christmas\u201c mit goldenen Motiven. Ideal f\u00fcr Festtafeln, Restaurants und Events. Elegant, robust und festlich.","breadcrumb":{"@id":"https:\/\/www.csj-emballages.com\/de\/produit\/50-servietten-merry-christmas-mikrogepraegt-40-x-40-cm\/#breadcrumb"},"inLanguage":"de","potentialAction":[{"@type":"ReadAction","target":["https:\/\/www.csj-emballages.com\/de\/produit\/50-servietten-merry-christmas-mikrogepraegt-40-x-40-cm\/"]}]},{"@type":"ImageObject","inLanguage":"de","@id":"https:\/\/www.csj-emballages.com\/de\/produit\/50-servietten-merry-christmas-mikrogepraegt-40-x-40-cm\/#primaryimage","url":"https:\/\/www.csj-emballages.com\/wp-content\/uploads\/2024\/03\/18988.webp","contentUrl":"https:\/\/www.csj-emballages.com\/wp-content\/uploads\/2024\/03\/18988.webp","width":800,"height":800},{"@type":"BreadcrumbList","@id":"https:\/\/www.csj-emballages.com\/de\/produit\/50-servietten-merry-christmas-mikrogepraegt-40-x-40-cm\/#breadcrumb","itemListElement":[{"@type":"ListItem","position":1,"name":"Accueil","item":"https:\/\/www.csj-emballages.com\/de\/universum-lebensmittelverpackungen\/"},{"@type":"ListItem","position":2,"name":"Shop","item":"https:\/\/www.csj-emballages.com\/shop\/"},{"@type":"ListItem","position":3,"name":"Serviette Weihnachten Merry Christmas Mikro Pr\u00e4gedruck 40 x 40 cm pro 50"}]},{"@type":"WebSite","@id":"https:\/\/www.csj-emballages.com\/de\/#website","url":"https:\/\/www.csj-emballages.com\/de\/","name":"CSJ Emballages","description":"","publisher":{"@id":"https:\/\/www.csj-emballages.com\/de\/#organization"},"potentialAction":[{"@type":"SearchAction","target":{"@type":"EntryPoint","urlTemplate":"https:\/\/www.csj-emballages.com\/de\/?s={search_term_string}"},"query-input":{"@type":"PropertyValueSpecification","valueRequired":true,"valueName":"search_term_string"}}],"inLanguage":"de"},{"@type":"Organization","@id":"https:\/\/www.csj-emballages.com\/de\/#Organization\/","name":"CSJ Emballages","url":"https:\/\/www.csj-emballages.com\/de\/","logo":{"@type":"ImageObject","inLanguage":"de","@id":"https:\/\/www.csj-emballages.com\/de\/#\/schema\/logo\/image\/","url":"https:\/\/www.csj-emballages.com\/wp-content\/uploads\/2023\/10\/logo_csj.webp","contentUrl":"https:\/\/www.csj-emballages.com\/wp-content\/uploads\/2023\/10\/logo_csj.webp","width":250,"height":95,"caption":"CSJ Emballages"},"image":{"@id":"https:\/\/www.csj-emballages.com\/de\/#\/schema\/logo\/image\/"},"sameAs":["https:\/\/www.facebook.com\/csjemballages"],"address":{"@type":"PostalAddress","streetAddress":"ZI La Lechere","addressLocality":"Patornay","postalCode":"39130","addressCountry":"FR"},"contactPoint":[{"@type":"ContactPoint","contactType":"Service client","telephone":"0384254272","email":"contact@csj-emballages.com"}]}]}},"df_price":2.93,"df_sale_price":"","df_regular_price":2.93,"df_image_link":"https:\/\/www.csj-emballages.com\/wp-content\/uploads\/2024\/03\/18988-300x300.webp","tiered_pricing_type":"fixed","tiered_pricing_fixed_rules":[],"tiered_pricing_percentage_rules":[],"tiered_pricing_minimum":1,"tiered_pricing_roles_data":[],"_links":{"self":[{"href":"https:\/\/www.csj-emballages.com\/de\/wp-json\/wp\/v2\/product\/17900","targetHints":{"allow":["GET"]}}],"collection":[{"href":"https:\/\/www.csj-emballages.com\/de\/wp-json\/wp\/v2\/product"}],"about":[{"href":"https:\/\/www.csj-emballages.com\/de\/wp-json\/wp\/v2\/types\/product"}],"wp:featuredmedia":[{"embeddable":true,"href":"https:\/\/www.csj-emballages.com\/de\/wp-json\/wp\/v2\/media\/276009"}],"wp:attachment":[{"href":"https:\/\/www.csj-emballages.com\/de\/wp-json\/wp\/v2\/media?parent=17900"}],"wp:term":[{"taxonomy":"product_brand","embeddable":true,"href":"https:\/\/www.csj-emballages.com\/de\/wp-json\/wp\/v2\/product_brand?post=17900"},{"taxonomy":"product_cat","embeddable":true,"href":"https:\/\/www.csj-emballages.com\/de\/wp-json\/wp\/v2\/product_cat?post=17900"},{"taxonomy":"product_tag","embeddable":true,"href":"https:\/\/www.csj-emballages.com\/de\/wp-json\/wp\/v2\/product_tag?post=17900"}],"curies":[{"name":"wp","href":"https:\/\/api.w.org\/{rel}","templated":true}]}}