{"id":17893,"date":"2024-03-01T16:48:55","date_gmt":"2024-03-01T15:48:55","guid":{"rendered":"https:\/\/u15jnbdpoq.preview.infomaniak.website\/produit\/50-servietten-weihnachten-winter-micros-gepraegt-40-x-40-cm\/"},"modified":"2026-03-12T16:43:52","modified_gmt":"2026-03-12T15:43:52","slug":"50-servietten-weihnachten-winter-micros-gepraegt-40-x-40-cm","status":"publish","type":"product","link":"https:\/\/www.csj-emballages.com\/de\/produit\/50-servietten-weihnachten-winter-micros-gepraegt-40-x-40-cm\/","title":{"rendered":"Serviette Weihnachten Winter micros gepr\u00e4gt 40 x 40 cm pro 50"},"content":{"rendered":"<h2>Serviette Weihnachten<\/h2>\n<hr>\n<h3><span style=\"font-weight: bold;\">Entdecken Sie unsere Servietten Weihnachten Winter micros gepr\u00e4gt 40 x 40 cm pro 50<\/span><\/h3>\n<p><!--more--><\/p>\n<div class=\"flex max-w-full flex-col flex-grow\">\n<div class=\"min-h-8 text-message flex w-full flex-col items-end gap-2 whitespace-normal break-words text-start [.text-message+&amp;]:mt-5\" dir=\"auto\" data-message-author-role=\"assistant\" data-message-id=\"9b149096-222c-4804-b25c-623d8d364029\" data-message-model-slug=\"gpt-4o-mini\">\n<div class=\"flex w-full flex-col gap-1 empty:hidden first:pt-[3px]\">\n<div class=\"markdown prose w-full break-words dark:prose-invert dark\">\n<p data-start=\"109\" data-end=\"570\">Bereiten Sie Ihre Festtagstafeln elegant vor mit den <strong data-start=\"162\" data-end=\"222\">Servietten No\u00ebl Winter micros gaufr\u00e9es 40 x 40 cm \u00e0 50 St\u00fcck.<\/strong> Diese Servietten wurden f\u00fcr Restaurants und Cateringfirmen, aber auch f\u00fcr Privatpersonen, die Wert auf Tischkultur legen, entworfen und verleihen Ihren Mahlzeiten sofort eine warme und raffinierte Atmosph\u00e4re. Ihr winterliches Design mit zarten Motiven erinnert an den Zauber der Weihnachtszeit und verwandelt einen einfachen Tisch in ein einladendes und geselliges Dekor.  <\/p>\n<p data-start=\"572\" data-end=\"1072\">Diese <strong data-start=\"576\" data-end=\"598\">Weihnachtsservietten<\/strong> im gro\u00dfz\u00fcgigen Format von <strong>40 x 40 cm<\/strong> zeichnen sich durch ihre <strong data-start=\"664\" data-end=\"682\">mikrogepr\u00e4gte<\/strong> Textur aus, die sowohl Komfort als auch Strapazierf\u00e4higkeit garantiert. Sie f\u00fchlen sich angenehm an, sind saugf\u00e4hig und robust genug, um eine ganze Mahlzeit zu \u00fcberstehen, sei es ein Gourmet-Dinner, ein festliches Buffet oder ein Familienessen. Dank ihrer sorgf\u00e4ltigen Verarbeitung lassen sie sich leicht zusammenfalten und passen zu all Ihren Tischpr\u00e4sentationen.  <\/p>\n<p data-start=\"1074\" data-end=\"1408\">Ebenso bieten diese <strong data-start=\"1100\" data-end=\"1121\">Winter-Servietten<\/strong> in einer Packung mit 50 St\u00fcck ein hervorragendes Preis-Leistungs-Verh\u00e4ltnis, sodass Sie mehrere Tische oder Abteilungen abdecken k\u00f6nnen, ohne Kompromisse bei der \u00c4sthetik eingehen zu m\u00fcssen.<\/p>\n<p data-start=\"1410\" data-end=\"1663\">Denn mit diesen <strong data-start=\"1429\" data-end=\"1466\">Servietten Weihnachten Winter 40 x 40 cm<\/strong> setzen Sie auf Praktikabilit\u00e4t und Eleganz. Sie eignen sich perfekt, um Ihre G\u00e4ste zu \u00fcberraschen, Ihre Speisen aufzuwerten und Ihrer Feier zum Jahresende einen zus\u00e4tzlichen Hauch von Magie zu verleihen. <\/p>\n<\/div>\n<p data-start=\"1410\" data-end=\"1663\">\n<\/div>\n<\/div>\n<\/div>\n<p><!--more--><\/p>\n<h4>Vorteile :<\/h4>\n<ul>\n<li>Format 40 x 40 cm ideal f\u00fcr alle Festtafeln.<\/li>\n<li>Saugf\u00e4hige, strapazierf\u00e4hige, gepr\u00e4gte Mikrotextur.<\/li>\n<li>Raffiniertes Winterdesign f\u00fcr eine gem\u00fctliche Atmosph\u00e4re.<\/li>\n<li>Praktische Verpackung zu 50 Handt\u00fcchern.<\/li>\n<li>Geeignet f\u00fcr Berufst\u00e4tige und Privatpersonen<\/li>\n<\/ul>\n<p>&nbsp;<\/p>\n<p><!--more--><\/p>\n<h4>Weitere Informationen :<\/h4>\n<ul>\n<li><strong>Verpackung<\/strong>: Packung mit 50 St\u00fcck<\/li>\n<li><strong>Farbe<\/strong>: Sand \/ Dekore<\/li>\n<li><strong>Ma\u00dfe<\/strong>: 40 x 40 cm aufgeklappt<\/li>\n<li><strong>Material<\/strong>: Stoff<\/li>\n<\/ul>\n<p>&nbsp;<\/p>\n<p><!--more--><\/p>\n<p><a href=\"https:\/\/www.csj-emballages.com\/de\/categorie-produit\/lebensmittelverpackungen\/restauration-de\/servietten-tischsets-tischdecken\/handtucher\/2-lagige-servietten\/\">Sehen Sie sich den Rest unseres Sortiments an 2-lagigen Handt\u00fcchern an<\/a><\/p>\n","protected":false},"excerpt":{"rendered":"<p>Serviette Weihnachten Entdecken Sie unsere Servietten Weihnachten Winter micros gepr\u00e4gt 40 x 40 cm pro 50<\/p>\n","protected":false},"featured_media":10619,"template":"","meta":{"_acf_changed":false},"product_brand":[],"product_cat":[1137,1134,1135,1251,1253],"product_tag":[],"class_list":{"0":"post-17893","1":"product","2":"type-product","3":"status-publish","4":"has-post-thumbnail","6":"product_cat-lebensmittelverpackungen","7":"product_cat-restauration-de","8":"product_cat-servietten-tischsets-tischdecken","9":"product_cat-handtucher","10":"product_cat-2-lagige-servietten-mit-mikropragung","12":"first","13":"instock","14":"taxable","15":"shipping-taxable","16":"purchasable","17":"product-type-simple"},"acf":[],"yoast_head":"<!-- This site is optimized with the Yoast SEO Premium plugin v26.6 (Yoast SEO v26.6) - https:\/\/yoast.com\/wordpress\/plugins\/seo\/ -->\n<title>Servietten Weihnachten Winter Micros Gepr\u00e4gt 40 x 40 cm pro 50<\/title>\n<meta name=\"description\" content=\"Verleihen Sie Ihren Festen Eleganz mit den Handt\u00fcchern No\u00ebl Winter micros gaufr\u00e9es 40 x 40 cm \u00e0 50: strapazierf\u00e4hig, saugf\u00e4hig und mit raffiniertem Design.\" \/>\n<meta name=\"robots\" content=\"index, follow, max-snippet:-1, max-image-preview:large, max-video-preview:-1\" \/>\n<link rel=\"canonical\" href=\"https:\/\/www.csj-emballages.com\/de\/produit\/50-servietten-weihnachten-winter-micros-gepraegt-40-x-40-cm\/\" \/>\n<meta property=\"og:locale\" content=\"de_DE\" \/>\n<meta property=\"og:type\" content=\"article\" \/>\n<meta property=\"og:title\" content=\"Serviette Weihnachten Winter micros gepr\u00e4gt 40 x 40 cm pro 50\" \/>\n<meta property=\"og:description\" content=\"Verleihen Sie Ihren Festen Eleganz mit den Handt\u00fcchern No\u00ebl Winter micros gaufr\u00e9es 40 x 40 cm \u00e0 50: strapazierf\u00e4hig, saugf\u00e4hig und mit raffiniertem Design.\" \/>\n<meta property=\"og:url\" content=\"https:\/\/www.csj-emballages.com\/de\/produit\/50-servietten-weihnachten-winter-micros-gepraegt-40-x-40-cm\/\" \/>\n<meta property=\"og:site_name\" content=\"CSJ Emballages\" \/>\n<meta property=\"article:publisher\" content=\"https:\/\/www.facebook.com\/csjemballages\" \/>\n<meta property=\"article:modified_time\" content=\"2026-03-12T15:43:52+00:00\" \/>\n<meta property=\"og:image\" content=\"https:\/\/www.csj-emballages.com\/wp-content\/uploads\/2024\/03\/Capture-d-e-cran-2023-11-09-a-14-48-47-zoom.png\" \/>\n\t<meta property=\"og:image:width\" content=\"539\" \/>\n\t<meta property=\"og:image:height\" content=\"516\" \/>\n\t<meta property=\"og:image:type\" content=\"image\/png\" \/>\n<meta name=\"twitter:card\" content=\"summary_large_image\" \/>\n<meta name=\"twitter:label1\" content=\"Gesch\u00e4tzte Lesezeit\" \/>\n\t<meta name=\"twitter:data1\" content=\"1\u00a0Minute\" \/>\n<script type=\"application\/ld+json\" class=\"yoast-schema-graph\">{\"@context\":\"https:\/\/schema.org\",\"@graph\":[{\"@type\":\"WebPage\",\"@id\":\"https:\/\/www.csj-emballages.com\/de\/produit\/50-servietten-weihnachten-winter-micros-gepraegt-40-x-40-cm\/\",\"url\":\"https:\/\/www.csj-emballages.com\/de\/produit\/50-servietten-weihnachten-winter-micros-gepraegt-40-x-40-cm\/\",\"name\":\"Servietten Weihnachten Winter Micros Gepr\u00e4gt 40 x 40 cm pro 50\",\"isPartOf\":{\"@id\":\"https:\/\/www.csj-emballages.com\/de\/#website\"},\"primaryImageOfPage\":{\"@id\":\"https:\/\/www.csj-emballages.com\/de\/produit\/50-servietten-weihnachten-winter-micros-gepraegt-40-x-40-cm\/#primaryimage\"},\"image\":{\"@id\":\"https:\/\/www.csj-emballages.com\/de\/produit\/50-servietten-weihnachten-winter-micros-gepraegt-40-x-40-cm\/#primaryimage\"},\"thumbnailUrl\":\"https:\/\/www.csj-emballages.com\/wp-content\/uploads\/2024\/03\/Capture-d-e-cran-2023-11-09-a-14-48-47-zoom.png\",\"datePublished\":\"2024-03-01T15:48:55+00:00\",\"dateModified\":\"2026-03-12T15:43:52+00:00\",\"description\":\"Verleihen Sie Ihren Festen Eleganz mit den Handt\u00fcchern No\u00ebl Winter micros gaufr\u00e9es 40 x 40 cm \u00e0 50: strapazierf\u00e4hig, saugf\u00e4hig und mit raffiniertem Design.\",\"breadcrumb\":{\"@id\":\"https:\/\/www.csj-emballages.com\/de\/produit\/50-servietten-weihnachten-winter-micros-gepraegt-40-x-40-cm\/#breadcrumb\"},\"inLanguage\":\"de\",\"potentialAction\":[{\"@type\":\"ReadAction\",\"target\":[\"https:\/\/www.csj-emballages.com\/de\/produit\/50-servietten-weihnachten-winter-micros-gepraegt-40-x-40-cm\/\"]}]},{\"@type\":\"ImageObject\",\"inLanguage\":\"de\",\"@id\":\"https:\/\/www.csj-emballages.com\/de\/produit\/50-servietten-weihnachten-winter-micros-gepraegt-40-x-40-cm\/#primaryimage\",\"url\":\"https:\/\/www.csj-emballages.com\/wp-content\/uploads\/2024\/03\/Capture-d-e-cran-2023-11-09-a-14-48-47-zoom.png\",\"contentUrl\":\"https:\/\/www.csj-emballages.com\/wp-content\/uploads\/2024\/03\/Capture-d-e-cran-2023-11-09-a-14-48-47-zoom.png\",\"width\":539,\"height\":516},{\"@type\":\"BreadcrumbList\",\"@id\":\"https:\/\/www.csj-emballages.com\/de\/produit\/50-servietten-weihnachten-winter-micros-gepraegt-40-x-40-cm\/#breadcrumb\",\"itemListElement\":[{\"@type\":\"ListItem\",\"position\":1,\"name\":\"Accueil\",\"item\":\"https:\/\/www.csj-emballages.com\/de\/universum-lebensmittelverpackungen\/\"},{\"@type\":\"ListItem\",\"position\":2,\"name\":\"Shop\",\"item\":\"https:\/\/www.csj-emballages.com\/shop\/\"},{\"@type\":\"ListItem\",\"position\":3,\"name\":\"Serviette Weihnachten Winter micros gepr\u00e4gt 40 x 40 cm pro 50\"}]},{\"@type\":\"WebSite\",\"@id\":\"https:\/\/www.csj-emballages.com\/de\/#website\",\"url\":\"https:\/\/www.csj-emballages.com\/de\/\",\"name\":\"CSJ Emballages\",\"description\":\"\",\"publisher\":{\"@id\":\"https:\/\/www.csj-emballages.com\/de\/#organization\"},\"potentialAction\":[{\"@type\":\"SearchAction\",\"target\":{\"@type\":\"EntryPoint\",\"urlTemplate\":\"https:\/\/www.csj-emballages.com\/de\/?s={search_term_string}\"},\"query-input\":{\"@type\":\"PropertyValueSpecification\",\"valueRequired\":true,\"valueName\":\"search_term_string\"}}],\"inLanguage\":\"de\"},{\"@type\":\"Organization\",\"@id\":\"https:\/\/www.csj-emballages.com\/de\/#Organization\/\",\"name\":\"CSJ Emballages\",\"url\":\"https:\/\/www.csj-emballages.com\/de\/\",\"logo\":{\"@type\":\"ImageObject\",\"inLanguage\":\"de\",\"@id\":\"https:\/\/www.csj-emballages.com\/de\/#\/schema\/logo\/image\/\",\"url\":\"https:\/\/www.csj-emballages.com\/wp-content\/uploads\/2023\/10\/logo_csj.webp\",\"contentUrl\":\"https:\/\/www.csj-emballages.com\/wp-content\/uploads\/2023\/10\/logo_csj.webp\",\"width\":250,\"height\":95,\"caption\":\"CSJ Emballages\"},\"image\":{\"@id\":\"https:\/\/www.csj-emballages.com\/de\/#\/schema\/logo\/image\/\"},\"sameAs\":[\"https:\/\/www.facebook.com\/csjemballages\"],\"address\":{\"@type\":\"PostalAddress\",\"streetAddress\":\"ZI La Lechere\",\"addressLocality\":\"Patornay\",\"postalCode\":\"39130\",\"addressCountry\":\"FR\"},\"contactPoint\":[{\"@type\":\"ContactPoint\",\"contactType\":\"Service client\",\"telephone\":\"0384254272\",\"email\":\"contact@csj-emballages.com\"}]}]}<\/script>\n<!-- \/ Yoast SEO Premium plugin. -->","yoast_head_json":{"title":"Servietten Weihnachten Winter Micros Gepr\u00e4gt 40 x 40 cm pro 50","description":"Verleihen Sie Ihren Festen Eleganz mit den Handt\u00fcchern No\u00ebl Winter micros gaufr\u00e9es 40 x 40 cm \u00e0 50: strapazierf\u00e4hig, saugf\u00e4hig und mit raffiniertem Design.","robots":{"index":"index","follow":"follow","max-snippet":"max-snippet:-1","max-image-preview":"max-image-preview:large","max-video-preview":"max-video-preview:-1"},"canonical":"https:\/\/www.csj-emballages.com\/de\/produit\/50-servietten-weihnachten-winter-micros-gepraegt-40-x-40-cm\/","og_locale":"de_DE","og_type":"article","og_title":"Serviette Weihnachten Winter micros gepr\u00e4gt 40 x 40 cm pro 50","og_description":"Verleihen Sie Ihren Festen Eleganz mit den Handt\u00fcchern No\u00ebl Winter micros gaufr\u00e9es 40 x 40 cm \u00e0 50: strapazierf\u00e4hig, saugf\u00e4hig und mit raffiniertem Design.","og_url":"https:\/\/www.csj-emballages.com\/de\/produit\/50-servietten-weihnachten-winter-micros-gepraegt-40-x-40-cm\/","og_site_name":"CSJ Emballages","article_publisher":"https:\/\/www.facebook.com\/csjemballages","article_modified_time":"2026-03-12T15:43:52+00:00","og_image":[{"width":539,"height":516,"url":"https:\/\/www.csj-emballages.com\/wp-content\/uploads\/2024\/03\/Capture-d-e-cran-2023-11-09-a-14-48-47-zoom.png","type":"image\/png"}],"twitter_card":"summary_large_image","twitter_misc":{"Gesch\u00e4tzte Lesezeit":"1\u00a0Minute"},"schema":{"@context":"https:\/\/schema.org","@graph":[{"@type":"WebPage","@id":"https:\/\/www.csj-emballages.com\/de\/produit\/50-servietten-weihnachten-winter-micros-gepraegt-40-x-40-cm\/","url":"https:\/\/www.csj-emballages.com\/de\/produit\/50-servietten-weihnachten-winter-micros-gepraegt-40-x-40-cm\/","name":"Servietten Weihnachten Winter Micros Gepr\u00e4gt 40 x 40 cm pro 50","isPartOf":{"@id":"https:\/\/www.csj-emballages.com\/de\/#website"},"primaryImageOfPage":{"@id":"https:\/\/www.csj-emballages.com\/de\/produit\/50-servietten-weihnachten-winter-micros-gepraegt-40-x-40-cm\/#primaryimage"},"image":{"@id":"https:\/\/www.csj-emballages.com\/de\/produit\/50-servietten-weihnachten-winter-micros-gepraegt-40-x-40-cm\/#primaryimage"},"thumbnailUrl":"https:\/\/www.csj-emballages.com\/wp-content\/uploads\/2024\/03\/Capture-d-e-cran-2023-11-09-a-14-48-47-zoom.png","datePublished":"2024-03-01T15:48:55+00:00","dateModified":"2026-03-12T15:43:52+00:00","description":"Verleihen Sie Ihren Festen Eleganz mit den Handt\u00fcchern No\u00ebl Winter micros gaufr\u00e9es 40 x 40 cm \u00e0 50: strapazierf\u00e4hig, saugf\u00e4hig und mit raffiniertem Design.","breadcrumb":{"@id":"https:\/\/www.csj-emballages.com\/de\/produit\/50-servietten-weihnachten-winter-micros-gepraegt-40-x-40-cm\/#breadcrumb"},"inLanguage":"de","potentialAction":[{"@type":"ReadAction","target":["https:\/\/www.csj-emballages.com\/de\/produit\/50-servietten-weihnachten-winter-micros-gepraegt-40-x-40-cm\/"]}]},{"@type":"ImageObject","inLanguage":"de","@id":"https:\/\/www.csj-emballages.com\/de\/produit\/50-servietten-weihnachten-winter-micros-gepraegt-40-x-40-cm\/#primaryimage","url":"https:\/\/www.csj-emballages.com\/wp-content\/uploads\/2024\/03\/Capture-d-e-cran-2023-11-09-a-14-48-47-zoom.png","contentUrl":"https:\/\/www.csj-emballages.com\/wp-content\/uploads\/2024\/03\/Capture-d-e-cran-2023-11-09-a-14-48-47-zoom.png","width":539,"height":516},{"@type":"BreadcrumbList","@id":"https:\/\/www.csj-emballages.com\/de\/produit\/50-servietten-weihnachten-winter-micros-gepraegt-40-x-40-cm\/#breadcrumb","itemListElement":[{"@type":"ListItem","position":1,"name":"Accueil","item":"https:\/\/www.csj-emballages.com\/de\/universum-lebensmittelverpackungen\/"},{"@type":"ListItem","position":2,"name":"Shop","item":"https:\/\/www.csj-emballages.com\/shop\/"},{"@type":"ListItem","position":3,"name":"Serviette Weihnachten Winter micros gepr\u00e4gt 40 x 40 cm pro 50"}]},{"@type":"WebSite","@id":"https:\/\/www.csj-emballages.com\/de\/#website","url":"https:\/\/www.csj-emballages.com\/de\/","name":"CSJ Emballages","description":"","publisher":{"@id":"https:\/\/www.csj-emballages.com\/de\/#organization"},"potentialAction":[{"@type":"SearchAction","target":{"@type":"EntryPoint","urlTemplate":"https:\/\/www.csj-emballages.com\/de\/?s={search_term_string}"},"query-input":{"@type":"PropertyValueSpecification","valueRequired":true,"valueName":"search_term_string"}}],"inLanguage":"de"},{"@type":"Organization","@id":"https:\/\/www.csj-emballages.com\/de\/#Organization\/","name":"CSJ Emballages","url":"https:\/\/www.csj-emballages.com\/de\/","logo":{"@type":"ImageObject","inLanguage":"de","@id":"https:\/\/www.csj-emballages.com\/de\/#\/schema\/logo\/image\/","url":"https:\/\/www.csj-emballages.com\/wp-content\/uploads\/2023\/10\/logo_csj.webp","contentUrl":"https:\/\/www.csj-emballages.com\/wp-content\/uploads\/2023\/10\/logo_csj.webp","width":250,"height":95,"caption":"CSJ Emballages"},"image":{"@id":"https:\/\/www.csj-emballages.com\/de\/#\/schema\/logo\/image\/"},"sameAs":["https:\/\/www.facebook.com\/csjemballages"],"address":{"@type":"PostalAddress","streetAddress":"ZI La Lechere","addressLocality":"Patornay","postalCode":"39130","addressCountry":"FR"},"contactPoint":[{"@type":"ContactPoint","contactType":"Service client","telephone":"0384254272","email":"contact@csj-emballages.com"}]}]}},"df_price":2.3,"df_sale_price":"","df_regular_price":2.3,"df_image_link":"https:\/\/www.csj-emballages.com\/wp-content\/uploads\/2024\/03\/Capture-d-e-cran-2023-11-09-a-14-48-47-zoom-300x287.png","tiered_pricing_type":"fixed","tiered_pricing_fixed_rules":[],"tiered_pricing_percentage_rules":[],"tiered_pricing_minimum":1,"tiered_pricing_roles_data":[],"_links":{"self":[{"href":"https:\/\/www.csj-emballages.com\/de\/wp-json\/wp\/v2\/product\/17893","targetHints":{"allow":["GET"]}}],"collection":[{"href":"https:\/\/www.csj-emballages.com\/de\/wp-json\/wp\/v2\/product"}],"about":[{"href":"https:\/\/www.csj-emballages.com\/de\/wp-json\/wp\/v2\/types\/product"}],"wp:featuredmedia":[{"embeddable":true,"href":"https:\/\/www.csj-emballages.com\/de\/wp-json\/wp\/v2\/media\/10619"}],"wp:attachment":[{"href":"https:\/\/www.csj-emballages.com\/de\/wp-json\/wp\/v2\/media?parent=17893"}],"wp:term":[{"taxonomy":"product_brand","embeddable":true,"href":"https:\/\/www.csj-emballages.com\/de\/wp-json\/wp\/v2\/product_brand?post=17893"},{"taxonomy":"product_cat","embeddable":true,"href":"https:\/\/www.csj-emballages.com\/de\/wp-json\/wp\/v2\/product_cat?post=17893"},{"taxonomy":"product_tag","embeddable":true,"href":"https:\/\/www.csj-emballages.com\/de\/wp-json\/wp\/v2\/product_tag?post=17893"}],"curies":[{"name":"wp","href":"https:\/\/api.w.org\/{rel}","templated":true}]}}