{"id":17888,"date":"2024-03-01T16:48:57","date_gmt":"2024-03-01T15:48:57","guid":{"rendered":"https:\/\/u15jnbdpoq.preview.infomaniak.website\/produit\/40-fushiafarbene-servietten-mit-mikropraegung-38-x-38-cm\/"},"modified":"2026-04-14T02:21:49","modified_gmt":"2026-04-14T00:21:49","slug":"40-fushiafarbene-servietten-mit-mikropraegung-38-x-38-cm","status":"publish","type":"product","link":"https:\/\/www.csj-emballages.com\/de\/produit\/40-fushiafarbene-servietten-mit-mikropraegung-38-x-38-cm\/","title":{"rendered":"Handtuch Fuchsia mikrogepr\u00e4gt 38 x 38 cm pro 40"},"content":{"rendered":"<h2 class=\"p1\">Handtuch fuchsia<\/h2>\n<hr>\n<h3>Beschreibung unseres Handtuchs fuchsia mikrogepr\u00e4gt 38 x 38 cm pro 40<\/h3>\n<p><!--more--><\/p>\n<p data-start=\"0\" data-end=\"405\">Verleihen Sie Ihren Tischen einen Hauch von Eleganz und Raffinesse mit diesen <strong data-start=\"98\" data-end=\"138\">fuchsiafarbenen Servietten<\/strong> mit <strong data-start=\"98\" data-end=\"138\">Mikropr\u00e4gung (38 x 38 cm<\/strong>). Die Servietten sind <strong data-start=\"170\" data-end=\"195\">weich und<\/strong> gleichzeitig <strong data-start=\"170\" data-end=\"195\">strapazierf\u00e4hig<\/strong> und eignen sich ideal f\u00fcr den Einsatz in Restaurants, bei Veranstaltungen oder auch zu Hause. Die <strong>gepr\u00e4gte<\/strong> Struktur sorgt f\u00fcr eine <strong data-start=\"324\" data-end=\"347\" data-is-only-node=\"\">optimale Absorption<\/strong>, wodurch die <strong>Servietten<\/strong> nicht nur praktisch, sondern auch \u00e4sthetisch ansprechend sind.  <\/p>\n<p data-start=\"407\" data-end=\"759\">Mit ihrem <strong data-start=\"417\" data-end=\"450\">gro\u00dfz\u00fcgigen Format von 38 x 38 cm<\/strong> eignen sie sich perfekt als Begleitung zu einer Mahlzeit und garantieren den G\u00e4sten gleichzeitig maximalen Komfort. Ihr <strong>Fuchsia-Ton<\/strong> sorgt f\u00fcr einen <strong data-start=\"583\" data-end=\"627\">warmen und farbenfrohen Touch<\/strong> und passt zu verschiedenen Tischambienten, sei es f\u00fcr ein elegantes Dinner, ein Bankett oder den Service in einem Schnellrestaurant. <\/p>\n<p data-start=\"761\" data-end=\"926\"><!--more--><\/p>\n<article class=\"w-full text-token-text-primary\" dir=\"auto\" data-testid=\"conversation-turn-6\" data-scroll-anchor=\"true\">\n<div class=\"text-base my-auto mx-auto py-5 px-6\">\n<div class=\"mx-auto flex flex-1 text-base gap-4 md:gap-5 lg:gap-6 md:max-w-3xl lg:max-w-[40rem] xl:max-w-[48rem] group\/turn-messages focus-visible:outline-none\">\n<div class=\"group\/conversation-turn relative flex w-full min-w-0 flex-col agent-turn @xs\/thread:px-0 @sm\/thread:px-1.5 @md\/thread:px-4\">\n<div class=\"relative flex-col gap-1 md:gap-3\">\n<div class=\"flex max-w-full flex-col flex-grow\">\n<div class=\"min-h-8 text-message relative flex w-full flex-col items-end gap-2 whitespace-normal break-words text-start [.text-message+&amp;]:mt-5\" dir=\"auto\" data-message-author-role=\"assistant\" data-message-id=\"66a7865a-5745-4a5d-a2bb-5fd31b7b9daf\" data-message-model-slug=\"gpt-4o\">\n<div class=\"flex w-full flex-col gap-1 empty:hidden first:pt-[3px]\">\n<div class=\"markdown prose w-full break-words dark:prose-invert dark\">\n<p data-start=\"0\" data-end=\"289\">Sie eignen sich perfekt f\u00fcr alle Ihre festlichen Anl\u00e4sse: <strong data-start=\"58\" data-end=\"121\">Picknicks, Geburtstage, Weihnachtsfeiern, Hochzeiten<\/strong> und vieles mehr. Dank ihrer <strong data-start=\"156\" data-end=\"185\">doppelt gefalteten Watte<\/strong> bieten sie eine <strong data-start=\"205\" data-end=\"230\">hervorragende Saugf\u00e4higkeit<\/strong> und sorgen so f\u00fcr Sauberkeit und Komfort w\u00e4hrend des gesamten Essens. <\/p>\n<p data-start=\"291\" data-end=\"410\">Sie sind zu <strong data-start=\"291\" data-end=\"329\">100 % f\u00fcr den Kontakt mit Lebensmitteln geeignet<\/strong> und vereinen Zweckm\u00e4\u00dfigkeit und Eleganz, um Ihren Tisch in aller Ruhe zu versch\u00f6nern.<\/p>\n<p data-start=\"291\" data-end=\"410\">\n<\/div>\n<\/div>\n<\/div>\n<\/div>\n<\/div>\n<\/div>\n<\/div>\n<\/div>\n<\/article>\n<p><!--more--><\/p>\n<h4>Ihre Vorteile :<\/h4>\n<ul>\n<li><strong data-start=\"948\" data-end=\"973\">Elegant und modern<\/strong>: Warme Fuchsiafarbe ideal f\u00fcr alle Gelegenheiten<\/li>\n<li><strong data-start=\"1041\" data-end=\"1064\">Optimale Absorption<\/strong>: Waffeltextur f\u00fcr eine bessere Wirksamkeit<\/li>\n<li><strong data-start=\"1118\" data-end=\"1147\">Bequem und strapazierf\u00e4hig<\/strong>: Weicher Griff und perfekter Halt w\u00e4hrend des Essens<\/li>\n<li><strong data-start=\"1209\" data-end=\"1228\">Praktisches Format<\/strong>: Gro\u00dfz\u00fcgige Abmessungen f\u00fcr vielseitigen Einsatz<\/li>\n<li><strong data-start=\"1291\" data-end=\"1309\">Sparset<\/strong>: Diese gepr\u00e4gten Servietten werden zu 40 St\u00fcck<span class=\"Apple-converted-space\"> verkauft<\/span>und sind ideal f\u00fcr den professionellen oder privaten Gebrauch.<\/li>\n<\/ul>\n<p>&nbsp;<\/p>\n<p><!--more--><\/p>\n<h4>Weitere Informationen :<\/h4>\n<ul>\n<li><strong>Verpackung<\/strong>: Packung mit 40 St\u00fcck<\/li>\n<li><strong>Ma\u00dfe<\/strong>: 38 x 38 cm<\/li>\n<li><strong>Material<\/strong>: Gepr\u00e4gtes reines Wattepapier<\/li>\n<li><strong>Farbe<\/strong>: Fushia<\/li>\n<\/ul>\n<p>&nbsp;<\/p>\n<p><!--more--><\/p>\n<p>Dieses Produkt ist in verschiedenen Farben erh\u00e4ltlich : <span style=\"color: #d12727;\"><a style=\"color: #d12727;\" href=\"https:\/\/www.csj-emballages.com\/produit\/40-serviettes-bordeaux-micros-gaufrees-38-x-38-cm\/\">Bordeaux<\/a><\/span> \/ <span style=\"color: #d12727;\"><a style=\"color: #d12727;\" href=\"https:\/\/www.csj-emballages.com\/produit\/40-serviettes-blanches-micros-gaufrees-38-x-38-cm\/\">Wei\u00df<\/a><\/span> \/ <span style=\"color: #d12727;\"><a style=\"color: #d12727;\" href=\"https:\/\/www.csj-emballages.com\/produit\/40-serviettes-prune-micros-gaufrees-38-x-38-cm\/\">Pflaume<\/a><\/span> \/ <span style=\"color: #d12727;\"><a style=\"color: #d12727;\" href=\"https:\/\/www.csj-emballages.com\/es\/produit\/40-servilletas-microgofradas-chocolate-38-x-38-cm\/\">Schokolade<\/a><\/span> \/ <span style=\"color: #d12727;\"><a style=\"color: #d12727;\" href=\"https:\/\/www.csj-emballages.com\/produit\/40-serviettes-grises-micros-gaufrees-38-x-38-cm\/\">Grau<\/a><\/span> \/ <span style=\"color: #d12727;\"><a style=\"color: #d12727;\" href=\"https:\/\/www.csj-emballages.com\/produit\/40-serviettes-mandarine-micros-gaufrees-38-x-38-cm\/\">Mandarine<\/a><\/span> \/ <span style=\"color: #d12727;\"><a style=\"color: #d12727;\" href=\"https:\/\/www.csj-emballages.com\/produit\/40-serviettes-noires-micros-gaufrees-38-x-38-cm\/\">Schwarz<\/a><\/span><\/p>\n<p>&nbsp;<\/p>\n<p><!--more--><\/p>\n<p><a href=\"https:\/\/www.csj-emballages.com\/de\/categorie-produit\/lebensmittelverpackungen\/restauration-de\/servietten-tischsets-tischdecken\/handtucher\/2-lagige-servietten-mit-mikropragung\/\">Sehen Sie sich den Rest unseres Sortiments an 2-lagigen gepr\u00e4gten Handt\u00fcchern an<\/a><\/p>\n","protected":false},"excerpt":{"rendered":"<p>Handtuch fuchsia Beschreibung unseres Handtuchs fuchsia mikrogepr\u00e4gt 38 x 38 cm pro 40<\/p>\n","protected":false},"featured_media":255484,"template":"","meta":{"_acf_changed":false},"product_brand":[],"product_cat":[1137,1134,1135,1251,1253],"product_tag":[],"class_list":{"0":"post-17888","1":"product","2":"type-product","3":"status-publish","4":"has-post-thumbnail","6":"product_cat-lebensmittelverpackungen","7":"product_cat-restauration-de","8":"product_cat-servietten-tischsets-tischdecken","9":"product_cat-handtucher","10":"product_cat-2-lagige-servietten-mit-mikropragung","12":"first","13":"instock","14":"taxable","15":"shipping-taxable","16":"purchasable","17":"product-type-simple"},"acf":[],"yoast_head":"<!-- This site is optimized with the Yoast SEO Premium plugin v26.6 (Yoast SEO v26.6) - https:\/\/yoast.com\/wordpress\/plugins\/seo\/ -->\n<title>Handtuch Fuchsia Mikropr\u00e4gung 38 x 38 cm pro 40<\/title>\n<meta name=\"description\" content=\"Fuchsiafarbenes, gepr\u00e4gtes Handtuch 38 x 38 cm x 40, das Weichheit, St\u00e4rke und optimale Saugf\u00e4higkeit vereint. Perfekt f\u00fcr Restaurants und Veranstaltungen.\" \/>\n<meta name=\"robots\" content=\"index, follow, max-snippet:-1, max-image-preview:large, max-video-preview:-1\" \/>\n<link rel=\"canonical\" href=\"https:\/\/www.csj-emballages.com\/de\/produit\/40-fushiafarbene-servietten-mit-mikropraegung-38-x-38-cm\/\" \/>\n<meta property=\"og:locale\" content=\"de_DE\" \/>\n<meta property=\"og:type\" content=\"article\" \/>\n<meta property=\"og:title\" content=\"Handtuch Fuchsia mikrogepr\u00e4gt 38 x 38 cm pro 40\" \/>\n<meta property=\"og:description\" content=\"Fuchsiafarbenes, gepr\u00e4gtes Handtuch 38 x 38 cm x 40, das Weichheit, St\u00e4rke und optimale Saugf\u00e4higkeit vereint. Perfekt f\u00fcr Restaurants und Veranstaltungen.\" \/>\n<meta property=\"og:url\" content=\"https:\/\/www.csj-emballages.com\/de\/produit\/40-fushiafarbene-servietten-mit-mikropraegung-38-x-38-cm\/\" \/>\n<meta property=\"og:site_name\" content=\"CSJ Emballages\" \/>\n<meta property=\"article:publisher\" content=\"https:\/\/www.facebook.com\/csjemballages\" \/>\n<meta property=\"article:modified_time\" content=\"2026-04-14T00:21:49+00:00\" \/>\n<meta property=\"og:image\" content=\"https:\/\/www.csj-emballages.com\/wp-content\/uploads\/2024\/03\/SR40MGFUSH.webp\" \/>\n\t<meta property=\"og:image:width\" content=\"800\" \/>\n\t<meta property=\"og:image:height\" content=\"800\" \/>\n\t<meta property=\"og:image:type\" content=\"image\/webp\" \/>\n<meta name=\"twitter:card\" content=\"summary_large_image\" \/>\n<meta name=\"twitter:label1\" content=\"Gesch\u00e4tzte Lesezeit\" \/>\n\t<meta name=\"twitter:data1\" content=\"2 Minuten\" \/>\n<script type=\"application\/ld+json\" class=\"yoast-schema-graph\">{\"@context\":\"https:\/\/schema.org\",\"@graph\":[{\"@type\":\"WebPage\",\"@id\":\"https:\/\/www.csj-emballages.com\/de\/produit\/40-fushiafarbene-servietten-mit-mikropraegung-38-x-38-cm\/\",\"url\":\"https:\/\/www.csj-emballages.com\/de\/produit\/40-fushiafarbene-servietten-mit-mikropraegung-38-x-38-cm\/\",\"name\":\"Handtuch Fuchsia Mikropr\u00e4gung 38 x 38 cm pro 40\",\"isPartOf\":{\"@id\":\"https:\/\/www.csj-emballages.com\/de\/#website\"},\"primaryImageOfPage\":{\"@id\":\"https:\/\/www.csj-emballages.com\/de\/produit\/40-fushiafarbene-servietten-mit-mikropraegung-38-x-38-cm\/#primaryimage\"},\"image\":{\"@id\":\"https:\/\/www.csj-emballages.com\/de\/produit\/40-fushiafarbene-servietten-mit-mikropraegung-38-x-38-cm\/#primaryimage\"},\"thumbnailUrl\":\"https:\/\/www.csj-emballages.com\/wp-content\/uploads\/2024\/03\/SR40MGFUSH.webp\",\"datePublished\":\"2024-03-01T15:48:57+00:00\",\"dateModified\":\"2026-04-14T00:21:49+00:00\",\"description\":\"Fuchsiafarbenes, gepr\u00e4gtes Handtuch 38 x 38 cm x 40, das Weichheit, St\u00e4rke und optimale Saugf\u00e4higkeit vereint. Perfekt f\u00fcr Restaurants und Veranstaltungen.\",\"breadcrumb\":{\"@id\":\"https:\/\/www.csj-emballages.com\/de\/produit\/40-fushiafarbene-servietten-mit-mikropraegung-38-x-38-cm\/#breadcrumb\"},\"inLanguage\":\"de\",\"potentialAction\":[{\"@type\":\"ReadAction\",\"target\":[\"https:\/\/www.csj-emballages.com\/de\/produit\/40-fushiafarbene-servietten-mit-mikropraegung-38-x-38-cm\/\"]}]},{\"@type\":\"ImageObject\",\"inLanguage\":\"de\",\"@id\":\"https:\/\/www.csj-emballages.com\/de\/produit\/40-fushiafarbene-servietten-mit-mikropraegung-38-x-38-cm\/#primaryimage\",\"url\":\"https:\/\/www.csj-emballages.com\/wp-content\/uploads\/2024\/03\/SR40MGFUSH.webp\",\"contentUrl\":\"https:\/\/www.csj-emballages.com\/wp-content\/uploads\/2024\/03\/SR40MGFUSH.webp\",\"width\":800,\"height\":800,\"caption\":\"Serviette fuchsia\"},{\"@type\":\"BreadcrumbList\",\"@id\":\"https:\/\/www.csj-emballages.com\/de\/produit\/40-fushiafarbene-servietten-mit-mikropraegung-38-x-38-cm\/#breadcrumb\",\"itemListElement\":[{\"@type\":\"ListItem\",\"position\":1,\"name\":\"Accueil\",\"item\":\"https:\/\/www.csj-emballages.com\/de\/universum-lebensmittelverpackungen\/\"},{\"@type\":\"ListItem\",\"position\":2,\"name\":\"Shop\",\"item\":\"https:\/\/www.csj-emballages.com\/shop\/\"},{\"@type\":\"ListItem\",\"position\":3,\"name\":\"Handtuch Fuchsia mikrogepr\u00e4gt 38 x 38 cm pro 40\"}]},{\"@type\":\"WebSite\",\"@id\":\"https:\/\/www.csj-emballages.com\/de\/#website\",\"url\":\"https:\/\/www.csj-emballages.com\/de\/\",\"name\":\"CSJ Emballages\",\"description\":\"\",\"publisher\":{\"@id\":\"https:\/\/www.csj-emballages.com\/de\/#organization\"},\"potentialAction\":[{\"@type\":\"SearchAction\",\"target\":{\"@type\":\"EntryPoint\",\"urlTemplate\":\"https:\/\/www.csj-emballages.com\/de\/?s={search_term_string}\"},\"query-input\":{\"@type\":\"PropertyValueSpecification\",\"valueRequired\":true,\"valueName\":\"search_term_string\"}}],\"inLanguage\":\"de\"},{\"@type\":\"Organization\",\"@id\":\"https:\/\/www.csj-emballages.com\/de\/#Organization\/\",\"name\":\"CSJ Emballages\",\"url\":\"https:\/\/www.csj-emballages.com\/de\/\",\"logo\":{\"@type\":\"ImageObject\",\"inLanguage\":\"de\",\"@id\":\"https:\/\/www.csj-emballages.com\/de\/#\/schema\/logo\/image\/\",\"url\":\"https:\/\/www.csj-emballages.com\/wp-content\/uploads\/2023\/10\/logo_csj.webp\",\"contentUrl\":\"https:\/\/www.csj-emballages.com\/wp-content\/uploads\/2023\/10\/logo_csj.webp\",\"width\":250,\"height\":95,\"caption\":\"CSJ Emballages\"},\"image\":{\"@id\":\"https:\/\/www.csj-emballages.com\/de\/#\/schema\/logo\/image\/\"},\"sameAs\":[\"https:\/\/www.facebook.com\/csjemballages\"],\"address\":{\"@type\":\"PostalAddress\",\"streetAddress\":\"ZI La Lechere\",\"addressLocality\":\"Patornay\",\"postalCode\":\"39130\",\"addressCountry\":\"FR\"},\"contactPoint\":[{\"@type\":\"ContactPoint\",\"contactType\":\"Service client\",\"telephone\":\"0384254272\",\"email\":\"contact@csj-emballages.com\"}]}]}<\/script>\n<!-- \/ Yoast SEO Premium plugin. -->","yoast_head_json":{"title":"Handtuch Fuchsia Mikropr\u00e4gung 38 x 38 cm pro 40","description":"Fuchsiafarbenes, gepr\u00e4gtes Handtuch 38 x 38 cm x 40, das Weichheit, St\u00e4rke und optimale Saugf\u00e4higkeit vereint. Perfekt f\u00fcr Restaurants und Veranstaltungen.","robots":{"index":"index","follow":"follow","max-snippet":"max-snippet:-1","max-image-preview":"max-image-preview:large","max-video-preview":"max-video-preview:-1"},"canonical":"https:\/\/www.csj-emballages.com\/de\/produit\/40-fushiafarbene-servietten-mit-mikropraegung-38-x-38-cm\/","og_locale":"de_DE","og_type":"article","og_title":"Handtuch Fuchsia mikrogepr\u00e4gt 38 x 38 cm pro 40","og_description":"Fuchsiafarbenes, gepr\u00e4gtes Handtuch 38 x 38 cm x 40, das Weichheit, St\u00e4rke und optimale Saugf\u00e4higkeit vereint. Perfekt f\u00fcr Restaurants und Veranstaltungen.","og_url":"https:\/\/www.csj-emballages.com\/de\/produit\/40-fushiafarbene-servietten-mit-mikropraegung-38-x-38-cm\/","og_site_name":"CSJ Emballages","article_publisher":"https:\/\/www.facebook.com\/csjemballages","article_modified_time":"2026-04-14T00:21:49+00:00","og_image":[{"width":800,"height":800,"url":"https:\/\/www.csj-emballages.com\/wp-content\/uploads\/2024\/03\/SR40MGFUSH.webp","type":"image\/webp"}],"twitter_card":"summary_large_image","twitter_misc":{"Gesch\u00e4tzte Lesezeit":"2 Minuten"},"schema":{"@context":"https:\/\/schema.org","@graph":[{"@type":"WebPage","@id":"https:\/\/www.csj-emballages.com\/de\/produit\/40-fushiafarbene-servietten-mit-mikropraegung-38-x-38-cm\/","url":"https:\/\/www.csj-emballages.com\/de\/produit\/40-fushiafarbene-servietten-mit-mikropraegung-38-x-38-cm\/","name":"Handtuch Fuchsia Mikropr\u00e4gung 38 x 38 cm pro 40","isPartOf":{"@id":"https:\/\/www.csj-emballages.com\/de\/#website"},"primaryImageOfPage":{"@id":"https:\/\/www.csj-emballages.com\/de\/produit\/40-fushiafarbene-servietten-mit-mikropraegung-38-x-38-cm\/#primaryimage"},"image":{"@id":"https:\/\/www.csj-emballages.com\/de\/produit\/40-fushiafarbene-servietten-mit-mikropraegung-38-x-38-cm\/#primaryimage"},"thumbnailUrl":"https:\/\/www.csj-emballages.com\/wp-content\/uploads\/2024\/03\/SR40MGFUSH.webp","datePublished":"2024-03-01T15:48:57+00:00","dateModified":"2026-04-14T00:21:49+00:00","description":"Fuchsiafarbenes, gepr\u00e4gtes Handtuch 38 x 38 cm x 40, das Weichheit, St\u00e4rke und optimale Saugf\u00e4higkeit vereint. Perfekt f\u00fcr Restaurants und Veranstaltungen.","breadcrumb":{"@id":"https:\/\/www.csj-emballages.com\/de\/produit\/40-fushiafarbene-servietten-mit-mikropraegung-38-x-38-cm\/#breadcrumb"},"inLanguage":"de","potentialAction":[{"@type":"ReadAction","target":["https:\/\/www.csj-emballages.com\/de\/produit\/40-fushiafarbene-servietten-mit-mikropraegung-38-x-38-cm\/"]}]},{"@type":"ImageObject","inLanguage":"de","@id":"https:\/\/www.csj-emballages.com\/de\/produit\/40-fushiafarbene-servietten-mit-mikropraegung-38-x-38-cm\/#primaryimage","url":"https:\/\/www.csj-emballages.com\/wp-content\/uploads\/2024\/03\/SR40MGFUSH.webp","contentUrl":"https:\/\/www.csj-emballages.com\/wp-content\/uploads\/2024\/03\/SR40MGFUSH.webp","width":800,"height":800,"caption":"Serviette fuchsia"},{"@type":"BreadcrumbList","@id":"https:\/\/www.csj-emballages.com\/de\/produit\/40-fushiafarbene-servietten-mit-mikropraegung-38-x-38-cm\/#breadcrumb","itemListElement":[{"@type":"ListItem","position":1,"name":"Accueil","item":"https:\/\/www.csj-emballages.com\/de\/universum-lebensmittelverpackungen\/"},{"@type":"ListItem","position":2,"name":"Shop","item":"https:\/\/www.csj-emballages.com\/shop\/"},{"@type":"ListItem","position":3,"name":"Handtuch Fuchsia mikrogepr\u00e4gt 38 x 38 cm pro 40"}]},{"@type":"WebSite","@id":"https:\/\/www.csj-emballages.com\/de\/#website","url":"https:\/\/www.csj-emballages.com\/de\/","name":"CSJ Emballages","description":"","publisher":{"@id":"https:\/\/www.csj-emballages.com\/de\/#organization"},"potentialAction":[{"@type":"SearchAction","target":{"@type":"EntryPoint","urlTemplate":"https:\/\/www.csj-emballages.com\/de\/?s={search_term_string}"},"query-input":{"@type":"PropertyValueSpecification","valueRequired":true,"valueName":"search_term_string"}}],"inLanguage":"de"},{"@type":"Organization","@id":"https:\/\/www.csj-emballages.com\/de\/#Organization\/","name":"CSJ Emballages","url":"https:\/\/www.csj-emballages.com\/de\/","logo":{"@type":"ImageObject","inLanguage":"de","@id":"https:\/\/www.csj-emballages.com\/de\/#\/schema\/logo\/image\/","url":"https:\/\/www.csj-emballages.com\/wp-content\/uploads\/2023\/10\/logo_csj.webp","contentUrl":"https:\/\/www.csj-emballages.com\/wp-content\/uploads\/2023\/10\/logo_csj.webp","width":250,"height":95,"caption":"CSJ Emballages"},"image":{"@id":"https:\/\/www.csj-emballages.com\/de\/#\/schema\/logo\/image\/"},"sameAs":["https:\/\/www.facebook.com\/csjemballages"],"address":{"@type":"PostalAddress","streetAddress":"ZI La Lechere","addressLocality":"Patornay","postalCode":"39130","addressCountry":"FR"},"contactPoint":[{"@type":"ContactPoint","contactType":"Service client","telephone":"0384254272","email":"contact@csj-emballages.com"}]}]}},"df_price":1.72,"df_sale_price":"","df_regular_price":1.72,"df_image_link":"https:\/\/www.csj-emballages.com\/wp-content\/uploads\/2024\/03\/SR40MGFUSH-300x300.webp","tiered_pricing_type":"fixed","tiered_pricing_fixed_rules":[],"tiered_pricing_percentage_rules":[],"tiered_pricing_minimum":1,"tiered_pricing_roles_data":[],"_links":{"self":[{"href":"https:\/\/www.csj-emballages.com\/de\/wp-json\/wp\/v2\/product\/17888","targetHints":{"allow":["GET"]}}],"collection":[{"href":"https:\/\/www.csj-emballages.com\/de\/wp-json\/wp\/v2\/product"}],"about":[{"href":"https:\/\/www.csj-emballages.com\/de\/wp-json\/wp\/v2\/types\/product"}],"wp:featuredmedia":[{"embeddable":true,"href":"https:\/\/www.csj-emballages.com\/de\/wp-json\/wp\/v2\/media\/255484"}],"wp:attachment":[{"href":"https:\/\/www.csj-emballages.com\/de\/wp-json\/wp\/v2\/media?parent=17888"}],"wp:term":[{"taxonomy":"product_brand","embeddable":true,"href":"https:\/\/www.csj-emballages.com\/de\/wp-json\/wp\/v2\/product_brand?post=17888"},{"taxonomy":"product_cat","embeddable":true,"href":"https:\/\/www.csj-emballages.com\/de\/wp-json\/wp\/v2\/product_cat?post=17888"},{"taxonomy":"product_tag","embeddable":true,"href":"https:\/\/www.csj-emballages.com\/de\/wp-json\/wp\/v2\/product_tag?post=17888"}],"curies":[{"name":"wp","href":"https:\/\/api.w.org\/{rel}","templated":true}]}}