{"id":17856,"date":"2024-03-01T16:48:59","date_gmt":"2024-03-01T15:48:59","guid":{"rendered":"https:\/\/u15jnbdpoq.preview.infomaniak.website\/produit\/50-2-lagige-servietten-38-x-38-cm-rot\/"},"modified":"2026-04-15T02:17:23","modified_gmt":"2026-04-15T00:17:23","slug":"50-2-lagige-servietten-38-x-38-cm-rot","status":"publish","type":"product","link":"https:\/\/www.csj-emballages.com\/de\/produit\/50-2-lagige-servietten-38-x-38-cm-rot\/","title":{"rendered":"Rote Serviette 2-lagig 38 x 38 cm pro 50"},"content":{"rendered":"<h2>Rote Serviette<\/h2>\n<hr>\n<h3><span style=\"font-weight: bold;\">Entdecken Sie unsere rote Serviette 2-lagig 38 x 38 cm pro 50<\/span><\/h3>\n<p><!--more--><\/p>\n<div class=\"flex max-w-full flex-col flex-grow\">\n<div class=\"min-h-8 text-message flex w-full flex-col items-end gap-2 whitespace-normal break-words text-start [.text-message+&amp;]:mt-5\" dir=\"auto\" data-message-author-role=\"assistant\" data-message-id=\"9b149096-222c-4804-b25c-623d8d364029\" data-message-model-slug=\"gpt-4o-mini\">\n<div class=\"flex w-full flex-col gap-1 empty:hidden first:pt-[3px]\">\n<div class=\"markdown prose w-full break-words dark:prose-invert dark\">\n<p data-start=\"115\" data-end=\"438\">Die <strong data-start=\"119\" data-end=\"165\">roten 2-lagigen Servietten 38 x 38 cm \u00e0 50 St\u00fcck<\/strong> sind ein Muss f\u00fcr alle Ihre Mahlzeiten, Veranstaltungen und Empf\u00e4nge. Sie sind elegant und praktisch und vereinen \u00c4sthetik und Funktionalit\u00e4t, was sie zur idealen Wahl sowohl f\u00fcr <strong data-start=\"353\" data-end=\"390\">professionelle Gastronomen<\/strong> als auch f\u00fcr detailbewusste Privatpersonen macht. <\/p>\n<p data-start=\"440\" data-end=\"881\">Denn mit ihrem <strong data-start=\"450\" data-end=\"483\">gro\u00dfz\u00fcgigen Format von 38 x 38 cm<\/strong> bieten sie eine optimale Abdeckung und einen von den G\u00e4sten gesch\u00e4tzten Benutzerkomfort. Das <strong data-start=\"582\" data-end=\"599\">intensive Rot<\/strong> verleiht Ihren Tischen einen Hauch von W\u00e4rme und Geselligkeit und bringt Ihre Teller und kulinarischen Pr\u00e4sentationen besonders gut zur Geltung. Egal, ob es sich um ein Abendessen mit der Familie, ein Festessen oder einen Saaldienst handelt, diese Servietten schm\u00fccken den Tisch mit schlichter Eleganz.  <\/p>\n<p data-start=\"883\" data-end=\"1204\">Das <strong data-start=\"886\" data-end=\"903\">2-lagige Papier<\/strong> bietet eine perfekte Balance zwischen St\u00e4rke und Weichheit. Sie sind stabil und rei\u00dfen nicht so leicht, selbst wenn sie zum Abwischen von H\u00e4nden oder kleinen Tischunf\u00e4llen verwendet werden. Ihre angenehme Haptik garantiert au\u00dferdem ein hochwertiges Erlebnis f\u00fcr Ihre Kunden oder G\u00e4ste.  <\/p>\n<p data-start=\"1206\" data-end=\"1523\">Au\u00dferdem sind sie in <strong data-start=\"1224\" data-end=\"1240\">Packungen zu 50 St\u00fcck<\/strong> verpackt, was sie sowohl preisg\u00fcnstig als auch praktisch macht. Ihre Praxistauglichkeit macht sie zu einer effektiven L\u00f6sung f\u00fcr den <strong data-start=\"1404\" data-end=\"1460\">professionellen<\/strong> Einsatz oder auch f\u00fcr den Hausgebrauch bei geselligen Mahlzeiten. <\/p>\n<p data-start=\"1525\" data-end=\"1705\">Zusammenfassend l\u00e4sst sich sagen, dass diese <strong data-start=\"1540\" data-end=\"1579\">roten 2-lagigen Servietten 38 x 38 cm<\/strong> das N\u00fctzliche mit dem Angenehmen verbinden: Sie sch\u00fctzen, dekorieren und verleihen Ihren gemeinsamen Momenten einen echten Mehrwert.<\/p>\n<p data-start=\"1525\" data-end=\"1705\">\n<\/div>\n<\/div>\n<\/div>\n<\/div>\n<p><!--more--><\/p>\n<h4>Vorteile :<\/h4>\n<ul>\n<li>Gesellige und elegante Farbe f\u00fcr eine warme Tischdekoration.<\/li>\n<li>Gro\u00dfz\u00fcgiges Format 38 x 38 cm f\u00fcr alle Gelegenheiten geeignet.<\/li>\n<li><strong data-start=\"1794\" data-end=\"1815\">2 widerstandsf\u00e4hige Lagen<\/strong>: Weichheit und optimale Saugf\u00e4higkeit.<\/li>\n<li><strong data-start=\"1853\" data-end=\"1879\">Packung mit 50 St\u00fcck<\/strong>: praktisch und kosteng\u00fcnstig.<\/li>\n<li>Geeignet f\u00fcr Berufst\u00e4tige und Privatpersonen<strong data-start=\"1922\" data-end=\"1963\">.<\/strong><\/li>\n<\/ul>\n<p>&nbsp;<\/p>\n<p><!--more--><\/p>\n<h4>Weitere Informationen :<\/h4>\n<ul>\n<li><strong>Verpackung<\/strong>: Packung mit 50 St\u00fcck<\/li>\n<li><strong>Farbe<\/strong>: Rot<\/li>\n<li><strong>Ma\u00dfe<\/strong>: 38 x 38 cm aufgeklappt<\/li>\n<li><strong>Material<\/strong>: Zellulose<\/li>\n<\/ul>\n<p>&nbsp;<\/p>\n<p><!--more--><\/p>\n<p><a href=\"https:\/\/www.csj-emballages.com\/de\/categorie-produit\/lebensmittelverpackungen\/restauration-de\/servietten-tischsets-tischdecken\/handtucher\/2-lagige-servietten\/\">Sehen Sie sich den Rest unseres Sortiments an 2-lagigen Handt\u00fcchern an<\/a><\/p>\n","protected":false},"excerpt":{"rendered":"<p>Rote Serviette Entdecken Sie unsere rote Serviette 2-lagig 38 x 38 cm pro 50<\/p>\n","protected":false},"featured_media":241228,"template":"","meta":{"_acf_changed":false},"product_brand":[],"product_cat":[1137,1134,1135,1251,1653],"product_tag":[],"class_list":{"0":"post-17856","1":"product","2":"type-product","3":"status-publish","4":"has-post-thumbnail","6":"product_cat-lebensmittelverpackungen","7":"product_cat-restauration-de","8":"product_cat-servietten-tischsets-tischdecken","9":"product_cat-handtucher","10":"product_cat-2-lagige-servietten","12":"first","13":"instock","14":"taxable","15":"shipping-taxable","16":"purchasable","17":"product-type-simple"},"acf":[],"yoast_head":"<!-- This site is optimized with the Yoast SEO Premium plugin v26.6 (Yoast SEO v26.6) - https:\/\/yoast.com\/wordpress\/plugins\/seo\/ -->\n<title>Serviette Rot 2-lagig 38 x 38 cm pro 50<\/title>\n<meta name=\"description\" content=\"Rote 2-lagige Servietten 38x38 cm - Elegant, strapazierf\u00e4hig und praktisch, ideal f\u00fcr Restaurants, Catering und festliche Mahlzeiten.\" \/>\n<meta name=\"robots\" content=\"index, follow, max-snippet:-1, max-image-preview:large, max-video-preview:-1\" \/>\n<link rel=\"canonical\" href=\"https:\/\/www.csj-emballages.com\/de\/produit\/50-2-lagige-servietten-38-x-38-cm-rot\/\" \/>\n<meta property=\"og:locale\" content=\"de_DE\" \/>\n<meta property=\"og:type\" content=\"article\" \/>\n<meta property=\"og:title\" content=\"Rote Serviette 2-lagig 38 x 38 cm pro 50\" \/>\n<meta property=\"og:description\" content=\"Rote 2-lagige Servietten 38x38 cm - Elegant, strapazierf\u00e4hig und praktisch, ideal f\u00fcr Restaurants, Catering und festliche Mahlzeiten.\" \/>\n<meta property=\"og:url\" content=\"https:\/\/www.csj-emballages.com\/de\/produit\/50-2-lagige-servietten-38-x-38-cm-rot\/\" \/>\n<meta property=\"og:site_name\" content=\"CSJ Emballages\" \/>\n<meta property=\"article:publisher\" content=\"https:\/\/www.facebook.com\/csjemballages\" \/>\n<meta property=\"article:modified_time\" content=\"2026-04-15T00:17:23+00:00\" \/>\n<meta property=\"og:image\" content=\"https:\/\/www.csj-emballages.com\/wp-content\/uploads\/2024\/03\/SR38RG.webp\" \/>\n\t<meta property=\"og:image:width\" content=\"800\" \/>\n\t<meta property=\"og:image:height\" content=\"800\" \/>\n\t<meta property=\"og:image:type\" content=\"image\/webp\" \/>\n<meta name=\"twitter:card\" content=\"summary_large_image\" \/>\n<meta name=\"twitter:label1\" content=\"Gesch\u00e4tzte Lesezeit\" \/>\n\t<meta name=\"twitter:data1\" content=\"2 Minuten\" \/>\n<script type=\"application\/ld+json\" class=\"yoast-schema-graph\">{\"@context\":\"https:\/\/schema.org\",\"@graph\":[{\"@type\":\"WebPage\",\"@id\":\"https:\/\/www.csj-emballages.com\/de\/produit\/50-2-lagige-servietten-38-x-38-cm-rot\/\",\"url\":\"https:\/\/www.csj-emballages.com\/de\/produit\/50-2-lagige-servietten-38-x-38-cm-rot\/\",\"name\":\"Serviette Rot 2-lagig 38 x 38 cm pro 50\",\"isPartOf\":{\"@id\":\"https:\/\/www.csj-emballages.com\/de\/#website\"},\"primaryImageOfPage\":{\"@id\":\"https:\/\/www.csj-emballages.com\/de\/produit\/50-2-lagige-servietten-38-x-38-cm-rot\/#primaryimage\"},\"image\":{\"@id\":\"https:\/\/www.csj-emballages.com\/de\/produit\/50-2-lagige-servietten-38-x-38-cm-rot\/#primaryimage\"},\"thumbnailUrl\":\"https:\/\/www.csj-emballages.com\/wp-content\/uploads\/2024\/03\/SR38RG.webp\",\"datePublished\":\"2024-03-01T15:48:59+00:00\",\"dateModified\":\"2026-04-15T00:17:23+00:00\",\"description\":\"Rote 2-lagige Servietten 38x38 cm - Elegant, strapazierf\u00e4hig und praktisch, ideal f\u00fcr Restaurants, Catering und festliche Mahlzeiten.\",\"breadcrumb\":{\"@id\":\"https:\/\/www.csj-emballages.com\/de\/produit\/50-2-lagige-servietten-38-x-38-cm-rot\/#breadcrumb\"},\"inLanguage\":\"de\",\"potentialAction\":[{\"@type\":\"ReadAction\",\"target\":[\"https:\/\/www.csj-emballages.com\/de\/produit\/50-2-lagige-servietten-38-x-38-cm-rot\/\"]}]},{\"@type\":\"ImageObject\",\"inLanguage\":\"de\",\"@id\":\"https:\/\/www.csj-emballages.com\/de\/produit\/50-2-lagige-servietten-38-x-38-cm-rot\/#primaryimage\",\"url\":\"https:\/\/www.csj-emballages.com\/wp-content\/uploads\/2024\/03\/SR38RG.webp\",\"contentUrl\":\"https:\/\/www.csj-emballages.com\/wp-content\/uploads\/2024\/03\/SR38RG.webp\",\"width\":800,\"height\":800,\"caption\":\"Serviette rouge\"},{\"@type\":\"BreadcrumbList\",\"@id\":\"https:\/\/www.csj-emballages.com\/de\/produit\/50-2-lagige-servietten-38-x-38-cm-rot\/#breadcrumb\",\"itemListElement\":[{\"@type\":\"ListItem\",\"position\":1,\"name\":\"Accueil\",\"item\":\"https:\/\/www.csj-emballages.com\/de\/universum-lebensmittelverpackungen\/\"},{\"@type\":\"ListItem\",\"position\":2,\"name\":\"Shop\",\"item\":\"https:\/\/www.csj-emballages.com\/shop\/\"},{\"@type\":\"ListItem\",\"position\":3,\"name\":\"Rote Serviette 2-lagig 38 x 38 cm pro 50\"}]},{\"@type\":\"WebSite\",\"@id\":\"https:\/\/www.csj-emballages.com\/de\/#website\",\"url\":\"https:\/\/www.csj-emballages.com\/de\/\",\"name\":\"CSJ Emballages\",\"description\":\"\",\"publisher\":{\"@id\":\"https:\/\/www.csj-emballages.com\/de\/#organization\"},\"potentialAction\":[{\"@type\":\"SearchAction\",\"target\":{\"@type\":\"EntryPoint\",\"urlTemplate\":\"https:\/\/www.csj-emballages.com\/de\/?s={search_term_string}\"},\"query-input\":{\"@type\":\"PropertyValueSpecification\",\"valueRequired\":true,\"valueName\":\"search_term_string\"}}],\"inLanguage\":\"de\"},{\"@type\":\"Organization\",\"@id\":\"https:\/\/www.csj-emballages.com\/de\/#Organization\/\",\"name\":\"CSJ Emballages\",\"url\":\"https:\/\/www.csj-emballages.com\/de\/\",\"logo\":{\"@type\":\"ImageObject\",\"inLanguage\":\"de\",\"@id\":\"https:\/\/www.csj-emballages.com\/de\/#\/schema\/logo\/image\/\",\"url\":\"https:\/\/www.csj-emballages.com\/wp-content\/uploads\/2023\/10\/logo_csj.webp\",\"contentUrl\":\"https:\/\/www.csj-emballages.com\/wp-content\/uploads\/2023\/10\/logo_csj.webp\",\"width\":250,\"height\":95,\"caption\":\"CSJ Emballages\"},\"image\":{\"@id\":\"https:\/\/www.csj-emballages.com\/de\/#\/schema\/logo\/image\/\"},\"sameAs\":[\"https:\/\/www.facebook.com\/csjemballages\"],\"address\":{\"@type\":\"PostalAddress\",\"streetAddress\":\"ZI La Lechere\",\"addressLocality\":\"Patornay\",\"postalCode\":\"39130\",\"addressCountry\":\"FR\"},\"contactPoint\":[{\"@type\":\"ContactPoint\",\"contactType\":\"Service client\",\"telephone\":\"0384254272\",\"email\":\"contact@csj-emballages.com\"}]}]}<\/script>\n<!-- \/ Yoast SEO Premium plugin. -->","yoast_head_json":{"title":"Serviette Rot 2-lagig 38 x 38 cm pro 50","description":"Rote 2-lagige Servietten 38x38 cm - Elegant, strapazierf\u00e4hig und praktisch, ideal f\u00fcr Restaurants, Catering und festliche Mahlzeiten.","robots":{"index":"index","follow":"follow","max-snippet":"max-snippet:-1","max-image-preview":"max-image-preview:large","max-video-preview":"max-video-preview:-1"},"canonical":"https:\/\/www.csj-emballages.com\/de\/produit\/50-2-lagige-servietten-38-x-38-cm-rot\/","og_locale":"de_DE","og_type":"article","og_title":"Rote Serviette 2-lagig 38 x 38 cm pro 50","og_description":"Rote 2-lagige Servietten 38x38 cm - Elegant, strapazierf\u00e4hig und praktisch, ideal f\u00fcr Restaurants, Catering und festliche Mahlzeiten.","og_url":"https:\/\/www.csj-emballages.com\/de\/produit\/50-2-lagige-servietten-38-x-38-cm-rot\/","og_site_name":"CSJ Emballages","article_publisher":"https:\/\/www.facebook.com\/csjemballages","article_modified_time":"2026-04-15T00:17:23+00:00","og_image":[{"width":800,"height":800,"url":"https:\/\/www.csj-emballages.com\/wp-content\/uploads\/2024\/03\/SR38RG.webp","type":"image\/webp"}],"twitter_card":"summary_large_image","twitter_misc":{"Gesch\u00e4tzte Lesezeit":"2 Minuten"},"schema":{"@context":"https:\/\/schema.org","@graph":[{"@type":"WebPage","@id":"https:\/\/www.csj-emballages.com\/de\/produit\/50-2-lagige-servietten-38-x-38-cm-rot\/","url":"https:\/\/www.csj-emballages.com\/de\/produit\/50-2-lagige-servietten-38-x-38-cm-rot\/","name":"Serviette Rot 2-lagig 38 x 38 cm pro 50","isPartOf":{"@id":"https:\/\/www.csj-emballages.com\/de\/#website"},"primaryImageOfPage":{"@id":"https:\/\/www.csj-emballages.com\/de\/produit\/50-2-lagige-servietten-38-x-38-cm-rot\/#primaryimage"},"image":{"@id":"https:\/\/www.csj-emballages.com\/de\/produit\/50-2-lagige-servietten-38-x-38-cm-rot\/#primaryimage"},"thumbnailUrl":"https:\/\/www.csj-emballages.com\/wp-content\/uploads\/2024\/03\/SR38RG.webp","datePublished":"2024-03-01T15:48:59+00:00","dateModified":"2026-04-15T00:17:23+00:00","description":"Rote 2-lagige Servietten 38x38 cm - Elegant, strapazierf\u00e4hig und praktisch, ideal f\u00fcr Restaurants, Catering und festliche Mahlzeiten.","breadcrumb":{"@id":"https:\/\/www.csj-emballages.com\/de\/produit\/50-2-lagige-servietten-38-x-38-cm-rot\/#breadcrumb"},"inLanguage":"de","potentialAction":[{"@type":"ReadAction","target":["https:\/\/www.csj-emballages.com\/de\/produit\/50-2-lagige-servietten-38-x-38-cm-rot\/"]}]},{"@type":"ImageObject","inLanguage":"de","@id":"https:\/\/www.csj-emballages.com\/de\/produit\/50-2-lagige-servietten-38-x-38-cm-rot\/#primaryimage","url":"https:\/\/www.csj-emballages.com\/wp-content\/uploads\/2024\/03\/SR38RG.webp","contentUrl":"https:\/\/www.csj-emballages.com\/wp-content\/uploads\/2024\/03\/SR38RG.webp","width":800,"height":800,"caption":"Serviette rouge"},{"@type":"BreadcrumbList","@id":"https:\/\/www.csj-emballages.com\/de\/produit\/50-2-lagige-servietten-38-x-38-cm-rot\/#breadcrumb","itemListElement":[{"@type":"ListItem","position":1,"name":"Accueil","item":"https:\/\/www.csj-emballages.com\/de\/universum-lebensmittelverpackungen\/"},{"@type":"ListItem","position":2,"name":"Shop","item":"https:\/\/www.csj-emballages.com\/shop\/"},{"@type":"ListItem","position":3,"name":"Rote Serviette 2-lagig 38 x 38 cm pro 50"}]},{"@type":"WebSite","@id":"https:\/\/www.csj-emballages.com\/de\/#website","url":"https:\/\/www.csj-emballages.com\/de\/","name":"CSJ Emballages","description":"","publisher":{"@id":"https:\/\/www.csj-emballages.com\/de\/#organization"},"potentialAction":[{"@type":"SearchAction","target":{"@type":"EntryPoint","urlTemplate":"https:\/\/www.csj-emballages.com\/de\/?s={search_term_string}"},"query-input":{"@type":"PropertyValueSpecification","valueRequired":true,"valueName":"search_term_string"}}],"inLanguage":"de"},{"@type":"Organization","@id":"https:\/\/www.csj-emballages.com\/de\/#Organization\/","name":"CSJ Emballages","url":"https:\/\/www.csj-emballages.com\/de\/","logo":{"@type":"ImageObject","inLanguage":"de","@id":"https:\/\/www.csj-emballages.com\/de\/#\/schema\/logo\/image\/","url":"https:\/\/www.csj-emballages.com\/wp-content\/uploads\/2023\/10\/logo_csj.webp","contentUrl":"https:\/\/www.csj-emballages.com\/wp-content\/uploads\/2023\/10\/logo_csj.webp","width":250,"height":95,"caption":"CSJ Emballages"},"image":{"@id":"https:\/\/www.csj-emballages.com\/de\/#\/schema\/logo\/image\/"},"sameAs":["https:\/\/www.facebook.com\/csjemballages"],"address":{"@type":"PostalAddress","streetAddress":"ZI La Lechere","addressLocality":"Patornay","postalCode":"39130","addressCountry":"FR"},"contactPoint":[{"@type":"ContactPoint","contactType":"Service client","telephone":"0384254272","email":"contact@csj-emballages.com"}]}]}},"df_price":2.26,"df_sale_price":"","df_regular_price":2.26,"df_image_link":"https:\/\/www.csj-emballages.com\/wp-content\/uploads\/2024\/03\/SR38RG-300x300.webp","tiered_pricing_type":"fixed","tiered_pricing_fixed_rules":[],"tiered_pricing_percentage_rules":[],"tiered_pricing_minimum":1,"tiered_pricing_roles_data":[],"_links":{"self":[{"href":"https:\/\/www.csj-emballages.com\/de\/wp-json\/wp\/v2\/product\/17856","targetHints":{"allow":["GET"]}}],"collection":[{"href":"https:\/\/www.csj-emballages.com\/de\/wp-json\/wp\/v2\/product"}],"about":[{"href":"https:\/\/www.csj-emballages.com\/de\/wp-json\/wp\/v2\/types\/product"}],"wp:featuredmedia":[{"embeddable":true,"href":"https:\/\/www.csj-emballages.com\/de\/wp-json\/wp\/v2\/media\/241228"}],"wp:attachment":[{"href":"https:\/\/www.csj-emballages.com\/de\/wp-json\/wp\/v2\/media?parent=17856"}],"wp:term":[{"taxonomy":"product_brand","embeddable":true,"href":"https:\/\/www.csj-emballages.com\/de\/wp-json\/wp\/v2\/product_brand?post=17856"},{"taxonomy":"product_cat","embeddable":true,"href":"https:\/\/www.csj-emballages.com\/de\/wp-json\/wp\/v2\/product_cat?post=17856"},{"taxonomy":"product_tag","embeddable":true,"href":"https:\/\/www.csj-emballages.com\/de\/wp-json\/wp\/v2\/product_tag?post=17856"}],"curies":[{"name":"wp","href":"https:\/\/api.w.org\/{rel}","templated":true}]}}