{"id":17845,"date":"2024-03-01T16:48:59","date_gmt":"2024-03-01T15:48:59","guid":{"rendered":"https:\/\/u15jnbdpoq.preview.infomaniak.website\/produit\/30-servietten-2-lagig-gefaltet-kaenguru-weiss-40-x-32-cm\/"},"modified":"2026-05-07T02:19:48","modified_gmt":"2026-05-07T00:19:48","slug":"30-servietten-2-lagig-gefaltet-kaenguru-weiss-40-x-32-cm","status":"publish","type":"product","link":"https:\/\/www.csj-emballages.com\/de\/produit\/30-servietten-2-lagig-gefaltet-kaenguru-weiss-40-x-32-cm\/","title":{"rendered":"30 Servietten 2-lagig gefaltet K\u00e4nguru wei\u00df 40 x 32 cm"},"content":{"rendered":"<h2><span style=\"font-weight: bold; font-family: Georgia; text-decoration: underline;\">30 K\u00e4nguru-Servietten 2-lagig wei\u00df 40 x 32 cm<\/span><\/h2>\n<p>&nbsp;<\/p>\n<p><span style=\"font-weight: bold;\"> Beschreibung :<\/span><\/p>\n<p>&nbsp;<\/p>\n<h3><span style=\"font-weight: bold;\">Entdecken Sie unsere gefalteten Einweg-Besteckservietten.<\/span><\/h3>\n<p>&nbsp;  Wei\u00dfe K\u00e4nguru-Taschenservietten aus 2-lagigem Papier, die haupts\u00e4chlich f\u00fcr das Catering vor Ort gedacht sind. Diese Servietten eignen sich perfekt, um Ihr Besteck hineinzulegen und Ihren Tisch aufzuwerten. 100% geeignet f\u00fcr den Kontakt mit Lebensmitteln  &nbsp;<\/p>\n<h3><span style=\"font-weight: bold; text-decoration: underline;\">Eigenschaften der wei\u00dfen Pocket-Servietten :<\/span><\/h3>\n<p>&nbsp;<\/p>\n<ul>\n<li>Verkauft an Privatpersonen \/ Fachleute<\/li>\n<li><span style=\"font-weight: bold; text-decoration: underline;\">Abmessungen<\/span>: 40 x 32 cm<\/li>\n<li><span style=\"font-weight: bold; text-decoration: underline;\">Verpackung<\/span>: Packung mit 30 gedeckten Servietten<\/li>\n<li>Zur besseren Lagerung in Schutzfolie verpackt.<\/li>\n<li><span style=\"font-weight: bold; text-decoration: underline;\">Material<\/span>: Papier<\/li>\n<\/ul>\n<p>&nbsp;<\/p>\n<h2><span style=\"font-weight: bold;\">Entscheiden Sie sich jetzt f\u00fcr K\u00e4nguru-Servietten mit Besteck!<\/span><\/h2>\n","protected":false},"excerpt":{"rendered":"<p>30 K\u00e4nguru-Servietten 2-lagig wei\u00df 40 x 32 cm &nbsp; Beschreibung : &nbsp; Entdecken Sie unsere gefalteten Einweg-Besteckservietten. &nbsp; Wei\u00dfe K\u00e4nguru-Taschenservietten aus 2-lagigem Papier, die haupts\u00e4chlich f\u00fcr das Catering vor Ort gedacht sind. Diese Servietten eignen sich perfekt, um Ihr Besteck hineinzulegen und Ihren Tisch aufzuwerten. 100% geeignet f\u00fcr den Kontakt mit Lebensmitteln &nbsp; Eigenschaften der [&hellip;]<\/p>\n","protected":false},"featured_media":202351,"template":"","meta":{"_acf_changed":false},"product_brand":[],"product_cat":[1137,1134,1135,1701],"product_tag":[],"class_list":{"0":"post-17845","1":"product","2":"type-product","3":"status-publish","4":"has-post-thumbnail","6":"product_cat-lebensmittelverpackungen","7":"product_cat-restauration-de","8":"product_cat-servietten-tischsets-tischdecken","9":"product_cat-kanguru-taschen","11":"first","12":"instock","13":"taxable","14":"shipping-taxable","15":"purchasable","16":"product-type-simple"},"acf":[],"yoast_head":"<!-- This site is optimized with the Yoast SEO Premium plugin v26.6 (Yoast SEO v26.6) - https:\/\/yoast.com\/wordpress\/plugins\/seo\/ -->\n<title>50 T\u00fctenservietten K\u00e4nguru Wei\u00df 40 x 32 cm \/ csj-emballages.com<\/title>\n<meta name=\"description\" content=\"Kaufen Sie 2-lagige Servietten Wei\u00df! Gr\u00f6\u00dfe: 400 x 320 mm! Wir bieten Ihnen eine Packung mit 50 strapazierf\u00e4higen, qualitativ hochwertigen Airlaid Handt\u00fcchern zu DISCOUNT-Preisen an.\" \/>\n<meta name=\"robots\" content=\"index, follow, max-snippet:-1, max-image-preview:large, max-video-preview:-1\" \/>\n<link rel=\"canonical\" href=\"https:\/\/www.csj-emballages.com\/de\/produit\/30-servietten-2-lagig-gefaltet-kaenguru-weiss-40-x-32-cm\/\" \/>\n<meta property=\"og:locale\" content=\"de_DE\" \/>\n<meta property=\"og:type\" content=\"article\" \/>\n<meta property=\"og:title\" content=\"30 Servietten 2-lagig gefaltet K\u00e4nguru wei\u00df 40 x 32 cm\" \/>\n<meta property=\"og:description\" content=\"Kaufen Sie 2-lagige Servietten Wei\u00df! Gr\u00f6\u00dfe: 400 x 320 mm! Wir bieten Ihnen eine Packung mit 50 strapazierf\u00e4higen, qualitativ hochwertigen Airlaid Handt\u00fcchern zu DISCOUNT-Preisen an.\" \/>\n<meta property=\"og:url\" content=\"https:\/\/www.csj-emballages.com\/de\/produit\/30-servietten-2-lagig-gefaltet-kaenguru-weiss-40-x-32-cm\/\" \/>\n<meta property=\"og:site_name\" content=\"CSJ Emballages\" \/>\n<meta property=\"article:publisher\" content=\"https:\/\/www.facebook.com\/csjemballages\" \/>\n<meta property=\"article:modified_time\" content=\"2026-05-07T00:19:48+00:00\" \/>\n<meta property=\"og:image\" content=\"https:\/\/www.csj-emballages.com\/wp-content\/uploads\/2024\/03\/Capture-d-e-cran-2023-10-18-a-08-31-41-zoom.png\" \/>\n\t<meta property=\"og:image:width\" content=\"514\" \/>\n\t<meta property=\"og:image:height\" content=\"546\" \/>\n\t<meta property=\"og:image:type\" content=\"image\/png\" \/>\n<meta name=\"twitter:card\" content=\"summary_large_image\" \/>\n<script type=\"application\/ld+json\" class=\"yoast-schema-graph\">{\"@context\":\"https:\/\/schema.org\",\"@graph\":[{\"@type\":\"WebPage\",\"@id\":\"https:\/\/www.csj-emballages.com\/de\/produit\/30-servietten-2-lagig-gefaltet-kaenguru-weiss-40-x-32-cm\/\",\"url\":\"https:\/\/www.csj-emballages.com\/de\/produit\/30-servietten-2-lagig-gefaltet-kaenguru-weiss-40-x-32-cm\/\",\"name\":\"50 T\u00fctenservietten K\u00e4nguru Wei\u00df 40 x 32 cm \/ csj-emballages.com\",\"isPartOf\":{\"@id\":\"https:\/\/www.csj-emballages.com\/de\/#website\"},\"primaryImageOfPage\":{\"@id\":\"https:\/\/www.csj-emballages.com\/de\/produit\/30-servietten-2-lagig-gefaltet-kaenguru-weiss-40-x-32-cm\/#primaryimage\"},\"image\":{\"@id\":\"https:\/\/www.csj-emballages.com\/de\/produit\/30-servietten-2-lagig-gefaltet-kaenguru-weiss-40-x-32-cm\/#primaryimage\"},\"thumbnailUrl\":\"https:\/\/www.csj-emballages.com\/wp-content\/uploads\/2024\/03\/Pochettes-couverts-blanche.webp\",\"datePublished\":\"2024-03-01T15:48:59+00:00\",\"dateModified\":\"2026-05-07T00:19:48+00:00\",\"description\":\"Kaufen Sie 2-lagige Servietten Wei\u00df! Gr\u00f6\u00dfe: 400 x 320 mm! Wir bieten Ihnen eine Packung mit 50 strapazierf\u00e4higen, qualitativ hochwertigen Airlaid Handt\u00fcchern zu DISCOUNT-Preisen an.\",\"breadcrumb\":{\"@id\":\"https:\/\/www.csj-emballages.com\/de\/produit\/30-servietten-2-lagig-gefaltet-kaenguru-weiss-40-x-32-cm\/#breadcrumb\"},\"inLanguage\":\"de\",\"potentialAction\":[{\"@type\":\"ReadAction\",\"target\":[\"https:\/\/www.csj-emballages.com\/de\/produit\/30-servietten-2-lagig-gefaltet-kaenguru-weiss-40-x-32-cm\/\"]}]},{\"@type\":\"ImageObject\",\"inLanguage\":\"de\",\"@id\":\"https:\/\/www.csj-emballages.com\/de\/produit\/30-servietten-2-lagig-gefaltet-kaenguru-weiss-40-x-32-cm\/#primaryimage\",\"url\":\"https:\/\/www.csj-emballages.com\/wp-content\/uploads\/2024\/03\/Pochettes-couverts-blanche.webp\",\"contentUrl\":\"https:\/\/www.csj-emballages.com\/wp-content\/uploads\/2024\/03\/Pochettes-couverts-blanche.webp\",\"width\":801,\"height\":801,\"caption\":\"Pochette couvert\"},{\"@type\":\"BreadcrumbList\",\"@id\":\"https:\/\/www.csj-emballages.com\/de\/produit\/30-servietten-2-lagig-gefaltet-kaenguru-weiss-40-x-32-cm\/#breadcrumb\",\"itemListElement\":[{\"@type\":\"ListItem\",\"position\":1,\"name\":\"Accueil\",\"item\":\"https:\/\/www.csj-emballages.com\/de\/universum-lebensmittelverpackungen\/\"},{\"@type\":\"ListItem\",\"position\":2,\"name\":\"Shop\",\"item\":\"https:\/\/www.csj-emballages.com\/shop\/\"},{\"@type\":\"ListItem\",\"position\":3,\"name\":\"30 Servietten 2-lagig gefaltet K\u00e4nguru wei\u00df 40 x 32 cm\"}]},{\"@type\":\"WebSite\",\"@id\":\"https:\/\/www.csj-emballages.com\/de\/#website\",\"url\":\"https:\/\/www.csj-emballages.com\/de\/\",\"name\":\"CSJ Emballages\",\"description\":\"\",\"publisher\":{\"@id\":\"https:\/\/www.csj-emballages.com\/de\/#organization\"},\"potentialAction\":[{\"@type\":\"SearchAction\",\"target\":{\"@type\":\"EntryPoint\",\"urlTemplate\":\"https:\/\/www.csj-emballages.com\/de\/?s={search_term_string}\"},\"query-input\":{\"@type\":\"PropertyValueSpecification\",\"valueRequired\":true,\"valueName\":\"search_term_string\"}}],\"inLanguage\":\"de\"},{\"@type\":\"Organization\",\"@id\":\"https:\/\/www.csj-emballages.com\/de\/#Organization\/\",\"name\":\"CSJ Emballages\",\"url\":\"https:\/\/www.csj-emballages.com\/de\/\",\"logo\":{\"@type\":\"ImageObject\",\"inLanguage\":\"de\",\"@id\":\"https:\/\/www.csj-emballages.com\/de\/#\/schema\/logo\/image\/\",\"url\":\"https:\/\/www.csj-emballages.com\/wp-content\/uploads\/2023\/10\/logo_csj.webp\",\"contentUrl\":\"https:\/\/www.csj-emballages.com\/wp-content\/uploads\/2023\/10\/logo_csj.webp\",\"width\":250,\"height\":95,\"caption\":\"CSJ Emballages\"},\"image\":{\"@id\":\"https:\/\/www.csj-emballages.com\/de\/#\/schema\/logo\/image\/\"},\"sameAs\":[\"https:\/\/www.facebook.com\/csjemballages\"],\"address\":{\"@type\":\"PostalAddress\",\"streetAddress\":\"ZI La Lechere\",\"addressLocality\":\"Patornay\",\"postalCode\":\"39130\",\"addressCountry\":\"FR\"},\"contactPoint\":[{\"@type\":\"ContactPoint\",\"contactType\":\"Service client\",\"telephone\":\"0384254272\",\"email\":\"contact@csj-emballages.com\"}]}]}<\/script>\n<!-- \/ Yoast SEO Premium plugin. -->","yoast_head_json":{"title":"50 T\u00fctenservietten K\u00e4nguru Wei\u00df 40 x 32 cm \/ csj-emballages.com","description":"Kaufen Sie 2-lagige Servietten Wei\u00df! Gr\u00f6\u00dfe: 400 x 320 mm! Wir bieten Ihnen eine Packung mit 50 strapazierf\u00e4higen, qualitativ hochwertigen Airlaid Handt\u00fcchern zu DISCOUNT-Preisen an.","robots":{"index":"index","follow":"follow","max-snippet":"max-snippet:-1","max-image-preview":"max-image-preview:large","max-video-preview":"max-video-preview:-1"},"canonical":"https:\/\/www.csj-emballages.com\/de\/produit\/30-servietten-2-lagig-gefaltet-kaenguru-weiss-40-x-32-cm\/","og_locale":"de_DE","og_type":"article","og_title":"30 Servietten 2-lagig gefaltet K\u00e4nguru wei\u00df 40 x 32 cm","og_description":"Kaufen Sie 2-lagige Servietten Wei\u00df! Gr\u00f6\u00dfe: 400 x 320 mm! Wir bieten Ihnen eine Packung mit 50 strapazierf\u00e4higen, qualitativ hochwertigen Airlaid Handt\u00fcchern zu DISCOUNT-Preisen an.","og_url":"https:\/\/www.csj-emballages.com\/de\/produit\/30-servietten-2-lagig-gefaltet-kaenguru-weiss-40-x-32-cm\/","og_site_name":"CSJ Emballages","article_publisher":"https:\/\/www.facebook.com\/csjemballages","article_modified_time":"2026-05-07T00:19:48+00:00","og_image":[{"width":514,"height":546,"url":"https:\/\/www.csj-emballages.com\/wp-content\/uploads\/2024\/03\/Capture-d-e-cran-2023-10-18-a-08-31-41-zoom.png","type":"image\/png"}],"twitter_card":"summary_large_image","schema":{"@context":"https:\/\/schema.org","@graph":[{"@type":"WebPage","@id":"https:\/\/www.csj-emballages.com\/de\/produit\/30-servietten-2-lagig-gefaltet-kaenguru-weiss-40-x-32-cm\/","url":"https:\/\/www.csj-emballages.com\/de\/produit\/30-servietten-2-lagig-gefaltet-kaenguru-weiss-40-x-32-cm\/","name":"50 T\u00fctenservietten K\u00e4nguru Wei\u00df 40 x 32 cm \/ csj-emballages.com","isPartOf":{"@id":"https:\/\/www.csj-emballages.com\/de\/#website"},"primaryImageOfPage":{"@id":"https:\/\/www.csj-emballages.com\/de\/produit\/30-servietten-2-lagig-gefaltet-kaenguru-weiss-40-x-32-cm\/#primaryimage"},"image":{"@id":"https:\/\/www.csj-emballages.com\/de\/produit\/30-servietten-2-lagig-gefaltet-kaenguru-weiss-40-x-32-cm\/#primaryimage"},"thumbnailUrl":"https:\/\/www.csj-emballages.com\/wp-content\/uploads\/2024\/03\/Pochettes-couverts-blanche.webp","datePublished":"2024-03-01T15:48:59+00:00","dateModified":"2026-05-07T00:19:48+00:00","description":"Kaufen Sie 2-lagige Servietten Wei\u00df! Gr\u00f6\u00dfe: 400 x 320 mm! Wir bieten Ihnen eine Packung mit 50 strapazierf\u00e4higen, qualitativ hochwertigen Airlaid Handt\u00fcchern zu DISCOUNT-Preisen an.","breadcrumb":{"@id":"https:\/\/www.csj-emballages.com\/de\/produit\/30-servietten-2-lagig-gefaltet-kaenguru-weiss-40-x-32-cm\/#breadcrumb"},"inLanguage":"de","potentialAction":[{"@type":"ReadAction","target":["https:\/\/www.csj-emballages.com\/de\/produit\/30-servietten-2-lagig-gefaltet-kaenguru-weiss-40-x-32-cm\/"]}]},{"@type":"ImageObject","inLanguage":"de","@id":"https:\/\/www.csj-emballages.com\/de\/produit\/30-servietten-2-lagig-gefaltet-kaenguru-weiss-40-x-32-cm\/#primaryimage","url":"https:\/\/www.csj-emballages.com\/wp-content\/uploads\/2024\/03\/Pochettes-couverts-blanche.webp","contentUrl":"https:\/\/www.csj-emballages.com\/wp-content\/uploads\/2024\/03\/Pochettes-couverts-blanche.webp","width":801,"height":801,"caption":"Pochette couvert"},{"@type":"BreadcrumbList","@id":"https:\/\/www.csj-emballages.com\/de\/produit\/30-servietten-2-lagig-gefaltet-kaenguru-weiss-40-x-32-cm\/#breadcrumb","itemListElement":[{"@type":"ListItem","position":1,"name":"Accueil","item":"https:\/\/www.csj-emballages.com\/de\/universum-lebensmittelverpackungen\/"},{"@type":"ListItem","position":2,"name":"Shop","item":"https:\/\/www.csj-emballages.com\/shop\/"},{"@type":"ListItem","position":3,"name":"30 Servietten 2-lagig gefaltet K\u00e4nguru wei\u00df 40 x 32 cm"}]},{"@type":"WebSite","@id":"https:\/\/www.csj-emballages.com\/de\/#website","url":"https:\/\/www.csj-emballages.com\/de\/","name":"CSJ Emballages","description":"","publisher":{"@id":"https:\/\/www.csj-emballages.com\/de\/#organization"},"potentialAction":[{"@type":"SearchAction","target":{"@type":"EntryPoint","urlTemplate":"https:\/\/www.csj-emballages.com\/de\/?s={search_term_string}"},"query-input":{"@type":"PropertyValueSpecification","valueRequired":true,"valueName":"search_term_string"}}],"inLanguage":"de"},{"@type":"Organization","@id":"https:\/\/www.csj-emballages.com\/de\/#Organization\/","name":"CSJ Emballages","url":"https:\/\/www.csj-emballages.com\/de\/","logo":{"@type":"ImageObject","inLanguage":"de","@id":"https:\/\/www.csj-emballages.com\/de\/#\/schema\/logo\/image\/","url":"https:\/\/www.csj-emballages.com\/wp-content\/uploads\/2023\/10\/logo_csj.webp","contentUrl":"https:\/\/www.csj-emballages.com\/wp-content\/uploads\/2023\/10\/logo_csj.webp","width":250,"height":95,"caption":"CSJ Emballages"},"image":{"@id":"https:\/\/www.csj-emballages.com\/de\/#\/schema\/logo\/image\/"},"sameAs":["https:\/\/www.facebook.com\/csjemballages"],"address":{"@type":"PostalAddress","streetAddress":"ZI La Lechere","addressLocality":"Patornay","postalCode":"39130","addressCountry":"FR"},"contactPoint":[{"@type":"ContactPoint","contactType":"Service client","telephone":"0384254272","email":"contact@csj-emballages.com"}]}]}},"df_price":1.1,"df_sale_price":"","df_regular_price":1.1,"df_image_link":"https:\/\/www.csj-emballages.com\/wp-content\/uploads\/2024\/03\/Pochettes-couverts-blanche-300x300.webp","tiered_pricing_type":"fixed","tiered_pricing_fixed_rules":[],"tiered_pricing_percentage_rules":[],"tiered_pricing_minimum":1,"tiered_pricing_roles_data":[],"_links":{"self":[{"href":"https:\/\/www.csj-emballages.com\/de\/wp-json\/wp\/v2\/product\/17845","targetHints":{"allow":["GET"]}}],"collection":[{"href":"https:\/\/www.csj-emballages.com\/de\/wp-json\/wp\/v2\/product"}],"about":[{"href":"https:\/\/www.csj-emballages.com\/de\/wp-json\/wp\/v2\/types\/product"}],"wp:featuredmedia":[{"embeddable":true,"href":"https:\/\/www.csj-emballages.com\/de\/wp-json\/wp\/v2\/media\/202351"}],"wp:attachment":[{"href":"https:\/\/www.csj-emballages.com\/de\/wp-json\/wp\/v2\/media?parent=17845"}],"wp:term":[{"taxonomy":"product_brand","embeddable":true,"href":"https:\/\/www.csj-emballages.com\/de\/wp-json\/wp\/v2\/product_brand?post=17845"},{"taxonomy":"product_cat","embeddable":true,"href":"https:\/\/www.csj-emballages.com\/de\/wp-json\/wp\/v2\/product_cat?post=17845"},{"taxonomy":"product_tag","embeddable":true,"href":"https:\/\/www.csj-emballages.com\/de\/wp-json\/wp\/v2\/product_tag?post=17845"}],"curies":[{"name":"wp","href":"https:\/\/api.w.org\/{rel}","templated":true}]}}