{"id":17841,"date":"2024-03-01T16:48:58","date_gmt":"2024-03-01T15:48:58","guid":{"rendered":"https:\/\/u15jnbdpoq.preview.infomaniak.website\/produit\/1200-weisse-vliesservietten-40-x-40-cm\/"},"modified":"2026-04-29T02:18:41","modified_gmt":"2026-04-29T00:18:41","slug":"1200-weisse-vliesservietten-40-x-40-cm","status":"publish","type":"product","link":"https:\/\/www.csj-emballages.com\/de\/produit\/1200-weisse-vliesservietten-40-x-40-cm\/","title":{"rendered":"Vliesserviette wei\u00df 40 x 40 cm pro 50"},"content":{"rendered":"<h2>Vliesserviette wei\u00df<\/h2>\n<hr>\n<h3>Beschreibung unserer Vliesserviette wei\u00df 40 x 40 cm pro 50 St\u00fcck<span class=\"Apple-converted-space\"> <\/span><\/h3>\n<p><!--more--><\/p>\n<p class=\"\" data-start=\"149\" data-end=\"603\">Verleihen Sie Ihren Tischen einen Hauch von Eleganz und Zweckm\u00e4\u00dfigkeit mit dieser <strong data-start=\"223\" data-end=\"274\">wei\u00dfen Vliesserviette im Format 40 x 40 cm,<\/strong> erh\u00e4ltlich im Set zu 50 St\u00fcck. Die aus hochwertigem Material hergestellte Serviette bietet den edlen Look eines Stoffes und ist gleichzeitig eine Einwegserviette, was sie zur idealen L\u00f6sung f\u00fcr <strong data-start=\"469\" data-end=\"482\">Caterer<\/strong>, <strong data-start=\"484\" data-end=\"499\">Restaurants<\/strong>, <strong data-start=\"501\" data-end=\"511\">Hotels<\/strong>, <strong data-start=\"513\" data-end=\"543\">Eventveranstalter<\/strong> oder sogar f\u00fcr den <strong data-start=\"566\" data-end=\"602\">Hausgebrauch bei festlichen Mahlzeiten<\/strong> macht. <\/p>\n<p class=\"\" data-start=\"605\" data-end=\"975\">Das hohe Fl\u00e4chengewicht sorgt f\u00fcr eine ausgezeichnete Feuchtigkeitsbest\u00e4ndigkeit und einen weichen, angenehmen Griff. Sie l\u00e4sst sich leicht falten und in Form bringen und erm\u00f6glicht eine <strong data-start=\"755\" data-end=\"779\">gepflegte Pr\u00e4sentation<\/strong>, die Ihre G\u00e4ste beeindrucken wird. Diese Serviette eignet sich perfekt f\u00fcr elegante Veranstaltungen wie Hochzeiten, Empf\u00e4nge oder Gesch\u00e4ftsessen und vereint <strong data-start=\"938\" data-end=\"974\">\u00c4sthetik, Hygiene und Zweckm\u00e4\u00dfigkeit<\/strong>.  <\/p>\n<p data-start=\"605\" data-end=\"975\"><!--more--><\/p>\n<h4 data-start=\"605\" data-end=\"975\">Ihre Vorteile :<\/h4>\n<ul>\n<li>Hochwertige Stoffoptik f\u00fcr eine elegante Pr\u00e4sentation.<\/li>\n<li>Strapazierf\u00e4hig und saugf\u00e4hig dank des hochwertigen Vliesmaterials.<\/li>\n<li>Ideal f\u00fcr die professionelle Gastronomie oder private Veranstaltungen.<\/li>\n<li>Praktisches Format 40 x 40 cm f\u00fcr alle Arten von Mahlzeiten.<\/li>\n<\/ul>\n<h3 class=\"\" data-start=\"977\" data-end=\"998\"><\/h3>\n<p><!--more--><\/p>\n<h4><strong>Weitere Informationen :<\/strong><\/h4>\n<div>\n<ul style=\"font-family: Roboto, sans-serif\">\n<li><strong>Verpackung<\/strong>: Packung mit 50 St\u00fcck<\/li>\n<li><span><span style=\"font-weight: bold\">Abmessungen<\/span>: 40 x 40 cm<\/span><\/li>\n<li><span><span style=\"font-weight: bold\">Farbe<\/span>: Wei\u00df<\/span><\/li>\n<li><span><span style=\"font-weight: bold\">Material<\/span>: Vliesstoff<\/span><\/li>\n<\/ul>\n<p>&nbsp;<\/p>\n<\/div>\n<p><!--more--><\/p>\n<p>Dieses Produkt ist auch in der Farbe Elfenbein erh\u00e4ltlich : <span style=\"color: #d12727\"><a style=\"color: #d12727\" href=\"https:\/\/www.csj-emballages.com\/es\/produit\/1200-toallas-no-tejidas-marfil-40-x-40-cm\/\">SR40INTIV<\/a><\/span><\/p>\n<p>&nbsp;<\/p>\n<p><!--more--><\/p>\n<p><a href=\"https:\/\/www.csj-emballages.com\/de\/categorie-produit\/lebensmittelverpackungen\/restauration-de\/servietten-tischsets-tischdecken\/handtucher\/vliesservietten\/\">Sehen Sie sich den Rest unseres Sortiments an Vliesstoffservietten an<\/a><\/p>\n","protected":false},"excerpt":{"rendered":"<p>Vliesserviette wei\u00df Beschreibung unserer Vliesserviette wei\u00df 40 x 40 cm pro 50 St\u00fcck<\/p>\n","protected":false},"featured_media":230855,"template":"","meta":{"_acf_changed":false},"product_brand":[],"product_cat":[1137,1134,1135,1251,1706],"product_tag":[],"class_list":{"0":"post-17841","1":"product","2":"type-product","3":"status-publish","4":"has-post-thumbnail","6":"product_cat-lebensmittelverpackungen","7":"product_cat-restauration-de","8":"product_cat-servietten-tischsets-tischdecken","9":"product_cat-handtucher","10":"product_cat-vliesservietten","12":"first","13":"instock","14":"taxable","15":"shipping-taxable","16":"purchasable","17":"product-type-simple"},"acf":[],"yoast_head":"<!-- This site is optimized with the Yoast SEO Premium plugin v26.6 (Yoast SEO v26.6) - https:\/\/yoast.com\/wordpress\/plugins\/seo\/ -->\n<title>Vlies Serviette Wei\u00df - 40 x 40 cm pro 50<\/title>\n<meta name=\"description\" content=\"Wei\u00dfe Vliesserviette 40 x 40 cm - 50er-Pack Elegant, strapazierf\u00e4hig und zum Wegwerfen, perfekt f\u00fcr den professionellen Einsatz oder private Veranstaltungen.\" \/>\n<meta name=\"robots\" content=\"index, follow, max-snippet:-1, max-image-preview:large, max-video-preview:-1\" \/>\n<link rel=\"canonical\" href=\"https:\/\/www.csj-emballages.com\/de\/produit\/1200-weisse-vliesservietten-40-x-40-cm\/\" \/>\n<meta property=\"og:locale\" content=\"de_DE\" \/>\n<meta property=\"og:type\" content=\"article\" \/>\n<meta property=\"og:title\" content=\"Vliesserviette wei\u00df 40 x 40 cm pro 50\" \/>\n<meta property=\"og:description\" content=\"Wei\u00dfe Vliesserviette 40 x 40 cm - 50er-Pack Elegant, strapazierf\u00e4hig und zum Wegwerfen, perfekt f\u00fcr den professionellen Einsatz oder private Veranstaltungen.\" \/>\n<meta property=\"og:url\" content=\"https:\/\/www.csj-emballages.com\/de\/produit\/1200-weisse-vliesservietten-40-x-40-cm\/\" \/>\n<meta property=\"og:site_name\" content=\"CSJ Emballages\" \/>\n<meta property=\"article:publisher\" content=\"https:\/\/www.facebook.com\/csjemballages\" \/>\n<meta property=\"article:modified_time\" content=\"2026-04-29T00:18:41+00:00\" \/>\n<meta property=\"og:image\" content=\"https:\/\/www.csj-emballages.com\/wp-content\/uploads\/2024\/03\/SR40INTBL.webp\" \/>\n\t<meta property=\"og:image:width\" content=\"800\" \/>\n\t<meta property=\"og:image:height\" content=\"800\" \/>\n\t<meta property=\"og:image:type\" content=\"image\/webp\" \/>\n<meta name=\"twitter:card\" content=\"summary_large_image\" \/>\n<meta name=\"twitter:label1\" content=\"Gesch\u00e4tzte Lesezeit\" \/>\n\t<meta name=\"twitter:data1\" content=\"1\u00a0Minute\" \/>\n<script type=\"application\/ld+json\" class=\"yoast-schema-graph\">{\"@context\":\"https:\/\/schema.org\",\"@graph\":[{\"@type\":\"WebPage\",\"@id\":\"https:\/\/www.csj-emballages.com\/de\/produit\/1200-weisse-vliesservietten-40-x-40-cm\/\",\"url\":\"https:\/\/www.csj-emballages.com\/de\/produit\/1200-weisse-vliesservietten-40-x-40-cm\/\",\"name\":\"Vlies Serviette Wei\u00df - 40 x 40 cm pro 50\",\"isPartOf\":{\"@id\":\"https:\/\/www.csj-emballages.com\/de\/#website\"},\"primaryImageOfPage\":{\"@id\":\"https:\/\/www.csj-emballages.com\/de\/produit\/1200-weisse-vliesservietten-40-x-40-cm\/#primaryimage\"},\"image\":{\"@id\":\"https:\/\/www.csj-emballages.com\/de\/produit\/1200-weisse-vliesservietten-40-x-40-cm\/#primaryimage\"},\"thumbnailUrl\":\"https:\/\/www.csj-emballages.com\/wp-content\/uploads\/2024\/03\/SR40INTBL.webp\",\"datePublished\":\"2024-03-01T15:48:58+00:00\",\"dateModified\":\"2026-04-29T00:18:41+00:00\",\"description\":\"Wei\u00dfe Vliesserviette 40 x 40 cm - 50er-Pack Elegant, strapazierf\u00e4hig und zum Wegwerfen, perfekt f\u00fcr den professionellen Einsatz oder private Veranstaltungen.\",\"breadcrumb\":{\"@id\":\"https:\/\/www.csj-emballages.com\/de\/produit\/1200-weisse-vliesservietten-40-x-40-cm\/#breadcrumb\"},\"inLanguage\":\"de\",\"potentialAction\":[{\"@type\":\"ReadAction\",\"target\":[\"https:\/\/www.csj-emballages.com\/de\/produit\/1200-weisse-vliesservietten-40-x-40-cm\/\"]}]},{\"@type\":\"ImageObject\",\"inLanguage\":\"de\",\"@id\":\"https:\/\/www.csj-emballages.com\/de\/produit\/1200-weisse-vliesservietten-40-x-40-cm\/#primaryimage\",\"url\":\"https:\/\/www.csj-emballages.com\/wp-content\/uploads\/2024\/03\/SR40INTBL.webp\",\"contentUrl\":\"https:\/\/www.csj-emballages.com\/wp-content\/uploads\/2024\/03\/SR40INTBL.webp\",\"width\":800,\"height\":800,\"caption\":\"Serviette intiss\u00e9 blanche\"},{\"@type\":\"BreadcrumbList\",\"@id\":\"https:\/\/www.csj-emballages.com\/de\/produit\/1200-weisse-vliesservietten-40-x-40-cm\/#breadcrumb\",\"itemListElement\":[{\"@type\":\"ListItem\",\"position\":1,\"name\":\"Accueil\",\"item\":\"https:\/\/www.csj-emballages.com\/de\/universum-lebensmittelverpackungen\/\"},{\"@type\":\"ListItem\",\"position\":2,\"name\":\"Shop\",\"item\":\"https:\/\/www.csj-emballages.com\/shop\/\"},{\"@type\":\"ListItem\",\"position\":3,\"name\":\"Vliesserviette wei\u00df 40 x 40 cm pro 50\"}]},{\"@type\":\"WebSite\",\"@id\":\"https:\/\/www.csj-emballages.com\/de\/#website\",\"url\":\"https:\/\/www.csj-emballages.com\/de\/\",\"name\":\"CSJ Emballages\",\"description\":\"\",\"publisher\":{\"@id\":\"https:\/\/www.csj-emballages.com\/de\/#organization\"},\"potentialAction\":[{\"@type\":\"SearchAction\",\"target\":{\"@type\":\"EntryPoint\",\"urlTemplate\":\"https:\/\/www.csj-emballages.com\/de\/?s={search_term_string}\"},\"query-input\":{\"@type\":\"PropertyValueSpecification\",\"valueRequired\":true,\"valueName\":\"search_term_string\"}}],\"inLanguage\":\"de\"},{\"@type\":\"Organization\",\"@id\":\"https:\/\/www.csj-emballages.com\/de\/#Organization\/\",\"name\":\"CSJ Emballages\",\"url\":\"https:\/\/www.csj-emballages.com\/de\/\",\"logo\":{\"@type\":\"ImageObject\",\"inLanguage\":\"de\",\"@id\":\"https:\/\/www.csj-emballages.com\/de\/#\/schema\/logo\/image\/\",\"url\":\"https:\/\/www.csj-emballages.com\/wp-content\/uploads\/2023\/10\/logo_csj.webp\",\"contentUrl\":\"https:\/\/www.csj-emballages.com\/wp-content\/uploads\/2023\/10\/logo_csj.webp\",\"width\":250,\"height\":95,\"caption\":\"CSJ Emballages\"},\"image\":{\"@id\":\"https:\/\/www.csj-emballages.com\/de\/#\/schema\/logo\/image\/\"},\"sameAs\":[\"https:\/\/www.facebook.com\/csjemballages\"],\"address\":{\"@type\":\"PostalAddress\",\"streetAddress\":\"ZI La Lechere\",\"addressLocality\":\"Patornay\",\"postalCode\":\"39130\",\"addressCountry\":\"FR\"},\"contactPoint\":[{\"@type\":\"ContactPoint\",\"contactType\":\"Service client\",\"telephone\":\"0384254272\",\"email\":\"contact@csj-emballages.com\"}]}]}<\/script>\n<!-- \/ Yoast SEO Premium plugin. -->","yoast_head_json":{"title":"Vlies Serviette Wei\u00df - 40 x 40 cm pro 50","description":"Wei\u00dfe Vliesserviette 40 x 40 cm - 50er-Pack Elegant, strapazierf\u00e4hig und zum Wegwerfen, perfekt f\u00fcr den professionellen Einsatz oder private Veranstaltungen.","robots":{"index":"index","follow":"follow","max-snippet":"max-snippet:-1","max-image-preview":"max-image-preview:large","max-video-preview":"max-video-preview:-1"},"canonical":"https:\/\/www.csj-emballages.com\/de\/produit\/1200-weisse-vliesservietten-40-x-40-cm\/","og_locale":"de_DE","og_type":"article","og_title":"Vliesserviette wei\u00df 40 x 40 cm pro 50","og_description":"Wei\u00dfe Vliesserviette 40 x 40 cm - 50er-Pack Elegant, strapazierf\u00e4hig und zum Wegwerfen, perfekt f\u00fcr den professionellen Einsatz oder private Veranstaltungen.","og_url":"https:\/\/www.csj-emballages.com\/de\/produit\/1200-weisse-vliesservietten-40-x-40-cm\/","og_site_name":"CSJ Emballages","article_publisher":"https:\/\/www.facebook.com\/csjemballages","article_modified_time":"2026-04-29T00:18:41+00:00","og_image":[{"width":800,"height":800,"url":"https:\/\/www.csj-emballages.com\/wp-content\/uploads\/2024\/03\/SR40INTBL.webp","type":"image\/webp"}],"twitter_card":"summary_large_image","twitter_misc":{"Gesch\u00e4tzte Lesezeit":"1\u00a0Minute"},"schema":{"@context":"https:\/\/schema.org","@graph":[{"@type":"WebPage","@id":"https:\/\/www.csj-emballages.com\/de\/produit\/1200-weisse-vliesservietten-40-x-40-cm\/","url":"https:\/\/www.csj-emballages.com\/de\/produit\/1200-weisse-vliesservietten-40-x-40-cm\/","name":"Vlies Serviette Wei\u00df - 40 x 40 cm pro 50","isPartOf":{"@id":"https:\/\/www.csj-emballages.com\/de\/#website"},"primaryImageOfPage":{"@id":"https:\/\/www.csj-emballages.com\/de\/produit\/1200-weisse-vliesservietten-40-x-40-cm\/#primaryimage"},"image":{"@id":"https:\/\/www.csj-emballages.com\/de\/produit\/1200-weisse-vliesservietten-40-x-40-cm\/#primaryimage"},"thumbnailUrl":"https:\/\/www.csj-emballages.com\/wp-content\/uploads\/2024\/03\/SR40INTBL.webp","datePublished":"2024-03-01T15:48:58+00:00","dateModified":"2026-04-29T00:18:41+00:00","description":"Wei\u00dfe Vliesserviette 40 x 40 cm - 50er-Pack Elegant, strapazierf\u00e4hig und zum Wegwerfen, perfekt f\u00fcr den professionellen Einsatz oder private Veranstaltungen.","breadcrumb":{"@id":"https:\/\/www.csj-emballages.com\/de\/produit\/1200-weisse-vliesservietten-40-x-40-cm\/#breadcrumb"},"inLanguage":"de","potentialAction":[{"@type":"ReadAction","target":["https:\/\/www.csj-emballages.com\/de\/produit\/1200-weisse-vliesservietten-40-x-40-cm\/"]}]},{"@type":"ImageObject","inLanguage":"de","@id":"https:\/\/www.csj-emballages.com\/de\/produit\/1200-weisse-vliesservietten-40-x-40-cm\/#primaryimage","url":"https:\/\/www.csj-emballages.com\/wp-content\/uploads\/2024\/03\/SR40INTBL.webp","contentUrl":"https:\/\/www.csj-emballages.com\/wp-content\/uploads\/2024\/03\/SR40INTBL.webp","width":800,"height":800,"caption":"Serviette intiss\u00e9 blanche"},{"@type":"BreadcrumbList","@id":"https:\/\/www.csj-emballages.com\/de\/produit\/1200-weisse-vliesservietten-40-x-40-cm\/#breadcrumb","itemListElement":[{"@type":"ListItem","position":1,"name":"Accueil","item":"https:\/\/www.csj-emballages.com\/de\/universum-lebensmittelverpackungen\/"},{"@type":"ListItem","position":2,"name":"Shop","item":"https:\/\/www.csj-emballages.com\/shop\/"},{"@type":"ListItem","position":3,"name":"Vliesserviette wei\u00df 40 x 40 cm pro 50"}]},{"@type":"WebSite","@id":"https:\/\/www.csj-emballages.com\/de\/#website","url":"https:\/\/www.csj-emballages.com\/de\/","name":"CSJ Emballages","description":"","publisher":{"@id":"https:\/\/www.csj-emballages.com\/de\/#organization"},"potentialAction":[{"@type":"SearchAction","target":{"@type":"EntryPoint","urlTemplate":"https:\/\/www.csj-emballages.com\/de\/?s={search_term_string}"},"query-input":{"@type":"PropertyValueSpecification","valueRequired":true,"valueName":"search_term_string"}}],"inLanguage":"de"},{"@type":"Organization","@id":"https:\/\/www.csj-emballages.com\/de\/#Organization\/","name":"CSJ Emballages","url":"https:\/\/www.csj-emballages.com\/de\/","logo":{"@type":"ImageObject","inLanguage":"de","@id":"https:\/\/www.csj-emballages.com\/de\/#\/schema\/logo\/image\/","url":"https:\/\/www.csj-emballages.com\/wp-content\/uploads\/2023\/10\/logo_csj.webp","contentUrl":"https:\/\/www.csj-emballages.com\/wp-content\/uploads\/2023\/10\/logo_csj.webp","width":250,"height":95,"caption":"CSJ Emballages"},"image":{"@id":"https:\/\/www.csj-emballages.com\/de\/#\/schema\/logo\/image\/"},"sameAs":["https:\/\/www.facebook.com\/csjemballages"],"address":{"@type":"PostalAddress","streetAddress":"ZI La Lechere","addressLocality":"Patornay","postalCode":"39130","addressCountry":"FR"},"contactPoint":[{"@type":"ContactPoint","contactType":"Service client","telephone":"0384254272","email":"contact@csj-emballages.com"}]}]}},"df_price":8.21,"df_sale_price":"","df_regular_price":8.21,"df_image_link":"https:\/\/www.csj-emballages.com\/wp-content\/uploads\/2024\/03\/SR40INTBL-300x300.webp","tiered_pricing_type":"fixed","tiered_pricing_fixed_rules":[],"tiered_pricing_percentage_rules":[],"tiered_pricing_minimum":1,"tiered_pricing_roles_data":[],"_links":{"self":[{"href":"https:\/\/www.csj-emballages.com\/de\/wp-json\/wp\/v2\/product\/17841","targetHints":{"allow":["GET"]}}],"collection":[{"href":"https:\/\/www.csj-emballages.com\/de\/wp-json\/wp\/v2\/product"}],"about":[{"href":"https:\/\/www.csj-emballages.com\/de\/wp-json\/wp\/v2\/types\/product"}],"wp:featuredmedia":[{"embeddable":true,"href":"https:\/\/www.csj-emballages.com\/de\/wp-json\/wp\/v2\/media\/230855"}],"wp:attachment":[{"href":"https:\/\/www.csj-emballages.com\/de\/wp-json\/wp\/v2\/media?parent=17841"}],"wp:term":[{"taxonomy":"product_brand","embeddable":true,"href":"https:\/\/www.csj-emballages.com\/de\/wp-json\/wp\/v2\/product_brand?post=17841"},{"taxonomy":"product_cat","embeddable":true,"href":"https:\/\/www.csj-emballages.com\/de\/wp-json\/wp\/v2\/product_cat?post=17841"},{"taxonomy":"product_tag","embeddable":true,"href":"https:\/\/www.csj-emballages.com\/de\/wp-json\/wp\/v2\/product_tag?post=17841"}],"curies":[{"name":"wp","href":"https:\/\/api.w.org\/{rel}","templated":true}]}}