{"id":17821,"date":"2024-03-01T16:49:00","date_gmt":"2024-03-01T15:49:00","guid":{"rendered":"https:\/\/u15jnbdpoq.preview.infomaniak.website\/produit\/50-2-lagige-servietten-38-x-38-cm-anisgruen\/"},"modified":"2026-04-28T02:19:30","modified_gmt":"2026-04-28T00:19:30","slug":"50-2-lagige-servietten-38-x-38-cm-anisgruen","status":"publish","type":"product","link":"https:\/\/www.csj-emballages.com\/de\/produit\/50-2-lagige-servietten-38-x-38-cm-anisgruen\/","title":{"rendered":"Handtuch Anisgr\u00fcn 2-lagig 38 x 38 cm pro 50"},"content":{"rendered":"<h2>Handtuch Anisgr\u00fcn<\/h2>\n<hr>\n<h3><span style=\"font-weight: bold;\">Entdecken Sie unsere anisgr\u00fcne Serviette 2-lagig 38 x 38 cm pro 50<\/span><\/h3>\n<p><!--more--><\/p>\n<div class=\"flex max-w-full flex-col flex-grow\">\n<div class=\"min-h-8 text-message flex w-full flex-col items-end gap-2 whitespace-normal break-words text-start [.text-message+&amp;]:mt-5\" dir=\"auto\" data-message-author-role=\"assistant\" data-message-id=\"9b149096-222c-4804-b25c-623d8d364029\" data-message-model-slug=\"gpt-4o-mini\">\n<div class=\"flex w-full flex-col gap-1 empty:hidden first:pt-[3px]\">\n<div class=\"markdown prose w-full break-words dark:prose-invert dark\">\n<p data-start=\"92\" data-end=\"518\">Bringen Sie einen Hauch von Eleganz und Frische auf Ihre Tische mit der <strong data-start=\"160\" data-end=\"208\">2-lagigen anisgr\u00fcnen Serviette 38 x 38 cm \u00e0 50 St\u00fcck<\/strong>. Diese Serviette ist sowohl f\u00fcr den professionellen Gastronomiebereich als auch f\u00fcr Privatpersonen ideal und vereint Zweckm\u00e4\u00dfigkeit und \u00c4sthetik. Das <strong data-start=\"351\" data-end=\"384\">gro\u00dfz\u00fcgige Format von 38 x 38 cm<\/strong> bietet Ihren G\u00e4sten einen optimalen Komfort und sorgt gleichzeitig f\u00fcr einen sch\u00f6nen Anblick auf Ihren Empfangstischen, Buffets oder t\u00e4glichen Mahlzeiten.  <\/p>\n<p data-start=\"520\" data-end=\"959\">Dank ihrer <strong data-start=\"531\" data-end=\"560\">doppelten Dicke (2 Lagen)<\/strong> ist diese Serviette sowohl strapazierf\u00e4hig als auch angenehm auf der Haut. Sie rei\u00dft nicht leicht und bietet eine gute Saugf\u00e4higkeit, was sie zu einer zuverl\u00e4ssigen Wahl macht, die sowohl zu leichten als auch zu schweren Mahlzeiten passt. Ob bei einem Mittagessen mit Freunden, einer Hochzeit, einem Bankett oder einer anderen Veranstaltung, diese <strong>anisgr\u00fcne Serviette<\/strong> wird f\u00fcr eine gesellige und raffinierte Atmosph\u00e4re sorgen.  <\/p>\n<p data-start=\"961\" data-end=\"1356\">Die <strong data-start=\"964\" data-end=\"985\">Farbe Anisgr\u00fcn<\/strong> ist wegen ihrer Frische und Modernit\u00e4t besonders beliebt. Sie l\u00e4sst sich leicht mit anderen Farbt\u00f6nen kombinieren, seien es schlichte Farben wie Wei\u00df und Schwarz oder kr\u00e4ftigere Farben wie Fuchsia oder Orange. So k\u00f6nnen Sie originelle und individuelle Tischdekorationen gestalten, die zur Identit\u00e4t Ihrer Einrichtung oder zum Thema Ihrer Veranstaltung passen.  <\/p>\n<p data-start=\"1358\" data-end=\"1676\">In <strong data-start=\"1375\" data-end=\"1402\">Packungen mit 50 Handt\u00fcchern<\/strong> verpackt, ist es eine kosteng\u00fcnstige und praktische L\u00f6sung. Sie haben immer einen passenden Vorrat f\u00fcr Ihren Bedarf, ohne Ihren Stauraum unn\u00f6tig zu belasten. Eine einfache, zuverl\u00e4ssige und \u00e4sthetische Wahl, um Ihre Tische im Alltag oder bei besonderen Anl\u00e4ssen zu versch\u00f6nern.  <\/p>\n<p data-start=\"1358\" data-end=\"1676\">\n<\/div>\n<\/div>\n<\/div>\n<\/div>\n<p><!--more--><\/p>\n<h4>Vorteile :<\/h4>\n<ul>\n<li><strong>Zeitlose Eleganz:<\/strong> Die Farbe <strong>Anisgr\u00fcn<\/strong> verleiht jedem Tisch einen frischen Touch.<\/li>\n<li><strong>Ideale Gr\u00f6\u00dfe:<\/strong> Mit den Ma\u00dfen <strong>38 x 38 cm<\/strong> eignen sich diese Handt\u00fccher f\u00fcr viele Zwecke.<\/li>\n<li><strong>H\u00f6here Widerstandsf\u00e4higkeit:<\/strong> Das 2-lagige Design garantiert St\u00e4rke und Effizienz bei intensiver Nutzung.<\/li>\n<li><strong>Angenehme Textur:<\/strong> Weich und saugf\u00e4hig, bieten sie optimalen Tragekomfort.<\/li>\n<\/ul>\n<p>&nbsp;<\/p>\n<p><!--more--><\/p>\n<h4>Weitere Informationen :<\/h4>\n<ul>\n<li><strong>Verpackung<\/strong>: Packung mit 50 St\u00fcck<\/li>\n<li><strong>Farbe<\/strong>: Anisgr\u00fcn<\/li>\n<li><strong>Ma\u00dfe<\/strong>: 38 x 38 cm aufgeklappt<\/li>\n<li><strong>Material<\/strong>: Zellulose<\/li>\n<\/ul>\n<p>&nbsp;<\/p>\n<p><!--more--><\/p>\n<p><a href=\"https:\/\/www.csj-emballages.com\/de\/categorie-produit\/lebensmittelverpackungen\/restauration-de\/servietten-tischsets-tischdecken\/handtucher\/2-lagige-servietten\/\">Sehen Sie sich den Rest unseres Sortiments an 2-lagigen Handt\u00fcchern an<\/a><\/p>\n","protected":false},"excerpt":{"rendered":"<p>Handtuch Anisgr\u00fcn Entdecken Sie unsere anisgr\u00fcne Serviette 2-lagig 38 x 38 cm pro 50<\/p>\n","protected":false},"featured_media":241194,"template":"","meta":{"_acf_changed":false},"product_brand":[],"product_cat":[1137,1134,1135,1251,1653],"product_tag":[],"class_list":{"0":"post-17821","1":"product","2":"type-product","3":"status-publish","4":"has-post-thumbnail","6":"product_cat-lebensmittelverpackungen","7":"product_cat-restauration-de","8":"product_cat-servietten-tischsets-tischdecken","9":"product_cat-handtucher","10":"product_cat-2-lagige-servietten","12":"first","13":"instock","14":"taxable","15":"shipping-taxable","16":"purchasable","17":"product-type-simple"},"acf":[],"yoast_head":"<!-- This site is optimized with the Yoast SEO Premium plugin v26.6 (Yoast SEO v26.6) - https:\/\/yoast.com\/wordpress\/plugins\/seo\/ -->\n<title>Handtuch Anisgr\u00fcn 2-lagig 38 x 38 cm pro 50<\/title>\n<meta name=\"description\" content=\"Bringen Sie mit unseren 2-lagigen anisgr\u00fcnen Servietten 38 x 38 cm \u00e0 50 St\u00fcck Frische auf Ihren Tisch: Sie sind strapazierf\u00e4hig, saugf\u00e4hig und ideal f\u00fcr alle Ihre Mahlzeiten.\" \/>\n<meta name=\"robots\" content=\"index, follow, max-snippet:-1, max-image-preview:large, max-video-preview:-1\" \/>\n<link rel=\"canonical\" href=\"https:\/\/www.csj-emballages.com\/de\/produit\/50-2-lagige-servietten-38-x-38-cm-anisgruen\/\" \/>\n<meta property=\"og:locale\" content=\"de_DE\" \/>\n<meta property=\"og:type\" content=\"article\" \/>\n<meta property=\"og:title\" content=\"Handtuch Anisgr\u00fcn 2-lagig 38 x 38 cm pro 50\" \/>\n<meta property=\"og:description\" content=\"Bringen Sie mit unseren 2-lagigen anisgr\u00fcnen Servietten 38 x 38 cm \u00e0 50 St\u00fcck Frische auf Ihren Tisch: Sie sind strapazierf\u00e4hig, saugf\u00e4hig und ideal f\u00fcr alle Ihre Mahlzeiten.\" \/>\n<meta property=\"og:url\" content=\"https:\/\/www.csj-emballages.com\/de\/produit\/50-2-lagige-servietten-38-x-38-cm-anisgruen\/\" \/>\n<meta property=\"og:site_name\" content=\"CSJ Emballages\" \/>\n<meta property=\"article:publisher\" content=\"https:\/\/www.facebook.com\/csjemballages\" \/>\n<meta property=\"article:modified_time\" content=\"2026-04-28T00:19:30+00:00\" \/>\n<meta property=\"og:image\" content=\"https:\/\/www.csj-emballages.com\/wp-content\/uploads\/2024\/03\/SR38P.webp\" \/>\n\t<meta property=\"og:image:width\" content=\"800\" \/>\n\t<meta property=\"og:image:height\" content=\"800\" \/>\n\t<meta property=\"og:image:type\" content=\"image\/webp\" \/>\n<meta name=\"twitter:card\" content=\"summary_large_image\" \/>\n<meta name=\"twitter:label1\" content=\"Gesch\u00e4tzte Lesezeit\" \/>\n\t<meta name=\"twitter:data1\" content=\"2 Minuten\" \/>\n<script type=\"application\/ld+json\" class=\"yoast-schema-graph\">{\"@context\":\"https:\/\/schema.org\",\"@graph\":[{\"@type\":\"WebPage\",\"@id\":\"https:\/\/www.csj-emballages.com\/de\/produit\/50-2-lagige-servietten-38-x-38-cm-anisgruen\/\",\"url\":\"https:\/\/www.csj-emballages.com\/de\/produit\/50-2-lagige-servietten-38-x-38-cm-anisgruen\/\",\"name\":\"Handtuch Anisgr\u00fcn 2-lagig 38 x 38 cm pro 50\",\"isPartOf\":{\"@id\":\"https:\/\/www.csj-emballages.com\/de\/#website\"},\"primaryImageOfPage\":{\"@id\":\"https:\/\/www.csj-emballages.com\/de\/produit\/50-2-lagige-servietten-38-x-38-cm-anisgruen\/#primaryimage\"},\"image\":{\"@id\":\"https:\/\/www.csj-emballages.com\/de\/produit\/50-2-lagige-servietten-38-x-38-cm-anisgruen\/#primaryimage\"},\"thumbnailUrl\":\"https:\/\/www.csj-emballages.com\/wp-content\/uploads\/2024\/03\/SR38P.webp\",\"datePublished\":\"2024-03-01T15:49:00+00:00\",\"dateModified\":\"2026-04-28T00:19:30+00:00\",\"description\":\"Bringen Sie mit unseren 2-lagigen anisgr\u00fcnen Servietten 38 x 38 cm \u00e0 50 St\u00fcck Frische auf Ihren Tisch: Sie sind strapazierf\u00e4hig, saugf\u00e4hig und ideal f\u00fcr alle Ihre Mahlzeiten.\",\"breadcrumb\":{\"@id\":\"https:\/\/www.csj-emballages.com\/de\/produit\/50-2-lagige-servietten-38-x-38-cm-anisgruen\/#breadcrumb\"},\"inLanguage\":\"de\",\"potentialAction\":[{\"@type\":\"ReadAction\",\"target\":[\"https:\/\/www.csj-emballages.com\/de\/produit\/50-2-lagige-servietten-38-x-38-cm-anisgruen\/\"]}]},{\"@type\":\"ImageObject\",\"inLanguage\":\"de\",\"@id\":\"https:\/\/www.csj-emballages.com\/de\/produit\/50-2-lagige-servietten-38-x-38-cm-anisgruen\/#primaryimage\",\"url\":\"https:\/\/www.csj-emballages.com\/wp-content\/uploads\/2024\/03\/SR38P.webp\",\"contentUrl\":\"https:\/\/www.csj-emballages.com\/wp-content\/uploads\/2024\/03\/SR38P.webp\",\"width\":800,\"height\":800,\"caption\":\"Serviette vert anis\"},{\"@type\":\"BreadcrumbList\",\"@id\":\"https:\/\/www.csj-emballages.com\/de\/produit\/50-2-lagige-servietten-38-x-38-cm-anisgruen\/#breadcrumb\",\"itemListElement\":[{\"@type\":\"ListItem\",\"position\":1,\"name\":\"Accueil\",\"item\":\"https:\/\/www.csj-emballages.com\/de\/universum-lebensmittelverpackungen\/\"},{\"@type\":\"ListItem\",\"position\":2,\"name\":\"Shop\",\"item\":\"https:\/\/www.csj-emballages.com\/shop\/\"},{\"@type\":\"ListItem\",\"position\":3,\"name\":\"Handtuch Anisgr\u00fcn 2-lagig 38 x 38 cm pro 50\"}]},{\"@type\":\"WebSite\",\"@id\":\"https:\/\/www.csj-emballages.com\/de\/#website\",\"url\":\"https:\/\/www.csj-emballages.com\/de\/\",\"name\":\"CSJ Emballages\",\"description\":\"\",\"publisher\":{\"@id\":\"https:\/\/www.csj-emballages.com\/de\/#organization\"},\"potentialAction\":[{\"@type\":\"SearchAction\",\"target\":{\"@type\":\"EntryPoint\",\"urlTemplate\":\"https:\/\/www.csj-emballages.com\/de\/?s={search_term_string}\"},\"query-input\":{\"@type\":\"PropertyValueSpecification\",\"valueRequired\":true,\"valueName\":\"search_term_string\"}}],\"inLanguage\":\"de\"},{\"@type\":\"Organization\",\"@id\":\"https:\/\/www.csj-emballages.com\/de\/#Organization\/\",\"name\":\"CSJ Emballages\",\"url\":\"https:\/\/www.csj-emballages.com\/de\/\",\"logo\":{\"@type\":\"ImageObject\",\"inLanguage\":\"de\",\"@id\":\"https:\/\/www.csj-emballages.com\/de\/#\/schema\/logo\/image\/\",\"url\":\"https:\/\/www.csj-emballages.com\/wp-content\/uploads\/2023\/10\/logo_csj.webp\",\"contentUrl\":\"https:\/\/www.csj-emballages.com\/wp-content\/uploads\/2023\/10\/logo_csj.webp\",\"width\":250,\"height\":95,\"caption\":\"CSJ Emballages\"},\"image\":{\"@id\":\"https:\/\/www.csj-emballages.com\/de\/#\/schema\/logo\/image\/\"},\"sameAs\":[\"https:\/\/www.facebook.com\/csjemballages\"],\"address\":{\"@type\":\"PostalAddress\",\"streetAddress\":\"ZI La Lechere\",\"addressLocality\":\"Patornay\",\"postalCode\":\"39130\",\"addressCountry\":\"FR\"},\"contactPoint\":[{\"@type\":\"ContactPoint\",\"contactType\":\"Service client\",\"telephone\":\"0384254272\",\"email\":\"contact@csj-emballages.com\"}]}]}<\/script>\n<!-- \/ Yoast SEO Premium plugin. -->","yoast_head_json":{"title":"Handtuch Anisgr\u00fcn 2-lagig 38 x 38 cm pro 50","description":"Bringen Sie mit unseren 2-lagigen anisgr\u00fcnen Servietten 38 x 38 cm \u00e0 50 St\u00fcck Frische auf Ihren Tisch: Sie sind strapazierf\u00e4hig, saugf\u00e4hig und ideal f\u00fcr alle Ihre Mahlzeiten.","robots":{"index":"index","follow":"follow","max-snippet":"max-snippet:-1","max-image-preview":"max-image-preview:large","max-video-preview":"max-video-preview:-1"},"canonical":"https:\/\/www.csj-emballages.com\/de\/produit\/50-2-lagige-servietten-38-x-38-cm-anisgruen\/","og_locale":"de_DE","og_type":"article","og_title":"Handtuch Anisgr\u00fcn 2-lagig 38 x 38 cm pro 50","og_description":"Bringen Sie mit unseren 2-lagigen anisgr\u00fcnen Servietten 38 x 38 cm \u00e0 50 St\u00fcck Frische auf Ihren Tisch: Sie sind strapazierf\u00e4hig, saugf\u00e4hig und ideal f\u00fcr alle Ihre Mahlzeiten.","og_url":"https:\/\/www.csj-emballages.com\/de\/produit\/50-2-lagige-servietten-38-x-38-cm-anisgruen\/","og_site_name":"CSJ Emballages","article_publisher":"https:\/\/www.facebook.com\/csjemballages","article_modified_time":"2026-04-28T00:19:30+00:00","og_image":[{"width":800,"height":800,"url":"https:\/\/www.csj-emballages.com\/wp-content\/uploads\/2024\/03\/SR38P.webp","type":"image\/webp"}],"twitter_card":"summary_large_image","twitter_misc":{"Gesch\u00e4tzte Lesezeit":"2 Minuten"},"schema":{"@context":"https:\/\/schema.org","@graph":[{"@type":"WebPage","@id":"https:\/\/www.csj-emballages.com\/de\/produit\/50-2-lagige-servietten-38-x-38-cm-anisgruen\/","url":"https:\/\/www.csj-emballages.com\/de\/produit\/50-2-lagige-servietten-38-x-38-cm-anisgruen\/","name":"Handtuch Anisgr\u00fcn 2-lagig 38 x 38 cm pro 50","isPartOf":{"@id":"https:\/\/www.csj-emballages.com\/de\/#website"},"primaryImageOfPage":{"@id":"https:\/\/www.csj-emballages.com\/de\/produit\/50-2-lagige-servietten-38-x-38-cm-anisgruen\/#primaryimage"},"image":{"@id":"https:\/\/www.csj-emballages.com\/de\/produit\/50-2-lagige-servietten-38-x-38-cm-anisgruen\/#primaryimage"},"thumbnailUrl":"https:\/\/www.csj-emballages.com\/wp-content\/uploads\/2024\/03\/SR38P.webp","datePublished":"2024-03-01T15:49:00+00:00","dateModified":"2026-04-28T00:19:30+00:00","description":"Bringen Sie mit unseren 2-lagigen anisgr\u00fcnen Servietten 38 x 38 cm \u00e0 50 St\u00fcck Frische auf Ihren Tisch: Sie sind strapazierf\u00e4hig, saugf\u00e4hig und ideal f\u00fcr alle Ihre Mahlzeiten.","breadcrumb":{"@id":"https:\/\/www.csj-emballages.com\/de\/produit\/50-2-lagige-servietten-38-x-38-cm-anisgruen\/#breadcrumb"},"inLanguage":"de","potentialAction":[{"@type":"ReadAction","target":["https:\/\/www.csj-emballages.com\/de\/produit\/50-2-lagige-servietten-38-x-38-cm-anisgruen\/"]}]},{"@type":"ImageObject","inLanguage":"de","@id":"https:\/\/www.csj-emballages.com\/de\/produit\/50-2-lagige-servietten-38-x-38-cm-anisgruen\/#primaryimage","url":"https:\/\/www.csj-emballages.com\/wp-content\/uploads\/2024\/03\/SR38P.webp","contentUrl":"https:\/\/www.csj-emballages.com\/wp-content\/uploads\/2024\/03\/SR38P.webp","width":800,"height":800,"caption":"Serviette vert anis"},{"@type":"BreadcrumbList","@id":"https:\/\/www.csj-emballages.com\/de\/produit\/50-2-lagige-servietten-38-x-38-cm-anisgruen\/#breadcrumb","itemListElement":[{"@type":"ListItem","position":1,"name":"Accueil","item":"https:\/\/www.csj-emballages.com\/de\/universum-lebensmittelverpackungen\/"},{"@type":"ListItem","position":2,"name":"Shop","item":"https:\/\/www.csj-emballages.com\/shop\/"},{"@type":"ListItem","position":3,"name":"Handtuch Anisgr\u00fcn 2-lagig 38 x 38 cm pro 50"}]},{"@type":"WebSite","@id":"https:\/\/www.csj-emballages.com\/de\/#website","url":"https:\/\/www.csj-emballages.com\/de\/","name":"CSJ Emballages","description":"","publisher":{"@id":"https:\/\/www.csj-emballages.com\/de\/#organization"},"potentialAction":[{"@type":"SearchAction","target":{"@type":"EntryPoint","urlTemplate":"https:\/\/www.csj-emballages.com\/de\/?s={search_term_string}"},"query-input":{"@type":"PropertyValueSpecification","valueRequired":true,"valueName":"search_term_string"}}],"inLanguage":"de"},{"@type":"Organization","@id":"https:\/\/www.csj-emballages.com\/de\/#Organization\/","name":"CSJ Emballages","url":"https:\/\/www.csj-emballages.com\/de\/","logo":{"@type":"ImageObject","inLanguage":"de","@id":"https:\/\/www.csj-emballages.com\/de\/#\/schema\/logo\/image\/","url":"https:\/\/www.csj-emballages.com\/wp-content\/uploads\/2023\/10\/logo_csj.webp","contentUrl":"https:\/\/www.csj-emballages.com\/wp-content\/uploads\/2023\/10\/logo_csj.webp","width":250,"height":95,"caption":"CSJ Emballages"},"image":{"@id":"https:\/\/www.csj-emballages.com\/de\/#\/schema\/logo\/image\/"},"sameAs":["https:\/\/www.facebook.com\/csjemballages"],"address":{"@type":"PostalAddress","streetAddress":"ZI La Lechere","addressLocality":"Patornay","postalCode":"39130","addressCountry":"FR"},"contactPoint":[{"@type":"ContactPoint","contactType":"Service client","telephone":"0384254272","email":"contact@csj-emballages.com"}]}]}},"df_price":2.27,"df_sale_price":"","df_regular_price":2.27,"df_image_link":"https:\/\/www.csj-emballages.com\/wp-content\/uploads\/2024\/03\/SR38P-300x300.webp","tiered_pricing_type":"fixed","tiered_pricing_fixed_rules":[],"tiered_pricing_percentage_rules":[],"tiered_pricing_minimum":1,"tiered_pricing_roles_data":[],"_links":{"self":[{"href":"https:\/\/www.csj-emballages.com\/de\/wp-json\/wp\/v2\/product\/17821","targetHints":{"allow":["GET"]}}],"collection":[{"href":"https:\/\/www.csj-emballages.com\/de\/wp-json\/wp\/v2\/product"}],"about":[{"href":"https:\/\/www.csj-emballages.com\/de\/wp-json\/wp\/v2\/types\/product"}],"wp:featuredmedia":[{"embeddable":true,"href":"https:\/\/www.csj-emballages.com\/de\/wp-json\/wp\/v2\/media\/241194"}],"wp:attachment":[{"href":"https:\/\/www.csj-emballages.com\/de\/wp-json\/wp\/v2\/media?parent=17821"}],"wp:term":[{"taxonomy":"product_brand","embeddable":true,"href":"https:\/\/www.csj-emballages.com\/de\/wp-json\/wp\/v2\/product_brand?post=17821"},{"taxonomy":"product_cat","embeddable":true,"href":"https:\/\/www.csj-emballages.com\/de\/wp-json\/wp\/v2\/product_cat?post=17821"},{"taxonomy":"product_tag","embeddable":true,"href":"https:\/\/www.csj-emballages.com\/de\/wp-json\/wp\/v2\/product_tag?post=17821"}],"curies":[{"name":"wp","href":"https:\/\/api.w.org\/{rel}","templated":true}]}}