{"id":17804,"date":"2024-03-01T16:49:00","date_gmt":"2024-03-01T15:49:00","guid":{"rendered":"https:\/\/u15jnbdpoq.preview.infomaniak.website\/produit\/50-2-lagige-servietten-38-x-38-cm-lavendel\/"},"modified":"2025-10-18T02:16:02","modified_gmt":"2025-10-18T00:16:02","slug":"50-2-lagige-servietten-38-x-38-cm-lavendel","status":"publish","type":"product","link":"https:\/\/www.csj-emballages.com\/de\/produit\/50-2-lagige-servietten-38-x-38-cm-lavendel\/","title":{"rendered":"Lila Serviette 2-lagig 38 x 38 cm pro 50"},"content":{"rendered":"<h2>Lila Handtuch<\/h2>\n<hr>\n<h3><span style=\"font-weight: bold;\">Entdecken Sie unsere fliederfarbene Serviette 2-lagig 38 x 38 cm pro 50<\/span><\/h3>\n<p><!--more--><\/p>\n<div class=\"flex max-w-full flex-col flex-grow\">\n<div class=\"min-h-8 text-message flex w-full flex-col items-end gap-2 whitespace-normal break-words text-start [.text-message+&amp;]:mt-5\" dir=\"auto\" data-message-author-role=\"assistant\" data-message-id=\"9b149096-222c-4804-b25c-623d8d364029\" data-message-model-slug=\"gpt-4o-mini\">\n<div class=\"flex w-full flex-col gap-1 empty:hidden first:pt-[3px]\">\n<div class=\"markdown prose w-full break-words dark:prose-invert dark\">\n<p data-start=\"237\" data-end=\"681\">Bringen Sie einen Hauch von Eleganz und Raffinesse auf Ihre Tische mit der <strong data-start=\"307\" data-end=\"351\">2-lagigen lila Serviette 38 x 38 cm \u00e0 50 St\u00fcck.<\/strong> Die Serviette ist sowohl f\u00fcr den professionellen als auch f\u00fcr den privaten Gebrauch gedacht und vereint <strong data-start=\"454\" data-end=\"467\">Zweckm\u00e4\u00dfigkeit<\/strong> und <strong data-start=\"471\" data-end=\"485\">\u00c4sthetik<\/strong>. Die zarte und raffinierte Farbe <strong>Lila<\/strong> ist ideal, um eine warme Atmosph\u00e4re zu schaffen, sei es bei einer Hochzeit, einem Geburtstag, einem Empfang oder einfach bei einem Essen mit der Familie.  <\/p>\n<p data-start=\"683\" data-end=\"1112\">Dieses <strong>Handtuch<\/strong> wird aus <strong data-start=\"696\" data-end=\"713\">2-lagigem Papier<\/strong> hergestellt und bietet eine gute Strapazierf\u00e4higkeit, w\u00e4hrend es sich gleichzeitig angenehm anf\u00fchlt. Es bietet eine gute Saugf\u00e4higkeit und eignet sich daher sowohl f\u00fcr den t\u00e4glichen Gebrauch als auch f\u00fcr besondere Anl\u00e4sse. Mit einem Format von <strong data-start=\"933\" data-end=\"947\">38 x 38 cm<\/strong> l\u00e4sst sich die Serviette weit ausbreiten, um einen optimalen Komfort zu bieten, w\u00e4hrend sie gleichzeitig auf verschiedene Arten gefaltet werden kann, um sich harmonisch in Ihre Tischdekoration einzuf\u00fcgen.  <\/p>\n<p data-start=\"1114\" data-end=\"1498\">Auch die <strong data-start=\"1145\" data-end=\"1189\">lilafarbene 2-lagige Serviette 38 x 38 cm pro<\/strong> <strong>50<\/strong> St\u00fcck, die im <strong data-start=\"1145\" data-end=\"1189\">50er-Pack<\/strong> verpackt ist, macht es Ihnen leicht, Ihre Bed\u00fcrfnisse zu erf\u00fcllen. Ihr praktischer Aspekt und ihre elegante \u00c4sthetik machen sie zu einem unverzichtbaren Hilfsmittel, um Ihre Mahlzeiten aufzuwerten. <\/p>\n<p data-start=\"1500\" data-end=\"1671\">Zusammenfassend l\u00e4sst sich sagen, dass diese <strong>Serviette<\/strong> <strong data-start=\"1508\" data-end=\"1519\">Qualit\u00e4t<\/strong>, <strong data-start=\"1521\" data-end=\"1533\">Eleganz<\/strong> und <strong data-start=\"1537\" data-end=\"1555\">Funktionalit\u00e4t<\/strong> vereint und das Detail ist, das bei Ihren Veranstaltungen und allt\u00e4glichen Mahlzeiten den Unterschied ausmacht.<\/p>\n<p data-start=\"1500\" data-end=\"1671\">\n<\/div>\n<\/div>\n<\/div>\n<\/div>\n<p><!--more--><\/p>\n<h4>Vorteile :<\/h4>\n<ul>\n<li><strong>Zeitlose Eleganz:<\/strong> Die Farbe <strong>Lila<\/strong> verleiht jedem Tisch einen raffinierten Touch.<\/li>\n<li><strong>Ideale Gr\u00f6\u00dfe:<\/strong> Mit den Ma\u00dfen <strong>38 x 38 cm<\/strong> eignen sich diese Handt\u00fccher f\u00fcr viele Zwecke.<\/li>\n<li><strong>H\u00f6here Widerstandsf\u00e4higkeit:<\/strong> Das 2-lagige Design garantiert St\u00e4rke und Effizienz bei intensiver Nutzung.<\/li>\n<li><strong>Angenehme Textur:<\/strong> Weich und saugf\u00e4hig, bieten sie optimalen Tragekomfort.<\/li>\n<\/ul>\n<p>&nbsp;<\/p>\n<p><!--more--><\/p>\n<h4>Weitere Informationen :<\/h4>\n<ul>\n<li><strong>Verpackung<\/strong>: Packung mit 50 St\u00fcck<\/li>\n<li><strong>Farbe<\/strong>: Lila<\/li>\n<li><strong>Ma\u00dfe<\/strong>: 38 x 38 cm aufgeklappt<\/li>\n<li><strong>Material<\/strong>: Zellulose<\/li>\n<\/ul>\n<p>&nbsp;<\/p>\n<p><!--more--><\/p>\n<p><a href=\"https:\/\/www.csj-emballages.com\/de\/categorie-produit\/lebensmittelverpackungen\/restauration-de\/servietten-tischsets-tischdecken\/handtucher\/2-lagige-servietten\/\">Sehen Sie sich den Rest unseres Sortiments an 2-lagigen Handt\u00fcchern an<\/a><\/p>\n","protected":false},"excerpt":{"rendered":"<p>Lila Handtuch Entdecken Sie unsere fliederfarbene Serviette 2-lagig 38 x 38 cm pro 50<\/p>\n","protected":false},"featured_media":241213,"template":"","meta":{"_acf_changed":false},"product_brand":[],"product_cat":[1137,1134,1135,1251,1653],"product_tag":[],"class_list":{"0":"post-17804","1":"product","2":"type-product","3":"status-publish","4":"has-post-thumbnail","6":"product_cat-lebensmittelverpackungen","7":"product_cat-restauration-de","8":"product_cat-servietten-tischsets-tischdecken","9":"product_cat-handtucher","10":"product_cat-2-lagige-servietten","12":"first","13":"outofstock","14":"taxable","15":"shipping-taxable","16":"purchasable","17":"product-type-simple"},"acf":[],"yoast_head":"<!-- This site is optimized with the Yoast SEO Premium plugin v26.6 (Yoast SEO v26.6) - https:\/\/yoast.com\/wordpress\/plugins\/seo\/ -->\n<title>Handtuch Flieder 2-lagig 38 x 38 cm pro 50<\/title>\n<meta name=\"description\" content=\"Bringen Sie Eleganz und Zweckm\u00e4\u00dfigkeit auf Ihren Tisch mit der 2-lagigen fliederfarbenen Serviette 38 x 38 cm \u00e0 50 St\u00fcck, die sich ideal f\u00fcr t\u00e4gliche Mahlzeiten oder festliche Anl\u00e4sse eignet.\" \/>\n<meta name=\"robots\" content=\"index, follow, max-snippet:-1, max-image-preview:large, max-video-preview:-1\" \/>\n<link rel=\"canonical\" href=\"https:\/\/www.csj-emballages.com\/de\/produit\/50-2-lagige-servietten-38-x-38-cm-lavendel\/\" \/>\n<meta property=\"og:locale\" content=\"de_DE\" \/>\n<meta property=\"og:type\" content=\"article\" \/>\n<meta property=\"og:title\" content=\"Lila Serviette 2-lagig 38 x 38 cm pro 50\" \/>\n<meta property=\"og:description\" content=\"Bringen Sie Eleganz und Zweckm\u00e4\u00dfigkeit auf Ihren Tisch mit der 2-lagigen fliederfarbenen Serviette 38 x 38 cm \u00e0 50 St\u00fcck, die sich ideal f\u00fcr t\u00e4gliche Mahlzeiten oder festliche Anl\u00e4sse eignet.\" \/>\n<meta property=\"og:url\" content=\"https:\/\/www.csj-emballages.com\/de\/produit\/50-2-lagige-servietten-38-x-38-cm-lavendel\/\" \/>\n<meta property=\"og:site_name\" content=\"CSJ Emballages\" \/>\n<meta property=\"article:publisher\" content=\"https:\/\/www.facebook.com\/csjemballages\" \/>\n<meta property=\"article:modified_time\" content=\"2025-10-18T00:16:02+00:00\" \/>\n<meta property=\"og:image\" content=\"https:\/\/www.csj-emballages.com\/wp-content\/uploads\/2024\/03\/SR38L.webp\" \/>\n\t<meta property=\"og:image:width\" content=\"800\" \/>\n\t<meta property=\"og:image:height\" content=\"800\" \/>\n\t<meta property=\"og:image:type\" content=\"image\/webp\" \/>\n<meta name=\"twitter:card\" content=\"summary_large_image\" \/>\n<meta name=\"twitter:label1\" content=\"Gesch\u00e4tzte Lesezeit\" \/>\n\t<meta name=\"twitter:data1\" content=\"2 Minuten\" \/>\n<script type=\"application\/ld+json\" class=\"yoast-schema-graph\">{\"@context\":\"https:\/\/schema.org\",\"@graph\":[{\"@type\":\"WebPage\",\"@id\":\"https:\/\/www.csj-emballages.com\/de\/produit\/50-2-lagige-servietten-38-x-38-cm-lavendel\/\",\"url\":\"https:\/\/www.csj-emballages.com\/de\/produit\/50-2-lagige-servietten-38-x-38-cm-lavendel\/\",\"name\":\"Handtuch Flieder 2-lagig 38 x 38 cm pro 50\",\"isPartOf\":{\"@id\":\"https:\/\/www.csj-emballages.com\/de\/#website\"},\"primaryImageOfPage\":{\"@id\":\"https:\/\/www.csj-emballages.com\/de\/produit\/50-2-lagige-servietten-38-x-38-cm-lavendel\/#primaryimage\"},\"image\":{\"@id\":\"https:\/\/www.csj-emballages.com\/de\/produit\/50-2-lagige-servietten-38-x-38-cm-lavendel\/#primaryimage\"},\"thumbnailUrl\":\"https:\/\/www.csj-emballages.com\/wp-content\/uploads\/2024\/03\/SR38L.webp\",\"datePublished\":\"2024-03-01T15:49:00+00:00\",\"dateModified\":\"2025-10-18T00:16:02+00:00\",\"description\":\"Bringen Sie Eleganz und Zweckm\u00e4\u00dfigkeit auf Ihren Tisch mit der 2-lagigen fliederfarbenen Serviette 38 x 38 cm \u00e0 50 St\u00fcck, die sich ideal f\u00fcr t\u00e4gliche Mahlzeiten oder festliche Anl\u00e4sse eignet.\",\"breadcrumb\":{\"@id\":\"https:\/\/www.csj-emballages.com\/de\/produit\/50-2-lagige-servietten-38-x-38-cm-lavendel\/#breadcrumb\"},\"inLanguage\":\"de\",\"potentialAction\":[{\"@type\":\"ReadAction\",\"target\":[\"https:\/\/www.csj-emballages.com\/de\/produit\/50-2-lagige-servietten-38-x-38-cm-lavendel\/\"]}]},{\"@type\":\"ImageObject\",\"inLanguage\":\"de\",\"@id\":\"https:\/\/www.csj-emballages.com\/de\/produit\/50-2-lagige-servietten-38-x-38-cm-lavendel\/#primaryimage\",\"url\":\"https:\/\/www.csj-emballages.com\/wp-content\/uploads\/2024\/03\/SR38L.webp\",\"contentUrl\":\"https:\/\/www.csj-emballages.com\/wp-content\/uploads\/2024\/03\/SR38L.webp\",\"width\":800,\"height\":800,\"caption\":\"Serviette lilas\"},{\"@type\":\"BreadcrumbList\",\"@id\":\"https:\/\/www.csj-emballages.com\/de\/produit\/50-2-lagige-servietten-38-x-38-cm-lavendel\/#breadcrumb\",\"itemListElement\":[{\"@type\":\"ListItem\",\"position\":1,\"name\":\"Accueil\",\"item\":\"https:\/\/www.csj-emballages.com\/de\/universum-lebensmittelverpackungen\/\"},{\"@type\":\"ListItem\",\"position\":2,\"name\":\"Shop\",\"item\":\"https:\/\/www.csj-emballages.com\/shop\/\"},{\"@type\":\"ListItem\",\"position\":3,\"name\":\"Lila Serviette 2-lagig 38 x 38 cm pro 50\"}]},{\"@type\":\"WebSite\",\"@id\":\"https:\/\/www.csj-emballages.com\/de\/#website\",\"url\":\"https:\/\/www.csj-emballages.com\/de\/\",\"name\":\"CSJ Emballages\",\"description\":\"\",\"publisher\":{\"@id\":\"https:\/\/www.csj-emballages.com\/de\/#organization\"},\"potentialAction\":[{\"@type\":\"SearchAction\",\"target\":{\"@type\":\"EntryPoint\",\"urlTemplate\":\"https:\/\/www.csj-emballages.com\/de\/?s={search_term_string}\"},\"query-input\":{\"@type\":\"PropertyValueSpecification\",\"valueRequired\":true,\"valueName\":\"search_term_string\"}}],\"inLanguage\":\"de\"},{\"@type\":\"Organization\",\"@id\":\"https:\/\/www.csj-emballages.com\/de\/#Organization\/\",\"name\":\"CSJ Emballages\",\"url\":\"https:\/\/www.csj-emballages.com\/de\/\",\"logo\":{\"@type\":\"ImageObject\",\"inLanguage\":\"de\",\"@id\":\"https:\/\/www.csj-emballages.com\/de\/#\/schema\/logo\/image\/\",\"url\":\"https:\/\/www.csj-emballages.com\/wp-content\/uploads\/2023\/10\/logo_csj.webp\",\"contentUrl\":\"https:\/\/www.csj-emballages.com\/wp-content\/uploads\/2023\/10\/logo_csj.webp\",\"width\":250,\"height\":95,\"caption\":\"CSJ Emballages\"},\"image\":{\"@id\":\"https:\/\/www.csj-emballages.com\/de\/#\/schema\/logo\/image\/\"},\"sameAs\":[\"https:\/\/www.facebook.com\/csjemballages\"],\"address\":{\"@type\":\"PostalAddress\",\"streetAddress\":\"ZI La Lechere\",\"addressLocality\":\"Patornay\",\"postalCode\":\"39130\",\"addressCountry\":\"FR\"},\"contactPoint\":[{\"@type\":\"ContactPoint\",\"contactType\":\"Service client\",\"telephone\":\"0384254272\",\"email\":\"contact@csj-emballages.com\"}]}]}<\/script>\n<!-- \/ Yoast SEO Premium plugin. -->","yoast_head_json":{"title":"Handtuch Flieder 2-lagig 38 x 38 cm pro 50","description":"Bringen Sie Eleganz und Zweckm\u00e4\u00dfigkeit auf Ihren Tisch mit der 2-lagigen fliederfarbenen Serviette 38 x 38 cm \u00e0 50 St\u00fcck, die sich ideal f\u00fcr t\u00e4gliche Mahlzeiten oder festliche Anl\u00e4sse eignet.","robots":{"index":"index","follow":"follow","max-snippet":"max-snippet:-1","max-image-preview":"max-image-preview:large","max-video-preview":"max-video-preview:-1"},"canonical":"https:\/\/www.csj-emballages.com\/de\/produit\/50-2-lagige-servietten-38-x-38-cm-lavendel\/","og_locale":"de_DE","og_type":"article","og_title":"Lila Serviette 2-lagig 38 x 38 cm pro 50","og_description":"Bringen Sie Eleganz und Zweckm\u00e4\u00dfigkeit auf Ihren Tisch mit der 2-lagigen fliederfarbenen Serviette 38 x 38 cm \u00e0 50 St\u00fcck, die sich ideal f\u00fcr t\u00e4gliche Mahlzeiten oder festliche Anl\u00e4sse eignet.","og_url":"https:\/\/www.csj-emballages.com\/de\/produit\/50-2-lagige-servietten-38-x-38-cm-lavendel\/","og_site_name":"CSJ Emballages","article_publisher":"https:\/\/www.facebook.com\/csjemballages","article_modified_time":"2025-10-18T00:16:02+00:00","og_image":[{"width":800,"height":800,"url":"https:\/\/www.csj-emballages.com\/wp-content\/uploads\/2024\/03\/SR38L.webp","type":"image\/webp"}],"twitter_card":"summary_large_image","twitter_misc":{"Gesch\u00e4tzte Lesezeit":"2 Minuten"},"schema":{"@context":"https:\/\/schema.org","@graph":[{"@type":"WebPage","@id":"https:\/\/www.csj-emballages.com\/de\/produit\/50-2-lagige-servietten-38-x-38-cm-lavendel\/","url":"https:\/\/www.csj-emballages.com\/de\/produit\/50-2-lagige-servietten-38-x-38-cm-lavendel\/","name":"Handtuch Flieder 2-lagig 38 x 38 cm pro 50","isPartOf":{"@id":"https:\/\/www.csj-emballages.com\/de\/#website"},"primaryImageOfPage":{"@id":"https:\/\/www.csj-emballages.com\/de\/produit\/50-2-lagige-servietten-38-x-38-cm-lavendel\/#primaryimage"},"image":{"@id":"https:\/\/www.csj-emballages.com\/de\/produit\/50-2-lagige-servietten-38-x-38-cm-lavendel\/#primaryimage"},"thumbnailUrl":"https:\/\/www.csj-emballages.com\/wp-content\/uploads\/2024\/03\/SR38L.webp","datePublished":"2024-03-01T15:49:00+00:00","dateModified":"2025-10-18T00:16:02+00:00","description":"Bringen Sie Eleganz und Zweckm\u00e4\u00dfigkeit auf Ihren Tisch mit der 2-lagigen fliederfarbenen Serviette 38 x 38 cm \u00e0 50 St\u00fcck, die sich ideal f\u00fcr t\u00e4gliche Mahlzeiten oder festliche Anl\u00e4sse eignet.","breadcrumb":{"@id":"https:\/\/www.csj-emballages.com\/de\/produit\/50-2-lagige-servietten-38-x-38-cm-lavendel\/#breadcrumb"},"inLanguage":"de","potentialAction":[{"@type":"ReadAction","target":["https:\/\/www.csj-emballages.com\/de\/produit\/50-2-lagige-servietten-38-x-38-cm-lavendel\/"]}]},{"@type":"ImageObject","inLanguage":"de","@id":"https:\/\/www.csj-emballages.com\/de\/produit\/50-2-lagige-servietten-38-x-38-cm-lavendel\/#primaryimage","url":"https:\/\/www.csj-emballages.com\/wp-content\/uploads\/2024\/03\/SR38L.webp","contentUrl":"https:\/\/www.csj-emballages.com\/wp-content\/uploads\/2024\/03\/SR38L.webp","width":800,"height":800,"caption":"Serviette lilas"},{"@type":"BreadcrumbList","@id":"https:\/\/www.csj-emballages.com\/de\/produit\/50-2-lagige-servietten-38-x-38-cm-lavendel\/#breadcrumb","itemListElement":[{"@type":"ListItem","position":1,"name":"Accueil","item":"https:\/\/www.csj-emballages.com\/de\/universum-lebensmittelverpackungen\/"},{"@type":"ListItem","position":2,"name":"Shop","item":"https:\/\/www.csj-emballages.com\/shop\/"},{"@type":"ListItem","position":3,"name":"Lila Serviette 2-lagig 38 x 38 cm pro 50"}]},{"@type":"WebSite","@id":"https:\/\/www.csj-emballages.com\/de\/#website","url":"https:\/\/www.csj-emballages.com\/de\/","name":"CSJ Emballages","description":"","publisher":{"@id":"https:\/\/www.csj-emballages.com\/de\/#organization"},"potentialAction":[{"@type":"SearchAction","target":{"@type":"EntryPoint","urlTemplate":"https:\/\/www.csj-emballages.com\/de\/?s={search_term_string}"},"query-input":{"@type":"PropertyValueSpecification","valueRequired":true,"valueName":"search_term_string"}}],"inLanguage":"de"},{"@type":"Organization","@id":"https:\/\/www.csj-emballages.com\/de\/#Organization\/","name":"CSJ Emballages","url":"https:\/\/www.csj-emballages.com\/de\/","logo":{"@type":"ImageObject","inLanguage":"de","@id":"https:\/\/www.csj-emballages.com\/de\/#\/schema\/logo\/image\/","url":"https:\/\/www.csj-emballages.com\/wp-content\/uploads\/2023\/10\/logo_csj.webp","contentUrl":"https:\/\/www.csj-emballages.com\/wp-content\/uploads\/2023\/10\/logo_csj.webp","width":250,"height":95,"caption":"CSJ Emballages"},"image":{"@id":"https:\/\/www.csj-emballages.com\/de\/#\/schema\/logo\/image\/"},"sameAs":["https:\/\/www.facebook.com\/csjemballages"],"address":{"@type":"PostalAddress","streetAddress":"ZI La Lechere","addressLocality":"Patornay","postalCode":"39130","addressCountry":"FR"},"contactPoint":[{"@type":"ContactPoint","contactType":"Service client","telephone":"0384254272","email":"contact@csj-emballages.com"}]}]}},"df_price":1.94,"df_sale_price":"","df_regular_price":1.94,"df_image_link":"https:\/\/www.csj-emballages.com\/wp-content\/uploads\/2024\/03\/SR38L-300x300.webp","tiered_pricing_type":"fixed","tiered_pricing_fixed_rules":[],"tiered_pricing_percentage_rules":[],"tiered_pricing_minimum":1,"tiered_pricing_roles_data":[],"_links":{"self":[{"href":"https:\/\/www.csj-emballages.com\/de\/wp-json\/wp\/v2\/product\/17804","targetHints":{"allow":["GET"]}}],"collection":[{"href":"https:\/\/www.csj-emballages.com\/de\/wp-json\/wp\/v2\/product"}],"about":[{"href":"https:\/\/www.csj-emballages.com\/de\/wp-json\/wp\/v2\/types\/product"}],"wp:featuredmedia":[{"embeddable":true,"href":"https:\/\/www.csj-emballages.com\/de\/wp-json\/wp\/v2\/media\/241213"}],"wp:attachment":[{"href":"https:\/\/www.csj-emballages.com\/de\/wp-json\/wp\/v2\/media?parent=17804"}],"wp:term":[{"taxonomy":"product_brand","embeddable":true,"href":"https:\/\/www.csj-emballages.com\/de\/wp-json\/wp\/v2\/product_brand?post=17804"},{"taxonomy":"product_cat","embeddable":true,"href":"https:\/\/www.csj-emballages.com\/de\/wp-json\/wp\/v2\/product_cat?post=17804"},{"taxonomy":"product_tag","embeddable":true,"href":"https:\/\/www.csj-emballages.com\/de\/wp-json\/wp\/v2\/product_tag?post=17804"}],"curies":[{"name":"wp","href":"https:\/\/api.w.org\/{rel}","templated":true}]}}