{"id":17789,"date":"2024-03-01T16:49:01","date_gmt":"2024-03-01T15:49:01","guid":{"rendered":"https:\/\/u15jnbdpoq.preview.infomaniak.website\/produit\/50-2-lagige-servietten-38-x-38-cm-fuchsia\/"},"modified":"2026-04-09T02:19:16","modified_gmt":"2026-04-09T00:19:16","slug":"50-2-lagige-servietten-38-x-38-cm-fuchsia","status":"publish","type":"product","link":"https:\/\/www.csj-emballages.com\/de\/produit\/50-2-lagige-servietten-38-x-38-cm-fuchsia\/","title":{"rendered":"Servietten Fuchsia 2-lagig 38 x 38 cm pro 50"},"content":{"rendered":"<h2>Wei\u00dfe Serviette<\/h2>\n<hr>\n<h3><span style=\"font-weight: bold;\">Entdecken Sie unser 2-lagiges fuchsiafarbenes Handtuch 38 x 38 cm pro 50<\/span><\/h3>\n<p><!--more--><\/p>\n<div class=\"flex max-w-full flex-col flex-grow\">\n<div class=\"min-h-8 text-message flex w-full flex-col items-end gap-2 whitespace-normal break-words text-start [.text-message+&amp;]:mt-5\" dir=\"auto\" data-message-author-role=\"assistant\" data-message-id=\"9b149096-222c-4804-b25c-623d8d364029\" data-message-model-slug=\"gpt-4o-mini\">\n<div class=\"flex w-full flex-col gap-1 empty:hidden first:pt-[3px]\">\n<div class=\"markdown prose w-full break-words dark:prose-invert dark\">\n<p data-start=\"236\" data-end=\"659\">Die <strong data-start=\"240\" data-end=\"288\">2-lagigen Servietten in Fuchsia 38 x 38 cm \u00e0 50 St\u00fcck<\/strong> sind ein Muss f\u00fcr alle professionellen Gastronomen, Caterer, aber auch f\u00fcr Privatpersonen, die eine sch\u00f6ne Pr\u00e4sentation bei Tisch bieten m\u00f6chten. Mit ihrer <strong data-start=\"473\" data-end=\"517\">lebhaften und raffinierten Fuchsia-Farbe<\/strong> sind sie perfekt, um einer Dekoration Dynamik zu verleihen. Ob f\u00fcr eine Hochzeit, einen Geburtstag, einen Firmenempfang oder einfach nur ein gem\u00fctliches Abendessen, sie passt sich jedem Ambiente an und l\u00e4sst sich leicht mit anderen Farben und Tischaccessoires kombinieren. Hergestellt aus <strong data-start=\"675\" data-end=\"711\">zweilagigem Papier (2-lagig)<\/strong>, vereinen sie Widerstandsf\u00e4higkeit und Tragekomfort. Im Gegensatz zu d\u00fcnnen Servietten, die leicht rei\u00dfen, bieten diese einen besseren Halt und eine bessere Saugf\u00e4higkeit. Sie eignen sich sowohl f\u00fcr das t\u00e4gliche Essen als auch f\u00fcr festlichere Anl\u00e4sse wie Hochzeiten, Geburtstage oder gesch\u00e4ftliche Empf\u00e4nge.     <\/p>\n<p data-start=\"1061\" data-end=\"1330\">Das Format <strong data-start=\"1071\" data-end=\"1085\">38 x 38 cm<\/strong> ist gro\u00dfz\u00fcgig und praktisch, um die Knie zu bedecken, die Kleidung zu sch\u00fctzen und eine perfekte Hygiene beim Essen zu gew\u00e4hrleisten. Diese Schablone ist auch beliebt, um einfache dekorative Faltungen vorzunehmen, die die Pr\u00e4sentation Ihrer Tische aufwerten. <\/p>\n<p data-start=\"1332\" data-end=\"1609\">Sie sind <strong data-start=\"1346\" data-end=\"1374\">in Packungen zu 50 Servietten<\/strong> verpackt und stellen einen ausgezeichneten Kompromiss zwischen Zweckm\u00e4\u00dfigkeit und Wirtschaftlichkeit dar. Sie sind leicht zu lagern und zu verteilen und eignen sich f\u00fcr alle Einrichtungen: Restaurants, Foodtrucks, Caterer, aber auch f\u00fcr Empf\u00e4nge bei Ihnen zu Hause. <\/p>\n<p data-start=\"1611\" data-end=\"1792\">Wenn Sie sich f\u00fcr diese <strong data-start=\"1626\" data-end=\"1656\">2-lagigen Servietten in Fuchsia<\/strong> entscheiden, entscheiden Sie sich f\u00fcr ein zuverl\u00e4ssiges, \u00e4sthetisches und vielseitiges Produkt, das Ihre Mahlzeiten versch\u00f6nert und gleichzeitig den G\u00e4sten Komfort und Zweckm\u00e4\u00dfigkeit bietet.<\/p>\n<\/div>\n<p data-start=\"1611\" data-end=\"1792\">\n<\/div>\n<\/div>\n<\/div>\n<p><!--more--><\/p>\n<h4>Vorteile :<\/h4>\n<ul>\n<li><strong data-start=\"2015\" data-end=\"2027\">Eleganz<\/strong>: Lebhafte und raffinierte <strong data-start=\"240\" data-end=\"288\">Fuchsiafarbe<\/strong> f\u00fcr eine sch\u00f6ne Pr\u00e4sentation.<\/li>\n<li><strong data-start=\"2097\" data-end=\"2108\">Qualit\u00e4t<\/strong>: zweilagig 2-lagig, strapazierf\u00e4hig und saugf\u00e4hig.<\/li>\n<li><strong data-start=\"2168\" data-end=\"2181\">Praktisch<\/strong>: Gro\u00dfes Format 38 x 38 cm, geeignet f\u00fcr Mahlzeiten und dekorative Faltungen.<\/li>\n<li><strong data-start=\"2253\" data-end=\"2268\">Vielseitigkeit<\/strong>: Einsetzbar in der Gastronomie, bei Veranstaltungen oder zu Hause.<\/li>\n<li><strong data-start=\"2332\" data-end=\"2347\">Sparsam<\/strong>: Verpackt in Packungen mit 50 Handt\u00fcchern, die einfach zu lagern sind.<\/li>\n<\/ul>\n<p>&nbsp;<\/p>\n<p><!--more--><\/p>\n<h4>Weitere Informationen :<\/h4>\n<ul>\n<li><strong>Verpackung<\/strong>: Packung mit 50 St\u00fcck<\/li>\n<li><strong>Farbe<\/strong>: Fuchsia<\/li>\n<li><strong>Ma\u00dfe<\/strong>: 38 x 38 cm aufgeklappt<\/li>\n<li><strong>Material<\/strong>: Zellulose<\/li>\n<\/ul>\n<p>&nbsp;<\/p>\n<p><!--more--><\/p>\n<p><a href=\"https:\/\/www.csj-emballages.com\/de\/categorie-produit\/lebensmittelverpackungen\/restauration-de\/servietten-tischsets-tischdecken\/handtucher\/2-lagige-servietten\/\">Sehen Sie sich den Rest unseres Sortiments an 2-lagigen Handt\u00fcchern an<\/a><\/p>\n","protected":false},"excerpt":{"rendered":"<p>Wei\u00dfe Serviette Entdecken Sie unser 2-lagiges fuchsiafarbenes Handtuch 38 x 38 cm pro 50<\/p>\n","protected":false},"featured_media":241152,"template":"","meta":{"_acf_changed":false},"product_brand":[],"product_cat":[1137,1134,1135,1251,1653],"product_tag":[],"class_list":{"0":"post-17789","1":"product","2":"type-product","3":"status-publish","4":"has-post-thumbnail","6":"product_cat-lebensmittelverpackungen","7":"product_cat-restauration-de","8":"product_cat-servietten-tischsets-tischdecken","9":"product_cat-handtucher","10":"product_cat-2-lagige-servietten","12":"first","13":"instock","14":"taxable","15":"shipping-taxable","16":"purchasable","17":"product-type-simple"},"acf":[],"yoast_head":"<!-- This site is optimized with the Yoast SEO Premium plugin v26.6 (Yoast SEO v26.6) - https:\/\/yoast.com\/wordpress\/plugins\/seo\/ -->\n<title>Serviette Fuchsia 2-lagig 38 x 38 cm pro 50<\/title>\n<meta name=\"description\" content=\"Bringen Sie Eleganz und Komfort auf Ihre Tische mit der 2-lagigen fuchsiafarbenen Serviette 38 x 38 cm \u00e0 50 St\u00fcck. Ideal f\u00fcr Catering, Restaurants und Veranstaltungen.\" \/>\n<meta name=\"robots\" content=\"index, follow, max-snippet:-1, max-image-preview:large, max-video-preview:-1\" \/>\n<link rel=\"canonical\" href=\"https:\/\/www.csj-emballages.com\/de\/produit\/50-2-lagige-servietten-38-x-38-cm-fuchsia\/\" \/>\n<meta property=\"og:locale\" content=\"de_DE\" \/>\n<meta property=\"og:type\" content=\"article\" \/>\n<meta property=\"og:title\" content=\"Servietten Fuchsia 2-lagig 38 x 38 cm pro 50\" \/>\n<meta property=\"og:description\" content=\"Bringen Sie Eleganz und Komfort auf Ihre Tische mit der 2-lagigen fuchsiafarbenen Serviette 38 x 38 cm \u00e0 50 St\u00fcck. Ideal f\u00fcr Catering, Restaurants und Veranstaltungen.\" \/>\n<meta property=\"og:url\" content=\"https:\/\/www.csj-emballages.com\/de\/produit\/50-2-lagige-servietten-38-x-38-cm-fuchsia\/\" \/>\n<meta property=\"og:site_name\" content=\"CSJ Emballages\" \/>\n<meta property=\"article:publisher\" content=\"https:\/\/www.facebook.com\/csjemballages\" \/>\n<meta property=\"article:modified_time\" content=\"2026-04-09T00:19:16+00:00\" \/>\n<meta property=\"og:image\" content=\"https:\/\/www.csj-emballages.com\/wp-content\/uploads\/2024\/03\/SR38FU.webp\" \/>\n\t<meta property=\"og:image:width\" content=\"800\" \/>\n\t<meta property=\"og:image:height\" content=\"800\" \/>\n\t<meta property=\"og:image:type\" content=\"image\/webp\" \/>\n<meta name=\"twitter:card\" content=\"summary_large_image\" \/>\n<meta name=\"twitter:label1\" content=\"Gesch\u00e4tzte Lesezeit\" \/>\n\t<meta name=\"twitter:data1\" content=\"2 Minuten\" \/>\n<script type=\"application\/ld+json\" class=\"yoast-schema-graph\">{\"@context\":\"https:\/\/schema.org\",\"@graph\":[{\"@type\":\"WebPage\",\"@id\":\"https:\/\/www.csj-emballages.com\/de\/produit\/50-2-lagige-servietten-38-x-38-cm-fuchsia\/\",\"url\":\"https:\/\/www.csj-emballages.com\/de\/produit\/50-2-lagige-servietten-38-x-38-cm-fuchsia\/\",\"name\":\"Serviette Fuchsia 2-lagig 38 x 38 cm pro 50\",\"isPartOf\":{\"@id\":\"https:\/\/www.csj-emballages.com\/de\/#website\"},\"primaryImageOfPage\":{\"@id\":\"https:\/\/www.csj-emballages.com\/de\/produit\/50-2-lagige-servietten-38-x-38-cm-fuchsia\/#primaryimage\"},\"image\":{\"@id\":\"https:\/\/www.csj-emballages.com\/de\/produit\/50-2-lagige-servietten-38-x-38-cm-fuchsia\/#primaryimage\"},\"thumbnailUrl\":\"https:\/\/www.csj-emballages.com\/wp-content\/uploads\/2024\/03\/SR38FU.webp\",\"datePublished\":\"2024-03-01T15:49:01+00:00\",\"dateModified\":\"2026-04-09T00:19:16+00:00\",\"description\":\"Bringen Sie Eleganz und Komfort auf Ihre Tische mit der 2-lagigen fuchsiafarbenen Serviette 38 x 38 cm \u00e0 50 St\u00fcck. Ideal f\u00fcr Catering, Restaurants und Veranstaltungen.\",\"breadcrumb\":{\"@id\":\"https:\/\/www.csj-emballages.com\/de\/produit\/50-2-lagige-servietten-38-x-38-cm-fuchsia\/#breadcrumb\"},\"inLanguage\":\"de\",\"potentialAction\":[{\"@type\":\"ReadAction\",\"target\":[\"https:\/\/www.csj-emballages.com\/de\/produit\/50-2-lagige-servietten-38-x-38-cm-fuchsia\/\"]}]},{\"@type\":\"ImageObject\",\"inLanguage\":\"de\",\"@id\":\"https:\/\/www.csj-emballages.com\/de\/produit\/50-2-lagige-servietten-38-x-38-cm-fuchsia\/#primaryimage\",\"url\":\"https:\/\/www.csj-emballages.com\/wp-content\/uploads\/2024\/03\/SR38FU.webp\",\"contentUrl\":\"https:\/\/www.csj-emballages.com\/wp-content\/uploads\/2024\/03\/SR38FU.webp\",\"width\":800,\"height\":800,\"caption\":\"Serviette fuchsia\"},{\"@type\":\"BreadcrumbList\",\"@id\":\"https:\/\/www.csj-emballages.com\/de\/produit\/50-2-lagige-servietten-38-x-38-cm-fuchsia\/#breadcrumb\",\"itemListElement\":[{\"@type\":\"ListItem\",\"position\":1,\"name\":\"Accueil\",\"item\":\"https:\/\/www.csj-emballages.com\/de\/universum-lebensmittelverpackungen\/\"},{\"@type\":\"ListItem\",\"position\":2,\"name\":\"Shop\",\"item\":\"https:\/\/www.csj-emballages.com\/shop\/\"},{\"@type\":\"ListItem\",\"position\":3,\"name\":\"Servietten Fuchsia 2-lagig 38 x 38 cm pro 50\"}]},{\"@type\":\"WebSite\",\"@id\":\"https:\/\/www.csj-emballages.com\/de\/#website\",\"url\":\"https:\/\/www.csj-emballages.com\/de\/\",\"name\":\"CSJ Emballages\",\"description\":\"\",\"publisher\":{\"@id\":\"https:\/\/www.csj-emballages.com\/de\/#organization\"},\"potentialAction\":[{\"@type\":\"SearchAction\",\"target\":{\"@type\":\"EntryPoint\",\"urlTemplate\":\"https:\/\/www.csj-emballages.com\/de\/?s={search_term_string}\"},\"query-input\":{\"@type\":\"PropertyValueSpecification\",\"valueRequired\":true,\"valueName\":\"search_term_string\"}}],\"inLanguage\":\"de\"},{\"@type\":\"Organization\",\"@id\":\"https:\/\/www.csj-emballages.com\/de\/#Organization\/\",\"name\":\"CSJ Emballages\",\"url\":\"https:\/\/www.csj-emballages.com\/de\/\",\"logo\":{\"@type\":\"ImageObject\",\"inLanguage\":\"de\",\"@id\":\"https:\/\/www.csj-emballages.com\/de\/#\/schema\/logo\/image\/\",\"url\":\"https:\/\/www.csj-emballages.com\/wp-content\/uploads\/2023\/10\/logo_csj.webp\",\"contentUrl\":\"https:\/\/www.csj-emballages.com\/wp-content\/uploads\/2023\/10\/logo_csj.webp\",\"width\":250,\"height\":95,\"caption\":\"CSJ Emballages\"},\"image\":{\"@id\":\"https:\/\/www.csj-emballages.com\/de\/#\/schema\/logo\/image\/\"},\"sameAs\":[\"https:\/\/www.facebook.com\/csjemballages\"],\"address\":{\"@type\":\"PostalAddress\",\"streetAddress\":\"ZI La Lechere\",\"addressLocality\":\"Patornay\",\"postalCode\":\"39130\",\"addressCountry\":\"FR\"},\"contactPoint\":[{\"@type\":\"ContactPoint\",\"contactType\":\"Service client\",\"telephone\":\"0384254272\",\"email\":\"contact@csj-emballages.com\"}]}]}<\/script>\n<!-- \/ Yoast SEO Premium plugin. -->","yoast_head_json":{"title":"Serviette Fuchsia 2-lagig 38 x 38 cm pro 50","description":"Bringen Sie Eleganz und Komfort auf Ihre Tische mit der 2-lagigen fuchsiafarbenen Serviette 38 x 38 cm \u00e0 50 St\u00fcck. Ideal f\u00fcr Catering, Restaurants und Veranstaltungen.","robots":{"index":"index","follow":"follow","max-snippet":"max-snippet:-1","max-image-preview":"max-image-preview:large","max-video-preview":"max-video-preview:-1"},"canonical":"https:\/\/www.csj-emballages.com\/de\/produit\/50-2-lagige-servietten-38-x-38-cm-fuchsia\/","og_locale":"de_DE","og_type":"article","og_title":"Servietten Fuchsia 2-lagig 38 x 38 cm pro 50","og_description":"Bringen Sie Eleganz und Komfort auf Ihre Tische mit der 2-lagigen fuchsiafarbenen Serviette 38 x 38 cm \u00e0 50 St\u00fcck. Ideal f\u00fcr Catering, Restaurants und Veranstaltungen.","og_url":"https:\/\/www.csj-emballages.com\/de\/produit\/50-2-lagige-servietten-38-x-38-cm-fuchsia\/","og_site_name":"CSJ Emballages","article_publisher":"https:\/\/www.facebook.com\/csjemballages","article_modified_time":"2026-04-09T00:19:16+00:00","og_image":[{"width":800,"height":800,"url":"https:\/\/www.csj-emballages.com\/wp-content\/uploads\/2024\/03\/SR38FU.webp","type":"image\/webp"}],"twitter_card":"summary_large_image","twitter_misc":{"Gesch\u00e4tzte Lesezeit":"2 Minuten"},"schema":{"@context":"https:\/\/schema.org","@graph":[{"@type":"WebPage","@id":"https:\/\/www.csj-emballages.com\/de\/produit\/50-2-lagige-servietten-38-x-38-cm-fuchsia\/","url":"https:\/\/www.csj-emballages.com\/de\/produit\/50-2-lagige-servietten-38-x-38-cm-fuchsia\/","name":"Serviette Fuchsia 2-lagig 38 x 38 cm pro 50","isPartOf":{"@id":"https:\/\/www.csj-emballages.com\/de\/#website"},"primaryImageOfPage":{"@id":"https:\/\/www.csj-emballages.com\/de\/produit\/50-2-lagige-servietten-38-x-38-cm-fuchsia\/#primaryimage"},"image":{"@id":"https:\/\/www.csj-emballages.com\/de\/produit\/50-2-lagige-servietten-38-x-38-cm-fuchsia\/#primaryimage"},"thumbnailUrl":"https:\/\/www.csj-emballages.com\/wp-content\/uploads\/2024\/03\/SR38FU.webp","datePublished":"2024-03-01T15:49:01+00:00","dateModified":"2026-04-09T00:19:16+00:00","description":"Bringen Sie Eleganz und Komfort auf Ihre Tische mit der 2-lagigen fuchsiafarbenen Serviette 38 x 38 cm \u00e0 50 St\u00fcck. Ideal f\u00fcr Catering, Restaurants und Veranstaltungen.","breadcrumb":{"@id":"https:\/\/www.csj-emballages.com\/de\/produit\/50-2-lagige-servietten-38-x-38-cm-fuchsia\/#breadcrumb"},"inLanguage":"de","potentialAction":[{"@type":"ReadAction","target":["https:\/\/www.csj-emballages.com\/de\/produit\/50-2-lagige-servietten-38-x-38-cm-fuchsia\/"]}]},{"@type":"ImageObject","inLanguage":"de","@id":"https:\/\/www.csj-emballages.com\/de\/produit\/50-2-lagige-servietten-38-x-38-cm-fuchsia\/#primaryimage","url":"https:\/\/www.csj-emballages.com\/wp-content\/uploads\/2024\/03\/SR38FU.webp","contentUrl":"https:\/\/www.csj-emballages.com\/wp-content\/uploads\/2024\/03\/SR38FU.webp","width":800,"height":800,"caption":"Serviette fuchsia"},{"@type":"BreadcrumbList","@id":"https:\/\/www.csj-emballages.com\/de\/produit\/50-2-lagige-servietten-38-x-38-cm-fuchsia\/#breadcrumb","itemListElement":[{"@type":"ListItem","position":1,"name":"Accueil","item":"https:\/\/www.csj-emballages.com\/de\/universum-lebensmittelverpackungen\/"},{"@type":"ListItem","position":2,"name":"Shop","item":"https:\/\/www.csj-emballages.com\/shop\/"},{"@type":"ListItem","position":3,"name":"Servietten Fuchsia 2-lagig 38 x 38 cm pro 50"}]},{"@type":"WebSite","@id":"https:\/\/www.csj-emballages.com\/de\/#website","url":"https:\/\/www.csj-emballages.com\/de\/","name":"CSJ Emballages","description":"","publisher":{"@id":"https:\/\/www.csj-emballages.com\/de\/#organization"},"potentialAction":[{"@type":"SearchAction","target":{"@type":"EntryPoint","urlTemplate":"https:\/\/www.csj-emballages.com\/de\/?s={search_term_string}"},"query-input":{"@type":"PropertyValueSpecification","valueRequired":true,"valueName":"search_term_string"}}],"inLanguage":"de"},{"@type":"Organization","@id":"https:\/\/www.csj-emballages.com\/de\/#Organization\/","name":"CSJ Emballages","url":"https:\/\/www.csj-emballages.com\/de\/","logo":{"@type":"ImageObject","inLanguage":"de","@id":"https:\/\/www.csj-emballages.com\/de\/#\/schema\/logo\/image\/","url":"https:\/\/www.csj-emballages.com\/wp-content\/uploads\/2023\/10\/logo_csj.webp","contentUrl":"https:\/\/www.csj-emballages.com\/wp-content\/uploads\/2023\/10\/logo_csj.webp","width":250,"height":95,"caption":"CSJ Emballages"},"image":{"@id":"https:\/\/www.csj-emballages.com\/de\/#\/schema\/logo\/image\/"},"sameAs":["https:\/\/www.facebook.com\/csjemballages"],"address":{"@type":"PostalAddress","streetAddress":"ZI La Lechere","addressLocality":"Patornay","postalCode":"39130","addressCountry":"FR"},"contactPoint":[{"@type":"ContactPoint","contactType":"Service client","telephone":"0384254272","email":"contact@csj-emballages.com"}]}]}},"df_price":2.29,"df_sale_price":"","df_regular_price":2.29,"df_image_link":"https:\/\/www.csj-emballages.com\/wp-content\/uploads\/2024\/03\/SR38FU-300x300.webp","tiered_pricing_type":"fixed","tiered_pricing_fixed_rules":[],"tiered_pricing_percentage_rules":[],"tiered_pricing_minimum":1,"tiered_pricing_roles_data":[],"_links":{"self":[{"href":"https:\/\/www.csj-emballages.com\/de\/wp-json\/wp\/v2\/product\/17789","targetHints":{"allow":["GET"]}}],"collection":[{"href":"https:\/\/www.csj-emballages.com\/de\/wp-json\/wp\/v2\/product"}],"about":[{"href":"https:\/\/www.csj-emballages.com\/de\/wp-json\/wp\/v2\/types\/product"}],"wp:featuredmedia":[{"embeddable":true,"href":"https:\/\/www.csj-emballages.com\/de\/wp-json\/wp\/v2\/media\/241152"}],"wp:attachment":[{"href":"https:\/\/www.csj-emballages.com\/de\/wp-json\/wp\/v2\/media?parent=17789"}],"wp:term":[{"taxonomy":"product_brand","embeddable":true,"href":"https:\/\/www.csj-emballages.com\/de\/wp-json\/wp\/v2\/product_brand?post=17789"},{"taxonomy":"product_cat","embeddable":true,"href":"https:\/\/www.csj-emballages.com\/de\/wp-json\/wp\/v2\/product_cat?post=17789"},{"taxonomy":"product_tag","embeddable":true,"href":"https:\/\/www.csj-emballages.com\/de\/wp-json\/wp\/v2\/product_tag?post=17789"}],"curies":[{"name":"wp","href":"https:\/\/api.w.org\/{rel}","templated":true}]}}