{"id":17788,"date":"2024-03-01T16:49:00","date_gmt":"2024-03-01T15:49:00","guid":{"rendered":"https:\/\/u15jnbdpoq.preview.infomaniak.website\/produit\/50-2-lagige-servietten-38-x-38-cm-mandarine\/"},"modified":"2026-04-16T02:16:10","modified_gmt":"2026-04-16T00:16:10","slug":"50-2-lagige-servietten-38-x-38-cm-mandarine","status":"publish","type":"product","link":"https:\/\/www.csj-emballages.com\/de\/produit\/50-2-lagige-servietten-38-x-38-cm-mandarine\/","title":{"rendered":"Mandarine Serviette 2-lagig 38 x 38 cm pro 50"},"content":{"rendered":"<h2>Mandarinfarbene Serviette<\/h2>\n<hr>\n<h3><span style=\"font-weight: bold;\">Entdecken Sie unsere Serviette Mandarine 2-lagig 38 x 38 cm pro 50<\/span><\/h3>\n<p><!--more--><\/p>\n<div class=\"flex max-w-full flex-col flex-grow\">\n<div class=\"min-h-8 text-message flex w-full flex-col items-end gap-2 whitespace-normal break-words text-start [.text-message+&amp;]:mt-5\" dir=\"auto\" data-message-author-role=\"assistant\" data-message-id=\"9b149096-222c-4804-b25c-623d8d364029\" data-message-model-slug=\"gpt-4o-mini\">\n<div class=\"flex w-full flex-col gap-1 empty:hidden first:pt-[3px]\">\n<div class=\"markdown prose w-full break-words dark:prose-invert dark\">\n<p data-start=\"119\" data-end=\"629\">Bringen Sie einen Hauch von Eleganz und W\u00e4rme auf Ihre Tische mit der <strong data-start=\"185\" data-end=\"233\">2-lagigen Serviette Mandarine 38 x 38 cm \u00e0 50 St\u00fcck.<\/strong> Diese hochwertige Papierserviette ist sowohl f\u00fcr den professionellen Gastronomiebedarf als auch f\u00fcr den anspruchsvollen Privathaushalt gedacht und vereint Zweckm\u00e4\u00dfigkeit, Komfort und \u00c4sthetik. Die kr\u00e4ftige und warme Farbe <strong data-start=\"419\" data-end=\"432\">Mandarine<\/strong> ist ideal, um eine Tischdekoration aufzulockern und eine freundliche Atmosph\u00e4re zu schaffen, egal ob es sich um ein Familienessen, eine Hochzeit, einen Cocktail oder eine festliche Veranstaltung handelt.  <\/p>\n<p data-start=\"631\" data-end=\"952\">Mit seinem Format <strong data-start=\"650\" data-end=\"664\">38 x 38 cm<\/strong> bietet es eine gro\u00dfz\u00fcgige Fl\u00e4che, die sich sowohl f\u00fcr das Mittagessen als auch f\u00fcr das Abendessen eignet. Das <strong data-start=\"788\" data-end=\"798\">2-lagige<\/strong> Design sorgt f\u00fcr eine h\u00f6here Festigkeit und Absorptionsf\u00e4higkeit und f\u00fchlt sich gleichzeitig weich an. <\/p>\n<p data-start=\"954\" data-end=\"1353\">Diese <strong>Serviette<\/strong> ist eine praktische L\u00f6sung, um einen Vorrat <strong data-start=\"971\" data-end=\"984\">zu<\/strong> haben, der den Bed\u00fcrfnissen von Gastronomen, Caterern, Eventveranstaltern oder auch Privatpersonen entspricht, die ihre G\u00e4ste mit Sorgfalt bewirten m\u00f6chten. Sie l\u00e4sst sich sowohl klassisch als auch in originellen Faltungen anordnen. <\/p>\n<p data-start=\"1355\" data-end=\"1631\">Dar\u00fcber hinaus ist die <strong data-start=\"1398\" data-end=\"1446\">2-lagige Serviette Mandarine 38 x 38 cm \u00e0 50 St\u00fcck<\/strong> vielseitig, elegant und funktional und eine unverzichtbare Wahl. Kurz gesagt: Sie spiegelt die Liebe zum Detail wider und tr\u00e4gt dazu bei, das Geschmacks- und Seherlebnis jeder Mahlzeit zu sublimieren. <\/p>\n<p data-start=\"1355\" data-end=\"1631\">\n<\/div>\n<\/div>\n<\/div>\n<\/div>\n<p><!--more--><\/p>\n<h4>Vorteile :<\/h4>\n<ul>\n<li>Kr\u00e4ftige, elegante Farbe f\u00fcr eine warme Tischdekoration.<\/li>\n<li>Gro\u00dfz\u00fcgiges Format 38 x 38 cm f\u00fcr alle Gelegenheiten geeignet.<\/li>\n<li><strong data-start=\"1794\" data-end=\"1815\">2 widerstandsf\u00e4hige Lagen<\/strong>: Weichheit und optimale Saugf\u00e4higkeit.<\/li>\n<li><strong data-start=\"1853\" data-end=\"1879\">Packung mit 50 St\u00fcck<\/strong>: praktisch und kosteng\u00fcnstig.<\/li>\n<li>Geeignet f\u00fcr Berufst\u00e4tige und Privatpersonen<strong data-start=\"1922\" data-end=\"1963\">.<\/strong><\/li>\n<\/ul>\n<p>&nbsp;<\/p>\n<p><!--more--><\/p>\n<h4>Weitere Informationen :<\/h4>\n<ul>\n<li><strong>Verpackung<\/strong>: Packung mit 50 St\u00fcck<\/li>\n<li><strong>Farbe<\/strong>: Mandarine<\/li>\n<li><strong>Ma\u00dfe<\/strong>: 38 x 38 cm aufgeklappt<\/li>\n<li><strong>Material<\/strong>: Zellulose<\/li>\n<\/ul>\n<p>&nbsp;<\/p>\n<p><!--more--><\/p>\n<p><a href=\"https:\/\/www.csj-emballages.com\/de\/categorie-produit\/lebensmittelverpackungen\/restauration-de\/servietten-tischsets-tischdecken\/handtucher\/2-lagige-servietten\/\">Sehen Sie sich den Rest unseres Sortiments an 2-lagigen Handt\u00fcchern an<\/a><\/p>\n","protected":false},"excerpt":{"rendered":"<p>Mandarinfarbene Serviette Entdecken Sie unsere Serviette Mandarine 2-lagig 38 x 38 cm pro 50<\/p>\n","protected":false},"featured_media":241221,"template":"","meta":{"_acf_changed":false},"product_brand":[],"product_cat":[1137,1134,1135,1251,1653],"product_tag":[],"class_list":{"0":"post-17788","1":"product","2":"type-product","3":"status-publish","4":"has-post-thumbnail","6":"product_cat-lebensmittelverpackungen","7":"product_cat-restauration-de","8":"product_cat-servietten-tischsets-tischdecken","9":"product_cat-handtucher","10":"product_cat-2-lagige-servietten","12":"first","13":"outofstock","14":"taxable","15":"shipping-taxable","16":"purchasable","17":"product-type-simple"},"acf":[],"yoast_head":"<!-- This site is optimized with the Yoast SEO Premium plugin v26.6 (Yoast SEO v26.6) - https:\/\/yoast.com\/wordpress\/plugins\/seo\/ -->\n<title>Serviette Mandarine 2-lagig 38 x 38 cm pro 50<\/title>\n<meta name=\"description\" content=\"Verleihen Sie Ihren Mahlzeiten Eleganz und Zweckm\u00e4\u00dfigkeit mit der 2-lagigen Serviette Mandarine 38 x 38 cm \u00e0 50, ideal f\u00fcr alle Ihre festlichen Tafeln.\" \/>\n<meta name=\"robots\" content=\"index, follow, max-snippet:-1, max-image-preview:large, max-video-preview:-1\" \/>\n<link rel=\"canonical\" href=\"https:\/\/www.csj-emballages.com\/de\/produit\/50-2-lagige-servietten-38-x-38-cm-mandarine\/\" \/>\n<meta property=\"og:locale\" content=\"de_DE\" \/>\n<meta property=\"og:type\" content=\"article\" \/>\n<meta property=\"og:title\" content=\"Mandarine Serviette 2-lagig 38 x 38 cm pro 50\" \/>\n<meta property=\"og:description\" content=\"Verleihen Sie Ihren Mahlzeiten Eleganz und Zweckm\u00e4\u00dfigkeit mit der 2-lagigen Serviette Mandarine 38 x 38 cm \u00e0 50, ideal f\u00fcr alle Ihre festlichen Tafeln.\" \/>\n<meta property=\"og:url\" content=\"https:\/\/www.csj-emballages.com\/de\/produit\/50-2-lagige-servietten-38-x-38-cm-mandarine\/\" \/>\n<meta property=\"og:site_name\" content=\"CSJ Emballages\" \/>\n<meta property=\"article:publisher\" content=\"https:\/\/www.facebook.com\/csjemballages\" \/>\n<meta property=\"article:modified_time\" content=\"2026-04-16T00:16:10+00:00\" \/>\n<meta property=\"og:image\" content=\"https:\/\/www.csj-emballages.com\/wp-content\/uploads\/2024\/03\/SR38M.webp\" \/>\n\t<meta property=\"og:image:width\" content=\"800\" \/>\n\t<meta property=\"og:image:height\" content=\"800\" \/>\n\t<meta property=\"og:image:type\" content=\"image\/webp\" \/>\n<meta name=\"twitter:card\" content=\"summary_large_image\" \/>\n<meta name=\"twitter:label1\" content=\"Gesch\u00e4tzte Lesezeit\" \/>\n\t<meta name=\"twitter:data1\" content=\"2 Minuten\" \/>\n<script type=\"application\/ld+json\" class=\"yoast-schema-graph\">{\"@context\":\"https:\/\/schema.org\",\"@graph\":[{\"@type\":\"WebPage\",\"@id\":\"https:\/\/www.csj-emballages.com\/de\/produit\/50-2-lagige-servietten-38-x-38-cm-mandarine\/\",\"url\":\"https:\/\/www.csj-emballages.com\/de\/produit\/50-2-lagige-servietten-38-x-38-cm-mandarine\/\",\"name\":\"Serviette Mandarine 2-lagig 38 x 38 cm pro 50\",\"isPartOf\":{\"@id\":\"https:\/\/www.csj-emballages.com\/de\/#website\"},\"primaryImageOfPage\":{\"@id\":\"https:\/\/www.csj-emballages.com\/de\/produit\/50-2-lagige-servietten-38-x-38-cm-mandarine\/#primaryimage\"},\"image\":{\"@id\":\"https:\/\/www.csj-emballages.com\/de\/produit\/50-2-lagige-servietten-38-x-38-cm-mandarine\/#primaryimage\"},\"thumbnailUrl\":\"https:\/\/www.csj-emballages.com\/wp-content\/uploads\/2024\/03\/SR38M.webp\",\"datePublished\":\"2024-03-01T15:49:00+00:00\",\"dateModified\":\"2026-04-16T00:16:10+00:00\",\"description\":\"Verleihen Sie Ihren Mahlzeiten Eleganz und Zweckm\u00e4\u00dfigkeit mit der 2-lagigen Serviette Mandarine 38 x 38 cm \u00e0 50, ideal f\u00fcr alle Ihre festlichen Tafeln.\",\"breadcrumb\":{\"@id\":\"https:\/\/www.csj-emballages.com\/de\/produit\/50-2-lagige-servietten-38-x-38-cm-mandarine\/#breadcrumb\"},\"inLanguage\":\"de\",\"potentialAction\":[{\"@type\":\"ReadAction\",\"target\":[\"https:\/\/www.csj-emballages.com\/de\/produit\/50-2-lagige-servietten-38-x-38-cm-mandarine\/\"]}]},{\"@type\":\"ImageObject\",\"inLanguage\":\"de\",\"@id\":\"https:\/\/www.csj-emballages.com\/de\/produit\/50-2-lagige-servietten-38-x-38-cm-mandarine\/#primaryimage\",\"url\":\"https:\/\/www.csj-emballages.com\/wp-content\/uploads\/2024\/03\/SR38M.webp\",\"contentUrl\":\"https:\/\/www.csj-emballages.com\/wp-content\/uploads\/2024\/03\/SR38M.webp\",\"width\":800,\"height\":800,\"caption\":\"Serviette mandarine\"},{\"@type\":\"BreadcrumbList\",\"@id\":\"https:\/\/www.csj-emballages.com\/de\/produit\/50-2-lagige-servietten-38-x-38-cm-mandarine\/#breadcrumb\",\"itemListElement\":[{\"@type\":\"ListItem\",\"position\":1,\"name\":\"Accueil\",\"item\":\"https:\/\/www.csj-emballages.com\/de\/universum-lebensmittelverpackungen\/\"},{\"@type\":\"ListItem\",\"position\":2,\"name\":\"Shop\",\"item\":\"https:\/\/www.csj-emballages.com\/shop\/\"},{\"@type\":\"ListItem\",\"position\":3,\"name\":\"Mandarine Serviette 2-lagig 38 x 38 cm pro 50\"}]},{\"@type\":\"WebSite\",\"@id\":\"https:\/\/www.csj-emballages.com\/de\/#website\",\"url\":\"https:\/\/www.csj-emballages.com\/de\/\",\"name\":\"CSJ Emballages\",\"description\":\"\",\"publisher\":{\"@id\":\"https:\/\/www.csj-emballages.com\/de\/#organization\"},\"potentialAction\":[{\"@type\":\"SearchAction\",\"target\":{\"@type\":\"EntryPoint\",\"urlTemplate\":\"https:\/\/www.csj-emballages.com\/de\/?s={search_term_string}\"},\"query-input\":{\"@type\":\"PropertyValueSpecification\",\"valueRequired\":true,\"valueName\":\"search_term_string\"}}],\"inLanguage\":\"de\"},{\"@type\":\"Organization\",\"@id\":\"https:\/\/www.csj-emballages.com\/de\/#Organization\/\",\"name\":\"CSJ Emballages\",\"url\":\"https:\/\/www.csj-emballages.com\/de\/\",\"logo\":{\"@type\":\"ImageObject\",\"inLanguage\":\"de\",\"@id\":\"https:\/\/www.csj-emballages.com\/de\/#\/schema\/logo\/image\/\",\"url\":\"https:\/\/www.csj-emballages.com\/wp-content\/uploads\/2023\/10\/logo_csj.webp\",\"contentUrl\":\"https:\/\/www.csj-emballages.com\/wp-content\/uploads\/2023\/10\/logo_csj.webp\",\"width\":250,\"height\":95,\"caption\":\"CSJ Emballages\"},\"image\":{\"@id\":\"https:\/\/www.csj-emballages.com\/de\/#\/schema\/logo\/image\/\"},\"sameAs\":[\"https:\/\/www.facebook.com\/csjemballages\"],\"address\":{\"@type\":\"PostalAddress\",\"streetAddress\":\"ZI La Lechere\",\"addressLocality\":\"Patornay\",\"postalCode\":\"39130\",\"addressCountry\":\"FR\"},\"contactPoint\":[{\"@type\":\"ContactPoint\",\"contactType\":\"Service client\",\"telephone\":\"0384254272\",\"email\":\"contact@csj-emballages.com\"}]}]}<\/script>\n<!-- \/ Yoast SEO Premium plugin. -->","yoast_head_json":{"title":"Serviette Mandarine 2-lagig 38 x 38 cm pro 50","description":"Verleihen Sie Ihren Mahlzeiten Eleganz und Zweckm\u00e4\u00dfigkeit mit der 2-lagigen Serviette Mandarine 38 x 38 cm \u00e0 50, ideal f\u00fcr alle Ihre festlichen Tafeln.","robots":{"index":"index","follow":"follow","max-snippet":"max-snippet:-1","max-image-preview":"max-image-preview:large","max-video-preview":"max-video-preview:-1"},"canonical":"https:\/\/www.csj-emballages.com\/de\/produit\/50-2-lagige-servietten-38-x-38-cm-mandarine\/","og_locale":"de_DE","og_type":"article","og_title":"Mandarine Serviette 2-lagig 38 x 38 cm pro 50","og_description":"Verleihen Sie Ihren Mahlzeiten Eleganz und Zweckm\u00e4\u00dfigkeit mit der 2-lagigen Serviette Mandarine 38 x 38 cm \u00e0 50, ideal f\u00fcr alle Ihre festlichen Tafeln.","og_url":"https:\/\/www.csj-emballages.com\/de\/produit\/50-2-lagige-servietten-38-x-38-cm-mandarine\/","og_site_name":"CSJ Emballages","article_publisher":"https:\/\/www.facebook.com\/csjemballages","article_modified_time":"2026-04-16T00:16:10+00:00","og_image":[{"width":800,"height":800,"url":"https:\/\/www.csj-emballages.com\/wp-content\/uploads\/2024\/03\/SR38M.webp","type":"image\/webp"}],"twitter_card":"summary_large_image","twitter_misc":{"Gesch\u00e4tzte Lesezeit":"2 Minuten"},"schema":{"@context":"https:\/\/schema.org","@graph":[{"@type":"WebPage","@id":"https:\/\/www.csj-emballages.com\/de\/produit\/50-2-lagige-servietten-38-x-38-cm-mandarine\/","url":"https:\/\/www.csj-emballages.com\/de\/produit\/50-2-lagige-servietten-38-x-38-cm-mandarine\/","name":"Serviette Mandarine 2-lagig 38 x 38 cm pro 50","isPartOf":{"@id":"https:\/\/www.csj-emballages.com\/de\/#website"},"primaryImageOfPage":{"@id":"https:\/\/www.csj-emballages.com\/de\/produit\/50-2-lagige-servietten-38-x-38-cm-mandarine\/#primaryimage"},"image":{"@id":"https:\/\/www.csj-emballages.com\/de\/produit\/50-2-lagige-servietten-38-x-38-cm-mandarine\/#primaryimage"},"thumbnailUrl":"https:\/\/www.csj-emballages.com\/wp-content\/uploads\/2024\/03\/SR38M.webp","datePublished":"2024-03-01T15:49:00+00:00","dateModified":"2026-04-16T00:16:10+00:00","description":"Verleihen Sie Ihren Mahlzeiten Eleganz und Zweckm\u00e4\u00dfigkeit mit der 2-lagigen Serviette Mandarine 38 x 38 cm \u00e0 50, ideal f\u00fcr alle Ihre festlichen Tafeln.","breadcrumb":{"@id":"https:\/\/www.csj-emballages.com\/de\/produit\/50-2-lagige-servietten-38-x-38-cm-mandarine\/#breadcrumb"},"inLanguage":"de","potentialAction":[{"@type":"ReadAction","target":["https:\/\/www.csj-emballages.com\/de\/produit\/50-2-lagige-servietten-38-x-38-cm-mandarine\/"]}]},{"@type":"ImageObject","inLanguage":"de","@id":"https:\/\/www.csj-emballages.com\/de\/produit\/50-2-lagige-servietten-38-x-38-cm-mandarine\/#primaryimage","url":"https:\/\/www.csj-emballages.com\/wp-content\/uploads\/2024\/03\/SR38M.webp","contentUrl":"https:\/\/www.csj-emballages.com\/wp-content\/uploads\/2024\/03\/SR38M.webp","width":800,"height":800,"caption":"Serviette mandarine"},{"@type":"BreadcrumbList","@id":"https:\/\/www.csj-emballages.com\/de\/produit\/50-2-lagige-servietten-38-x-38-cm-mandarine\/#breadcrumb","itemListElement":[{"@type":"ListItem","position":1,"name":"Accueil","item":"https:\/\/www.csj-emballages.com\/de\/universum-lebensmittelverpackungen\/"},{"@type":"ListItem","position":2,"name":"Shop","item":"https:\/\/www.csj-emballages.com\/shop\/"},{"@type":"ListItem","position":3,"name":"Mandarine Serviette 2-lagig 38 x 38 cm pro 50"}]},{"@type":"WebSite","@id":"https:\/\/www.csj-emballages.com\/de\/#website","url":"https:\/\/www.csj-emballages.com\/de\/","name":"CSJ Emballages","description":"","publisher":{"@id":"https:\/\/www.csj-emballages.com\/de\/#organization"},"potentialAction":[{"@type":"SearchAction","target":{"@type":"EntryPoint","urlTemplate":"https:\/\/www.csj-emballages.com\/de\/?s={search_term_string}"},"query-input":{"@type":"PropertyValueSpecification","valueRequired":true,"valueName":"search_term_string"}}],"inLanguage":"de"},{"@type":"Organization","@id":"https:\/\/www.csj-emballages.com\/de\/#Organization\/","name":"CSJ Emballages","url":"https:\/\/www.csj-emballages.com\/de\/","logo":{"@type":"ImageObject","inLanguage":"de","@id":"https:\/\/www.csj-emballages.com\/de\/#\/schema\/logo\/image\/","url":"https:\/\/www.csj-emballages.com\/wp-content\/uploads\/2023\/10\/logo_csj.webp","contentUrl":"https:\/\/www.csj-emballages.com\/wp-content\/uploads\/2023\/10\/logo_csj.webp","width":250,"height":95,"caption":"CSJ Emballages"},"image":{"@id":"https:\/\/www.csj-emballages.com\/de\/#\/schema\/logo\/image\/"},"sameAs":["https:\/\/www.facebook.com\/csjemballages"],"address":{"@type":"PostalAddress","streetAddress":"ZI La Lechere","addressLocality":"Patornay","postalCode":"39130","addressCountry":"FR"},"contactPoint":[{"@type":"ContactPoint","contactType":"Service client","telephone":"0384254272","email":"contact@csj-emballages.com"}]}]}},"df_price":2.27,"df_sale_price":"","df_regular_price":2.27,"df_image_link":"https:\/\/www.csj-emballages.com\/wp-content\/uploads\/2024\/03\/SR38M-300x300.webp","tiered_pricing_type":"fixed","tiered_pricing_fixed_rules":[],"tiered_pricing_percentage_rules":[],"tiered_pricing_minimum":1,"tiered_pricing_roles_data":[],"_links":{"self":[{"href":"https:\/\/www.csj-emballages.com\/de\/wp-json\/wp\/v2\/product\/17788","targetHints":{"allow":["GET"]}}],"collection":[{"href":"https:\/\/www.csj-emballages.com\/de\/wp-json\/wp\/v2\/product"}],"about":[{"href":"https:\/\/www.csj-emballages.com\/de\/wp-json\/wp\/v2\/types\/product"}],"wp:featuredmedia":[{"embeddable":true,"href":"https:\/\/www.csj-emballages.com\/de\/wp-json\/wp\/v2\/media\/241221"}],"wp:attachment":[{"href":"https:\/\/www.csj-emballages.com\/de\/wp-json\/wp\/v2\/media?parent=17788"}],"wp:term":[{"taxonomy":"product_brand","embeddable":true,"href":"https:\/\/www.csj-emballages.com\/de\/wp-json\/wp\/v2\/product_brand?post=17788"},{"taxonomy":"product_cat","embeddable":true,"href":"https:\/\/www.csj-emballages.com\/de\/wp-json\/wp\/v2\/product_cat?post=17788"},{"taxonomy":"product_tag","embeddable":true,"href":"https:\/\/www.csj-emballages.com\/de\/wp-json\/wp\/v2\/product_tag?post=17788"}],"curies":[{"name":"wp","href":"https:\/\/api.w.org\/{rel}","templated":true}]}}