{"id":17779,"date":"2024-03-01T16:49:01","date_gmt":"2024-03-01T15:49:01","guid":{"rendered":"https:\/\/u15jnbdpoq.preview.infomaniak.website\/produit\/50-2-lagige-servietten-38-x-38-cm-grau\/"},"modified":"2026-04-01T02:18:41","modified_gmt":"2026-04-01T00:18:41","slug":"50-2-lagige-servietten-38-x-38-cm-grau","status":"publish","type":"product","link":"https:\/\/www.csj-emballages.com\/de\/produit\/50-2-lagige-servietten-38-x-38-cm-grau\/","title":{"rendered":"Graue Serviette 2-lagig 38 x 38 cm pro 50"},"content":{"rendered":"<h2>Graue Serviette<\/h2>\n<hr>\n<h3><span style=\"font-weight: bold;\">Entdecken Sie unsere graue Serviette 2-lagig 38 x 38 cm pro 50<\/span><\/h3>\n<p><!--more--><\/p>\n<div class=\"flex max-w-full flex-col flex-grow\">\n<div class=\"min-h-8 text-message flex w-full flex-col items-end gap-2 whitespace-normal break-words text-start [.text-message+&amp;]:mt-5\" dir=\"auto\" data-message-author-role=\"assistant\" data-message-id=\"9b149096-222c-4804-b25c-623d8d364029\" data-message-model-slug=\"gpt-4o-mini\">\n<div class=\"flex w-full flex-col gap-1 empty:hidden first:pt-[3px]\">\n<div class=\"markdown prose w-full break-words dark:prose-invert dark\">\n<p data-start=\"126\" data-end=\"381\">Bringen Sie Eleganz und Zweckm\u00e4\u00dfigkeit auf Ihren Tisch mit der <strong data-start=\"178\" data-end=\"222\">grauen 2-lagigen Serviette 38 x 38 cm \u00e0 50<\/strong>. Diese <strong data-start=\"178\" data-end=\"222\">Servietten<\/strong> sind sowohl f\u00fcr allt\u00e4gliche Mahlzeiten als auch f\u00fcr gesch\u00e4ftliche Empf\u00e4nge ideal und vereinen <strong data-start=\"336\" data-end=\"347\">Qualit\u00e4t<\/strong>, <strong data-start=\"349\" data-end=\"360\">Komfort<\/strong> und <strong data-start=\"364\" data-end=\"378\">\u00c4sthetik<\/strong>. <\/p>\n<p data-start=\"383\" data-end=\"681\">Dank ihres gro\u00dfz\u00fcgigen Formats von <strong data-start=\"415\" data-end=\"429\">38 x 38 cm<\/strong> bieten sie eine gute Deckung und einen optimalen Benutzerkomfort. Die <strong data-start=\"506\" data-end=\"523\">2-fache Faltung<\/strong> sorgt f\u00fcr eine angenehme Dicke, die sich gut anf\u00fchlt und gleichzeitig eine gute Widerstandsf\u00e4higkeit bei der Benutzung gew\u00e4hrleistet. Dies ist der perfekte Kompromiss zwischen Praktikabilit\u00e4t und Raffinesse.  <\/p>\n<p data-start=\"683\" data-end=\"1118\">Die Farbe <strong data-start=\"694\" data-end=\"703\">Grau<\/strong> l\u00e4sst sich leicht an jedes Ambiente und jede Tischdekoration anpassen. Sie sorgt f\u00fcr einen <strong data-start=\"796\" data-end=\"815\">modernen und schicken<\/strong> Touch, ob bei einem Abendessen mit Freunden, einer Hochzeit, einem Seminar oder auch einem Catering-Service. Restaurantfachleute sch\u00e4tzen vor allem ihre <strong data-start=\"994\" data-end=\"1019\">vielseitige und elegante<\/strong> Seite, w\u00e4hrend Privatpersonen darin eine einfache und wirksame L\u00f6sung sehen, um ihre Mahlzeiten zu veredeln.  <\/p>\n<p data-start=\"1120\" data-end=\"1384\">Die Servietten sind zu <strong data-start=\"1138\" data-end=\"1151\">50 St\u00fcck<\/strong> verpackt und eignen sich ideal f\u00fcr den einmaligen oder regelm\u00e4\u00dfigen Bedarf, ohne unn\u00f6tigen \u00dcberbestand. Ihr robustes Design sorgt daf\u00fcr, dass sie auch bei \u00fcppigen oder aufwendigen Gerichten nicht so leicht rei\u00dfen. <\/p>\n<p data-start=\"1386\" data-end=\"1702\">Die praktischen, \u00e4sthetischen und strapazierf\u00e4higen <strong data-start=\"1429\" data-end=\"1468\">grauen 2-lagigen Servietten 38 x 38 cm<\/strong> sind eine unumg\u00e4ngliche Wahl f\u00fcr alle, die sowohl <strong data-start=\"1534\" data-end=\"1559\">Komfort bei der Verwendung<\/strong> als auch eine <strong data-start=\"1563\" data-end=\"1587\">gepflegte Pr\u00e4sentation<\/strong> w\u00fcnschen. Mit diesen Servietten k\u00f6nnen Sie Ihren G\u00e4sten ein freundliches, professionelles und immer elegantes Erlebnis bieten. <\/p>\n<p data-start=\"1386\" data-end=\"1702\">\n<\/div>\n<\/div>\n<\/div>\n<\/div>\n<p><!--more--><\/p>\n<h4>Vorteile :<\/h4>\n<ul>\n<li><strong>Zeitlose Eleganz:<\/strong> Die Farbe <strong>Grau<\/strong> verleiht jedem Tisch einen modernen Touch.<\/li>\n<li><strong>Ideale Gr\u00f6\u00dfe:<\/strong> Mit den Ma\u00dfen <strong>38 x 38 cm<\/strong> eignen sich diese Handt\u00fccher f\u00fcr viele Zwecke.<\/li>\n<li><strong>H\u00f6here Widerstandsf\u00e4higkeit:<\/strong> Das 2-lagige Design garantiert St\u00e4rke und Effizienz bei intensiver Nutzung.<\/li>\n<li><strong>Angenehme Textur:<\/strong> Weich und saugf\u00e4hig, bieten sie optimalen Tragekomfort.<\/li>\n<\/ul>\n<p>&nbsp;<\/p>\n<p><!--more--><\/p>\n<h4>Weitere Informationen :<\/h4>\n<ul>\n<li><strong>Verpackung<\/strong>: Packung mit 50 St\u00fcck<\/li>\n<li><strong>Farbe<\/strong>: Grau<\/li>\n<li><strong>Ma\u00dfe<\/strong>: 38 x 38 cm aufgeklappt<\/li>\n<li><strong>Material<\/strong>: Zellulose<\/li>\n<\/ul>\n<p>&nbsp;<\/p>\n<p><!--more--><\/p>\n<p><a href=\"https:\/\/www.csj-emballages.com\/de\/categorie-produit\/lebensmittelverpackungen\/restauration-de\/servietten-tischsets-tischdecken\/handtucher\/2-lagige-servietten\/\">Sehen Sie sich den Rest unseres Sortiments an 2-lagigen Handt\u00fcchern an<\/a><\/p>\n","protected":false},"excerpt":{"rendered":"<p>Graue Serviette Entdecken Sie unsere graue Serviette 2-lagig 38 x 38 cm pro 50<\/p>\n","protected":false},"featured_media":241175,"template":"","meta":{"_acf_changed":false},"product_brand":[],"product_cat":[1137,1134,1135,1251,1653],"product_tag":[],"class_list":{"0":"post-17779","1":"product","2":"type-product","3":"status-publish","4":"has-post-thumbnail","6":"product_cat-lebensmittelverpackungen","7":"product_cat-restauration-de","8":"product_cat-servietten-tischsets-tischdecken","9":"product_cat-handtucher","10":"product_cat-2-lagige-servietten","12":"first","13":"instock","14":"taxable","15":"shipping-taxable","16":"purchasable","17":"product-type-simple"},"acf":[],"yoast_head":"<!-- This site is optimized with the Yoast SEO Premium plugin v26.6 (Yoast SEO v26.6) - https:\/\/yoast.com\/wordpress\/plugins\/seo\/ -->\n<title>Serviette Grau 2-lagig 38 x 38 cm pro 50<\/title>\n<meta name=\"description\" content=\"Bringen Sie Eleganz und Zweckm\u00e4\u00dfigkeit auf Ihren Tisch mit unseren grauen 2-lagigen Servietten 38 x 38 cm \u00e0 50 St\u00fcck: Sie sind strapazierf\u00e4hig, saugf\u00e4hig und ideal f\u00fcr alle Ihre Mahlzeiten.\" \/>\n<meta name=\"robots\" content=\"index, follow, max-snippet:-1, max-image-preview:large, max-video-preview:-1\" \/>\n<link rel=\"canonical\" href=\"https:\/\/www.csj-emballages.com\/de\/produit\/50-2-lagige-servietten-38-x-38-cm-grau\/\" \/>\n<meta property=\"og:locale\" content=\"de_DE\" \/>\n<meta property=\"og:type\" content=\"article\" \/>\n<meta property=\"og:title\" content=\"Graue Serviette 2-lagig 38 x 38 cm pro 50\" \/>\n<meta property=\"og:description\" content=\"Bringen Sie Eleganz und Zweckm\u00e4\u00dfigkeit auf Ihren Tisch mit unseren grauen 2-lagigen Servietten 38 x 38 cm \u00e0 50 St\u00fcck: Sie sind strapazierf\u00e4hig, saugf\u00e4hig und ideal f\u00fcr alle Ihre Mahlzeiten.\" \/>\n<meta property=\"og:url\" content=\"https:\/\/www.csj-emballages.com\/de\/produit\/50-2-lagige-servietten-38-x-38-cm-grau\/\" \/>\n<meta property=\"og:site_name\" content=\"CSJ Emballages\" \/>\n<meta property=\"article:publisher\" content=\"https:\/\/www.facebook.com\/csjemballages\" \/>\n<meta property=\"article:modified_time\" content=\"2026-04-01T00:18:41+00:00\" \/>\n<meta property=\"og:image\" content=\"https:\/\/www.csj-emballages.com\/wp-content\/uploads\/2024\/03\/SR38G.webp\" \/>\n\t<meta property=\"og:image:width\" content=\"800\" \/>\n\t<meta property=\"og:image:height\" content=\"800\" \/>\n\t<meta property=\"og:image:type\" content=\"image\/webp\" \/>\n<meta name=\"twitter:card\" content=\"summary_large_image\" \/>\n<meta name=\"twitter:label1\" content=\"Gesch\u00e4tzte Lesezeit\" \/>\n\t<meta name=\"twitter:data1\" content=\"2 Minuten\" \/>\n<script type=\"application\/ld+json\" class=\"yoast-schema-graph\">{\"@context\":\"https:\/\/schema.org\",\"@graph\":[{\"@type\":\"WebPage\",\"@id\":\"https:\/\/www.csj-emballages.com\/de\/produit\/50-2-lagige-servietten-38-x-38-cm-grau\/\",\"url\":\"https:\/\/www.csj-emballages.com\/de\/produit\/50-2-lagige-servietten-38-x-38-cm-grau\/\",\"name\":\"Serviette Grau 2-lagig 38 x 38 cm pro 50\",\"isPartOf\":{\"@id\":\"https:\/\/www.csj-emballages.com\/de\/#website\"},\"primaryImageOfPage\":{\"@id\":\"https:\/\/www.csj-emballages.com\/de\/produit\/50-2-lagige-servietten-38-x-38-cm-grau\/#primaryimage\"},\"image\":{\"@id\":\"https:\/\/www.csj-emballages.com\/de\/produit\/50-2-lagige-servietten-38-x-38-cm-grau\/#primaryimage\"},\"thumbnailUrl\":\"https:\/\/www.csj-emballages.com\/wp-content\/uploads\/2024\/03\/SR38G.webp\",\"datePublished\":\"2024-03-01T15:49:01+00:00\",\"dateModified\":\"2026-04-01T00:18:41+00:00\",\"description\":\"Bringen Sie Eleganz und Zweckm\u00e4\u00dfigkeit auf Ihren Tisch mit unseren grauen 2-lagigen Servietten 38 x 38 cm \u00e0 50 St\u00fcck: Sie sind strapazierf\u00e4hig, saugf\u00e4hig und ideal f\u00fcr alle Ihre Mahlzeiten.\",\"breadcrumb\":{\"@id\":\"https:\/\/www.csj-emballages.com\/de\/produit\/50-2-lagige-servietten-38-x-38-cm-grau\/#breadcrumb\"},\"inLanguage\":\"de\",\"potentialAction\":[{\"@type\":\"ReadAction\",\"target\":[\"https:\/\/www.csj-emballages.com\/de\/produit\/50-2-lagige-servietten-38-x-38-cm-grau\/\"]}]},{\"@type\":\"ImageObject\",\"inLanguage\":\"de\",\"@id\":\"https:\/\/www.csj-emballages.com\/de\/produit\/50-2-lagige-servietten-38-x-38-cm-grau\/#primaryimage\",\"url\":\"https:\/\/www.csj-emballages.com\/wp-content\/uploads\/2024\/03\/SR38G.webp\",\"contentUrl\":\"https:\/\/www.csj-emballages.com\/wp-content\/uploads\/2024\/03\/SR38G.webp\",\"width\":800,\"height\":800,\"caption\":\"Serviette grise\"},{\"@type\":\"BreadcrumbList\",\"@id\":\"https:\/\/www.csj-emballages.com\/de\/produit\/50-2-lagige-servietten-38-x-38-cm-grau\/#breadcrumb\",\"itemListElement\":[{\"@type\":\"ListItem\",\"position\":1,\"name\":\"Accueil\",\"item\":\"https:\/\/www.csj-emballages.com\/de\/universum-lebensmittelverpackungen\/\"},{\"@type\":\"ListItem\",\"position\":2,\"name\":\"Shop\",\"item\":\"https:\/\/www.csj-emballages.com\/shop\/\"},{\"@type\":\"ListItem\",\"position\":3,\"name\":\"Graue Serviette 2-lagig 38 x 38 cm pro 50\"}]},{\"@type\":\"WebSite\",\"@id\":\"https:\/\/www.csj-emballages.com\/de\/#website\",\"url\":\"https:\/\/www.csj-emballages.com\/de\/\",\"name\":\"CSJ Emballages\",\"description\":\"\",\"publisher\":{\"@id\":\"https:\/\/www.csj-emballages.com\/de\/#organization\"},\"potentialAction\":[{\"@type\":\"SearchAction\",\"target\":{\"@type\":\"EntryPoint\",\"urlTemplate\":\"https:\/\/www.csj-emballages.com\/de\/?s={search_term_string}\"},\"query-input\":{\"@type\":\"PropertyValueSpecification\",\"valueRequired\":true,\"valueName\":\"search_term_string\"}}],\"inLanguage\":\"de\"},{\"@type\":\"Organization\",\"@id\":\"https:\/\/www.csj-emballages.com\/de\/#Organization\/\",\"name\":\"CSJ Emballages\",\"url\":\"https:\/\/www.csj-emballages.com\/de\/\",\"logo\":{\"@type\":\"ImageObject\",\"inLanguage\":\"de\",\"@id\":\"https:\/\/www.csj-emballages.com\/de\/#\/schema\/logo\/image\/\",\"url\":\"https:\/\/www.csj-emballages.com\/wp-content\/uploads\/2023\/10\/logo_csj.webp\",\"contentUrl\":\"https:\/\/www.csj-emballages.com\/wp-content\/uploads\/2023\/10\/logo_csj.webp\",\"width\":250,\"height\":95,\"caption\":\"CSJ Emballages\"},\"image\":{\"@id\":\"https:\/\/www.csj-emballages.com\/de\/#\/schema\/logo\/image\/\"},\"sameAs\":[\"https:\/\/www.facebook.com\/csjemballages\"],\"address\":{\"@type\":\"PostalAddress\",\"streetAddress\":\"ZI La Lechere\",\"addressLocality\":\"Patornay\",\"postalCode\":\"39130\",\"addressCountry\":\"FR\"},\"contactPoint\":[{\"@type\":\"ContactPoint\",\"contactType\":\"Service client\",\"telephone\":\"0384254272\",\"email\":\"contact@csj-emballages.com\"}]}]}<\/script>\n<!-- \/ Yoast SEO Premium plugin. -->","yoast_head_json":{"title":"Serviette Grau 2-lagig 38 x 38 cm pro 50","description":"Bringen Sie Eleganz und Zweckm\u00e4\u00dfigkeit auf Ihren Tisch mit unseren grauen 2-lagigen Servietten 38 x 38 cm \u00e0 50 St\u00fcck: Sie sind strapazierf\u00e4hig, saugf\u00e4hig und ideal f\u00fcr alle Ihre Mahlzeiten.","robots":{"index":"index","follow":"follow","max-snippet":"max-snippet:-1","max-image-preview":"max-image-preview:large","max-video-preview":"max-video-preview:-1"},"canonical":"https:\/\/www.csj-emballages.com\/de\/produit\/50-2-lagige-servietten-38-x-38-cm-grau\/","og_locale":"de_DE","og_type":"article","og_title":"Graue Serviette 2-lagig 38 x 38 cm pro 50","og_description":"Bringen Sie Eleganz und Zweckm\u00e4\u00dfigkeit auf Ihren Tisch mit unseren grauen 2-lagigen Servietten 38 x 38 cm \u00e0 50 St\u00fcck: Sie sind strapazierf\u00e4hig, saugf\u00e4hig und ideal f\u00fcr alle Ihre Mahlzeiten.","og_url":"https:\/\/www.csj-emballages.com\/de\/produit\/50-2-lagige-servietten-38-x-38-cm-grau\/","og_site_name":"CSJ Emballages","article_publisher":"https:\/\/www.facebook.com\/csjemballages","article_modified_time":"2026-04-01T00:18:41+00:00","og_image":[{"width":800,"height":800,"url":"https:\/\/www.csj-emballages.com\/wp-content\/uploads\/2024\/03\/SR38G.webp","type":"image\/webp"}],"twitter_card":"summary_large_image","twitter_misc":{"Gesch\u00e4tzte Lesezeit":"2 Minuten"},"schema":{"@context":"https:\/\/schema.org","@graph":[{"@type":"WebPage","@id":"https:\/\/www.csj-emballages.com\/de\/produit\/50-2-lagige-servietten-38-x-38-cm-grau\/","url":"https:\/\/www.csj-emballages.com\/de\/produit\/50-2-lagige-servietten-38-x-38-cm-grau\/","name":"Serviette Grau 2-lagig 38 x 38 cm pro 50","isPartOf":{"@id":"https:\/\/www.csj-emballages.com\/de\/#website"},"primaryImageOfPage":{"@id":"https:\/\/www.csj-emballages.com\/de\/produit\/50-2-lagige-servietten-38-x-38-cm-grau\/#primaryimage"},"image":{"@id":"https:\/\/www.csj-emballages.com\/de\/produit\/50-2-lagige-servietten-38-x-38-cm-grau\/#primaryimage"},"thumbnailUrl":"https:\/\/www.csj-emballages.com\/wp-content\/uploads\/2024\/03\/SR38G.webp","datePublished":"2024-03-01T15:49:01+00:00","dateModified":"2026-04-01T00:18:41+00:00","description":"Bringen Sie Eleganz und Zweckm\u00e4\u00dfigkeit auf Ihren Tisch mit unseren grauen 2-lagigen Servietten 38 x 38 cm \u00e0 50 St\u00fcck: Sie sind strapazierf\u00e4hig, saugf\u00e4hig und ideal f\u00fcr alle Ihre Mahlzeiten.","breadcrumb":{"@id":"https:\/\/www.csj-emballages.com\/de\/produit\/50-2-lagige-servietten-38-x-38-cm-grau\/#breadcrumb"},"inLanguage":"de","potentialAction":[{"@type":"ReadAction","target":["https:\/\/www.csj-emballages.com\/de\/produit\/50-2-lagige-servietten-38-x-38-cm-grau\/"]}]},{"@type":"ImageObject","inLanguage":"de","@id":"https:\/\/www.csj-emballages.com\/de\/produit\/50-2-lagige-servietten-38-x-38-cm-grau\/#primaryimage","url":"https:\/\/www.csj-emballages.com\/wp-content\/uploads\/2024\/03\/SR38G.webp","contentUrl":"https:\/\/www.csj-emballages.com\/wp-content\/uploads\/2024\/03\/SR38G.webp","width":800,"height":800,"caption":"Serviette grise"},{"@type":"BreadcrumbList","@id":"https:\/\/www.csj-emballages.com\/de\/produit\/50-2-lagige-servietten-38-x-38-cm-grau\/#breadcrumb","itemListElement":[{"@type":"ListItem","position":1,"name":"Accueil","item":"https:\/\/www.csj-emballages.com\/de\/universum-lebensmittelverpackungen\/"},{"@type":"ListItem","position":2,"name":"Shop","item":"https:\/\/www.csj-emballages.com\/shop\/"},{"@type":"ListItem","position":3,"name":"Graue Serviette 2-lagig 38 x 38 cm pro 50"}]},{"@type":"WebSite","@id":"https:\/\/www.csj-emballages.com\/de\/#website","url":"https:\/\/www.csj-emballages.com\/de\/","name":"CSJ Emballages","description":"","publisher":{"@id":"https:\/\/www.csj-emballages.com\/de\/#organization"},"potentialAction":[{"@type":"SearchAction","target":{"@type":"EntryPoint","urlTemplate":"https:\/\/www.csj-emballages.com\/de\/?s={search_term_string}"},"query-input":{"@type":"PropertyValueSpecification","valueRequired":true,"valueName":"search_term_string"}}],"inLanguage":"de"},{"@type":"Organization","@id":"https:\/\/www.csj-emballages.com\/de\/#Organization\/","name":"CSJ Emballages","url":"https:\/\/www.csj-emballages.com\/de\/","logo":{"@type":"ImageObject","inLanguage":"de","@id":"https:\/\/www.csj-emballages.com\/de\/#\/schema\/logo\/image\/","url":"https:\/\/www.csj-emballages.com\/wp-content\/uploads\/2023\/10\/logo_csj.webp","contentUrl":"https:\/\/www.csj-emballages.com\/wp-content\/uploads\/2023\/10\/logo_csj.webp","width":250,"height":95,"caption":"CSJ Emballages"},"image":{"@id":"https:\/\/www.csj-emballages.com\/de\/#\/schema\/logo\/image\/"},"sameAs":["https:\/\/www.facebook.com\/csjemballages"],"address":{"@type":"PostalAddress","streetAddress":"ZI La Lechere","addressLocality":"Patornay","postalCode":"39130","addressCountry":"FR"},"contactPoint":[{"@type":"ContactPoint","contactType":"Service client","telephone":"0384254272","email":"contact@csj-emballages.com"}]}]}},"df_price":2.21,"df_sale_price":"","df_regular_price":2.21,"df_image_link":"https:\/\/www.csj-emballages.com\/wp-content\/uploads\/2024\/03\/SR38G-300x300.webp","tiered_pricing_type":"fixed","tiered_pricing_fixed_rules":[],"tiered_pricing_percentage_rules":[],"tiered_pricing_minimum":1,"tiered_pricing_roles_data":[],"_links":{"self":[{"href":"https:\/\/www.csj-emballages.com\/de\/wp-json\/wp\/v2\/product\/17779","targetHints":{"allow":["GET"]}}],"collection":[{"href":"https:\/\/www.csj-emballages.com\/de\/wp-json\/wp\/v2\/product"}],"about":[{"href":"https:\/\/www.csj-emballages.com\/de\/wp-json\/wp\/v2\/types\/product"}],"wp:featuredmedia":[{"embeddable":true,"href":"https:\/\/www.csj-emballages.com\/de\/wp-json\/wp\/v2\/media\/241175"}],"wp:attachment":[{"href":"https:\/\/www.csj-emballages.com\/de\/wp-json\/wp\/v2\/media?parent=17779"}],"wp:term":[{"taxonomy":"product_brand","embeddable":true,"href":"https:\/\/www.csj-emballages.com\/de\/wp-json\/wp\/v2\/product_brand?post=17779"},{"taxonomy":"product_cat","embeddable":true,"href":"https:\/\/www.csj-emballages.com\/de\/wp-json\/wp\/v2\/product_cat?post=17779"},{"taxonomy":"product_tag","embeddable":true,"href":"https:\/\/www.csj-emballages.com\/de\/wp-json\/wp\/v2\/product_tag?post=17779"}],"curies":[{"name":"wp","href":"https:\/\/api.w.org\/{rel}","templated":true}]}}