{"id":17773,"date":"2024-03-01T16:49:00","date_gmt":"2024-03-01T15:49:00","guid":{"rendered":"https:\/\/u15jnbdpoq.preview.infomaniak.website\/produit\/50-2-lagige-servietten-38-x-38-cm-elfenbeinfarben\/"},"modified":"2026-04-22T02:15:31","modified_gmt":"2026-04-22T00:15:31","slug":"50-2-lagige-servietten-38-x-38-cm-elfenbeinfarben","status":"publish","type":"product","link":"https:\/\/www.csj-emballages.com\/de\/produit\/50-2-lagige-servietten-38-x-38-cm-elfenbeinfarben\/","title":{"rendered":"Elfenbeinfarbene 2-lagige Serviette 38 x 38 cm pro 50"},"content":{"rendered":"<h2>Elfenbeinfarbene Serviette<\/h2>\n<hr>\n<h3><span style=\"font-weight: bold;\">Entdecken Sie unsere 2-lagige Serviette Elfenbein 38 x 38 cm pro 50<\/span><\/h3>\n<p><!--more--><\/p>\n<div class=\"flex max-w-full flex-col flex-grow\">\n<div class=\"min-h-8 text-message flex w-full flex-col items-end gap-2 whitespace-normal break-words text-start [.text-message+&amp;]:mt-5\" dir=\"auto\" data-message-author-role=\"assistant\" data-message-id=\"9b149096-222c-4804-b25c-623d8d364029\" data-message-model-slug=\"gpt-4o-mini\">\n<div class=\"flex w-full flex-col gap-1 empty:hidden first:pt-[3px]\">\n<div class=\"markdown prose w-full break-words dark:prose-invert dark\">\n<p data-start=\"128\" data-end=\"505\">Die <strong data-start=\"132\" data-end=\"178\">elfenbeinfarbenen 2-lagigen Servietten 38 x 38 cm \u00e0 50 St\u00fcck<\/strong> sind ein Muss f\u00fcr alle professionellen Gastronomen, aber auch f\u00fcr Privatpersonen, die Wert auf einen eleganten Empfang legen. Ihr gro\u00dfz\u00fcgiges Format von <strong data-start=\"343\" data-end=\"357\">38 x 38 cm<\/strong> erm\u00f6glicht eine raffinierte Faltung und eine komfortable Nutzung, sei es f\u00fcr ein geselliges Essen, ein Buffet, eine Hochzeit oder eine Firmenveranstaltung. <\/p>\n<p data-start=\"507\" data-end=\"949\">Ebenso bringen diese <strong>Servietten<\/strong> mit ihrem <strong data-start=\"524\" data-end=\"534\">Elfenbeinton<\/strong> einen Hauch von Sanftheit und Raffinesse auf Ihre Tische. Sie sind w\u00e4rmer als das klassische Wei\u00df und passen perfekt zu nat\u00fcrlichen oder l\u00e4ndlichen Dekorationen. Die <strong data-start=\"788\" data-end=\"806\">2-lagige Qualit\u00e4t<\/strong> sorgt f\u00fcr Strapazierf\u00e4higkeit und Tragekomfort, sodass die G\u00e4ste eine saugf\u00e4hige Serviette genie\u00dfen k\u00f6nnen, die sich angenehm anf\u00fchlt.  <\/p>\n<p data-start=\"951\" data-end=\"1269\">Sie sind <strong data-start=\"965\" data-end=\"982\">in Packungen zu 50 St\u00fcck<\/strong> verpackt, praktisch zu lagern und ideal f\u00fcr die Bed\u00fcrfnisse von Gastronomen, Caterern, Eventveranstaltern oder Familien bei gro\u00dfen Empf\u00e4ngen. Sie eignen sich sowohl f\u00fcr den t\u00e4glichen als auch f\u00fcr den gelegentlichen Gebrauch und garantieren immer eine einwandfreie Pr\u00e4sentation. <\/p>\n<p data-start=\"1271\" data-end=\"1572\">Dar\u00fcber hinaus bieten diese <strong>Zellstoffservietten<\/strong> eine <strong data-start=\"1326\" data-end=\"1364\">praktische, \u00e4sthetische und hygienische<\/strong> L\u00f6sung und vereinfachen gleichzeitig die Organisation Ihrer Mahlzeiten. Sie m\u00fcssen nicht mehr gewaschen, geb\u00fcgelt oder gepflegt werden: Legen Sie sie einfach auf Ihre Tische, und im Handumdrehen ist eine gepflegte Inszenierung geschaffen. <\/p>\n<p data-start=\"1574\" data-end=\"1832\">Zusammenfassend l\u00e4sst sich sagen, dass es sich um ein Produkt handelt, das dazu gedacht ist, Ihre gemeinsamen Momente zu sublimieren.<\/p>\n<p data-start=\"1574\" data-end=\"1832\">\n<\/div>\n<\/div>\n<\/div>\n<\/div>\n<p><!--more--><\/p>\n<h4>Vorteile :<\/h4>\n<ul>\n<li><strong>Zeitlose Eleganz:<\/strong> Die Farbe <strong>Elfenbein<\/strong> verleiht jedem Tisch eine sanfte Note.<\/li>\n<li><strong>Ideale Gr\u00f6\u00dfe:<\/strong> Mit den Ma\u00dfen <strong>38 x 38 cm<\/strong> eignen sich diese Handt\u00fccher f\u00fcr viele Zwecke.<\/li>\n<li><strong>H\u00f6here Widerstandsf\u00e4higkeit:<\/strong> Das 2-lagige Design garantiert St\u00e4rke und Effizienz bei intensiver Nutzung.<\/li>\n<li><strong>Angenehme Textur:<\/strong> Weich und saugf\u00e4hig, bieten sie optimalen Tragekomfort.<\/li>\n<\/ul>\n<p>&nbsp;<\/p>\n<p><!--more--><\/p>\n<h4>Weitere Informationen :<\/h4>\n<ul>\n<li><strong>Verpackung<\/strong>: Packung mit 50 St\u00fcck<\/li>\n<li><strong>Farbe<\/strong>: Elfenbein<\/li>\n<li><strong>Ma\u00dfe<\/strong>: 38 x 38 cm aufgeklappt<\/li>\n<li><strong>Material<\/strong>: Zellulose<\/li>\n<\/ul>\n<p>&nbsp;<\/p>\n<p><!--more--><\/p>\n<p><a href=\"https:\/\/www.csj-emballages.com\/de\/categorie-produit\/lebensmittelverpackungen\/restauration-de\/servietten-tischsets-tischdecken\/handtucher\/2-lagige-servietten\/\">Sehen Sie sich den Rest unseres Sortiments an 2-lagigen Handt\u00fcchern an<\/a><\/p>\n","protected":false},"excerpt":{"rendered":"<p>Elfenbeinfarbene Serviette Entdecken Sie unsere 2-lagige Serviette Elfenbein 38 x 38 cm pro 50<\/p>\n","protected":false},"featured_media":241200,"template":"","meta":{"_acf_changed":false},"product_brand":[],"product_cat":[1137,1134,1135,1251,1653],"product_tag":[],"class_list":{"0":"post-17773","1":"product","2":"type-product","3":"status-publish","4":"has-post-thumbnail","6":"product_cat-lebensmittelverpackungen","7":"product_cat-restauration-de","8":"product_cat-servietten-tischsets-tischdecken","9":"product_cat-handtucher","10":"product_cat-2-lagige-servietten","12":"first","13":"instock","14":"taxable","15":"shipping-taxable","16":"purchasable","17":"product-type-simple"},"acf":[],"yoast_head":"<!-- This site is optimized with the Yoast SEO Premium plugin v26.6 (Yoast SEO v26.6) - https:\/\/yoast.com\/wordpress\/plugins\/seo\/ -->\n<title>Elfenbeinfarbene 2-lagige Serviette 38 x 38 cm pro 50<\/title>\n<meta name=\"description\" content=\"Elfenbeinfarbene 2-lagige Servietten 38 x 38 cm pro 50 St\u00fcck: elegant, praktisch und saugf\u00e4hig, ideal f\u00fcr Caterer, Restaurants und private Feiern.\" \/>\n<meta name=\"robots\" content=\"index, follow, max-snippet:-1, max-image-preview:large, max-video-preview:-1\" \/>\n<link rel=\"canonical\" href=\"https:\/\/www.csj-emballages.com\/de\/produit\/50-2-lagige-servietten-38-x-38-cm-elfenbeinfarben\/\" \/>\n<meta property=\"og:locale\" content=\"de_DE\" \/>\n<meta property=\"og:type\" content=\"article\" \/>\n<meta property=\"og:title\" content=\"Elfenbeinfarbene 2-lagige Serviette 38 x 38 cm pro 50\" \/>\n<meta property=\"og:description\" content=\"Elfenbeinfarbene 2-lagige Servietten 38 x 38 cm pro 50 St\u00fcck: elegant, praktisch und saugf\u00e4hig, ideal f\u00fcr Caterer, Restaurants und private Feiern.\" \/>\n<meta property=\"og:url\" content=\"https:\/\/www.csj-emballages.com\/de\/produit\/50-2-lagige-servietten-38-x-38-cm-elfenbeinfarben\/\" \/>\n<meta property=\"og:site_name\" content=\"CSJ Emballages\" \/>\n<meta property=\"article:publisher\" content=\"https:\/\/www.facebook.com\/csjemballages\" \/>\n<meta property=\"article:modified_time\" content=\"2026-04-22T00:15:31+00:00\" \/>\n<meta property=\"og:image\" content=\"https:\/\/www.csj-emballages.com\/wp-content\/uploads\/2024\/03\/SR38IVO.webp\" \/>\n\t<meta property=\"og:image:width\" content=\"800\" \/>\n\t<meta property=\"og:image:height\" content=\"800\" \/>\n\t<meta property=\"og:image:type\" content=\"image\/webp\" \/>\n<meta name=\"twitter:card\" content=\"summary_large_image\" \/>\n<meta name=\"twitter:label1\" content=\"Gesch\u00e4tzte Lesezeit\" \/>\n\t<meta name=\"twitter:data1\" content=\"2 Minuten\" \/>\n<script type=\"application\/ld+json\" class=\"yoast-schema-graph\">{\"@context\":\"https:\/\/schema.org\",\"@graph\":[{\"@type\":\"WebPage\",\"@id\":\"https:\/\/www.csj-emballages.com\/de\/produit\/50-2-lagige-servietten-38-x-38-cm-elfenbeinfarben\/\",\"url\":\"https:\/\/www.csj-emballages.com\/de\/produit\/50-2-lagige-servietten-38-x-38-cm-elfenbeinfarben\/\",\"name\":\"Elfenbeinfarbene 2-lagige Serviette 38 x 38 cm pro 50\",\"isPartOf\":{\"@id\":\"https:\/\/www.csj-emballages.com\/de\/#website\"},\"primaryImageOfPage\":{\"@id\":\"https:\/\/www.csj-emballages.com\/de\/produit\/50-2-lagige-servietten-38-x-38-cm-elfenbeinfarben\/#primaryimage\"},\"image\":{\"@id\":\"https:\/\/www.csj-emballages.com\/de\/produit\/50-2-lagige-servietten-38-x-38-cm-elfenbeinfarben\/#primaryimage\"},\"thumbnailUrl\":\"https:\/\/www.csj-emballages.com\/wp-content\/uploads\/2024\/03\/SR38IVO.webp\",\"datePublished\":\"2024-03-01T15:49:00+00:00\",\"dateModified\":\"2026-04-22T00:15:31+00:00\",\"description\":\"Elfenbeinfarbene 2-lagige Servietten 38 x 38 cm pro 50 St\u00fcck: elegant, praktisch und saugf\u00e4hig, ideal f\u00fcr Caterer, Restaurants und private Feiern.\",\"breadcrumb\":{\"@id\":\"https:\/\/www.csj-emballages.com\/de\/produit\/50-2-lagige-servietten-38-x-38-cm-elfenbeinfarben\/#breadcrumb\"},\"inLanguage\":\"de\",\"potentialAction\":[{\"@type\":\"ReadAction\",\"target\":[\"https:\/\/www.csj-emballages.com\/de\/produit\/50-2-lagige-servietten-38-x-38-cm-elfenbeinfarben\/\"]}]},{\"@type\":\"ImageObject\",\"inLanguage\":\"de\",\"@id\":\"https:\/\/www.csj-emballages.com\/de\/produit\/50-2-lagige-servietten-38-x-38-cm-elfenbeinfarben\/#primaryimage\",\"url\":\"https:\/\/www.csj-emballages.com\/wp-content\/uploads\/2024\/03\/SR38IVO.webp\",\"contentUrl\":\"https:\/\/www.csj-emballages.com\/wp-content\/uploads\/2024\/03\/SR38IVO.webp\",\"width\":800,\"height\":800,\"caption\":\"Serviette ivoire\"},{\"@type\":\"BreadcrumbList\",\"@id\":\"https:\/\/www.csj-emballages.com\/de\/produit\/50-2-lagige-servietten-38-x-38-cm-elfenbeinfarben\/#breadcrumb\",\"itemListElement\":[{\"@type\":\"ListItem\",\"position\":1,\"name\":\"Accueil\",\"item\":\"https:\/\/www.csj-emballages.com\/de\/universum-lebensmittelverpackungen\/\"},{\"@type\":\"ListItem\",\"position\":2,\"name\":\"Shop\",\"item\":\"https:\/\/www.csj-emballages.com\/shop\/\"},{\"@type\":\"ListItem\",\"position\":3,\"name\":\"Elfenbeinfarbene 2-lagige Serviette 38 x 38 cm pro 50\"}]},{\"@type\":\"WebSite\",\"@id\":\"https:\/\/www.csj-emballages.com\/de\/#website\",\"url\":\"https:\/\/www.csj-emballages.com\/de\/\",\"name\":\"CSJ Emballages\",\"description\":\"\",\"publisher\":{\"@id\":\"https:\/\/www.csj-emballages.com\/de\/#organization\"},\"potentialAction\":[{\"@type\":\"SearchAction\",\"target\":{\"@type\":\"EntryPoint\",\"urlTemplate\":\"https:\/\/www.csj-emballages.com\/de\/?s={search_term_string}\"},\"query-input\":{\"@type\":\"PropertyValueSpecification\",\"valueRequired\":true,\"valueName\":\"search_term_string\"}}],\"inLanguage\":\"de\"},{\"@type\":\"Organization\",\"@id\":\"https:\/\/www.csj-emballages.com\/de\/#Organization\/\",\"name\":\"CSJ Emballages\",\"url\":\"https:\/\/www.csj-emballages.com\/de\/\",\"logo\":{\"@type\":\"ImageObject\",\"inLanguage\":\"de\",\"@id\":\"https:\/\/www.csj-emballages.com\/de\/#\/schema\/logo\/image\/\",\"url\":\"https:\/\/www.csj-emballages.com\/wp-content\/uploads\/2023\/10\/logo_csj.webp\",\"contentUrl\":\"https:\/\/www.csj-emballages.com\/wp-content\/uploads\/2023\/10\/logo_csj.webp\",\"width\":250,\"height\":95,\"caption\":\"CSJ Emballages\"},\"image\":{\"@id\":\"https:\/\/www.csj-emballages.com\/de\/#\/schema\/logo\/image\/\"},\"sameAs\":[\"https:\/\/www.facebook.com\/csjemballages\"],\"address\":{\"@type\":\"PostalAddress\",\"streetAddress\":\"ZI La Lechere\",\"addressLocality\":\"Patornay\",\"postalCode\":\"39130\",\"addressCountry\":\"FR\"},\"contactPoint\":[{\"@type\":\"ContactPoint\",\"contactType\":\"Service client\",\"telephone\":\"0384254272\",\"email\":\"contact@csj-emballages.com\"}]}]}<\/script>\n<!-- \/ Yoast SEO Premium plugin. -->","yoast_head_json":{"title":"Elfenbeinfarbene 2-lagige Serviette 38 x 38 cm pro 50","description":"Elfenbeinfarbene 2-lagige Servietten 38 x 38 cm pro 50 St\u00fcck: elegant, praktisch und saugf\u00e4hig, ideal f\u00fcr Caterer, Restaurants und private Feiern.","robots":{"index":"index","follow":"follow","max-snippet":"max-snippet:-1","max-image-preview":"max-image-preview:large","max-video-preview":"max-video-preview:-1"},"canonical":"https:\/\/www.csj-emballages.com\/de\/produit\/50-2-lagige-servietten-38-x-38-cm-elfenbeinfarben\/","og_locale":"de_DE","og_type":"article","og_title":"Elfenbeinfarbene 2-lagige Serviette 38 x 38 cm pro 50","og_description":"Elfenbeinfarbene 2-lagige Servietten 38 x 38 cm pro 50 St\u00fcck: elegant, praktisch und saugf\u00e4hig, ideal f\u00fcr Caterer, Restaurants und private Feiern.","og_url":"https:\/\/www.csj-emballages.com\/de\/produit\/50-2-lagige-servietten-38-x-38-cm-elfenbeinfarben\/","og_site_name":"CSJ Emballages","article_publisher":"https:\/\/www.facebook.com\/csjemballages","article_modified_time":"2026-04-22T00:15:31+00:00","og_image":[{"width":800,"height":800,"url":"https:\/\/www.csj-emballages.com\/wp-content\/uploads\/2024\/03\/SR38IVO.webp","type":"image\/webp"}],"twitter_card":"summary_large_image","twitter_misc":{"Gesch\u00e4tzte Lesezeit":"2 Minuten"},"schema":{"@context":"https:\/\/schema.org","@graph":[{"@type":"WebPage","@id":"https:\/\/www.csj-emballages.com\/de\/produit\/50-2-lagige-servietten-38-x-38-cm-elfenbeinfarben\/","url":"https:\/\/www.csj-emballages.com\/de\/produit\/50-2-lagige-servietten-38-x-38-cm-elfenbeinfarben\/","name":"Elfenbeinfarbene 2-lagige Serviette 38 x 38 cm pro 50","isPartOf":{"@id":"https:\/\/www.csj-emballages.com\/de\/#website"},"primaryImageOfPage":{"@id":"https:\/\/www.csj-emballages.com\/de\/produit\/50-2-lagige-servietten-38-x-38-cm-elfenbeinfarben\/#primaryimage"},"image":{"@id":"https:\/\/www.csj-emballages.com\/de\/produit\/50-2-lagige-servietten-38-x-38-cm-elfenbeinfarben\/#primaryimage"},"thumbnailUrl":"https:\/\/www.csj-emballages.com\/wp-content\/uploads\/2024\/03\/SR38IVO.webp","datePublished":"2024-03-01T15:49:00+00:00","dateModified":"2026-04-22T00:15:31+00:00","description":"Elfenbeinfarbene 2-lagige Servietten 38 x 38 cm pro 50 St\u00fcck: elegant, praktisch und saugf\u00e4hig, ideal f\u00fcr Caterer, Restaurants und private Feiern.","breadcrumb":{"@id":"https:\/\/www.csj-emballages.com\/de\/produit\/50-2-lagige-servietten-38-x-38-cm-elfenbeinfarben\/#breadcrumb"},"inLanguage":"de","potentialAction":[{"@type":"ReadAction","target":["https:\/\/www.csj-emballages.com\/de\/produit\/50-2-lagige-servietten-38-x-38-cm-elfenbeinfarben\/"]}]},{"@type":"ImageObject","inLanguage":"de","@id":"https:\/\/www.csj-emballages.com\/de\/produit\/50-2-lagige-servietten-38-x-38-cm-elfenbeinfarben\/#primaryimage","url":"https:\/\/www.csj-emballages.com\/wp-content\/uploads\/2024\/03\/SR38IVO.webp","contentUrl":"https:\/\/www.csj-emballages.com\/wp-content\/uploads\/2024\/03\/SR38IVO.webp","width":800,"height":800,"caption":"Serviette ivoire"},{"@type":"BreadcrumbList","@id":"https:\/\/www.csj-emballages.com\/de\/produit\/50-2-lagige-servietten-38-x-38-cm-elfenbeinfarben\/#breadcrumb","itemListElement":[{"@type":"ListItem","position":1,"name":"Accueil","item":"https:\/\/www.csj-emballages.com\/de\/universum-lebensmittelverpackungen\/"},{"@type":"ListItem","position":2,"name":"Shop","item":"https:\/\/www.csj-emballages.com\/shop\/"},{"@type":"ListItem","position":3,"name":"Elfenbeinfarbene 2-lagige Serviette 38 x 38 cm pro 50"}]},{"@type":"WebSite","@id":"https:\/\/www.csj-emballages.com\/de\/#website","url":"https:\/\/www.csj-emballages.com\/de\/","name":"CSJ Emballages","description":"","publisher":{"@id":"https:\/\/www.csj-emballages.com\/de\/#organization"},"potentialAction":[{"@type":"SearchAction","target":{"@type":"EntryPoint","urlTemplate":"https:\/\/www.csj-emballages.com\/de\/?s={search_term_string}"},"query-input":{"@type":"PropertyValueSpecification","valueRequired":true,"valueName":"search_term_string"}}],"inLanguage":"de"},{"@type":"Organization","@id":"https:\/\/www.csj-emballages.com\/de\/#Organization\/","name":"CSJ Emballages","url":"https:\/\/www.csj-emballages.com\/de\/","logo":{"@type":"ImageObject","inLanguage":"de","@id":"https:\/\/www.csj-emballages.com\/de\/#\/schema\/logo\/image\/","url":"https:\/\/www.csj-emballages.com\/wp-content\/uploads\/2023\/10\/logo_csj.webp","contentUrl":"https:\/\/www.csj-emballages.com\/wp-content\/uploads\/2023\/10\/logo_csj.webp","width":250,"height":95,"caption":"CSJ Emballages"},"image":{"@id":"https:\/\/www.csj-emballages.com\/de\/#\/schema\/logo\/image\/"},"sameAs":["https:\/\/www.facebook.com\/csjemballages"],"address":{"@type":"PostalAddress","streetAddress":"ZI La Lechere","addressLocality":"Patornay","postalCode":"39130","addressCountry":"FR"},"contactPoint":[{"@type":"ContactPoint","contactType":"Service client","telephone":"0384254272","email":"contact@csj-emballages.com"}]}]}},"df_price":1.98,"df_sale_price":"","df_regular_price":1.98,"df_image_link":"https:\/\/www.csj-emballages.com\/wp-content\/uploads\/2024\/03\/SR38IVO-300x300.webp","tiered_pricing_type":"fixed","tiered_pricing_fixed_rules":[],"tiered_pricing_percentage_rules":[],"tiered_pricing_minimum":1,"tiered_pricing_roles_data":[],"_links":{"self":[{"href":"https:\/\/www.csj-emballages.com\/de\/wp-json\/wp\/v2\/product\/17773","targetHints":{"allow":["GET"]}}],"collection":[{"href":"https:\/\/www.csj-emballages.com\/de\/wp-json\/wp\/v2\/product"}],"about":[{"href":"https:\/\/www.csj-emballages.com\/de\/wp-json\/wp\/v2\/types\/product"}],"wp:featuredmedia":[{"embeddable":true,"href":"https:\/\/www.csj-emballages.com\/de\/wp-json\/wp\/v2\/media\/241200"}],"wp:attachment":[{"href":"https:\/\/www.csj-emballages.com\/de\/wp-json\/wp\/v2\/media?parent=17773"}],"wp:term":[{"taxonomy":"product_brand","embeddable":true,"href":"https:\/\/www.csj-emballages.com\/de\/wp-json\/wp\/v2\/product_brand?post=17773"},{"taxonomy":"product_cat","embeddable":true,"href":"https:\/\/www.csj-emballages.com\/de\/wp-json\/wp\/v2\/product_cat?post=17773"},{"taxonomy":"product_tag","embeddable":true,"href":"https:\/\/www.csj-emballages.com\/de\/wp-json\/wp\/v2\/product_tag?post=17773"}],"curies":[{"name":"wp","href":"https:\/\/api.w.org\/{rel}","templated":true}]}}