{"id":17762,"date":"2024-03-01T16:49:03","date_gmt":"2024-03-01T15:49:03","guid":{"rendered":"https:\/\/u15jnbdpoq.preview.infomaniak.website\/produit\/100-beutel-mit-suesswaren-boden-aus-karton-weisse-punkte-100-x-220-mm\/"},"modified":"2026-04-03T02:21:06","modified_gmt":"2026-04-03T00:21:06","slug":"100-beutel-mit-suesswaren-boden-aus-karton-weisse-punkte-100-x-220-mm","status":"publish","type":"product","link":"https:\/\/www.csj-emballages.com\/de\/produit\/100-beutel-mit-suesswaren-boden-aus-karton-weisse-punkte-100-x-220-mm\/","title":{"rendered":"Konfektbeutel Erbsen wei\u00df 100 x 220 mm pro 100"},"content":{"rendered":"<h2 class=\"p1\">S\u00fc\u00dfwarenbeutel<\/h2>\n<hr>\n<h3>Beschreibung von unserem Konfektbeutel Erbsen wei\u00df 100 x 220 mm pro 100<\/h3>\n<p><!--more--><\/p>\n<p data-start=\"0\" data-end=\"547\">Verleihen Sie Ihren s\u00fc\u00dfen Kreationen einen Hauch von Eleganz mit dem <strong data-start=\"103\" data-end=\"149\">Konfektbeutel Wei\u00dfe Punkte 100 x 220 mm.<\/strong> Seine <strong data-start=\"155\" data-end=\"190\">ikonischen und zeitlosen Motive<\/strong> mit <strong>wei\u00dfen Punkten<\/strong> bieten eine raffinierte Pr\u00e4sentation, die Ihre Schokolade, Kekse, Dragees oder Nougat sofort veredelt. Dank seines <strong data-start=\"323\" data-end=\"337\">geformten Bodens<\/strong> hebt dieser <strong>Plastikbeutel<\/strong> jedes Produkt mit einer gepflegten Inszenierung hervor und bleibt dabei praktisch. So gewinnen Sie an Sichtbarkeit und Charme, ein wertvoller Trumpf, mit dem Sie Ihre Kunden schon auf den ersten Blick begeistern k\u00f6nnen.   <\/p>\n<p data-start=\"549\" data-end=\"1019\">Ebenso sorgt der <strong data-start=\"562\" data-end=\"577\">feste Boden<\/strong> f\u00fcr eine ausgezeichnete Stabilit\u00e4t, verhindert das Umkippen und erleichtert das Bef\u00fcllen wie auch die Ausstellung im Schaufenster. Dieses Modell, das fr\u00fcher mit einem <strong>Boden aus Karton<\/strong> konzipiert war, wird nun vollst\u00e4ndig aus <strong data-start=\"788\" data-end=\"805\">Polypropylen<\/strong> hergestellt, wodurch es aus <strong data-start=\"822\" data-end=\"839\">einem einzigen Material<\/strong> besteht und somit zu <strong data-start=\"848\" data-end=\"868\">100 % recycelbar<\/strong> ist. Eine verantwortungsvolle Entscheidung, die voll und ganz den Verpflichtungen des Umweltgesetzbuchs entspricht und bereits die Anforderungen des <strong data-start=\"999\" data-end=\"1016\">Gesetzes AGEC 2025<\/strong> erf\u00fcllt.  <\/p>\n<p data-start=\"1021\" data-end=\"1417\">Ideal f\u00fcr <strong data-start=\"1036\" data-end=\"1115\">Keks- und Schokoladenhersteller, Zuckerb\u00e4cker, Drageehersteller, Nougathersteller oder Konditoren<\/strong>. Dieser <strong>S\u00fc\u00dfwarenbeutel<\/strong> ist selbstverst\u00e4ndlich f\u00fcr <strong data-start=\"1142\" data-end=\"1173\">den Kontakt mit Lebensmitteln geeignet<\/strong> und garantiert, dass der Geschmack und die Frische Ihrer S\u00fc\u00dfigkeiten erhalten bleiben. Sein zeitloses Design in Verbindung mit einer nachhaltigen Gestaltung macht ihn zu einer vielseitigen Verpackung f\u00fcr alle Ihre s\u00fc\u00dfen Kreationen, von den traditionellsten bis zu den innovativsten. <\/p>\n<p data-start=\"1419\" data-end=\"1855\">Wenn Sie sich f\u00fcr diesen <strong data-start=\"1437\" data-end=\"1470\">Beutel mit S\u00fc\u00dfwaren aus wei\u00dfen Erbsen<\/strong> entscheiden, verbinden Sie <strong data-start=\"1484\" data-end=\"1498\">\u00c4sthetik<\/strong>, <strong data-start=\"1500\" data-end=\"1513\">Zweckm\u00e4\u00dfigkeit<\/strong> und <strong data-start=\"1517\" data-end=\"1552\">Umweltverantwortung<\/strong>. Er wird schnell zu einem unverzichtbaren Bestandteil Ihres Verpackungssortiments werden, da er eine hochwertige Pr\u00e4sentation bietet. Schenken Sie Ihren Produkten eine elegante und umweltfreundliche Verpackung, die bereit ist, die Blicke auf sich zu ziehen und Ihr handwerkliches K\u00f6nnen zur Geltung zu bringen.  <\/p>\n<p data-start=\"1419\" data-end=\"1855\">\n<p data-start=\"1367\" data-end=\"1669\"><!--more--><\/p>\n<h4 data-start=\"1367\" data-end=\"1669\">Vorteile :<\/h4>\n<ul>\n<li data-start=\"1367\" data-end=\"1669\"><strong data-start=\"2073\" data-end=\"2091\">Elegantes Design<\/strong>: zeitloses wei\u00dfes Punktemuster, das jede Kreation aufwertet.<\/li>\n<li data-start=\"1367\" data-end=\"1669\"><strong data-start=\"2163\" data-end=\"2187\">Starrer, geformter Boden<\/strong>: bessere Stabilit\u00e4t und leichtes Bef\u00fcllen.<\/li>\n<li data-start=\"1367\" data-end=\"1669\"><strong data-start=\"2237\" data-end=\"2265\">Recycelbares Mono-Material<\/strong>: aus Polypropylen, das dem AGEC 2025-Gesetz entspricht.<\/li>\n<li data-start=\"1367\" data-end=\"1669\"><strong data-start=\"2318\" data-end=\"2349\">Garantierter Lebensmittelkontakt<\/strong>: ideal f\u00fcr S\u00fc\u00dfwaren, Schokolade und Kekse.<\/li>\n<\/ul>\n<p>&nbsp;<\/p>\n<p><!--more--><\/p>\n<h4>Weitere Informationen :<\/h4>\n<ul>\n<li><strong>Verpackung<\/strong>: Packung mit 100 St\u00fcck<\/li>\n<li><strong>Ma\u00dfe<\/strong>: 100 x 220 mm<\/li>\n<li><strong>Farbe<\/strong>: Transparent \/ Wei\u00df<\/li>\n<li><strong>Material<\/strong>: OPP<\/li>\n<li><strong>Dicke<\/strong>: 35 Mikron<\/li>\n<\/ul>\n<p>&nbsp;<\/p>\n<p><!--more--><\/p>\n<p><a href=\"https:\/\/www.csj-emballages.com\/de\/categorie-produit\/lebensmittelverpackungen\/backerei-und-konditorei\/sacke-beutel-und-papier\/beutel-fur-suswaren\/themenbeutel\/klassische-beutel\/\">Sehen Sie sich den Rest unseres Sortiments an klassischen S\u00fc\u00dfwarenbeuteln an<\/a><\/p>\n","protected":false},"excerpt":{"rendered":"<p>S\u00fc\u00dfwarenbeutel Beschreibung von unserem Konfektbeutel Erbsen wei\u00df 100 x 220 mm pro 100<\/p>\n","protected":false},"featured_media":243546,"template":"","meta":{"_acf_changed":false},"product_brand":[],"product_cat":[1137,1171,1678,1692],"product_tag":[],"class_list":{"0":"post-17762","1":"product","2":"type-product","3":"status-publish","4":"has-post-thumbnail","6":"product_cat-lebensmittelverpackungen","7":"product_cat-backerei-und-konditorei","8":"product_cat-beutel-fur-suswaren","9":"product_cat-klassische-beutel","11":"first","12":"instock","13":"taxable","14":"shipping-taxable","15":"purchasable","16":"product-type-simple"},"acf":[],"yoast_head":"<!-- This site is optimized with the Yoast SEO Premium plugin v26.6 (Yoast SEO v26.6) - https:\/\/yoast.com\/wordpress\/plugins\/seo\/ -->\n<title>Konfektbeutel Erbse Wei\u00df 100 x 220 mm pro 100<\/title>\n<meta name=\"description\" content=\"S\u00fc\u00dfwarenbeutel Erbsen wei\u00df 100 x 220 mm: elegant, recycelbar, fester Boden f\u00fcr eine stabile Pr\u00e4sentation und geeignet f\u00fcr den Kontakt mit Lebensmitteln.\" \/>\n<meta name=\"robots\" content=\"index, follow, max-snippet:-1, max-image-preview:large, max-video-preview:-1\" \/>\n<link rel=\"canonical\" href=\"https:\/\/www.csj-emballages.com\/de\/produit\/100-beutel-mit-suesswaren-boden-aus-karton-weisse-punkte-100-x-220-mm\/\" \/>\n<meta property=\"og:locale\" content=\"de_DE\" \/>\n<meta property=\"og:type\" content=\"article\" \/>\n<meta property=\"og:title\" content=\"Konfektbeutel Erbsen wei\u00df 100 x 220 mm pro 100\" \/>\n<meta property=\"og:description\" content=\"S\u00fc\u00dfwarenbeutel Erbsen wei\u00df 100 x 220 mm: elegant, recycelbar, fester Boden f\u00fcr eine stabile Pr\u00e4sentation und geeignet f\u00fcr den Kontakt mit Lebensmitteln.\" \/>\n<meta property=\"og:url\" content=\"https:\/\/www.csj-emballages.com\/de\/produit\/100-beutel-mit-suesswaren-boden-aus-karton-weisse-punkte-100-x-220-mm\/\" \/>\n<meta property=\"og:site_name\" content=\"CSJ Emballages\" \/>\n<meta property=\"article:publisher\" content=\"https:\/\/www.facebook.com\/csjemballages\" \/>\n<meta property=\"article:modified_time\" content=\"2026-04-03T00:21:06+00:00\" \/>\n<meta property=\"og:image\" content=\"https:\/\/www.csj-emballages.com\/wp-content\/uploads\/2024\/03\/SPOISBLANCT1.webp\" \/>\n\t<meta property=\"og:image:width\" content=\"800\" \/>\n\t<meta property=\"og:image:height\" content=\"800\" \/>\n\t<meta property=\"og:image:type\" content=\"image\/webp\" \/>\n<meta name=\"twitter:card\" content=\"summary_large_image\" \/>\n<meta name=\"twitter:label1\" content=\"Gesch\u00e4tzte Lesezeit\" \/>\n\t<meta name=\"twitter:data1\" content=\"2 Minuten\" \/>\n<script type=\"application\/ld+json\" class=\"yoast-schema-graph\">{\"@context\":\"https:\/\/schema.org\",\"@graph\":[{\"@type\":\"WebPage\",\"@id\":\"https:\/\/www.csj-emballages.com\/de\/produit\/100-beutel-mit-suesswaren-boden-aus-karton-weisse-punkte-100-x-220-mm\/\",\"url\":\"https:\/\/www.csj-emballages.com\/de\/produit\/100-beutel-mit-suesswaren-boden-aus-karton-weisse-punkte-100-x-220-mm\/\",\"name\":\"Konfektbeutel Erbse Wei\u00df 100 x 220 mm pro 100\",\"isPartOf\":{\"@id\":\"https:\/\/www.csj-emballages.com\/de\/#website\"},\"primaryImageOfPage\":{\"@id\":\"https:\/\/www.csj-emballages.com\/de\/produit\/100-beutel-mit-suesswaren-boden-aus-karton-weisse-punkte-100-x-220-mm\/#primaryimage\"},\"image\":{\"@id\":\"https:\/\/www.csj-emballages.com\/de\/produit\/100-beutel-mit-suesswaren-boden-aus-karton-weisse-punkte-100-x-220-mm\/#primaryimage\"},\"thumbnailUrl\":\"https:\/\/www.csj-emballages.com\/wp-content\/uploads\/2024\/03\/SPOISBLANCT1.webp\",\"datePublished\":\"2024-03-01T15:49:03+00:00\",\"dateModified\":\"2026-04-03T00:21:06+00:00\",\"description\":\"S\u00fc\u00dfwarenbeutel Erbsen wei\u00df 100 x 220 mm: elegant, recycelbar, fester Boden f\u00fcr eine stabile Pr\u00e4sentation und geeignet f\u00fcr den Kontakt mit Lebensmitteln.\",\"breadcrumb\":{\"@id\":\"https:\/\/www.csj-emballages.com\/de\/produit\/100-beutel-mit-suesswaren-boden-aus-karton-weisse-punkte-100-x-220-mm\/#breadcrumb\"},\"inLanguage\":\"de\",\"potentialAction\":[{\"@type\":\"ReadAction\",\"target\":[\"https:\/\/www.csj-emballages.com\/de\/produit\/100-beutel-mit-suesswaren-boden-aus-karton-weisse-punkte-100-x-220-mm\/\"]}]},{\"@type\":\"ImageObject\",\"inLanguage\":\"de\",\"@id\":\"https:\/\/www.csj-emballages.com\/de\/produit\/100-beutel-mit-suesswaren-boden-aus-karton-weisse-punkte-100-x-220-mm\/#primaryimage\",\"url\":\"https:\/\/www.csj-emballages.com\/wp-content\/uploads\/2024\/03\/SPOISBLANCT1.webp\",\"contentUrl\":\"https:\/\/www.csj-emballages.com\/wp-content\/uploads\/2024\/03\/SPOISBLANCT1.webp\",\"width\":800,\"height\":800,\"caption\":\"Sachet confiseries\"},{\"@type\":\"BreadcrumbList\",\"@id\":\"https:\/\/www.csj-emballages.com\/de\/produit\/100-beutel-mit-suesswaren-boden-aus-karton-weisse-punkte-100-x-220-mm\/#breadcrumb\",\"itemListElement\":[{\"@type\":\"ListItem\",\"position\":1,\"name\":\"Accueil\",\"item\":\"https:\/\/www.csj-emballages.com\/de\/universum-lebensmittelverpackungen\/\"},{\"@type\":\"ListItem\",\"position\":2,\"name\":\"Shop\",\"item\":\"https:\/\/www.csj-emballages.com\/shop\/\"},{\"@type\":\"ListItem\",\"position\":3,\"name\":\"Konfektbeutel Erbsen wei\u00df 100 x 220 mm pro 100\"}]},{\"@type\":\"WebSite\",\"@id\":\"https:\/\/www.csj-emballages.com\/de\/#website\",\"url\":\"https:\/\/www.csj-emballages.com\/de\/\",\"name\":\"CSJ Emballages\",\"description\":\"\",\"publisher\":{\"@id\":\"https:\/\/www.csj-emballages.com\/de\/#organization\"},\"potentialAction\":[{\"@type\":\"SearchAction\",\"target\":{\"@type\":\"EntryPoint\",\"urlTemplate\":\"https:\/\/www.csj-emballages.com\/de\/?s={search_term_string}\"},\"query-input\":{\"@type\":\"PropertyValueSpecification\",\"valueRequired\":true,\"valueName\":\"search_term_string\"}}],\"inLanguage\":\"de\"},{\"@type\":\"Organization\",\"@id\":\"https:\/\/www.csj-emballages.com\/de\/#Organization\/\",\"name\":\"CSJ Emballages\",\"url\":\"https:\/\/www.csj-emballages.com\/de\/\",\"logo\":{\"@type\":\"ImageObject\",\"inLanguage\":\"de\",\"@id\":\"https:\/\/www.csj-emballages.com\/de\/#\/schema\/logo\/image\/\",\"url\":\"https:\/\/www.csj-emballages.com\/wp-content\/uploads\/2023\/10\/logo_csj.webp\",\"contentUrl\":\"https:\/\/www.csj-emballages.com\/wp-content\/uploads\/2023\/10\/logo_csj.webp\",\"width\":250,\"height\":95,\"caption\":\"CSJ Emballages\"},\"image\":{\"@id\":\"https:\/\/www.csj-emballages.com\/de\/#\/schema\/logo\/image\/\"},\"sameAs\":[\"https:\/\/www.facebook.com\/csjemballages\"],\"address\":{\"@type\":\"PostalAddress\",\"streetAddress\":\"ZI La Lechere\",\"addressLocality\":\"Patornay\",\"postalCode\":\"39130\",\"addressCountry\":\"FR\"},\"contactPoint\":[{\"@type\":\"ContactPoint\",\"contactType\":\"Service client\",\"telephone\":\"0384254272\",\"email\":\"contact@csj-emballages.com\"}]}]}<\/script>\n<!-- \/ Yoast SEO Premium plugin. -->","yoast_head_json":{"title":"Konfektbeutel Erbse Wei\u00df 100 x 220 mm pro 100","description":"S\u00fc\u00dfwarenbeutel Erbsen wei\u00df 100 x 220 mm: elegant, recycelbar, fester Boden f\u00fcr eine stabile Pr\u00e4sentation und geeignet f\u00fcr den Kontakt mit Lebensmitteln.","robots":{"index":"index","follow":"follow","max-snippet":"max-snippet:-1","max-image-preview":"max-image-preview:large","max-video-preview":"max-video-preview:-1"},"canonical":"https:\/\/www.csj-emballages.com\/de\/produit\/100-beutel-mit-suesswaren-boden-aus-karton-weisse-punkte-100-x-220-mm\/","og_locale":"de_DE","og_type":"article","og_title":"Konfektbeutel Erbsen wei\u00df 100 x 220 mm pro 100","og_description":"S\u00fc\u00dfwarenbeutel Erbsen wei\u00df 100 x 220 mm: elegant, recycelbar, fester Boden f\u00fcr eine stabile Pr\u00e4sentation und geeignet f\u00fcr den Kontakt mit Lebensmitteln.","og_url":"https:\/\/www.csj-emballages.com\/de\/produit\/100-beutel-mit-suesswaren-boden-aus-karton-weisse-punkte-100-x-220-mm\/","og_site_name":"CSJ Emballages","article_publisher":"https:\/\/www.facebook.com\/csjemballages","article_modified_time":"2026-04-03T00:21:06+00:00","og_image":[{"width":800,"height":800,"url":"https:\/\/www.csj-emballages.com\/wp-content\/uploads\/2024\/03\/SPOISBLANCT1.webp","type":"image\/webp"}],"twitter_card":"summary_large_image","twitter_misc":{"Gesch\u00e4tzte Lesezeit":"2 Minuten"},"schema":{"@context":"https:\/\/schema.org","@graph":[{"@type":"WebPage","@id":"https:\/\/www.csj-emballages.com\/de\/produit\/100-beutel-mit-suesswaren-boden-aus-karton-weisse-punkte-100-x-220-mm\/","url":"https:\/\/www.csj-emballages.com\/de\/produit\/100-beutel-mit-suesswaren-boden-aus-karton-weisse-punkte-100-x-220-mm\/","name":"Konfektbeutel Erbse Wei\u00df 100 x 220 mm pro 100","isPartOf":{"@id":"https:\/\/www.csj-emballages.com\/de\/#website"},"primaryImageOfPage":{"@id":"https:\/\/www.csj-emballages.com\/de\/produit\/100-beutel-mit-suesswaren-boden-aus-karton-weisse-punkte-100-x-220-mm\/#primaryimage"},"image":{"@id":"https:\/\/www.csj-emballages.com\/de\/produit\/100-beutel-mit-suesswaren-boden-aus-karton-weisse-punkte-100-x-220-mm\/#primaryimage"},"thumbnailUrl":"https:\/\/www.csj-emballages.com\/wp-content\/uploads\/2024\/03\/SPOISBLANCT1.webp","datePublished":"2024-03-01T15:49:03+00:00","dateModified":"2026-04-03T00:21:06+00:00","description":"S\u00fc\u00dfwarenbeutel Erbsen wei\u00df 100 x 220 mm: elegant, recycelbar, fester Boden f\u00fcr eine stabile Pr\u00e4sentation und geeignet f\u00fcr den Kontakt mit Lebensmitteln.","breadcrumb":{"@id":"https:\/\/www.csj-emballages.com\/de\/produit\/100-beutel-mit-suesswaren-boden-aus-karton-weisse-punkte-100-x-220-mm\/#breadcrumb"},"inLanguage":"de","potentialAction":[{"@type":"ReadAction","target":["https:\/\/www.csj-emballages.com\/de\/produit\/100-beutel-mit-suesswaren-boden-aus-karton-weisse-punkte-100-x-220-mm\/"]}]},{"@type":"ImageObject","inLanguage":"de","@id":"https:\/\/www.csj-emballages.com\/de\/produit\/100-beutel-mit-suesswaren-boden-aus-karton-weisse-punkte-100-x-220-mm\/#primaryimage","url":"https:\/\/www.csj-emballages.com\/wp-content\/uploads\/2024\/03\/SPOISBLANCT1.webp","contentUrl":"https:\/\/www.csj-emballages.com\/wp-content\/uploads\/2024\/03\/SPOISBLANCT1.webp","width":800,"height":800,"caption":"Sachet confiseries"},{"@type":"BreadcrumbList","@id":"https:\/\/www.csj-emballages.com\/de\/produit\/100-beutel-mit-suesswaren-boden-aus-karton-weisse-punkte-100-x-220-mm\/#breadcrumb","itemListElement":[{"@type":"ListItem","position":1,"name":"Accueil","item":"https:\/\/www.csj-emballages.com\/de\/universum-lebensmittelverpackungen\/"},{"@type":"ListItem","position":2,"name":"Shop","item":"https:\/\/www.csj-emballages.com\/shop\/"},{"@type":"ListItem","position":3,"name":"Konfektbeutel Erbsen wei\u00df 100 x 220 mm pro 100"}]},{"@type":"WebSite","@id":"https:\/\/www.csj-emballages.com\/de\/#website","url":"https:\/\/www.csj-emballages.com\/de\/","name":"CSJ Emballages","description":"","publisher":{"@id":"https:\/\/www.csj-emballages.com\/de\/#organization"},"potentialAction":[{"@type":"SearchAction","target":{"@type":"EntryPoint","urlTemplate":"https:\/\/www.csj-emballages.com\/de\/?s={search_term_string}"},"query-input":{"@type":"PropertyValueSpecification","valueRequired":true,"valueName":"search_term_string"}}],"inLanguage":"de"},{"@type":"Organization","@id":"https:\/\/www.csj-emballages.com\/de\/#Organization\/","name":"CSJ Emballages","url":"https:\/\/www.csj-emballages.com\/de\/","logo":{"@type":"ImageObject","inLanguage":"de","@id":"https:\/\/www.csj-emballages.com\/de\/#\/schema\/logo\/image\/","url":"https:\/\/www.csj-emballages.com\/wp-content\/uploads\/2023\/10\/logo_csj.webp","contentUrl":"https:\/\/www.csj-emballages.com\/wp-content\/uploads\/2023\/10\/logo_csj.webp","width":250,"height":95,"caption":"CSJ Emballages"},"image":{"@id":"https:\/\/www.csj-emballages.com\/de\/#\/schema\/logo\/image\/"},"sameAs":["https:\/\/www.facebook.com\/csjemballages"],"address":{"@type":"PostalAddress","streetAddress":"ZI La Lechere","addressLocality":"Patornay","postalCode":"39130","addressCountry":"FR"},"contactPoint":[{"@type":"ContactPoint","contactType":"Service client","telephone":"0384254272","email":"contact@csj-emballages.com"}]}]}},"df_price":14.78,"df_sale_price":"","df_regular_price":14.78,"df_image_link":"https:\/\/www.csj-emballages.com\/wp-content\/uploads\/2024\/03\/SPOISBLANCT1-300x300.webp","tiered_pricing_type":"fixed","tiered_pricing_fixed_rules":[],"tiered_pricing_percentage_rules":[],"tiered_pricing_minimum":1,"tiered_pricing_roles_data":[],"_links":{"self":[{"href":"https:\/\/www.csj-emballages.com\/de\/wp-json\/wp\/v2\/product\/17762","targetHints":{"allow":["GET"]}}],"collection":[{"href":"https:\/\/www.csj-emballages.com\/de\/wp-json\/wp\/v2\/product"}],"about":[{"href":"https:\/\/www.csj-emballages.com\/de\/wp-json\/wp\/v2\/types\/product"}],"wp:featuredmedia":[{"embeddable":true,"href":"https:\/\/www.csj-emballages.com\/de\/wp-json\/wp\/v2\/media\/243546"}],"wp:attachment":[{"href":"https:\/\/www.csj-emballages.com\/de\/wp-json\/wp\/v2\/media?parent=17762"}],"wp:term":[{"taxonomy":"product_brand","embeddable":true,"href":"https:\/\/www.csj-emballages.com\/de\/wp-json\/wp\/v2\/product_brand?post=17762"},{"taxonomy":"product_cat","embeddable":true,"href":"https:\/\/www.csj-emballages.com\/de\/wp-json\/wp\/v2\/product_cat?post=17762"},{"taxonomy":"product_tag","embeddable":true,"href":"https:\/\/www.csj-emballages.com\/de\/wp-json\/wp\/v2\/product_tag?post=17762"}],"curies":[{"name":"wp","href":"https:\/\/api.w.org\/{rel}","templated":true}]}}