{"id":17755,"date":"2024-03-01T16:49:02","date_gmt":"2024-03-01T15:49:02","guid":{"rendered":"https:\/\/u15jnbdpoq.preview.infomaniak.website\/produit\/100-weisse-einwegservietten-aus-papier-2-lagig-30-x-30-cm\/"},"modified":"2026-05-01T02:15:04","modified_gmt":"2026-05-01T00:15:04","slug":"100-weisse-einwegservietten-aus-papier-2-lagig-30-x-30-cm","status":"publish","type":"product","link":"https:\/\/www.csj-emballages.com\/de\/produit\/100-weisse-einwegservietten-aus-papier-2-lagig-30-x-30-cm\/","title":{"rendered":"100 wei\u00dfe Einwegservietten aus Papier, 2-lagig, 30 x 30 cm"},"content":{"rendered":"<h2><span>Einmal-Papierhandt\u00fccher aus reiner Watte, 2-lagig, wei\u00df, 30 x 30 cm<\/span><\/h2>\n<p><span>&nbsp;<\/span><\/p>\n<p><span>Beschreibung<\/span><\/p>\n<p><span>&nbsp;<\/span><\/p>\n<p><span>Entdecken Sie unsere 100 Einweghandt\u00fccher 2-lagig wei\u00df<\/span><\/p>\n<p><span>&nbsp;<\/span><\/p>\n<p><span>Einweg-Papierservietten aus reiner, wei\u00dfer, 2-lagiger Watte sind vor allem f\u00fcr die Gastronomie bestimmt, sei es f\u00fcr Schnellrestaurants, Vereine oder Cateringunternehmen,  <\/span><\/p>\n<p><span>Privatperson oder andere<\/span><\/p>\n<p><span>Sie werden f\u00fcr festliche Anl\u00e4sse wie Picknicks, Partys, Hochzeiten, Familien- oder Freundschaftsessen verwendet.<\/span><\/p>\n<p><span>Papierservietten werden wegen ihrer doppelten Faltung gew\u00e4hlt, die es ihnen erm\u00f6glicht, Flecken w\u00e4hrend der gesamten Mahlzeit zu absorbieren.<\/span><\/p>\n<p style=\"tab-stops:left 274.4pt;\"><span>100% lebensmittelecht,<span style=\"\">auch in 1-facher<\/span> Ausf\u00fchrung erh\u00e4ltlich.<\/span><\/p>\n<p><span>&nbsp;<\/span><\/p>\n<p><span>Eigenschaften der Papierservietten aus reiner Watte<\/span><\/p>\n<p><span>&nbsp;<\/span><\/p>\n<p><span>-Verkauft an Privatpersonen \/ Fachleute<\/span><\/p>\n<p><span>Abmessungen: 30 x 30 cm<\/span><\/p>\n<p><span>Verpackung: Packung mit 100 Papierhandt\u00fcchern<\/span><\/p>\n<p><span>f\u00fcr eine bessere Lagerung in Schutzfolie verpackt.<\/span><\/p>\n<p><span>&nbsp;<\/span><\/p>\n<p><span>Material: Papier aus reiner Watte<\/span><\/p>\n<p><span>&nbsp;<\/span><\/p>\n<h2><span>Entscheiden Sie sich f\u00fcr 2-lagige wei\u00dfe Einmalhandt\u00fccher<\/span><\/h2>\n","protected":false},"excerpt":{"rendered":"<p>Einmal-Papierhandt\u00fccher aus reiner Watte, 2-lagig, wei\u00df, 30 x 30 cm &nbsp; Beschreibung &nbsp; Entdecken Sie unsere 100 Einweghandt\u00fccher 2-lagig wei\u00df &nbsp; Einweg-Papierservietten aus reiner, wei\u00dfer, 2-lagiger Watte sind vor allem f\u00fcr die Gastronomie bestimmt, sei es f\u00fcr Schnellrestaurants, Vereine oder Cateringunternehmen, Privatperson oder andere Sie werden f\u00fcr festliche Anl\u00e4sse wie Picknicks, Partys, Hochzeiten, Familien- oder [&hellip;]<\/p>\n","protected":false},"featured_media":202453,"template":"","meta":{"_acf_changed":false},"product_brand":[],"product_cat":[1137,1134,1135,1251,1653],"product_tag":[],"class_list":{"0":"post-17755","1":"product","2":"type-product","3":"status-publish","4":"has-post-thumbnail","6":"product_cat-lebensmittelverpackungen","7":"product_cat-restauration-de","8":"product_cat-servietten-tischsets-tischdecken","9":"product_cat-handtucher","10":"product_cat-2-lagige-servietten","12":"first","13":"instock","14":"taxable","15":"shipping-taxable","16":"purchasable","17":"product-type-simple"},"acf":[],"yoast_head":"<!-- This site is optimized with the Yoast SEO Premium plugin v26.6 (Yoast SEO v26.6) - https:\/\/yoast.com\/wordpress\/plugins\/seo\/ -->\n<title>100 Wei\u00dfe Einwegservietten aus Papier 30 x 30 cm 2-lagig aus reiner Watte \/ csj-emballages.com<\/title>\n<meta name=\"description\" content=\"Kaufen Sie 2-lagige Papierservietten! Gr\u00f6\u00dfe: 300 x 300 mm! Wir bieten Ihnen eine Packung mit 100 Einweg-Papierhandt\u00fcchern g\u00fcnstig und zu DISCOUNT-Preisen an.\" \/>\n<meta name=\"robots\" content=\"index, follow, max-snippet:-1, max-image-preview:large, max-video-preview:-1\" \/>\n<link rel=\"canonical\" href=\"https:\/\/www.csj-emballages.com\/de\/produit\/100-weisse-einwegservietten-aus-papier-2-lagig-30-x-30-cm\/\" \/>\n<meta property=\"og:locale\" content=\"de_DE\" \/>\n<meta property=\"og:type\" content=\"article\" \/>\n<meta property=\"og:title\" content=\"100 wei\u00dfe Einwegservietten aus Papier, 2-lagig, 30 x 30 cm\" \/>\n<meta property=\"og:description\" content=\"Kaufen Sie 2-lagige Papierservietten! Gr\u00f6\u00dfe: 300 x 300 mm! Wir bieten Ihnen eine Packung mit 100 Einweg-Papierhandt\u00fcchern g\u00fcnstig und zu DISCOUNT-Preisen an.\" \/>\n<meta property=\"og:url\" content=\"https:\/\/www.csj-emballages.com\/de\/produit\/100-weisse-einwegservietten-aus-papier-2-lagig-30-x-30-cm\/\" \/>\n<meta property=\"og:site_name\" content=\"CSJ Emballages\" \/>\n<meta property=\"article:publisher\" content=\"https:\/\/www.facebook.com\/csjemballages\" \/>\n<meta property=\"article:modified_time\" content=\"2026-05-01T00:15:04+00:00\" \/>\n<meta property=\"og:image\" content=\"https:\/\/www.csj-emballages.com\/wp-content\/uploads\/2024\/03\/SR302AL.webp\" \/>\n\t<meta property=\"og:image:width\" content=\"800\" \/>\n\t<meta property=\"og:image:height\" content=\"800\" \/>\n\t<meta property=\"og:image:type\" content=\"image\/webp\" \/>\n<meta name=\"twitter:card\" content=\"summary_large_image\" \/>\n<meta name=\"twitter:label1\" content=\"Gesch\u00e4tzte Lesezeit\" \/>\n\t<meta name=\"twitter:data1\" content=\"1\u00a0Minute\" \/>\n<script type=\"application\/ld+json\" class=\"yoast-schema-graph\">{\"@context\":\"https:\/\/schema.org\",\"@graph\":[{\"@type\":\"WebPage\",\"@id\":\"https:\/\/www.csj-emballages.com\/de\/produit\/100-weisse-einwegservietten-aus-papier-2-lagig-30-x-30-cm\/\",\"url\":\"https:\/\/www.csj-emballages.com\/de\/produit\/100-weisse-einwegservietten-aus-papier-2-lagig-30-x-30-cm\/\",\"name\":\"100 Wei\u00dfe Einwegservietten aus Papier 30 x 30 cm 2-lagig aus reiner Watte \/ csj-emballages.com\",\"isPartOf\":{\"@id\":\"https:\/\/www.csj-emballages.com\/de\/#website\"},\"primaryImageOfPage\":{\"@id\":\"https:\/\/www.csj-emballages.com\/de\/produit\/100-weisse-einwegservietten-aus-papier-2-lagig-30-x-30-cm\/#primaryimage\"},\"image\":{\"@id\":\"https:\/\/www.csj-emballages.com\/de\/produit\/100-weisse-einwegservietten-aus-papier-2-lagig-30-x-30-cm\/#primaryimage\"},\"thumbnailUrl\":\"https:\/\/www.csj-emballages.com\/wp-content\/uploads\/2024\/03\/SR302AL.webp\",\"datePublished\":\"2024-03-01T15:49:02+00:00\",\"dateModified\":\"2026-05-01T00:15:04+00:00\",\"description\":\"Kaufen Sie 2-lagige Papierservietten! Gr\u00f6\u00dfe: 300 x 300 mm! Wir bieten Ihnen eine Packung mit 100 Einweg-Papierhandt\u00fcchern g\u00fcnstig und zu DISCOUNT-Preisen an.\",\"breadcrumb\":{\"@id\":\"https:\/\/www.csj-emballages.com\/de\/produit\/100-weisse-einwegservietten-aus-papier-2-lagig-30-x-30-cm\/#breadcrumb\"},\"inLanguage\":\"de\",\"potentialAction\":[{\"@type\":\"ReadAction\",\"target\":[\"https:\/\/www.csj-emballages.com\/de\/produit\/100-weisse-einwegservietten-aus-papier-2-lagig-30-x-30-cm\/\"]}]},{\"@type\":\"ImageObject\",\"inLanguage\":\"de\",\"@id\":\"https:\/\/www.csj-emballages.com\/de\/produit\/100-weisse-einwegservietten-aus-papier-2-lagig-30-x-30-cm\/#primaryimage\",\"url\":\"https:\/\/www.csj-emballages.com\/wp-content\/uploads\/2024\/03\/SR302AL.webp\",\"contentUrl\":\"https:\/\/www.csj-emballages.com\/wp-content\/uploads\/2024\/03\/SR302AL.webp\",\"width\":800,\"height\":800,\"caption\":\"serviette blanche\"},{\"@type\":\"BreadcrumbList\",\"@id\":\"https:\/\/www.csj-emballages.com\/de\/produit\/100-weisse-einwegservietten-aus-papier-2-lagig-30-x-30-cm\/#breadcrumb\",\"itemListElement\":[{\"@type\":\"ListItem\",\"position\":1,\"name\":\"Accueil\",\"item\":\"https:\/\/www.csj-emballages.com\/de\/universum-lebensmittelverpackungen\/\"},{\"@type\":\"ListItem\",\"position\":2,\"name\":\"Shop\",\"item\":\"https:\/\/www.csj-emballages.com\/shop\/\"},{\"@type\":\"ListItem\",\"position\":3,\"name\":\"100 wei\u00dfe Einwegservietten aus Papier, 2-lagig, 30 x 30 cm\"}]},{\"@type\":\"WebSite\",\"@id\":\"https:\/\/www.csj-emballages.com\/de\/#website\",\"url\":\"https:\/\/www.csj-emballages.com\/de\/\",\"name\":\"CSJ Emballages\",\"description\":\"\",\"publisher\":{\"@id\":\"https:\/\/www.csj-emballages.com\/de\/#organization\"},\"potentialAction\":[{\"@type\":\"SearchAction\",\"target\":{\"@type\":\"EntryPoint\",\"urlTemplate\":\"https:\/\/www.csj-emballages.com\/de\/?s={search_term_string}\"},\"query-input\":{\"@type\":\"PropertyValueSpecification\",\"valueRequired\":true,\"valueName\":\"search_term_string\"}}],\"inLanguage\":\"de\"},{\"@type\":\"Organization\",\"@id\":\"https:\/\/www.csj-emballages.com\/de\/#Organization\/\",\"name\":\"CSJ Emballages\",\"url\":\"https:\/\/www.csj-emballages.com\/de\/\",\"logo\":{\"@type\":\"ImageObject\",\"inLanguage\":\"de\",\"@id\":\"https:\/\/www.csj-emballages.com\/de\/#\/schema\/logo\/image\/\",\"url\":\"https:\/\/www.csj-emballages.com\/wp-content\/uploads\/2023\/10\/logo_csj.webp\",\"contentUrl\":\"https:\/\/www.csj-emballages.com\/wp-content\/uploads\/2023\/10\/logo_csj.webp\",\"width\":250,\"height\":95,\"caption\":\"CSJ Emballages\"},\"image\":{\"@id\":\"https:\/\/www.csj-emballages.com\/de\/#\/schema\/logo\/image\/\"},\"sameAs\":[\"https:\/\/www.facebook.com\/csjemballages\"],\"address\":{\"@type\":\"PostalAddress\",\"streetAddress\":\"ZI La Lechere\",\"addressLocality\":\"Patornay\",\"postalCode\":\"39130\",\"addressCountry\":\"FR\"},\"contactPoint\":[{\"@type\":\"ContactPoint\",\"contactType\":\"Service client\",\"telephone\":\"0384254272\",\"email\":\"contact@csj-emballages.com\"}]}]}<\/script>\n<!-- \/ Yoast SEO Premium plugin. -->","yoast_head_json":{"title":"100 Wei\u00dfe Einwegservietten aus Papier 30 x 30 cm 2-lagig aus reiner Watte \/ csj-emballages.com","description":"Kaufen Sie 2-lagige Papierservietten! Gr\u00f6\u00dfe: 300 x 300 mm! Wir bieten Ihnen eine Packung mit 100 Einweg-Papierhandt\u00fcchern g\u00fcnstig und zu DISCOUNT-Preisen an.","robots":{"index":"index","follow":"follow","max-snippet":"max-snippet:-1","max-image-preview":"max-image-preview:large","max-video-preview":"max-video-preview:-1"},"canonical":"https:\/\/www.csj-emballages.com\/de\/produit\/100-weisse-einwegservietten-aus-papier-2-lagig-30-x-30-cm\/","og_locale":"de_DE","og_type":"article","og_title":"100 wei\u00dfe Einwegservietten aus Papier, 2-lagig, 30 x 30 cm","og_description":"Kaufen Sie 2-lagige Papierservietten! Gr\u00f6\u00dfe: 300 x 300 mm! Wir bieten Ihnen eine Packung mit 100 Einweg-Papierhandt\u00fcchern g\u00fcnstig und zu DISCOUNT-Preisen an.","og_url":"https:\/\/www.csj-emballages.com\/de\/produit\/100-weisse-einwegservietten-aus-papier-2-lagig-30-x-30-cm\/","og_site_name":"CSJ Emballages","article_publisher":"https:\/\/www.facebook.com\/csjemballages","article_modified_time":"2026-05-01T00:15:04+00:00","og_image":[{"width":800,"height":800,"url":"https:\/\/www.csj-emballages.com\/wp-content\/uploads\/2024\/03\/SR302AL.webp","type":"image\/webp"}],"twitter_card":"summary_large_image","twitter_misc":{"Gesch\u00e4tzte Lesezeit":"1\u00a0Minute"},"schema":{"@context":"https:\/\/schema.org","@graph":[{"@type":"WebPage","@id":"https:\/\/www.csj-emballages.com\/de\/produit\/100-weisse-einwegservietten-aus-papier-2-lagig-30-x-30-cm\/","url":"https:\/\/www.csj-emballages.com\/de\/produit\/100-weisse-einwegservietten-aus-papier-2-lagig-30-x-30-cm\/","name":"100 Wei\u00dfe Einwegservietten aus Papier 30 x 30 cm 2-lagig aus reiner Watte \/ csj-emballages.com","isPartOf":{"@id":"https:\/\/www.csj-emballages.com\/de\/#website"},"primaryImageOfPage":{"@id":"https:\/\/www.csj-emballages.com\/de\/produit\/100-weisse-einwegservietten-aus-papier-2-lagig-30-x-30-cm\/#primaryimage"},"image":{"@id":"https:\/\/www.csj-emballages.com\/de\/produit\/100-weisse-einwegservietten-aus-papier-2-lagig-30-x-30-cm\/#primaryimage"},"thumbnailUrl":"https:\/\/www.csj-emballages.com\/wp-content\/uploads\/2024\/03\/SR302AL.webp","datePublished":"2024-03-01T15:49:02+00:00","dateModified":"2026-05-01T00:15:04+00:00","description":"Kaufen Sie 2-lagige Papierservietten! Gr\u00f6\u00dfe: 300 x 300 mm! Wir bieten Ihnen eine Packung mit 100 Einweg-Papierhandt\u00fcchern g\u00fcnstig und zu DISCOUNT-Preisen an.","breadcrumb":{"@id":"https:\/\/www.csj-emballages.com\/de\/produit\/100-weisse-einwegservietten-aus-papier-2-lagig-30-x-30-cm\/#breadcrumb"},"inLanguage":"de","potentialAction":[{"@type":"ReadAction","target":["https:\/\/www.csj-emballages.com\/de\/produit\/100-weisse-einwegservietten-aus-papier-2-lagig-30-x-30-cm\/"]}]},{"@type":"ImageObject","inLanguage":"de","@id":"https:\/\/www.csj-emballages.com\/de\/produit\/100-weisse-einwegservietten-aus-papier-2-lagig-30-x-30-cm\/#primaryimage","url":"https:\/\/www.csj-emballages.com\/wp-content\/uploads\/2024\/03\/SR302AL.webp","contentUrl":"https:\/\/www.csj-emballages.com\/wp-content\/uploads\/2024\/03\/SR302AL.webp","width":800,"height":800,"caption":"serviette blanche"},{"@type":"BreadcrumbList","@id":"https:\/\/www.csj-emballages.com\/de\/produit\/100-weisse-einwegservietten-aus-papier-2-lagig-30-x-30-cm\/#breadcrumb","itemListElement":[{"@type":"ListItem","position":1,"name":"Accueil","item":"https:\/\/www.csj-emballages.com\/de\/universum-lebensmittelverpackungen\/"},{"@type":"ListItem","position":2,"name":"Shop","item":"https:\/\/www.csj-emballages.com\/shop\/"},{"@type":"ListItem","position":3,"name":"100 wei\u00dfe Einwegservietten aus Papier, 2-lagig, 30 x 30 cm"}]},{"@type":"WebSite","@id":"https:\/\/www.csj-emballages.com\/de\/#website","url":"https:\/\/www.csj-emballages.com\/de\/","name":"CSJ Emballages","description":"","publisher":{"@id":"https:\/\/www.csj-emballages.com\/de\/#organization"},"potentialAction":[{"@type":"SearchAction","target":{"@type":"EntryPoint","urlTemplate":"https:\/\/www.csj-emballages.com\/de\/?s={search_term_string}"},"query-input":{"@type":"PropertyValueSpecification","valueRequired":true,"valueName":"search_term_string"}}],"inLanguage":"de"},{"@type":"Organization","@id":"https:\/\/www.csj-emballages.com\/de\/#Organization\/","name":"CSJ Emballages","url":"https:\/\/www.csj-emballages.com\/de\/","logo":{"@type":"ImageObject","inLanguage":"de","@id":"https:\/\/www.csj-emballages.com\/de\/#\/schema\/logo\/image\/","url":"https:\/\/www.csj-emballages.com\/wp-content\/uploads\/2023\/10\/logo_csj.webp","contentUrl":"https:\/\/www.csj-emballages.com\/wp-content\/uploads\/2023\/10\/logo_csj.webp","width":250,"height":95,"caption":"CSJ Emballages"},"image":{"@id":"https:\/\/www.csj-emballages.com\/de\/#\/schema\/logo\/image\/"},"sameAs":["https:\/\/www.facebook.com\/csjemballages"],"address":{"@type":"PostalAddress","streetAddress":"ZI La Lechere","addressLocality":"Patornay","postalCode":"39130","addressCountry":"FR"},"contactPoint":[{"@type":"ContactPoint","contactType":"Service client","telephone":"0384254272","email":"contact@csj-emballages.com"}]}]}},"df_price":1.45,"df_sale_price":"","df_regular_price":1.45,"df_image_link":"https:\/\/www.csj-emballages.com\/wp-content\/uploads\/2024\/03\/SR302AL-300x300.webp","tiered_pricing_type":"fixed","tiered_pricing_fixed_rules":[],"tiered_pricing_percentage_rules":[],"tiered_pricing_minimum":1,"tiered_pricing_roles_data":[],"_links":{"self":[{"href":"https:\/\/www.csj-emballages.com\/de\/wp-json\/wp\/v2\/product\/17755","targetHints":{"allow":["GET"]}}],"collection":[{"href":"https:\/\/www.csj-emballages.com\/de\/wp-json\/wp\/v2\/product"}],"about":[{"href":"https:\/\/www.csj-emballages.com\/de\/wp-json\/wp\/v2\/types\/product"}],"wp:featuredmedia":[{"embeddable":true,"href":"https:\/\/www.csj-emballages.com\/de\/wp-json\/wp\/v2\/media\/202453"}],"wp:attachment":[{"href":"https:\/\/www.csj-emballages.com\/de\/wp-json\/wp\/v2\/media?parent=17755"}],"wp:term":[{"taxonomy":"product_brand","embeddable":true,"href":"https:\/\/www.csj-emballages.com\/de\/wp-json\/wp\/v2\/product_brand?post=17755"},{"taxonomy":"product_cat","embeddable":true,"href":"https:\/\/www.csj-emballages.com\/de\/wp-json\/wp\/v2\/product_cat?post=17755"},{"taxonomy":"product_tag","embeddable":true,"href":"https:\/\/www.csj-emballages.com\/de\/wp-json\/wp\/v2\/product_tag?post=17755"}],"curies":[{"name":"wp","href":"https:\/\/api.w.org\/{rel}","templated":true}]}}